{"id":54695,"date":"2024-05-21T16:53:02","date_gmt":"2024-05-21T13:53:02","guid":{"rendered":"https:\/\/gohike.lv\/produkts\/due-cigni-saliekamais-zagis-130mm\/"},"modified":"2026-03-05T20:16:42","modified_gmt":"2026-03-05T17:16:42","slug":"due-cigni-saliekamais-zagis-130mm","status":"publish","type":"product","link":"https:\/\/gohike.lv\/ru\/produkts\/due-cigni-saliekamais-zagis-130mm\/","title":{"rendered":"Due Cigni &#8212; Saliekamais z\u0101\u0123is 130mm"},"content":{"rendered":"<p>Atv\u0113rt\u0101 z\u0101\u0123\u012b ir divas poz\u012bcijas, kas \u013cauj str\u0101d\u0101t ar to \u0113rt\u0101k.<br \/>\n\u012apa\u0161\u012bbas:<br \/>\nAsmens stils: z\u0101\u0123is;<br \/>\nAsmens garums: 130 mm;<br \/>\nTPR rokturis;<br \/>\nKabatas saspraude;<br \/>\nAr blo\u0137\u0113\u0161anas funkciju;<br \/>\nRokas orient\u0101cija: pa kreisi un pa labi;<br \/>\nAsmens materi\u0101ls: oglek\u013ca t\u0113rauds SK-5;<br \/>\nCiet\u012bba p\u0113c Rokvela skalas: HRC65;<br \/>\nRa\u017eots It\u0101lij\u0101.<\/p>\n","protected":false},"excerpt":{"rendered":"<p>DUE CIGNI ir augstas kvalit\u0101tes Jap\u0101nas oglek\u013ca t\u0113rauda d\u0101rza un atzaro\u0161anas z\u0101\u0123is.<\/p>\n","protected":false},"featured_media":54697,"template":"","meta":[],"product_brand":[9161],"product_cat":[1056],"product_tag":[],"class_list":{"0":"post-54695","1":"product","2":"type-product","3":"status-publish","4":"has-post-thumbnail","6":"product_brand-due-cigni","7":"product_cat-nazi-un-zagi","8":"pa_produkta-tips-zagi","10":"first","11":"instock","12":"taxable","13":"shipping-taxable","14":"purchasable","15":"product-type-simple"},"raw_content":{"name":"Due Cigni - Saliekamais z\u0101\u0123is 130mm","description":"Atv\u0113rt\u0101 z\u0101\u0123\u012b ir divas poz\u012bcijas, kas \u013cauj str\u0101d\u0101t ar to \u0113rt\u0101k.\n\u012apa\u0161\u012bbas:\nAsmens stils: z\u0101\u0123is;\nAsmens garums: 130 mm;\nTPR rokturis;\nKabatas saspraude;\nAr blo\u0137\u0113\u0161anas funkciju;\nRokas orient\u0101cija: pa kreisi un pa labi;\nAsmens materi\u0101ls: oglek\u013ca t\u0113rauds SK-5;\nCiet\u012bba p\u0113c Rokvela skalas: HRC65;\nRa\u017eots It\u0101lij\u0101.","short_description":"DUE CIGNI ir augstas kvalit\u0101tes Jap\u0101nas oglek\u013ca t\u0113rauda d\u0101rza un atzaro\u0161anas z\u0101\u0123is.","status":"publish","sku":"2C361\/13","original":54695},"wpml":{"translation_type":1,"has_translations":true,"original":54695,"duplicates":[],"translations":{"lv":54695,"en":67286,"ru":null}},"supplier_id":null,"supplier_sku":"","barcode":null,"atum_controlled":true,"out_stock_date":null,"out_stock_threshold":null,"inheritable":false,"inbound_stock":0,"stock_on_hold":0,"sold_today":0,"sales_last_days":0,"reserved_stock":0,"customer_returns":0,"warehouse_damage":0,"lost_in_post":0,"other_logs":0,"out_stock_days":0,"lost_sales":0,"has_location":false,"update_date":"2026-03-05T17:16:43","atum_locations":[],"atum_stock_status":"instock","restock_status":false,"low_stock_amount":"","sales_update_date":"2025-11-13T14:08:23","calc_backorders":null,"yoast_head":"<!-- This site is optimized with the Yoast SEO plugin v27.3 - https:\/\/yoast.com\/product\/yoast-seo-wordpress\/ -->\n<title>Due Cigni - Saliekamais z\u0101\u0123is 130mm<\/title>\n<meta name=\"description\" content=\"DUE CIGNI ir augstas kvalit\u0101tes Jap\u0101nas oglek\u013ca t\u0113rauda d\u0101rza un atzaro\u0161anas z\u0101\u0123is.\" \/>\n<meta name=\"robots\" content=\"index, follow, max-snippet:-1, max-image-preview:large, max-video-preview:-1\" \/>\n<link rel=\"canonical\" href=\"https:\/\/gohike.lv\/ru\/produkts\/due-cigni-saliekamais-zagis-130mm\/\" \/>\n<meta property=\"og:locale\" content=\"ru_RU\" \/>\n<meta property=\"og:type\" content=\"article\" \/>\n<meta property=\"og:title\" content=\"Due Cigni - N\u0101\u017ei un z\u0101\u0123i - Z\u0101\u0123i\" \/>\n<meta property=\"og:description\" content=\"DUE CIGNI ir augstas kvalit\u0101tes Jap\u0101nas oglek\u013ca t\u0113rauda d\u0101rza un atzaro\u0161anas z\u0101\u0123is.\" \/>\n<meta property=\"og:url\" content=\"https:\/\/gohike.lv\/ru\/produkts\/due-cigni-saliekamais-zagis-130mm\/\" \/>\n<meta property=\"og:site_name\" content=\"GoHike\" \/>\n<meta property=\"article:publisher\" content=\"https:\/\/www.facebook.com\/gohike.shop\/\" \/>\n<meta property=\"article:modified_time\" content=\"2026-03-05T17:16:42+00:00\" \/>\n<meta property=\"og:image\" content=\"https:\/\/gohike.lv\/wp-content\/uploads\/2024\/05\/DC13saw.jpg\" \/>\n\t<meta property=\"og:image:width\" content=\"2048\" \/>\n\t<meta property=\"og:image:height\" content=\"2048\" \/>\n\t<meta property=\"og:image:type\" content=\"image\/jpeg\" \/>\n<meta name=\"twitter:card\" content=\"summary_large_image\" \/>\n<meta name=\"twitter:title\" content=\"Due Cigni - N\u0101\u017ei un z\u0101\u0123i - Z\u0101\u0123i\" \/>\n<meta name=\"twitter:label1\" content=\"\u041f\u0440\u0438\u043c\u0435\u0440\u043d\u043e\u0435 \u0432\u0440\u0435\u043c\u044f \u0434\u043b\u044f \u0447\u0442\u0435\u043d\u0438\u044f\" \/>\n\t<meta name=\"twitter:data1\" content=\"1 \u043c\u0438\u043d\u0443\u0442\u0430\" \/>\n<script type=\"application\/ld+json\" class=\"yoast-schema-graph\">{\"@context\":\"https:\\\/\\\/schema.org\",\"@graph\":[{\"@type\":[\"WebPage\",\"ItemPage\"],\"@id\":\"https:\\\/\\\/gohike.lv\\\/ru\\\/produkts\\\/due-cigni-saliekamais-zagis-130mm\\\/\",\"url\":\"https:\\\/\\\/gohike.lv\\\/ru\\\/produkts\\\/due-cigni-saliekamais-zagis-130mm\\\/\",\"name\":\"Due Cigni - Saliekamais z\u0101\u0123is 130mm\",\"isPartOf\":{\"@id\":\"https:\\\/\\\/gohike.lv\\\/ru\\\/#website\"},\"primaryImageOfPage\":{\"@id\":\"https:\\\/\\\/gohike.lv\\\/ru\\\/produkts\\\/due-cigni-saliekamais-zagis-130mm\\\/#primaryimage\"},\"image\":{\"@id\":\"https:\\\/\\\/gohike.lv\\\/ru\\\/produkts\\\/due-cigni-saliekamais-zagis-130mm\\\/#primaryimage\"},\"thumbnailUrl\":\"https:\\\/\\\/gohike.lv\\\/wp-content\\\/uploads\\\/2024\\\/05\\\/DC13saw.jpg\",\"datePublished\":\"2024-05-21T13:53:02+00:00\",\"dateModified\":\"2026-03-05T17:16:42+00:00\",\"description\":\"DUE CIGNI ir augstas kvalit\u0101tes Jap\u0101nas oglek\u013ca t\u0113rauda d\u0101rza un atzaro\u0161anas z\u0101\u0123is.\",\"breadcrumb\":{\"@id\":\"https:\\\/\\\/gohike.lv\\\/ru\\\/produkts\\\/due-cigni-saliekamais-zagis-130mm\\\/#breadcrumb\"},\"inLanguage\":\"ru-RU\",\"potentialAction\":[{\"@type\":\"ReadAction\",\"target\":[\"https:\\\/\\\/gohike.lv\\\/ru\\\/produkts\\\/due-cigni-saliekamais-zagis-130mm\\\/\"]}]},{\"@type\":\"ImageObject\",\"inLanguage\":\"ru-RU\",\"@id\":\"https:\\\/\\\/gohike.lv\\\/ru\\\/produkts\\\/due-cigni-saliekamais-zagis-130mm\\\/#primaryimage\",\"url\":\"https:\\\/\\\/gohike.lv\\\/wp-content\\\/uploads\\\/2024\\\/05\\\/DC13saw.jpg\",\"contentUrl\":\"https:\\\/\\\/gohike.lv\\\/wp-content\\\/uploads\\\/2024\\\/05\\\/DC13saw.jpg\",\"width\":2048,\"height\":2048},{\"@type\":\"BreadcrumbList\",\"@id\":\"https:\\\/\\\/gohike.lv\\\/ru\\\/produkts\\\/due-cigni-saliekamais-zagis-130mm\\\/#breadcrumb\",\"itemListElement\":[{\"@type\":\"ListItem\",\"position\":1,\"name\":\"\u0413\u043b\u0430\u0432\u043d\u0430\u044f\",\"item\":\"https:\\\/\\\/gohike.lv\\\/ru\\\/\"},{\"@type\":\"ListItem\",\"position\":2,\"name\":\"\u041a\u0430\u0442\u0435\u0433\u043e\u0440\u0438\u0438 \u0442\u043e\u0432\u0430\u0440\u043e\u0432\",\"item\":\"https:\\\/\\\/gohike.lv\\\/%d0%ba%d0%b0%d1%82%d0%b5%d0%b3%d0%be%d1%80%d0%b8%d0%b8-%d1%82%d0%be%d0%b2%d0%b0%d1%80%d0%be%d0%b2\\\/\"},{\"@type\":\"ListItem\",\"position\":3,\"name\":\"Due Cigni &#8211; Saliekamais z\u0101\u0123is 130mm\"}]},{\"@type\":\"WebSite\",\"@id\":\"https:\\\/\\\/gohike.lv\\\/ru\\\/#website\",\"url\":\"https:\\\/\\\/gohike.lv\\\/ru\\\/\",\"name\":\"GoHike\",\"description\":\"\",\"publisher\":{\"@id\":\"https:\\\/\\\/gohike.lv\\\/ru\\\/#organization\"},\"potentialAction\":[{\"@type\":\"SearchAction\",\"target\":{\"@type\":\"EntryPoint\",\"urlTemplate\":\"https:\\\/\\\/gohike.lv\\\/ru\\\/?s={search_term_string}\"},\"query-input\":{\"@type\":\"PropertyValueSpecification\",\"valueRequired\":true,\"valueName\":\"search_term_string\"}}],\"inLanguage\":\"ru-RU\"},{\"@type\":\"Organization\",\"@id\":\"https:\\\/\\\/gohike.lv\\\/ru\\\/#organization\",\"name\":\"GoHike\",\"url\":\"https:\\\/\\\/gohike.lv\\\/ru\\\/\",\"logo\":{\"@type\":\"ImageObject\",\"inLanguage\":\"ru-RU\",\"@id\":\"https:\\\/\\\/gohike.lv\\\/ru\\\/#\\\/schema\\\/logo\\\/image\\\/\",\"url\":\"https:\\\/\\\/gohike.lv\\\/wp-content\\\/uploads\\\/2023\\\/08\\\/Logo_GoHike.webp\",\"contentUrl\":\"https:\\\/\\\/gohike.lv\\\/wp-content\\\/uploads\\\/2023\\\/08\\\/Logo_GoHike.webp\",\"width\":512,\"height\":512,\"caption\":\"GoHike\"},\"image\":{\"@id\":\"https:\\\/\\\/gohike.lv\\\/ru\\\/#\\\/schema\\\/logo\\\/image\\\/\"},\"sameAs\":[\"https:\\\/\\\/www.facebook.com\\\/gohike.shop\\\/\",\"https:\\\/\\\/www.instagram.com\\\/gohike.shop\\\/\"]}]}<\/script>\n<!-- \/ Yoast SEO plugin. -->","yoast_head_json":{"title":"Due Cigni - Saliekamais z\u0101\u0123is 130mm","description":"DUE CIGNI ir augstas kvalit\u0101tes Jap\u0101nas oglek\u013ca t\u0113rauda d\u0101rza un atzaro\u0161anas z\u0101\u0123is.","robots":{"index":"index","follow":"follow","max-snippet":"max-snippet:-1","max-image-preview":"max-image-preview:large","max-video-preview":"max-video-preview:-1"},"canonical":"https:\/\/gohike.lv\/ru\/produkts\/due-cigni-saliekamais-zagis-130mm\/","og_locale":"ru_RU","og_type":"article","og_title":"Due Cigni - N\u0101\u017ei un z\u0101\u0123i - Z\u0101\u0123i","og_description":"DUE CIGNI ir augstas kvalit\u0101tes Jap\u0101nas oglek\u013ca t\u0113rauda d\u0101rza un atzaro\u0161anas z\u0101\u0123is.","og_url":"https:\/\/gohike.lv\/ru\/produkts\/due-cigni-saliekamais-zagis-130mm\/","og_site_name":"GoHike","article_publisher":"https:\/\/www.facebook.com\/gohike.shop\/","article_modified_time":"2026-03-05T17:16:42+00:00","og_image":[{"width":2048,"height":2048,"url":"https:\/\/gohike.lv\/wp-content\/uploads\/2024\/05\/DC13saw.jpg","type":"image\/jpeg"}],"twitter_card":"summary_large_image","twitter_title":"Due Cigni - N\u0101\u017ei un z\u0101\u0123i - Z\u0101\u0123i","twitter_misc":{"\u041f\u0440\u0438\u043c\u0435\u0440\u043d\u043e\u0435 \u0432\u0440\u0435\u043c\u044f \u0434\u043b\u044f \u0447\u0442\u0435\u043d\u0438\u044f":"1 \u043c\u0438\u043d\u0443\u0442\u0430"},"schema":{"@context":"https:\/\/schema.org","@graph":[{"@type":["WebPage","ItemPage"],"@id":"https:\/\/gohike.lv\/ru\/produkts\/due-cigni-saliekamais-zagis-130mm\/","url":"https:\/\/gohike.lv\/ru\/produkts\/due-cigni-saliekamais-zagis-130mm\/","name":"Due Cigni - Saliekamais z\u0101\u0123is 130mm","isPartOf":{"@id":"https:\/\/gohike.lv\/ru\/#website"},"primaryImageOfPage":{"@id":"https:\/\/gohike.lv\/ru\/produkts\/due-cigni-saliekamais-zagis-130mm\/#primaryimage"},"image":{"@id":"https:\/\/gohike.lv\/ru\/produkts\/due-cigni-saliekamais-zagis-130mm\/#primaryimage"},"thumbnailUrl":"https:\/\/gohike.lv\/wp-content\/uploads\/2024\/05\/DC13saw.jpg","datePublished":"2024-05-21T13:53:02+00:00","dateModified":"2026-03-05T17:16:42+00:00","description":"DUE CIGNI ir augstas kvalit\u0101tes Jap\u0101nas oglek\u013ca t\u0113rauda d\u0101rza un atzaro\u0161anas z\u0101\u0123is.","breadcrumb":{"@id":"https:\/\/gohike.lv\/ru\/produkts\/due-cigni-saliekamais-zagis-130mm\/#breadcrumb"},"inLanguage":"ru-RU","potentialAction":[{"@type":"ReadAction","target":["https:\/\/gohike.lv\/ru\/produkts\/due-cigni-saliekamais-zagis-130mm\/"]}]},{"@type":"ImageObject","inLanguage":"ru-RU","@id":"https:\/\/gohike.lv\/ru\/produkts\/due-cigni-saliekamais-zagis-130mm\/#primaryimage","url":"https:\/\/gohike.lv\/wp-content\/uploads\/2024\/05\/DC13saw.jpg","contentUrl":"https:\/\/gohike.lv\/wp-content\/uploads\/2024\/05\/DC13saw.jpg","width":2048,"height":2048},{"@type":"BreadcrumbList","@id":"https:\/\/gohike.lv\/ru\/produkts\/due-cigni-saliekamais-zagis-130mm\/#breadcrumb","itemListElement":[{"@type":"ListItem","position":1,"name":"\u0413\u043b\u0430\u0432\u043d\u0430\u044f","item":"https:\/\/gohike.lv\/ru\/"},{"@type":"ListItem","position":2,"name":"\u041a\u0430\u0442\u0435\u0433\u043e\u0440\u0438\u0438 \u0442\u043e\u0432\u0430\u0440\u043e\u0432","item":"https:\/\/gohike.lv\/%d0%ba%d0%b0%d1%82%d0%b5%d0%b3%d0%be%d1%80%d0%b8%d0%b8-%d1%82%d0%be%d0%b2%d0%b0%d1%80%d0%be%d0%b2\/"},{"@type":"ListItem","position":3,"name":"Due Cigni &#8211; Saliekamais z\u0101\u0123is 130mm"}]},{"@type":"WebSite","@id":"https:\/\/gohike.lv\/ru\/#website","url":"https:\/\/gohike.lv\/ru\/","name":"GoHike","description":"","publisher":{"@id":"https:\/\/gohike.lv\/ru\/#organization"},"potentialAction":[{"@type":"SearchAction","target":{"@type":"EntryPoint","urlTemplate":"https:\/\/gohike.lv\/ru\/?s={search_term_string}"},"query-input":{"@type":"PropertyValueSpecification","valueRequired":true,"valueName":"search_term_string"}}],"inLanguage":"ru-RU"},{"@type":"Organization","@id":"https:\/\/gohike.lv\/ru\/#organization","name":"GoHike","url":"https:\/\/gohike.lv\/ru\/","logo":{"@type":"ImageObject","inLanguage":"ru-RU","@id":"https:\/\/gohike.lv\/ru\/#\/schema\/logo\/image\/","url":"https:\/\/gohike.lv\/wp-content\/uploads\/2023\/08\/Logo_GoHike.webp","contentUrl":"https:\/\/gohike.lv\/wp-content\/uploads\/2023\/08\/Logo_GoHike.webp","width":512,"height":512,"caption":"GoHike"},"image":{"@id":"https:\/\/gohike.lv\/ru\/#\/schema\/logo\/image\/"},"sameAs":["https:\/\/www.facebook.com\/gohike.shop\/","https:\/\/www.instagram.com\/gohike.shop\/"]}]}},"jetpack_sharing_enabled":true,"_links":{"self":[{"href":"https:\/\/gohike.lv\/ru\/wp-json\/wp\/v2\/product\/54695","targetHints":{"allow":["GET"]}}],"collection":[{"href":"https:\/\/gohike.lv\/ru\/wp-json\/wp\/v2\/product"}],"about":[{"href":"https:\/\/gohike.lv\/ru\/wp-json\/wp\/v2\/types\/product"}],"version-history":[{"count":0,"href":"https:\/\/gohike.lv\/ru\/wp-json\/wp\/v2\/product\/54695\/revisions"}],"wp:featuredmedia":[{"embeddable":true,"href":"https:\/\/gohike.lv\/ru\/wp-json\/wp\/v2\/media\/54697"}],"wp:attachment":[{"href":"https:\/\/gohike.lv\/ru\/wp-json\/wp\/v2\/media?parent=54695"}],"wp:term":[{"taxonomy":"product_brand","embeddable":true,"href":"https:\/\/gohike.lv\/ru\/wp-json\/wp\/v2\/product_brand?post=54695"},{"taxonomy":"product_cat","embeddable":true,"href":"https:\/\/gohike.lv\/ru\/wp-json\/wp\/v2\/product_cat?post=54695"},{"taxonomy":"product_tag","embeddable":true,"href":"https:\/\/gohike.lv\/ru\/wp-json\/wp\/v2\/product_tag?post=54695"}],"curies":[{"name":"wp","href":"https:\/\/api.w.org\/{rel}","templated":true}]}}