{"id":54673,"date":"2024-05-21T16:50:50","date_gmt":"2024-05-21T13:50:50","guid":{"rendered":"https:\/\/gohike.lv\/produkts\/lifesystems-ultralight-kompresijas-maiss-15l\/"},"modified":"2026-03-27T20:22:57","modified_gmt":"2026-03-27T17:22:57","slug":"lifeventure-ultralight-kompresijas-maiss-15l","status":"publish","type":"product","link":"https:\/\/gohike.lv\/ru\/produkts\/lifeventure-ultralight-kompresijas-maiss-15l\/","title":{"rendered":"Lifeventure &#8212; Ultralight kompresijas maiss 15l"},"content":{"rendered":"<p>Silikoniz\u0113tais p\u0101rkl\u0101jums auduma \u0101rpus\u0113 un PU p\u0101rkl\u0101jums iek\u0161pus\u0113 nodro\u0161ina aizsardz\u012bbu.<br \/>\nKompresijas maisi ietaupa vietu, iepakojot un saspie\u017eot saturu l\u012bdz pusei no t\u0101 lieluma, \u0113rti lieliem gu\u013cammaisiem vai ap\u0123\u0113rbam.<br \/>\nCaursp\u012bd\u012bgs audums.<br \/>\n\u012apa\u0161i viegls 30D silikoniz\u0113ts ripstop Cordura audums.<br \/>\n\u016adensiztur\u012bgs audums ar PU p\u0101rkl\u0101jumu.<br \/>\n4 kompresijas siksnas ar viegl\u0101m Kross spr\u0101dz\u0113m.<br \/>\nAug\u0161\u0113jais v\u0101ks satura aizsardz\u012bbai un saspie\u0161anai.<br \/>\nVilkmes auklas aug\u0161da\u013cas aizdare ar pretaiz\u0137er\u0161an\u0101s sist\u0113mu.<\/p>\n","protected":false},"excerpt":{"rendered":"<p>Izgatavots no augstas iztur\u012bbas Cordura ripstop neilona auduma.<\/p>\n","protected":false},"featured_media":54675,"template":"","meta":[],"product_brand":[1308],"product_cat":[1463],"product_tag":[],"class_list":{"0":"post-54673","1":"product","2":"type-product","3":"status-publish","4":"has-post-thumbnail","6":"product_brand-lifeventure-lv","7":"product_cat-somas-un-maki","8":"pa_izmeriscm-41-522","9":"pa_produkta-tips-mantu-kompresijas-maisi","10":"pa_tilpums-15l","12":"first","13":"instock","14":"taxable","15":"shipping-taxable","16":"purchasable","17":"product-type-simple"},"raw_content":{"name":"Lifeventure - Ultralight kompresijas maiss 15l","description":"Silikoniz\u0113tais p\u0101rkl\u0101jums auduma \u0101rpus\u0113 un PU p\u0101rkl\u0101jums iek\u0161pus\u0113 nodro\u0161ina aizsardz\u012bbu.\nKompresijas maisi ietaupa vietu, iepakojot un saspie\u017eot saturu l\u012bdz pusei no t\u0101 lieluma, \u0113rti lieliem gu\u013cammaisiem vai ap\u0123\u0113rbam.\nCaursp\u012bd\u012bgs audums.\n\u012apa\u0161i viegls 30D silikoniz\u0113ts ripstop Cordura audums.\n\u016adensiztur\u012bgs audums ar PU p\u0101rkl\u0101jumu.\n4 kompresijas siksnas ar viegl\u0101m Kross spr\u0101dz\u0113m.\nAug\u0161\u0113jais v\u0101ks satura aizsardz\u012bbai un saspie\u0161anai.\nVilkmes auklas aug\u0161da\u013cas aizdare ar pretaiz\u0137er\u0161an\u0101s sist\u0113mu.","short_description":"Izgatavots no augstas iztur\u012bbas Cordura ripstop neilona auduma.","status":"publish","sku":"59180","original":54673},"wpml":{"translation_type":1,"has_translations":true,"original":54673,"duplicates":[],"translations":{"lv":54673,"en":67289,"ru":null}},"supplier_id":null,"supplier_sku":"","barcode":null,"atum_controlled":true,"out_stock_date":null,"out_stock_threshold":null,"inheritable":false,"inbound_stock":null,"stock_on_hold":0,"sold_today":0,"sales_last_days":0,"reserved_stock":null,"customer_returns":null,"warehouse_damage":null,"lost_in_post":null,"other_logs":null,"out_stock_days":0,"lost_sales":0,"has_location":null,"update_date":"2026-03-27T17:22:59","atum_locations":[],"atum_stock_status":"instock","restock_status":false,"low_stock_amount":"","sales_update_date":"2025-11-13T14:09:09","calc_backorders":null,"yoast_head":"<!-- This site is optimized with the Yoast SEO plugin v27.3 - https:\/\/yoast.com\/product\/yoast-seo-wordpress\/ -->\n<title>Lifeventure - Ultralight kompresijas maiss 15l<\/title>\n<meta name=\"description\" content=\"Izgatavots no augstas iztur\u012bbas Cordura ripstop neilona auduma. \u016adensiztur\u012bgs audums ar PU p\u0101rkl\u0101jumu.\" \/>\n<meta name=\"robots\" content=\"index, follow, max-snippet:-1, max-image-preview:large, max-video-preview:-1\" \/>\n<link rel=\"canonical\" href=\"https:\/\/gohike.lv\/ru\/produkts\/lifeventure-ultralight-kompresijas-maiss-15l\/\" \/>\n<meta property=\"og:locale\" content=\"ru_RU\" \/>\n<meta property=\"og:type\" content=\"article\" \/>\n<meta property=\"og:title\" content=\"Lifesystems - Somas un maki - Mantu kompresijas maisi\" \/>\n<meta property=\"og:description\" content=\"Izgatavots no augstas iztur\u012bbas Cordura ripstop neilona auduma. \u016adensiztur\u012bgs audums ar PU p\u0101rkl\u0101jumu.\" \/>\n<meta property=\"og:url\" content=\"https:\/\/gohike.lv\/ru\/produkts\/lifeventure-ultralight-kompresijas-maiss-15l\/\" \/>\n<meta property=\"og:site_name\" content=\"GoHike\" \/>\n<meta property=\"article:publisher\" content=\"https:\/\/www.facebook.com\/gohike.shop\/\" \/>\n<meta property=\"article:modified_time\" content=\"2026-03-27T17:22:57+00:00\" \/>\n<meta property=\"og:image\" content=\"https:\/\/gohike.lv\/wp-content\/uploads\/2024\/05\/CompressionBag15L.webp\" \/>\n\t<meta property=\"og:image:width\" content=\"900\" \/>\n\t<meta property=\"og:image:height\" content=\"900\" \/>\n\t<meta property=\"og:image:type\" content=\"image\/webp\" \/>\n<meta name=\"twitter:card\" content=\"summary_large_image\" \/>\n<meta name=\"twitter:title\" content=\"Lifesystems - Somas un maki - Mantu kompresijas maisi\" \/>\n<meta name=\"twitter:label1\" content=\"\u041f\u0440\u0438\u043c\u0435\u0440\u043d\u043e\u0435 \u0432\u0440\u0435\u043c\u044f \u0434\u043b\u044f \u0447\u0442\u0435\u043d\u0438\u044f\" \/>\n\t<meta name=\"twitter:data1\" content=\"1 \u043c\u0438\u043d\u0443\u0442\u0430\" \/>\n<script type=\"application\/ld+json\" class=\"yoast-schema-graph\">{\"@context\":\"https:\\\/\\\/schema.org\",\"@graph\":[{\"@type\":[\"WebPage\",\"ItemPage\"],\"@id\":\"https:\\\/\\\/gohike.lv\\\/ru\\\/produkts\\\/lifeventure-ultralight-kompresijas-maiss-15l\\\/\",\"url\":\"https:\\\/\\\/gohike.lv\\\/ru\\\/produkts\\\/lifeventure-ultralight-kompresijas-maiss-15l\\\/\",\"name\":\"Lifeventure - Ultralight kompresijas maiss 15l\",\"isPartOf\":{\"@id\":\"https:\\\/\\\/gohike.lv\\\/ru\\\/#website\"},\"primaryImageOfPage\":{\"@id\":\"https:\\\/\\\/gohike.lv\\\/ru\\\/produkts\\\/lifeventure-ultralight-kompresijas-maiss-15l\\\/#primaryimage\"},\"image\":{\"@id\":\"https:\\\/\\\/gohike.lv\\\/ru\\\/produkts\\\/lifeventure-ultralight-kompresijas-maiss-15l\\\/#primaryimage\"},\"thumbnailUrl\":\"https:\\\/\\\/gohike.lv\\\/wp-content\\\/uploads\\\/2024\\\/05\\\/CompressionBag15L.webp\",\"datePublished\":\"2024-05-21T13:50:50+00:00\",\"dateModified\":\"2026-03-27T17:22:57+00:00\",\"description\":\"Izgatavots no augstas iztur\u012bbas Cordura ripstop neilona auduma. \u016adensiztur\u012bgs audums ar PU p\u0101rkl\u0101jumu.\",\"breadcrumb\":{\"@id\":\"https:\\\/\\\/gohike.lv\\\/ru\\\/produkts\\\/lifeventure-ultralight-kompresijas-maiss-15l\\\/#breadcrumb\"},\"inLanguage\":\"ru-RU\",\"potentialAction\":[{\"@type\":\"ReadAction\",\"target\":[\"https:\\\/\\\/gohike.lv\\\/ru\\\/produkts\\\/lifeventure-ultralight-kompresijas-maiss-15l\\\/\"]}]},{\"@type\":\"ImageObject\",\"inLanguage\":\"ru-RU\",\"@id\":\"https:\\\/\\\/gohike.lv\\\/ru\\\/produkts\\\/lifeventure-ultralight-kompresijas-maiss-15l\\\/#primaryimage\",\"url\":\"https:\\\/\\\/gohike.lv\\\/wp-content\\\/uploads\\\/2024\\\/05\\\/CompressionBag15L.webp\",\"contentUrl\":\"https:\\\/\\\/gohike.lv\\\/wp-content\\\/uploads\\\/2024\\\/05\\\/CompressionBag15L.webp\",\"width\":900,\"height\":900},{\"@type\":\"BreadcrumbList\",\"@id\":\"https:\\\/\\\/gohike.lv\\\/ru\\\/produkts\\\/lifeventure-ultralight-kompresijas-maiss-15l\\\/#breadcrumb\",\"itemListElement\":[{\"@type\":\"ListItem\",\"position\":1,\"name\":\"\u0413\u043b\u0430\u0432\u043d\u0430\u044f\",\"item\":\"https:\\\/\\\/gohike.lv\\\/ru\\\/\"},{\"@type\":\"ListItem\",\"position\":2,\"name\":\"\u041a\u0430\u0442\u0435\u0433\u043e\u0440\u0438\u0438 \u0442\u043e\u0432\u0430\u0440\u043e\u0432\",\"item\":\"https:\\\/\\\/gohike.lv\\\/%d0%ba%d0%b0%d1%82%d0%b5%d0%b3%d0%be%d1%80%d0%b8%d0%b8-%d1%82%d0%be%d0%b2%d0%b0%d1%80%d0%be%d0%b2\\\/\"},{\"@type\":\"ListItem\",\"position\":3,\"name\":\"Lifeventure &#8211; Ultralight kompresijas maiss 15l\"}]},{\"@type\":\"WebSite\",\"@id\":\"https:\\\/\\\/gohike.lv\\\/ru\\\/#website\",\"url\":\"https:\\\/\\\/gohike.lv\\\/ru\\\/\",\"name\":\"GoHike\",\"description\":\"\",\"publisher\":{\"@id\":\"https:\\\/\\\/gohike.lv\\\/ru\\\/#organization\"},\"potentialAction\":[{\"@type\":\"SearchAction\",\"target\":{\"@type\":\"EntryPoint\",\"urlTemplate\":\"https:\\\/\\\/gohike.lv\\\/ru\\\/?s={search_term_string}\"},\"query-input\":{\"@type\":\"PropertyValueSpecification\",\"valueRequired\":true,\"valueName\":\"search_term_string\"}}],\"inLanguage\":\"ru-RU\"},{\"@type\":\"Organization\",\"@id\":\"https:\\\/\\\/gohike.lv\\\/ru\\\/#organization\",\"name\":\"GoHike\",\"url\":\"https:\\\/\\\/gohike.lv\\\/ru\\\/\",\"logo\":{\"@type\":\"ImageObject\",\"inLanguage\":\"ru-RU\",\"@id\":\"https:\\\/\\\/gohike.lv\\\/ru\\\/#\\\/schema\\\/logo\\\/image\\\/\",\"url\":\"https:\\\/\\\/gohike.lv\\\/wp-content\\\/uploads\\\/2023\\\/08\\\/Logo_GoHike.webp\",\"contentUrl\":\"https:\\\/\\\/gohike.lv\\\/wp-content\\\/uploads\\\/2023\\\/08\\\/Logo_GoHike.webp\",\"width\":512,\"height\":512,\"caption\":\"GoHike\"},\"image\":{\"@id\":\"https:\\\/\\\/gohike.lv\\\/ru\\\/#\\\/schema\\\/logo\\\/image\\\/\"},\"sameAs\":[\"https:\\\/\\\/www.facebook.com\\\/gohike.shop\\\/\",\"https:\\\/\\\/www.instagram.com\\\/gohike.shop\\\/\"]}]}<\/script>\n<!-- \/ Yoast SEO plugin. -->","yoast_head_json":{"title":"Lifeventure - Ultralight kompresijas maiss 15l","description":"Izgatavots no augstas iztur\u012bbas Cordura ripstop neilona auduma. \u016adensiztur\u012bgs audums ar PU p\u0101rkl\u0101jumu.","robots":{"index":"index","follow":"follow","max-snippet":"max-snippet:-1","max-image-preview":"max-image-preview:large","max-video-preview":"max-video-preview:-1"},"canonical":"https:\/\/gohike.lv\/ru\/produkts\/lifeventure-ultralight-kompresijas-maiss-15l\/","og_locale":"ru_RU","og_type":"article","og_title":"Lifesystems - Somas un maki - Mantu kompresijas maisi","og_description":"Izgatavots no augstas iztur\u012bbas Cordura ripstop neilona auduma. \u016adensiztur\u012bgs audums ar PU p\u0101rkl\u0101jumu.","og_url":"https:\/\/gohike.lv\/ru\/produkts\/lifeventure-ultralight-kompresijas-maiss-15l\/","og_site_name":"GoHike","article_publisher":"https:\/\/www.facebook.com\/gohike.shop\/","article_modified_time":"2026-03-27T17:22:57+00:00","og_image":[{"width":900,"height":900,"url":"https:\/\/gohike.lv\/wp-content\/uploads\/2024\/05\/CompressionBag15L.webp","type":"image\/webp"}],"twitter_card":"summary_large_image","twitter_title":"Lifesystems - Somas un maki - Mantu kompresijas maisi","twitter_misc":{"\u041f\u0440\u0438\u043c\u0435\u0440\u043d\u043e\u0435 \u0432\u0440\u0435\u043c\u044f \u0434\u043b\u044f \u0447\u0442\u0435\u043d\u0438\u044f":"1 \u043c\u0438\u043d\u0443\u0442\u0430"},"schema":{"@context":"https:\/\/schema.org","@graph":[{"@type":["WebPage","ItemPage"],"@id":"https:\/\/gohike.lv\/ru\/produkts\/lifeventure-ultralight-kompresijas-maiss-15l\/","url":"https:\/\/gohike.lv\/ru\/produkts\/lifeventure-ultralight-kompresijas-maiss-15l\/","name":"Lifeventure - Ultralight kompresijas maiss 15l","isPartOf":{"@id":"https:\/\/gohike.lv\/ru\/#website"},"primaryImageOfPage":{"@id":"https:\/\/gohike.lv\/ru\/produkts\/lifeventure-ultralight-kompresijas-maiss-15l\/#primaryimage"},"image":{"@id":"https:\/\/gohike.lv\/ru\/produkts\/lifeventure-ultralight-kompresijas-maiss-15l\/#primaryimage"},"thumbnailUrl":"https:\/\/gohike.lv\/wp-content\/uploads\/2024\/05\/CompressionBag15L.webp","datePublished":"2024-05-21T13:50:50+00:00","dateModified":"2026-03-27T17:22:57+00:00","description":"Izgatavots no augstas iztur\u012bbas Cordura ripstop neilona auduma. \u016adensiztur\u012bgs audums ar PU p\u0101rkl\u0101jumu.","breadcrumb":{"@id":"https:\/\/gohike.lv\/ru\/produkts\/lifeventure-ultralight-kompresijas-maiss-15l\/#breadcrumb"},"inLanguage":"ru-RU","potentialAction":[{"@type":"ReadAction","target":["https:\/\/gohike.lv\/ru\/produkts\/lifeventure-ultralight-kompresijas-maiss-15l\/"]}]},{"@type":"ImageObject","inLanguage":"ru-RU","@id":"https:\/\/gohike.lv\/ru\/produkts\/lifeventure-ultralight-kompresijas-maiss-15l\/#primaryimage","url":"https:\/\/gohike.lv\/wp-content\/uploads\/2024\/05\/CompressionBag15L.webp","contentUrl":"https:\/\/gohike.lv\/wp-content\/uploads\/2024\/05\/CompressionBag15L.webp","width":900,"height":900},{"@type":"BreadcrumbList","@id":"https:\/\/gohike.lv\/ru\/produkts\/lifeventure-ultralight-kompresijas-maiss-15l\/#breadcrumb","itemListElement":[{"@type":"ListItem","position":1,"name":"\u0413\u043b\u0430\u0432\u043d\u0430\u044f","item":"https:\/\/gohike.lv\/ru\/"},{"@type":"ListItem","position":2,"name":"\u041a\u0430\u0442\u0435\u0433\u043e\u0440\u0438\u0438 \u0442\u043e\u0432\u0430\u0440\u043e\u0432","item":"https:\/\/gohike.lv\/%d0%ba%d0%b0%d1%82%d0%b5%d0%b3%d0%be%d1%80%d0%b8%d0%b8-%d1%82%d0%be%d0%b2%d0%b0%d1%80%d0%be%d0%b2\/"},{"@type":"ListItem","position":3,"name":"Lifeventure &#8211; Ultralight kompresijas maiss 15l"}]},{"@type":"WebSite","@id":"https:\/\/gohike.lv\/ru\/#website","url":"https:\/\/gohike.lv\/ru\/","name":"GoHike","description":"","publisher":{"@id":"https:\/\/gohike.lv\/ru\/#organization"},"potentialAction":[{"@type":"SearchAction","target":{"@type":"EntryPoint","urlTemplate":"https:\/\/gohike.lv\/ru\/?s={search_term_string}"},"query-input":{"@type":"PropertyValueSpecification","valueRequired":true,"valueName":"search_term_string"}}],"inLanguage":"ru-RU"},{"@type":"Organization","@id":"https:\/\/gohike.lv\/ru\/#organization","name":"GoHike","url":"https:\/\/gohike.lv\/ru\/","logo":{"@type":"ImageObject","inLanguage":"ru-RU","@id":"https:\/\/gohike.lv\/ru\/#\/schema\/logo\/image\/","url":"https:\/\/gohike.lv\/wp-content\/uploads\/2023\/08\/Logo_GoHike.webp","contentUrl":"https:\/\/gohike.lv\/wp-content\/uploads\/2023\/08\/Logo_GoHike.webp","width":512,"height":512,"caption":"GoHike"},"image":{"@id":"https:\/\/gohike.lv\/ru\/#\/schema\/logo\/image\/"},"sameAs":["https:\/\/www.facebook.com\/gohike.shop\/","https:\/\/www.instagram.com\/gohike.shop\/"]}]}},"jetpack_sharing_enabled":true,"_links":{"self":[{"href":"https:\/\/gohike.lv\/ru\/wp-json\/wp\/v2\/product\/54673","targetHints":{"allow":["GET"]}}],"collection":[{"href":"https:\/\/gohike.lv\/ru\/wp-json\/wp\/v2\/product"}],"about":[{"href":"https:\/\/gohike.lv\/ru\/wp-json\/wp\/v2\/types\/product"}],"version-history":[{"count":0,"href":"https:\/\/gohike.lv\/ru\/wp-json\/wp\/v2\/product\/54673\/revisions"}],"wp:featuredmedia":[{"embeddable":true,"href":"https:\/\/gohike.lv\/ru\/wp-json\/wp\/v2\/media\/54675"}],"wp:attachment":[{"href":"https:\/\/gohike.lv\/ru\/wp-json\/wp\/v2\/media?parent=54673"}],"wp:term":[{"taxonomy":"product_brand","embeddable":true,"href":"https:\/\/gohike.lv\/ru\/wp-json\/wp\/v2\/product_brand?post=54673"},{"taxonomy":"product_cat","embeddable":true,"href":"https:\/\/gohike.lv\/ru\/wp-json\/wp\/v2\/product_cat?post=54673"},{"taxonomy":"product_tag","embeddable":true,"href":"https:\/\/gohike.lv\/ru\/wp-json\/wp\/v2\/product_tag?post=54673"}],"curies":[{"name":"wp","href":"https:\/\/api.w.org\/{rel}","templated":true}]}}