{"id":54649,"date":"2024-05-21T16:48:47","date_gmt":"2024-05-21T13:48:47","guid":{"rendered":"https:\/\/gohike.lv\/produkts\/lifesystems-trek-pirmas-palidzibas-komplekts\/"},"modified":"2026-01-02T07:04:26","modified_gmt":"2026-01-02T04:04:26","slug":"lifesystems-trek-pirmas-palidzibas-komplekts","status":"publish","type":"product","link":"https:\/\/gohike.lv\/ru\/produkts\/lifesystems-trek-pirmas-palidzibas-komplekts\/","title":{"rendered":"Lifesystems &#8212; Trek pirm\u0101s pal\u012bdz\u012bbas komplekts"},"content":{"rendered":"<p>Trek pirm\u0101s pal\u012bdz\u012bbas komplekts ir kompakts. Piem\u0113rots t\u016brisma cien\u012bt\u0101jiem.<br \/>\nKomplekt\u0101 ir pirm\u0101s pal\u012bdz\u012bbas piederumi, lai \u0101rst\u0113tu nobr\u0101zumus, tulznas un citus nelielus ievainojumus.<br \/>\n<iframe title=\"Lifesystems Trek First Aid Kit\" width=\"1200\" height=\"675\" src=\"https:\/\/www.youtube.com\/embed\/w37EPwksZec?feature=oembed\" frameborder=\"0\" allow=\"accelerometer; autoplay; clipboard-write; encrypted-media; gyroscope; picture-in-picture; web-share\" referrerpolicy=\"strict-origin-when-cross-origin\" allowfullscreen><\/iframe><\/p>\n","protected":false},"excerpt":{"rendered":"<p>Trek pirm\u0101s pal\u012bdz\u012bbas komplekts ir kompakts, viegls un \u0113rti lietojams.<\/p>\n","protected":false},"featured_media":54651,"template":"","meta":[],"product_brand":[1307],"product_cat":[1315],"product_tag":[],"class_list":{"0":"post-54649","1":"product","2":"type-product","3":"status-publish","4":"has-post-thumbnail","6":"product_brand-lifesystems-lv","7":"product_cat-silditaji-un-aptiecinas","8":"pa_komplektacija-1-x-primaras-aprupes-brosura-1-x-pincete-1-x-skeres-5","9":"pa_komplektacija-5-cm-asmens-6-x-sasprauzamas-adatas","10":"pa_parseji-1-x-balts-atverts-audums-parsejs-7","11":"pa_parseji-5-cm-x-5-m-1-x-crepe-bandage-5cm-x-4","12":"pa_parseji-5m","13":"pa_parsienamais-materials-1-x-burn-zelejas-pacina-1-x-zemi-lipigs-parsejs-5-x-5-cm-1-x-zemi-lipigs-parsejs-10-x-10-cm-1-x-sterils","14":"pa_parsienamais-materials-lipigs-parsejs-1-x-dazadu-apmetumu-iepakojums-2-x-blistera-plaksteri","15":"pa_produkta-tips-aptiecinas","16":"pa_produktu-izmers-140-x-110-x-50mm","17":"pa_vienibas-9149","19":"first","20":"instock","21":"taxable","22":"shipping-taxable","23":"purchasable","24":"product-type-simple"},"raw_content":{"name":"Lifesystems - Trek pirm\u0101s pal\u012bdz\u012bbas komplekts","description":"Trek pirm\u0101s pal\u012bdz\u012bbas komplekts ir kompakts. Piem\u0113rots t\u016brisma cien\u012bt\u0101jiem.\nKomplekt\u0101 ir pirm\u0101s pal\u012bdz\u012bbas piederumi, lai \u0101rst\u0113tu nobr\u0101zumus, tulznas un citus nelielus ievainojumus.\nhttps:\/\/youtu.be\/w37EPwksZec?list=TLGGZerWBDXxKPIxNDA1MjAyNA","short_description":"Trek pirm\u0101s pal\u012bdz\u012bbas komplekts ir kompakts, viegls un \u0113rti lietojams.","status":"publish","sku":"1025SI","original":54649},"wpml":{"translation_type":1,"has_translations":true,"original":54649,"duplicates":[],"translations":{"lv":54649,"en":67280,"ru":null}},"supplier_id":null,"supplier_sku":"","barcode":null,"atum_controlled":true,"out_stock_date":null,"out_stock_threshold":null,"inheritable":false,"inbound_stock":null,"stock_on_hold":0,"sold_today":0,"sales_last_days":0,"reserved_stock":null,"customer_returns":null,"warehouse_damage":null,"lost_in_post":null,"other_logs":null,"out_stock_days":0,"lost_sales":0,"has_location":false,"update_date":"2026-01-02T04:04:27","atum_locations":[],"atum_stock_status":"instock","restock_status":false,"low_stock_amount":"","sales_update_date":"2025-11-13T14:08:48","calc_backorders":null,"yoast_head":"<!-- This site is optimized with the Yoast SEO plugin v27.3 - https:\/\/yoast.com\/product\/yoast-seo-wordpress\/ -->\n<title>Lifesystems - Trek - pirm\u0101s pal\u012bdz\u012bbas komplekts<\/title>\n<meta name=\"description\" content=\"Trek pirm\u0101s pal\u012bdz\u012bbas komplekts ir kompakts, viegls un \u0113rti lietojams. Piem\u0113rots t\u016brisma cien\u012bt\u0101jiem.\" \/>\n<meta name=\"robots\" content=\"index, follow, max-snippet:-1, max-image-preview:large, max-video-preview:-1\" \/>\n<link rel=\"canonical\" href=\"https:\/\/gohike.lv\/ru\/produkts\/lifesystems-trek-pirmas-palidzibas-komplekts\/\" \/>\n<meta property=\"og:locale\" content=\"ru_RU\" \/>\n<meta property=\"og:type\" content=\"article\" \/>\n<meta property=\"og:title\" content=\"Lifesystems - Sild\u012bt\u0101ji un izdz\u012bvo\u0161ana - Aptieci\u0146as\" \/>\n<meta property=\"og:description\" content=\"Trek pirm\u0101s pal\u012bdz\u012bbas komplekts ir kompakts, viegls un \u0113rti lietojams. Piem\u0113rots t\u016brisma cien\u012bt\u0101jiem.\" \/>\n<meta property=\"og:url\" content=\"https:\/\/gohike.lv\/ru\/produkts\/lifesystems-trek-pirmas-palidzibas-komplekts\/\" \/>\n<meta property=\"og:site_name\" content=\"GoHike\" \/>\n<meta property=\"article:publisher\" content=\"https:\/\/www.facebook.com\/gohike.shop\/\" \/>\n<meta property=\"article:modified_time\" content=\"2026-01-02T04:04:26+00:00\" \/>\n<meta property=\"og:image\" content=\"https:\/\/gohike.lv\/wp-content\/uploads\/2024\/05\/TrekAidKit_.webp\" \/>\n\t<meta property=\"og:image:width\" content=\"550\" \/>\n\t<meta property=\"og:image:height\" content=\"550\" \/>\n\t<meta property=\"og:image:type\" content=\"image\/webp\" \/>\n<meta name=\"twitter:card\" content=\"summary_large_image\" \/>\n<meta name=\"twitter:title\" content=\"Lifesystems - Sild\u012bt\u0101ji un izdz\u012bvo\u0161ana - Aptieci\u0146as\" \/>\n<meta name=\"twitter:label1\" content=\"\u041f\u0440\u0438\u043c\u0435\u0440\u043d\u043e\u0435 \u0432\u0440\u0435\u043c\u044f \u0434\u043b\u044f \u0447\u0442\u0435\u043d\u0438\u044f\" \/>\n\t<meta name=\"twitter:data1\" content=\"1 \u043c\u0438\u043d\u0443\u0442\u0430\" \/>\n<script type=\"application\/ld+json\" class=\"yoast-schema-graph\">{\"@context\":\"https:\\\/\\\/schema.org\",\"@graph\":[{\"@type\":[\"WebPage\",\"ItemPage\"],\"@id\":\"https:\\\/\\\/gohike.lv\\\/ru\\\/produkts\\\/lifesystems-trek-pirmas-palidzibas-komplekts\\\/\",\"url\":\"https:\\\/\\\/gohike.lv\\\/ru\\\/produkts\\\/lifesystems-trek-pirmas-palidzibas-komplekts\\\/\",\"name\":\"Lifesystems - Trek - pirm\u0101s pal\u012bdz\u012bbas komplekts\",\"isPartOf\":{\"@id\":\"https:\\\/\\\/gohike.lv\\\/ru\\\/#website\"},\"primaryImageOfPage\":{\"@id\":\"https:\\\/\\\/gohike.lv\\\/ru\\\/produkts\\\/lifesystems-trek-pirmas-palidzibas-komplekts\\\/#primaryimage\"},\"image\":{\"@id\":\"https:\\\/\\\/gohike.lv\\\/ru\\\/produkts\\\/lifesystems-trek-pirmas-palidzibas-komplekts\\\/#primaryimage\"},\"thumbnailUrl\":\"https:\\\/\\\/gohike.lv\\\/wp-content\\\/uploads\\\/2024\\\/05\\\/TrekAidKit_.webp\",\"datePublished\":\"2024-05-21T13:48:47+00:00\",\"dateModified\":\"2026-01-02T04:04:26+00:00\",\"description\":\"Trek pirm\u0101s pal\u012bdz\u012bbas komplekts ir kompakts, viegls un \u0113rti lietojams. Piem\u0113rots t\u016brisma cien\u012bt\u0101jiem.\",\"breadcrumb\":{\"@id\":\"https:\\\/\\\/gohike.lv\\\/ru\\\/produkts\\\/lifesystems-trek-pirmas-palidzibas-komplekts\\\/#breadcrumb\"},\"inLanguage\":\"ru-RU\",\"potentialAction\":[{\"@type\":\"ReadAction\",\"target\":[\"https:\\\/\\\/gohike.lv\\\/ru\\\/produkts\\\/lifesystems-trek-pirmas-palidzibas-komplekts\\\/\"]}]},{\"@type\":\"ImageObject\",\"inLanguage\":\"ru-RU\",\"@id\":\"https:\\\/\\\/gohike.lv\\\/ru\\\/produkts\\\/lifesystems-trek-pirmas-palidzibas-komplekts\\\/#primaryimage\",\"url\":\"https:\\\/\\\/gohike.lv\\\/wp-content\\\/uploads\\\/2024\\\/05\\\/TrekAidKit_.webp\",\"contentUrl\":\"https:\\\/\\\/gohike.lv\\\/wp-content\\\/uploads\\\/2024\\\/05\\\/TrekAidKit_.webp\",\"width\":550,\"height\":550},{\"@type\":\"BreadcrumbList\",\"@id\":\"https:\\\/\\\/gohike.lv\\\/ru\\\/produkts\\\/lifesystems-trek-pirmas-palidzibas-komplekts\\\/#breadcrumb\",\"itemListElement\":[{\"@type\":\"ListItem\",\"position\":1,\"name\":\"\u0413\u043b\u0430\u0432\u043d\u0430\u044f\",\"item\":\"https:\\\/\\\/gohike.lv\\\/ru\\\/\"},{\"@type\":\"ListItem\",\"position\":2,\"name\":\"\u041a\u0430\u0442\u0435\u0433\u043e\u0440\u0438\u0438 \u0442\u043e\u0432\u0430\u0440\u043e\u0432\",\"item\":\"https:\\\/\\\/gohike.lv\\\/%d0%ba%d0%b0%d1%82%d0%b5%d0%b3%d0%be%d1%80%d0%b8%d0%b8-%d1%82%d0%be%d0%b2%d0%b0%d1%80%d0%be%d0%b2\\\/\"},{\"@type\":\"ListItem\",\"position\":3,\"name\":\"Lifesystems &#8211; Trek pirm\u0101s pal\u012bdz\u012bbas komplekts\"}]},{\"@type\":\"WebSite\",\"@id\":\"https:\\\/\\\/gohike.lv\\\/ru\\\/#website\",\"url\":\"https:\\\/\\\/gohike.lv\\\/ru\\\/\",\"name\":\"GoHike\",\"description\":\"\",\"publisher\":{\"@id\":\"https:\\\/\\\/gohike.lv\\\/ru\\\/#organization\"},\"potentialAction\":[{\"@type\":\"SearchAction\",\"target\":{\"@type\":\"EntryPoint\",\"urlTemplate\":\"https:\\\/\\\/gohike.lv\\\/ru\\\/?s={search_term_string}\"},\"query-input\":{\"@type\":\"PropertyValueSpecification\",\"valueRequired\":true,\"valueName\":\"search_term_string\"}}],\"inLanguage\":\"ru-RU\"},{\"@type\":\"Organization\",\"@id\":\"https:\\\/\\\/gohike.lv\\\/ru\\\/#organization\",\"name\":\"GoHike\",\"url\":\"https:\\\/\\\/gohike.lv\\\/ru\\\/\",\"logo\":{\"@type\":\"ImageObject\",\"inLanguage\":\"ru-RU\",\"@id\":\"https:\\\/\\\/gohike.lv\\\/ru\\\/#\\\/schema\\\/logo\\\/image\\\/\",\"url\":\"https:\\\/\\\/gohike.lv\\\/wp-content\\\/uploads\\\/2023\\\/08\\\/Logo_GoHike.webp\",\"contentUrl\":\"https:\\\/\\\/gohike.lv\\\/wp-content\\\/uploads\\\/2023\\\/08\\\/Logo_GoHike.webp\",\"width\":512,\"height\":512,\"caption\":\"GoHike\"},\"image\":{\"@id\":\"https:\\\/\\\/gohike.lv\\\/ru\\\/#\\\/schema\\\/logo\\\/image\\\/\"},\"sameAs\":[\"https:\\\/\\\/www.facebook.com\\\/gohike.shop\\\/\",\"https:\\\/\\\/www.instagram.com\\\/gohike.shop\\\/\"]}]}<\/script>\n<!-- \/ Yoast SEO plugin. -->","yoast_head_json":{"title":"Lifesystems - Trek - pirm\u0101s pal\u012bdz\u012bbas komplekts","description":"Trek pirm\u0101s pal\u012bdz\u012bbas komplekts ir kompakts, viegls un \u0113rti lietojams. Piem\u0113rots t\u016brisma cien\u012bt\u0101jiem.","robots":{"index":"index","follow":"follow","max-snippet":"max-snippet:-1","max-image-preview":"max-image-preview:large","max-video-preview":"max-video-preview:-1"},"canonical":"https:\/\/gohike.lv\/ru\/produkts\/lifesystems-trek-pirmas-palidzibas-komplekts\/","og_locale":"ru_RU","og_type":"article","og_title":"Lifesystems - Sild\u012bt\u0101ji un izdz\u012bvo\u0161ana - Aptieci\u0146as","og_description":"Trek pirm\u0101s pal\u012bdz\u012bbas komplekts ir kompakts, viegls un \u0113rti lietojams. Piem\u0113rots t\u016brisma cien\u012bt\u0101jiem.","og_url":"https:\/\/gohike.lv\/ru\/produkts\/lifesystems-trek-pirmas-palidzibas-komplekts\/","og_site_name":"GoHike","article_publisher":"https:\/\/www.facebook.com\/gohike.shop\/","article_modified_time":"2026-01-02T04:04:26+00:00","og_image":[{"width":550,"height":550,"url":"https:\/\/gohike.lv\/wp-content\/uploads\/2024\/05\/TrekAidKit_.webp","type":"image\/webp"}],"twitter_card":"summary_large_image","twitter_title":"Lifesystems - Sild\u012bt\u0101ji un izdz\u012bvo\u0161ana - Aptieci\u0146as","twitter_misc":{"\u041f\u0440\u0438\u043c\u0435\u0440\u043d\u043e\u0435 \u0432\u0440\u0435\u043c\u044f \u0434\u043b\u044f \u0447\u0442\u0435\u043d\u0438\u044f":"1 \u043c\u0438\u043d\u0443\u0442\u0430"},"schema":{"@context":"https:\/\/schema.org","@graph":[{"@type":["WebPage","ItemPage"],"@id":"https:\/\/gohike.lv\/ru\/produkts\/lifesystems-trek-pirmas-palidzibas-komplekts\/","url":"https:\/\/gohike.lv\/ru\/produkts\/lifesystems-trek-pirmas-palidzibas-komplekts\/","name":"Lifesystems - Trek - pirm\u0101s pal\u012bdz\u012bbas komplekts","isPartOf":{"@id":"https:\/\/gohike.lv\/ru\/#website"},"primaryImageOfPage":{"@id":"https:\/\/gohike.lv\/ru\/produkts\/lifesystems-trek-pirmas-palidzibas-komplekts\/#primaryimage"},"image":{"@id":"https:\/\/gohike.lv\/ru\/produkts\/lifesystems-trek-pirmas-palidzibas-komplekts\/#primaryimage"},"thumbnailUrl":"https:\/\/gohike.lv\/wp-content\/uploads\/2024\/05\/TrekAidKit_.webp","datePublished":"2024-05-21T13:48:47+00:00","dateModified":"2026-01-02T04:04:26+00:00","description":"Trek pirm\u0101s pal\u012bdz\u012bbas komplekts ir kompakts, viegls un \u0113rti lietojams. Piem\u0113rots t\u016brisma cien\u012bt\u0101jiem.","breadcrumb":{"@id":"https:\/\/gohike.lv\/ru\/produkts\/lifesystems-trek-pirmas-palidzibas-komplekts\/#breadcrumb"},"inLanguage":"ru-RU","potentialAction":[{"@type":"ReadAction","target":["https:\/\/gohike.lv\/ru\/produkts\/lifesystems-trek-pirmas-palidzibas-komplekts\/"]}]},{"@type":"ImageObject","inLanguage":"ru-RU","@id":"https:\/\/gohike.lv\/ru\/produkts\/lifesystems-trek-pirmas-palidzibas-komplekts\/#primaryimage","url":"https:\/\/gohike.lv\/wp-content\/uploads\/2024\/05\/TrekAidKit_.webp","contentUrl":"https:\/\/gohike.lv\/wp-content\/uploads\/2024\/05\/TrekAidKit_.webp","width":550,"height":550},{"@type":"BreadcrumbList","@id":"https:\/\/gohike.lv\/ru\/produkts\/lifesystems-trek-pirmas-palidzibas-komplekts\/#breadcrumb","itemListElement":[{"@type":"ListItem","position":1,"name":"\u0413\u043b\u0430\u0432\u043d\u0430\u044f","item":"https:\/\/gohike.lv\/ru\/"},{"@type":"ListItem","position":2,"name":"\u041a\u0430\u0442\u0435\u0433\u043e\u0440\u0438\u0438 \u0442\u043e\u0432\u0430\u0440\u043e\u0432","item":"https:\/\/gohike.lv\/%d0%ba%d0%b0%d1%82%d0%b5%d0%b3%d0%be%d1%80%d0%b8%d0%b8-%d1%82%d0%be%d0%b2%d0%b0%d1%80%d0%be%d0%b2\/"},{"@type":"ListItem","position":3,"name":"Lifesystems &#8211; Trek pirm\u0101s pal\u012bdz\u012bbas komplekts"}]},{"@type":"WebSite","@id":"https:\/\/gohike.lv\/ru\/#website","url":"https:\/\/gohike.lv\/ru\/","name":"GoHike","description":"","publisher":{"@id":"https:\/\/gohike.lv\/ru\/#organization"},"potentialAction":[{"@type":"SearchAction","target":{"@type":"EntryPoint","urlTemplate":"https:\/\/gohike.lv\/ru\/?s={search_term_string}"},"query-input":{"@type":"PropertyValueSpecification","valueRequired":true,"valueName":"search_term_string"}}],"inLanguage":"ru-RU"},{"@type":"Organization","@id":"https:\/\/gohike.lv\/ru\/#organization","name":"GoHike","url":"https:\/\/gohike.lv\/ru\/","logo":{"@type":"ImageObject","inLanguage":"ru-RU","@id":"https:\/\/gohike.lv\/ru\/#\/schema\/logo\/image\/","url":"https:\/\/gohike.lv\/wp-content\/uploads\/2023\/08\/Logo_GoHike.webp","contentUrl":"https:\/\/gohike.lv\/wp-content\/uploads\/2023\/08\/Logo_GoHike.webp","width":512,"height":512,"caption":"GoHike"},"image":{"@id":"https:\/\/gohike.lv\/ru\/#\/schema\/logo\/image\/"},"sameAs":["https:\/\/www.facebook.com\/gohike.shop\/","https:\/\/www.instagram.com\/gohike.shop\/"]}]}},"jetpack_sharing_enabled":true,"_links":{"self":[{"href":"https:\/\/gohike.lv\/ru\/wp-json\/wp\/v2\/product\/54649","targetHints":{"allow":["GET"]}}],"collection":[{"href":"https:\/\/gohike.lv\/ru\/wp-json\/wp\/v2\/product"}],"about":[{"href":"https:\/\/gohike.lv\/ru\/wp-json\/wp\/v2\/types\/product"}],"version-history":[{"count":0,"href":"https:\/\/gohike.lv\/ru\/wp-json\/wp\/v2\/product\/54649\/revisions"}],"wp:featuredmedia":[{"embeddable":true,"href":"https:\/\/gohike.lv\/ru\/wp-json\/wp\/v2\/media\/54651"}],"wp:attachment":[{"href":"https:\/\/gohike.lv\/ru\/wp-json\/wp\/v2\/media?parent=54649"}],"wp:term":[{"taxonomy":"product_brand","embeddable":true,"href":"https:\/\/gohike.lv\/ru\/wp-json\/wp\/v2\/product_brand?post=54649"},{"taxonomy":"product_cat","embeddable":true,"href":"https:\/\/gohike.lv\/ru\/wp-json\/wp\/v2\/product_cat?post=54649"},{"taxonomy":"product_tag","embeddable":true,"href":"https:\/\/gohike.lv\/ru\/wp-json\/wp\/v2\/product_tag?post=54649"}],"curies":[{"name":"wp","href":"https:\/\/api.w.org\/{rel}","templated":true}]}}