{"id":54623,"date":"2024-09-06T16:19:10","date_gmt":"2024-09-06T13:19:10","guid":{"rendered":"https:\/\/gohike.lv\/produkts\/science-in-sport-energijas-batonins-sis-go-energy-chocolate-fudge-40g\/"},"modified":"2025-12-30T17:24:30","modified_gmt":"2025-12-30T14:24:30","slug":"science-in-sport-energijas-batonins-sis-go-energy-chocolate-fudge-40g","status":"publish","type":"product","link":"https:\/\/gohike.lv\/ru\/produkts\/science-in-sport-energijas-batonins-sis-go-energy-chocolate-fudge-40g\/","title":{"rendered":"Science In Sport &#8212; Ener\u0123ijas batoni\u0146\u0161 SiS Go Energy Chocolate Fudge 40g"},"content":{"rendered":"<p>GO Energy bato\u0146i\u0146s ir barojo\u0161s, viegli sagremojams un ar augstu og\u013chidr\u0101tu saturu. Uzkoda no aug\u013ciem un vesel\u012bg\u0101m sast\u0101vda\u013c\u0101m.<br \/>\nGO Energy Bar nodro\u0161ina praktisku un barojo\u0161u pieeju og\u013chidr\u0101tu nodro\u0161in\u0101\u0161anai treni\u0146a laik\u0101.<br \/>\nTo ir pier\u0101d\u012bju\u0161i t\u016bksto\u0161iem sportistu pasaules gr\u016bt\u0101kaj\u0101s sac\u012bkst\u0113s.<br \/>\nKatr\u0101 batoni\u0146\u0101 ir 25 grami og\u013chidr\u0101tu, 4,5 grami olbaltumvielu, 2 grami tauku.<br \/>\nIzgatavots no dab\u012bg\u0101m aug\u013cu sast\u0101vda\u013c\u0101m.<br \/>\nPiem\u0113rots ve\u0123et\u0101rie\u0161iem.<br \/>\nBBE: vismaz 3 m\u0113ne\u0161i.<\/p>\n","protected":false},"excerpt":{"rendered":"<p>40 g batoni\u0146\u0161, kas noder\u0113s pirms treni\u0146a un t\u0101 laik\u0101.<\/p>\n","protected":false},"featured_media":54625,"template":"","meta":[],"product_brand":[214],"product_cat":[896],"product_tag":[],"class_list":{"0":"post-54623","1":"product","2":"type-product","3":"status-publish","4":"has-post-thumbnail","6":"product_brand-scienceinsport-lv","7":"product_cat-turistu-partika-un-dzerieni","8":"pa_produkta-tips-uzkodas-un-dzerieni","10":"first","11":"outofstock","12":"taxable","13":"shipping-taxable","14":"purchasable","15":"product-type-simple"},"raw_content":{"name":"Science In Sport - Ener\u0123ijas batoni\u0146\u0161 SiS Go Energy Chocolate Fudge 40g","description":"GO Energy bato\u0146i\u0146s ir barojo\u0161s, viegli sagremojams un ar augstu og\u013chidr\u0101tu saturu. Uzkoda no aug\u013ciem un vesel\u012bg\u0101m sast\u0101vda\u013c\u0101m.\nGO Energy Bar nodro\u0161ina praktisku un barojo\u0161u pieeju og\u013chidr\u0101tu nodro\u0161in\u0101\u0161anai treni\u0146a laik\u0101.\nTo ir pier\u0101d\u012bju\u0161i t\u016bksto\u0161iem sportistu pasaules gr\u016bt\u0101kaj\u0101s sac\u012bkst\u0113s.\nKatr\u0101 batoni\u0146\u0101 ir 25 grami og\u013chidr\u0101tu, 4,5 grami olbaltumvielu, 2 grami tauku.\nIzgatavots no dab\u012bg\u0101m aug\u013cu sast\u0101vda\u013c\u0101m.\nPiem\u0113rots ve\u0123et\u0101rie\u0161iem.\nBBE: vismaz 3 m\u0113ne\u0161i.","short_description":"40 g batoni\u0146\u0161, kas noder\u0113s pirms treni\u0146a un t\u0101 laik\u0101.","status":"publish","sku":"5025324190553","original":54623},"wpml":{"translation_type":1,"has_translations":true,"original":54623,"duplicates":[],"translations":{"lv":54623,"en":67083,"ru":null}},"supplier_id":null,"supplier_sku":"","barcode":null,"atum_controlled":true,"out_stock_date":null,"out_stock_threshold":null,"inheritable":false,"inbound_stock":null,"stock_on_hold":0,"sold_today":0,"sales_last_days":0,"reserved_stock":null,"customer_returns":null,"warehouse_damage":null,"lost_in_post":null,"other_logs":null,"out_stock_days":0,"lost_sales":0,"has_location":null,"update_date":"2025-12-30T14:30:31","atum_locations":[],"atum_stock_status":"outofstock","restock_status":false,"low_stock_amount":"","sales_update_date":"2025-11-13T14:08:05","calc_backorders":null,"yoast_head":"<!-- This site is optimized with the Yoast SEO plugin v27.3 - https:\/\/yoast.com\/product\/yoast-seo-wordpress\/ -->\n<title>Science In Sport - Ener\u0123ijas batoni\u0146\u0161 SiS Go Energy Chocolate Fudge 40g<\/title>\n<meta name=\"description\" content=\"40 g batoni\u0146\u0161, kas noder\u0113s pirms treni\u0146a un t\u0101 laik\u0101.\" \/>\n<meta name=\"robots\" content=\"index, follow, max-snippet:-1, max-image-preview:large, max-video-preview:-1\" \/>\n<link rel=\"canonical\" href=\"https:\/\/gohike.lv\/ru\/produkts\/science-in-sport-energijas-batonins-sis-go-energy-chocolate-fudge-40g\/\" \/>\n<meta property=\"og:locale\" content=\"ru_RU\" \/>\n<meta property=\"og:type\" content=\"article\" \/>\n<meta property=\"og:title\" content=\"T\u016bristu p\u0101rtika - Science In Sport Ener\u0123ijas batoni\u0146\u0161 SiS Go Energy Chocolate Fudge 40g\" \/>\n<meta property=\"og:description\" content=\"40 g batoni\u0146\u0161, kas noder\u0113s pirms treni\u0146a un t\u0101 laik\u0101.\" \/>\n<meta property=\"og:url\" content=\"https:\/\/gohike.lv\/ru\/produkts\/science-in-sport-energijas-batonins-sis-go-energy-chocolate-fudge-40g\/\" \/>\n<meta property=\"og:site_name\" content=\"GoHike\" \/>\n<meta property=\"article:publisher\" content=\"https:\/\/www.facebook.com\/gohike.shop\/\" \/>\n<meta property=\"article:modified_time\" content=\"2025-12-30T14:24:30+00:00\" \/>\n<meta property=\"og:image\" content=\"https:\/\/gohike.lv\/wp-content\/uploads\/2024\/05\/ChocoFudge.png\" \/>\n\t<meta property=\"og:image:width\" content=\"1000\" \/>\n\t<meta property=\"og:image:height\" content=\"1000\" \/>\n\t<meta property=\"og:image:type\" content=\"image\/png\" \/>\n<meta name=\"twitter:card\" content=\"summary_large_image\" \/>\n<meta name=\"twitter:title\" content=\"T\u016bristu p\u0101rtika - Science In Sport Ener\u0123ijas batoni\u0146\u0161 SiS Go Energy Chocolate Fudge 40g\" \/>\n<meta name=\"twitter:label1\" content=\"\u041f\u0440\u0438\u043c\u0435\u0440\u043d\u043e\u0435 \u0432\u0440\u0435\u043c\u044f \u0434\u043b\u044f \u0447\u0442\u0435\u043d\u0438\u044f\" \/>\n\t<meta name=\"twitter:data1\" content=\"1 \u043c\u0438\u043d\u0443\u0442\u0430\" \/>\n<script type=\"application\/ld+json\" class=\"yoast-schema-graph\">{\"@context\":\"https:\\\/\\\/schema.org\",\"@graph\":[{\"@type\":[\"WebPage\",\"ItemPage\"],\"@id\":\"https:\\\/\\\/gohike.lv\\\/ru\\\/produkts\\\/science-in-sport-energijas-batonins-sis-go-energy-chocolate-fudge-40g\\\/\",\"url\":\"https:\\\/\\\/gohike.lv\\\/ru\\\/produkts\\\/science-in-sport-energijas-batonins-sis-go-energy-chocolate-fudge-40g\\\/\",\"name\":\"Science In Sport - Ener\u0123ijas batoni\u0146\u0161 SiS Go Energy Chocolate Fudge 40g\",\"isPartOf\":{\"@id\":\"https:\\\/\\\/gohike.lv\\\/ru\\\/#website\"},\"primaryImageOfPage\":{\"@id\":\"https:\\\/\\\/gohike.lv\\\/ru\\\/produkts\\\/science-in-sport-energijas-batonins-sis-go-energy-chocolate-fudge-40g\\\/#primaryimage\"},\"image\":{\"@id\":\"https:\\\/\\\/gohike.lv\\\/ru\\\/produkts\\\/science-in-sport-energijas-batonins-sis-go-energy-chocolate-fudge-40g\\\/#primaryimage\"},\"thumbnailUrl\":\"https:\\\/\\\/gohike.lv\\\/wp-content\\\/uploads\\\/2024\\\/05\\\/ChocoFudge.png\",\"datePublished\":\"2024-09-06T13:19:10+00:00\",\"dateModified\":\"2025-12-30T14:24:30+00:00\",\"description\":\"40 g batoni\u0146\u0161, kas noder\u0113s pirms treni\u0146a un t\u0101 laik\u0101.\",\"breadcrumb\":{\"@id\":\"https:\\\/\\\/gohike.lv\\\/ru\\\/produkts\\\/science-in-sport-energijas-batonins-sis-go-energy-chocolate-fudge-40g\\\/#breadcrumb\"},\"inLanguage\":\"ru-RU\",\"potentialAction\":[{\"@type\":\"ReadAction\",\"target\":[\"https:\\\/\\\/gohike.lv\\\/ru\\\/produkts\\\/science-in-sport-energijas-batonins-sis-go-energy-chocolate-fudge-40g\\\/\"]}]},{\"@type\":\"ImageObject\",\"inLanguage\":\"ru-RU\",\"@id\":\"https:\\\/\\\/gohike.lv\\\/ru\\\/produkts\\\/science-in-sport-energijas-batonins-sis-go-energy-chocolate-fudge-40g\\\/#primaryimage\",\"url\":\"https:\\\/\\\/gohike.lv\\\/wp-content\\\/uploads\\\/2024\\\/05\\\/ChocoFudge.png\",\"contentUrl\":\"https:\\\/\\\/gohike.lv\\\/wp-content\\\/uploads\\\/2024\\\/05\\\/ChocoFudge.png\",\"width\":1000,\"height\":1000},{\"@type\":\"BreadcrumbList\",\"@id\":\"https:\\\/\\\/gohike.lv\\\/ru\\\/produkts\\\/science-in-sport-energijas-batonins-sis-go-energy-chocolate-fudge-40g\\\/#breadcrumb\",\"itemListElement\":[{\"@type\":\"ListItem\",\"position\":1,\"name\":\"\u0413\u043b\u0430\u0432\u043d\u0430\u044f\",\"item\":\"https:\\\/\\\/gohike.lv\\\/ru\\\/\"},{\"@type\":\"ListItem\",\"position\":2,\"name\":\"\u041a\u0430\u0442\u0435\u0433\u043e\u0440\u0438\u0438 \u0442\u043e\u0432\u0430\u0440\u043e\u0432\",\"item\":\"https:\\\/\\\/gohike.lv\\\/%d0%ba%d0%b0%d1%82%d0%b5%d0%b3%d0%be%d1%80%d0%b8%d0%b8-%d1%82%d0%be%d0%b2%d0%b0%d1%80%d0%be%d0%b2\\\/\"},{\"@type\":\"ListItem\",\"position\":3,\"name\":\"Science In Sport &#8211; Ener\u0123ijas batoni\u0146\u0161 SiS Go Energy Chocolate Fudge 40g\"}]},{\"@type\":\"WebSite\",\"@id\":\"https:\\\/\\\/gohike.lv\\\/ru\\\/#website\",\"url\":\"https:\\\/\\\/gohike.lv\\\/ru\\\/\",\"name\":\"GoHike\",\"description\":\"\",\"publisher\":{\"@id\":\"https:\\\/\\\/gohike.lv\\\/ru\\\/#organization\"},\"potentialAction\":[{\"@type\":\"SearchAction\",\"target\":{\"@type\":\"EntryPoint\",\"urlTemplate\":\"https:\\\/\\\/gohike.lv\\\/ru\\\/?s={search_term_string}\"},\"query-input\":{\"@type\":\"PropertyValueSpecification\",\"valueRequired\":true,\"valueName\":\"search_term_string\"}}],\"inLanguage\":\"ru-RU\"},{\"@type\":\"Organization\",\"@id\":\"https:\\\/\\\/gohike.lv\\\/ru\\\/#organization\",\"name\":\"GoHike\",\"url\":\"https:\\\/\\\/gohike.lv\\\/ru\\\/\",\"logo\":{\"@type\":\"ImageObject\",\"inLanguage\":\"ru-RU\",\"@id\":\"https:\\\/\\\/gohike.lv\\\/ru\\\/#\\\/schema\\\/logo\\\/image\\\/\",\"url\":\"https:\\\/\\\/gohike.lv\\\/wp-content\\\/uploads\\\/2023\\\/08\\\/Logo_GoHike.webp\",\"contentUrl\":\"https:\\\/\\\/gohike.lv\\\/wp-content\\\/uploads\\\/2023\\\/08\\\/Logo_GoHike.webp\",\"width\":512,\"height\":512,\"caption\":\"GoHike\"},\"image\":{\"@id\":\"https:\\\/\\\/gohike.lv\\\/ru\\\/#\\\/schema\\\/logo\\\/image\\\/\"},\"sameAs\":[\"https:\\\/\\\/www.facebook.com\\\/gohike.shop\\\/\",\"https:\\\/\\\/www.instagram.com\\\/gohike.shop\\\/\"]}]}<\/script>\n<!-- \/ Yoast SEO plugin. -->","yoast_head_json":{"title":"Science In Sport - Ener\u0123ijas batoni\u0146\u0161 SiS Go Energy Chocolate Fudge 40g","description":"40 g batoni\u0146\u0161, kas noder\u0113s pirms treni\u0146a un t\u0101 laik\u0101.","robots":{"index":"index","follow":"follow","max-snippet":"max-snippet:-1","max-image-preview":"max-image-preview:large","max-video-preview":"max-video-preview:-1"},"canonical":"https:\/\/gohike.lv\/ru\/produkts\/science-in-sport-energijas-batonins-sis-go-energy-chocolate-fudge-40g\/","og_locale":"ru_RU","og_type":"article","og_title":"T\u016bristu p\u0101rtika - Science In Sport Ener\u0123ijas batoni\u0146\u0161 SiS Go Energy Chocolate Fudge 40g","og_description":"40 g batoni\u0146\u0161, kas noder\u0113s pirms treni\u0146a un t\u0101 laik\u0101.","og_url":"https:\/\/gohike.lv\/ru\/produkts\/science-in-sport-energijas-batonins-sis-go-energy-chocolate-fudge-40g\/","og_site_name":"GoHike","article_publisher":"https:\/\/www.facebook.com\/gohike.shop\/","article_modified_time":"2025-12-30T14:24:30+00:00","og_image":[{"width":1000,"height":1000,"url":"https:\/\/gohike.lv\/wp-content\/uploads\/2024\/05\/ChocoFudge.png","type":"image\/png"}],"twitter_card":"summary_large_image","twitter_title":"T\u016bristu p\u0101rtika - Science In Sport Ener\u0123ijas batoni\u0146\u0161 SiS Go Energy Chocolate Fudge 40g","twitter_misc":{"\u041f\u0440\u0438\u043c\u0435\u0440\u043d\u043e\u0435 \u0432\u0440\u0435\u043c\u044f \u0434\u043b\u044f \u0447\u0442\u0435\u043d\u0438\u044f":"1 \u043c\u0438\u043d\u0443\u0442\u0430"},"schema":{"@context":"https:\/\/schema.org","@graph":[{"@type":["WebPage","ItemPage"],"@id":"https:\/\/gohike.lv\/ru\/produkts\/science-in-sport-energijas-batonins-sis-go-energy-chocolate-fudge-40g\/","url":"https:\/\/gohike.lv\/ru\/produkts\/science-in-sport-energijas-batonins-sis-go-energy-chocolate-fudge-40g\/","name":"Science In Sport - Ener\u0123ijas batoni\u0146\u0161 SiS Go Energy Chocolate Fudge 40g","isPartOf":{"@id":"https:\/\/gohike.lv\/ru\/#website"},"primaryImageOfPage":{"@id":"https:\/\/gohike.lv\/ru\/produkts\/science-in-sport-energijas-batonins-sis-go-energy-chocolate-fudge-40g\/#primaryimage"},"image":{"@id":"https:\/\/gohike.lv\/ru\/produkts\/science-in-sport-energijas-batonins-sis-go-energy-chocolate-fudge-40g\/#primaryimage"},"thumbnailUrl":"https:\/\/gohike.lv\/wp-content\/uploads\/2024\/05\/ChocoFudge.png","datePublished":"2024-09-06T13:19:10+00:00","dateModified":"2025-12-30T14:24:30+00:00","description":"40 g batoni\u0146\u0161, kas noder\u0113s pirms treni\u0146a un t\u0101 laik\u0101.","breadcrumb":{"@id":"https:\/\/gohike.lv\/ru\/produkts\/science-in-sport-energijas-batonins-sis-go-energy-chocolate-fudge-40g\/#breadcrumb"},"inLanguage":"ru-RU","potentialAction":[{"@type":"ReadAction","target":["https:\/\/gohike.lv\/ru\/produkts\/science-in-sport-energijas-batonins-sis-go-energy-chocolate-fudge-40g\/"]}]},{"@type":"ImageObject","inLanguage":"ru-RU","@id":"https:\/\/gohike.lv\/ru\/produkts\/science-in-sport-energijas-batonins-sis-go-energy-chocolate-fudge-40g\/#primaryimage","url":"https:\/\/gohike.lv\/wp-content\/uploads\/2024\/05\/ChocoFudge.png","contentUrl":"https:\/\/gohike.lv\/wp-content\/uploads\/2024\/05\/ChocoFudge.png","width":1000,"height":1000},{"@type":"BreadcrumbList","@id":"https:\/\/gohike.lv\/ru\/produkts\/science-in-sport-energijas-batonins-sis-go-energy-chocolate-fudge-40g\/#breadcrumb","itemListElement":[{"@type":"ListItem","position":1,"name":"\u0413\u043b\u0430\u0432\u043d\u0430\u044f","item":"https:\/\/gohike.lv\/ru\/"},{"@type":"ListItem","position":2,"name":"\u041a\u0430\u0442\u0435\u0433\u043e\u0440\u0438\u0438 \u0442\u043e\u0432\u0430\u0440\u043e\u0432","item":"https:\/\/gohike.lv\/%d0%ba%d0%b0%d1%82%d0%b5%d0%b3%d0%be%d1%80%d0%b8%d0%b8-%d1%82%d0%be%d0%b2%d0%b0%d1%80%d0%be%d0%b2\/"},{"@type":"ListItem","position":3,"name":"Science In Sport &#8211; Ener\u0123ijas batoni\u0146\u0161 SiS Go Energy Chocolate Fudge 40g"}]},{"@type":"WebSite","@id":"https:\/\/gohike.lv\/ru\/#website","url":"https:\/\/gohike.lv\/ru\/","name":"GoHike","description":"","publisher":{"@id":"https:\/\/gohike.lv\/ru\/#organization"},"potentialAction":[{"@type":"SearchAction","target":{"@type":"EntryPoint","urlTemplate":"https:\/\/gohike.lv\/ru\/?s={search_term_string}"},"query-input":{"@type":"PropertyValueSpecification","valueRequired":true,"valueName":"search_term_string"}}],"inLanguage":"ru-RU"},{"@type":"Organization","@id":"https:\/\/gohike.lv\/ru\/#organization","name":"GoHike","url":"https:\/\/gohike.lv\/ru\/","logo":{"@type":"ImageObject","inLanguage":"ru-RU","@id":"https:\/\/gohike.lv\/ru\/#\/schema\/logo\/image\/","url":"https:\/\/gohike.lv\/wp-content\/uploads\/2023\/08\/Logo_GoHike.webp","contentUrl":"https:\/\/gohike.lv\/wp-content\/uploads\/2023\/08\/Logo_GoHike.webp","width":512,"height":512,"caption":"GoHike"},"image":{"@id":"https:\/\/gohike.lv\/ru\/#\/schema\/logo\/image\/"},"sameAs":["https:\/\/www.facebook.com\/gohike.shop\/","https:\/\/www.instagram.com\/gohike.shop\/"]}]}},"jetpack_sharing_enabled":true,"_links":{"self":[{"href":"https:\/\/gohike.lv\/ru\/wp-json\/wp\/v2\/product\/54623","targetHints":{"allow":["GET"]}}],"collection":[{"href":"https:\/\/gohike.lv\/ru\/wp-json\/wp\/v2\/product"}],"about":[{"href":"https:\/\/gohike.lv\/ru\/wp-json\/wp\/v2\/types\/product"}],"version-history":[{"count":0,"href":"https:\/\/gohike.lv\/ru\/wp-json\/wp\/v2\/product\/54623\/revisions"}],"wp:featuredmedia":[{"embeddable":true,"href":"https:\/\/gohike.lv\/ru\/wp-json\/wp\/v2\/media\/54625"}],"wp:attachment":[{"href":"https:\/\/gohike.lv\/ru\/wp-json\/wp\/v2\/media?parent=54623"}],"wp:term":[{"taxonomy":"product_brand","embeddable":true,"href":"https:\/\/gohike.lv\/ru\/wp-json\/wp\/v2\/product_brand?post=54623"},{"taxonomy":"product_cat","embeddable":true,"href":"https:\/\/gohike.lv\/ru\/wp-json\/wp\/v2\/product_cat?post=54623"},{"taxonomy":"product_tag","embeddable":true,"href":"https:\/\/gohike.lv\/ru\/wp-json\/wp\/v2\/product_tag?post=54623"}],"curies":[{"name":"wp","href":"https:\/\/api.w.org\/{rel}","templated":true}]}}