{"id":54557,"date":"2024-05-21T14:16:03","date_gmt":"2024-05-21T11:16:03","guid":{"rendered":"https:\/\/gohike.lv\/produkts\/simano-pulsar-tums-zals\/"},"modified":"2025-12-30T17:24:34","modified_gmt":"2025-12-30T14:24:34","slug":"simano-pulsar-tumsi-zalas","status":"publish","type":"product","link":"https:\/\/gohike.lv\/ru\/produkts\/simano-pulsar-tumsi-zalas\/","title":{"rendered":"Shimano &#8212; PULSAR &#8212; Tum\u0161i za\u013cas"},"content":{"rendered":"<p>R\u0100MIS<br \/>\n-Dubults, netoksisks TPE p\u0101rkl\u0101jums;<br \/>\n-Viegls un iztur\u012bgs Grilamid TR-91 materi\u0101ls;<br \/>\n-CNC tehnolo\u0123ija, lai ieg\u016btu maksim\u0101lu precizit\u0101ti, simetriju un kvalit\u0101ti.<br \/>\nL\u0112CAS<br \/>\n-RIDESCAPE HC augstas kvalit\u0101tes l\u0113cas blo\u0137\u0113 gaismas starus un uzlabo redzam\u012bbu;<br \/>\n-UV400 aizsardz\u012bba;<br \/>\n-Hidrofobs p\u0101rkl\u0101jums atgr\u016b\u017e \u016bdeni, uztur l\u0113cas t\u012br\u0101kas, nov\u0113r\u0161 aizsv\u012b\u0161anu;<br \/>\n-\u012apa\u0161a pretskr\u0101p\u0113jumu apstr\u0101de;<br \/>\n-\u012apa\u0161i vieglas un triecieniztur\u012bgas poliam\u012bda (PA) l\u0113cas, kas uzlabo dzidrumu.<br \/>\nKOMPLEKT\u0100<br \/>\n-bri\u013c\u013cu futl\u0101ris.<\/p>\n","protected":false},"excerpt":{"rendered":"<p>Vieglas, augstas kvalit\u0101tes saulesbrilles ar pretskr\u0101p\u0113jumu p\u0101rkl\u0101jumu. Komplekt\u0101 ietilpst bri\u013c\u013cu futl\u0101ris.<\/p>\n","protected":false},"featured_media":54559,"template":"","meta":[],"product_brand":[1683],"product_cat":[6942],"product_tag":[],"class_list":{"0":"post-54557","1":"product","2":"type-product","3":"status-publish","4":"has-post-thumbnail","6":"product_brand-shimano-lv","7":"product_cat-saulesbrilles","8":"pa_atskaites-svars-g-25-5","9":"pa_hidrofobs-parklajums-ja","10":"pa_leca-ridescape-sc","11":"pa_lecas-tips-hc","12":"pa_lecu-materials-poliamids-pa","13":"pa_modela-gads-9163","14":"pa_piederumi-brillu-somina","15":"pa_pretskrapejumu-parklajums-ja","16":"pa_produkta-tips-saulesbrilles","17":"pa_ridescape-sc-ja","18":"pa_segments-kategorija-visa-karta","20":"first","21":"outofstock","22":"taxable","23":"shipping-taxable","24":"purchasable","25":"product-type-simple"},"raw_content":{"name":"Shimano - PULSAR - Tum\u0161i za\u013cas","description":"R\u0100MIS\n-Dubults, netoksisks TPE p\u0101rkl\u0101jums;\n-Viegls un iztur\u012bgs Grilamid TR-91 materi\u0101ls;\n-CNC tehnolo\u0123ija, lai ieg\u016btu maksim\u0101lu precizit\u0101ti, simetriju un kvalit\u0101ti.\nL\u0112CAS\n-RIDESCAPE HC augstas kvalit\u0101tes l\u0113cas blo\u0137\u0113 gaismas starus un uzlabo redzam\u012bbu;\n-UV400 aizsardz\u012bba;\n-Hidrofobs p\u0101rkl\u0101jums atgr\u016b\u017e \u016bdeni, uztur l\u0113cas t\u012br\u0101kas, nov\u0113r\u0161 aizsv\u012b\u0161anu;\n-\u012apa\u0161a pretskr\u0101p\u0113jumu apstr\u0101de;\n-\u012apa\u0161i vieglas un triecieniztur\u012bgas poliam\u012bda (PA) l\u0113cas, kas uzlabo dzidrumu.\nKOMPLEKT\u0100\n-bri\u013c\u013cu futl\u0101ris.","short_description":"Vieglas, augstas kvalit\u0101tes saulesbrilles ar pretskr\u0101p\u0113jumu p\u0101rkl\u0101jumu. Komplekt\u0101 ietilpst bri\u013c\u013cu futl\u0101ris.","status":"publish","sku":"CE PLSR-2gr","original":54557},"wpml":{"translation_type":1,"has_translations":true,"original":54557,"duplicates":[],"translations":{"lv":54557,"en":67273,"ru":null}},"supplier_id":null,"supplier_sku":"","barcode":null,"atum_controlled":true,"out_stock_date":null,"out_stock_threshold":null,"inheritable":false,"inbound_stock":null,"stock_on_hold":0,"sold_today":0,"sales_last_days":0,"reserved_stock":null,"customer_returns":null,"warehouse_damage":null,"lost_in_post":null,"other_logs":null,"out_stock_days":0,"lost_sales":0,"has_location":null,"update_date":"2025-12-30T14:30:34","atum_locations":[],"atum_stock_status":"outofstock","restock_status":false,"low_stock_amount":"","sales_update_date":"2025-11-13T14:09:02","calc_backorders":null,"yoast_head":"<!-- This site is optimized with the Yoast SEO plugin v27.3 - https:\/\/yoast.com\/product\/yoast-seo-wordpress\/ -->\n<title>Shimano - PULSAR - Tum\u0161i za\u013cas<\/title>\n<meta name=\"description\" content=\"Vieglas, augstas kvalit\u0101tes saulesbrilles ar pretskr\u0101p\u0113jumu p\u0101rkl\u0101jumu. Komplekt\u0101 ietilpst bri\u013c\u013cu futl\u0101ris.\" \/>\n<meta name=\"robots\" content=\"index, follow, max-snippet:-1, max-image-preview:large, max-video-preview:-1\" \/>\n<link rel=\"canonical\" href=\"https:\/\/gohike.lv\/ru\/produkts\/simano-pulsar-tumsi-zalas\/\" \/>\n<meta property=\"og:locale\" content=\"ru_RU\" \/>\n<meta property=\"og:type\" content=\"article\" \/>\n<meta property=\"og:title\" content=\"Saulesbrilles - \u0160imano PULSAR Tum\u0161 za\u013c\u0161\" \/>\n<meta property=\"og:description\" content=\"Vieglas, augstas kvalit\u0101tes saulesbrilles ar pretskr\u0101p\u0113jumu p\u0101rkl\u0101jumu. Komplekt\u0101 ietilpst bri\u013c\u013cu futl\u0101ris.\" \/>\n<meta property=\"og:url\" content=\"https:\/\/gohike.lv\/ru\/produkts\/simano-pulsar-tumsi-zalas\/\" \/>\n<meta property=\"og:site_name\" content=\"GoHike\" \/>\n<meta property=\"article:publisher\" content=\"https:\/\/www.facebook.com\/gohike.shop\/\" \/>\n<meta property=\"article:modified_time\" content=\"2025-12-30T14:24:34+00:00\" \/>\n<meta property=\"og:image\" content=\"https:\/\/gohike.lv\/wp-content\/uploads\/2024\/05\/PulsarGreen.png\" \/>\n\t<meta property=\"og:image:width\" content=\"1280\" \/>\n\t<meta property=\"og:image:height\" content=\"1280\" \/>\n\t<meta property=\"og:image:type\" content=\"image\/png\" \/>\n<meta name=\"twitter:card\" content=\"summary_large_image\" \/>\n<meta name=\"twitter:title\" content=\"Saulesbrilles - \u0160imano PULSAR Tum\u0161 za\u013c\u0161\" \/>\n<meta name=\"twitter:label1\" content=\"\u041f\u0440\u0438\u043c\u0435\u0440\u043d\u043e\u0435 \u0432\u0440\u0435\u043c\u044f \u0434\u043b\u044f \u0447\u0442\u0435\u043d\u0438\u044f\" \/>\n\t<meta name=\"twitter:data1\" content=\"1 \u043c\u0438\u043d\u0443\u0442\u0430\" \/>\n<script type=\"application\/ld+json\" class=\"yoast-schema-graph\">{\"@context\":\"https:\\\/\\\/schema.org\",\"@graph\":[{\"@type\":[\"WebPage\",\"ItemPage\"],\"@id\":\"https:\\\/\\\/gohike.lv\\\/ru\\\/produkts\\\/simano-pulsar-tumsi-zalas\\\/\",\"url\":\"https:\\\/\\\/gohike.lv\\\/ru\\\/produkts\\\/simano-pulsar-tumsi-zalas\\\/\",\"name\":\"Shimano - PULSAR - Tum\u0161i za\u013cas\",\"isPartOf\":{\"@id\":\"https:\\\/\\\/gohike.lv\\\/ru\\\/#website\"},\"primaryImageOfPage\":{\"@id\":\"https:\\\/\\\/gohike.lv\\\/ru\\\/produkts\\\/simano-pulsar-tumsi-zalas\\\/#primaryimage\"},\"image\":{\"@id\":\"https:\\\/\\\/gohike.lv\\\/ru\\\/produkts\\\/simano-pulsar-tumsi-zalas\\\/#primaryimage\"},\"thumbnailUrl\":\"https:\\\/\\\/gohike.lv\\\/wp-content\\\/uploads\\\/2024\\\/05\\\/PulsarGreen.png\",\"datePublished\":\"2024-05-21T11:16:03+00:00\",\"dateModified\":\"2025-12-30T14:24:34+00:00\",\"description\":\"Vieglas, augstas kvalit\u0101tes saulesbrilles ar pretskr\u0101p\u0113jumu p\u0101rkl\u0101jumu. Komplekt\u0101 ietilpst bri\u013c\u013cu futl\u0101ris.\",\"breadcrumb\":{\"@id\":\"https:\\\/\\\/gohike.lv\\\/ru\\\/produkts\\\/simano-pulsar-tumsi-zalas\\\/#breadcrumb\"},\"inLanguage\":\"ru-RU\",\"potentialAction\":[{\"@type\":\"ReadAction\",\"target\":[\"https:\\\/\\\/gohike.lv\\\/ru\\\/produkts\\\/simano-pulsar-tumsi-zalas\\\/\"]}]},{\"@type\":\"ImageObject\",\"inLanguage\":\"ru-RU\",\"@id\":\"https:\\\/\\\/gohike.lv\\\/ru\\\/produkts\\\/simano-pulsar-tumsi-zalas\\\/#primaryimage\",\"url\":\"https:\\\/\\\/gohike.lv\\\/wp-content\\\/uploads\\\/2024\\\/05\\\/PulsarGreen.png\",\"contentUrl\":\"https:\\\/\\\/gohike.lv\\\/wp-content\\\/uploads\\\/2024\\\/05\\\/PulsarGreen.png\",\"width\":1280,\"height\":1280},{\"@type\":\"BreadcrumbList\",\"@id\":\"https:\\\/\\\/gohike.lv\\\/ru\\\/produkts\\\/simano-pulsar-tumsi-zalas\\\/#breadcrumb\",\"itemListElement\":[{\"@type\":\"ListItem\",\"position\":1,\"name\":\"\u0413\u043b\u0430\u0432\u043d\u0430\u044f\",\"item\":\"https:\\\/\\\/gohike.lv\\\/ru\\\/\"},{\"@type\":\"ListItem\",\"position\":2,\"name\":\"\u041a\u0430\u0442\u0435\u0433\u043e\u0440\u0438\u0438 \u0442\u043e\u0432\u0430\u0440\u043e\u0432\",\"item\":\"https:\\\/\\\/gohike.lv\\\/%d0%ba%d0%b0%d1%82%d0%b5%d0%b3%d0%be%d1%80%d0%b8%d0%b8-%d1%82%d0%be%d0%b2%d0%b0%d1%80%d0%be%d0%b2\\\/\"},{\"@type\":\"ListItem\",\"position\":3,\"name\":\"Shimano &#8211; PULSAR &#8211; Tum\u0161i za\u013cas\"}]},{\"@type\":\"WebSite\",\"@id\":\"https:\\\/\\\/gohike.lv\\\/ru\\\/#website\",\"url\":\"https:\\\/\\\/gohike.lv\\\/ru\\\/\",\"name\":\"GoHike\",\"description\":\"\",\"publisher\":{\"@id\":\"https:\\\/\\\/gohike.lv\\\/ru\\\/#organization\"},\"potentialAction\":[{\"@type\":\"SearchAction\",\"target\":{\"@type\":\"EntryPoint\",\"urlTemplate\":\"https:\\\/\\\/gohike.lv\\\/ru\\\/?s={search_term_string}\"},\"query-input\":{\"@type\":\"PropertyValueSpecification\",\"valueRequired\":true,\"valueName\":\"search_term_string\"}}],\"inLanguage\":\"ru-RU\"},{\"@type\":\"Organization\",\"@id\":\"https:\\\/\\\/gohike.lv\\\/ru\\\/#organization\",\"name\":\"GoHike\",\"url\":\"https:\\\/\\\/gohike.lv\\\/ru\\\/\",\"logo\":{\"@type\":\"ImageObject\",\"inLanguage\":\"ru-RU\",\"@id\":\"https:\\\/\\\/gohike.lv\\\/ru\\\/#\\\/schema\\\/logo\\\/image\\\/\",\"url\":\"https:\\\/\\\/gohike.lv\\\/wp-content\\\/uploads\\\/2023\\\/08\\\/Logo_GoHike.webp\",\"contentUrl\":\"https:\\\/\\\/gohike.lv\\\/wp-content\\\/uploads\\\/2023\\\/08\\\/Logo_GoHike.webp\",\"width\":512,\"height\":512,\"caption\":\"GoHike\"},\"image\":{\"@id\":\"https:\\\/\\\/gohike.lv\\\/ru\\\/#\\\/schema\\\/logo\\\/image\\\/\"},\"sameAs\":[\"https:\\\/\\\/www.facebook.com\\\/gohike.shop\\\/\",\"https:\\\/\\\/www.instagram.com\\\/gohike.shop\\\/\"]}]}<\/script>\n<!-- \/ Yoast SEO plugin. -->","yoast_head_json":{"title":"Shimano - PULSAR - Tum\u0161i za\u013cas","description":"Vieglas, augstas kvalit\u0101tes saulesbrilles ar pretskr\u0101p\u0113jumu p\u0101rkl\u0101jumu. Komplekt\u0101 ietilpst bri\u013c\u013cu futl\u0101ris.","robots":{"index":"index","follow":"follow","max-snippet":"max-snippet:-1","max-image-preview":"max-image-preview:large","max-video-preview":"max-video-preview:-1"},"canonical":"https:\/\/gohike.lv\/ru\/produkts\/simano-pulsar-tumsi-zalas\/","og_locale":"ru_RU","og_type":"article","og_title":"Saulesbrilles - \u0160imano PULSAR Tum\u0161 za\u013c\u0161","og_description":"Vieglas, augstas kvalit\u0101tes saulesbrilles ar pretskr\u0101p\u0113jumu p\u0101rkl\u0101jumu. Komplekt\u0101 ietilpst bri\u013c\u013cu futl\u0101ris.","og_url":"https:\/\/gohike.lv\/ru\/produkts\/simano-pulsar-tumsi-zalas\/","og_site_name":"GoHike","article_publisher":"https:\/\/www.facebook.com\/gohike.shop\/","article_modified_time":"2025-12-30T14:24:34+00:00","og_image":[{"width":1280,"height":1280,"url":"https:\/\/gohike.lv\/wp-content\/uploads\/2024\/05\/PulsarGreen.png","type":"image\/png"}],"twitter_card":"summary_large_image","twitter_title":"Saulesbrilles - \u0160imano PULSAR Tum\u0161 za\u013c\u0161","twitter_misc":{"\u041f\u0440\u0438\u043c\u0435\u0440\u043d\u043e\u0435 \u0432\u0440\u0435\u043c\u044f \u0434\u043b\u044f \u0447\u0442\u0435\u043d\u0438\u044f":"1 \u043c\u0438\u043d\u0443\u0442\u0430"},"schema":{"@context":"https:\/\/schema.org","@graph":[{"@type":["WebPage","ItemPage"],"@id":"https:\/\/gohike.lv\/ru\/produkts\/simano-pulsar-tumsi-zalas\/","url":"https:\/\/gohike.lv\/ru\/produkts\/simano-pulsar-tumsi-zalas\/","name":"Shimano - PULSAR - Tum\u0161i za\u013cas","isPartOf":{"@id":"https:\/\/gohike.lv\/ru\/#website"},"primaryImageOfPage":{"@id":"https:\/\/gohike.lv\/ru\/produkts\/simano-pulsar-tumsi-zalas\/#primaryimage"},"image":{"@id":"https:\/\/gohike.lv\/ru\/produkts\/simano-pulsar-tumsi-zalas\/#primaryimage"},"thumbnailUrl":"https:\/\/gohike.lv\/wp-content\/uploads\/2024\/05\/PulsarGreen.png","datePublished":"2024-05-21T11:16:03+00:00","dateModified":"2025-12-30T14:24:34+00:00","description":"Vieglas, augstas kvalit\u0101tes saulesbrilles ar pretskr\u0101p\u0113jumu p\u0101rkl\u0101jumu. Komplekt\u0101 ietilpst bri\u013c\u013cu futl\u0101ris.","breadcrumb":{"@id":"https:\/\/gohike.lv\/ru\/produkts\/simano-pulsar-tumsi-zalas\/#breadcrumb"},"inLanguage":"ru-RU","potentialAction":[{"@type":"ReadAction","target":["https:\/\/gohike.lv\/ru\/produkts\/simano-pulsar-tumsi-zalas\/"]}]},{"@type":"ImageObject","inLanguage":"ru-RU","@id":"https:\/\/gohike.lv\/ru\/produkts\/simano-pulsar-tumsi-zalas\/#primaryimage","url":"https:\/\/gohike.lv\/wp-content\/uploads\/2024\/05\/PulsarGreen.png","contentUrl":"https:\/\/gohike.lv\/wp-content\/uploads\/2024\/05\/PulsarGreen.png","width":1280,"height":1280},{"@type":"BreadcrumbList","@id":"https:\/\/gohike.lv\/ru\/produkts\/simano-pulsar-tumsi-zalas\/#breadcrumb","itemListElement":[{"@type":"ListItem","position":1,"name":"\u0413\u043b\u0430\u0432\u043d\u0430\u044f","item":"https:\/\/gohike.lv\/ru\/"},{"@type":"ListItem","position":2,"name":"\u041a\u0430\u0442\u0435\u0433\u043e\u0440\u0438\u0438 \u0442\u043e\u0432\u0430\u0440\u043e\u0432","item":"https:\/\/gohike.lv\/%d0%ba%d0%b0%d1%82%d0%b5%d0%b3%d0%be%d1%80%d0%b8%d0%b8-%d1%82%d0%be%d0%b2%d0%b0%d1%80%d0%be%d0%b2\/"},{"@type":"ListItem","position":3,"name":"Shimano &#8211; PULSAR &#8211; Tum\u0161i za\u013cas"}]},{"@type":"WebSite","@id":"https:\/\/gohike.lv\/ru\/#website","url":"https:\/\/gohike.lv\/ru\/","name":"GoHike","description":"","publisher":{"@id":"https:\/\/gohike.lv\/ru\/#organization"},"potentialAction":[{"@type":"SearchAction","target":{"@type":"EntryPoint","urlTemplate":"https:\/\/gohike.lv\/ru\/?s={search_term_string}"},"query-input":{"@type":"PropertyValueSpecification","valueRequired":true,"valueName":"search_term_string"}}],"inLanguage":"ru-RU"},{"@type":"Organization","@id":"https:\/\/gohike.lv\/ru\/#organization","name":"GoHike","url":"https:\/\/gohike.lv\/ru\/","logo":{"@type":"ImageObject","inLanguage":"ru-RU","@id":"https:\/\/gohike.lv\/ru\/#\/schema\/logo\/image\/","url":"https:\/\/gohike.lv\/wp-content\/uploads\/2023\/08\/Logo_GoHike.webp","contentUrl":"https:\/\/gohike.lv\/wp-content\/uploads\/2023\/08\/Logo_GoHike.webp","width":512,"height":512,"caption":"GoHike"},"image":{"@id":"https:\/\/gohike.lv\/ru\/#\/schema\/logo\/image\/"},"sameAs":["https:\/\/www.facebook.com\/gohike.shop\/","https:\/\/www.instagram.com\/gohike.shop\/"]}]}},"jetpack_sharing_enabled":true,"_links":{"self":[{"href":"https:\/\/gohike.lv\/ru\/wp-json\/wp\/v2\/product\/54557","targetHints":{"allow":["GET"]}}],"collection":[{"href":"https:\/\/gohike.lv\/ru\/wp-json\/wp\/v2\/product"}],"about":[{"href":"https:\/\/gohike.lv\/ru\/wp-json\/wp\/v2\/types\/product"}],"version-history":[{"count":1,"href":"https:\/\/gohike.lv\/ru\/wp-json\/wp\/v2\/product\/54557\/revisions"}],"predecessor-version":[{"id":118850,"href":"https:\/\/gohike.lv\/ru\/wp-json\/wp\/v2\/product\/54557\/revisions\/118850"}],"wp:featuredmedia":[{"embeddable":true,"href":"https:\/\/gohike.lv\/ru\/wp-json\/wp\/v2\/media\/54559"}],"wp:attachment":[{"href":"https:\/\/gohike.lv\/ru\/wp-json\/wp\/v2\/media?parent=54557"}],"wp:term":[{"taxonomy":"product_brand","embeddable":true,"href":"https:\/\/gohike.lv\/ru\/wp-json\/wp\/v2\/product_brand?post=54557"},{"taxonomy":"product_cat","embeddable":true,"href":"https:\/\/gohike.lv\/ru\/wp-json\/wp\/v2\/product_cat?post=54557"},{"taxonomy":"product_tag","embeddable":true,"href":"https:\/\/gohike.lv\/ru\/wp-json\/wp\/v2\/product_tag?post=54557"}],"curies":[{"name":"wp","href":"https:\/\/api.w.org\/{rel}","templated":true}]}}