{"id":54450,"date":"2024-05-10T12:25:23","date_gmt":"2024-05-10T09:25:23","guid":{"rendered":"https:\/\/gohike.lv\/produkts\/uz-space-tritana-pudele-1000ml\/"},"modified":"2026-03-31T19:51:00","modified_gmt":"2026-03-31T16:51:00","slug":"uz-space-tritana-pudele-1000ml","status":"publish","type":"product","link":"https:\/\/gohike.lv\/ru\/produkts\/uz-space-tritana-pudele-1000ml\/","title":{"rendered":"UZ Space &#8212; Trit\u0101na pudele &#8212; 1000ml"},"content":{"rendered":"<p>Uzspace pied\u0101v\u0101 praktisku pude\u013cu izv\u0113li ikdienas lieto\u0161anai.<br \/>\nT\u0101m ir m\u016bsdien\u012bgs dizains un t\u0101s ir iztur\u012bgas.<br \/>\nIzgatavotas no trit\u0101na, t\u0101s nesatur BPA vai citas plastmasas, kuru pamat\u0101 ir BPA.<br \/>\nPudelei ir ergonomiska forma, lai lieto\u0161ana ar vienu roku b\u016btu \u0113rta, stingra p\u0101rn\u0113s\u0101\u0161anas siksna un \u012bpa\u0161s, atstarojo\u0161s, mat\u0113ts apvalks.<br \/>\nT\u0101 ir triecieniztur\u012bga, stil\u012bga un \u0113rti lietojama.<br \/>\nDro\u0161\u012bbas sl\u0113dzis \u0146e\u013caus nejau\u0161i atv\u0113rt v\u0101ku.<\/p>\n","protected":false},"excerpt":{"rendered":"<p>Triecieniztur\u012bga, stil\u012bga un \u0113rti lietojama pudele.<\/p>\n","protected":false},"featured_media":26786,"template":"","meta":[],"product_brand":[1944],"product_cat":[1012],"product_tag":[],"class_list":{"0":"post-54450","1":"product","2":"type-product","3":"status-publish","4":"has-post-thumbnail","6":"product_brand-uz-space-lv","7":"product_cat-virtuves-piederumi","8":"pa_izmers-eu-286-x-78mm","9":"pa_materiali-tritans-no-usa-eastman-100-bpa-free","10":"pa_produkta-tips-termosi-un-pudeles","11":"pa_size-286-x-78mm","12":"pa_spalva-zils","13":"pa_tilpums-1000ml","15":"first","16":"instock","17":"taxable","18":"shipping-taxable","19":"purchasable","20":"product-type-simple"},"raw_content":{"name":"UZ Space - Trit\u0101na pudele - 1000ml","description":"Uzspace pied\u0101v\u0101 praktisku pude\u013cu izv\u0113li ikdienas lieto\u0161anai.\nT\u0101m ir m\u016bsdien\u012bgs dizains un t\u0101s ir iztur\u012bgas.\nIzgatavotas no trit\u0101na, t\u0101s nesatur BPA vai citas plastmasas, kuru pamat\u0101 ir BPA.\nPudelei ir ergonomiska forma, lai lieto\u0161ana ar vienu roku b\u016btu \u0113rta, stingra p\u0101rn\u0113s\u0101\u0161anas siksna un \u012bpa\u0161s, atstarojo\u0161s, mat\u0113ts apvalks.\nT\u0101 ir triecieniztur\u012bga, stil\u012bga un \u0113rti lietojama.\nDro\u0161\u012bbas sl\u0113dzis \u0146e\u013caus nejau\u0161i atv\u0113rt v\u0101ku.","short_description":"Triecieniztur\u012bga, stil\u012bga un \u0113rti lietojama pudele.","status":"publish","sku":"3038","original":54450},"wpml":{"translation_type":1,"has_translations":true,"original":54450,"duplicates":[],"translations":{"lv":54450,"en":67277,"ru":null}},"supplier_id":null,"supplier_sku":"","barcode":null,"atum_controlled":true,"out_stock_date":null,"out_stock_threshold":null,"inheritable":false,"inbound_stock":0,"stock_on_hold":0,"sold_today":0,"sales_last_days":1,"reserved_stock":0,"customer_returns":0,"warehouse_damage":0,"lost_in_post":0,"other_logs":0,"out_stock_days":0,"lost_sales":0,"has_location":false,"update_date":"2026-03-31T16:51:03","atum_locations":[],"atum_stock_status":"instock","restock_status":false,"low_stock_amount":"","sales_update_date":"2026-02-19T11:50:44","calc_backorders":null,"yoast_head":"<!-- This site is optimized with the Yoast SEO plugin v27.3 - https:\/\/yoast.com\/product\/yoast-seo-wordpress\/ -->\n<title>UZ Space - Trit\u0101na pudele - 1000ml<\/title>\n<meta name=\"description\" content=\"Triecieniztur\u012bga, stil\u012bga un \u0113rti lietojama pudele. Izgatavota no trit\u0101na, nesatur BPA vai citas plastmasas, kuru pamat\u0101 ir BPA.\" \/>\n<meta name=\"robots\" content=\"index, follow, max-snippet:-1, max-image-preview:large, max-video-preview:-1\" \/>\n<link rel=\"canonical\" href=\"https:\/\/gohike.lv\/ru\/produkts\/uz-space-tritana-pudele-1000ml\/\" \/>\n<meta property=\"og:locale\" content=\"ru_RU\" \/>\n<meta property=\"og:type\" content=\"article\" \/>\n<meta property=\"og:title\" content=\"Virtuves piederumi - \u016adens pudeles gradients roz\u0101\" \/>\n<meta property=\"og:description\" content=\"Triecieniztur\u012bga, stil\u012bga un \u0113rti lietojama pudele. Izgatavota no trit\u0101na, nesatur BPA vai citas plastmasas, kuru pamat\u0101 ir BPA.\" \/>\n<meta property=\"og:url\" content=\"https:\/\/gohike.lv\/ru\/produkts\/uz-space-tritana-pudele-1000ml\/\" \/>\n<meta property=\"og:site_name\" content=\"GoHike\" \/>\n<meta property=\"article:publisher\" content=\"https:\/\/www.facebook.com\/gohike.shop\/\" \/>\n<meta property=\"article:modified_time\" content=\"2026-03-31T16:51:00+00:00\" \/>\n<meta property=\"og:image\" content=\"https:\/\/gohike.lv\/wp-content\/uploads\/2024\/04\/UZspace_3038_blue_-modified.webp\" \/>\n\t<meta property=\"og:image:width\" content=\"940\" \/>\n\t<meta property=\"og:image:height\" content=\"931\" \/>\n\t<meta property=\"og:image:type\" content=\"image\/webp\" \/>\n<meta name=\"twitter:card\" content=\"summary_large_image\" \/>\n<meta name=\"twitter:title\" content=\"Virtuves piederumi - \u016adens pudeles gradients roz\u0101\" \/>\n<meta name=\"twitter:label1\" content=\"\u041f\u0440\u0438\u043c\u0435\u0440\u043d\u043e\u0435 \u0432\u0440\u0435\u043c\u044f \u0434\u043b\u044f \u0447\u0442\u0435\u043d\u0438\u044f\" \/>\n\t<meta name=\"twitter:data1\" content=\"1 \u043c\u0438\u043d\u0443\u0442\u0430\" \/>\n<script type=\"application\/ld+json\" class=\"yoast-schema-graph\">{\"@context\":\"https:\\\/\\\/schema.org\",\"@graph\":[{\"@type\":[\"WebPage\",\"ItemPage\"],\"@id\":\"https:\\\/\\\/gohike.lv\\\/ru\\\/produkts\\\/uz-space-tritana-pudele-1000ml\\\/\",\"url\":\"https:\\\/\\\/gohike.lv\\\/ru\\\/produkts\\\/uz-space-tritana-pudele-1000ml\\\/\",\"name\":\"UZ Space - Trit\u0101na pudele - 1000ml\",\"isPartOf\":{\"@id\":\"https:\\\/\\\/gohike.lv\\\/ru\\\/#website\"},\"primaryImageOfPage\":{\"@id\":\"https:\\\/\\\/gohike.lv\\\/ru\\\/produkts\\\/uz-space-tritana-pudele-1000ml\\\/#primaryimage\"},\"image\":{\"@id\":\"https:\\\/\\\/gohike.lv\\\/ru\\\/produkts\\\/uz-space-tritana-pudele-1000ml\\\/#primaryimage\"},\"thumbnailUrl\":\"https:\\\/\\\/gohike.lv\\\/wp-content\\\/uploads\\\/2024\\\/04\\\/UZspace_3038_blue_-modified.webp\",\"datePublished\":\"2024-05-10T09:25:23+00:00\",\"dateModified\":\"2026-03-31T16:51:00+00:00\",\"description\":\"Triecieniztur\u012bga, stil\u012bga un \u0113rti lietojama pudele. Izgatavota no trit\u0101na, nesatur BPA vai citas plastmasas, kuru pamat\u0101 ir BPA.\",\"breadcrumb\":{\"@id\":\"https:\\\/\\\/gohike.lv\\\/ru\\\/produkts\\\/uz-space-tritana-pudele-1000ml\\\/#breadcrumb\"},\"inLanguage\":\"ru-RU\",\"potentialAction\":[{\"@type\":\"ReadAction\",\"target\":[\"https:\\\/\\\/gohike.lv\\\/ru\\\/produkts\\\/uz-space-tritana-pudele-1000ml\\\/\"]}]},{\"@type\":\"ImageObject\",\"inLanguage\":\"ru-RU\",\"@id\":\"https:\\\/\\\/gohike.lv\\\/ru\\\/produkts\\\/uz-space-tritana-pudele-1000ml\\\/#primaryimage\",\"url\":\"https:\\\/\\\/gohike.lv\\\/wp-content\\\/uploads\\\/2024\\\/04\\\/UZspace_3038_blue_-modified.webp\",\"contentUrl\":\"https:\\\/\\\/gohike.lv\\\/wp-content\\\/uploads\\\/2024\\\/04\\\/UZspace_3038_blue_-modified.webp\",\"width\":940,\"height\":931},{\"@type\":\"BreadcrumbList\",\"@id\":\"https:\\\/\\\/gohike.lv\\\/ru\\\/produkts\\\/uz-space-tritana-pudele-1000ml\\\/#breadcrumb\",\"itemListElement\":[{\"@type\":\"ListItem\",\"position\":1,\"name\":\"\u0413\u043b\u0430\u0432\u043d\u0430\u044f\",\"item\":\"https:\\\/\\\/gohike.lv\\\/ru\\\/\"},{\"@type\":\"ListItem\",\"position\":2,\"name\":\"\u041a\u0430\u0442\u0435\u0433\u043e\u0440\u0438\u0438 \u0442\u043e\u0432\u0430\u0440\u043e\u0432\",\"item\":\"https:\\\/\\\/gohike.lv\\\/%d0%ba%d0%b0%d1%82%d0%b5%d0%b3%d0%be%d1%80%d0%b8%d0%b8-%d1%82%d0%be%d0%b2%d0%b0%d1%80%d0%be%d0%b2\\\/\"},{\"@type\":\"ListItem\",\"position\":3,\"name\":\"UZ Space &#8211; Trit\u0101na pudele &#8211; 1000ml\"}]},{\"@type\":\"WebSite\",\"@id\":\"https:\\\/\\\/gohike.lv\\\/ru\\\/#website\",\"url\":\"https:\\\/\\\/gohike.lv\\\/ru\\\/\",\"name\":\"GoHike\",\"description\":\"\",\"publisher\":{\"@id\":\"https:\\\/\\\/gohike.lv\\\/ru\\\/#organization\"},\"potentialAction\":[{\"@type\":\"SearchAction\",\"target\":{\"@type\":\"EntryPoint\",\"urlTemplate\":\"https:\\\/\\\/gohike.lv\\\/ru\\\/?s={search_term_string}\"},\"query-input\":{\"@type\":\"PropertyValueSpecification\",\"valueRequired\":true,\"valueName\":\"search_term_string\"}}],\"inLanguage\":\"ru-RU\"},{\"@type\":\"Organization\",\"@id\":\"https:\\\/\\\/gohike.lv\\\/ru\\\/#organization\",\"name\":\"GoHike\",\"url\":\"https:\\\/\\\/gohike.lv\\\/ru\\\/\",\"logo\":{\"@type\":\"ImageObject\",\"inLanguage\":\"ru-RU\",\"@id\":\"https:\\\/\\\/gohike.lv\\\/ru\\\/#\\\/schema\\\/logo\\\/image\\\/\",\"url\":\"https:\\\/\\\/gohike.lv\\\/wp-content\\\/uploads\\\/2023\\\/08\\\/Logo_GoHike.webp\",\"contentUrl\":\"https:\\\/\\\/gohike.lv\\\/wp-content\\\/uploads\\\/2023\\\/08\\\/Logo_GoHike.webp\",\"width\":512,\"height\":512,\"caption\":\"GoHike\"},\"image\":{\"@id\":\"https:\\\/\\\/gohike.lv\\\/ru\\\/#\\\/schema\\\/logo\\\/image\\\/\"},\"sameAs\":[\"https:\\\/\\\/www.facebook.com\\\/gohike.shop\\\/\",\"https:\\\/\\\/www.instagram.com\\\/gohike.shop\\\/\"]}]}<\/script>\n<!-- \/ Yoast SEO plugin. -->","yoast_head_json":{"title":"UZ Space - Trit\u0101na pudele - 1000ml","description":"Triecieniztur\u012bga, stil\u012bga un \u0113rti lietojama pudele. Izgatavota no trit\u0101na, nesatur BPA vai citas plastmasas, kuru pamat\u0101 ir BPA.","robots":{"index":"index","follow":"follow","max-snippet":"max-snippet:-1","max-image-preview":"max-image-preview:large","max-video-preview":"max-video-preview:-1"},"canonical":"https:\/\/gohike.lv\/ru\/produkts\/uz-space-tritana-pudele-1000ml\/","og_locale":"ru_RU","og_type":"article","og_title":"Virtuves piederumi - \u016adens pudeles gradients roz\u0101","og_description":"Triecieniztur\u012bga, stil\u012bga un \u0113rti lietojama pudele. Izgatavota no trit\u0101na, nesatur BPA vai citas plastmasas, kuru pamat\u0101 ir BPA.","og_url":"https:\/\/gohike.lv\/ru\/produkts\/uz-space-tritana-pudele-1000ml\/","og_site_name":"GoHike","article_publisher":"https:\/\/www.facebook.com\/gohike.shop\/","article_modified_time":"2026-03-31T16:51:00+00:00","og_image":[{"width":940,"height":931,"url":"https:\/\/gohike.lv\/wp-content\/uploads\/2024\/04\/UZspace_3038_blue_-modified.webp","type":"image\/webp"}],"twitter_card":"summary_large_image","twitter_title":"Virtuves piederumi - \u016adens pudeles gradients roz\u0101","twitter_misc":{"\u041f\u0440\u0438\u043c\u0435\u0440\u043d\u043e\u0435 \u0432\u0440\u0435\u043c\u044f \u0434\u043b\u044f \u0447\u0442\u0435\u043d\u0438\u044f":"1 \u043c\u0438\u043d\u0443\u0442\u0430"},"schema":{"@context":"https:\/\/schema.org","@graph":[{"@type":["WebPage","ItemPage"],"@id":"https:\/\/gohike.lv\/ru\/produkts\/uz-space-tritana-pudele-1000ml\/","url":"https:\/\/gohike.lv\/ru\/produkts\/uz-space-tritana-pudele-1000ml\/","name":"UZ Space - Trit\u0101na pudele - 1000ml","isPartOf":{"@id":"https:\/\/gohike.lv\/ru\/#website"},"primaryImageOfPage":{"@id":"https:\/\/gohike.lv\/ru\/produkts\/uz-space-tritana-pudele-1000ml\/#primaryimage"},"image":{"@id":"https:\/\/gohike.lv\/ru\/produkts\/uz-space-tritana-pudele-1000ml\/#primaryimage"},"thumbnailUrl":"https:\/\/gohike.lv\/wp-content\/uploads\/2024\/04\/UZspace_3038_blue_-modified.webp","datePublished":"2024-05-10T09:25:23+00:00","dateModified":"2026-03-31T16:51:00+00:00","description":"Triecieniztur\u012bga, stil\u012bga un \u0113rti lietojama pudele. Izgatavota no trit\u0101na, nesatur BPA vai citas plastmasas, kuru pamat\u0101 ir BPA.","breadcrumb":{"@id":"https:\/\/gohike.lv\/ru\/produkts\/uz-space-tritana-pudele-1000ml\/#breadcrumb"},"inLanguage":"ru-RU","potentialAction":[{"@type":"ReadAction","target":["https:\/\/gohike.lv\/ru\/produkts\/uz-space-tritana-pudele-1000ml\/"]}]},{"@type":"ImageObject","inLanguage":"ru-RU","@id":"https:\/\/gohike.lv\/ru\/produkts\/uz-space-tritana-pudele-1000ml\/#primaryimage","url":"https:\/\/gohike.lv\/wp-content\/uploads\/2024\/04\/UZspace_3038_blue_-modified.webp","contentUrl":"https:\/\/gohike.lv\/wp-content\/uploads\/2024\/04\/UZspace_3038_blue_-modified.webp","width":940,"height":931},{"@type":"BreadcrumbList","@id":"https:\/\/gohike.lv\/ru\/produkts\/uz-space-tritana-pudele-1000ml\/#breadcrumb","itemListElement":[{"@type":"ListItem","position":1,"name":"\u0413\u043b\u0430\u0432\u043d\u0430\u044f","item":"https:\/\/gohike.lv\/ru\/"},{"@type":"ListItem","position":2,"name":"\u041a\u0430\u0442\u0435\u0433\u043e\u0440\u0438\u0438 \u0442\u043e\u0432\u0430\u0440\u043e\u0432","item":"https:\/\/gohike.lv\/%d0%ba%d0%b0%d1%82%d0%b5%d0%b3%d0%be%d1%80%d0%b8%d0%b8-%d1%82%d0%be%d0%b2%d0%b0%d1%80%d0%be%d0%b2\/"},{"@type":"ListItem","position":3,"name":"UZ Space &#8211; Trit\u0101na pudele &#8211; 1000ml"}]},{"@type":"WebSite","@id":"https:\/\/gohike.lv\/ru\/#website","url":"https:\/\/gohike.lv\/ru\/","name":"GoHike","description":"","publisher":{"@id":"https:\/\/gohike.lv\/ru\/#organization"},"potentialAction":[{"@type":"SearchAction","target":{"@type":"EntryPoint","urlTemplate":"https:\/\/gohike.lv\/ru\/?s={search_term_string}"},"query-input":{"@type":"PropertyValueSpecification","valueRequired":true,"valueName":"search_term_string"}}],"inLanguage":"ru-RU"},{"@type":"Organization","@id":"https:\/\/gohike.lv\/ru\/#organization","name":"GoHike","url":"https:\/\/gohike.lv\/ru\/","logo":{"@type":"ImageObject","inLanguage":"ru-RU","@id":"https:\/\/gohike.lv\/ru\/#\/schema\/logo\/image\/","url":"https:\/\/gohike.lv\/wp-content\/uploads\/2023\/08\/Logo_GoHike.webp","contentUrl":"https:\/\/gohike.lv\/wp-content\/uploads\/2023\/08\/Logo_GoHike.webp","width":512,"height":512,"caption":"GoHike"},"image":{"@id":"https:\/\/gohike.lv\/ru\/#\/schema\/logo\/image\/"},"sameAs":["https:\/\/www.facebook.com\/gohike.shop\/","https:\/\/www.instagram.com\/gohike.shop\/"]}]}},"jetpack_sharing_enabled":true,"_links":{"self":[{"href":"https:\/\/gohike.lv\/ru\/wp-json\/wp\/v2\/product\/54450","targetHints":{"allow":["GET"]}}],"collection":[{"href":"https:\/\/gohike.lv\/ru\/wp-json\/wp\/v2\/product"}],"about":[{"href":"https:\/\/gohike.lv\/ru\/wp-json\/wp\/v2\/types\/product"}],"version-history":[{"count":1,"href":"https:\/\/gohike.lv\/ru\/wp-json\/wp\/v2\/product\/54450\/revisions"}],"predecessor-version":[{"id":118951,"href":"https:\/\/gohike.lv\/ru\/wp-json\/wp\/v2\/product\/54450\/revisions\/118951"}],"wp:featuredmedia":[{"embeddable":true,"href":"https:\/\/gohike.lv\/ru\/wp-json\/wp\/v2\/media\/26786"}],"wp:attachment":[{"href":"https:\/\/gohike.lv\/ru\/wp-json\/wp\/v2\/media?parent=54450"}],"wp:term":[{"taxonomy":"product_brand","embeddable":true,"href":"https:\/\/gohike.lv\/ru\/wp-json\/wp\/v2\/product_brand?post=54450"},{"taxonomy":"product_cat","embeddable":true,"href":"https:\/\/gohike.lv\/ru\/wp-json\/wp\/v2\/product_cat?post=54450"},{"taxonomy":"product_tag","embeddable":true,"href":"https:\/\/gohike.lv\/ru\/wp-json\/wp\/v2\/product_tag?post=54450"}],"curies":[{"name":"wp","href":"https:\/\/api.w.org\/{rel}","templated":true}]}}