{"id":54436,"date":"2024-05-10T12:23:34","date_gmt":"2024-05-10T09:23:34","guid":{"rendered":"https:\/\/gohike.lv\/produkts\/specialist-butans-gaze-skiltavu-uzpildisanai-227g\/"},"modified":"2025-12-31T19:46:27","modified_gmt":"2025-12-31T16:46:27","slug":"specialist-butans-gaze-skiltavu-uzpildisanai-227g","status":"publish","type":"product","link":"https:\/\/gohike.lv\/ru\/produkts\/specialist-butans-gaze-skiltavu-uzpildisanai-227g\/","title":{"rendered":"Specialist+ &#8212; But\u0101na g\u0101ze \u0161\u0137iltavu uzpild\u012b\u0161anai &#8212; 227g"},"content":{"rendered":"<p>G\u0101zes k\u0101rtrid\u017es atbilst EN417 2012 pras\u012bb\u0101m attiec\u012bb\u0101 uz g\u0101zes kasetn\u0113m.<br \/>\nRa\u017eots ES.<\/p>\n","protected":false},"excerpt":{"rendered":"<p>But\u0101na pildviela \u0161\u0137iltav\u0101m un g\u0101zes lod\u0101muriem.<\/p>\n","protected":false},"featured_media":21799,"template":"","meta":[],"product_brand":[1943],"product_cat":[951],"product_tag":[],"class_list":{"0":"post-54436","1":"product","2":"type-product","3":"status-publish","4":"has-post-thumbnail","6":"product_brand-specialist-lv","7":"product_cat-degli-un-degviela","8":"pa_augstums-65mm","9":"pa_diametrs-205mm","10":"pa_gazes-maisijums-butans","11":"pa_produkta-tips-gazes-baloni","13":"first","14":"instock","15":"taxable","16":"shipping-taxable","17":"purchasable","18":"product-type-simple"},"raw_content":{"name":"Specialist+ - But\u0101na g\u0101ze \u0161\u0137iltavu uzpild\u012b\u0161anai - 227g","description":"G\u0101zes k\u0101rtrid\u017es atbilst EN417 2012 pras\u012bb\u0101m attiec\u012bb\u0101 uz g\u0101zes kasetn\u0113m.\nRa\u017eots ES.","short_description":"But\u0101na pildviela \u0161\u0137iltav\u0101m un g\u0101zes lod\u0101muriem.","status":"publish","sku":"850102","original":54436},"wpml":{"translation_type":1,"has_translations":true,"original":54436,"duplicates":[],"translations":{"lv":54436,"en":67630,"ru":null}},"supplier_id":null,"supplier_sku":"","barcode":null,"atum_controlled":true,"out_stock_date":null,"out_stock_threshold":null,"inheritable":false,"inbound_stock":null,"stock_on_hold":0,"sold_today":0,"sales_last_days":0,"reserved_stock":null,"customer_returns":null,"warehouse_damage":null,"lost_in_post":null,"other_logs":null,"out_stock_days":0,"lost_sales":0,"has_location":null,"update_date":"2025-12-31T16:46:28","atum_locations":[],"atum_stock_status":"instock","restock_status":false,"low_stock_amount":"","sales_update_date":"2025-11-13T14:08:47","calc_backorders":null,"yoast_head":"<!-- This site is optimized with the Yoast SEO plugin v27.3 - https:\/\/yoast.com\/product\/yoast-seo-wordpress\/ -->\n<title>Specialist+ - But\u0101na g\u0101ze \u0161\u0137iltavu uzpild\u012b\u0161anai - 227g<\/title>\n<meta name=\"description\" content=\"But\u0101na pildviela \u0161\u0137iltav\u0101m un g\u0101zes lod\u0101muriem.\" \/>\n<meta name=\"robots\" content=\"index, follow, max-snippet:-1, max-image-preview:large, max-video-preview:-1\" \/>\n<link rel=\"canonical\" href=\"https:\/\/gohike.lv\/ru\/produkts\/specialist-butans-gaze-skiltavu-uzpildisanai-227g\/\" \/>\n<meta property=\"og:locale\" content=\"ru_RU\" \/>\n<meta property=\"og:type\" content=\"article\" \/>\n<meta property=\"og:title\" content=\"Deg\u013ci un Degviela - G\u0101zes balons\" \/>\n<meta property=\"og:description\" content=\"But\u0101na pildviela \u0161\u0137iltav\u0101m un g\u0101zes lod\u0101muriem.\" \/>\n<meta property=\"og:url\" content=\"https:\/\/gohike.lv\/ru\/produkts\/specialist-butans-gaze-skiltavu-uzpildisanai-227g\/\" \/>\n<meta property=\"og:site_name\" content=\"GoHike\" \/>\n<meta property=\"article:publisher\" content=\"https:\/\/www.facebook.com\/gohike.shop\/\" \/>\n<meta property=\"article:modified_time\" content=\"2025-12-31T16:46:27+00:00\" \/>\n<meta property=\"og:image\" content=\"https:\/\/gohike.lv\/wp-content\/uploads\/2024\/03\/specialist-_butane227g_.webp\" \/>\n\t<meta property=\"og:image:width\" content=\"1024\" \/>\n\t<meta property=\"og:image:height\" content=\"1024\" \/>\n\t<meta property=\"og:image:type\" content=\"image\/webp\" \/>\n<meta name=\"twitter:card\" content=\"summary_large_image\" \/>\n<meta name=\"twitter:title\" content=\"Deg\u013ci un Degviela - G\u0101zes balons\" \/>\n<meta name=\"twitter:label1\" content=\"\u041f\u0440\u0438\u043c\u0435\u0440\u043d\u043e\u0435 \u0432\u0440\u0435\u043c\u044f \u0434\u043b\u044f \u0447\u0442\u0435\u043d\u0438\u044f\" \/>\n\t<meta name=\"twitter:data1\" content=\"1 \u043c\u0438\u043d\u0443\u0442\u0430\" \/>\n<script type=\"application\/ld+json\" class=\"yoast-schema-graph\">{\"@context\":\"https:\\\/\\\/schema.org\",\"@graph\":[{\"@type\":[\"WebPage\",\"ItemPage\"],\"@id\":\"https:\\\/\\\/gohike.lv\\\/ru\\\/produkts\\\/specialist-butans-gaze-skiltavu-uzpildisanai-227g\\\/\",\"url\":\"https:\\\/\\\/gohike.lv\\\/ru\\\/produkts\\\/specialist-butans-gaze-skiltavu-uzpildisanai-227g\\\/\",\"name\":\"Specialist+ - But\u0101na g\u0101ze \u0161\u0137iltavu uzpild\u012b\u0161anai - 227g\",\"isPartOf\":{\"@id\":\"https:\\\/\\\/gohike.lv\\\/ru\\\/#website\"},\"primaryImageOfPage\":{\"@id\":\"https:\\\/\\\/gohike.lv\\\/ru\\\/produkts\\\/specialist-butans-gaze-skiltavu-uzpildisanai-227g\\\/#primaryimage\"},\"image\":{\"@id\":\"https:\\\/\\\/gohike.lv\\\/ru\\\/produkts\\\/specialist-butans-gaze-skiltavu-uzpildisanai-227g\\\/#primaryimage\"},\"thumbnailUrl\":\"https:\\\/\\\/gohike.lv\\\/wp-content\\\/uploads\\\/2024\\\/03\\\/specialist-_butane227g_.webp\",\"datePublished\":\"2024-05-10T09:23:34+00:00\",\"dateModified\":\"2025-12-31T16:46:27+00:00\",\"description\":\"But\u0101na pildviela \u0161\u0137iltav\u0101m un g\u0101zes lod\u0101muriem.\",\"breadcrumb\":{\"@id\":\"https:\\\/\\\/gohike.lv\\\/ru\\\/produkts\\\/specialist-butans-gaze-skiltavu-uzpildisanai-227g\\\/#breadcrumb\"},\"inLanguage\":\"ru-RU\",\"potentialAction\":[{\"@type\":\"ReadAction\",\"target\":[\"https:\\\/\\\/gohike.lv\\\/ru\\\/produkts\\\/specialist-butans-gaze-skiltavu-uzpildisanai-227g\\\/\"]}]},{\"@type\":\"ImageObject\",\"inLanguage\":\"ru-RU\",\"@id\":\"https:\\\/\\\/gohike.lv\\\/ru\\\/produkts\\\/specialist-butans-gaze-skiltavu-uzpildisanai-227g\\\/#primaryimage\",\"url\":\"https:\\\/\\\/gohike.lv\\\/wp-content\\\/uploads\\\/2024\\\/03\\\/specialist-_butane227g_.webp\",\"contentUrl\":\"https:\\\/\\\/gohike.lv\\\/wp-content\\\/uploads\\\/2024\\\/03\\\/specialist-_butane227g_.webp\",\"width\":1024,\"height\":1024},{\"@type\":\"BreadcrumbList\",\"@id\":\"https:\\\/\\\/gohike.lv\\\/ru\\\/produkts\\\/specialist-butans-gaze-skiltavu-uzpildisanai-227g\\\/#breadcrumb\",\"itemListElement\":[{\"@type\":\"ListItem\",\"position\":1,\"name\":\"\u0413\u043b\u0430\u0432\u043d\u0430\u044f\",\"item\":\"https:\\\/\\\/gohike.lv\\\/ru\\\/\"},{\"@type\":\"ListItem\",\"position\":2,\"name\":\"\u041a\u0430\u0442\u0435\u0433\u043e\u0440\u0438\u0438 \u0442\u043e\u0432\u0430\u0440\u043e\u0432\",\"item\":\"https:\\\/\\\/gohike.lv\\\/%d0%ba%d0%b0%d1%82%d0%b5%d0%b3%d0%be%d1%80%d0%b8%d0%b8-%d1%82%d0%be%d0%b2%d0%b0%d1%80%d0%be%d0%b2\\\/\"},{\"@type\":\"ListItem\",\"position\":3,\"name\":\"Specialist+ &#8211; But\u0101na g\u0101ze \u0161\u0137iltavu uzpild\u012b\u0161anai &#8211; 227g\"}]},{\"@type\":\"WebSite\",\"@id\":\"https:\\\/\\\/gohike.lv\\\/ru\\\/#website\",\"url\":\"https:\\\/\\\/gohike.lv\\\/ru\\\/\",\"name\":\"GoHike\",\"description\":\"\",\"publisher\":{\"@id\":\"https:\\\/\\\/gohike.lv\\\/ru\\\/#organization\"},\"potentialAction\":[{\"@type\":\"SearchAction\",\"target\":{\"@type\":\"EntryPoint\",\"urlTemplate\":\"https:\\\/\\\/gohike.lv\\\/ru\\\/?s={search_term_string}\"},\"query-input\":{\"@type\":\"PropertyValueSpecification\",\"valueRequired\":true,\"valueName\":\"search_term_string\"}}],\"inLanguage\":\"ru-RU\"},{\"@type\":\"Organization\",\"@id\":\"https:\\\/\\\/gohike.lv\\\/ru\\\/#organization\",\"name\":\"GoHike\",\"url\":\"https:\\\/\\\/gohike.lv\\\/ru\\\/\",\"logo\":{\"@type\":\"ImageObject\",\"inLanguage\":\"ru-RU\",\"@id\":\"https:\\\/\\\/gohike.lv\\\/ru\\\/#\\\/schema\\\/logo\\\/image\\\/\",\"url\":\"https:\\\/\\\/gohike.lv\\\/wp-content\\\/uploads\\\/2023\\\/08\\\/Logo_GoHike.webp\",\"contentUrl\":\"https:\\\/\\\/gohike.lv\\\/wp-content\\\/uploads\\\/2023\\\/08\\\/Logo_GoHike.webp\",\"width\":512,\"height\":512,\"caption\":\"GoHike\"},\"image\":{\"@id\":\"https:\\\/\\\/gohike.lv\\\/ru\\\/#\\\/schema\\\/logo\\\/image\\\/\"},\"sameAs\":[\"https:\\\/\\\/www.facebook.com\\\/gohike.shop\\\/\",\"https:\\\/\\\/www.instagram.com\\\/gohike.shop\\\/\"]}]}<\/script>\n<!-- \/ Yoast SEO plugin. -->","yoast_head_json":{"title":"Specialist+ - But\u0101na g\u0101ze \u0161\u0137iltavu uzpild\u012b\u0161anai - 227g","description":"But\u0101na pildviela \u0161\u0137iltav\u0101m un g\u0101zes lod\u0101muriem.","robots":{"index":"index","follow":"follow","max-snippet":"max-snippet:-1","max-image-preview":"max-image-preview:large","max-video-preview":"max-video-preview:-1"},"canonical":"https:\/\/gohike.lv\/ru\/produkts\/specialist-butans-gaze-skiltavu-uzpildisanai-227g\/","og_locale":"ru_RU","og_type":"article","og_title":"Deg\u013ci un Degviela - G\u0101zes balons","og_description":"But\u0101na pildviela \u0161\u0137iltav\u0101m un g\u0101zes lod\u0101muriem.","og_url":"https:\/\/gohike.lv\/ru\/produkts\/specialist-butans-gaze-skiltavu-uzpildisanai-227g\/","og_site_name":"GoHike","article_publisher":"https:\/\/www.facebook.com\/gohike.shop\/","article_modified_time":"2025-12-31T16:46:27+00:00","og_image":[{"width":1024,"height":1024,"url":"https:\/\/gohike.lv\/wp-content\/uploads\/2024\/03\/specialist-_butane227g_.webp","type":"image\/webp"}],"twitter_card":"summary_large_image","twitter_title":"Deg\u013ci un Degviela - G\u0101zes balons","twitter_misc":{"\u041f\u0440\u0438\u043c\u0435\u0440\u043d\u043e\u0435 \u0432\u0440\u0435\u043c\u044f \u0434\u043b\u044f \u0447\u0442\u0435\u043d\u0438\u044f":"1 \u043c\u0438\u043d\u0443\u0442\u0430"},"schema":{"@context":"https:\/\/schema.org","@graph":[{"@type":["WebPage","ItemPage"],"@id":"https:\/\/gohike.lv\/ru\/produkts\/specialist-butans-gaze-skiltavu-uzpildisanai-227g\/","url":"https:\/\/gohike.lv\/ru\/produkts\/specialist-butans-gaze-skiltavu-uzpildisanai-227g\/","name":"Specialist+ - But\u0101na g\u0101ze \u0161\u0137iltavu uzpild\u012b\u0161anai - 227g","isPartOf":{"@id":"https:\/\/gohike.lv\/ru\/#website"},"primaryImageOfPage":{"@id":"https:\/\/gohike.lv\/ru\/produkts\/specialist-butans-gaze-skiltavu-uzpildisanai-227g\/#primaryimage"},"image":{"@id":"https:\/\/gohike.lv\/ru\/produkts\/specialist-butans-gaze-skiltavu-uzpildisanai-227g\/#primaryimage"},"thumbnailUrl":"https:\/\/gohike.lv\/wp-content\/uploads\/2024\/03\/specialist-_butane227g_.webp","datePublished":"2024-05-10T09:23:34+00:00","dateModified":"2025-12-31T16:46:27+00:00","description":"But\u0101na pildviela \u0161\u0137iltav\u0101m un g\u0101zes lod\u0101muriem.","breadcrumb":{"@id":"https:\/\/gohike.lv\/ru\/produkts\/specialist-butans-gaze-skiltavu-uzpildisanai-227g\/#breadcrumb"},"inLanguage":"ru-RU","potentialAction":[{"@type":"ReadAction","target":["https:\/\/gohike.lv\/ru\/produkts\/specialist-butans-gaze-skiltavu-uzpildisanai-227g\/"]}]},{"@type":"ImageObject","inLanguage":"ru-RU","@id":"https:\/\/gohike.lv\/ru\/produkts\/specialist-butans-gaze-skiltavu-uzpildisanai-227g\/#primaryimage","url":"https:\/\/gohike.lv\/wp-content\/uploads\/2024\/03\/specialist-_butane227g_.webp","contentUrl":"https:\/\/gohike.lv\/wp-content\/uploads\/2024\/03\/specialist-_butane227g_.webp","width":1024,"height":1024},{"@type":"BreadcrumbList","@id":"https:\/\/gohike.lv\/ru\/produkts\/specialist-butans-gaze-skiltavu-uzpildisanai-227g\/#breadcrumb","itemListElement":[{"@type":"ListItem","position":1,"name":"\u0413\u043b\u0430\u0432\u043d\u0430\u044f","item":"https:\/\/gohike.lv\/ru\/"},{"@type":"ListItem","position":2,"name":"\u041a\u0430\u0442\u0435\u0433\u043e\u0440\u0438\u0438 \u0442\u043e\u0432\u0430\u0440\u043e\u0432","item":"https:\/\/gohike.lv\/%d0%ba%d0%b0%d1%82%d0%b5%d0%b3%d0%be%d1%80%d0%b8%d0%b8-%d1%82%d0%be%d0%b2%d0%b0%d1%80%d0%be%d0%b2\/"},{"@type":"ListItem","position":3,"name":"Specialist+ &#8211; But\u0101na g\u0101ze \u0161\u0137iltavu uzpild\u012b\u0161anai &#8211; 227g"}]},{"@type":"WebSite","@id":"https:\/\/gohike.lv\/ru\/#website","url":"https:\/\/gohike.lv\/ru\/","name":"GoHike","description":"","publisher":{"@id":"https:\/\/gohike.lv\/ru\/#organization"},"potentialAction":[{"@type":"SearchAction","target":{"@type":"EntryPoint","urlTemplate":"https:\/\/gohike.lv\/ru\/?s={search_term_string}"},"query-input":{"@type":"PropertyValueSpecification","valueRequired":true,"valueName":"search_term_string"}}],"inLanguage":"ru-RU"},{"@type":"Organization","@id":"https:\/\/gohike.lv\/ru\/#organization","name":"GoHike","url":"https:\/\/gohike.lv\/ru\/","logo":{"@type":"ImageObject","inLanguage":"ru-RU","@id":"https:\/\/gohike.lv\/ru\/#\/schema\/logo\/image\/","url":"https:\/\/gohike.lv\/wp-content\/uploads\/2023\/08\/Logo_GoHike.webp","contentUrl":"https:\/\/gohike.lv\/wp-content\/uploads\/2023\/08\/Logo_GoHike.webp","width":512,"height":512,"caption":"GoHike"},"image":{"@id":"https:\/\/gohike.lv\/ru\/#\/schema\/logo\/image\/"},"sameAs":["https:\/\/www.facebook.com\/gohike.shop\/","https:\/\/www.instagram.com\/gohike.shop\/"]}]}},"jetpack_sharing_enabled":true,"_links":{"self":[{"href":"https:\/\/gohike.lv\/ru\/wp-json\/wp\/v2\/product\/54436","targetHints":{"allow":["GET"]}}],"collection":[{"href":"https:\/\/gohike.lv\/ru\/wp-json\/wp\/v2\/product"}],"about":[{"href":"https:\/\/gohike.lv\/ru\/wp-json\/wp\/v2\/types\/product"}],"version-history":[{"count":0,"href":"https:\/\/gohike.lv\/ru\/wp-json\/wp\/v2\/product\/54436\/revisions"}],"wp:featuredmedia":[{"embeddable":true,"href":"https:\/\/gohike.lv\/ru\/wp-json\/wp\/v2\/media\/21799"}],"wp:attachment":[{"href":"https:\/\/gohike.lv\/ru\/wp-json\/wp\/v2\/media?parent=54436"}],"wp:term":[{"taxonomy":"product_brand","embeddable":true,"href":"https:\/\/gohike.lv\/ru\/wp-json\/wp\/v2\/product_brand?post=54436"},{"taxonomy":"product_cat","embeddable":true,"href":"https:\/\/gohike.lv\/ru\/wp-json\/wp\/v2\/product_cat?post=54436"},{"taxonomy":"product_tag","embeddable":true,"href":"https:\/\/gohike.lv\/ru\/wp-json\/wp\/v2\/product_tag?post=54436"}],"curies":[{"name":"wp","href":"https:\/\/api.w.org\/{rel}","templated":true}]}}