{"id":54432,"date":"2024-05-10T12:23:34","date_gmt":"2024-05-10T09:23:34","guid":{"rendered":"https:\/\/gohike.lv\/produkts\/opinel-no-12-outdoor-explore-saliekamais-nazis-ar-ercu-nonemsanas-lidzekli-2\/"},"modified":"2025-12-30T17:24:35","modified_gmt":"2025-12-30T14:24:35","slug":"opinel-no-12-outdoor-explore-saliekamais-nazis-ar-ercu-nonemsanas-lidzekli-2","status":"publish","type":"product","link":"https:\/\/gohike.lv\/ru\/produkts\/opinel-no-12-outdoor-explore-saliekamais-nazis-ar-ercu-nonemsanas-lidzekli-2\/","title":{"rendered":"Opinel &#8212; No.12 Outdoor Explore saliekamais nazis ar \u0113r\u010du no\u0146em\u0161anas l\u012bdzekli"},"content":{"rendered":"<p>Popul\u0101rais \u0101ra nazis Nr.12 Explore tagad ar \u0113r\u010du no\u0146em\u0161anas l\u012bdzekli.<br \/>\nVair\u0101ku materi\u0101lu rokturis ir pastiprin\u0101ts ar \u0161\u0137iedru, lai iztur\u0113tu ekstrem\u0101las temperat\u016bras, sitienus un \u016bdens iedarb\u012bbu.<br \/>\nRoktur\u012b ir iestr\u0101d\u0101ta 110 decibelu svilpe, no\u0146emams \u0113r\u010du no\u0146em\u0161anas r\u012bks, t\u0113rauda grie\u0161anas \u0101\u0137is.<br \/>\n\u0100\u0137is ir no\u0146emams, lai to var\u0113tu viegli t\u012br\u012bt, un taj\u0101 ir caurums, kas \u013cauj nostiprin\u0101t nazi gandr\u012bz jebkur\u0101 viet\u0101 ar auklu vai klipsi.<\/p>\n","protected":false},"excerpt":{"rendered":"<p>\u0160\u012b N\u00b012 Explore versija ir apr\u012bkota ar \u0113r\u010du no\u0146em\u0161anas l\u012bdzekli na\u017ea roktur\u012b.<\/p>\n","protected":false},"featured_media":21783,"template":"","meta":[],"product_brand":[1942],"product_cat":[1056],"product_tag":[],"class_list":{"0":"post-54432","1":"product","2":"type-product","3":"status-publish","4":"has-post-thumbnail","6":"product_brand-opinel-lv","7":"product_cat-nazi-un-zagi","8":"pa_izmers-102asmens-garums","9":"pa_izmers-254mmpilns-garums","10":"pa_izmers-27mmasmens-biezumss","11":"pa_izmers-eu-102asmens-garums","12":"pa_izmers-eu-254mmpilns-garums","13":"pa_izmers-eu-27mmasmens-biezumss","14":"pa_materiali-nerusejosais-terauds-sandvik-1227-2","15":"pa_materiali-poliamids-ar-stiklskiedru","16":"pa_produkta-tips-nazi","17":"pa_spalva-dzeltens","19":"first","20":"instock","21":"taxable","22":"shipping-taxable","23":"purchasable","24":"product-type-simple"},"raw_content":{"name":"Opinel - No.12 Outdoor Explore saliekamais nazis ar \u0113r\u010du no\u0146em\u0161anas l\u012bdzekli","description":"Popul\u0101rais \u0101ra nazis Nr.12 Explore tagad ar \u0113r\u010du no\u0146em\u0161anas l\u012bdzekli.\nVair\u0101ku materi\u0101lu rokturis ir pastiprin\u0101ts ar \u0161\u0137iedru, lai iztur\u0113tu ekstrem\u0101las temperat\u016bras, sitienus un \u016bdens iedarb\u012bbu.\nRoktur\u012b ir iestr\u0101d\u0101ta 110 decibelu svilpe, no\u0146emams \u0113r\u010du no\u0146em\u0161anas r\u012bks, t\u0113rauda grie\u0161anas \u0101\u0137is.\n\u0100\u0137is ir no\u0146emams, lai to var\u0113tu viegli t\u012br\u012bt, un taj\u0101 ir caurums, kas \u013cauj nostiprin\u0101t nazi gandr\u012bz jebkur\u0101 viet\u0101 ar auklu vai klipsi.","short_description":"\u0160\u012b N\u00b012 Explore versija ir apr\u012bkota ar \u0113r\u010du no\u0146em\u0161anas l\u012bdzekli na\u017ea roktur\u012b.","status":"publish","sku":"2454","original":54432},"wpml":{"translation_type":1,"has_translations":true,"original":54432,"duplicates":[],"translations":{"lv":54432,"en":67635,"ru":null}},"supplier_id":null,"supplier_sku":"","barcode":null,"atum_controlled":true,"out_stock_date":null,"out_stock_threshold":null,"inheritable":false,"inbound_stock":0,"stock_on_hold":0,"sold_today":0,"sales_last_days":0,"reserved_stock":0,"customer_returns":0,"warehouse_damage":0,"lost_in_post":0,"other_logs":0,"out_stock_days":0,"lost_sales":0,"has_location":false,"update_date":"2025-12-30T14:30:34","atum_locations":[],"atum_stock_status":"instock","restock_status":false,"low_stock_amount":"","sales_update_date":"2025-11-13T14:07:53","calc_backorders":null,"yoast_head":"<!-- This site is optimized with the Yoast SEO plugin v27.3 - https:\/\/yoast.com\/product\/yoast-seo-wordpress\/ -->\n<title>Opinel - No.12 Outdoor Explore saliekamais nazis ar \u0113r\u010du no\u0146em\u0161anas l\u012bdzekli<\/title>\n<meta name=\"description\" content=\"\u0160\u012b N\u00b012 Explore versija ir apr\u012bkota ar \u0113r\u010du no\u0146em\u0161anas l\u012bdzekli na\u017ea roktur\u012b.\" \/>\n<meta name=\"robots\" content=\"index, follow, max-snippet:-1, max-image-preview:large, max-video-preview:-1\" \/>\n<link rel=\"canonical\" href=\"https:\/\/gohike.lv\/ru\/produkts\/opinel-no-12-outdoor-explore-saliekamais-nazis-ar-ercu-nonemsanas-lidzekli-2\/\" \/>\n<meta property=\"og:locale\" content=\"ru_RU\" \/>\n<meta property=\"og:type\" content=\"article\" \/>\n<meta property=\"og:title\" content=\"N\u0101\u017ei un z\u0101\u0123i - Saliekams nazis\" \/>\n<meta property=\"og:description\" content=\"\u0160\u012b N\u00b012 Explore versija ir apr\u012bkota ar \u0113r\u010du no\u0146em\u0161anas l\u012bdzekli na\u017ea roktur\u012b.\" \/>\n<meta property=\"og:url\" content=\"https:\/\/gohike.lv\/ru\/produkts\/opinel-no-12-outdoor-explore-saliekamais-nazis-ar-ercu-nonemsanas-lidzekli-2\/\" \/>\n<meta property=\"og:site_name\" content=\"GoHike\" \/>\n<meta property=\"article:publisher\" content=\"https:\/\/www.facebook.com\/gohike.shop\/\" \/>\n<meta property=\"article:modified_time\" content=\"2025-12-30T14:24:35+00:00\" \/>\n<meta property=\"og:image\" content=\"https:\/\/gohike.lv\/wp-content\/uploads\/2024\/03\/opinel_12_tick_orange_.webp\" \/>\n\t<meta property=\"og:image:width\" content=\"1080\" \/>\n\t<meta property=\"og:image:height\" content=\"1080\" \/>\n\t<meta property=\"og:image:type\" content=\"image\/webp\" \/>\n<meta name=\"twitter:card\" content=\"summary_large_image\" \/>\n<meta name=\"twitter:title\" content=\"N\u0101\u017ei un z\u0101\u0123i - Saliekams nazis\" \/>\n<meta name=\"twitter:label1\" content=\"\u041f\u0440\u0438\u043c\u0435\u0440\u043d\u043e\u0435 \u0432\u0440\u0435\u043c\u044f \u0434\u043b\u044f \u0447\u0442\u0435\u043d\u0438\u044f\" \/>\n\t<meta name=\"twitter:data1\" content=\"1 \u043c\u0438\u043d\u0443\u0442\u0430\" \/>\n<script type=\"application\/ld+json\" class=\"yoast-schema-graph\">{\"@context\":\"https:\\\/\\\/schema.org\",\"@graph\":[{\"@type\":[\"WebPage\",\"ItemPage\"],\"@id\":\"https:\\\/\\\/gohike.lv\\\/ru\\\/produkts\\\/opinel-no-12-outdoor-explore-saliekamais-nazis-ar-ercu-nonemsanas-lidzekli-2\\\/\",\"url\":\"https:\\\/\\\/gohike.lv\\\/ru\\\/produkts\\\/opinel-no-12-outdoor-explore-saliekamais-nazis-ar-ercu-nonemsanas-lidzekli-2\\\/\",\"name\":\"Opinel - No.12 Outdoor Explore saliekamais nazis ar \u0113r\u010du no\u0146em\u0161anas l\u012bdzekli\",\"isPartOf\":{\"@id\":\"https:\\\/\\\/gohike.lv\\\/ru\\\/#website\"},\"primaryImageOfPage\":{\"@id\":\"https:\\\/\\\/gohike.lv\\\/ru\\\/produkts\\\/opinel-no-12-outdoor-explore-saliekamais-nazis-ar-ercu-nonemsanas-lidzekli-2\\\/#primaryimage\"},\"image\":{\"@id\":\"https:\\\/\\\/gohike.lv\\\/ru\\\/produkts\\\/opinel-no-12-outdoor-explore-saliekamais-nazis-ar-ercu-nonemsanas-lidzekli-2\\\/#primaryimage\"},\"thumbnailUrl\":\"https:\\\/\\\/gohike.lv\\\/wp-content\\\/uploads\\\/2024\\\/03\\\/opinel_12_tick_orange_.webp\",\"datePublished\":\"2024-05-10T09:23:34+00:00\",\"dateModified\":\"2025-12-30T14:24:35+00:00\",\"description\":\"\u0160\u012b N\u00b012 Explore versija ir apr\u012bkota ar \u0113r\u010du no\u0146em\u0161anas l\u012bdzekli na\u017ea roktur\u012b.\",\"breadcrumb\":{\"@id\":\"https:\\\/\\\/gohike.lv\\\/ru\\\/produkts\\\/opinel-no-12-outdoor-explore-saliekamais-nazis-ar-ercu-nonemsanas-lidzekli-2\\\/#breadcrumb\"},\"inLanguage\":\"ru-RU\",\"potentialAction\":[{\"@type\":\"ReadAction\",\"target\":[\"https:\\\/\\\/gohike.lv\\\/ru\\\/produkts\\\/opinel-no-12-outdoor-explore-saliekamais-nazis-ar-ercu-nonemsanas-lidzekli-2\\\/\"]}]},{\"@type\":\"ImageObject\",\"inLanguage\":\"ru-RU\",\"@id\":\"https:\\\/\\\/gohike.lv\\\/ru\\\/produkts\\\/opinel-no-12-outdoor-explore-saliekamais-nazis-ar-ercu-nonemsanas-lidzekli-2\\\/#primaryimage\",\"url\":\"https:\\\/\\\/gohike.lv\\\/wp-content\\\/uploads\\\/2024\\\/03\\\/opinel_12_tick_orange_.webp\",\"contentUrl\":\"https:\\\/\\\/gohike.lv\\\/wp-content\\\/uploads\\\/2024\\\/03\\\/opinel_12_tick_orange_.webp\",\"width\":1080,\"height\":1080},{\"@type\":\"BreadcrumbList\",\"@id\":\"https:\\\/\\\/gohike.lv\\\/ru\\\/produkts\\\/opinel-no-12-outdoor-explore-saliekamais-nazis-ar-ercu-nonemsanas-lidzekli-2\\\/#breadcrumb\",\"itemListElement\":[{\"@type\":\"ListItem\",\"position\":1,\"name\":\"\u0413\u043b\u0430\u0432\u043d\u0430\u044f\",\"item\":\"https:\\\/\\\/gohike.lv\\\/ru\\\/\"},{\"@type\":\"ListItem\",\"position\":2,\"name\":\"\u041a\u0430\u0442\u0435\u0433\u043e\u0440\u0438\u0438 \u0442\u043e\u0432\u0430\u0440\u043e\u0432\",\"item\":\"https:\\\/\\\/gohike.lv\\\/%d0%ba%d0%b0%d1%82%d0%b5%d0%b3%d0%be%d1%80%d0%b8%d0%b8-%d1%82%d0%be%d0%b2%d0%b0%d1%80%d0%be%d0%b2\\\/\"},{\"@type\":\"ListItem\",\"position\":3,\"name\":\"Opinel &#8211; No.12 Outdoor Explore saliekamais nazis ar \u0113r\u010du no\u0146em\u0161anas l\u012bdzekli\"}]},{\"@type\":\"WebSite\",\"@id\":\"https:\\\/\\\/gohike.lv\\\/ru\\\/#website\",\"url\":\"https:\\\/\\\/gohike.lv\\\/ru\\\/\",\"name\":\"GoHike\",\"description\":\"\",\"publisher\":{\"@id\":\"https:\\\/\\\/gohike.lv\\\/ru\\\/#organization\"},\"potentialAction\":[{\"@type\":\"SearchAction\",\"target\":{\"@type\":\"EntryPoint\",\"urlTemplate\":\"https:\\\/\\\/gohike.lv\\\/ru\\\/?s={search_term_string}\"},\"query-input\":{\"@type\":\"PropertyValueSpecification\",\"valueRequired\":true,\"valueName\":\"search_term_string\"}}],\"inLanguage\":\"ru-RU\"},{\"@type\":\"Organization\",\"@id\":\"https:\\\/\\\/gohike.lv\\\/ru\\\/#organization\",\"name\":\"GoHike\",\"url\":\"https:\\\/\\\/gohike.lv\\\/ru\\\/\",\"logo\":{\"@type\":\"ImageObject\",\"inLanguage\":\"ru-RU\",\"@id\":\"https:\\\/\\\/gohike.lv\\\/ru\\\/#\\\/schema\\\/logo\\\/image\\\/\",\"url\":\"https:\\\/\\\/gohike.lv\\\/wp-content\\\/uploads\\\/2023\\\/08\\\/Logo_GoHike.webp\",\"contentUrl\":\"https:\\\/\\\/gohike.lv\\\/wp-content\\\/uploads\\\/2023\\\/08\\\/Logo_GoHike.webp\",\"width\":512,\"height\":512,\"caption\":\"GoHike\"},\"image\":{\"@id\":\"https:\\\/\\\/gohike.lv\\\/ru\\\/#\\\/schema\\\/logo\\\/image\\\/\"},\"sameAs\":[\"https:\\\/\\\/www.facebook.com\\\/gohike.shop\\\/\",\"https:\\\/\\\/www.instagram.com\\\/gohike.shop\\\/\"]}]}<\/script>\n<!-- \/ Yoast SEO plugin. -->","yoast_head_json":{"title":"Opinel - No.12 Outdoor Explore saliekamais nazis ar \u0113r\u010du no\u0146em\u0161anas l\u012bdzekli","description":"\u0160\u012b N\u00b012 Explore versija ir apr\u012bkota ar \u0113r\u010du no\u0146em\u0161anas l\u012bdzekli na\u017ea roktur\u012b.","robots":{"index":"index","follow":"follow","max-snippet":"max-snippet:-1","max-image-preview":"max-image-preview:large","max-video-preview":"max-video-preview:-1"},"canonical":"https:\/\/gohike.lv\/ru\/produkts\/opinel-no-12-outdoor-explore-saliekamais-nazis-ar-ercu-nonemsanas-lidzekli-2\/","og_locale":"ru_RU","og_type":"article","og_title":"N\u0101\u017ei un z\u0101\u0123i - Saliekams nazis","og_description":"\u0160\u012b N\u00b012 Explore versija ir apr\u012bkota ar \u0113r\u010du no\u0146em\u0161anas l\u012bdzekli na\u017ea roktur\u012b.","og_url":"https:\/\/gohike.lv\/ru\/produkts\/opinel-no-12-outdoor-explore-saliekamais-nazis-ar-ercu-nonemsanas-lidzekli-2\/","og_site_name":"GoHike","article_publisher":"https:\/\/www.facebook.com\/gohike.shop\/","article_modified_time":"2025-12-30T14:24:35+00:00","og_image":[{"width":1080,"height":1080,"url":"https:\/\/gohike.lv\/wp-content\/uploads\/2024\/03\/opinel_12_tick_orange_.webp","type":"image\/webp"}],"twitter_card":"summary_large_image","twitter_title":"N\u0101\u017ei un z\u0101\u0123i - Saliekams nazis","twitter_misc":{"\u041f\u0440\u0438\u043c\u0435\u0440\u043d\u043e\u0435 \u0432\u0440\u0435\u043c\u044f \u0434\u043b\u044f \u0447\u0442\u0435\u043d\u0438\u044f":"1 \u043c\u0438\u043d\u0443\u0442\u0430"},"schema":{"@context":"https:\/\/schema.org","@graph":[{"@type":["WebPage","ItemPage"],"@id":"https:\/\/gohike.lv\/ru\/produkts\/opinel-no-12-outdoor-explore-saliekamais-nazis-ar-ercu-nonemsanas-lidzekli-2\/","url":"https:\/\/gohike.lv\/ru\/produkts\/opinel-no-12-outdoor-explore-saliekamais-nazis-ar-ercu-nonemsanas-lidzekli-2\/","name":"Opinel - No.12 Outdoor Explore saliekamais nazis ar \u0113r\u010du no\u0146em\u0161anas l\u012bdzekli","isPartOf":{"@id":"https:\/\/gohike.lv\/ru\/#website"},"primaryImageOfPage":{"@id":"https:\/\/gohike.lv\/ru\/produkts\/opinel-no-12-outdoor-explore-saliekamais-nazis-ar-ercu-nonemsanas-lidzekli-2\/#primaryimage"},"image":{"@id":"https:\/\/gohike.lv\/ru\/produkts\/opinel-no-12-outdoor-explore-saliekamais-nazis-ar-ercu-nonemsanas-lidzekli-2\/#primaryimage"},"thumbnailUrl":"https:\/\/gohike.lv\/wp-content\/uploads\/2024\/03\/opinel_12_tick_orange_.webp","datePublished":"2024-05-10T09:23:34+00:00","dateModified":"2025-12-30T14:24:35+00:00","description":"\u0160\u012b N\u00b012 Explore versija ir apr\u012bkota ar \u0113r\u010du no\u0146em\u0161anas l\u012bdzekli na\u017ea roktur\u012b.","breadcrumb":{"@id":"https:\/\/gohike.lv\/ru\/produkts\/opinel-no-12-outdoor-explore-saliekamais-nazis-ar-ercu-nonemsanas-lidzekli-2\/#breadcrumb"},"inLanguage":"ru-RU","potentialAction":[{"@type":"ReadAction","target":["https:\/\/gohike.lv\/ru\/produkts\/opinel-no-12-outdoor-explore-saliekamais-nazis-ar-ercu-nonemsanas-lidzekli-2\/"]}]},{"@type":"ImageObject","inLanguage":"ru-RU","@id":"https:\/\/gohike.lv\/ru\/produkts\/opinel-no-12-outdoor-explore-saliekamais-nazis-ar-ercu-nonemsanas-lidzekli-2\/#primaryimage","url":"https:\/\/gohike.lv\/wp-content\/uploads\/2024\/03\/opinel_12_tick_orange_.webp","contentUrl":"https:\/\/gohike.lv\/wp-content\/uploads\/2024\/03\/opinel_12_tick_orange_.webp","width":1080,"height":1080},{"@type":"BreadcrumbList","@id":"https:\/\/gohike.lv\/ru\/produkts\/opinel-no-12-outdoor-explore-saliekamais-nazis-ar-ercu-nonemsanas-lidzekli-2\/#breadcrumb","itemListElement":[{"@type":"ListItem","position":1,"name":"\u0413\u043b\u0430\u0432\u043d\u0430\u044f","item":"https:\/\/gohike.lv\/ru\/"},{"@type":"ListItem","position":2,"name":"\u041a\u0430\u0442\u0435\u0433\u043e\u0440\u0438\u0438 \u0442\u043e\u0432\u0430\u0440\u043e\u0432","item":"https:\/\/gohike.lv\/%d0%ba%d0%b0%d1%82%d0%b5%d0%b3%d0%be%d1%80%d0%b8%d0%b8-%d1%82%d0%be%d0%b2%d0%b0%d1%80%d0%be%d0%b2\/"},{"@type":"ListItem","position":3,"name":"Opinel &#8211; No.12 Outdoor Explore saliekamais nazis ar \u0113r\u010du no\u0146em\u0161anas l\u012bdzekli"}]},{"@type":"WebSite","@id":"https:\/\/gohike.lv\/ru\/#website","url":"https:\/\/gohike.lv\/ru\/","name":"GoHike","description":"","publisher":{"@id":"https:\/\/gohike.lv\/ru\/#organization"},"potentialAction":[{"@type":"SearchAction","target":{"@type":"EntryPoint","urlTemplate":"https:\/\/gohike.lv\/ru\/?s={search_term_string}"},"query-input":{"@type":"PropertyValueSpecification","valueRequired":true,"valueName":"search_term_string"}}],"inLanguage":"ru-RU"},{"@type":"Organization","@id":"https:\/\/gohike.lv\/ru\/#organization","name":"GoHike","url":"https:\/\/gohike.lv\/ru\/","logo":{"@type":"ImageObject","inLanguage":"ru-RU","@id":"https:\/\/gohike.lv\/ru\/#\/schema\/logo\/image\/","url":"https:\/\/gohike.lv\/wp-content\/uploads\/2023\/08\/Logo_GoHike.webp","contentUrl":"https:\/\/gohike.lv\/wp-content\/uploads\/2023\/08\/Logo_GoHike.webp","width":512,"height":512,"caption":"GoHike"},"image":{"@id":"https:\/\/gohike.lv\/ru\/#\/schema\/logo\/image\/"},"sameAs":["https:\/\/www.facebook.com\/gohike.shop\/","https:\/\/www.instagram.com\/gohike.shop\/"]}]}},"jetpack_sharing_enabled":true,"_links":{"self":[{"href":"https:\/\/gohike.lv\/ru\/wp-json\/wp\/v2\/product\/54432","targetHints":{"allow":["GET"]}}],"collection":[{"href":"https:\/\/gohike.lv\/ru\/wp-json\/wp\/v2\/product"}],"about":[{"href":"https:\/\/gohike.lv\/ru\/wp-json\/wp\/v2\/types\/product"}],"version-history":[{"count":0,"href":"https:\/\/gohike.lv\/ru\/wp-json\/wp\/v2\/product\/54432\/revisions"}],"wp:featuredmedia":[{"embeddable":true,"href":"https:\/\/gohike.lv\/ru\/wp-json\/wp\/v2\/media\/21783"}],"wp:attachment":[{"href":"https:\/\/gohike.lv\/ru\/wp-json\/wp\/v2\/media?parent=54432"}],"wp:term":[{"taxonomy":"product_brand","embeddable":true,"href":"https:\/\/gohike.lv\/ru\/wp-json\/wp\/v2\/product_brand?post=54432"},{"taxonomy":"product_cat","embeddable":true,"href":"https:\/\/gohike.lv\/ru\/wp-json\/wp\/v2\/product_cat?post=54432"},{"taxonomy":"product_tag","embeddable":true,"href":"https:\/\/gohike.lv\/ru\/wp-json\/wp\/v2\/product_tag?post=54432"}],"curies":[{"name":"wp","href":"https:\/\/api.w.org\/{rel}","templated":true}]}}