{"id":54428,"date":"2024-05-10T12:22:29","date_gmt":"2024-05-10T09:22:29","guid":{"rendered":"https:\/\/gohike.lv\/produkts\/opinel-nr-8-ara-nazis-ozolkoks\/"},"modified":"2026-01-02T20:20:21","modified_gmt":"2026-01-02T17:20:21","slug":"opinel-nr-8-ara-nazis-ozolkoks","status":"publish","type":"product","link":"https:\/\/gohike.lv\/ru\/produkts\/opinel-nr-8-ara-nazis-ozolkoks\/","title":{"rendered":"Opinel &#8212; Nr.8 \u0100ra nazis ar ozolkoka rokturi"},"content":{"rendered":"<p>Ikonisk\u0101 Opinel na\u017ea melnais izdevums.<br \/>\nAsmens un gredzena meln\u0101 apdare ieg\u016bta ar specifisku apstr\u0101di (PVD p\u0101rkl\u0101jums), \u0161\u012b apstr\u0101de uzlabo iztur\u012bbu pret koroziju.<br \/>\nFrancijas me\u017eu ozola rokturis ir lakots.<br \/>\nNazis nodro\u0161ina izcilu grie\u0161anas kvalit\u0101ti. Dro\u0161\u012bbas gredzens \u013cauj lietot\u0101jam str\u0101d\u0101t bez riska.<br \/>\n<iframe title=\"N\u00b008 Ch\u00eane Black - Barbecue\" width=\"1200\" height=\"900\" src=\"https:\/\/www.youtube.com\/embed\/U97kdq7tIrI?feature=oembed\" frameborder=\"0\" allow=\"accelerometer; autoplay; clipboard-write; encrypted-media; gyroscope; picture-in-picture; web-share\" referrerpolicy=\"strict-origin-when-cross-origin\" allowfullscreen><\/iframe><\/p>\n","protected":false},"excerpt":{"rendered":"<p>Klasiskais saliekamais kabatas nazis ar melnu asmeni. \u0160is ir ide\u0101ls nazis tehnisk\u0101kai est\u0113tikai, lieliski piem\u0113rots gan ikdienas lieto\u0161anai, gan kolekcion\u0101riem.<\/p>\n","protected":false},"featured_media":21760,"template":"","meta":[],"product_brand":[1942],"product_cat":[1056],"product_tag":[],"class_list":{"0":"post-54428","1":"product","2":"type-product","3":"status-publish","4":"has-post-thumbnail","6":"product_brand-opinel-lv","7":"product_cat-nazi-un-zagi","8":"pa_asmens-cietiba-55-57-hrc","9":"pa_izmers-1-5mmasmens-biezumss","10":"pa_izmers-109mmslegts-garums","11":"pa_izmers-192mmpilns-garums","12":"pa_izmers-84mmasmens-garums","13":"pa_izmers-eu-1-5mmasmens-biezumss","14":"pa_izmers-eu-109mmslegts-garums","15":"pa_izmers-eu-192mmpilns-garums","16":"pa_izmers-eu-84mmasmens-garums","17":"pa_materiali-nerusejosais-terauds-sandvik-1227-2","18":"pa_produkta-tips-nazi","19":"pa_spalva-ozolkoks","21":"first","22":"instock","23":"taxable","24":"shipping-taxable","25":"purchasable","26":"product-type-simple"},"raw_content":{"name":"Opinel - Nr.8 \u0100ra nazis ar ozolkoka rokturi","description":"Ikonisk\u0101 Opinel na\u017ea melnais izdevums.\nAsmens un gredzena meln\u0101 apdare ieg\u016bta ar specifisku apstr\u0101di (PVD p\u0101rkl\u0101jums), \u0161\u012b apstr\u0101de uzlabo iztur\u012bbu pret koroziju.\nFrancijas me\u017eu ozola rokturis ir lakots.\nNazis nodro\u0161ina izcilu grie\u0161anas kvalit\u0101ti. Dro\u0161\u012bbas gredzens \u013cauj lietot\u0101jam str\u0101d\u0101t bez riska.\nhttps:\/\/youtu.be\/U97kdq7tIrI","short_description":"Klasiskais saliekamais kabatas nazis ar melnu asmeni. \u0160is ir ide\u0101ls nazis tehnisk\u0101kai est\u0113tikai, lieliski piem\u0113rots gan ikdienas lieto\u0161anai, gan kolekcion\u0101riem.","status":"publish","sku":"2172","original":54428},"wpml":{"translation_type":1,"has_translations":true,"original":54428,"duplicates":[],"translations":{"lv":54428,"en":67618,"ru":null}},"supplier_id":null,"supplier_sku":"","barcode":null,"atum_controlled":true,"out_stock_date":null,"out_stock_threshold":null,"inheritable":false,"inbound_stock":0,"stock_on_hold":0,"sold_today":0,"sales_last_days":0,"reserved_stock":0,"customer_returns":0,"warehouse_damage":0,"lost_in_post":0,"other_logs":0,"out_stock_days":0,"lost_sales":0,"has_location":false,"update_date":"2026-04-09T10:38:15","atum_locations":[],"atum_stock_status":"instock","restock_status":false,"low_stock_amount":"","sales_update_date":"2026-04-09T10:38:15","calc_backorders":null,"yoast_head":"<!-- This site is optimized with the Yoast SEO plugin v27.5 - https:\/\/yoast.com\/product\/yoast-seo-wordpress\/ -->\n<title>Opinel - Nr.8 \u0100ra nazis ar ozolkoka rokturi<\/title>\n<meta name=\"description\" content=\"Klasiskais saliekamais kabatas nazis ar melnu asmeni. \u0160is ir ide\u0101ls nazis tehnisk\u0101kai est\u0113tikai, lieliski piem\u0113rots gan ikdienas lieto\u0161anai, gan kolekcion\u0101riem.\" \/>\n<meta name=\"robots\" content=\"index, follow, max-snippet:-1, max-image-preview:large, max-video-preview:-1\" \/>\n<link rel=\"canonical\" href=\"https:\/\/gohike.lv\/ru\/produkts\/opinel-nr-8-ara-nazis-ozolkoks\/\" \/>\n<meta property=\"og:locale\" content=\"ru_RU\" \/>\n<meta property=\"og:type\" content=\"article\" \/>\n<meta property=\"og:title\" content=\"N\u0101\u017ei un z\u0101\u0123i - Saliekams nazis\" \/>\n<meta property=\"og:description\" content=\"Klasiskais saliekamais kabatas nazis ar melnu asmeni. \u0160is ir ide\u0101ls nazis tehnisk\u0101kai est\u0113tikai, lieliski piem\u0113rots gan ikdienas lieto\u0161anai, gan kolekcion\u0101riem.\" \/>\n<meta property=\"og:url\" content=\"https:\/\/gohike.lv\/ru\/produkts\/opinel-nr-8-ara-nazis-ozolkoks\/\" \/>\n<meta property=\"og:site_name\" content=\"GoHike\" \/>\n<meta property=\"article:publisher\" content=\"https:\/\/www.facebook.com\/gohike.shop\/\" \/>\n<meta property=\"article:modified_time\" content=\"2026-01-02T17:20:21+00:00\" \/>\n<meta property=\"og:image\" content=\"https:\/\/gohike.lv\/wp-content\/uploads\/2024\/03\/Opinel_8_oak_.webp\" \/>\n\t<meta property=\"og:image:width\" content=\"1705\" \/>\n\t<meta property=\"og:image:height\" content=\"1705\" \/>\n\t<meta property=\"og:image:type\" content=\"image\/webp\" \/>\n<meta name=\"twitter:card\" content=\"summary_large_image\" \/>\n<meta name=\"twitter:title\" content=\"N\u0101\u017ei un z\u0101\u0123i - Saliekams nazis\" \/>\n<meta name=\"twitter:label1\" content=\"\u041f\u0440\u0438\u043c\u0435\u0440\u043d\u043e\u0435 \u0432\u0440\u0435\u043c\u044f \u0434\u043b\u044f \u0447\u0442\u0435\u043d\u0438\u044f\" \/>\n\t<meta name=\"twitter:data1\" content=\"1 \u043c\u0438\u043d\u0443\u0442\u0430\" \/>\n<script type=\"application\/ld+json\" class=\"yoast-schema-graph\">{\"@context\":\"https:\\\/\\\/schema.org\",\"@graph\":[{\"@type\":[\"WebPage\",\"ItemPage\"],\"@id\":\"https:\\\/\\\/gohike.lv\\\/ru\\\/produkts\\\/opinel-nr-8-ara-nazis-ozolkoks\\\/\",\"url\":\"https:\\\/\\\/gohike.lv\\\/ru\\\/produkts\\\/opinel-nr-8-ara-nazis-ozolkoks\\\/\",\"name\":\"Opinel - Nr.8 \u0100ra nazis ar ozolkoka rokturi\",\"isPartOf\":{\"@id\":\"https:\\\/\\\/gohike.lv\\\/ru\\\/#website\"},\"primaryImageOfPage\":{\"@id\":\"https:\\\/\\\/gohike.lv\\\/ru\\\/produkts\\\/opinel-nr-8-ara-nazis-ozolkoks\\\/#primaryimage\"},\"image\":{\"@id\":\"https:\\\/\\\/gohike.lv\\\/ru\\\/produkts\\\/opinel-nr-8-ara-nazis-ozolkoks\\\/#primaryimage\"},\"thumbnailUrl\":\"https:\\\/\\\/gohike.lv\\\/wp-content\\\/uploads\\\/2024\\\/03\\\/Opinel_8_oak_.webp\",\"datePublished\":\"2024-05-10T09:22:29+00:00\",\"dateModified\":\"2026-01-02T17:20:21+00:00\",\"description\":\"Klasiskais saliekamais kabatas nazis ar melnu asmeni. \u0160is ir ide\u0101ls nazis tehnisk\u0101kai est\u0113tikai, lieliski piem\u0113rots gan ikdienas lieto\u0161anai, gan kolekcion\u0101riem.\",\"breadcrumb\":{\"@id\":\"https:\\\/\\\/gohike.lv\\\/ru\\\/produkts\\\/opinel-nr-8-ara-nazis-ozolkoks\\\/#breadcrumb\"},\"inLanguage\":\"ru-RU\",\"potentialAction\":[{\"@type\":\"ReadAction\",\"target\":[\"https:\\\/\\\/gohike.lv\\\/ru\\\/produkts\\\/opinel-nr-8-ara-nazis-ozolkoks\\\/\"]}]},{\"@type\":\"ImageObject\",\"inLanguage\":\"ru-RU\",\"@id\":\"https:\\\/\\\/gohike.lv\\\/ru\\\/produkts\\\/opinel-nr-8-ara-nazis-ozolkoks\\\/#primaryimage\",\"url\":\"https:\\\/\\\/gohike.lv\\\/wp-content\\\/uploads\\\/2024\\\/03\\\/Opinel_8_oak_.webp\",\"contentUrl\":\"https:\\\/\\\/gohike.lv\\\/wp-content\\\/uploads\\\/2024\\\/03\\\/Opinel_8_oak_.webp\",\"width\":1705,\"height\":1705},{\"@type\":\"BreadcrumbList\",\"@id\":\"https:\\\/\\\/gohike.lv\\\/ru\\\/produkts\\\/opinel-nr-8-ara-nazis-ozolkoks\\\/#breadcrumb\",\"itemListElement\":[{\"@type\":\"ListItem\",\"position\":1,\"name\":\"\u0413\u043b\u0430\u0432\u043d\u0430\u044f\",\"item\":\"https:\\\/\\\/gohike.lv\\\/ru\\\/\"},{\"@type\":\"ListItem\",\"position\":2,\"name\":\"\u041a\u0430\u0442\u0435\u0433\u043e\u0440\u0438\u0438 \u0442\u043e\u0432\u0430\u0440\u043e\u0432\",\"item\":\"https:\\\/\\\/gohike.lv\\\/%d0%ba%d0%b0%d1%82%d0%b5%d0%b3%d0%be%d1%80%d0%b8%d0%b8-%d1%82%d0%be%d0%b2%d0%b0%d1%80%d0%be%d0%b2\\\/\"},{\"@type\":\"ListItem\",\"position\":3,\"name\":\"Opinel &#8211; Nr.8 \u0100ra nazis ar ozolkoka rokturi\"}]},{\"@type\":\"WebSite\",\"@id\":\"https:\\\/\\\/gohike.lv\\\/ru\\\/#website\",\"url\":\"https:\\\/\\\/gohike.lv\\\/ru\\\/\",\"name\":\"GoHike\",\"description\":\"\",\"publisher\":{\"@id\":\"https:\\\/\\\/gohike.lv\\\/ru\\\/#organization\"},\"potentialAction\":[{\"@type\":\"SearchAction\",\"target\":{\"@type\":\"EntryPoint\",\"urlTemplate\":\"https:\\\/\\\/gohike.lv\\\/ru\\\/?s={search_term_string}\"},\"query-input\":{\"@type\":\"PropertyValueSpecification\",\"valueRequired\":true,\"valueName\":\"search_term_string\"}}],\"inLanguage\":\"ru-RU\"},{\"@type\":\"Organization\",\"@id\":\"https:\\\/\\\/gohike.lv\\\/ru\\\/#organization\",\"name\":\"GoHike\",\"url\":\"https:\\\/\\\/gohike.lv\\\/ru\\\/\",\"logo\":{\"@type\":\"ImageObject\",\"inLanguage\":\"ru-RU\",\"@id\":\"https:\\\/\\\/gohike.lv\\\/ru\\\/#\\\/schema\\\/logo\\\/image\\\/\",\"url\":\"https:\\\/\\\/gohike.lv\\\/wp-content\\\/uploads\\\/2023\\\/08\\\/Logo_GoHike.webp\",\"contentUrl\":\"https:\\\/\\\/gohike.lv\\\/wp-content\\\/uploads\\\/2023\\\/08\\\/Logo_GoHike.webp\",\"width\":512,\"height\":512,\"caption\":\"GoHike\"},\"image\":{\"@id\":\"https:\\\/\\\/gohike.lv\\\/ru\\\/#\\\/schema\\\/logo\\\/image\\\/\"},\"sameAs\":[\"https:\\\/\\\/www.facebook.com\\\/gohike.shop\\\/\",\"https:\\\/\\\/www.instagram.com\\\/gohike.shop\\\/\"]}]}<\/script>\n<!-- \/ Yoast SEO plugin. -->","yoast_head_json":{"title":"Opinel - Nr.8 \u0100ra nazis ar ozolkoka rokturi","description":"Klasiskais saliekamais kabatas nazis ar melnu asmeni. \u0160is ir ide\u0101ls nazis tehnisk\u0101kai est\u0113tikai, lieliski piem\u0113rots gan ikdienas lieto\u0161anai, gan kolekcion\u0101riem.","robots":{"index":"index","follow":"follow","max-snippet":"max-snippet:-1","max-image-preview":"max-image-preview:large","max-video-preview":"max-video-preview:-1"},"canonical":"https:\/\/gohike.lv\/ru\/produkts\/opinel-nr-8-ara-nazis-ozolkoks\/","og_locale":"ru_RU","og_type":"article","og_title":"N\u0101\u017ei un z\u0101\u0123i - Saliekams nazis","og_description":"Klasiskais saliekamais kabatas nazis ar melnu asmeni. \u0160is ir ide\u0101ls nazis tehnisk\u0101kai est\u0113tikai, lieliski piem\u0113rots gan ikdienas lieto\u0161anai, gan kolekcion\u0101riem.","og_url":"https:\/\/gohike.lv\/ru\/produkts\/opinel-nr-8-ara-nazis-ozolkoks\/","og_site_name":"GoHike","article_publisher":"https:\/\/www.facebook.com\/gohike.shop\/","article_modified_time":"2026-01-02T17:20:21+00:00","og_image":[{"width":1705,"height":1705,"url":"https:\/\/gohike.lv\/wp-content\/uploads\/2024\/03\/Opinel_8_oak_.webp","type":"image\/webp"}],"twitter_card":"summary_large_image","twitter_title":"N\u0101\u017ei un z\u0101\u0123i - Saliekams nazis","twitter_misc":{"\u041f\u0440\u0438\u043c\u0435\u0440\u043d\u043e\u0435 \u0432\u0440\u0435\u043c\u044f \u0434\u043b\u044f \u0447\u0442\u0435\u043d\u0438\u044f":"1 \u043c\u0438\u043d\u0443\u0442\u0430"},"schema":{"@context":"https:\/\/schema.org","@graph":[{"@type":["WebPage","ItemPage"],"@id":"https:\/\/gohike.lv\/ru\/produkts\/opinel-nr-8-ara-nazis-ozolkoks\/","url":"https:\/\/gohike.lv\/ru\/produkts\/opinel-nr-8-ara-nazis-ozolkoks\/","name":"Opinel - Nr.8 \u0100ra nazis ar ozolkoka rokturi","isPartOf":{"@id":"https:\/\/gohike.lv\/ru\/#website"},"primaryImageOfPage":{"@id":"https:\/\/gohike.lv\/ru\/produkts\/opinel-nr-8-ara-nazis-ozolkoks\/#primaryimage"},"image":{"@id":"https:\/\/gohike.lv\/ru\/produkts\/opinel-nr-8-ara-nazis-ozolkoks\/#primaryimage"},"thumbnailUrl":"https:\/\/gohike.lv\/wp-content\/uploads\/2024\/03\/Opinel_8_oak_.webp","datePublished":"2024-05-10T09:22:29+00:00","dateModified":"2026-01-02T17:20:21+00:00","description":"Klasiskais saliekamais kabatas nazis ar melnu asmeni. \u0160is ir ide\u0101ls nazis tehnisk\u0101kai est\u0113tikai, lieliski piem\u0113rots gan ikdienas lieto\u0161anai, gan kolekcion\u0101riem.","breadcrumb":{"@id":"https:\/\/gohike.lv\/ru\/produkts\/opinel-nr-8-ara-nazis-ozolkoks\/#breadcrumb"},"inLanguage":"ru-RU","potentialAction":[{"@type":"ReadAction","target":["https:\/\/gohike.lv\/ru\/produkts\/opinel-nr-8-ara-nazis-ozolkoks\/"]}]},{"@type":"ImageObject","inLanguage":"ru-RU","@id":"https:\/\/gohike.lv\/ru\/produkts\/opinel-nr-8-ara-nazis-ozolkoks\/#primaryimage","url":"https:\/\/gohike.lv\/wp-content\/uploads\/2024\/03\/Opinel_8_oak_.webp","contentUrl":"https:\/\/gohike.lv\/wp-content\/uploads\/2024\/03\/Opinel_8_oak_.webp","width":1705,"height":1705},{"@type":"BreadcrumbList","@id":"https:\/\/gohike.lv\/ru\/produkts\/opinel-nr-8-ara-nazis-ozolkoks\/#breadcrumb","itemListElement":[{"@type":"ListItem","position":1,"name":"\u0413\u043b\u0430\u0432\u043d\u0430\u044f","item":"https:\/\/gohike.lv\/ru\/"},{"@type":"ListItem","position":2,"name":"\u041a\u0430\u0442\u0435\u0433\u043e\u0440\u0438\u0438 \u0442\u043e\u0432\u0430\u0440\u043e\u0432","item":"https:\/\/gohike.lv\/%d0%ba%d0%b0%d1%82%d0%b5%d0%b3%d0%be%d1%80%d0%b8%d0%b8-%d1%82%d0%be%d0%b2%d0%b0%d1%80%d0%be%d0%b2\/"},{"@type":"ListItem","position":3,"name":"Opinel &#8211; Nr.8 \u0100ra nazis ar ozolkoka rokturi"}]},{"@type":"WebSite","@id":"https:\/\/gohike.lv\/ru\/#website","url":"https:\/\/gohike.lv\/ru\/","name":"GoHike","description":"","publisher":{"@id":"https:\/\/gohike.lv\/ru\/#organization"},"potentialAction":[{"@type":"SearchAction","target":{"@type":"EntryPoint","urlTemplate":"https:\/\/gohike.lv\/ru\/?s={search_term_string}"},"query-input":{"@type":"PropertyValueSpecification","valueRequired":true,"valueName":"search_term_string"}}],"inLanguage":"ru-RU"},{"@type":"Organization","@id":"https:\/\/gohike.lv\/ru\/#organization","name":"GoHike","url":"https:\/\/gohike.lv\/ru\/","logo":{"@type":"ImageObject","inLanguage":"ru-RU","@id":"https:\/\/gohike.lv\/ru\/#\/schema\/logo\/image\/","url":"https:\/\/gohike.lv\/wp-content\/uploads\/2023\/08\/Logo_GoHike.webp","contentUrl":"https:\/\/gohike.lv\/wp-content\/uploads\/2023\/08\/Logo_GoHike.webp","width":512,"height":512,"caption":"GoHike"},"image":{"@id":"https:\/\/gohike.lv\/ru\/#\/schema\/logo\/image\/"},"sameAs":["https:\/\/www.facebook.com\/gohike.shop\/","https:\/\/www.instagram.com\/gohike.shop\/"]}]}},"jetpack_sharing_enabled":true,"_links":{"self":[{"href":"https:\/\/gohike.lv\/ru\/wp-json\/wp\/v2\/product\/54428","targetHints":{"allow":["GET"]}}],"collection":[{"href":"https:\/\/gohike.lv\/ru\/wp-json\/wp\/v2\/product"}],"about":[{"href":"https:\/\/gohike.lv\/ru\/wp-json\/wp\/v2\/types\/product"}],"version-history":[{"count":0,"href":"https:\/\/gohike.lv\/ru\/wp-json\/wp\/v2\/product\/54428\/revisions"}],"wp:featuredmedia":[{"embeddable":true,"href":"https:\/\/gohike.lv\/ru\/wp-json\/wp\/v2\/media\/21760"}],"wp:attachment":[{"href":"https:\/\/gohike.lv\/ru\/wp-json\/wp\/v2\/media?parent=54428"}],"wp:term":[{"taxonomy":"product_brand","embeddable":true,"href":"https:\/\/gohike.lv\/ru\/wp-json\/wp\/v2\/product_brand?post=54428"},{"taxonomy":"product_cat","embeddable":true,"href":"https:\/\/gohike.lv\/ru\/wp-json\/wp\/v2\/product_cat?post=54428"},{"taxonomy":"product_tag","embeddable":true,"href":"https:\/\/gohike.lv\/ru\/wp-json\/wp\/v2\/product_tag?post=54428"}],"curies":[{"name":"wp","href":"https:\/\/api.w.org\/{rel}","templated":true}]}}