{"id":54426,"date":"2024-05-10T12:22:29","date_gmt":"2024-05-10T09:22:29","guid":{"rendered":"https:\/\/gohike.lv\/produkts\/opinel-nr-8-ara-nazis-olivkoks\/"},"modified":"2026-01-02T20:20:32","modified_gmt":"2026-01-02T17:20:32","slug":"opinel-nr-8-ara-nazis-olivkoks","status":"publish","type":"product","link":"https:\/\/gohike.lv\/ru\/produkts\/opinel-nr-8-ara-nazis-olivkoks\/","title":{"rendered":"Opinel &#8212; Nr.8 \u0100ra nazis ar ol\u012bvkoka rokturi"},"content":{"rendered":"<p>Opinel salok\u0101mais nazis ir apr\u012bkots ar Virobloc sl\u0113dzeni.T\u0101du \u012bpa\u0161\u012bbu kombin\u0101cija k\u0101 vienk\u0101r\u0161s dizains, augstas kvalit\u0101tes komponenti un individu\u0101la pieeja katra na\u017ea izgatavo\u0161anai \u013cauj Opinel Nr.8 modelim b\u016bt ne tikai skaistam dekoram vai kolekcijas papildin\u0101jumam, bet ar\u012b k\u013c\u016bt par labu, daudzfunkcion\u0101lu r\u012bku.Komplekt\u0101 ietilpst: Opinel Nr.8 nazis ar ol\u012bvkoka rokturi, \u0101das maci\u0146u, koka kast\u012bti un stat\u012bvu nazim.<br \/>\nRaskturlielumi:Na\u017ea kop\u0113jais garums: 190 mm;<br \/>\nAsmens izgatavots no Sandvik 12C27 t\u0113rauda;<br \/>\nAsmens garums: 85 mm.<\/p>\n","protected":false},"excerpt":{"rendered":"<p>\u0160im nazim ir l\u012bdz\u012bgs dizains k\u0101 Tradition l\u012bnijas na\u017eiem, tas at\u0161\u0137iras tikai ar roktura materi\u0101lu, kas izgatavots no ol\u012bvkoka.<\/p>\n","protected":false},"featured_media":21749,"template":"","meta":[],"product_brand":[1942],"product_cat":[1056],"product_tag":[],"class_list":{"0":"post-54426","1":"product","2":"type-product","3":"status-publish","4":"has-post-thumbnail","6":"product_brand-opinel-lv","7":"product_cat-nazi-un-zagi","8":"pa_asmens-cietiba-55-57-hrc","9":"pa_izmers-195mmpilns-garums-2","10":"pa_izmers-2mmasmens-garums-110mmroktura-garums-2","11":"pa_izmers-85mmasmens-garums-2","12":"pa_izmers-eu-195mmpilns-garums","13":"pa_izmers-eu-2mmasmens-garums-110mmroktura-garums","14":"pa_izmers-eu-85mmasmens-garums","15":"pa_materiali-nerusejosais-terauds-sandvik-1227-2","16":"pa_materiali-olivkoks","17":"pa_produkta-tips-nazi","18":"pa_spalva-olivkoks","20":"first","21":"outofstock","22":"taxable","23":"shipping-taxable","24":"purchasable","25":"product-type-simple"},"raw_content":{"name":"Opinel - Nr.8 \u0100ra nazis ar ol\u012bvkoka rokturi","description":"Opinel salok\u0101mais nazis ir apr\u012bkots ar Virobloc sl\u0113dzeni.T\u0101du \u012bpa\u0161\u012bbu kombin\u0101cija k\u0101 vienk\u0101r\u0161s dizains, augstas kvalit\u0101tes komponenti un individu\u0101la pieeja katra na\u017ea izgatavo\u0161anai \u013cauj Opinel Nr.8 modelim b\u016bt ne tikai skaistam dekoram vai kolekcijas papildin\u0101jumam, bet ar\u012b k\u013c\u016bt par labu, daudzfunkcion\u0101lu r\u012bku.Komplekt\u0101 ietilpst: Opinel Nr.8 nazis ar ol\u012bvkoka rokturi, \u0101das maci\u0146u, koka kast\u012bti un stat\u012bvu nazim.\nRaskturlielumi:Na\u017ea kop\u0113jais garums: 190 mm;\nAsmens izgatavots no Sandvik 12C27 t\u0113rauda;\nAsmens garums: 85 mm.","short_description":"\u0160im nazim ir l\u012bdz\u012bgs dizains k\u0101 Tradition l\u012bnijas na\u017eiem, tas at\u0161\u0137iras tikai ar roktura materi\u0101lu, kas izgatavots no ol\u012bvkoka.","status":"publish","sku":"1004","original":54426},"wpml":{"translation_type":1,"has_translations":true,"original":54426,"duplicates":[],"translations":{"lv":54426,"en":67621,"ru":null}},"supplier_id":null,"supplier_sku":"","barcode":null,"atum_controlled":true,"out_stock_date":null,"out_stock_threshold":null,"inheritable":false,"inbound_stock":0,"stock_on_hold":0,"sold_today":0,"sales_last_days":0,"reserved_stock":0,"customer_returns":0,"warehouse_damage":0,"lost_in_post":0,"other_logs":0,"out_stock_days":0,"lost_sales":0,"has_location":false,"update_date":"2026-01-02T17:20:33","atum_locations":[],"atum_stock_status":"outofstock","restock_status":false,"low_stock_amount":"","sales_update_date":"2025-11-13T14:07:53","calc_backorders":null,"yoast_head":"<!-- This site is optimized with the Yoast SEO plugin v27.3 - https:\/\/yoast.com\/product\/yoast-seo-wordpress\/ -->\n<title>Opinel - Nr.8 \u0100ra nazis ar ol\u012bvkoka rokturi<\/title>\n<meta name=\"description\" content=\"\u0160im nazim ir l\u012bdz\u012bgs dizains k\u0101 Tradition l\u012bnijas na\u017eiem, tas at\u0161\u0137iras tikai ar roktura materi\u0101lu, kas izgatavots no ol\u012bvkoka.\" \/>\n<meta name=\"robots\" content=\"index, follow, max-snippet:-1, max-image-preview:large, max-video-preview:-1\" \/>\n<link rel=\"canonical\" href=\"https:\/\/gohike.lv\/ru\/produkts\/opinel-nr-8-ara-nazis-olivkoks\/\" \/>\n<meta property=\"og:locale\" content=\"ru_RU\" \/>\n<meta property=\"og:type\" content=\"article\" \/>\n<meta property=\"og:title\" content=\"N\u0101\u017ei un z\u0101\u0123i - Saliekams nazis\" \/>\n<meta property=\"og:description\" content=\"\u0160im nazim ir l\u012bdz\u012bgs dizains k\u0101 Tradition l\u012bnijas na\u017eiem, tas at\u0161\u0137iras tikai ar roktura materi\u0101lu, kas izgatavots no ol\u012bvkoka.\" \/>\n<meta property=\"og:url\" content=\"https:\/\/gohike.lv\/ru\/produkts\/opinel-nr-8-ara-nazis-olivkoks\/\" \/>\n<meta property=\"og:site_name\" content=\"GoHike\" \/>\n<meta property=\"article:publisher\" content=\"https:\/\/www.facebook.com\/gohike.shop\/\" \/>\n<meta property=\"article:modified_time\" content=\"2026-01-02T17:20:32+00:00\" \/>\n<meta property=\"og:image\" content=\"https:\/\/gohike.lv\/wp-content\/uploads\/2024\/03\/Opinel_8_olive_.webp\" \/>\n\t<meta property=\"og:image:width\" content=\"1200\" \/>\n\t<meta property=\"og:image:height\" content=\"1200\" \/>\n\t<meta property=\"og:image:type\" content=\"image\/webp\" \/>\n<meta name=\"twitter:card\" content=\"summary_large_image\" \/>\n<meta name=\"twitter:title\" content=\"N\u0101\u017ei un z\u0101\u0123i - Saliekams nazis\" \/>\n<meta name=\"twitter:label1\" content=\"\u041f\u0440\u0438\u043c\u0435\u0440\u043d\u043e\u0435 \u0432\u0440\u0435\u043c\u044f \u0434\u043b\u044f \u0447\u0442\u0435\u043d\u0438\u044f\" \/>\n\t<meta name=\"twitter:data1\" content=\"1 \u043c\u0438\u043d\u0443\u0442\u0430\" \/>\n<script type=\"application\/ld+json\" class=\"yoast-schema-graph\">{\"@context\":\"https:\\\/\\\/schema.org\",\"@graph\":[{\"@type\":[\"WebPage\",\"ItemPage\"],\"@id\":\"https:\\\/\\\/gohike.lv\\\/ru\\\/produkts\\\/opinel-nr-8-ara-nazis-olivkoks\\\/\",\"url\":\"https:\\\/\\\/gohike.lv\\\/ru\\\/produkts\\\/opinel-nr-8-ara-nazis-olivkoks\\\/\",\"name\":\"Opinel - Nr.8 \u0100ra nazis ar ol\u012bvkoka rokturi\",\"isPartOf\":{\"@id\":\"https:\\\/\\\/gohike.lv\\\/ru\\\/#website\"},\"primaryImageOfPage\":{\"@id\":\"https:\\\/\\\/gohike.lv\\\/ru\\\/produkts\\\/opinel-nr-8-ara-nazis-olivkoks\\\/#primaryimage\"},\"image\":{\"@id\":\"https:\\\/\\\/gohike.lv\\\/ru\\\/produkts\\\/opinel-nr-8-ara-nazis-olivkoks\\\/#primaryimage\"},\"thumbnailUrl\":\"https:\\\/\\\/gohike.lv\\\/wp-content\\\/uploads\\\/2024\\\/03\\\/Opinel_8_olive_.webp\",\"datePublished\":\"2024-05-10T09:22:29+00:00\",\"dateModified\":\"2026-01-02T17:20:32+00:00\",\"description\":\"\u0160im nazim ir l\u012bdz\u012bgs dizains k\u0101 Tradition l\u012bnijas na\u017eiem, tas at\u0161\u0137iras tikai ar roktura materi\u0101lu, kas izgatavots no ol\u012bvkoka.\",\"breadcrumb\":{\"@id\":\"https:\\\/\\\/gohike.lv\\\/ru\\\/produkts\\\/opinel-nr-8-ara-nazis-olivkoks\\\/#breadcrumb\"},\"inLanguage\":\"ru-RU\",\"potentialAction\":[{\"@type\":\"ReadAction\",\"target\":[\"https:\\\/\\\/gohike.lv\\\/ru\\\/produkts\\\/opinel-nr-8-ara-nazis-olivkoks\\\/\"]}]},{\"@type\":\"ImageObject\",\"inLanguage\":\"ru-RU\",\"@id\":\"https:\\\/\\\/gohike.lv\\\/ru\\\/produkts\\\/opinel-nr-8-ara-nazis-olivkoks\\\/#primaryimage\",\"url\":\"https:\\\/\\\/gohike.lv\\\/wp-content\\\/uploads\\\/2024\\\/03\\\/Opinel_8_olive_.webp\",\"contentUrl\":\"https:\\\/\\\/gohike.lv\\\/wp-content\\\/uploads\\\/2024\\\/03\\\/Opinel_8_olive_.webp\",\"width\":1200,\"height\":1200},{\"@type\":\"BreadcrumbList\",\"@id\":\"https:\\\/\\\/gohike.lv\\\/ru\\\/produkts\\\/opinel-nr-8-ara-nazis-olivkoks\\\/#breadcrumb\",\"itemListElement\":[{\"@type\":\"ListItem\",\"position\":1,\"name\":\"\u0413\u043b\u0430\u0432\u043d\u0430\u044f\",\"item\":\"https:\\\/\\\/gohike.lv\\\/ru\\\/\"},{\"@type\":\"ListItem\",\"position\":2,\"name\":\"\u041a\u0430\u0442\u0435\u0433\u043e\u0440\u0438\u0438 \u0442\u043e\u0432\u0430\u0440\u043e\u0432\",\"item\":\"https:\\\/\\\/gohike.lv\\\/%d0%ba%d0%b0%d1%82%d0%b5%d0%b3%d0%be%d1%80%d0%b8%d0%b8-%d1%82%d0%be%d0%b2%d0%b0%d1%80%d0%be%d0%b2\\\/\"},{\"@type\":\"ListItem\",\"position\":3,\"name\":\"Opinel &#8211; Nr.8 \u0100ra nazis ar ol\u012bvkoka rokturi\"}]},{\"@type\":\"WebSite\",\"@id\":\"https:\\\/\\\/gohike.lv\\\/ru\\\/#website\",\"url\":\"https:\\\/\\\/gohike.lv\\\/ru\\\/\",\"name\":\"GoHike\",\"description\":\"\",\"publisher\":{\"@id\":\"https:\\\/\\\/gohike.lv\\\/ru\\\/#organization\"},\"potentialAction\":[{\"@type\":\"SearchAction\",\"target\":{\"@type\":\"EntryPoint\",\"urlTemplate\":\"https:\\\/\\\/gohike.lv\\\/ru\\\/?s={search_term_string}\"},\"query-input\":{\"@type\":\"PropertyValueSpecification\",\"valueRequired\":true,\"valueName\":\"search_term_string\"}}],\"inLanguage\":\"ru-RU\"},{\"@type\":\"Organization\",\"@id\":\"https:\\\/\\\/gohike.lv\\\/ru\\\/#organization\",\"name\":\"GoHike\",\"url\":\"https:\\\/\\\/gohike.lv\\\/ru\\\/\",\"logo\":{\"@type\":\"ImageObject\",\"inLanguage\":\"ru-RU\",\"@id\":\"https:\\\/\\\/gohike.lv\\\/ru\\\/#\\\/schema\\\/logo\\\/image\\\/\",\"url\":\"https:\\\/\\\/gohike.lv\\\/wp-content\\\/uploads\\\/2023\\\/08\\\/Logo_GoHike.webp\",\"contentUrl\":\"https:\\\/\\\/gohike.lv\\\/wp-content\\\/uploads\\\/2023\\\/08\\\/Logo_GoHike.webp\",\"width\":512,\"height\":512,\"caption\":\"GoHike\"},\"image\":{\"@id\":\"https:\\\/\\\/gohike.lv\\\/ru\\\/#\\\/schema\\\/logo\\\/image\\\/\"},\"sameAs\":[\"https:\\\/\\\/www.facebook.com\\\/gohike.shop\\\/\",\"https:\\\/\\\/www.instagram.com\\\/gohike.shop\\\/\"]}]}<\/script>\n<!-- \/ Yoast SEO plugin. -->","yoast_head_json":{"title":"Opinel - Nr.8 \u0100ra nazis ar ol\u012bvkoka rokturi","description":"\u0160im nazim ir l\u012bdz\u012bgs dizains k\u0101 Tradition l\u012bnijas na\u017eiem, tas at\u0161\u0137iras tikai ar roktura materi\u0101lu, kas izgatavots no ol\u012bvkoka.","robots":{"index":"index","follow":"follow","max-snippet":"max-snippet:-1","max-image-preview":"max-image-preview:large","max-video-preview":"max-video-preview:-1"},"canonical":"https:\/\/gohike.lv\/ru\/produkts\/opinel-nr-8-ara-nazis-olivkoks\/","og_locale":"ru_RU","og_type":"article","og_title":"N\u0101\u017ei un z\u0101\u0123i - Saliekams nazis","og_description":"\u0160im nazim ir l\u012bdz\u012bgs dizains k\u0101 Tradition l\u012bnijas na\u017eiem, tas at\u0161\u0137iras tikai ar roktura materi\u0101lu, kas izgatavots no ol\u012bvkoka.","og_url":"https:\/\/gohike.lv\/ru\/produkts\/opinel-nr-8-ara-nazis-olivkoks\/","og_site_name":"GoHike","article_publisher":"https:\/\/www.facebook.com\/gohike.shop\/","article_modified_time":"2026-01-02T17:20:32+00:00","og_image":[{"width":1200,"height":1200,"url":"https:\/\/gohike.lv\/wp-content\/uploads\/2024\/03\/Opinel_8_olive_.webp","type":"image\/webp"}],"twitter_card":"summary_large_image","twitter_title":"N\u0101\u017ei un z\u0101\u0123i - Saliekams nazis","twitter_misc":{"\u041f\u0440\u0438\u043c\u0435\u0440\u043d\u043e\u0435 \u0432\u0440\u0435\u043c\u044f \u0434\u043b\u044f \u0447\u0442\u0435\u043d\u0438\u044f":"1 \u043c\u0438\u043d\u0443\u0442\u0430"},"schema":{"@context":"https:\/\/schema.org","@graph":[{"@type":["WebPage","ItemPage"],"@id":"https:\/\/gohike.lv\/ru\/produkts\/opinel-nr-8-ara-nazis-olivkoks\/","url":"https:\/\/gohike.lv\/ru\/produkts\/opinel-nr-8-ara-nazis-olivkoks\/","name":"Opinel - Nr.8 \u0100ra nazis ar ol\u012bvkoka rokturi","isPartOf":{"@id":"https:\/\/gohike.lv\/ru\/#website"},"primaryImageOfPage":{"@id":"https:\/\/gohike.lv\/ru\/produkts\/opinel-nr-8-ara-nazis-olivkoks\/#primaryimage"},"image":{"@id":"https:\/\/gohike.lv\/ru\/produkts\/opinel-nr-8-ara-nazis-olivkoks\/#primaryimage"},"thumbnailUrl":"https:\/\/gohike.lv\/wp-content\/uploads\/2024\/03\/Opinel_8_olive_.webp","datePublished":"2024-05-10T09:22:29+00:00","dateModified":"2026-01-02T17:20:32+00:00","description":"\u0160im nazim ir l\u012bdz\u012bgs dizains k\u0101 Tradition l\u012bnijas na\u017eiem, tas at\u0161\u0137iras tikai ar roktura materi\u0101lu, kas izgatavots no ol\u012bvkoka.","breadcrumb":{"@id":"https:\/\/gohike.lv\/ru\/produkts\/opinel-nr-8-ara-nazis-olivkoks\/#breadcrumb"},"inLanguage":"ru-RU","potentialAction":[{"@type":"ReadAction","target":["https:\/\/gohike.lv\/ru\/produkts\/opinel-nr-8-ara-nazis-olivkoks\/"]}]},{"@type":"ImageObject","inLanguage":"ru-RU","@id":"https:\/\/gohike.lv\/ru\/produkts\/opinel-nr-8-ara-nazis-olivkoks\/#primaryimage","url":"https:\/\/gohike.lv\/wp-content\/uploads\/2024\/03\/Opinel_8_olive_.webp","contentUrl":"https:\/\/gohike.lv\/wp-content\/uploads\/2024\/03\/Opinel_8_olive_.webp","width":1200,"height":1200},{"@type":"BreadcrumbList","@id":"https:\/\/gohike.lv\/ru\/produkts\/opinel-nr-8-ara-nazis-olivkoks\/#breadcrumb","itemListElement":[{"@type":"ListItem","position":1,"name":"\u0413\u043b\u0430\u0432\u043d\u0430\u044f","item":"https:\/\/gohike.lv\/ru\/"},{"@type":"ListItem","position":2,"name":"\u041a\u0430\u0442\u0435\u0433\u043e\u0440\u0438\u0438 \u0442\u043e\u0432\u0430\u0440\u043e\u0432","item":"https:\/\/gohike.lv\/%d0%ba%d0%b0%d1%82%d0%b5%d0%b3%d0%be%d1%80%d0%b8%d0%b8-%d1%82%d0%be%d0%b2%d0%b0%d1%80%d0%be%d0%b2\/"},{"@type":"ListItem","position":3,"name":"Opinel &#8211; Nr.8 \u0100ra nazis ar ol\u012bvkoka rokturi"}]},{"@type":"WebSite","@id":"https:\/\/gohike.lv\/ru\/#website","url":"https:\/\/gohike.lv\/ru\/","name":"GoHike","description":"","publisher":{"@id":"https:\/\/gohike.lv\/ru\/#organization"},"potentialAction":[{"@type":"SearchAction","target":{"@type":"EntryPoint","urlTemplate":"https:\/\/gohike.lv\/ru\/?s={search_term_string}"},"query-input":{"@type":"PropertyValueSpecification","valueRequired":true,"valueName":"search_term_string"}}],"inLanguage":"ru-RU"},{"@type":"Organization","@id":"https:\/\/gohike.lv\/ru\/#organization","name":"GoHike","url":"https:\/\/gohike.lv\/ru\/","logo":{"@type":"ImageObject","inLanguage":"ru-RU","@id":"https:\/\/gohike.lv\/ru\/#\/schema\/logo\/image\/","url":"https:\/\/gohike.lv\/wp-content\/uploads\/2023\/08\/Logo_GoHike.webp","contentUrl":"https:\/\/gohike.lv\/wp-content\/uploads\/2023\/08\/Logo_GoHike.webp","width":512,"height":512,"caption":"GoHike"},"image":{"@id":"https:\/\/gohike.lv\/ru\/#\/schema\/logo\/image\/"},"sameAs":["https:\/\/www.facebook.com\/gohike.shop\/","https:\/\/www.instagram.com\/gohike.shop\/"]}]}},"jetpack_sharing_enabled":true,"_links":{"self":[{"href":"https:\/\/gohike.lv\/ru\/wp-json\/wp\/v2\/product\/54426","targetHints":{"allow":["GET"]}}],"collection":[{"href":"https:\/\/gohike.lv\/ru\/wp-json\/wp\/v2\/product"}],"about":[{"href":"https:\/\/gohike.lv\/ru\/wp-json\/wp\/v2\/types\/product"}],"version-history":[{"count":0,"href":"https:\/\/gohike.lv\/ru\/wp-json\/wp\/v2\/product\/54426\/revisions"}],"wp:featuredmedia":[{"embeddable":true,"href":"https:\/\/gohike.lv\/ru\/wp-json\/wp\/v2\/media\/21749"}],"wp:attachment":[{"href":"https:\/\/gohike.lv\/ru\/wp-json\/wp\/v2\/media?parent=54426"}],"wp:term":[{"taxonomy":"product_brand","embeddable":true,"href":"https:\/\/gohike.lv\/ru\/wp-json\/wp\/v2\/product_brand?post=54426"},{"taxonomy":"product_cat","embeddable":true,"href":"https:\/\/gohike.lv\/ru\/wp-json\/wp\/v2\/product_cat?post=54426"},{"taxonomy":"product_tag","embeddable":true,"href":"https:\/\/gohike.lv\/ru\/wp-json\/wp\/v2\/product_tag?post=54426"}],"curies":[{"name":"wp","href":"https:\/\/api.w.org\/{rel}","templated":true}]}}