{"id":54420,"date":"2024-05-10T12:22:29","date_gmt":"2024-05-10T09:22:29","guid":{"rendered":"https:\/\/gohike.lv\/produkts\/haago-kermena-silditajs\/"},"modified":"2026-02-22T19:12:10","modified_gmt":"2026-02-22T16:12:10","slug":"haago-kermena-silditajs","status":"publish","type":"product","link":"https:\/\/gohike.lv\/ru\/produkts\/haago-kermena-silditajs\/","title":{"rendered":"H\u00e4ago &#8212; \u0136erme\u0146a sild\u012bt\u0101js"},"content":{"rendered":"<p>\u0160ie sild\u012bt\u0101ji ir lieliski piem\u0113roti \u0137erme\u0146a sild\u012b\u0161anai aukst\u0101 laik\u0101.<br \/>\nGalven\u0101s iez\u012bmes:<br \/>\nSild\u012bt\u0101ji darbojas l\u012bdz pat 10 stund\u0101m, rada vienm\u0113r\u012bgu, nemain\u012bgu siltumu, kas ir ide\u0101li piem\u0113rots ilgsto\u0161\u0101m \u0101ra aktivit\u0101t\u0113m.<br \/>\nVienk\u0101r\u0161a lieto\u0161ana, 100% dab\u012bga oksid\u0113\u0161an\u0101s.<br \/>\nIzgatavoti no dab\u012bg\u0101m sast\u0101vda\u013c\u0101m, tie ir videi draudz\u012bgi un dro\u0161i.<br \/>\nKompakti un viegli.<\/p>\n","protected":false},"excerpt":{"rendered":"<p>Saglab\u0101jiet \u0137erme\u0146u siltu l\u012bdz pat 10 stund\u0101m ar H\u00e4ago \u0137erme\u0146a sild\u012bt\u0101jiem.<\/p>\n","protected":false},"featured_media":21714,"template":"","meta":[],"product_brand":[1940],"product_cat":[1315],"product_tag":[],"class_list":{"0":"post-54420","1":"product","2":"type-product","3":"status-publish","4":"has-post-thumbnail","6":"product_brand-haago-lv","7":"product_cat-silditaji-un-aptiecinas","8":"pa_izmers-150-x-120mm","9":"pa_izmers-eu-150-x-120mm","10":"pa_produkta-tips-kermena-silditaji","12":"first","13":"outofstock","14":"taxable","15":"shipping-taxable","16":"purchasable","17":"product-type-simple"},"raw_content":{"name":"H\u00e4ago - \u0136erme\u0146a sild\u012bt\u0101js","description":"\u0160ie sild\u012bt\u0101ji ir lieliski piem\u0113roti \u0137erme\u0146a sild\u012b\u0161anai aukst\u0101 laik\u0101.\nGalven\u0101s iez\u012bmes:\nSild\u012bt\u0101ji darbojas l\u012bdz pat 10 stund\u0101m, rada vienm\u0113r\u012bgu, nemain\u012bgu siltumu, kas ir ide\u0101li piem\u0113rots ilgsto\u0161\u0101m \u0101ra aktivit\u0101t\u0113m.\nVienk\u0101r\u0161a lieto\u0161ana, 100% dab\u012bga oksid\u0113\u0161an\u0101s.\nIzgatavoti no dab\u012bg\u0101m sast\u0101vda\u013c\u0101m, tie ir videi draudz\u012bgi un dro\u0161i.\nKompakti un viegli.","short_description":"Saglab\u0101jiet \u0137erme\u0146u siltu l\u012bdz pat 10 stund\u0101m ar H\u00e4ago \u0137erme\u0146a sild\u012bt\u0101jiem.","status":"publish","sku":"S0512","original":54420},"wpml":{"translation_type":1,"has_translations":true,"original":54420,"duplicates":[],"translations":{"lv":54420,"en":67627,"ru":null}},"supplier_id":null,"supplier_sku":"","barcode":null,"atum_controlled":true,"out_stock_date":"2026-02-22 14:45:11","out_stock_threshold":null,"inheritable":false,"inbound_stock":null,"stock_on_hold":0,"sold_today":0,"sales_last_days":5,"reserved_stock":null,"customer_returns":null,"warehouse_damage":null,"lost_in_post":null,"other_logs":null,"out_stock_days":2,"lost_sales":2,"has_location":false,"update_date":"2026-02-24T16:39:34","atum_locations":[],"atum_stock_status":"outofstock","restock_status":false,"low_stock_amount":"","sales_update_date":"2026-02-24T16:39:34","calc_backorders":null,"yoast_head":"<!-- This site is optimized with the Yoast SEO plugin v27.3 - https:\/\/yoast.com\/product\/yoast-seo-wordpress\/ -->\n<title>H\u00e4ago - \u0136erme\u0146a sild\u012bt\u0101js<\/title>\n<meta name=\"description\" content=\"Saglab\u0101jiet \u0137erme\u0146u siltu l\u012bdz pat 10 stund\u0101m ar H\u00e4ago \u0137erme\u0146a sild\u012bt\u0101jiem. Vienk\u0101r\u0161a lieto\u0161ana, 100% dab\u012bga oksid\u0113\u0161an\u0101s.\" \/>\n<meta name=\"robots\" content=\"index, follow, max-snippet:-1, max-image-preview:large, max-video-preview:-1\" \/>\n<link rel=\"canonical\" href=\"https:\/\/gohike.lv\/ru\/produkts\/haago-kermena-silditajs\/\" \/>\n<meta property=\"og:locale\" content=\"ru_RU\" \/>\n<meta property=\"og:type\" content=\"article\" \/>\n<meta property=\"og:title\" content=\"Sild\u012bt\u0101ji un izdz\u012bvo\u0161ana - \u0136erme\u0146a sild\u012bt\u0101js\" \/>\n<meta property=\"og:description\" content=\"Saglab\u0101jiet \u0137erme\u0146u siltu l\u012bdz pat 10 stund\u0101m ar H\u00e4ago \u0137erme\u0146a sild\u012bt\u0101jiem. Vienk\u0101r\u0161a lieto\u0161ana, 100% dab\u012bga oksid\u0113\u0161an\u0101s.\" \/>\n<meta property=\"og:url\" content=\"https:\/\/gohike.lv\/ru\/produkts\/haago-kermena-silditajs\/\" \/>\n<meta property=\"og:site_name\" content=\"GoHike\" \/>\n<meta property=\"article:publisher\" content=\"https:\/\/www.facebook.com\/gohike.shop\/\" \/>\n<meta property=\"article:modified_time\" content=\"2026-02-22T16:12:10+00:00\" \/>\n<meta property=\"og:image\" content=\"https:\/\/gohike.lv\/wp-content\/uploads\/2024\/03\/haago_body_.webp\" \/>\n\t<meta property=\"og:image:width\" content=\"1080\" \/>\n\t<meta property=\"og:image:height\" content=\"1080\" \/>\n\t<meta property=\"og:image:type\" content=\"image\/webp\" \/>\n<meta name=\"twitter:card\" content=\"summary_large_image\" \/>\n<meta name=\"twitter:title\" content=\"Sild\u012bt\u0101ji un izdz\u012bvo\u0161ana - \u0136erme\u0146a sild\u012bt\u0101js\" \/>\n<meta name=\"twitter:label1\" content=\"\u041f\u0440\u0438\u043c\u0435\u0440\u043d\u043e\u0435 \u0432\u0440\u0435\u043c\u044f \u0434\u043b\u044f \u0447\u0442\u0435\u043d\u0438\u044f\" \/>\n\t<meta name=\"twitter:data1\" content=\"1 \u043c\u0438\u043d\u0443\u0442\u0430\" \/>\n<script type=\"application\/ld+json\" class=\"yoast-schema-graph\">{\"@context\":\"https:\\\/\\\/schema.org\",\"@graph\":[{\"@type\":[\"WebPage\",\"ItemPage\"],\"@id\":\"https:\\\/\\\/gohike.lv\\\/ru\\\/produkts\\\/haago-kermena-silditajs\\\/\",\"url\":\"https:\\\/\\\/gohike.lv\\\/ru\\\/produkts\\\/haago-kermena-silditajs\\\/\",\"name\":\"H\u00e4ago - \u0136erme\u0146a sild\u012bt\u0101js\",\"isPartOf\":{\"@id\":\"https:\\\/\\\/gohike.lv\\\/ru\\\/#website\"},\"primaryImageOfPage\":{\"@id\":\"https:\\\/\\\/gohike.lv\\\/ru\\\/produkts\\\/haago-kermena-silditajs\\\/#primaryimage\"},\"image\":{\"@id\":\"https:\\\/\\\/gohike.lv\\\/ru\\\/produkts\\\/haago-kermena-silditajs\\\/#primaryimage\"},\"thumbnailUrl\":\"https:\\\/\\\/gohike.lv\\\/wp-content\\\/uploads\\\/2024\\\/03\\\/haago_body_.webp\",\"datePublished\":\"2024-05-10T09:22:29+00:00\",\"dateModified\":\"2026-02-22T16:12:10+00:00\",\"description\":\"Saglab\u0101jiet \u0137erme\u0146u siltu l\u012bdz pat 10 stund\u0101m ar H\u00e4ago \u0137erme\u0146a sild\u012bt\u0101jiem. Vienk\u0101r\u0161a lieto\u0161ana, 100% dab\u012bga oksid\u0113\u0161an\u0101s.\",\"breadcrumb\":{\"@id\":\"https:\\\/\\\/gohike.lv\\\/ru\\\/produkts\\\/haago-kermena-silditajs\\\/#breadcrumb\"},\"inLanguage\":\"ru-RU\",\"potentialAction\":[{\"@type\":\"ReadAction\",\"target\":[\"https:\\\/\\\/gohike.lv\\\/ru\\\/produkts\\\/haago-kermena-silditajs\\\/\"]}]},{\"@type\":\"ImageObject\",\"inLanguage\":\"ru-RU\",\"@id\":\"https:\\\/\\\/gohike.lv\\\/ru\\\/produkts\\\/haago-kermena-silditajs\\\/#primaryimage\",\"url\":\"https:\\\/\\\/gohike.lv\\\/wp-content\\\/uploads\\\/2024\\\/03\\\/haago_body_.webp\",\"contentUrl\":\"https:\\\/\\\/gohike.lv\\\/wp-content\\\/uploads\\\/2024\\\/03\\\/haago_body_.webp\",\"width\":1080,\"height\":1080},{\"@type\":\"BreadcrumbList\",\"@id\":\"https:\\\/\\\/gohike.lv\\\/ru\\\/produkts\\\/haago-kermena-silditajs\\\/#breadcrumb\",\"itemListElement\":[{\"@type\":\"ListItem\",\"position\":1,\"name\":\"\u0413\u043b\u0430\u0432\u043d\u0430\u044f\",\"item\":\"https:\\\/\\\/gohike.lv\\\/ru\\\/\"},{\"@type\":\"ListItem\",\"position\":2,\"name\":\"\u041a\u0430\u0442\u0435\u0433\u043e\u0440\u0438\u0438 \u0442\u043e\u0432\u0430\u0440\u043e\u0432\",\"item\":\"https:\\\/\\\/gohike.lv\\\/%d0%ba%d0%b0%d1%82%d0%b5%d0%b3%d0%be%d1%80%d0%b8%d0%b8-%d1%82%d0%be%d0%b2%d0%b0%d1%80%d0%be%d0%b2\\\/\"},{\"@type\":\"ListItem\",\"position\":3,\"name\":\"H\u00e4ago &#8211; \u0136erme\u0146a sild\u012bt\u0101js\"}]},{\"@type\":\"WebSite\",\"@id\":\"https:\\\/\\\/gohike.lv\\\/ru\\\/#website\",\"url\":\"https:\\\/\\\/gohike.lv\\\/ru\\\/\",\"name\":\"GoHike\",\"description\":\"\",\"publisher\":{\"@id\":\"https:\\\/\\\/gohike.lv\\\/ru\\\/#organization\"},\"potentialAction\":[{\"@type\":\"SearchAction\",\"target\":{\"@type\":\"EntryPoint\",\"urlTemplate\":\"https:\\\/\\\/gohike.lv\\\/ru\\\/?s={search_term_string}\"},\"query-input\":{\"@type\":\"PropertyValueSpecification\",\"valueRequired\":true,\"valueName\":\"search_term_string\"}}],\"inLanguage\":\"ru-RU\"},{\"@type\":\"Organization\",\"@id\":\"https:\\\/\\\/gohike.lv\\\/ru\\\/#organization\",\"name\":\"GoHike\",\"url\":\"https:\\\/\\\/gohike.lv\\\/ru\\\/\",\"logo\":{\"@type\":\"ImageObject\",\"inLanguage\":\"ru-RU\",\"@id\":\"https:\\\/\\\/gohike.lv\\\/ru\\\/#\\\/schema\\\/logo\\\/image\\\/\",\"url\":\"https:\\\/\\\/gohike.lv\\\/wp-content\\\/uploads\\\/2023\\\/08\\\/Logo_GoHike.webp\",\"contentUrl\":\"https:\\\/\\\/gohike.lv\\\/wp-content\\\/uploads\\\/2023\\\/08\\\/Logo_GoHike.webp\",\"width\":512,\"height\":512,\"caption\":\"GoHike\"},\"image\":{\"@id\":\"https:\\\/\\\/gohike.lv\\\/ru\\\/#\\\/schema\\\/logo\\\/image\\\/\"},\"sameAs\":[\"https:\\\/\\\/www.facebook.com\\\/gohike.shop\\\/\",\"https:\\\/\\\/www.instagram.com\\\/gohike.shop\\\/\"]}]}<\/script>\n<!-- \/ Yoast SEO plugin. -->","yoast_head_json":{"title":"H\u00e4ago - \u0136erme\u0146a sild\u012bt\u0101js","description":"Saglab\u0101jiet \u0137erme\u0146u siltu l\u012bdz pat 10 stund\u0101m ar H\u00e4ago \u0137erme\u0146a sild\u012bt\u0101jiem. Vienk\u0101r\u0161a lieto\u0161ana, 100% dab\u012bga oksid\u0113\u0161an\u0101s.","robots":{"index":"index","follow":"follow","max-snippet":"max-snippet:-1","max-image-preview":"max-image-preview:large","max-video-preview":"max-video-preview:-1"},"canonical":"https:\/\/gohike.lv\/ru\/produkts\/haago-kermena-silditajs\/","og_locale":"ru_RU","og_type":"article","og_title":"Sild\u012bt\u0101ji un izdz\u012bvo\u0161ana - \u0136erme\u0146a sild\u012bt\u0101js","og_description":"Saglab\u0101jiet \u0137erme\u0146u siltu l\u012bdz pat 10 stund\u0101m ar H\u00e4ago \u0137erme\u0146a sild\u012bt\u0101jiem. Vienk\u0101r\u0161a lieto\u0161ana, 100% dab\u012bga oksid\u0113\u0161an\u0101s.","og_url":"https:\/\/gohike.lv\/ru\/produkts\/haago-kermena-silditajs\/","og_site_name":"GoHike","article_publisher":"https:\/\/www.facebook.com\/gohike.shop\/","article_modified_time":"2026-02-22T16:12:10+00:00","og_image":[{"width":1080,"height":1080,"url":"https:\/\/gohike.lv\/wp-content\/uploads\/2024\/03\/haago_body_.webp","type":"image\/webp"}],"twitter_card":"summary_large_image","twitter_title":"Sild\u012bt\u0101ji un izdz\u012bvo\u0161ana - \u0136erme\u0146a sild\u012bt\u0101js","twitter_misc":{"\u041f\u0440\u0438\u043c\u0435\u0440\u043d\u043e\u0435 \u0432\u0440\u0435\u043c\u044f \u0434\u043b\u044f \u0447\u0442\u0435\u043d\u0438\u044f":"1 \u043c\u0438\u043d\u0443\u0442\u0430"},"schema":{"@context":"https:\/\/schema.org","@graph":[{"@type":["WebPage","ItemPage"],"@id":"https:\/\/gohike.lv\/ru\/produkts\/haago-kermena-silditajs\/","url":"https:\/\/gohike.lv\/ru\/produkts\/haago-kermena-silditajs\/","name":"H\u00e4ago - \u0136erme\u0146a sild\u012bt\u0101js","isPartOf":{"@id":"https:\/\/gohike.lv\/ru\/#website"},"primaryImageOfPage":{"@id":"https:\/\/gohike.lv\/ru\/produkts\/haago-kermena-silditajs\/#primaryimage"},"image":{"@id":"https:\/\/gohike.lv\/ru\/produkts\/haago-kermena-silditajs\/#primaryimage"},"thumbnailUrl":"https:\/\/gohike.lv\/wp-content\/uploads\/2024\/03\/haago_body_.webp","datePublished":"2024-05-10T09:22:29+00:00","dateModified":"2026-02-22T16:12:10+00:00","description":"Saglab\u0101jiet \u0137erme\u0146u siltu l\u012bdz pat 10 stund\u0101m ar H\u00e4ago \u0137erme\u0146a sild\u012bt\u0101jiem. Vienk\u0101r\u0161a lieto\u0161ana, 100% dab\u012bga oksid\u0113\u0161an\u0101s.","breadcrumb":{"@id":"https:\/\/gohike.lv\/ru\/produkts\/haago-kermena-silditajs\/#breadcrumb"},"inLanguage":"ru-RU","potentialAction":[{"@type":"ReadAction","target":["https:\/\/gohike.lv\/ru\/produkts\/haago-kermena-silditajs\/"]}]},{"@type":"ImageObject","inLanguage":"ru-RU","@id":"https:\/\/gohike.lv\/ru\/produkts\/haago-kermena-silditajs\/#primaryimage","url":"https:\/\/gohike.lv\/wp-content\/uploads\/2024\/03\/haago_body_.webp","contentUrl":"https:\/\/gohike.lv\/wp-content\/uploads\/2024\/03\/haago_body_.webp","width":1080,"height":1080},{"@type":"BreadcrumbList","@id":"https:\/\/gohike.lv\/ru\/produkts\/haago-kermena-silditajs\/#breadcrumb","itemListElement":[{"@type":"ListItem","position":1,"name":"\u0413\u043b\u0430\u0432\u043d\u0430\u044f","item":"https:\/\/gohike.lv\/ru\/"},{"@type":"ListItem","position":2,"name":"\u041a\u0430\u0442\u0435\u0433\u043e\u0440\u0438\u0438 \u0442\u043e\u0432\u0430\u0440\u043e\u0432","item":"https:\/\/gohike.lv\/%d0%ba%d0%b0%d1%82%d0%b5%d0%b3%d0%be%d1%80%d0%b8%d0%b8-%d1%82%d0%be%d0%b2%d0%b0%d1%80%d0%be%d0%b2\/"},{"@type":"ListItem","position":3,"name":"H\u00e4ago &#8211; \u0136erme\u0146a sild\u012bt\u0101js"}]},{"@type":"WebSite","@id":"https:\/\/gohike.lv\/ru\/#website","url":"https:\/\/gohike.lv\/ru\/","name":"GoHike","description":"","publisher":{"@id":"https:\/\/gohike.lv\/ru\/#organization"},"potentialAction":[{"@type":"SearchAction","target":{"@type":"EntryPoint","urlTemplate":"https:\/\/gohike.lv\/ru\/?s={search_term_string}"},"query-input":{"@type":"PropertyValueSpecification","valueRequired":true,"valueName":"search_term_string"}}],"inLanguage":"ru-RU"},{"@type":"Organization","@id":"https:\/\/gohike.lv\/ru\/#organization","name":"GoHike","url":"https:\/\/gohike.lv\/ru\/","logo":{"@type":"ImageObject","inLanguage":"ru-RU","@id":"https:\/\/gohike.lv\/ru\/#\/schema\/logo\/image\/","url":"https:\/\/gohike.lv\/wp-content\/uploads\/2023\/08\/Logo_GoHike.webp","contentUrl":"https:\/\/gohike.lv\/wp-content\/uploads\/2023\/08\/Logo_GoHike.webp","width":512,"height":512,"caption":"GoHike"},"image":{"@id":"https:\/\/gohike.lv\/ru\/#\/schema\/logo\/image\/"},"sameAs":["https:\/\/www.facebook.com\/gohike.shop\/","https:\/\/www.instagram.com\/gohike.shop\/"]}]}},"jetpack_sharing_enabled":true,"_links":{"self":[{"href":"https:\/\/gohike.lv\/ru\/wp-json\/wp\/v2\/product\/54420","targetHints":{"allow":["GET"]}}],"collection":[{"href":"https:\/\/gohike.lv\/ru\/wp-json\/wp\/v2\/product"}],"about":[{"href":"https:\/\/gohike.lv\/ru\/wp-json\/wp\/v2\/types\/product"}],"version-history":[{"count":0,"href":"https:\/\/gohike.lv\/ru\/wp-json\/wp\/v2\/product\/54420\/revisions"}],"wp:featuredmedia":[{"embeddable":true,"href":"https:\/\/gohike.lv\/ru\/wp-json\/wp\/v2\/media\/21714"}],"wp:attachment":[{"href":"https:\/\/gohike.lv\/ru\/wp-json\/wp\/v2\/media?parent=54420"}],"wp:term":[{"taxonomy":"product_brand","embeddable":true,"href":"https:\/\/gohike.lv\/ru\/wp-json\/wp\/v2\/product_brand?post=54420"},{"taxonomy":"product_cat","embeddable":true,"href":"https:\/\/gohike.lv\/ru\/wp-json\/wp\/v2\/product_cat?post=54420"},{"taxonomy":"product_tag","embeddable":true,"href":"https:\/\/gohike.lv\/ru\/wp-json\/wp\/v2\/product_tag?post=54420"}],"curies":[{"name":"wp","href":"https:\/\/api.w.org\/{rel}","templated":true}]}}