{"id":54412,"date":"2024-05-10T12:21:32","date_gmt":"2024-05-10T09:21:32","guid":{"rendered":"https:\/\/gohike.lv\/produkts\/haago-roku-silditajs-atkartoti-lietojams\/"},"modified":"2025-12-30T17:24:35","modified_gmt":"2025-12-30T14:24:35","slug":"haago-roku-silditajs-atkartoti-lietojams","status":"publish","type":"product","link":"https:\/\/gohike.lv\/ru\/produkts\/haago-roku-silditajs-atkartoti-lietojams\/","title":{"rendered":"H\u00e4ago &#8212; Roku sild\u012bt\u0101js &#8212; atk\u0101rtoti lietojams"},"content":{"rendered":"<p>Lai to lietotu, atveriet paci\u0146u un aktiviz\u0113jiet sild\u012bt\u0101ju.<br \/>\nKad esat sasild\u012bjies, atk\u0101rtoti ievietojiet sild\u012bt\u0101ju herm\u0113tisk\u0101 iepakojum\u0101, lai izmantotu to atk\u0101rtoti. Piem\u0113ram, ja lietojat sild\u012bt\u0101ju 1 stundu un p\u0113c tam ievietojat to atpaka\u013c iepakojum\u0101, p\u0113c atk\u0101rtotas iz\u0146em\u0161anas to ir iesp\u0113jams lietot v\u0113l 7 stundas.<br \/>\nGatavi t\u016bl\u012bt\u0113jai lieto\u0161anai, pateicoties 100% dabiskai oksid\u0101cijai, \u0161ie sild\u012bt\u0101ji uzsilst 5 min\u016b\u0161u laik\u0101 p\u0113c sk\u0101bek\u013ca iedarb\u012bbas.<br \/>\nIzgatavoti no dab\u012bg\u0101m sast\u0101vda\u013c\u0101m, sild\u012bt\u0101ji ir ne tikai videi draudz\u012bgi un dro\u0161i, bet ar\u012b p\u0113c izmanto\u0161anas tos var p\u0101rstr\u0101d\u0101t parast\u0101 d\u0101rza atkritumu tvertn\u0113.<br \/>\n\u0160os sild\u012bt\u0101jus ir viegli p\u0101rn\u0113s\u0101t, tie ir lieliski piem\u0113roti lieto\u0161anai ce\u013c\u0101.<\/p>\n","protected":false},"excerpt":{"rendered":"<p>Katrs haago sild\u012bt\u0101js nodro\u0161ina l\u012bdz pat 8 stund\u0101m siltuma, ko var izmantot vair\u0101kas reizes.<\/p>\n","protected":false},"featured_media":21694,"template":"","meta":[],"product_brand":[1940],"product_cat":[1315],"product_tag":[],"class_list":{"0":"post-54412","1":"product","2":"type-product","3":"status-publish","4":"has-post-thumbnail","6":"product_brand-haago-lv","7":"product_cat-silditaji-un-aptiecinas","8":"pa_produkta-tips-roku-silditaji","10":"first","11":"outofstock","12":"taxable","13":"shipping-taxable","14":"purchasable","15":"product-type-simple"},"raw_content":{"name":"H\u00e4ago - Roku sild\u012bt\u0101js - atk\u0101rtoti lietojams","description":"Lai to lietotu, atveriet paci\u0146u un aktiviz\u0113jiet sild\u012bt\u0101ju.\nKad esat sasild\u012bjies, atk\u0101rtoti ievietojiet sild\u012bt\u0101ju herm\u0113tisk\u0101 iepakojum\u0101, lai izmantotu to atk\u0101rtoti. Piem\u0113ram, ja lietojat sild\u012bt\u0101ju 1 stundu un p\u0113c tam ievietojat to atpaka\u013c iepakojum\u0101, p\u0113c atk\u0101rtotas iz\u0146em\u0161anas to ir iesp\u0113jams lietot v\u0113l 7 stundas.\nGatavi t\u016bl\u012bt\u0113jai lieto\u0161anai, pateicoties 100% dabiskai oksid\u0101cijai, \u0161ie sild\u012bt\u0101ji uzsilst 5 min\u016b\u0161u laik\u0101 p\u0113c sk\u0101bek\u013ca iedarb\u012bbas.\nIzgatavoti no dab\u012bg\u0101m sast\u0101vda\u013c\u0101m, sild\u012bt\u0101ji ir ne tikai videi draudz\u012bgi un dro\u0161i, bet ar\u012b p\u0113c izmanto\u0161anas tos var p\u0101rstr\u0101d\u0101t parast\u0101 d\u0101rza atkritumu tvertn\u0113.\n\u0160os sild\u012bt\u0101jus ir viegli p\u0101rn\u0113s\u0101t, tie ir lieliski piem\u0113roti lieto\u0161anai ce\u013c\u0101.","short_description":"Katrs haago sild\u012bt\u0101js nodro\u0161ina l\u012bdz pat 8 stund\u0101m siltuma, ko var izmantot vair\u0101kas reizes.","status":"publish","sku":"S1053","original":54412},"wpml":{"translation_type":1,"has_translations":true,"original":54412,"duplicates":[],"translations":{"lv":54412,"en":67624,"ru":null}},"supplier_id":null,"supplier_sku":"","barcode":null,"atum_controlled":true,"out_stock_date":"2025-10-06 17:23:51","out_stock_threshold":null,"inheritable":false,"inbound_stock":null,"stock_on_hold":0,"sold_today":0,"sales_last_days":0,"reserved_stock":null,"customer_returns":null,"warehouse_damage":null,"lost_in_post":null,"other_logs":null,"out_stock_days":37,"lost_sales":0,"has_location":false,"update_date":"2025-12-30T14:30:34","atum_locations":[],"atum_stock_status":"outofstock","restock_status":false,"low_stock_amount":"","sales_update_date":"2025-11-13T14:08:25","calc_backorders":null,"yoast_head":"<!-- This site is optimized with the Yoast SEO plugin v27.3 - https:\/\/yoast.com\/product\/yoast-seo-wordpress\/ -->\n<title>H\u00e4ago - Roku sild\u012bt\u0101js - atk\u0101rtoti lietojams<\/title>\n<meta name=\"description\" content=\"Katrs haago sild\u012bt\u0101js nodro\u0161ina l\u012bdz pat 8 stund\u0101m siltuma, ko var izmantot vair\u0101kas reizes.\" \/>\n<meta name=\"robots\" content=\"index, follow, max-snippet:-1, max-image-preview:large, max-video-preview:-1\" \/>\n<link rel=\"canonical\" href=\"https:\/\/gohike.lv\/ru\/produkts\/haago-roku-silditajs-atkartoti-lietojams\/\" \/>\n<meta property=\"og:locale\" content=\"ru_RU\" \/>\n<meta property=\"og:type\" content=\"article\" \/>\n<meta property=\"og:title\" content=\"Sild\u012bt\u0101ji un izdz\u012bvo\u0161ana - Roku sild\u012bt\u0101js\" \/>\n<meta property=\"og:description\" content=\"Katrs haago sild\u012bt\u0101js nodro\u0161ina l\u012bdz pat 8 stund\u0101m siltuma, ko var izmantot vair\u0101kas reizes.\" \/>\n<meta property=\"og:url\" content=\"https:\/\/gohike.lv\/ru\/produkts\/haago-roku-silditajs-atkartoti-lietojams\/\" \/>\n<meta property=\"og:site_name\" content=\"GoHike\" \/>\n<meta property=\"article:publisher\" content=\"https:\/\/www.facebook.com\/gohike.shop\/\" \/>\n<meta property=\"article:modified_time\" content=\"2025-12-30T14:24:35+00:00\" \/>\n<meta property=\"og:image\" content=\"https:\/\/gohike.lv\/wp-content\/uploads\/2024\/03\/HandWarmer_reusable_.webp\" \/>\n\t<meta property=\"og:image:width\" content=\"1000\" \/>\n\t<meta property=\"og:image:height\" content=\"1000\" \/>\n\t<meta property=\"og:image:type\" content=\"image\/webp\" \/>\n<meta name=\"twitter:card\" content=\"summary_large_image\" \/>\n<meta name=\"twitter:title\" content=\"Sild\u012bt\u0101ji un izdz\u012bvo\u0161ana - Roku sild\u012bt\u0101js\" \/>\n<meta name=\"twitter:label1\" content=\"\u041f\u0440\u0438\u043c\u0435\u0440\u043d\u043e\u0435 \u0432\u0440\u0435\u043c\u044f \u0434\u043b\u044f \u0447\u0442\u0435\u043d\u0438\u044f\" \/>\n\t<meta name=\"twitter:data1\" content=\"1 \u043c\u0438\u043d\u0443\u0442\u0430\" \/>\n<script type=\"application\/ld+json\" class=\"yoast-schema-graph\">{\"@context\":\"https:\\\/\\\/schema.org\",\"@graph\":[{\"@type\":[\"WebPage\",\"ItemPage\"],\"@id\":\"https:\\\/\\\/gohike.lv\\\/ru\\\/produkts\\\/haago-roku-silditajs-atkartoti-lietojams\\\/\",\"url\":\"https:\\\/\\\/gohike.lv\\\/ru\\\/produkts\\\/haago-roku-silditajs-atkartoti-lietojams\\\/\",\"name\":\"H\u00e4ago - Roku sild\u012bt\u0101js - atk\u0101rtoti lietojams\",\"isPartOf\":{\"@id\":\"https:\\\/\\\/gohike.lv\\\/ru\\\/#website\"},\"primaryImageOfPage\":{\"@id\":\"https:\\\/\\\/gohike.lv\\\/ru\\\/produkts\\\/haago-roku-silditajs-atkartoti-lietojams\\\/#primaryimage\"},\"image\":{\"@id\":\"https:\\\/\\\/gohike.lv\\\/ru\\\/produkts\\\/haago-roku-silditajs-atkartoti-lietojams\\\/#primaryimage\"},\"thumbnailUrl\":\"https:\\\/\\\/gohike.lv\\\/wp-content\\\/uploads\\\/2024\\\/03\\\/HandWarmer_reusable_.webp\",\"datePublished\":\"2024-05-10T09:21:32+00:00\",\"dateModified\":\"2025-12-30T14:24:35+00:00\",\"description\":\"Katrs haago sild\u012bt\u0101js nodro\u0161ina l\u012bdz pat 8 stund\u0101m siltuma, ko var izmantot vair\u0101kas reizes.\",\"breadcrumb\":{\"@id\":\"https:\\\/\\\/gohike.lv\\\/ru\\\/produkts\\\/haago-roku-silditajs-atkartoti-lietojams\\\/#breadcrumb\"},\"inLanguage\":\"ru-RU\",\"potentialAction\":[{\"@type\":\"ReadAction\",\"target\":[\"https:\\\/\\\/gohike.lv\\\/ru\\\/produkts\\\/haago-roku-silditajs-atkartoti-lietojams\\\/\"]}]},{\"@type\":\"ImageObject\",\"inLanguage\":\"ru-RU\",\"@id\":\"https:\\\/\\\/gohike.lv\\\/ru\\\/produkts\\\/haago-roku-silditajs-atkartoti-lietojams\\\/#primaryimage\",\"url\":\"https:\\\/\\\/gohike.lv\\\/wp-content\\\/uploads\\\/2024\\\/03\\\/HandWarmer_reusable_.webp\",\"contentUrl\":\"https:\\\/\\\/gohike.lv\\\/wp-content\\\/uploads\\\/2024\\\/03\\\/HandWarmer_reusable_.webp\",\"width\":1000,\"height\":1000},{\"@type\":\"BreadcrumbList\",\"@id\":\"https:\\\/\\\/gohike.lv\\\/ru\\\/produkts\\\/haago-roku-silditajs-atkartoti-lietojams\\\/#breadcrumb\",\"itemListElement\":[{\"@type\":\"ListItem\",\"position\":1,\"name\":\"\u0413\u043b\u0430\u0432\u043d\u0430\u044f\",\"item\":\"https:\\\/\\\/gohike.lv\\\/ru\\\/\"},{\"@type\":\"ListItem\",\"position\":2,\"name\":\"\u041a\u0430\u0442\u0435\u0433\u043e\u0440\u0438\u0438 \u0442\u043e\u0432\u0430\u0440\u043e\u0432\",\"item\":\"https:\\\/\\\/gohike.lv\\\/%d0%ba%d0%b0%d1%82%d0%b5%d0%b3%d0%be%d1%80%d0%b8%d0%b8-%d1%82%d0%be%d0%b2%d0%b0%d1%80%d0%be%d0%b2\\\/\"},{\"@type\":\"ListItem\",\"position\":3,\"name\":\"H\u00e4ago &#8211; Roku sild\u012bt\u0101js &#8211; atk\u0101rtoti lietojams\"}]},{\"@type\":\"WebSite\",\"@id\":\"https:\\\/\\\/gohike.lv\\\/ru\\\/#website\",\"url\":\"https:\\\/\\\/gohike.lv\\\/ru\\\/\",\"name\":\"GoHike\",\"description\":\"\",\"publisher\":{\"@id\":\"https:\\\/\\\/gohike.lv\\\/ru\\\/#organization\"},\"potentialAction\":[{\"@type\":\"SearchAction\",\"target\":{\"@type\":\"EntryPoint\",\"urlTemplate\":\"https:\\\/\\\/gohike.lv\\\/ru\\\/?s={search_term_string}\"},\"query-input\":{\"@type\":\"PropertyValueSpecification\",\"valueRequired\":true,\"valueName\":\"search_term_string\"}}],\"inLanguage\":\"ru-RU\"},{\"@type\":\"Organization\",\"@id\":\"https:\\\/\\\/gohike.lv\\\/ru\\\/#organization\",\"name\":\"GoHike\",\"url\":\"https:\\\/\\\/gohike.lv\\\/ru\\\/\",\"logo\":{\"@type\":\"ImageObject\",\"inLanguage\":\"ru-RU\",\"@id\":\"https:\\\/\\\/gohike.lv\\\/ru\\\/#\\\/schema\\\/logo\\\/image\\\/\",\"url\":\"https:\\\/\\\/gohike.lv\\\/wp-content\\\/uploads\\\/2023\\\/08\\\/Logo_GoHike.webp\",\"contentUrl\":\"https:\\\/\\\/gohike.lv\\\/wp-content\\\/uploads\\\/2023\\\/08\\\/Logo_GoHike.webp\",\"width\":512,\"height\":512,\"caption\":\"GoHike\"},\"image\":{\"@id\":\"https:\\\/\\\/gohike.lv\\\/ru\\\/#\\\/schema\\\/logo\\\/image\\\/\"},\"sameAs\":[\"https:\\\/\\\/www.facebook.com\\\/gohike.shop\\\/\",\"https:\\\/\\\/www.instagram.com\\\/gohike.shop\\\/\"]}]}<\/script>\n<!-- \/ Yoast SEO plugin. -->","yoast_head_json":{"title":"H\u00e4ago - Roku sild\u012bt\u0101js - atk\u0101rtoti lietojams","description":"Katrs haago sild\u012bt\u0101js nodro\u0161ina l\u012bdz pat 8 stund\u0101m siltuma, ko var izmantot vair\u0101kas reizes.","robots":{"index":"index","follow":"follow","max-snippet":"max-snippet:-1","max-image-preview":"max-image-preview:large","max-video-preview":"max-video-preview:-1"},"canonical":"https:\/\/gohike.lv\/ru\/produkts\/haago-roku-silditajs-atkartoti-lietojams\/","og_locale":"ru_RU","og_type":"article","og_title":"Sild\u012bt\u0101ji un izdz\u012bvo\u0161ana - Roku sild\u012bt\u0101js","og_description":"Katrs haago sild\u012bt\u0101js nodro\u0161ina l\u012bdz pat 8 stund\u0101m siltuma, ko var izmantot vair\u0101kas reizes.","og_url":"https:\/\/gohike.lv\/ru\/produkts\/haago-roku-silditajs-atkartoti-lietojams\/","og_site_name":"GoHike","article_publisher":"https:\/\/www.facebook.com\/gohike.shop\/","article_modified_time":"2025-12-30T14:24:35+00:00","og_image":[{"width":1000,"height":1000,"url":"https:\/\/gohike.lv\/wp-content\/uploads\/2024\/03\/HandWarmer_reusable_.webp","type":"image\/webp"}],"twitter_card":"summary_large_image","twitter_title":"Sild\u012bt\u0101ji un izdz\u012bvo\u0161ana - Roku sild\u012bt\u0101js","twitter_misc":{"\u041f\u0440\u0438\u043c\u0435\u0440\u043d\u043e\u0435 \u0432\u0440\u0435\u043c\u044f \u0434\u043b\u044f \u0447\u0442\u0435\u043d\u0438\u044f":"1 \u043c\u0438\u043d\u0443\u0442\u0430"},"schema":{"@context":"https:\/\/schema.org","@graph":[{"@type":["WebPage","ItemPage"],"@id":"https:\/\/gohike.lv\/ru\/produkts\/haago-roku-silditajs-atkartoti-lietojams\/","url":"https:\/\/gohike.lv\/ru\/produkts\/haago-roku-silditajs-atkartoti-lietojams\/","name":"H\u00e4ago - Roku sild\u012bt\u0101js - atk\u0101rtoti lietojams","isPartOf":{"@id":"https:\/\/gohike.lv\/ru\/#website"},"primaryImageOfPage":{"@id":"https:\/\/gohike.lv\/ru\/produkts\/haago-roku-silditajs-atkartoti-lietojams\/#primaryimage"},"image":{"@id":"https:\/\/gohike.lv\/ru\/produkts\/haago-roku-silditajs-atkartoti-lietojams\/#primaryimage"},"thumbnailUrl":"https:\/\/gohike.lv\/wp-content\/uploads\/2024\/03\/HandWarmer_reusable_.webp","datePublished":"2024-05-10T09:21:32+00:00","dateModified":"2025-12-30T14:24:35+00:00","description":"Katrs haago sild\u012bt\u0101js nodro\u0161ina l\u012bdz pat 8 stund\u0101m siltuma, ko var izmantot vair\u0101kas reizes.","breadcrumb":{"@id":"https:\/\/gohike.lv\/ru\/produkts\/haago-roku-silditajs-atkartoti-lietojams\/#breadcrumb"},"inLanguage":"ru-RU","potentialAction":[{"@type":"ReadAction","target":["https:\/\/gohike.lv\/ru\/produkts\/haago-roku-silditajs-atkartoti-lietojams\/"]}]},{"@type":"ImageObject","inLanguage":"ru-RU","@id":"https:\/\/gohike.lv\/ru\/produkts\/haago-roku-silditajs-atkartoti-lietojams\/#primaryimage","url":"https:\/\/gohike.lv\/wp-content\/uploads\/2024\/03\/HandWarmer_reusable_.webp","contentUrl":"https:\/\/gohike.lv\/wp-content\/uploads\/2024\/03\/HandWarmer_reusable_.webp","width":1000,"height":1000},{"@type":"BreadcrumbList","@id":"https:\/\/gohike.lv\/ru\/produkts\/haago-roku-silditajs-atkartoti-lietojams\/#breadcrumb","itemListElement":[{"@type":"ListItem","position":1,"name":"\u0413\u043b\u0430\u0432\u043d\u0430\u044f","item":"https:\/\/gohike.lv\/ru\/"},{"@type":"ListItem","position":2,"name":"\u041a\u0430\u0442\u0435\u0433\u043e\u0440\u0438\u0438 \u0442\u043e\u0432\u0430\u0440\u043e\u0432","item":"https:\/\/gohike.lv\/%d0%ba%d0%b0%d1%82%d0%b5%d0%b3%d0%be%d1%80%d0%b8%d0%b8-%d1%82%d0%be%d0%b2%d0%b0%d1%80%d0%be%d0%b2\/"},{"@type":"ListItem","position":3,"name":"H\u00e4ago &#8211; Roku sild\u012bt\u0101js &#8211; atk\u0101rtoti lietojams"}]},{"@type":"WebSite","@id":"https:\/\/gohike.lv\/ru\/#website","url":"https:\/\/gohike.lv\/ru\/","name":"GoHike","description":"","publisher":{"@id":"https:\/\/gohike.lv\/ru\/#organization"},"potentialAction":[{"@type":"SearchAction","target":{"@type":"EntryPoint","urlTemplate":"https:\/\/gohike.lv\/ru\/?s={search_term_string}"},"query-input":{"@type":"PropertyValueSpecification","valueRequired":true,"valueName":"search_term_string"}}],"inLanguage":"ru-RU"},{"@type":"Organization","@id":"https:\/\/gohike.lv\/ru\/#organization","name":"GoHike","url":"https:\/\/gohike.lv\/ru\/","logo":{"@type":"ImageObject","inLanguage":"ru-RU","@id":"https:\/\/gohike.lv\/ru\/#\/schema\/logo\/image\/","url":"https:\/\/gohike.lv\/wp-content\/uploads\/2023\/08\/Logo_GoHike.webp","contentUrl":"https:\/\/gohike.lv\/wp-content\/uploads\/2023\/08\/Logo_GoHike.webp","width":512,"height":512,"caption":"GoHike"},"image":{"@id":"https:\/\/gohike.lv\/ru\/#\/schema\/logo\/image\/"},"sameAs":["https:\/\/www.facebook.com\/gohike.shop\/","https:\/\/www.instagram.com\/gohike.shop\/"]}]}},"jetpack_sharing_enabled":true,"_links":{"self":[{"href":"https:\/\/gohike.lv\/ru\/wp-json\/wp\/v2\/product\/54412","targetHints":{"allow":["GET"]}}],"collection":[{"href":"https:\/\/gohike.lv\/ru\/wp-json\/wp\/v2\/product"}],"about":[{"href":"https:\/\/gohike.lv\/ru\/wp-json\/wp\/v2\/types\/product"}],"version-history":[{"count":0,"href":"https:\/\/gohike.lv\/ru\/wp-json\/wp\/v2\/product\/54412\/revisions"}],"wp:featuredmedia":[{"embeddable":true,"href":"https:\/\/gohike.lv\/ru\/wp-json\/wp\/v2\/media\/21694"}],"wp:attachment":[{"href":"https:\/\/gohike.lv\/ru\/wp-json\/wp\/v2\/media?parent=54412"}],"wp:term":[{"taxonomy":"product_brand","embeddable":true,"href":"https:\/\/gohike.lv\/ru\/wp-json\/wp\/v2\/product_brand?post=54412"},{"taxonomy":"product_cat","embeddable":true,"href":"https:\/\/gohike.lv\/ru\/wp-json\/wp\/v2\/product_cat?post=54412"},{"taxonomy":"product_tag","embeddable":true,"href":"https:\/\/gohike.lv\/ru\/wp-json\/wp\/v2\/product_tag?post=54412"}],"curies":[{"name":"wp","href":"https:\/\/api.w.org\/{rel}","templated":true}]}}