{"id":54406,"date":"2024-05-10T12:13:59","date_gmt":"2024-05-10T09:13:59","guid":{"rendered":"https:\/\/gohike.lv\/produkts\/naturehike-pargajienu-portativais-galdins\/"},"modified":"2025-12-30T17:25:03","modified_gmt":"2025-12-30T14:25:03","slug":"naturehike-pargajienu-portativais-galdins","status":"publish","type":"product","link":"https:\/\/gohike.lv\/ru\/produkts\/naturehike-pargajienu-portativais-galdins\/","title":{"rendered":"Naturehike &#8212; P\u0101rg\u0101jienu portat\u012bvais galdi\u0146\u0161"},"content":{"rendered":"<p>Pateicoties alum\u012bnija konstrukcijai, galds ir viegls, iztur\u012bgs un viegli p\u0101rvietojams.<br \/>\nTurkl\u0101t Naturehike galda konstrukcija nodro\u0161ina t\u0101 \u0113rtu transport\u0113\u0161anu un uzglab\u0101\u0161anu<br \/>\nTam ir iztur\u012bga konstrukcija, kas ir notur\u012bga pret \u0101r\u0113jiem faktoriem, piem\u0113ram, mitrumu un koroziju.<br \/>\nVisp\u0101r\u0113j\u0101 Naturehike galda koncepcija \u2013 nodro\u0161in\u0101t \u0113rt\u012bbu un funkcionalit\u0101ti akt\u012bvai atp\u016btai.<\/p>\n","protected":false},"excerpt":{"rendered":"<p>Naturehike pied\u0101v\u0101 \u0113rtu saliekamu alum\u012bnija galdu, kas k\u013c\u016bs par lielisku risin\u0101jumu J\u016bsu piedz\u012bvojumiem dab\u0101.<\/p>\n","protected":false},"featured_media":96410,"template":"","meta":[],"product_brand":[13432],"product_cat":[2493],"product_tag":[],"class_list":{"0":"post-54406","1":"product","2":"type-product","3":"status-publish","4":"has-post-thumbnail","6":"product_brand-naturehike-ru","7":"product_cat-kempinga-mebeles","8":"pa_izmeriscm-10164","9":"pa_izmeriscm-10165","10":"pa_materiali-aluminija-sakausejums-7001-poliesters-plastmasa-pa66","11":"pa_produkta-tips-galdi","12":"pa_size-l","13":"pa_size-s","14":"pa_spalva-13311","16":"first","17":"instock","18":"taxable","19":"shipping-taxable","20":"purchasable","21":"product-type-variable"},"raw_content":{"name":"Naturehike - P\u0101rg\u0101jienu portat\u012bvais galdi\u0146\u0161","description":"Pateicoties alum\u012bnija konstrukcijai, galds ir viegls, iztur\u012bgs un viegli p\u0101rvietojams.\nTurkl\u0101t Naturehike galda konstrukcija nodro\u0161ina t\u0101 \u0113rtu transport\u0113\u0161anu un uzglab\u0101\u0161anu\nTam ir iztur\u012bga konstrukcija, kas ir notur\u012bga pret \u0101r\u0113jiem faktoriem, piem\u0113ram, mitrumu un koroziju.\nVisp\u0101r\u0113j\u0101 Naturehike galda koncepcija \u2013 nodro\u0161in\u0101t \u0113rt\u012bbu un funkcionalit\u0101ti akt\u012bvai atp\u016btai.","short_description":"Naturehike pied\u0101v\u0101 \u0113rtu saliekamu alum\u012bnija galdu, kas k\u013c\u016bs par lielisku risin\u0101jumu J\u016bsu piedz\u012bvojumiem dab\u0101.","status":"publish","sku":"nat000059","original":54406},"wpml":{"translation_type":1,"has_translations":true,"original":54406,"duplicates":[],"translations":{"lv":54406,"en":67580,"ru":null}},"supplier_id":null,"supplier_sku":"","barcode":null,"atum_controlled":true,"out_stock_date":null,"out_stock_threshold":null,"inheritable":true,"inbound_stock":0,"stock_on_hold":0,"sold_today":0,"sales_last_days":0,"reserved_stock":0,"customer_returns":0,"warehouse_damage":0,"lost_in_post":0,"other_logs":0,"out_stock_days":0,"lost_sales":0,"has_location":false,"update_date":"2025-12-30T14:30:34","atum_locations":[],"atum_stock_status":"instock","restock_status":false,"low_stock_amount":"","sales_update_date":"2025-11-13T14:07:53","calc_backorders":null,"yoast_head":"<!-- This site is optimized with the Yoast SEO plugin v27.3 - https:\/\/yoast.com\/product\/yoast-seo-wordpress\/ -->\n<title>Naturehike - P\u0101rg\u0101jienu portat\u012bvais galdi\u0146\u0161<\/title>\n<meta name=\"description\" content=\"Naturehike pied\u0101v\u0101 \u0113rtu saliekamu alum\u012bnija galdu, kas k\u013c\u016bs par lielisku risin\u0101jumu J\u016bsu piedz\u012bvojumiem dab\u0101. Galds ir iztur\u012bgs un viegli p\u0101rvietojams.\" \/>\n<meta name=\"robots\" content=\"index, follow, max-snippet:-1, max-image-preview:large, max-video-preview:-1\" \/>\n<link rel=\"canonical\" href=\"https:\/\/gohike.lv\/ru\/produkts\/naturehike-pargajienu-portativais-galdins\/\" \/>\n<meta property=\"og:locale\" content=\"ru_RU\" \/>\n<meta property=\"og:type\" content=\"article\" \/>\n<meta property=\"og:title\" content=\"Naturehike - P\u0101rg\u0101jienu portat\u012bvais galdi\u0146\u0161\" \/>\n<meta property=\"og:description\" content=\"Naturehike pied\u0101v\u0101 \u0113rtu saliekamu alum\u012bnija galdu, kas k\u013c\u016bs par lielisku risin\u0101jumu J\u016bsu piedz\u012bvojumiem dab\u0101. Galds ir iztur\u012bgs un viegli p\u0101rvietojams.\" \/>\n<meta property=\"og:url\" content=\"https:\/\/gohike.lv\/ru\/produkts\/naturehike-pargajienu-portativais-galdins\/\" \/>\n<meta property=\"og:site_name\" content=\"GoHike\" \/>\n<meta property=\"article:publisher\" content=\"https:\/\/www.facebook.com\/gohike.shop\/\" \/>\n<meta property=\"article:modified_time\" content=\"2025-12-30T14:25:03+00:00\" \/>\n<meta property=\"og:image\" content=\"https:\/\/gohike.lv\/wp-content\/uploads\/2024\/05\/RoundTable_l.webp\" \/>\n\t<meta property=\"og:image:width\" content=\"800\" \/>\n\t<meta property=\"og:image:height\" content=\"800\" \/>\n\t<meta property=\"og:image:type\" content=\"image\/webp\" \/>\n<meta name=\"twitter:card\" content=\"summary_large_image\" \/>\n<meta name=\"twitter:title\" content=\"Naturehike - P\u0101rg\u0101jienu portat\u012bvais galdi\u0146\u0161\" \/>\n<meta name=\"twitter:label1\" content=\"\u041f\u0440\u0438\u043c\u0435\u0440\u043d\u043e\u0435 \u0432\u0440\u0435\u043c\u044f \u0434\u043b\u044f \u0447\u0442\u0435\u043d\u0438\u044f\" \/>\n\t<meta name=\"twitter:data1\" content=\"1 \u043c\u0438\u043d\u0443\u0442\u0430\" \/>\n<script type=\"application\/ld+json\" class=\"yoast-schema-graph\">{\"@context\":\"https:\\\/\\\/schema.org\",\"@graph\":[{\"@type\":[\"WebPage\",\"ItemPage\"],\"@id\":\"https:\\\/\\\/gohike.lv\\\/ru\\\/produkts\\\/naturehike-pargajienu-portativais-galdins\\\/\",\"url\":\"https:\\\/\\\/gohike.lv\\\/ru\\\/produkts\\\/naturehike-pargajienu-portativais-galdins\\\/\",\"name\":\"Naturehike - P\u0101rg\u0101jienu portat\u012bvais galdi\u0146\u0161\",\"isPartOf\":{\"@id\":\"https:\\\/\\\/gohike.lv\\\/ru\\\/#website\"},\"primaryImageOfPage\":{\"@id\":\"https:\\\/\\\/gohike.lv\\\/ru\\\/produkts\\\/naturehike-pargajienu-portativais-galdins\\\/#primaryimage\"},\"image\":{\"@id\":\"https:\\\/\\\/gohike.lv\\\/ru\\\/produkts\\\/naturehike-pargajienu-portativais-galdins\\\/#primaryimage\"},\"thumbnailUrl\":\"https:\\\/\\\/gohike.lv\\\/wp-content\\\/uploads\\\/2024\\\/05\\\/RoundTable_l.webp\",\"datePublished\":\"2024-05-10T09:13:59+00:00\",\"dateModified\":\"2025-12-30T14:25:03+00:00\",\"description\":\"Naturehike pied\u0101v\u0101 \u0113rtu saliekamu alum\u012bnija galdu, kas k\u013c\u016bs par lielisku risin\u0101jumu J\u016bsu piedz\u012bvojumiem dab\u0101. Galds ir iztur\u012bgs un viegli p\u0101rvietojams.\",\"breadcrumb\":{\"@id\":\"https:\\\/\\\/gohike.lv\\\/ru\\\/produkts\\\/naturehike-pargajienu-portativais-galdins\\\/#breadcrumb\"},\"inLanguage\":\"ru-RU\",\"potentialAction\":[{\"@type\":\"ReadAction\",\"target\":[\"https:\\\/\\\/gohike.lv\\\/ru\\\/produkts\\\/naturehike-pargajienu-portativais-galdins\\\/\"]}]},{\"@type\":\"ImageObject\",\"inLanguage\":\"ru-RU\",\"@id\":\"https:\\\/\\\/gohike.lv\\\/ru\\\/produkts\\\/naturehike-pargajienu-portativais-galdins\\\/#primaryimage\",\"url\":\"https:\\\/\\\/gohike.lv\\\/wp-content\\\/uploads\\\/2024\\\/05\\\/RoundTable_l.webp\",\"contentUrl\":\"https:\\\/\\\/gohike.lv\\\/wp-content\\\/uploads\\\/2024\\\/05\\\/RoundTable_l.webp\",\"width\":800,\"height\":800},{\"@type\":\"BreadcrumbList\",\"@id\":\"https:\\\/\\\/gohike.lv\\\/ru\\\/produkts\\\/naturehike-pargajienu-portativais-galdins\\\/#breadcrumb\",\"itemListElement\":[{\"@type\":\"ListItem\",\"position\":1,\"name\":\"\u0413\u043b\u0430\u0432\u043d\u0430\u044f\",\"item\":\"https:\\\/\\\/gohike.lv\\\/ru\\\/\"},{\"@type\":\"ListItem\",\"position\":2,\"name\":\"\u041a\u0430\u0442\u0435\u0433\u043e\u0440\u0438\u0438 \u0442\u043e\u0432\u0430\u0440\u043e\u0432\",\"item\":\"https:\\\/\\\/gohike.lv\\\/%d0%ba%d0%b0%d1%82%d0%b5%d0%b3%d0%be%d1%80%d0%b8%d0%b8-%d1%82%d0%be%d0%b2%d0%b0%d1%80%d0%be%d0%b2\\\/\"},{\"@type\":\"ListItem\",\"position\":3,\"name\":\"Naturehike &#8211; P\u0101rg\u0101jienu portat\u012bvais galdi\u0146\u0161\"}]},{\"@type\":\"WebSite\",\"@id\":\"https:\\\/\\\/gohike.lv\\\/ru\\\/#website\",\"url\":\"https:\\\/\\\/gohike.lv\\\/ru\\\/\",\"name\":\"GoHike\",\"description\":\"\",\"publisher\":{\"@id\":\"https:\\\/\\\/gohike.lv\\\/ru\\\/#organization\"},\"potentialAction\":[{\"@type\":\"SearchAction\",\"target\":{\"@type\":\"EntryPoint\",\"urlTemplate\":\"https:\\\/\\\/gohike.lv\\\/ru\\\/?s={search_term_string}\"},\"query-input\":{\"@type\":\"PropertyValueSpecification\",\"valueRequired\":true,\"valueName\":\"search_term_string\"}}],\"inLanguage\":\"ru-RU\"},{\"@type\":\"Organization\",\"@id\":\"https:\\\/\\\/gohike.lv\\\/ru\\\/#organization\",\"name\":\"GoHike\",\"url\":\"https:\\\/\\\/gohike.lv\\\/ru\\\/\",\"logo\":{\"@type\":\"ImageObject\",\"inLanguage\":\"ru-RU\",\"@id\":\"https:\\\/\\\/gohike.lv\\\/ru\\\/#\\\/schema\\\/logo\\\/image\\\/\",\"url\":\"https:\\\/\\\/gohike.lv\\\/wp-content\\\/uploads\\\/2023\\\/08\\\/Logo_GoHike.webp\",\"contentUrl\":\"https:\\\/\\\/gohike.lv\\\/wp-content\\\/uploads\\\/2023\\\/08\\\/Logo_GoHike.webp\",\"width\":512,\"height\":512,\"caption\":\"GoHike\"},\"image\":{\"@id\":\"https:\\\/\\\/gohike.lv\\\/ru\\\/#\\\/schema\\\/logo\\\/image\\\/\"},\"sameAs\":[\"https:\\\/\\\/www.facebook.com\\\/gohike.shop\\\/\",\"https:\\\/\\\/www.instagram.com\\\/gohike.shop\\\/\"]}]}<\/script>\n<!-- \/ Yoast SEO plugin. -->","yoast_head_json":{"title":"Naturehike - P\u0101rg\u0101jienu portat\u012bvais galdi\u0146\u0161","description":"Naturehike pied\u0101v\u0101 \u0113rtu saliekamu alum\u012bnija galdu, kas k\u013c\u016bs par lielisku risin\u0101jumu J\u016bsu piedz\u012bvojumiem dab\u0101. Galds ir iztur\u012bgs un viegli p\u0101rvietojams.","robots":{"index":"index","follow":"follow","max-snippet":"max-snippet:-1","max-image-preview":"max-image-preview:large","max-video-preview":"max-video-preview:-1"},"canonical":"https:\/\/gohike.lv\/ru\/produkts\/naturehike-pargajienu-portativais-galdins\/","og_locale":"ru_RU","og_type":"article","og_title":"Naturehike - P\u0101rg\u0101jienu portat\u012bvais galdi\u0146\u0161","og_description":"Naturehike pied\u0101v\u0101 \u0113rtu saliekamu alum\u012bnija galdu, kas k\u013c\u016bs par lielisku risin\u0101jumu J\u016bsu piedz\u012bvojumiem dab\u0101. Galds ir iztur\u012bgs un viegli p\u0101rvietojams.","og_url":"https:\/\/gohike.lv\/ru\/produkts\/naturehike-pargajienu-portativais-galdins\/","og_site_name":"GoHike","article_publisher":"https:\/\/www.facebook.com\/gohike.shop\/","article_modified_time":"2025-12-30T14:25:03+00:00","og_image":[{"width":800,"height":800,"url":"https:\/\/gohike.lv\/wp-content\/uploads\/2024\/05\/RoundTable_l.webp","type":"image\/webp"}],"twitter_card":"summary_large_image","twitter_title":"Naturehike - P\u0101rg\u0101jienu portat\u012bvais galdi\u0146\u0161","twitter_misc":{"\u041f\u0440\u0438\u043c\u0435\u0440\u043d\u043e\u0435 \u0432\u0440\u0435\u043c\u044f \u0434\u043b\u044f \u0447\u0442\u0435\u043d\u0438\u044f":"1 \u043c\u0438\u043d\u0443\u0442\u0430"},"schema":{"@context":"https:\/\/schema.org","@graph":[{"@type":["WebPage","ItemPage"],"@id":"https:\/\/gohike.lv\/ru\/produkts\/naturehike-pargajienu-portativais-galdins\/","url":"https:\/\/gohike.lv\/ru\/produkts\/naturehike-pargajienu-portativais-galdins\/","name":"Naturehike - P\u0101rg\u0101jienu portat\u012bvais galdi\u0146\u0161","isPartOf":{"@id":"https:\/\/gohike.lv\/ru\/#website"},"primaryImageOfPage":{"@id":"https:\/\/gohike.lv\/ru\/produkts\/naturehike-pargajienu-portativais-galdins\/#primaryimage"},"image":{"@id":"https:\/\/gohike.lv\/ru\/produkts\/naturehike-pargajienu-portativais-galdins\/#primaryimage"},"thumbnailUrl":"https:\/\/gohike.lv\/wp-content\/uploads\/2024\/05\/RoundTable_l.webp","datePublished":"2024-05-10T09:13:59+00:00","dateModified":"2025-12-30T14:25:03+00:00","description":"Naturehike pied\u0101v\u0101 \u0113rtu saliekamu alum\u012bnija galdu, kas k\u013c\u016bs par lielisku risin\u0101jumu J\u016bsu piedz\u012bvojumiem dab\u0101. Galds ir iztur\u012bgs un viegli p\u0101rvietojams.","breadcrumb":{"@id":"https:\/\/gohike.lv\/ru\/produkts\/naturehike-pargajienu-portativais-galdins\/#breadcrumb"},"inLanguage":"ru-RU","potentialAction":[{"@type":"ReadAction","target":["https:\/\/gohike.lv\/ru\/produkts\/naturehike-pargajienu-portativais-galdins\/"]}]},{"@type":"ImageObject","inLanguage":"ru-RU","@id":"https:\/\/gohike.lv\/ru\/produkts\/naturehike-pargajienu-portativais-galdins\/#primaryimage","url":"https:\/\/gohike.lv\/wp-content\/uploads\/2024\/05\/RoundTable_l.webp","contentUrl":"https:\/\/gohike.lv\/wp-content\/uploads\/2024\/05\/RoundTable_l.webp","width":800,"height":800},{"@type":"BreadcrumbList","@id":"https:\/\/gohike.lv\/ru\/produkts\/naturehike-pargajienu-portativais-galdins\/#breadcrumb","itemListElement":[{"@type":"ListItem","position":1,"name":"\u0413\u043b\u0430\u0432\u043d\u0430\u044f","item":"https:\/\/gohike.lv\/ru\/"},{"@type":"ListItem","position":2,"name":"\u041a\u0430\u0442\u0435\u0433\u043e\u0440\u0438\u0438 \u0442\u043e\u0432\u0430\u0440\u043e\u0432","item":"https:\/\/gohike.lv\/%d0%ba%d0%b0%d1%82%d0%b5%d0%b3%d0%be%d1%80%d0%b8%d0%b8-%d1%82%d0%be%d0%b2%d0%b0%d1%80%d0%be%d0%b2\/"},{"@type":"ListItem","position":3,"name":"Naturehike &#8211; P\u0101rg\u0101jienu portat\u012bvais galdi\u0146\u0161"}]},{"@type":"WebSite","@id":"https:\/\/gohike.lv\/ru\/#website","url":"https:\/\/gohike.lv\/ru\/","name":"GoHike","description":"","publisher":{"@id":"https:\/\/gohike.lv\/ru\/#organization"},"potentialAction":[{"@type":"SearchAction","target":{"@type":"EntryPoint","urlTemplate":"https:\/\/gohike.lv\/ru\/?s={search_term_string}"},"query-input":{"@type":"PropertyValueSpecification","valueRequired":true,"valueName":"search_term_string"}}],"inLanguage":"ru-RU"},{"@type":"Organization","@id":"https:\/\/gohike.lv\/ru\/#organization","name":"GoHike","url":"https:\/\/gohike.lv\/ru\/","logo":{"@type":"ImageObject","inLanguage":"ru-RU","@id":"https:\/\/gohike.lv\/ru\/#\/schema\/logo\/image\/","url":"https:\/\/gohike.lv\/wp-content\/uploads\/2023\/08\/Logo_GoHike.webp","contentUrl":"https:\/\/gohike.lv\/wp-content\/uploads\/2023\/08\/Logo_GoHike.webp","width":512,"height":512,"caption":"GoHike"},"image":{"@id":"https:\/\/gohike.lv\/ru\/#\/schema\/logo\/image\/"},"sameAs":["https:\/\/www.facebook.com\/gohike.shop\/","https:\/\/www.instagram.com\/gohike.shop\/"]}]}},"jetpack_sharing_enabled":true,"_links":{"self":[{"href":"https:\/\/gohike.lv\/ru\/wp-json\/wp\/v2\/product\/54406","targetHints":{"allow":["GET"]}}],"collection":[{"href":"https:\/\/gohike.lv\/ru\/wp-json\/wp\/v2\/product"}],"about":[{"href":"https:\/\/gohike.lv\/ru\/wp-json\/wp\/v2\/types\/product"}],"version-history":[{"count":0,"href":"https:\/\/gohike.lv\/ru\/wp-json\/wp\/v2\/product\/54406\/revisions"}],"wp:featuredmedia":[{"embeddable":true,"href":"https:\/\/gohike.lv\/ru\/wp-json\/wp\/v2\/media\/96410"}],"wp:attachment":[{"href":"https:\/\/gohike.lv\/ru\/wp-json\/wp\/v2\/media?parent=54406"}],"wp:term":[{"taxonomy":"product_brand","embeddable":true,"href":"https:\/\/gohike.lv\/ru\/wp-json\/wp\/v2\/product_brand?post=54406"},{"taxonomy":"product_cat","embeddable":true,"href":"https:\/\/gohike.lv\/ru\/wp-json\/wp\/v2\/product_cat?post=54406"},{"taxonomy":"product_tag","embeddable":true,"href":"https:\/\/gohike.lv\/ru\/wp-json\/wp\/v2\/product_tag?post=54406"}],"curies":[{"name":"wp","href":"https:\/\/api.w.org\/{rel}","templated":true}]}}