{"id":54392,"date":"2024-05-10T12:13:59","date_gmt":"2024-05-10T09:13:59","guid":{"rendered":"https:\/\/gohike.lv\/produkts\/naturehike-saliekamais-galds-no-aluminija-sakausejuma-ft08\/"},"modified":"2025-10-15T23:11:04","modified_gmt":"2025-10-15T20:11:04","slug":"naturehike-saliekamais-galds-no-aluminija-sakausejuma-ft08","status":"publish","type":"product","link":"https:\/\/gohike.lv\/ru\/produkts\/naturehike-saliekamais-galds-no-aluminija-sakausejuma-ft08\/","title":{"rendered":"Naturehike &#8212; Saliekams galds no alum\u012bnija FT08"},"content":{"rendered":"<p>Galdam ir saliekama konstrukcija un t\u0101 ra\u017eo\u0161an\u0101 tiek izmantots alum\u012bnija sakaus\u0113jums, kas ir viegls un iztur\u012bgs pret nodilumu, \u013caujot galda virsmai iztur\u0113t l\u012bdz 20 kg smagu slodzi.<br \/>\nTurkl\u0101t alum\u012bnijs ir iztur\u012bgs pret r\u016bsu un neprasa \u012bpa\u0161u apr\u016bpi \u2013 p\u0113c lieto\u0161anas vienk\u0101r\u0161i noslaukiet galda virsmu ar t\u012bru dr\u0101nu, lai no\u0146emtu tauku pilienus un \u0161\u0137idrumus no met\u0101la virsmas.<br \/>\nSpecifik\u0101cija:<br \/>\nKr\u0101sa \u2013 pel\u0113ka;<br \/>\nIzm\u0113rs: S;<br \/>\nMateri\u0101ls \u2013 alum\u012bnijs, notur\u012bgs pret koroziju;<br \/>\nMaksim\u0101l\u0101 slodze \u2013 20 kg;<br \/>\nIzm\u0113ri uzst\u0101d\u012bt\u0101 veid\u0101 \u2013 41 x 34,5 x 29 cm;<br \/>\nIzm\u0113ri salikt\u0101 veid\u0101 ir 51,5 x 21 cm;<br \/>\nSvars \u2013 1kg.<br \/>\nKomplekt\u0101 ietilpst uzglab\u0101\u0161anas apvalks, kas aizsarg\u0101 no mitruma un skr\u0101p\u0113jumiem transport\u0113\u0161anas un uzglab\u0101\u0161anas laik\u0101.<\/p>\n","protected":false},"excerpt":{"rendered":"<p>Vai tas b\u016bs p\u0101rg\u0101jiens, pikniks, mak\u0161\u0137er\u0113\u0161ana vai atp\u016bta pludmal\u0113, ce\u013cojumu galds Naturehike sniegs \u012bstu komfortu, nodro\u0161inot pietiekami daudz vietas \u0113diena gatavo\u0161anai un baud\u012b\u0161anai \u0101rpus m\u0101j\u0101m.<\/p>\n","protected":false},"featured_media":25417,"template":"","meta":[],"product_brand":[13432],"product_cat":[9447,2493],"product_tag":[],"class_list":{"0":"post-54392","1":"product","2":"type-product","3":"status-publish","4":"has-post-thumbnail","6":"product_brand-naturehike-ru","7":"product_cat-izpardosana","8":"product_cat-kempinga-mebeles","9":"pa_izmeriscm-4134-529","10":"pa_izmeriscm-684640-5","11":"pa_izturiba-20kg","12":"pa_izturiba-25kg","13":"pa_krasa-13429","14":"pa_krasa-peleks","15":"pa_materiali-aluminija-sakausejums","16":"pa_produkta-tips-galdi","18":"first","19":"instock","20":"sale","21":"taxable","22":"shipping-taxable","23":"purchasable","24":"product-type-variable"},"raw_content":{"name":"Naturehike - Saliekams galds no alum\u012bnija FT08","description":"Galdam ir saliekama konstrukcija un t\u0101 ra\u017eo\u0161an\u0101 tiek izmantots alum\u012bnija sakaus\u0113jums, kas ir viegls un iztur\u012bgs pret nodilumu, \u013caujot galda virsmai iztur\u0113t l\u012bdz 20 kg smagu slodzi.\nTurkl\u0101t alum\u012bnijs ir iztur\u012bgs pret r\u016bsu un neprasa \u012bpa\u0161u apr\u016bpi \u2013 p\u0113c lieto\u0161anas vienk\u0101r\u0161i noslaukiet galda virsmu ar t\u012bru dr\u0101nu, lai no\u0146emtu tauku pilienus un \u0161\u0137idrumus no met\u0101la virsmas.\nSpecifik\u0101cija:\nKr\u0101sa \u2013 pel\u0113ka;\nIzm\u0113rs: S;\nMateri\u0101ls \u2013 alum\u012bnijs, notur\u012bgs pret koroziju;\nMaksim\u0101l\u0101 slodze \u2013 20 kg;\nIzm\u0113ri uzst\u0101d\u012bt\u0101 veid\u0101 \u2013 41 x 34,5 x 29 cm;\nIzm\u0113ri salikt\u0101 veid\u0101 ir 51,5 x 21 cm;\nSvars \u2013 1kg.\nKomplekt\u0101 ietilpst uzglab\u0101\u0161anas apvalks, kas aizsarg\u0101 no mitruma un skr\u0101p\u0113jumiem transport\u0113\u0161anas un uzglab\u0101\u0161anas laik\u0101.","short_description":"Vai tas b\u016bs p\u0101rg\u0101jiens, pikniks, mak\u0161\u0137er\u0113\u0161ana vai atp\u016bta pludmal\u0113, ce\u013cojumu galds Naturehike sniegs \u012bstu komfortu, nodro\u0161inot pietiekami daudz vietas \u0113diena gatavo\u0161anai un baud\u012b\u0161anai \u0101rpus m\u0101j\u0101m.","status":"publish","sku":"nat000056","original":54392},"wpml":{"translation_type":1,"has_translations":true,"original":54392,"duplicates":[],"translations":{"lv":54392,"en":67600,"ru":null}},"supplier_id":null,"supplier_sku":"","barcode":null,"atum_controlled":true,"out_stock_date":null,"out_stock_threshold":null,"inheritable":false,"inbound_stock":0,"stock_on_hold":0,"sold_today":0,"sales_last_days":0,"reserved_stock":0,"customer_returns":0,"warehouse_damage":0,"lost_in_post":0,"other_logs":0,"out_stock_days":0,"lost_sales":0,"has_location":false,"update_date":"2025-11-13T14:07:21","atum_locations":[],"atum_stock_status":"instock","restock_status":false,"low_stock_amount":"","sales_update_date":"2025-11-13T14:07:21","calc_backorders":null,"yoast_head":"<!-- This site is optimized with the Yoast SEO plugin v27.3 - https:\/\/yoast.com\/product\/yoast-seo-wordpress\/ -->\n<title>Naturehike - Saliekams galds no alum\u012bnija FT08<\/title>\n<meta name=\"description\" content=\"Vai tas b\u016bs p\u0101rg\u0101jiens, pikniks, mak\u0161\u0137er\u0113\u0161ana vai atp\u016bta pludmal\u0113, ce\u013cojumu galds Naturehike sniegs \u012bstu komfortu, nodro\u0161inot pietiekami daudz vietas \u0113diena gatavo\u0161anai un baud\u012b\u0161anai \u0101rpus m\u0101j\u0101m.\" \/>\n<meta name=\"robots\" content=\"index, follow, max-snippet:-1, max-image-preview:large, max-video-preview:-1\" \/>\n<link rel=\"canonical\" href=\"https:\/\/gohike.lv\/ru\/produkts\/naturehike-saliekamais-galds-no-aluminija-sakausejuma-ft08\/\" \/>\n<meta property=\"og:locale\" content=\"ru_RU\" \/>\n<meta property=\"og:type\" content=\"article\" \/>\n<meta property=\"og:title\" content=\"Naturehike - Saliekamais galds no alum\u012bnija sakaus\u0113juma FT08\" \/>\n<meta property=\"og:description\" content=\"Vai tas b\u016bs p\u0101rg\u0101jiens, pikniks, mak\u0161\u0137er\u0113\u0161ana vai atp\u016bta pludmal\u0113, ce\u013cojumu galds Naturehike sniegs \u012bstu komfortu, nodro\u0161inot pietiekami daudz vietas \u0113diena gatavo\u0161anai un baud\u012b\u0161anai \u0101rpus m\u0101j\u0101m.\" \/>\n<meta property=\"og:url\" content=\"https:\/\/gohike.lv\/ru\/produkts\/naturehike-saliekamais-galds-no-aluminija-sakausejuma-ft08\/\" \/>\n<meta property=\"og:site_name\" content=\"GoHike\" \/>\n<meta property=\"article:publisher\" content=\"https:\/\/www.facebook.com\/gohike.shop\/\" \/>\n<meta property=\"article:modified_time\" content=\"2025-10-15T20:11:04+00:00\" \/>\n<meta property=\"og:image\" content=\"https:\/\/gohike.lv\/wp-content\/uploads\/2024\/03\/FT08_table_grey.png\" \/>\n\t<meta property=\"og:image:width\" content=\"720\" \/>\n\t<meta property=\"og:image:height\" content=\"720\" \/>\n\t<meta property=\"og:image:type\" content=\"image\/png\" \/>\n<meta name=\"twitter:card\" content=\"summary_large_image\" \/>\n<meta name=\"twitter:title\" content=\"Naturehike - Saliekamais galds no alum\u012bnija sakaus\u0113juma FT08\" \/>\n<meta name=\"twitter:label1\" content=\"\u041f\u0440\u0438\u043c\u0435\u0440\u043d\u043e\u0435 \u0432\u0440\u0435\u043c\u044f \u0434\u043b\u044f \u0447\u0442\u0435\u043d\u0438\u044f\" \/>\n\t<meta name=\"twitter:data1\" content=\"1 \u043c\u0438\u043d\u0443\u0442\u0430\" \/>\n<script type=\"application\/ld+json\" class=\"yoast-schema-graph\">{\"@context\":\"https:\\\/\\\/schema.org\",\"@graph\":[{\"@type\":[\"WebPage\",\"ItemPage\"],\"@id\":\"https:\\\/\\\/gohike.lv\\\/ru\\\/produkts\\\/naturehike-saliekamais-galds-no-aluminija-sakausejuma-ft08\\\/\",\"url\":\"https:\\\/\\\/gohike.lv\\\/ru\\\/produkts\\\/naturehike-saliekamais-galds-no-aluminija-sakausejuma-ft08\\\/\",\"name\":\"Naturehike - Saliekams galds no alum\u012bnija FT08\",\"isPartOf\":{\"@id\":\"https:\\\/\\\/gohike.lv\\\/ru\\\/#website\"},\"primaryImageOfPage\":{\"@id\":\"https:\\\/\\\/gohike.lv\\\/ru\\\/produkts\\\/naturehike-saliekamais-galds-no-aluminija-sakausejuma-ft08\\\/#primaryimage\"},\"image\":{\"@id\":\"https:\\\/\\\/gohike.lv\\\/ru\\\/produkts\\\/naturehike-saliekamais-galds-no-aluminija-sakausejuma-ft08\\\/#primaryimage\"},\"thumbnailUrl\":\"https:\\\/\\\/gohike.lv\\\/wp-content\\\/uploads\\\/2024\\\/03\\\/FT08_table_grey.png\",\"datePublished\":\"2024-05-10T09:13:59+00:00\",\"dateModified\":\"2025-10-15T20:11:04+00:00\",\"description\":\"Vai tas b\u016bs p\u0101rg\u0101jiens, pikniks, mak\u0161\u0137er\u0113\u0161ana vai atp\u016bta pludmal\u0113, ce\u013cojumu galds Naturehike sniegs \u012bstu komfortu, nodro\u0161inot pietiekami daudz vietas \u0113diena gatavo\u0161anai un baud\u012b\u0161anai \u0101rpus m\u0101j\u0101m.\",\"breadcrumb\":{\"@id\":\"https:\\\/\\\/gohike.lv\\\/ru\\\/produkts\\\/naturehike-saliekamais-galds-no-aluminija-sakausejuma-ft08\\\/#breadcrumb\"},\"inLanguage\":\"ru-RU\",\"potentialAction\":[{\"@type\":\"ReadAction\",\"target\":[\"https:\\\/\\\/gohike.lv\\\/ru\\\/produkts\\\/naturehike-saliekamais-galds-no-aluminija-sakausejuma-ft08\\\/\"]}]},{\"@type\":\"ImageObject\",\"inLanguage\":\"ru-RU\",\"@id\":\"https:\\\/\\\/gohike.lv\\\/ru\\\/produkts\\\/naturehike-saliekamais-galds-no-aluminija-sakausejuma-ft08\\\/#primaryimage\",\"url\":\"https:\\\/\\\/gohike.lv\\\/wp-content\\\/uploads\\\/2024\\\/03\\\/FT08_table_grey.png\",\"contentUrl\":\"https:\\\/\\\/gohike.lv\\\/wp-content\\\/uploads\\\/2024\\\/03\\\/FT08_table_grey.png\",\"width\":720,\"height\":720},{\"@type\":\"BreadcrumbList\",\"@id\":\"https:\\\/\\\/gohike.lv\\\/ru\\\/produkts\\\/naturehike-saliekamais-galds-no-aluminija-sakausejuma-ft08\\\/#breadcrumb\",\"itemListElement\":[{\"@type\":\"ListItem\",\"position\":1,\"name\":\"\u0413\u043b\u0430\u0432\u043d\u0430\u044f\",\"item\":\"https:\\\/\\\/gohike.lv\\\/ru\\\/\"},{\"@type\":\"ListItem\",\"position\":2,\"name\":\"\u041a\u0430\u0442\u0435\u0433\u043e\u0440\u0438\u0438 \u0442\u043e\u0432\u0430\u0440\u043e\u0432\",\"item\":\"https:\\\/\\\/gohike.lv\\\/%d0%ba%d0%b0%d1%82%d0%b5%d0%b3%d0%be%d1%80%d0%b8%d0%b8-%d1%82%d0%be%d0%b2%d0%b0%d1%80%d0%be%d0%b2\\\/\"},{\"@type\":\"ListItem\",\"position\":3,\"name\":\"Naturehike &#8211; Saliekams galds no alum\u012bnija FT08\"}]},{\"@type\":\"WebSite\",\"@id\":\"https:\\\/\\\/gohike.lv\\\/ru\\\/#website\",\"url\":\"https:\\\/\\\/gohike.lv\\\/ru\\\/\",\"name\":\"GoHike\",\"description\":\"\",\"publisher\":{\"@id\":\"https:\\\/\\\/gohike.lv\\\/ru\\\/#organization\"},\"potentialAction\":[{\"@type\":\"SearchAction\",\"target\":{\"@type\":\"EntryPoint\",\"urlTemplate\":\"https:\\\/\\\/gohike.lv\\\/ru\\\/?s={search_term_string}\"},\"query-input\":{\"@type\":\"PropertyValueSpecification\",\"valueRequired\":true,\"valueName\":\"search_term_string\"}}],\"inLanguage\":\"ru-RU\"},{\"@type\":\"Organization\",\"@id\":\"https:\\\/\\\/gohike.lv\\\/ru\\\/#organization\",\"name\":\"GoHike\",\"url\":\"https:\\\/\\\/gohike.lv\\\/ru\\\/\",\"logo\":{\"@type\":\"ImageObject\",\"inLanguage\":\"ru-RU\",\"@id\":\"https:\\\/\\\/gohike.lv\\\/ru\\\/#\\\/schema\\\/logo\\\/image\\\/\",\"url\":\"https:\\\/\\\/gohike.lv\\\/wp-content\\\/uploads\\\/2023\\\/08\\\/Logo_GoHike.webp\",\"contentUrl\":\"https:\\\/\\\/gohike.lv\\\/wp-content\\\/uploads\\\/2023\\\/08\\\/Logo_GoHike.webp\",\"width\":512,\"height\":512,\"caption\":\"GoHike\"},\"image\":{\"@id\":\"https:\\\/\\\/gohike.lv\\\/ru\\\/#\\\/schema\\\/logo\\\/image\\\/\"},\"sameAs\":[\"https:\\\/\\\/www.facebook.com\\\/gohike.shop\\\/\",\"https:\\\/\\\/www.instagram.com\\\/gohike.shop\\\/\"]}]}<\/script>\n<!-- \/ Yoast SEO plugin. -->","yoast_head_json":{"title":"Naturehike - Saliekams galds no alum\u012bnija FT08","description":"Vai tas b\u016bs p\u0101rg\u0101jiens, pikniks, mak\u0161\u0137er\u0113\u0161ana vai atp\u016bta pludmal\u0113, ce\u013cojumu galds Naturehike sniegs \u012bstu komfortu, nodro\u0161inot pietiekami daudz vietas \u0113diena gatavo\u0161anai un baud\u012b\u0161anai \u0101rpus m\u0101j\u0101m.","robots":{"index":"index","follow":"follow","max-snippet":"max-snippet:-1","max-image-preview":"max-image-preview:large","max-video-preview":"max-video-preview:-1"},"canonical":"https:\/\/gohike.lv\/ru\/produkts\/naturehike-saliekamais-galds-no-aluminija-sakausejuma-ft08\/","og_locale":"ru_RU","og_type":"article","og_title":"Naturehike - Saliekamais galds no alum\u012bnija sakaus\u0113juma FT08","og_description":"Vai tas b\u016bs p\u0101rg\u0101jiens, pikniks, mak\u0161\u0137er\u0113\u0161ana vai atp\u016bta pludmal\u0113, ce\u013cojumu galds Naturehike sniegs \u012bstu komfortu, nodro\u0161inot pietiekami daudz vietas \u0113diena gatavo\u0161anai un baud\u012b\u0161anai \u0101rpus m\u0101j\u0101m.","og_url":"https:\/\/gohike.lv\/ru\/produkts\/naturehike-saliekamais-galds-no-aluminija-sakausejuma-ft08\/","og_site_name":"GoHike","article_publisher":"https:\/\/www.facebook.com\/gohike.shop\/","article_modified_time":"2025-10-15T20:11:04+00:00","og_image":[{"width":720,"height":720,"url":"https:\/\/gohike.lv\/wp-content\/uploads\/2024\/03\/FT08_table_grey.png","type":"image\/png"}],"twitter_card":"summary_large_image","twitter_title":"Naturehike - Saliekamais galds no alum\u012bnija sakaus\u0113juma FT08","twitter_misc":{"\u041f\u0440\u0438\u043c\u0435\u0440\u043d\u043e\u0435 \u0432\u0440\u0435\u043c\u044f \u0434\u043b\u044f \u0447\u0442\u0435\u043d\u0438\u044f":"1 \u043c\u0438\u043d\u0443\u0442\u0430"},"schema":{"@context":"https:\/\/schema.org","@graph":[{"@type":["WebPage","ItemPage"],"@id":"https:\/\/gohike.lv\/ru\/produkts\/naturehike-saliekamais-galds-no-aluminija-sakausejuma-ft08\/","url":"https:\/\/gohike.lv\/ru\/produkts\/naturehike-saliekamais-galds-no-aluminija-sakausejuma-ft08\/","name":"Naturehike - Saliekams galds no alum\u012bnija FT08","isPartOf":{"@id":"https:\/\/gohike.lv\/ru\/#website"},"primaryImageOfPage":{"@id":"https:\/\/gohike.lv\/ru\/produkts\/naturehike-saliekamais-galds-no-aluminija-sakausejuma-ft08\/#primaryimage"},"image":{"@id":"https:\/\/gohike.lv\/ru\/produkts\/naturehike-saliekamais-galds-no-aluminija-sakausejuma-ft08\/#primaryimage"},"thumbnailUrl":"https:\/\/gohike.lv\/wp-content\/uploads\/2024\/03\/FT08_table_grey.png","datePublished":"2024-05-10T09:13:59+00:00","dateModified":"2025-10-15T20:11:04+00:00","description":"Vai tas b\u016bs p\u0101rg\u0101jiens, pikniks, mak\u0161\u0137er\u0113\u0161ana vai atp\u016bta pludmal\u0113, ce\u013cojumu galds Naturehike sniegs \u012bstu komfortu, nodro\u0161inot pietiekami daudz vietas \u0113diena gatavo\u0161anai un baud\u012b\u0161anai \u0101rpus m\u0101j\u0101m.","breadcrumb":{"@id":"https:\/\/gohike.lv\/ru\/produkts\/naturehike-saliekamais-galds-no-aluminija-sakausejuma-ft08\/#breadcrumb"},"inLanguage":"ru-RU","potentialAction":[{"@type":"ReadAction","target":["https:\/\/gohike.lv\/ru\/produkts\/naturehike-saliekamais-galds-no-aluminija-sakausejuma-ft08\/"]}]},{"@type":"ImageObject","inLanguage":"ru-RU","@id":"https:\/\/gohike.lv\/ru\/produkts\/naturehike-saliekamais-galds-no-aluminija-sakausejuma-ft08\/#primaryimage","url":"https:\/\/gohike.lv\/wp-content\/uploads\/2024\/03\/FT08_table_grey.png","contentUrl":"https:\/\/gohike.lv\/wp-content\/uploads\/2024\/03\/FT08_table_grey.png","width":720,"height":720},{"@type":"BreadcrumbList","@id":"https:\/\/gohike.lv\/ru\/produkts\/naturehike-saliekamais-galds-no-aluminija-sakausejuma-ft08\/#breadcrumb","itemListElement":[{"@type":"ListItem","position":1,"name":"\u0413\u043b\u0430\u0432\u043d\u0430\u044f","item":"https:\/\/gohike.lv\/ru\/"},{"@type":"ListItem","position":2,"name":"\u041a\u0430\u0442\u0435\u0433\u043e\u0440\u0438\u0438 \u0442\u043e\u0432\u0430\u0440\u043e\u0432","item":"https:\/\/gohike.lv\/%d0%ba%d0%b0%d1%82%d0%b5%d0%b3%d0%be%d1%80%d0%b8%d0%b8-%d1%82%d0%be%d0%b2%d0%b0%d1%80%d0%be%d0%b2\/"},{"@type":"ListItem","position":3,"name":"Naturehike &#8211; Saliekams galds no alum\u012bnija FT08"}]},{"@type":"WebSite","@id":"https:\/\/gohike.lv\/ru\/#website","url":"https:\/\/gohike.lv\/ru\/","name":"GoHike","description":"","publisher":{"@id":"https:\/\/gohike.lv\/ru\/#organization"},"potentialAction":[{"@type":"SearchAction","target":{"@type":"EntryPoint","urlTemplate":"https:\/\/gohike.lv\/ru\/?s={search_term_string}"},"query-input":{"@type":"PropertyValueSpecification","valueRequired":true,"valueName":"search_term_string"}}],"inLanguage":"ru-RU"},{"@type":"Organization","@id":"https:\/\/gohike.lv\/ru\/#organization","name":"GoHike","url":"https:\/\/gohike.lv\/ru\/","logo":{"@type":"ImageObject","inLanguage":"ru-RU","@id":"https:\/\/gohike.lv\/ru\/#\/schema\/logo\/image\/","url":"https:\/\/gohike.lv\/wp-content\/uploads\/2023\/08\/Logo_GoHike.webp","contentUrl":"https:\/\/gohike.lv\/wp-content\/uploads\/2023\/08\/Logo_GoHike.webp","width":512,"height":512,"caption":"GoHike"},"image":{"@id":"https:\/\/gohike.lv\/ru\/#\/schema\/logo\/image\/"},"sameAs":["https:\/\/www.facebook.com\/gohike.shop\/","https:\/\/www.instagram.com\/gohike.shop\/"]}]}},"jetpack_sharing_enabled":true,"_links":{"self":[{"href":"https:\/\/gohike.lv\/ru\/wp-json\/wp\/v2\/product\/54392","targetHints":{"allow":["GET"]}}],"collection":[{"href":"https:\/\/gohike.lv\/ru\/wp-json\/wp\/v2\/product"}],"about":[{"href":"https:\/\/gohike.lv\/ru\/wp-json\/wp\/v2\/types\/product"}],"version-history":[{"count":0,"href":"https:\/\/gohike.lv\/ru\/wp-json\/wp\/v2\/product\/54392\/revisions"}],"wp:featuredmedia":[{"embeddable":true,"href":"https:\/\/gohike.lv\/ru\/wp-json\/wp\/v2\/media\/25417"}],"wp:attachment":[{"href":"https:\/\/gohike.lv\/ru\/wp-json\/wp\/v2\/media?parent=54392"}],"wp:term":[{"taxonomy":"product_brand","embeddable":true,"href":"https:\/\/gohike.lv\/ru\/wp-json\/wp\/v2\/product_brand?post=54392"},{"taxonomy":"product_cat","embeddable":true,"href":"https:\/\/gohike.lv\/ru\/wp-json\/wp\/v2\/product_cat?post=54392"},{"taxonomy":"product_tag","embeddable":true,"href":"https:\/\/gohike.lv\/ru\/wp-json\/wp\/v2\/product_tag?post=54392"}],"curies":[{"name":"wp","href":"https:\/\/api.w.org\/{rel}","templated":true}]}}