{"id":54388,"date":"2024-05-10T12:13:59","date_gmt":"2024-05-10T09:13:59","guid":{"rendered":"https:\/\/gohike.lv\/produkts\/naturehike-saliekamais-pargajienu-galdins-ft07\/"},"modified":"2026-01-13T19:51:09","modified_gmt":"2026-01-13T16:51:09","slug":"naturehike-saliekamais-pargajienu-galdins-ft07","status":"publish","type":"product","link":"https:\/\/gohike.lv\/ru\/produkts\/naturehike-saliekamais-pargajienu-galdins-ft07\/","title":{"rendered":"Naturehike &#8212; FT07 &#8212; Saliekams p\u0101rg\u0101jienu galdi\u0146\u0161"},"content":{"rendered":"<p>Alum\u012bnija sakaus\u0113juma kron\u0161teins: viengabala l\u0113juma savienot\u0101js, dubultais \u0161\u0137\u0113rsatbalsts, izcila neso\u0161\u0101 sp\u0113ja.<br \/>\nGalda vid\u016b ir \u0113rts nodal\u012bjums, kur\u0101 var glab\u0101t termosu vai \u016bdens pudeli.<br \/>\nNodal\u012bjuma diametrs ir aptuveni 8 cm,\u00a0kas nodro\u0161ina stabilu un dro\u0161u dz\u0113rienu izvietojumu.<br \/>\nIztur\u012bgs pret nodilumu un pl\u012b\u0161anu.<br \/>\nAudums: augsta bl\u012bvuma elast\u012bgs t\u012bkls + neilona t\u012bkls, aizsarg\u0101 pret net\u012brumiem un ir \u013coti iztur\u012bgs.<br \/>\nM\u0101ksl\u012bg\u0101s \u0101das p\u0101rvalks k\u0101j\u0101m palielina galda ilgstsp\u0113j\u012bbu, iztur\u012bgi stiprin\u0101jumi, vienk\u0101r\u0161a mont\u0101\u017ea.<\/p>\n","protected":false},"excerpt":{"rendered":"<p>Naturehike \u0101rk\u0101rt\u012bgi vieglais saliekamais portat\u012bvais galdi\u0146\u0161, izgatavots no alum\u012bnija sakaus\u0113juma, iztur\u012bgs un ilgm\u016b\u017e\u012bgs.<\/p>\n","protected":false},"featured_media":25298,"template":"","meta":[],"product_brand":[167],"product_cat":[9447,2493],"product_tag":[],"class_list":{"0":"post-54388","1":"product","2":"type-product","3":"status-publish","4":"has-post-thumbnail","6":"product_brand-naturehike-lv","7":"product_cat-izpardosana","8":"product_cat-kempinga-mebeles","9":"pa_izmeriscm-10155","10":"pa_izturiba-30kg","11":"pa_krasa-melns","12":"pa_krasa-peleks","13":"pa_materiali-augsta-blivuma-elastigs-audums-neilona-tikls-elastigs-audums-kruzes-ar-udeni-novietosanai-turetajs-aluminija-sakausejums","14":"pa_produkta-tips-galdi","16":"first","17":"instock","18":"sale","19":"taxable","20":"shipping-taxable","21":"purchasable","22":"product-type-variable"},"raw_content":{"name":"Naturehike - FT07 - Saliekams p\u0101rg\u0101jienu galdi\u0146\u0161","description":"Alum\u012bnija sakaus\u0113juma kron\u0161teins: viengabala l\u0113juma savienot\u0101js, dubultais \u0161\u0137\u0113rsatbalsts, izcila neso\u0161\u0101 sp\u0113ja.\r\nGalda vid\u016b ir \u0113rts nodal\u012bjums, kur\u0101 var glab\u0101t termosu vai \u016bdens pudeli.\r\nNodal\u012bjuma diametrs ir aptuveni 8 cm,\u00a0kas nodro\u0161ina stabilu un dro\u0161u dz\u0113rienu izvietojumu.\r\nIztur\u012bgs pret nodilumu un pl\u012b\u0161anu.\r\nAudums: augsta bl\u012bvuma elast\u012bgs t\u012bkls + neilona t\u012bkls, aizsarg\u0101 pret net\u012brumiem un ir \u013coti iztur\u012bgs.\r\nM\u0101ksl\u012bg\u0101s \u0101das p\u0101rvalks k\u0101j\u0101m palielina galda ilgstsp\u0113j\u012bbu, iztur\u012bgi stiprin\u0101jumi, vienk\u0101r\u0161a mont\u0101\u017ea.","short_description":"Naturehike \u0101rk\u0101rt\u012bgi vieglais saliekamais portat\u012bvais galdi\u0146\u0161, izgatavots no alum\u012bnija sakaus\u0113juma, iztur\u012bgs un ilgm\u016b\u017e\u012bgs.","status":"publish","sku":"nat000055","original":54388},"wpml":{"translation_type":1,"has_translations":true,"original":54388,"duplicates":[],"translations":{"lv":54388,"en":67609,"ru":null}},"supplier_id":null,"supplier_sku":"","barcode":null,"atum_controlled":true,"out_stock_date":null,"out_stock_threshold":null,"inheritable":true,"inbound_stock":0,"stock_on_hold":0,"sold_today":0,"sales_last_days":0,"reserved_stock":0,"customer_returns":0,"warehouse_damage":0,"lost_in_post":0,"other_logs":0,"out_stock_days":0,"lost_sales":0,"has_location":false,"update_date":"2025-11-13T14:07:06","atum_locations":[],"atum_stock_status":"instock","restock_status":false,"low_stock_amount":"","sales_update_date":"2025-11-13T14:07:06","calc_backorders":null,"yoast_head":"<!-- This site is optimized with the Yoast SEO plugin v27.3 - https:\/\/yoast.com\/product\/yoast-seo-wordpress\/ -->\n<title>Naturehike - FT07 - Saliekams p\u0101rg\u0101jienu galdi\u0146\u0161<\/title>\n<meta name=\"description\" content=\"Naturehike \u0101rk\u0101rt\u012bgi vieglais saliekamais portat\u012bvais galdi\u0146\u0161, izgatavots no alum\u012bnija sakaus\u0113juma, iztur\u012bgs un ilgm\u016b\u017e\u012bgs.\" \/>\n<meta name=\"robots\" content=\"index, follow, max-snippet:-1, max-image-preview:large, max-video-preview:-1\" \/>\n<link rel=\"canonical\" href=\"https:\/\/gohike.lv\/ru\/produkts\/naturehike-saliekamais-pargajienu-galdins-ft07\/\" \/>\n<meta property=\"og:locale\" content=\"ru_RU\" \/>\n<meta property=\"og:type\" content=\"article\" \/>\n<meta property=\"og:title\" content=\"Naturehike - Saliekamais p\u0101rg\u0101jienu galdi\u0146\u0161 FT07\" \/>\n<meta property=\"og:description\" content=\"Naturehike \u0101rk\u0101rt\u012bgi vieglais saliekamais portat\u012bvais galdi\u0146\u0161, izgatavots no alum\u012bnija sakaus\u0113juma, iztur\u012bgs un ilgm\u016b\u017e\u012bgs.\" \/>\n<meta property=\"og:url\" content=\"https:\/\/gohike.lv\/ru\/produkts\/naturehike-saliekamais-pargajienu-galdins-ft07\/\" \/>\n<meta property=\"og:site_name\" content=\"GoHike\" \/>\n<meta property=\"article:publisher\" content=\"https:\/\/www.facebook.com\/gohike.shop\/\" \/>\n<meta property=\"article:modified_time\" content=\"2026-01-13T16:51:09+00:00\" \/>\n<meta property=\"og:image\" content=\"https:\/\/gohike.lv\/wp-content\/uploads\/2024\/03\/FT07_table_black.webp\" \/>\n\t<meta property=\"og:image:width\" content=\"800\" \/>\n\t<meta property=\"og:image:height\" content=\"800\" \/>\n\t<meta property=\"og:image:type\" content=\"image\/webp\" \/>\n<meta name=\"twitter:card\" content=\"summary_large_image\" \/>\n<meta name=\"twitter:title\" content=\"Naturehike - Saliekamais p\u0101rg\u0101jienu galdi\u0146\u0161 FT07\" \/>\n<meta name=\"twitter:label1\" content=\"\u041f\u0440\u0438\u043c\u0435\u0440\u043d\u043e\u0435 \u0432\u0440\u0435\u043c\u044f \u0434\u043b\u044f \u0447\u0442\u0435\u043d\u0438\u044f\" \/>\n\t<meta name=\"twitter:data1\" content=\"1 \u043c\u0438\u043d\u0443\u0442\u0430\" \/>\n<script type=\"application\/ld+json\" class=\"yoast-schema-graph\">{\"@context\":\"https:\\\/\\\/schema.org\",\"@graph\":[{\"@type\":[\"WebPage\",\"ItemPage\"],\"@id\":\"https:\\\/\\\/gohike.lv\\\/ru\\\/produkts\\\/naturehike-saliekamais-pargajienu-galdins-ft07\\\/\",\"url\":\"https:\\\/\\\/gohike.lv\\\/ru\\\/produkts\\\/naturehike-saliekamais-pargajienu-galdins-ft07\\\/\",\"name\":\"Naturehike - FT07 - Saliekams p\u0101rg\u0101jienu galdi\u0146\u0161\",\"isPartOf\":{\"@id\":\"https:\\\/\\\/gohike.lv\\\/ru\\\/#website\"},\"primaryImageOfPage\":{\"@id\":\"https:\\\/\\\/gohike.lv\\\/ru\\\/produkts\\\/naturehike-saliekamais-pargajienu-galdins-ft07\\\/#primaryimage\"},\"image\":{\"@id\":\"https:\\\/\\\/gohike.lv\\\/ru\\\/produkts\\\/naturehike-saliekamais-pargajienu-galdins-ft07\\\/#primaryimage\"},\"thumbnailUrl\":\"https:\\\/\\\/gohike.lv\\\/wp-content\\\/uploads\\\/2024\\\/03\\\/FT07_table_black.webp\",\"datePublished\":\"2024-05-10T09:13:59+00:00\",\"dateModified\":\"2026-01-13T16:51:09+00:00\",\"description\":\"Naturehike \u0101rk\u0101rt\u012bgi vieglais saliekamais portat\u012bvais galdi\u0146\u0161, izgatavots no alum\u012bnija sakaus\u0113juma, iztur\u012bgs un ilgm\u016b\u017e\u012bgs.\",\"breadcrumb\":{\"@id\":\"https:\\\/\\\/gohike.lv\\\/ru\\\/produkts\\\/naturehike-saliekamais-pargajienu-galdins-ft07\\\/#breadcrumb\"},\"inLanguage\":\"ru-RU\",\"potentialAction\":[{\"@type\":\"ReadAction\",\"target\":[\"https:\\\/\\\/gohike.lv\\\/ru\\\/produkts\\\/naturehike-saliekamais-pargajienu-galdins-ft07\\\/\"]}]},{\"@type\":\"ImageObject\",\"inLanguage\":\"ru-RU\",\"@id\":\"https:\\\/\\\/gohike.lv\\\/ru\\\/produkts\\\/naturehike-saliekamais-pargajienu-galdins-ft07\\\/#primaryimage\",\"url\":\"https:\\\/\\\/gohike.lv\\\/wp-content\\\/uploads\\\/2024\\\/03\\\/FT07_table_black.webp\",\"contentUrl\":\"https:\\\/\\\/gohike.lv\\\/wp-content\\\/uploads\\\/2024\\\/03\\\/FT07_table_black.webp\",\"width\":800,\"height\":800},{\"@type\":\"BreadcrumbList\",\"@id\":\"https:\\\/\\\/gohike.lv\\\/ru\\\/produkts\\\/naturehike-saliekamais-pargajienu-galdins-ft07\\\/#breadcrumb\",\"itemListElement\":[{\"@type\":\"ListItem\",\"position\":1,\"name\":\"\u0413\u043b\u0430\u0432\u043d\u0430\u044f\",\"item\":\"https:\\\/\\\/gohike.lv\\\/ru\\\/\"},{\"@type\":\"ListItem\",\"position\":2,\"name\":\"\u041a\u0430\u0442\u0435\u0433\u043e\u0440\u0438\u0438 \u0442\u043e\u0432\u0430\u0440\u043e\u0432\",\"item\":\"https:\\\/\\\/gohike.lv\\\/%d0%ba%d0%b0%d1%82%d0%b5%d0%b3%d0%be%d1%80%d0%b8%d0%b8-%d1%82%d0%be%d0%b2%d0%b0%d1%80%d0%be%d0%b2\\\/\"},{\"@type\":\"ListItem\",\"position\":3,\"name\":\"Naturehike &#8211; FT07 &#8211; Saliekams p\u0101rg\u0101jienu galdi\u0146\u0161\"}]},{\"@type\":\"WebSite\",\"@id\":\"https:\\\/\\\/gohike.lv\\\/ru\\\/#website\",\"url\":\"https:\\\/\\\/gohike.lv\\\/ru\\\/\",\"name\":\"GoHike\",\"description\":\"\",\"publisher\":{\"@id\":\"https:\\\/\\\/gohike.lv\\\/ru\\\/#organization\"},\"potentialAction\":[{\"@type\":\"SearchAction\",\"target\":{\"@type\":\"EntryPoint\",\"urlTemplate\":\"https:\\\/\\\/gohike.lv\\\/ru\\\/?s={search_term_string}\"},\"query-input\":{\"@type\":\"PropertyValueSpecification\",\"valueRequired\":true,\"valueName\":\"search_term_string\"}}],\"inLanguage\":\"ru-RU\"},{\"@type\":\"Organization\",\"@id\":\"https:\\\/\\\/gohike.lv\\\/ru\\\/#organization\",\"name\":\"GoHike\",\"url\":\"https:\\\/\\\/gohike.lv\\\/ru\\\/\",\"logo\":{\"@type\":\"ImageObject\",\"inLanguage\":\"ru-RU\",\"@id\":\"https:\\\/\\\/gohike.lv\\\/ru\\\/#\\\/schema\\\/logo\\\/image\\\/\",\"url\":\"https:\\\/\\\/gohike.lv\\\/wp-content\\\/uploads\\\/2023\\\/08\\\/Logo_GoHike.webp\",\"contentUrl\":\"https:\\\/\\\/gohike.lv\\\/wp-content\\\/uploads\\\/2023\\\/08\\\/Logo_GoHike.webp\",\"width\":512,\"height\":512,\"caption\":\"GoHike\"},\"image\":{\"@id\":\"https:\\\/\\\/gohike.lv\\\/ru\\\/#\\\/schema\\\/logo\\\/image\\\/\"},\"sameAs\":[\"https:\\\/\\\/www.facebook.com\\\/gohike.shop\\\/\",\"https:\\\/\\\/www.instagram.com\\\/gohike.shop\\\/\"]}]}<\/script>\n<!-- \/ Yoast SEO plugin. -->","yoast_head_json":{"title":"Naturehike - FT07 - Saliekams p\u0101rg\u0101jienu galdi\u0146\u0161","description":"Naturehike \u0101rk\u0101rt\u012bgi vieglais saliekamais portat\u012bvais galdi\u0146\u0161, izgatavots no alum\u012bnija sakaus\u0113juma, iztur\u012bgs un ilgm\u016b\u017e\u012bgs.","robots":{"index":"index","follow":"follow","max-snippet":"max-snippet:-1","max-image-preview":"max-image-preview:large","max-video-preview":"max-video-preview:-1"},"canonical":"https:\/\/gohike.lv\/ru\/produkts\/naturehike-saliekamais-pargajienu-galdins-ft07\/","og_locale":"ru_RU","og_type":"article","og_title":"Naturehike - Saliekamais p\u0101rg\u0101jienu galdi\u0146\u0161 FT07","og_description":"Naturehike \u0101rk\u0101rt\u012bgi vieglais saliekamais portat\u012bvais galdi\u0146\u0161, izgatavots no alum\u012bnija sakaus\u0113juma, iztur\u012bgs un ilgm\u016b\u017e\u012bgs.","og_url":"https:\/\/gohike.lv\/ru\/produkts\/naturehike-saliekamais-pargajienu-galdins-ft07\/","og_site_name":"GoHike","article_publisher":"https:\/\/www.facebook.com\/gohike.shop\/","article_modified_time":"2026-01-13T16:51:09+00:00","og_image":[{"width":800,"height":800,"url":"https:\/\/gohike.lv\/wp-content\/uploads\/2024\/03\/FT07_table_black.webp","type":"image\/webp"}],"twitter_card":"summary_large_image","twitter_title":"Naturehike - Saliekamais p\u0101rg\u0101jienu galdi\u0146\u0161 FT07","twitter_misc":{"\u041f\u0440\u0438\u043c\u0435\u0440\u043d\u043e\u0435 \u0432\u0440\u0435\u043c\u044f \u0434\u043b\u044f \u0447\u0442\u0435\u043d\u0438\u044f":"1 \u043c\u0438\u043d\u0443\u0442\u0430"},"schema":{"@context":"https:\/\/schema.org","@graph":[{"@type":["WebPage","ItemPage"],"@id":"https:\/\/gohike.lv\/ru\/produkts\/naturehike-saliekamais-pargajienu-galdins-ft07\/","url":"https:\/\/gohike.lv\/ru\/produkts\/naturehike-saliekamais-pargajienu-galdins-ft07\/","name":"Naturehike - FT07 - Saliekams p\u0101rg\u0101jienu galdi\u0146\u0161","isPartOf":{"@id":"https:\/\/gohike.lv\/ru\/#website"},"primaryImageOfPage":{"@id":"https:\/\/gohike.lv\/ru\/produkts\/naturehike-saliekamais-pargajienu-galdins-ft07\/#primaryimage"},"image":{"@id":"https:\/\/gohike.lv\/ru\/produkts\/naturehike-saliekamais-pargajienu-galdins-ft07\/#primaryimage"},"thumbnailUrl":"https:\/\/gohike.lv\/wp-content\/uploads\/2024\/03\/FT07_table_black.webp","datePublished":"2024-05-10T09:13:59+00:00","dateModified":"2026-01-13T16:51:09+00:00","description":"Naturehike \u0101rk\u0101rt\u012bgi vieglais saliekamais portat\u012bvais galdi\u0146\u0161, izgatavots no alum\u012bnija sakaus\u0113juma, iztur\u012bgs un ilgm\u016b\u017e\u012bgs.","breadcrumb":{"@id":"https:\/\/gohike.lv\/ru\/produkts\/naturehike-saliekamais-pargajienu-galdins-ft07\/#breadcrumb"},"inLanguage":"ru-RU","potentialAction":[{"@type":"ReadAction","target":["https:\/\/gohike.lv\/ru\/produkts\/naturehike-saliekamais-pargajienu-galdins-ft07\/"]}]},{"@type":"ImageObject","inLanguage":"ru-RU","@id":"https:\/\/gohike.lv\/ru\/produkts\/naturehike-saliekamais-pargajienu-galdins-ft07\/#primaryimage","url":"https:\/\/gohike.lv\/wp-content\/uploads\/2024\/03\/FT07_table_black.webp","contentUrl":"https:\/\/gohike.lv\/wp-content\/uploads\/2024\/03\/FT07_table_black.webp","width":800,"height":800},{"@type":"BreadcrumbList","@id":"https:\/\/gohike.lv\/ru\/produkts\/naturehike-saliekamais-pargajienu-galdins-ft07\/#breadcrumb","itemListElement":[{"@type":"ListItem","position":1,"name":"\u0413\u043b\u0430\u0432\u043d\u0430\u044f","item":"https:\/\/gohike.lv\/ru\/"},{"@type":"ListItem","position":2,"name":"\u041a\u0430\u0442\u0435\u0433\u043e\u0440\u0438\u0438 \u0442\u043e\u0432\u0430\u0440\u043e\u0432","item":"https:\/\/gohike.lv\/%d0%ba%d0%b0%d1%82%d0%b5%d0%b3%d0%be%d1%80%d0%b8%d0%b8-%d1%82%d0%be%d0%b2%d0%b0%d1%80%d0%be%d0%b2\/"},{"@type":"ListItem","position":3,"name":"Naturehike &#8211; FT07 &#8211; Saliekams p\u0101rg\u0101jienu galdi\u0146\u0161"}]},{"@type":"WebSite","@id":"https:\/\/gohike.lv\/ru\/#website","url":"https:\/\/gohike.lv\/ru\/","name":"GoHike","description":"","publisher":{"@id":"https:\/\/gohike.lv\/ru\/#organization"},"potentialAction":[{"@type":"SearchAction","target":{"@type":"EntryPoint","urlTemplate":"https:\/\/gohike.lv\/ru\/?s={search_term_string}"},"query-input":{"@type":"PropertyValueSpecification","valueRequired":true,"valueName":"search_term_string"}}],"inLanguage":"ru-RU"},{"@type":"Organization","@id":"https:\/\/gohike.lv\/ru\/#organization","name":"GoHike","url":"https:\/\/gohike.lv\/ru\/","logo":{"@type":"ImageObject","inLanguage":"ru-RU","@id":"https:\/\/gohike.lv\/ru\/#\/schema\/logo\/image\/","url":"https:\/\/gohike.lv\/wp-content\/uploads\/2023\/08\/Logo_GoHike.webp","contentUrl":"https:\/\/gohike.lv\/wp-content\/uploads\/2023\/08\/Logo_GoHike.webp","width":512,"height":512,"caption":"GoHike"},"image":{"@id":"https:\/\/gohike.lv\/ru\/#\/schema\/logo\/image\/"},"sameAs":["https:\/\/www.facebook.com\/gohike.shop\/","https:\/\/www.instagram.com\/gohike.shop\/"]}]}},"jetpack_sharing_enabled":true,"_links":{"self":[{"href":"https:\/\/gohike.lv\/ru\/wp-json\/wp\/v2\/product\/54388","targetHints":{"allow":["GET"]}}],"collection":[{"href":"https:\/\/gohike.lv\/ru\/wp-json\/wp\/v2\/product"}],"about":[{"href":"https:\/\/gohike.lv\/ru\/wp-json\/wp\/v2\/types\/product"}],"version-history":[{"count":0,"href":"https:\/\/gohike.lv\/ru\/wp-json\/wp\/v2\/product\/54388\/revisions"}],"wp:featuredmedia":[{"embeddable":true,"href":"https:\/\/gohike.lv\/ru\/wp-json\/wp\/v2\/media\/25298"}],"wp:attachment":[{"href":"https:\/\/gohike.lv\/ru\/wp-json\/wp\/v2\/media?parent=54388"}],"wp:term":[{"taxonomy":"product_brand","embeddable":true,"href":"https:\/\/gohike.lv\/ru\/wp-json\/wp\/v2\/product_brand?post=54388"},{"taxonomy":"product_cat","embeddable":true,"href":"https:\/\/gohike.lv\/ru\/wp-json\/wp\/v2\/product_cat?post=54388"},{"taxonomy":"product_tag","embeddable":true,"href":"https:\/\/gohike.lv\/ru\/wp-json\/wp\/v2\/product_tag?post=54388"}],"curies":[{"name":"wp","href":"https:\/\/api.w.org\/{rel}","templated":true}]}}