{"id":54383,"date":"2024-05-10T12:13:59","date_gmt":"2024-05-10T09:13:59","guid":{"rendered":"https:\/\/gohike.lv\/produkts\/naturehike-vieglais-saliekamais-galdins-turismam\/"},"modified":"2025-10-15T23:05:46","modified_gmt":"2025-10-15T20:05:46","slug":"naturehike-vieglais-saliekamais-galdins-turismam","status":"publish","type":"product","link":"https:\/\/gohike.lv\/ru\/produkts\/naturehike-vieglais-saliekamais-galdins-turismam\/","title":{"rendered":"Naturehike &#8212; Viegls, saliekams galdi\u0146\u0161 t\u016brismam"},"content":{"rendered":"<p>Portat\u012bvais saliekamais galds no alum\u012bnija sakaus\u0113juma ir lab\u0101k\u0101 izv\u0113le atp\u016btai kemping\u0101.<br \/>\nStabilit\u0101ti un ilgm\u016b\u017e\u012bbu nodro\u0161ina alum\u012bnija sakaus\u0113juma kron\u0161teins.<br \/>\nNodilumiztur\u012bgs, elpojo\u0161s, augsta bl\u012bvuma audums Oksfords 1680D.<br \/>\nGaldu var savienot ar citiem galdiem &#8212; katram galdam kreisaj\u0101 un labaj\u0101 pus\u0113 ir &#171;velcro&#187; tipa aizdare un met\u0101la spr\u0101dze, t\u0101p\u0113c galds var tikt izmantots liel\u0101 komp\u0101nij\u0101.<\/p>\n","protected":false},"excerpt":{"rendered":"<p>Galds piknikam Naturehike, piem\u0113rots aktivit\u0101t\u0113m pie dabas.<\/p>\n","protected":false},"featured_media":25287,"template":"","meta":[],"product_brand":[167],"product_cat":[9447,2493],"product_tag":[],"class_list":{"0":"post-54383","1":"product","2":"type-product","3":"status-publish","4":"has-post-thumbnail","6":"product_brand-naturehike-lv","7":"product_cat-izpardosana","8":"product_cat-kempinga-mebeles","9":"pa_izmeriscm-10171","10":"pa_izmeriscm-10172","11":"pa_izturiba-20kg","12":"pa_izturiba-25kg","13":"pa_krasa-bess","14":"pa_krasa-melns","15":"pa_materiali-aluminija-sakausejums-oksforda-audums-1680d","16":"pa_produkta-tips-galdi","18":"first","19":"instock","20":"sale","21":"taxable","22":"shipping-taxable","23":"purchasable","24":"product-type-variable"},"raw_content":{"name":"Naturehike - Viegls, saliekams galdi\u0146\u0161 t\u016brismam","description":"Portat\u012bvais saliekamais galds no alum\u012bnija sakaus\u0113juma ir lab\u0101k\u0101 izv\u0113le atp\u016btai kemping\u0101.\r\nStabilit\u0101ti un ilgm\u016b\u017e\u012bbu nodro\u0161ina alum\u012bnija sakaus\u0113juma kron\u0161teins.\r\nNodilumiztur\u012bgs, elpojo\u0161s, augsta bl\u012bvuma audums Oksfords 1680D.\r\nGaldu var savienot ar citiem galdiem - katram galdam kreisaj\u0101 un labaj\u0101 pus\u0113 ir \"velcro\" tipa aizdare un met\u0101la spr\u0101dze, t\u0101p\u0113c galds var tikt izmantots liel\u0101 komp\u0101nij\u0101.","short_description":"Galds piknikam Naturehike, piem\u0113rots aktivit\u0101t\u0113m pie dabas.","status":"publish","sku":"nat000054","original":54383},"wpml":{"translation_type":1,"has_translations":true,"original":54383,"duplicates":[],"translations":{"lv":54383,"en":67614,"ru":null}},"supplier_id":null,"supplier_sku":"","barcode":null,"atum_controlled":true,"out_stock_date":null,"out_stock_threshold":null,"inheritable":true,"inbound_stock":0,"stock_on_hold":0,"sold_today":0,"sales_last_days":0,"reserved_stock":0,"customer_returns":0,"warehouse_damage":0,"lost_in_post":0,"other_logs":0,"out_stock_days":0,"lost_sales":0,"has_location":false,"update_date":"2025-11-13T14:07:06","atum_locations":[],"atum_stock_status":"instock","restock_status":false,"low_stock_amount":"","sales_update_date":"2025-11-13T14:07:06","calc_backorders":null,"yoast_head":"<!-- This site is optimized with the Yoast SEO plugin v27.3 - https:\/\/yoast.com\/product\/yoast-seo-wordpress\/ -->\n<title>Naturehike - Viegls, saliekams galdi\u0146\u0161 t\u016brismam<\/title>\n<meta name=\"description\" content=\"Galds piknikam Naturehike, piem\u0113rots aktivit\u0101t\u0113m pie dabas. Stabilit\u0101ti un ilgm\u016b\u017e\u012bbu nodro\u0161ina alum\u012bnija sakaus\u0113juma kron\u0161teins.\" \/>\n<meta name=\"robots\" content=\"index, follow, max-snippet:-1, max-image-preview:large, max-video-preview:-1\" \/>\n<link rel=\"canonical\" href=\"https:\/\/gohike.lv\/ru\/produkts\/naturehike-vieglais-saliekamais-galdins-turismam\/\" \/>\n<meta property=\"og:locale\" content=\"ru_RU\" \/>\n<meta property=\"og:type\" content=\"article\" \/>\n<meta property=\"og:title\" content=\"Naturehike - Vieglais saliekamais galdi\u0146\u0161 t\u016brismam\" \/>\n<meta property=\"og:description\" content=\"Galds piknikam Naturehike, piem\u0113rots aktivit\u0101t\u0113m pie dabas. Stabilit\u0101ti un ilgm\u016b\u017e\u012bbu nodro\u0161ina alum\u012bnija sakaus\u0113juma kron\u0161teins.\" \/>\n<meta property=\"og:url\" content=\"https:\/\/gohike.lv\/ru\/produkts\/naturehike-vieglais-saliekamais-galdins-turismam\/\" \/>\n<meta property=\"og:site_name\" content=\"GoHike\" \/>\n<meta property=\"article:publisher\" content=\"https:\/\/www.facebook.com\/gohike.shop\/\" \/>\n<meta property=\"article:modified_time\" content=\"2025-10-15T20:05:46+00:00\" \/>\n<meta property=\"og:image\" content=\"https:\/\/gohike.lv\/wp-content\/uploads\/2024\/03\/Outdoor_lightweight_table_black.webp\" \/>\n\t<meta property=\"og:image:width\" content=\"800\" \/>\n\t<meta property=\"og:image:height\" content=\"800\" \/>\n\t<meta property=\"og:image:type\" content=\"image\/webp\" \/>\n<meta name=\"twitter:card\" content=\"summary_large_image\" \/>\n<meta name=\"twitter:title\" content=\"Naturehike - Vieglais saliekamais galdi\u0146\u0161 t\u016brismam\" \/>\n<meta name=\"twitter:label1\" content=\"\u041f\u0440\u0438\u043c\u0435\u0440\u043d\u043e\u0435 \u0432\u0440\u0435\u043c\u044f \u0434\u043b\u044f \u0447\u0442\u0435\u043d\u0438\u044f\" \/>\n\t<meta name=\"twitter:data1\" content=\"1 \u043c\u0438\u043d\u0443\u0442\u0430\" \/>\n<script type=\"application\/ld+json\" class=\"yoast-schema-graph\">{\"@context\":\"https:\\\/\\\/schema.org\",\"@graph\":[{\"@type\":[\"WebPage\",\"ItemPage\"],\"@id\":\"https:\\\/\\\/gohike.lv\\\/ru\\\/produkts\\\/naturehike-vieglais-saliekamais-galdins-turismam\\\/\",\"url\":\"https:\\\/\\\/gohike.lv\\\/ru\\\/produkts\\\/naturehike-vieglais-saliekamais-galdins-turismam\\\/\",\"name\":\"Naturehike - Viegls, saliekams galdi\u0146\u0161 t\u016brismam\",\"isPartOf\":{\"@id\":\"https:\\\/\\\/gohike.lv\\\/ru\\\/#website\"},\"primaryImageOfPage\":{\"@id\":\"https:\\\/\\\/gohike.lv\\\/ru\\\/produkts\\\/naturehike-vieglais-saliekamais-galdins-turismam\\\/#primaryimage\"},\"image\":{\"@id\":\"https:\\\/\\\/gohike.lv\\\/ru\\\/produkts\\\/naturehike-vieglais-saliekamais-galdins-turismam\\\/#primaryimage\"},\"thumbnailUrl\":\"https:\\\/\\\/gohike.lv\\\/wp-content\\\/uploads\\\/2024\\\/03\\\/Outdoor_lightweight_table_black.webp\",\"datePublished\":\"2024-05-10T09:13:59+00:00\",\"dateModified\":\"2025-10-15T20:05:46+00:00\",\"description\":\"Galds piknikam Naturehike, piem\u0113rots aktivit\u0101t\u0113m pie dabas. Stabilit\u0101ti un ilgm\u016b\u017e\u012bbu nodro\u0161ina alum\u012bnija sakaus\u0113juma kron\u0161teins.\",\"breadcrumb\":{\"@id\":\"https:\\\/\\\/gohike.lv\\\/ru\\\/produkts\\\/naturehike-vieglais-saliekamais-galdins-turismam\\\/#breadcrumb\"},\"inLanguage\":\"ru-RU\",\"potentialAction\":[{\"@type\":\"ReadAction\",\"target\":[\"https:\\\/\\\/gohike.lv\\\/ru\\\/produkts\\\/naturehike-vieglais-saliekamais-galdins-turismam\\\/\"]}]},{\"@type\":\"ImageObject\",\"inLanguage\":\"ru-RU\",\"@id\":\"https:\\\/\\\/gohike.lv\\\/ru\\\/produkts\\\/naturehike-vieglais-saliekamais-galdins-turismam\\\/#primaryimage\",\"url\":\"https:\\\/\\\/gohike.lv\\\/wp-content\\\/uploads\\\/2024\\\/03\\\/Outdoor_lightweight_table_black.webp\",\"contentUrl\":\"https:\\\/\\\/gohike.lv\\\/wp-content\\\/uploads\\\/2024\\\/03\\\/Outdoor_lightweight_table_black.webp\",\"width\":800,\"height\":800},{\"@type\":\"BreadcrumbList\",\"@id\":\"https:\\\/\\\/gohike.lv\\\/ru\\\/produkts\\\/naturehike-vieglais-saliekamais-galdins-turismam\\\/#breadcrumb\",\"itemListElement\":[{\"@type\":\"ListItem\",\"position\":1,\"name\":\"\u0413\u043b\u0430\u0432\u043d\u0430\u044f\",\"item\":\"https:\\\/\\\/gohike.lv\\\/ru\\\/\"},{\"@type\":\"ListItem\",\"position\":2,\"name\":\"\u041a\u0430\u0442\u0435\u0433\u043e\u0440\u0438\u0438 \u0442\u043e\u0432\u0430\u0440\u043e\u0432\",\"item\":\"https:\\\/\\\/gohike.lv\\\/%d0%ba%d0%b0%d1%82%d0%b5%d0%b3%d0%be%d1%80%d0%b8%d0%b8-%d1%82%d0%be%d0%b2%d0%b0%d1%80%d0%be%d0%b2\\\/\"},{\"@type\":\"ListItem\",\"position\":3,\"name\":\"Naturehike &#8211; Viegls, saliekams galdi\u0146\u0161 t\u016brismam\"}]},{\"@type\":\"WebSite\",\"@id\":\"https:\\\/\\\/gohike.lv\\\/ru\\\/#website\",\"url\":\"https:\\\/\\\/gohike.lv\\\/ru\\\/\",\"name\":\"GoHike\",\"description\":\"\",\"publisher\":{\"@id\":\"https:\\\/\\\/gohike.lv\\\/ru\\\/#organization\"},\"potentialAction\":[{\"@type\":\"SearchAction\",\"target\":{\"@type\":\"EntryPoint\",\"urlTemplate\":\"https:\\\/\\\/gohike.lv\\\/ru\\\/?s={search_term_string}\"},\"query-input\":{\"@type\":\"PropertyValueSpecification\",\"valueRequired\":true,\"valueName\":\"search_term_string\"}}],\"inLanguage\":\"ru-RU\"},{\"@type\":\"Organization\",\"@id\":\"https:\\\/\\\/gohike.lv\\\/ru\\\/#organization\",\"name\":\"GoHike\",\"url\":\"https:\\\/\\\/gohike.lv\\\/ru\\\/\",\"logo\":{\"@type\":\"ImageObject\",\"inLanguage\":\"ru-RU\",\"@id\":\"https:\\\/\\\/gohike.lv\\\/ru\\\/#\\\/schema\\\/logo\\\/image\\\/\",\"url\":\"https:\\\/\\\/gohike.lv\\\/wp-content\\\/uploads\\\/2023\\\/08\\\/Logo_GoHike.webp\",\"contentUrl\":\"https:\\\/\\\/gohike.lv\\\/wp-content\\\/uploads\\\/2023\\\/08\\\/Logo_GoHike.webp\",\"width\":512,\"height\":512,\"caption\":\"GoHike\"},\"image\":{\"@id\":\"https:\\\/\\\/gohike.lv\\\/ru\\\/#\\\/schema\\\/logo\\\/image\\\/\"},\"sameAs\":[\"https:\\\/\\\/www.facebook.com\\\/gohike.shop\\\/\",\"https:\\\/\\\/www.instagram.com\\\/gohike.shop\\\/\"]}]}<\/script>\n<!-- \/ Yoast SEO plugin. -->","yoast_head_json":{"title":"Naturehike - Viegls, saliekams galdi\u0146\u0161 t\u016brismam","description":"Galds piknikam Naturehike, piem\u0113rots aktivit\u0101t\u0113m pie dabas. Stabilit\u0101ti un ilgm\u016b\u017e\u012bbu nodro\u0161ina alum\u012bnija sakaus\u0113juma kron\u0161teins.","robots":{"index":"index","follow":"follow","max-snippet":"max-snippet:-1","max-image-preview":"max-image-preview:large","max-video-preview":"max-video-preview:-1"},"canonical":"https:\/\/gohike.lv\/ru\/produkts\/naturehike-vieglais-saliekamais-galdins-turismam\/","og_locale":"ru_RU","og_type":"article","og_title":"Naturehike - Vieglais saliekamais galdi\u0146\u0161 t\u016brismam","og_description":"Galds piknikam Naturehike, piem\u0113rots aktivit\u0101t\u0113m pie dabas. Stabilit\u0101ti un ilgm\u016b\u017e\u012bbu nodro\u0161ina alum\u012bnija sakaus\u0113juma kron\u0161teins.","og_url":"https:\/\/gohike.lv\/ru\/produkts\/naturehike-vieglais-saliekamais-galdins-turismam\/","og_site_name":"GoHike","article_publisher":"https:\/\/www.facebook.com\/gohike.shop\/","article_modified_time":"2025-10-15T20:05:46+00:00","og_image":[{"width":800,"height":800,"url":"https:\/\/gohike.lv\/wp-content\/uploads\/2024\/03\/Outdoor_lightweight_table_black.webp","type":"image\/webp"}],"twitter_card":"summary_large_image","twitter_title":"Naturehike - Vieglais saliekamais galdi\u0146\u0161 t\u016brismam","twitter_misc":{"\u041f\u0440\u0438\u043c\u0435\u0440\u043d\u043e\u0435 \u0432\u0440\u0435\u043c\u044f \u0434\u043b\u044f \u0447\u0442\u0435\u043d\u0438\u044f":"1 \u043c\u0438\u043d\u0443\u0442\u0430"},"schema":{"@context":"https:\/\/schema.org","@graph":[{"@type":["WebPage","ItemPage"],"@id":"https:\/\/gohike.lv\/ru\/produkts\/naturehike-vieglais-saliekamais-galdins-turismam\/","url":"https:\/\/gohike.lv\/ru\/produkts\/naturehike-vieglais-saliekamais-galdins-turismam\/","name":"Naturehike - Viegls, saliekams galdi\u0146\u0161 t\u016brismam","isPartOf":{"@id":"https:\/\/gohike.lv\/ru\/#website"},"primaryImageOfPage":{"@id":"https:\/\/gohike.lv\/ru\/produkts\/naturehike-vieglais-saliekamais-galdins-turismam\/#primaryimage"},"image":{"@id":"https:\/\/gohike.lv\/ru\/produkts\/naturehike-vieglais-saliekamais-galdins-turismam\/#primaryimage"},"thumbnailUrl":"https:\/\/gohike.lv\/wp-content\/uploads\/2024\/03\/Outdoor_lightweight_table_black.webp","datePublished":"2024-05-10T09:13:59+00:00","dateModified":"2025-10-15T20:05:46+00:00","description":"Galds piknikam Naturehike, piem\u0113rots aktivit\u0101t\u0113m pie dabas. Stabilit\u0101ti un ilgm\u016b\u017e\u012bbu nodro\u0161ina alum\u012bnija sakaus\u0113juma kron\u0161teins.","breadcrumb":{"@id":"https:\/\/gohike.lv\/ru\/produkts\/naturehike-vieglais-saliekamais-galdins-turismam\/#breadcrumb"},"inLanguage":"ru-RU","potentialAction":[{"@type":"ReadAction","target":["https:\/\/gohike.lv\/ru\/produkts\/naturehike-vieglais-saliekamais-galdins-turismam\/"]}]},{"@type":"ImageObject","inLanguage":"ru-RU","@id":"https:\/\/gohike.lv\/ru\/produkts\/naturehike-vieglais-saliekamais-galdins-turismam\/#primaryimage","url":"https:\/\/gohike.lv\/wp-content\/uploads\/2024\/03\/Outdoor_lightweight_table_black.webp","contentUrl":"https:\/\/gohike.lv\/wp-content\/uploads\/2024\/03\/Outdoor_lightweight_table_black.webp","width":800,"height":800},{"@type":"BreadcrumbList","@id":"https:\/\/gohike.lv\/ru\/produkts\/naturehike-vieglais-saliekamais-galdins-turismam\/#breadcrumb","itemListElement":[{"@type":"ListItem","position":1,"name":"\u0413\u043b\u0430\u0432\u043d\u0430\u044f","item":"https:\/\/gohike.lv\/ru\/"},{"@type":"ListItem","position":2,"name":"\u041a\u0430\u0442\u0435\u0433\u043e\u0440\u0438\u0438 \u0442\u043e\u0432\u0430\u0440\u043e\u0432","item":"https:\/\/gohike.lv\/%d0%ba%d0%b0%d1%82%d0%b5%d0%b3%d0%be%d1%80%d0%b8%d0%b8-%d1%82%d0%be%d0%b2%d0%b0%d1%80%d0%be%d0%b2\/"},{"@type":"ListItem","position":3,"name":"Naturehike &#8211; Viegls, saliekams galdi\u0146\u0161 t\u016brismam"}]},{"@type":"WebSite","@id":"https:\/\/gohike.lv\/ru\/#website","url":"https:\/\/gohike.lv\/ru\/","name":"GoHike","description":"","publisher":{"@id":"https:\/\/gohike.lv\/ru\/#organization"},"potentialAction":[{"@type":"SearchAction","target":{"@type":"EntryPoint","urlTemplate":"https:\/\/gohike.lv\/ru\/?s={search_term_string}"},"query-input":{"@type":"PropertyValueSpecification","valueRequired":true,"valueName":"search_term_string"}}],"inLanguage":"ru-RU"},{"@type":"Organization","@id":"https:\/\/gohike.lv\/ru\/#organization","name":"GoHike","url":"https:\/\/gohike.lv\/ru\/","logo":{"@type":"ImageObject","inLanguage":"ru-RU","@id":"https:\/\/gohike.lv\/ru\/#\/schema\/logo\/image\/","url":"https:\/\/gohike.lv\/wp-content\/uploads\/2023\/08\/Logo_GoHike.webp","contentUrl":"https:\/\/gohike.lv\/wp-content\/uploads\/2023\/08\/Logo_GoHike.webp","width":512,"height":512,"caption":"GoHike"},"image":{"@id":"https:\/\/gohike.lv\/ru\/#\/schema\/logo\/image\/"},"sameAs":["https:\/\/www.facebook.com\/gohike.shop\/","https:\/\/www.instagram.com\/gohike.shop\/"]}]}},"jetpack_sharing_enabled":true,"_links":{"self":[{"href":"https:\/\/gohike.lv\/ru\/wp-json\/wp\/v2\/product\/54383","targetHints":{"allow":["GET"]}}],"collection":[{"href":"https:\/\/gohike.lv\/ru\/wp-json\/wp\/v2\/product"}],"about":[{"href":"https:\/\/gohike.lv\/ru\/wp-json\/wp\/v2\/types\/product"}],"version-history":[{"count":0,"href":"https:\/\/gohike.lv\/ru\/wp-json\/wp\/v2\/product\/54383\/revisions"}],"wp:featuredmedia":[{"embeddable":true,"href":"https:\/\/gohike.lv\/ru\/wp-json\/wp\/v2\/media\/25287"}],"wp:attachment":[{"href":"https:\/\/gohike.lv\/ru\/wp-json\/wp\/v2\/media?parent=54383"}],"wp:term":[{"taxonomy":"product_brand","embeddable":true,"href":"https:\/\/gohike.lv\/ru\/wp-json\/wp\/v2\/product_brand?post=54383"},{"taxonomy":"product_cat","embeddable":true,"href":"https:\/\/gohike.lv\/ru\/wp-json\/wp\/v2\/product_cat?post=54383"},{"taxonomy":"product_tag","embeddable":true,"href":"https:\/\/gohike.lv\/ru\/wp-json\/wp\/v2\/product_tag?post=54383"}],"curies":[{"name":"wp","href":"https:\/\/api.w.org\/{rel}","templated":true}]}}