{"id":54378,"date":"2024-05-10T11:56:39","date_gmt":"2024-05-10T08:56:39","guid":{"rendered":"https:\/\/gohike.lv\/produkts\/naturehike-vieglais-piepusamais-spilvens-eros-no-tpu-ar-jaunu-uzgali\/"},"modified":"2026-03-11T20:49:51","modified_gmt":"2026-03-11T17:49:51","slug":"naturehike-vieglais-piepusamais-spilvens-eros-no-tpu-ar-jaunu-uzgali","status":"publish","type":"product","link":"https:\/\/gohike.lv\/ru\/produkts\/naturehike-vieglais-piepusamais-spilvens-eros-no-tpu-ar-jaunu-uzgali\/","title":{"rendered":"Naturehike &#8212; Viegls, piep\u016b\u0161ams spilvens Eros no TPU ar jaunu uzgali"},"content":{"rendered":"<p>\u0112rta anatomiska spilvena forma.<br \/>\nSalikt\u0101 veid\u0101 spilvens ir \u013coti kompakts un ietilpst pat neliel\u0101 som\u0101.<br \/>\nVirsma ir m\u012bksta, samtaina.<\/p>\n","protected":false},"excerpt":{"rendered":"<p>Piep\u016b\u0161amo spilvenu Naturehike var izmantot ne tikai ce\u013cojumos, bet ar\u012b m\u0101j\u0101s.<\/p>\n","protected":false},"featured_media":24973,"template":"","meta":[],"product_brand":[13432],"product_cat":[13984],"product_tag":[],"class_list":{"0":"post-54378","1":"product","2":"type-product","3":"status-publish","4":"has-post-thumbnail","6":"product_brand-naturehike-ru","7":"product_cat-13984","8":"pa_izmeriscm-9996","9":"pa_materiali-poliesters","10":"pa_materiali-tur-parklajums","11":"pa_produkta-tips-spilveni","12":"pa_spalva-oranzs","13":"pa_spalva-13305","14":"pa_spalva-zils","16":"first","17":"instock","18":"taxable","19":"shipping-taxable","20":"purchasable","21":"product-type-variable"},"raw_content":{"name":"Naturehike - Viegls, piep\u016b\u0161ams spilvens Eros no TPU ar jaunu uzgali","description":"\u0112rta anatomiska spilvena forma.\nSalikt\u0101 veid\u0101 spilvens ir \u013coti kompakts un ietilpst pat neliel\u0101 som\u0101.\nVirsma ir m\u012bksta, samtaina.","short_description":"Piep\u016b\u0161amo spilvenu Naturehike var izmantot ne tikai ce\u013cojumos, bet ar\u012b m\u0101j\u0101s.","status":"publish","sku":"nat000065","original":54378},"wpml":{"translation_type":1,"has_translations":true,"original":54378,"duplicates":[],"translations":{"lv":54378,"en":67352,"ru":null}},"supplier_id":null,"supplier_sku":"","barcode":null,"atum_controlled":true,"out_stock_date":null,"out_stock_threshold":null,"inheritable":false,"inbound_stock":0,"stock_on_hold":0,"sold_today":0,"sales_last_days":0,"reserved_stock":0,"customer_returns":0,"warehouse_damage":0,"lost_in_post":0,"other_logs":0,"out_stock_days":0,"lost_sales":0,"has_location":null,"update_date":"2025-12-30T14:30:34","atum_locations":[],"atum_stock_status":"outofstock","restock_status":false,"low_stock_amount":"","sales_update_date":"2025-11-13T14:07:40","calc_backorders":null,"yoast_head":"<!-- This site is optimized with the Yoast SEO plugin v27.3 - https:\/\/yoast.com\/product\/yoast-seo-wordpress\/ -->\n<title>Naturehike - Viegls, piep\u016b\u0161ams spilvens Eros no TPU ar jaunu uzgali<\/title>\n<meta name=\"description\" content=\"Piep\u016b\u0161amo spilvenu Naturehike var izmantot ne tikai ce\u013cojumos, bet ar\u012b m\u0101j\u0101s. Virsma ir m\u012bksta, samtaina.\" \/>\n<meta name=\"robots\" content=\"index, follow, max-snippet:-1, max-image-preview:large, max-video-preview:-1\" \/>\n<link rel=\"canonical\" href=\"https:\/\/gohike.lv\/ru\/produkts\/naturehike-vieglais-piepusamais-spilvens-eros-no-tpu-ar-jaunu-uzgali\/\" \/>\n<meta property=\"og:locale\" content=\"ru_RU\" \/>\n<meta property=\"og:type\" content=\"article\" \/>\n<meta property=\"og:title\" content=\"Naturehike - Vieglais piep\u016b\u0161amais spilvens Eros no TPU ar jaunu uzgali\" \/>\n<meta property=\"og:description\" content=\"Piep\u016b\u0161amo spilvenu Naturehike var izmantot ne tikai ce\u013cojumos, bet ar\u012b m\u0101j\u0101s. Virsma ir m\u012bksta, samtaina.\" \/>\n<meta property=\"og:url\" content=\"https:\/\/gohike.lv\/ru\/produkts\/naturehike-vieglais-piepusamais-spilvens-eros-no-tpu-ar-jaunu-uzgali\/\" \/>\n<meta property=\"og:site_name\" content=\"GoHike\" \/>\n<meta property=\"article:publisher\" content=\"https:\/\/www.facebook.com\/gohike.shop\/\" \/>\n<meta property=\"article:modified_time\" content=\"2026-03-11T17:49:51+00:00\" \/>\n<meta property=\"og:image\" content=\"https:\/\/gohike.lv\/wp-content\/uploads\/2024\/03\/Lightweight_TPU_pillow_green-1.webp\" \/>\n\t<meta property=\"og:image:width\" content=\"720\" \/>\n\t<meta property=\"og:image:height\" content=\"720\" \/>\n\t<meta property=\"og:image:type\" content=\"image\/webp\" \/>\n<meta name=\"twitter:card\" content=\"summary_large_image\" \/>\n<meta name=\"twitter:title\" content=\"Naturehike - Vieglais piep\u016b\u0161amais spilvens Eros no TPU ar jaunu uzgali\" \/>\n<meta name=\"twitter:label1\" content=\"\u041f\u0440\u0438\u043c\u0435\u0440\u043d\u043e\u0435 \u0432\u0440\u0435\u043c\u044f \u0434\u043b\u044f \u0447\u0442\u0435\u043d\u0438\u044f\" \/>\n\t<meta name=\"twitter:data1\" content=\"1 \u043c\u0438\u043d\u0443\u0442\u0430\" \/>\n<script type=\"application\/ld+json\" class=\"yoast-schema-graph\">{\"@context\":\"https:\\\/\\\/schema.org\",\"@graph\":[{\"@type\":[\"WebPage\",\"ItemPage\"],\"@id\":\"https:\\\/\\\/gohike.lv\\\/ru\\\/produkts\\\/naturehike-vieglais-piepusamais-spilvens-eros-no-tpu-ar-jaunu-uzgali\\\/\",\"url\":\"https:\\\/\\\/gohike.lv\\\/ru\\\/produkts\\\/naturehike-vieglais-piepusamais-spilvens-eros-no-tpu-ar-jaunu-uzgali\\\/\",\"name\":\"Naturehike - Viegls, piep\u016b\u0161ams spilvens Eros no TPU ar jaunu uzgali\",\"isPartOf\":{\"@id\":\"https:\\\/\\\/gohike.lv\\\/ru\\\/#website\"},\"primaryImageOfPage\":{\"@id\":\"https:\\\/\\\/gohike.lv\\\/ru\\\/produkts\\\/naturehike-vieglais-piepusamais-spilvens-eros-no-tpu-ar-jaunu-uzgali\\\/#primaryimage\"},\"image\":{\"@id\":\"https:\\\/\\\/gohike.lv\\\/ru\\\/produkts\\\/naturehike-vieglais-piepusamais-spilvens-eros-no-tpu-ar-jaunu-uzgali\\\/#primaryimage\"},\"thumbnailUrl\":\"https:\\\/\\\/gohike.lv\\\/wp-content\\\/uploads\\\/2024\\\/03\\\/Lightweight_TPU_pillow_green-1.webp\",\"datePublished\":\"2024-05-10T08:56:39+00:00\",\"dateModified\":\"2026-03-11T17:49:51+00:00\",\"description\":\"Piep\u016b\u0161amo spilvenu Naturehike var izmantot ne tikai ce\u013cojumos, bet ar\u012b m\u0101j\u0101s. Virsma ir m\u012bksta, samtaina.\",\"breadcrumb\":{\"@id\":\"https:\\\/\\\/gohike.lv\\\/ru\\\/produkts\\\/naturehike-vieglais-piepusamais-spilvens-eros-no-tpu-ar-jaunu-uzgali\\\/#breadcrumb\"},\"inLanguage\":\"ru-RU\",\"potentialAction\":[{\"@type\":\"ReadAction\",\"target\":[\"https:\\\/\\\/gohike.lv\\\/ru\\\/produkts\\\/naturehike-vieglais-piepusamais-spilvens-eros-no-tpu-ar-jaunu-uzgali\\\/\"]}]},{\"@type\":\"ImageObject\",\"inLanguage\":\"ru-RU\",\"@id\":\"https:\\\/\\\/gohike.lv\\\/ru\\\/produkts\\\/naturehike-vieglais-piepusamais-spilvens-eros-no-tpu-ar-jaunu-uzgali\\\/#primaryimage\",\"url\":\"https:\\\/\\\/gohike.lv\\\/wp-content\\\/uploads\\\/2024\\\/03\\\/Lightweight_TPU_pillow_green-1.webp\",\"contentUrl\":\"https:\\\/\\\/gohike.lv\\\/wp-content\\\/uploads\\\/2024\\\/03\\\/Lightweight_TPU_pillow_green-1.webp\",\"width\":720,\"height\":720},{\"@type\":\"BreadcrumbList\",\"@id\":\"https:\\\/\\\/gohike.lv\\\/ru\\\/produkts\\\/naturehike-vieglais-piepusamais-spilvens-eros-no-tpu-ar-jaunu-uzgali\\\/#breadcrumb\",\"itemListElement\":[{\"@type\":\"ListItem\",\"position\":1,\"name\":\"\u0413\u043b\u0430\u0432\u043d\u0430\u044f\",\"item\":\"https:\\\/\\\/gohike.lv\\\/ru\\\/\"},{\"@type\":\"ListItem\",\"position\":2,\"name\":\"\u041a\u0430\u0442\u0435\u0433\u043e\u0440\u0438\u0438 \u0442\u043e\u0432\u0430\u0440\u043e\u0432\",\"item\":\"https:\\\/\\\/gohike.lv\\\/%d0%ba%d0%b0%d1%82%d0%b5%d0%b3%d0%be%d1%80%d0%b8%d0%b8-%d1%82%d0%be%d0%b2%d0%b0%d1%80%d0%be%d0%b2\\\/\"},{\"@type\":\"ListItem\",\"position\":3,\"name\":\"Naturehike &#8211; Viegls, piep\u016b\u0161ams spilvens Eros no TPU ar jaunu uzgali\"}]},{\"@type\":\"WebSite\",\"@id\":\"https:\\\/\\\/gohike.lv\\\/ru\\\/#website\",\"url\":\"https:\\\/\\\/gohike.lv\\\/ru\\\/\",\"name\":\"GoHike\",\"description\":\"\",\"publisher\":{\"@id\":\"https:\\\/\\\/gohike.lv\\\/ru\\\/#organization\"},\"potentialAction\":[{\"@type\":\"SearchAction\",\"target\":{\"@type\":\"EntryPoint\",\"urlTemplate\":\"https:\\\/\\\/gohike.lv\\\/ru\\\/?s={search_term_string}\"},\"query-input\":{\"@type\":\"PropertyValueSpecification\",\"valueRequired\":true,\"valueName\":\"search_term_string\"}}],\"inLanguage\":\"ru-RU\"},{\"@type\":\"Organization\",\"@id\":\"https:\\\/\\\/gohike.lv\\\/ru\\\/#organization\",\"name\":\"GoHike\",\"url\":\"https:\\\/\\\/gohike.lv\\\/ru\\\/\",\"logo\":{\"@type\":\"ImageObject\",\"inLanguage\":\"ru-RU\",\"@id\":\"https:\\\/\\\/gohike.lv\\\/ru\\\/#\\\/schema\\\/logo\\\/image\\\/\",\"url\":\"https:\\\/\\\/gohike.lv\\\/wp-content\\\/uploads\\\/2023\\\/08\\\/Logo_GoHike.webp\",\"contentUrl\":\"https:\\\/\\\/gohike.lv\\\/wp-content\\\/uploads\\\/2023\\\/08\\\/Logo_GoHike.webp\",\"width\":512,\"height\":512,\"caption\":\"GoHike\"},\"image\":{\"@id\":\"https:\\\/\\\/gohike.lv\\\/ru\\\/#\\\/schema\\\/logo\\\/image\\\/\"},\"sameAs\":[\"https:\\\/\\\/www.facebook.com\\\/gohike.shop\\\/\",\"https:\\\/\\\/www.instagram.com\\\/gohike.shop\\\/\"]}]}<\/script>\n<!-- \/ Yoast SEO plugin. -->","yoast_head_json":{"title":"Naturehike - Viegls, piep\u016b\u0161ams spilvens Eros no TPU ar jaunu uzgali","description":"Piep\u016b\u0161amo spilvenu Naturehike var izmantot ne tikai ce\u013cojumos, bet ar\u012b m\u0101j\u0101s. Virsma ir m\u012bksta, samtaina.","robots":{"index":"index","follow":"follow","max-snippet":"max-snippet:-1","max-image-preview":"max-image-preview:large","max-video-preview":"max-video-preview:-1"},"canonical":"https:\/\/gohike.lv\/ru\/produkts\/naturehike-vieglais-piepusamais-spilvens-eros-no-tpu-ar-jaunu-uzgali\/","og_locale":"ru_RU","og_type":"article","og_title":"Naturehike - Vieglais piep\u016b\u0161amais spilvens Eros no TPU ar jaunu uzgali","og_description":"Piep\u016b\u0161amo spilvenu Naturehike var izmantot ne tikai ce\u013cojumos, bet ar\u012b m\u0101j\u0101s. Virsma ir m\u012bksta, samtaina.","og_url":"https:\/\/gohike.lv\/ru\/produkts\/naturehike-vieglais-piepusamais-spilvens-eros-no-tpu-ar-jaunu-uzgali\/","og_site_name":"GoHike","article_publisher":"https:\/\/www.facebook.com\/gohike.shop\/","article_modified_time":"2026-03-11T17:49:51+00:00","og_image":[{"width":720,"height":720,"url":"https:\/\/gohike.lv\/wp-content\/uploads\/2024\/03\/Lightweight_TPU_pillow_green-1.webp","type":"image\/webp"}],"twitter_card":"summary_large_image","twitter_title":"Naturehike - Vieglais piep\u016b\u0161amais spilvens Eros no TPU ar jaunu uzgali","twitter_misc":{"\u041f\u0440\u0438\u043c\u0435\u0440\u043d\u043e\u0435 \u0432\u0440\u0435\u043c\u044f \u0434\u043b\u044f \u0447\u0442\u0435\u043d\u0438\u044f":"1 \u043c\u0438\u043d\u0443\u0442\u0430"},"schema":{"@context":"https:\/\/schema.org","@graph":[{"@type":["WebPage","ItemPage"],"@id":"https:\/\/gohike.lv\/ru\/produkts\/naturehike-vieglais-piepusamais-spilvens-eros-no-tpu-ar-jaunu-uzgali\/","url":"https:\/\/gohike.lv\/ru\/produkts\/naturehike-vieglais-piepusamais-spilvens-eros-no-tpu-ar-jaunu-uzgali\/","name":"Naturehike - Viegls, piep\u016b\u0161ams spilvens Eros no TPU ar jaunu uzgali","isPartOf":{"@id":"https:\/\/gohike.lv\/ru\/#website"},"primaryImageOfPage":{"@id":"https:\/\/gohike.lv\/ru\/produkts\/naturehike-vieglais-piepusamais-spilvens-eros-no-tpu-ar-jaunu-uzgali\/#primaryimage"},"image":{"@id":"https:\/\/gohike.lv\/ru\/produkts\/naturehike-vieglais-piepusamais-spilvens-eros-no-tpu-ar-jaunu-uzgali\/#primaryimage"},"thumbnailUrl":"https:\/\/gohike.lv\/wp-content\/uploads\/2024\/03\/Lightweight_TPU_pillow_green-1.webp","datePublished":"2024-05-10T08:56:39+00:00","dateModified":"2026-03-11T17:49:51+00:00","description":"Piep\u016b\u0161amo spilvenu Naturehike var izmantot ne tikai ce\u013cojumos, bet ar\u012b m\u0101j\u0101s. Virsma ir m\u012bksta, samtaina.","breadcrumb":{"@id":"https:\/\/gohike.lv\/ru\/produkts\/naturehike-vieglais-piepusamais-spilvens-eros-no-tpu-ar-jaunu-uzgali\/#breadcrumb"},"inLanguage":"ru-RU","potentialAction":[{"@type":"ReadAction","target":["https:\/\/gohike.lv\/ru\/produkts\/naturehike-vieglais-piepusamais-spilvens-eros-no-tpu-ar-jaunu-uzgali\/"]}]},{"@type":"ImageObject","inLanguage":"ru-RU","@id":"https:\/\/gohike.lv\/ru\/produkts\/naturehike-vieglais-piepusamais-spilvens-eros-no-tpu-ar-jaunu-uzgali\/#primaryimage","url":"https:\/\/gohike.lv\/wp-content\/uploads\/2024\/03\/Lightweight_TPU_pillow_green-1.webp","contentUrl":"https:\/\/gohike.lv\/wp-content\/uploads\/2024\/03\/Lightweight_TPU_pillow_green-1.webp","width":720,"height":720},{"@type":"BreadcrumbList","@id":"https:\/\/gohike.lv\/ru\/produkts\/naturehike-vieglais-piepusamais-spilvens-eros-no-tpu-ar-jaunu-uzgali\/#breadcrumb","itemListElement":[{"@type":"ListItem","position":1,"name":"\u0413\u043b\u0430\u0432\u043d\u0430\u044f","item":"https:\/\/gohike.lv\/ru\/"},{"@type":"ListItem","position":2,"name":"\u041a\u0430\u0442\u0435\u0433\u043e\u0440\u0438\u0438 \u0442\u043e\u0432\u0430\u0440\u043e\u0432","item":"https:\/\/gohike.lv\/%d0%ba%d0%b0%d1%82%d0%b5%d0%b3%d0%be%d1%80%d0%b8%d0%b8-%d1%82%d0%be%d0%b2%d0%b0%d1%80%d0%be%d0%b2\/"},{"@type":"ListItem","position":3,"name":"Naturehike &#8211; Viegls, piep\u016b\u0161ams spilvens Eros no TPU ar jaunu uzgali"}]},{"@type":"WebSite","@id":"https:\/\/gohike.lv\/ru\/#website","url":"https:\/\/gohike.lv\/ru\/","name":"GoHike","description":"","publisher":{"@id":"https:\/\/gohike.lv\/ru\/#organization"},"potentialAction":[{"@type":"SearchAction","target":{"@type":"EntryPoint","urlTemplate":"https:\/\/gohike.lv\/ru\/?s={search_term_string}"},"query-input":{"@type":"PropertyValueSpecification","valueRequired":true,"valueName":"search_term_string"}}],"inLanguage":"ru-RU"},{"@type":"Organization","@id":"https:\/\/gohike.lv\/ru\/#organization","name":"GoHike","url":"https:\/\/gohike.lv\/ru\/","logo":{"@type":"ImageObject","inLanguage":"ru-RU","@id":"https:\/\/gohike.lv\/ru\/#\/schema\/logo\/image\/","url":"https:\/\/gohike.lv\/wp-content\/uploads\/2023\/08\/Logo_GoHike.webp","contentUrl":"https:\/\/gohike.lv\/wp-content\/uploads\/2023\/08\/Logo_GoHike.webp","width":512,"height":512,"caption":"GoHike"},"image":{"@id":"https:\/\/gohike.lv\/ru\/#\/schema\/logo\/image\/"},"sameAs":["https:\/\/www.facebook.com\/gohike.shop\/","https:\/\/www.instagram.com\/gohike.shop\/"]}]}},"jetpack_sharing_enabled":true,"_links":{"self":[{"href":"https:\/\/gohike.lv\/ru\/wp-json\/wp\/v2\/product\/54378","targetHints":{"allow":["GET"]}}],"collection":[{"href":"https:\/\/gohike.lv\/ru\/wp-json\/wp\/v2\/product"}],"about":[{"href":"https:\/\/gohike.lv\/ru\/wp-json\/wp\/v2\/types\/product"}],"version-history":[{"count":0,"href":"https:\/\/gohike.lv\/ru\/wp-json\/wp\/v2\/product\/54378\/revisions"}],"wp:featuredmedia":[{"embeddable":true,"href":"https:\/\/gohike.lv\/ru\/wp-json\/wp\/v2\/media\/24973"}],"wp:attachment":[{"href":"https:\/\/gohike.lv\/ru\/wp-json\/wp\/v2\/media?parent=54378"}],"wp:term":[{"taxonomy":"product_brand","embeddable":true,"href":"https:\/\/gohike.lv\/ru\/wp-json\/wp\/v2\/product_brand?post=54378"},{"taxonomy":"product_cat","embeddable":true,"href":"https:\/\/gohike.lv\/ru\/wp-json\/wp\/v2\/product_cat?post=54378"},{"taxonomy":"product_tag","embeddable":true,"href":"https:\/\/gohike.lv\/ru\/wp-json\/wp\/v2\/product_tag?post=54378"}],"curies":[{"name":"wp","href":"https:\/\/api.w.org\/{rel}","templated":true}]}}