{"id":54366,"date":"2024-05-10T11:54:31","date_gmt":"2024-05-10T08:54:31","guid":{"rendered":"https:\/\/gohike.lv\/produkts\/naturehike-pu-flocking-erts-miega-spilvens\/"},"modified":"2026-02-05T20:43:00","modified_gmt":"2026-02-05T17:43:00","slug":"naturehike-pu-flocking-erts-spilvens","status":"publish","type":"product","link":"https:\/\/gohike.lv\/ru\/produkts\/naturehike-pu-flocking-erts-spilvens\/","title":{"rendered":"Naturehike &#8212; PU flocking \u0112rts spilvens"},"content":{"rendered":"<p>Var glab\u0101t kompakt\u0101 un vienk\u0101r\u0161\u0101 futr\u0101l\u012b, kas ir komplekt\u0101.<br \/>\n\u0160\u012b spilvena virsma ir flok\u0113ta. Tas padara to pat\u012bkamu piesk\u0101rieniem, \u0113rtu un vienlaikus nesl\u012bdo\u0161u.<br \/>\nTas izce\u013cas ar ilgm\u016b\u017e\u012bbu, vienk\u0101r\u0161\u012bbu kop\u0161an\u0101 un siltumizol\u0101ciju.<br \/>\nDubultais v\u0101rsts nodro\u0161ina vieglu uzp\u016b\u0161anu (pirmais v\u0101rsts) un vieglu izp\u016b\u0161anu (otrais v\u0101rsts).<\/p>\n","protected":false},"excerpt":{"rendered":"<p>Flok\u0113jo\u0161ais spilvens Naturehike no poliuret\u0101na ir kluss, m\u012bksts un \u013coti \u0113rts. T\u0101 biezums var b\u016bt l\u012bdz 10cm un \u0101dai pat\u012bkams materi\u0101ls nodro\u0161ina maksim\u0101lu komfortu.<\/p>\n","protected":false},"featured_media":24901,"template":"","meta":[],"product_brand":[13432],"product_cat":[13984],"product_tag":[],"class_list":{"0":"post-54366","1":"product","2":"type-product","3":"status-publish","4":"has-post-thumbnail","6":"product_brand-naturehike-ru","7":"product_cat-13984","8":"pa_izmeriscm-41308-10","9":"pa_materiali-augsta-blivuma-pretslides-audums","10":"pa_materiali-flokejosais-audums","11":"pa_materiali-tpu-ru","12":"pa_produkta-tips-spilveni","13":"pa_spalva-haki","14":"pa_spalva-zils","16":"first","17":"instock","18":"taxable","19":"shipping-taxable","20":"purchasable","21":"product-type-variable"},"raw_content":{"name":"Naturehike - PU flocking \u0112rts spilvens","description":"Var glab\u0101t kompakt\u0101 un vienk\u0101r\u0161\u0101 futr\u0101l\u012b, kas ir komplekt\u0101.\n\u0160\u012b spilvena virsma ir flok\u0113ta. Tas padara to pat\u012bkamu piesk\u0101rieniem, \u0113rtu un vienlaikus nesl\u012bdo\u0161u.\nTas izce\u013cas ar ilgm\u016b\u017e\u012bbu, vienk\u0101r\u0161\u012bbu kop\u0161an\u0101 un siltumizol\u0101ciju.\nDubultais v\u0101rsts nodro\u0161ina vieglu uzp\u016b\u0161anu (pirmais v\u0101rsts) un vieglu izp\u016b\u0161anu (otrais v\u0101rsts).","short_description":"Flok\u0113jo\u0161ais spilvens Naturehike no poliuret\u0101na ir kluss, m\u012bksts un \u013coti \u0113rts. T\u0101 biezums var b\u016bt l\u012bdz 10cm un \u0101dai pat\u012bkams materi\u0101ls nodro\u0161ina maksim\u0101lu komfortu.","status":"publish","sku":"nat000062","original":54366},"wpml":{"translation_type":1,"has_translations":true,"original":54366,"duplicates":[],"translations":{"lv":54366,"en":67339,"ru":null}},"supplier_id":null,"supplier_sku":"","barcode":null,"atum_controlled":true,"out_stock_date":null,"out_stock_threshold":null,"inheritable":false,"inbound_stock":0,"stock_on_hold":0,"sold_today":0,"sales_last_days":0,"reserved_stock":0,"customer_returns":0,"warehouse_damage":0,"lost_in_post":0,"other_logs":0,"out_stock_days":0,"lost_sales":0,"has_location":null,"update_date":"2025-12-30T14:30:34","atum_locations":[],"atum_stock_status":"instock","restock_status":false,"low_stock_amount":"","sales_update_date":"2025-11-13T14:07:40","calc_backorders":null,"yoast_head":"<!-- This site is optimized with the Yoast SEO plugin v27.3 - https:\/\/yoast.com\/product\/yoast-seo-wordpress\/ -->\n<title>Naturehike - PU flocking \u0112rts spilvens<\/title>\n<meta name=\"description\" content=\"Flok\u0113jo\u0161ais spilvens Naturehike no poliuret\u0101na ir kluss, m\u012bksts un \u013coti \u0113rts. T\u0101 biezums var b\u016bt l\u012bdz 10cm un \u0101dai pat\u012bkams materi\u0101ls nodro\u0161ina maksim\u0101lu komfortu.\" \/>\n<meta name=\"robots\" content=\"index, follow, max-snippet:-1, max-image-preview:large, max-video-preview:-1\" \/>\n<link rel=\"canonical\" href=\"https:\/\/gohike.lv\/ru\/produkts\/naturehike-pu-flocking-erts-spilvens\/\" \/>\n<meta property=\"og:locale\" content=\"ru_RU\" \/>\n<meta property=\"og:type\" content=\"article\" \/>\n<meta property=\"og:title\" content=\"Naturehike - PU flocking \u0112rts miega spilvens\" \/>\n<meta property=\"og:description\" content=\"Flok\u0113jo\u0161ais spilvens Naturehike no poliuret\u0101na ir kluss, m\u012bksts un \u013coti \u0113rts. T\u0101 biezums var b\u016bt l\u012bdz 10cm un \u0101dai pat\u012bkams materi\u0101ls nodro\u0161ina maksim\u0101lu komfortu.\" \/>\n<meta property=\"og:url\" content=\"https:\/\/gohike.lv\/ru\/produkts\/naturehike-pu-flocking-erts-spilvens\/\" \/>\n<meta property=\"og:site_name\" content=\"GoHike\" \/>\n<meta property=\"article:publisher\" content=\"https:\/\/www.facebook.com\/gohike.shop\/\" \/>\n<meta property=\"article:modified_time\" content=\"2026-02-05T17:43:00+00:00\" \/>\n<meta property=\"og:image\" content=\"https:\/\/gohike.lv\/wp-content\/uploads\/2024\/03\/PU-flock_pillow_-1.webp\" \/>\n\t<meta property=\"og:image:width\" content=\"682\" \/>\n\t<meta property=\"og:image:height\" content=\"570\" \/>\n\t<meta property=\"og:image:type\" content=\"image\/webp\" \/>\n<meta name=\"twitter:card\" content=\"summary_large_image\" \/>\n<meta name=\"twitter:title\" content=\"Naturehike - PU flocking \u0112rts miega spilvens\" \/>\n<meta name=\"twitter:label1\" content=\"\u041f\u0440\u0438\u043c\u0435\u0440\u043d\u043e\u0435 \u0432\u0440\u0435\u043c\u044f \u0434\u043b\u044f \u0447\u0442\u0435\u043d\u0438\u044f\" \/>\n\t<meta name=\"twitter:data1\" content=\"1 \u043c\u0438\u043d\u0443\u0442\u0430\" \/>\n<script type=\"application\/ld+json\" class=\"yoast-schema-graph\">{\"@context\":\"https:\\\/\\\/schema.org\",\"@graph\":[{\"@type\":[\"WebPage\",\"ItemPage\"],\"@id\":\"https:\\\/\\\/gohike.lv\\\/ru\\\/produkts\\\/naturehike-pu-flocking-erts-spilvens\\\/\",\"url\":\"https:\\\/\\\/gohike.lv\\\/ru\\\/produkts\\\/naturehike-pu-flocking-erts-spilvens\\\/\",\"name\":\"Naturehike - PU flocking \u0112rts spilvens\",\"isPartOf\":{\"@id\":\"https:\\\/\\\/gohike.lv\\\/ru\\\/#website\"},\"primaryImageOfPage\":{\"@id\":\"https:\\\/\\\/gohike.lv\\\/ru\\\/produkts\\\/naturehike-pu-flocking-erts-spilvens\\\/#primaryimage\"},\"image\":{\"@id\":\"https:\\\/\\\/gohike.lv\\\/ru\\\/produkts\\\/naturehike-pu-flocking-erts-spilvens\\\/#primaryimage\"},\"thumbnailUrl\":\"https:\\\/\\\/gohike.lv\\\/wp-content\\\/uploads\\\/2024\\\/03\\\/PU-flock_pillow_-1.webp\",\"datePublished\":\"2024-05-10T08:54:31+00:00\",\"dateModified\":\"2026-02-05T17:43:00+00:00\",\"description\":\"Flok\u0113jo\u0161ais spilvens Naturehike no poliuret\u0101na ir kluss, m\u012bksts un \u013coti \u0113rts. T\u0101 biezums var b\u016bt l\u012bdz 10cm un \u0101dai pat\u012bkams materi\u0101ls nodro\u0161ina maksim\u0101lu komfortu.\",\"breadcrumb\":{\"@id\":\"https:\\\/\\\/gohike.lv\\\/ru\\\/produkts\\\/naturehike-pu-flocking-erts-spilvens\\\/#breadcrumb\"},\"inLanguage\":\"ru-RU\",\"potentialAction\":[{\"@type\":\"ReadAction\",\"target\":[\"https:\\\/\\\/gohike.lv\\\/ru\\\/produkts\\\/naturehike-pu-flocking-erts-spilvens\\\/\"]}]},{\"@type\":\"ImageObject\",\"inLanguage\":\"ru-RU\",\"@id\":\"https:\\\/\\\/gohike.lv\\\/ru\\\/produkts\\\/naturehike-pu-flocking-erts-spilvens\\\/#primaryimage\",\"url\":\"https:\\\/\\\/gohike.lv\\\/wp-content\\\/uploads\\\/2024\\\/03\\\/PU-flock_pillow_-1.webp\",\"contentUrl\":\"https:\\\/\\\/gohike.lv\\\/wp-content\\\/uploads\\\/2024\\\/03\\\/PU-flock_pillow_-1.webp\",\"width\":682,\"height\":570},{\"@type\":\"BreadcrumbList\",\"@id\":\"https:\\\/\\\/gohike.lv\\\/ru\\\/produkts\\\/naturehike-pu-flocking-erts-spilvens\\\/#breadcrumb\",\"itemListElement\":[{\"@type\":\"ListItem\",\"position\":1,\"name\":\"\u0413\u043b\u0430\u0432\u043d\u0430\u044f\",\"item\":\"https:\\\/\\\/gohike.lv\\\/ru\\\/\"},{\"@type\":\"ListItem\",\"position\":2,\"name\":\"\u041a\u0430\u0442\u0435\u0433\u043e\u0440\u0438\u0438 \u0442\u043e\u0432\u0430\u0440\u043e\u0432\",\"item\":\"https:\\\/\\\/gohike.lv\\\/%d0%ba%d0%b0%d1%82%d0%b5%d0%b3%d0%be%d1%80%d0%b8%d0%b8-%d1%82%d0%be%d0%b2%d0%b0%d1%80%d0%be%d0%b2\\\/\"},{\"@type\":\"ListItem\",\"position\":3,\"name\":\"Naturehike &#8211; PU flocking \u0112rts spilvens\"}]},{\"@type\":\"WebSite\",\"@id\":\"https:\\\/\\\/gohike.lv\\\/ru\\\/#website\",\"url\":\"https:\\\/\\\/gohike.lv\\\/ru\\\/\",\"name\":\"GoHike\",\"description\":\"\",\"publisher\":{\"@id\":\"https:\\\/\\\/gohike.lv\\\/ru\\\/#organization\"},\"potentialAction\":[{\"@type\":\"SearchAction\",\"target\":{\"@type\":\"EntryPoint\",\"urlTemplate\":\"https:\\\/\\\/gohike.lv\\\/ru\\\/?s={search_term_string}\"},\"query-input\":{\"@type\":\"PropertyValueSpecification\",\"valueRequired\":true,\"valueName\":\"search_term_string\"}}],\"inLanguage\":\"ru-RU\"},{\"@type\":\"Organization\",\"@id\":\"https:\\\/\\\/gohike.lv\\\/ru\\\/#organization\",\"name\":\"GoHike\",\"url\":\"https:\\\/\\\/gohike.lv\\\/ru\\\/\",\"logo\":{\"@type\":\"ImageObject\",\"inLanguage\":\"ru-RU\",\"@id\":\"https:\\\/\\\/gohike.lv\\\/ru\\\/#\\\/schema\\\/logo\\\/image\\\/\",\"url\":\"https:\\\/\\\/gohike.lv\\\/wp-content\\\/uploads\\\/2023\\\/08\\\/Logo_GoHike.webp\",\"contentUrl\":\"https:\\\/\\\/gohike.lv\\\/wp-content\\\/uploads\\\/2023\\\/08\\\/Logo_GoHike.webp\",\"width\":512,\"height\":512,\"caption\":\"GoHike\"},\"image\":{\"@id\":\"https:\\\/\\\/gohike.lv\\\/ru\\\/#\\\/schema\\\/logo\\\/image\\\/\"},\"sameAs\":[\"https:\\\/\\\/www.facebook.com\\\/gohike.shop\\\/\",\"https:\\\/\\\/www.instagram.com\\\/gohike.shop\\\/\"]}]}<\/script>\n<!-- \/ Yoast SEO plugin. -->","yoast_head_json":{"title":"Naturehike - PU flocking \u0112rts spilvens","description":"Flok\u0113jo\u0161ais spilvens Naturehike no poliuret\u0101na ir kluss, m\u012bksts un \u013coti \u0113rts. T\u0101 biezums var b\u016bt l\u012bdz 10cm un \u0101dai pat\u012bkams materi\u0101ls nodro\u0161ina maksim\u0101lu komfortu.","robots":{"index":"index","follow":"follow","max-snippet":"max-snippet:-1","max-image-preview":"max-image-preview:large","max-video-preview":"max-video-preview:-1"},"canonical":"https:\/\/gohike.lv\/ru\/produkts\/naturehike-pu-flocking-erts-spilvens\/","og_locale":"ru_RU","og_type":"article","og_title":"Naturehike - PU flocking \u0112rts miega spilvens","og_description":"Flok\u0113jo\u0161ais spilvens Naturehike no poliuret\u0101na ir kluss, m\u012bksts un \u013coti \u0113rts. T\u0101 biezums var b\u016bt l\u012bdz 10cm un \u0101dai pat\u012bkams materi\u0101ls nodro\u0161ina maksim\u0101lu komfortu.","og_url":"https:\/\/gohike.lv\/ru\/produkts\/naturehike-pu-flocking-erts-spilvens\/","og_site_name":"GoHike","article_publisher":"https:\/\/www.facebook.com\/gohike.shop\/","article_modified_time":"2026-02-05T17:43:00+00:00","og_image":[{"width":682,"height":570,"url":"https:\/\/gohike.lv\/wp-content\/uploads\/2024\/03\/PU-flock_pillow_-1.webp","type":"image\/webp"}],"twitter_card":"summary_large_image","twitter_title":"Naturehike - PU flocking \u0112rts miega spilvens","twitter_misc":{"\u041f\u0440\u0438\u043c\u0435\u0440\u043d\u043e\u0435 \u0432\u0440\u0435\u043c\u044f \u0434\u043b\u044f \u0447\u0442\u0435\u043d\u0438\u044f":"1 \u043c\u0438\u043d\u0443\u0442\u0430"},"schema":{"@context":"https:\/\/schema.org","@graph":[{"@type":["WebPage","ItemPage"],"@id":"https:\/\/gohike.lv\/ru\/produkts\/naturehike-pu-flocking-erts-spilvens\/","url":"https:\/\/gohike.lv\/ru\/produkts\/naturehike-pu-flocking-erts-spilvens\/","name":"Naturehike - PU flocking \u0112rts spilvens","isPartOf":{"@id":"https:\/\/gohike.lv\/ru\/#website"},"primaryImageOfPage":{"@id":"https:\/\/gohike.lv\/ru\/produkts\/naturehike-pu-flocking-erts-spilvens\/#primaryimage"},"image":{"@id":"https:\/\/gohike.lv\/ru\/produkts\/naturehike-pu-flocking-erts-spilvens\/#primaryimage"},"thumbnailUrl":"https:\/\/gohike.lv\/wp-content\/uploads\/2024\/03\/PU-flock_pillow_-1.webp","datePublished":"2024-05-10T08:54:31+00:00","dateModified":"2026-02-05T17:43:00+00:00","description":"Flok\u0113jo\u0161ais spilvens Naturehike no poliuret\u0101na ir kluss, m\u012bksts un \u013coti \u0113rts. T\u0101 biezums var b\u016bt l\u012bdz 10cm un \u0101dai pat\u012bkams materi\u0101ls nodro\u0161ina maksim\u0101lu komfortu.","breadcrumb":{"@id":"https:\/\/gohike.lv\/ru\/produkts\/naturehike-pu-flocking-erts-spilvens\/#breadcrumb"},"inLanguage":"ru-RU","potentialAction":[{"@type":"ReadAction","target":["https:\/\/gohike.lv\/ru\/produkts\/naturehike-pu-flocking-erts-spilvens\/"]}]},{"@type":"ImageObject","inLanguage":"ru-RU","@id":"https:\/\/gohike.lv\/ru\/produkts\/naturehike-pu-flocking-erts-spilvens\/#primaryimage","url":"https:\/\/gohike.lv\/wp-content\/uploads\/2024\/03\/PU-flock_pillow_-1.webp","contentUrl":"https:\/\/gohike.lv\/wp-content\/uploads\/2024\/03\/PU-flock_pillow_-1.webp","width":682,"height":570},{"@type":"BreadcrumbList","@id":"https:\/\/gohike.lv\/ru\/produkts\/naturehike-pu-flocking-erts-spilvens\/#breadcrumb","itemListElement":[{"@type":"ListItem","position":1,"name":"\u0413\u043b\u0430\u0432\u043d\u0430\u044f","item":"https:\/\/gohike.lv\/ru\/"},{"@type":"ListItem","position":2,"name":"\u041a\u0430\u0442\u0435\u0433\u043e\u0440\u0438\u0438 \u0442\u043e\u0432\u0430\u0440\u043e\u0432","item":"https:\/\/gohike.lv\/%d0%ba%d0%b0%d1%82%d0%b5%d0%b3%d0%be%d1%80%d0%b8%d0%b8-%d1%82%d0%be%d0%b2%d0%b0%d1%80%d0%be%d0%b2\/"},{"@type":"ListItem","position":3,"name":"Naturehike &#8211; PU flocking \u0112rts spilvens"}]},{"@type":"WebSite","@id":"https:\/\/gohike.lv\/ru\/#website","url":"https:\/\/gohike.lv\/ru\/","name":"GoHike","description":"","publisher":{"@id":"https:\/\/gohike.lv\/ru\/#organization"},"potentialAction":[{"@type":"SearchAction","target":{"@type":"EntryPoint","urlTemplate":"https:\/\/gohike.lv\/ru\/?s={search_term_string}"},"query-input":{"@type":"PropertyValueSpecification","valueRequired":true,"valueName":"search_term_string"}}],"inLanguage":"ru-RU"},{"@type":"Organization","@id":"https:\/\/gohike.lv\/ru\/#organization","name":"GoHike","url":"https:\/\/gohike.lv\/ru\/","logo":{"@type":"ImageObject","inLanguage":"ru-RU","@id":"https:\/\/gohike.lv\/ru\/#\/schema\/logo\/image\/","url":"https:\/\/gohike.lv\/wp-content\/uploads\/2023\/08\/Logo_GoHike.webp","contentUrl":"https:\/\/gohike.lv\/wp-content\/uploads\/2023\/08\/Logo_GoHike.webp","width":512,"height":512,"caption":"GoHike"},"image":{"@id":"https:\/\/gohike.lv\/ru\/#\/schema\/logo\/image\/"},"sameAs":["https:\/\/www.facebook.com\/gohike.shop\/","https:\/\/www.instagram.com\/gohike.shop\/"]}]}},"jetpack_sharing_enabled":true,"_links":{"self":[{"href":"https:\/\/gohike.lv\/ru\/wp-json\/wp\/v2\/product\/54366","targetHints":{"allow":["GET"]}}],"collection":[{"href":"https:\/\/gohike.lv\/ru\/wp-json\/wp\/v2\/product"}],"about":[{"href":"https:\/\/gohike.lv\/ru\/wp-json\/wp\/v2\/types\/product"}],"version-history":[{"count":0,"href":"https:\/\/gohike.lv\/ru\/wp-json\/wp\/v2\/product\/54366\/revisions"}],"wp:featuredmedia":[{"embeddable":true,"href":"https:\/\/gohike.lv\/ru\/wp-json\/wp\/v2\/media\/24901"}],"wp:attachment":[{"href":"https:\/\/gohike.lv\/ru\/wp-json\/wp\/v2\/media?parent=54366"}],"wp:term":[{"taxonomy":"product_brand","embeddable":true,"href":"https:\/\/gohike.lv\/ru\/wp-json\/wp\/v2\/product_brand?post=54366"},{"taxonomy":"product_cat","embeddable":true,"href":"https:\/\/gohike.lv\/ru\/wp-json\/wp\/v2\/product_cat?post=54366"},{"taxonomy":"product_tag","embeddable":true,"href":"https:\/\/gohike.lv\/ru\/wp-json\/wp\/v2\/product_tag?post=54366"}],"curies":[{"name":"wp","href":"https:\/\/api.w.org\/{rel}","templated":true}]}}