{"id":54362,"date":"2024-05-10T11:54:31","date_gmt":"2024-05-10T08:54:31","guid":{"rendered":"https:\/\/gohike.lv\/produkts\/naturehike-kvadrata-spilvens-comfort-no-putam-ar-atminas-efektu\/"},"modified":"2026-01-28T20:00:04","modified_gmt":"2026-01-28T17:00:04","slug":"naturehike-kvadrata-spilvens-comfort-no-putam-ar-atminas-efektu","status":"publish","type":"product","link":"https:\/\/gohike.lv\/ru\/produkts\/naturehike-kvadrata-spilvens-comfort-no-putam-ar-atminas-efektu\/","title":{"rendered":"Naturehike &#8212; Spilvens Comfort no put\u0101m ar atmi\u0146as efektu"},"content":{"rendered":"<p>\u0160\u012b mode\u013ca svar\u012bga \u012bpa\u0161\u012bba ir atmi\u0146as efekts. Spilvens atk\u0101rto kakla izliekumus un \u013cauj \u0113rti novietot galvu.<br \/>\nSpilvenam ir taisnst\u016bra forma. Tas ir \u013coti \u0113rts, m\u012bksts un \u0101dai pat\u012bkams.<br \/>\nSpilvena \u0101r\u0113jais materi\u0101ls ir vel\u016brs, pildviela- putas ar atmi\u0146as efektu.<br \/>\nSpilvens nodro\u0161ina pilnv\u0113rt\u012bgu atp\u016btu.<br \/>\nSpilvens Naturehike ir salokams speci\u0101l\u0101 p\u0101rvalk\u0101, pateicoties kuram tas aiz\u0146em maz vietas.<\/p>\n","protected":false},"excerpt":{"rendered":"<p>Spilvens Naturehike \u012bpa\u0161i rad\u012bts \u0113rtai atp\u016btai. Ide\u0101li piem\u0113rots ce\u013cojumiem.<\/p>\n","protected":false},"featured_media":25094,"template":"","meta":[],"product_brand":[167],"product_cat":[1510],"product_tag":[],"class_list":{"0":"post-54362","1":"product","2":"type-product","3":"status-publish","4":"has-post-thumbnail","6":"product_brand-naturehike-lv","7":"product_cat-paklajini-un-spilveni","8":"pa_izmeriscm-9991","9":"pa_materiali-velvets","10":"pa_produkta-tips-spilveni","11":"pa_spalva-haki","12":"pa_spalva-peleks","14":"first","15":"instock","16":"taxable","17":"shipping-taxable","18":"purchasable","19":"product-type-variable"},"raw_content":{"name":"Naturehike - Spilvens Comfort no put\u0101m ar atmi\u0146as efektu","description":"\u0160\u012b mode\u013ca svar\u012bga \u012bpa\u0161\u012bba ir atmi\u0146as efekts. Spilvens atk\u0101rto kakla izliekumus un \u013cauj \u0113rti novietot galvu.\nSpilvenam ir taisnst\u016bra forma. Tas ir \u013coti \u0113rts, m\u012bksts un \u0101dai pat\u012bkams.\nSpilvena \u0101r\u0113jais materi\u0101ls ir vel\u016brs, pildviela- putas ar atmi\u0146as efektu.\nSpilvens nodro\u0161ina pilnv\u0113rt\u012bgu atp\u016btu.\nSpilvens Naturehike ir salokams speci\u0101l\u0101 p\u0101rvalk\u0101, pateicoties kuram tas aiz\u0146em maz vietas.","short_description":"Spilvens Naturehike \u012bpa\u0161i rad\u012bts \u0113rtai atp\u016btai. Ide\u0101li piem\u0113rots ce\u013cojumiem.","status":"publish","sku":"nat000061","original":54362},"wpml":{"translation_type":1,"has_translations":true,"original":54362,"duplicates":[],"translations":{"lv":54362,"en":67342,"ru":null}},"supplier_id":null,"supplier_sku":"","barcode":null,"atum_controlled":true,"out_stock_date":null,"out_stock_threshold":null,"inheritable":false,"inbound_stock":0,"stock_on_hold":0,"sold_today":0,"sales_last_days":0,"reserved_stock":0,"customer_returns":0,"warehouse_damage":0,"lost_in_post":0,"other_logs":0,"out_stock_days":0,"lost_sales":0,"has_location":null,"update_date":"2025-12-30T14:30:34","atum_locations":[],"atum_stock_status":"instock","restock_status":false,"low_stock_amount":"","sales_update_date":"2025-11-13T14:07:53","calc_backorders":null,"yoast_head":"<!-- This site is optimized with the Yoast SEO plugin v27.3 - https:\/\/yoast.com\/product\/yoast-seo-wordpress\/ -->\n<title>Naturehike - Spilvens Comfort no put\u0101m ar atmi\u0146as efektu<\/title>\n<meta name=\"description\" content=\"Spilvens Naturehike \u012bpa\u0161i rad\u012bts \u0113rtai atp\u016btai. Ide\u0101li piem\u0113rots ce\u013cojumiem. \u0112rts, m\u012bksts un \u0101dai pat\u012bkams.\" \/>\n<meta name=\"robots\" content=\"index, follow, max-snippet:-1, max-image-preview:large, max-video-preview:-1\" \/>\n<link rel=\"canonical\" href=\"https:\/\/gohike.lv\/ru\/produkts\/naturehike-kvadrata-spilvens-comfort-no-putam-ar-atminas-efektu\/\" \/>\n<meta property=\"og:locale\" content=\"ru_RU\" \/>\n<meta property=\"og:type\" content=\"article\" \/>\n<meta property=\"og:title\" content=\"Naturehike - Kvadr\u0101ta spilvens Comfort no put\u0101m ar atmi\u0146as efektu\" \/>\n<meta property=\"og:description\" content=\"Spilvens Naturehike \u012bpa\u0161i rad\u012bts \u0113rtai atp\u016btai. Ide\u0101li piem\u0113rots ce\u013cojumiem. \u0112rts, m\u012bksts un \u0101dai pat\u012bkams.\" \/>\n<meta property=\"og:url\" content=\"https:\/\/gohike.lv\/ru\/produkts\/naturehike-kvadrata-spilvens-comfort-no-putam-ar-atminas-efektu\/\" \/>\n<meta property=\"og:site_name\" content=\"GoHike\" \/>\n<meta property=\"article:publisher\" content=\"https:\/\/www.facebook.com\/gohike.shop\/\" \/>\n<meta property=\"article:modified_time\" content=\"2026-01-28T17:00:04+00:00\" \/>\n<meta property=\"og:image\" content=\"https:\/\/gohike.lv\/wp-content\/uploads\/2024\/03\/MemoryFoam_pillow_khaki-1.webp\" \/>\n\t<meta property=\"og:image:width\" content=\"630\" \/>\n\t<meta property=\"og:image:height\" content=\"630\" \/>\n\t<meta property=\"og:image:type\" content=\"image\/webp\" \/>\n<meta name=\"twitter:card\" content=\"summary_large_image\" \/>\n<meta name=\"twitter:title\" content=\"Naturehike - Kvadr\u0101ta spilvens Comfort no put\u0101m ar atmi\u0146as efektu\" \/>\n<meta name=\"twitter:label1\" content=\"\u041f\u0440\u0438\u043c\u0435\u0440\u043d\u043e\u0435 \u0432\u0440\u0435\u043c\u044f \u0434\u043b\u044f \u0447\u0442\u0435\u043d\u0438\u044f\" \/>\n\t<meta name=\"twitter:data1\" content=\"1 \u043c\u0438\u043d\u0443\u0442\u0430\" \/>\n<script type=\"application\/ld+json\" class=\"yoast-schema-graph\">{\"@context\":\"https:\\\/\\\/schema.org\",\"@graph\":[{\"@type\":[\"WebPage\",\"ItemPage\"],\"@id\":\"https:\\\/\\\/gohike.lv\\\/ru\\\/produkts\\\/naturehike-kvadrata-spilvens-comfort-no-putam-ar-atminas-efektu\\\/\",\"url\":\"https:\\\/\\\/gohike.lv\\\/ru\\\/produkts\\\/naturehike-kvadrata-spilvens-comfort-no-putam-ar-atminas-efektu\\\/\",\"name\":\"Naturehike - Spilvens Comfort no put\u0101m ar atmi\u0146as efektu\",\"isPartOf\":{\"@id\":\"https:\\\/\\\/gohike.lv\\\/ru\\\/#website\"},\"primaryImageOfPage\":{\"@id\":\"https:\\\/\\\/gohike.lv\\\/ru\\\/produkts\\\/naturehike-kvadrata-spilvens-comfort-no-putam-ar-atminas-efektu\\\/#primaryimage\"},\"image\":{\"@id\":\"https:\\\/\\\/gohike.lv\\\/ru\\\/produkts\\\/naturehike-kvadrata-spilvens-comfort-no-putam-ar-atminas-efektu\\\/#primaryimage\"},\"thumbnailUrl\":\"https:\\\/\\\/gohike.lv\\\/wp-content\\\/uploads\\\/2024\\\/03\\\/MemoryFoam_pillow_khaki-1.webp\",\"datePublished\":\"2024-05-10T08:54:31+00:00\",\"dateModified\":\"2026-01-28T17:00:04+00:00\",\"description\":\"Spilvens Naturehike \u012bpa\u0161i rad\u012bts \u0113rtai atp\u016btai. Ide\u0101li piem\u0113rots ce\u013cojumiem. \u0112rts, m\u012bksts un \u0101dai pat\u012bkams.\",\"breadcrumb\":{\"@id\":\"https:\\\/\\\/gohike.lv\\\/ru\\\/produkts\\\/naturehike-kvadrata-spilvens-comfort-no-putam-ar-atminas-efektu\\\/#breadcrumb\"},\"inLanguage\":\"ru-RU\",\"potentialAction\":[{\"@type\":\"ReadAction\",\"target\":[\"https:\\\/\\\/gohike.lv\\\/ru\\\/produkts\\\/naturehike-kvadrata-spilvens-comfort-no-putam-ar-atminas-efektu\\\/\"]}]},{\"@type\":\"ImageObject\",\"inLanguage\":\"ru-RU\",\"@id\":\"https:\\\/\\\/gohike.lv\\\/ru\\\/produkts\\\/naturehike-kvadrata-spilvens-comfort-no-putam-ar-atminas-efektu\\\/#primaryimage\",\"url\":\"https:\\\/\\\/gohike.lv\\\/wp-content\\\/uploads\\\/2024\\\/03\\\/MemoryFoam_pillow_khaki-1.webp\",\"contentUrl\":\"https:\\\/\\\/gohike.lv\\\/wp-content\\\/uploads\\\/2024\\\/03\\\/MemoryFoam_pillow_khaki-1.webp\",\"width\":630,\"height\":630},{\"@type\":\"BreadcrumbList\",\"@id\":\"https:\\\/\\\/gohike.lv\\\/ru\\\/produkts\\\/naturehike-kvadrata-spilvens-comfort-no-putam-ar-atminas-efektu\\\/#breadcrumb\",\"itemListElement\":[{\"@type\":\"ListItem\",\"position\":1,\"name\":\"\u0413\u043b\u0430\u0432\u043d\u0430\u044f\",\"item\":\"https:\\\/\\\/gohike.lv\\\/ru\\\/\"},{\"@type\":\"ListItem\",\"position\":2,\"name\":\"\u041a\u0430\u0442\u0435\u0433\u043e\u0440\u0438\u0438 \u0442\u043e\u0432\u0430\u0440\u043e\u0432\",\"item\":\"https:\\\/\\\/gohike.lv\\\/%d0%ba%d0%b0%d1%82%d0%b5%d0%b3%d0%be%d1%80%d0%b8%d0%b8-%d1%82%d0%be%d0%b2%d0%b0%d1%80%d0%be%d0%b2\\\/\"},{\"@type\":\"ListItem\",\"position\":3,\"name\":\"Naturehike &#8211; Spilvens Comfort no put\u0101m ar atmi\u0146as efektu\"}]},{\"@type\":\"WebSite\",\"@id\":\"https:\\\/\\\/gohike.lv\\\/ru\\\/#website\",\"url\":\"https:\\\/\\\/gohike.lv\\\/ru\\\/\",\"name\":\"GoHike\",\"description\":\"\",\"publisher\":{\"@id\":\"https:\\\/\\\/gohike.lv\\\/ru\\\/#organization\"},\"potentialAction\":[{\"@type\":\"SearchAction\",\"target\":{\"@type\":\"EntryPoint\",\"urlTemplate\":\"https:\\\/\\\/gohike.lv\\\/ru\\\/?s={search_term_string}\"},\"query-input\":{\"@type\":\"PropertyValueSpecification\",\"valueRequired\":true,\"valueName\":\"search_term_string\"}}],\"inLanguage\":\"ru-RU\"},{\"@type\":\"Organization\",\"@id\":\"https:\\\/\\\/gohike.lv\\\/ru\\\/#organization\",\"name\":\"GoHike\",\"url\":\"https:\\\/\\\/gohike.lv\\\/ru\\\/\",\"logo\":{\"@type\":\"ImageObject\",\"inLanguage\":\"ru-RU\",\"@id\":\"https:\\\/\\\/gohike.lv\\\/ru\\\/#\\\/schema\\\/logo\\\/image\\\/\",\"url\":\"https:\\\/\\\/gohike.lv\\\/wp-content\\\/uploads\\\/2023\\\/08\\\/Logo_GoHike.webp\",\"contentUrl\":\"https:\\\/\\\/gohike.lv\\\/wp-content\\\/uploads\\\/2023\\\/08\\\/Logo_GoHike.webp\",\"width\":512,\"height\":512,\"caption\":\"GoHike\"},\"image\":{\"@id\":\"https:\\\/\\\/gohike.lv\\\/ru\\\/#\\\/schema\\\/logo\\\/image\\\/\"},\"sameAs\":[\"https:\\\/\\\/www.facebook.com\\\/gohike.shop\\\/\",\"https:\\\/\\\/www.instagram.com\\\/gohike.shop\\\/\"]}]}<\/script>\n<!-- \/ Yoast SEO plugin. -->","yoast_head_json":{"title":"Naturehike - Spilvens Comfort no put\u0101m ar atmi\u0146as efektu","description":"Spilvens Naturehike \u012bpa\u0161i rad\u012bts \u0113rtai atp\u016btai. Ide\u0101li piem\u0113rots ce\u013cojumiem. \u0112rts, m\u012bksts un \u0101dai pat\u012bkams.","robots":{"index":"index","follow":"follow","max-snippet":"max-snippet:-1","max-image-preview":"max-image-preview:large","max-video-preview":"max-video-preview:-1"},"canonical":"https:\/\/gohike.lv\/ru\/produkts\/naturehike-kvadrata-spilvens-comfort-no-putam-ar-atminas-efektu\/","og_locale":"ru_RU","og_type":"article","og_title":"Naturehike - Kvadr\u0101ta spilvens Comfort no put\u0101m ar atmi\u0146as efektu","og_description":"Spilvens Naturehike \u012bpa\u0161i rad\u012bts \u0113rtai atp\u016btai. Ide\u0101li piem\u0113rots ce\u013cojumiem. \u0112rts, m\u012bksts un \u0101dai pat\u012bkams.","og_url":"https:\/\/gohike.lv\/ru\/produkts\/naturehike-kvadrata-spilvens-comfort-no-putam-ar-atminas-efektu\/","og_site_name":"GoHike","article_publisher":"https:\/\/www.facebook.com\/gohike.shop\/","article_modified_time":"2026-01-28T17:00:04+00:00","og_image":[{"width":630,"height":630,"url":"https:\/\/gohike.lv\/wp-content\/uploads\/2024\/03\/MemoryFoam_pillow_khaki-1.webp","type":"image\/webp"}],"twitter_card":"summary_large_image","twitter_title":"Naturehike - Kvadr\u0101ta spilvens Comfort no put\u0101m ar atmi\u0146as efektu","twitter_misc":{"\u041f\u0440\u0438\u043c\u0435\u0440\u043d\u043e\u0435 \u0432\u0440\u0435\u043c\u044f \u0434\u043b\u044f \u0447\u0442\u0435\u043d\u0438\u044f":"1 \u043c\u0438\u043d\u0443\u0442\u0430"},"schema":{"@context":"https:\/\/schema.org","@graph":[{"@type":["WebPage","ItemPage"],"@id":"https:\/\/gohike.lv\/ru\/produkts\/naturehike-kvadrata-spilvens-comfort-no-putam-ar-atminas-efektu\/","url":"https:\/\/gohike.lv\/ru\/produkts\/naturehike-kvadrata-spilvens-comfort-no-putam-ar-atminas-efektu\/","name":"Naturehike - Spilvens Comfort no put\u0101m ar atmi\u0146as efektu","isPartOf":{"@id":"https:\/\/gohike.lv\/ru\/#website"},"primaryImageOfPage":{"@id":"https:\/\/gohike.lv\/ru\/produkts\/naturehike-kvadrata-spilvens-comfort-no-putam-ar-atminas-efektu\/#primaryimage"},"image":{"@id":"https:\/\/gohike.lv\/ru\/produkts\/naturehike-kvadrata-spilvens-comfort-no-putam-ar-atminas-efektu\/#primaryimage"},"thumbnailUrl":"https:\/\/gohike.lv\/wp-content\/uploads\/2024\/03\/MemoryFoam_pillow_khaki-1.webp","datePublished":"2024-05-10T08:54:31+00:00","dateModified":"2026-01-28T17:00:04+00:00","description":"Spilvens Naturehike \u012bpa\u0161i rad\u012bts \u0113rtai atp\u016btai. Ide\u0101li piem\u0113rots ce\u013cojumiem. \u0112rts, m\u012bksts un \u0101dai pat\u012bkams.","breadcrumb":{"@id":"https:\/\/gohike.lv\/ru\/produkts\/naturehike-kvadrata-spilvens-comfort-no-putam-ar-atminas-efektu\/#breadcrumb"},"inLanguage":"ru-RU","potentialAction":[{"@type":"ReadAction","target":["https:\/\/gohike.lv\/ru\/produkts\/naturehike-kvadrata-spilvens-comfort-no-putam-ar-atminas-efektu\/"]}]},{"@type":"ImageObject","inLanguage":"ru-RU","@id":"https:\/\/gohike.lv\/ru\/produkts\/naturehike-kvadrata-spilvens-comfort-no-putam-ar-atminas-efektu\/#primaryimage","url":"https:\/\/gohike.lv\/wp-content\/uploads\/2024\/03\/MemoryFoam_pillow_khaki-1.webp","contentUrl":"https:\/\/gohike.lv\/wp-content\/uploads\/2024\/03\/MemoryFoam_pillow_khaki-1.webp","width":630,"height":630},{"@type":"BreadcrumbList","@id":"https:\/\/gohike.lv\/ru\/produkts\/naturehike-kvadrata-spilvens-comfort-no-putam-ar-atminas-efektu\/#breadcrumb","itemListElement":[{"@type":"ListItem","position":1,"name":"\u0413\u043b\u0430\u0432\u043d\u0430\u044f","item":"https:\/\/gohike.lv\/ru\/"},{"@type":"ListItem","position":2,"name":"\u041a\u0430\u0442\u0435\u0433\u043e\u0440\u0438\u0438 \u0442\u043e\u0432\u0430\u0440\u043e\u0432","item":"https:\/\/gohike.lv\/%d0%ba%d0%b0%d1%82%d0%b5%d0%b3%d0%be%d1%80%d0%b8%d0%b8-%d1%82%d0%be%d0%b2%d0%b0%d1%80%d0%be%d0%b2\/"},{"@type":"ListItem","position":3,"name":"Naturehike &#8211; Spilvens Comfort no put\u0101m ar atmi\u0146as efektu"}]},{"@type":"WebSite","@id":"https:\/\/gohike.lv\/ru\/#website","url":"https:\/\/gohike.lv\/ru\/","name":"GoHike","description":"","publisher":{"@id":"https:\/\/gohike.lv\/ru\/#organization"},"potentialAction":[{"@type":"SearchAction","target":{"@type":"EntryPoint","urlTemplate":"https:\/\/gohike.lv\/ru\/?s={search_term_string}"},"query-input":{"@type":"PropertyValueSpecification","valueRequired":true,"valueName":"search_term_string"}}],"inLanguage":"ru-RU"},{"@type":"Organization","@id":"https:\/\/gohike.lv\/ru\/#organization","name":"GoHike","url":"https:\/\/gohike.lv\/ru\/","logo":{"@type":"ImageObject","inLanguage":"ru-RU","@id":"https:\/\/gohike.lv\/ru\/#\/schema\/logo\/image\/","url":"https:\/\/gohike.lv\/wp-content\/uploads\/2023\/08\/Logo_GoHike.webp","contentUrl":"https:\/\/gohike.lv\/wp-content\/uploads\/2023\/08\/Logo_GoHike.webp","width":512,"height":512,"caption":"GoHike"},"image":{"@id":"https:\/\/gohike.lv\/ru\/#\/schema\/logo\/image\/"},"sameAs":["https:\/\/www.facebook.com\/gohike.shop\/","https:\/\/www.instagram.com\/gohike.shop\/"]}]}},"jetpack_sharing_enabled":true,"_links":{"self":[{"href":"https:\/\/gohike.lv\/ru\/wp-json\/wp\/v2\/product\/54362","targetHints":{"allow":["GET"]}}],"collection":[{"href":"https:\/\/gohike.lv\/ru\/wp-json\/wp\/v2\/product"}],"about":[{"href":"https:\/\/gohike.lv\/ru\/wp-json\/wp\/v2\/types\/product"}],"version-history":[{"count":0,"href":"https:\/\/gohike.lv\/ru\/wp-json\/wp\/v2\/product\/54362\/revisions"}],"wp:featuredmedia":[{"embeddable":true,"href":"https:\/\/gohike.lv\/ru\/wp-json\/wp\/v2\/media\/25094"}],"wp:attachment":[{"href":"https:\/\/gohike.lv\/ru\/wp-json\/wp\/v2\/media?parent=54362"}],"wp:term":[{"taxonomy":"product_brand","embeddable":true,"href":"https:\/\/gohike.lv\/ru\/wp-json\/wp\/v2\/product_brand?post=54362"},{"taxonomy":"product_cat","embeddable":true,"href":"https:\/\/gohike.lv\/ru\/wp-json\/wp\/v2\/product_cat?post=54362"},{"taxonomy":"product_tag","embeddable":true,"href":"https:\/\/gohike.lv\/ru\/wp-json\/wp\/v2\/product_tag?post=54362"}],"curies":[{"name":"wp","href":"https:\/\/api.w.org\/{rel}","templated":true}]}}