{"id":54358,"date":"2024-05-10T11:54:31","date_gmt":"2024-05-10T08:54:31","guid":{"rendered":"https:\/\/gohike.lv\/produkts\/naturehike-sponge-silent-piepusamais-spilvens\/"},"modified":"2025-10-15T23:11:09","modified_gmt":"2025-10-15T20:11:09","slug":"naturehike-sponge-silent-piepusams-spilvens","status":"publish","type":"product","link":"https:\/\/gohike.lv\/ru\/produkts\/naturehike-sponge-silent-piepusams-spilvens\/","title":{"rendered":"Naturehike &#8212; Sponge Silent Piep\u016b\u0161ams spilvens"},"content":{"rendered":"<p>Spilvenam ir anatomiska forma ar gludiem izliekumiem, kas atbalsta mugurkaula kakla da\u013cu pareiz\u0101 st\u0101vokl\u012b un \u013cauj musku\u013ciem piln\u012bb\u0101 atp\u016bsties.<br \/>\nIzgatavots no \u016bdensiztur\u012bgiem materi\u0101liem: poliestera un TPU auduma ar m\u012bkstu virsmu, kas nekairina \u0101du.<br \/>\n\u0160ie materi\u0101li neuzs\u016bc sviedrus un e\u013c\u013cu, t\u0101p\u0113c tiem nepiecie\u0161ama minim\u0101la kop\u0161ana.<br \/>\nLai not\u012br\u012btu spilvenu, ieteicams noslauc\u012bt auduma virsmu ar m\u012bkstu s\u016bkli un noskalot produktu \u016bden\u012b.<br \/>\nS\u016bk\u013cains sl\u0101nis padara spilvenu m\u012bkst\u0101ku, un iesp\u0113ja regul\u0113t izstr\u0101d\u0101juma augstumu 8-11 centimetru robe\u017e\u0101s \u013cauj ie\u0146emt vis\u0113rt\u0101ko poz\u012bciju.<br \/>\nUz apak\u0161\u0113j\u0101s da\u013cas \u0101r\u0113j\u0101s virsmas ir daudz nesl\u012bdo\u0161u elementu, kas ne\u013cauj izstr\u0101d\u0101jumam sl\u012bd\u0113t uz matra\u010da.<br \/>\nSpilvens tiek piep\u016bsts caur plastmasas v\u0101rstu ar pretdefl\u0101cijas aizsardz\u012bbu.<br \/>\nRaksturlielumi:<br \/>\nMateri\u0101ls: poliesters, TPU audums;<br \/>\nnesl\u012bdo\u0161i elementi uz apak\u0161\u0113j\u0101s virsmas;<br \/>\nAugstums: regul\u0113jas 8-11 centimetru robe\u017e\u0101s;<br \/>\nIzm\u0113ri saloc\u012bt\u0101 veid\u0101: 13 x 19 centimetri;<br \/>\nIzm\u0113ri atv\u0113rt\u0101 veid\u0101: 35 x 47 centimetri;<br \/>\nSvars: 300 grami.<br \/>\nKomplekt\u0101: spilvens un maiss uzglab\u0101\u0161anai.<\/p>\n","protected":false},"excerpt":{"rendered":"<p>Spilvens Naturehike &#8212; lielisks aksesu\u0101rs vesel\u012bgam miegam.<\/p>\n","protected":false},"featured_media":25083,"template":"","meta":[],"product_brand":[167],"product_cat":[9447,1510],"product_tag":[],"class_list":{"0":"post-54358","1":"product","2":"type-product","3":"status-publish","4":"has-post-thumbnail","6":"product_brand-naturehike-lv","7":"product_cat-izpardosana","8":"product_cat-paklajini-un-spilveni","9":"pa_izmeriscm-9992","10":"pa_krasa-haki","11":"pa_krasa-violets","12":"pa_materiali-poliesters","13":"pa_materiali-tpu-audums","14":"pa_produkta-tips-spilveni","16":"first","17":"instock","18":"sale","19":"taxable","20":"shipping-taxable","21":"purchasable","22":"product-type-variable"},"raw_content":{"name":"Naturehike - Sponge Silent Piep\u016b\u0161ams spilvens","description":"Spilvenam ir anatomiska forma ar gludiem izliekumiem, kas atbalsta mugurkaula kakla da\u013cu pareiz\u0101 st\u0101vokl\u012b un \u013cauj musku\u013ciem piln\u012bb\u0101 atp\u016bsties.\r\nIzgatavots no \u016bdensiztur\u012bgiem materi\u0101liem: poliestera un TPU auduma ar m\u012bkstu virsmu, kas nekairina \u0101du.\r\n\u0160ie materi\u0101li neuzs\u016bc sviedrus un e\u013c\u013cu, t\u0101p\u0113c tiem nepiecie\u0161ama minim\u0101la kop\u0161ana.\r\nLai not\u012br\u012btu spilvenu, ieteicams noslauc\u012bt auduma virsmu ar m\u012bkstu s\u016bkli un noskalot produktu \u016bden\u012b.\r\nS\u016bk\u013cains sl\u0101nis padara spilvenu m\u012bkst\u0101ku, un iesp\u0113ja regul\u0113t izstr\u0101d\u0101juma augstumu 8-11 centimetru robe\u017e\u0101s \u013cauj ie\u0146emt vis\u0113rt\u0101ko poz\u012bciju.\r\nUz apak\u0161\u0113j\u0101s da\u013cas \u0101r\u0113j\u0101s virsmas ir daudz nesl\u012bdo\u0161u elementu, kas ne\u013cauj izstr\u0101d\u0101jumam sl\u012bd\u0113t uz matra\u010da.\r\nSpilvens tiek piep\u016bsts caur plastmasas v\u0101rstu ar pretdefl\u0101cijas aizsardz\u012bbu.\r\nRaksturlielumi:\r\nMateri\u0101ls: poliesters, TPU audums;\r\nnesl\u012bdo\u0161i elementi uz apak\u0161\u0113j\u0101s virsmas;\r\nAugstums: regul\u0113jas 8-11 centimetru robe\u017e\u0101s;\r\nIzm\u0113ri saloc\u012bt\u0101 veid\u0101: 13 x 19 centimetri;\r\nIzm\u0113ri atv\u0113rt\u0101 veid\u0101: 35 x 47 centimetri;\r\nSvars: 300 grami.\r\nKomplekt\u0101: spilvens un maiss uzglab\u0101\u0161anai.","short_description":"Spilvens Naturehike - lielisks aksesu\u0101rs vesel\u012bgam miegam.","status":"publish","sku":"nat000060","original":54358},"wpml":{"translation_type":1,"has_translations":true,"original":54358,"duplicates":[],"translations":{"lv":54358,"en":67349,"ru":null}},"supplier_id":null,"supplier_sku":"","barcode":null,"atum_controlled":true,"out_stock_date":null,"out_stock_threshold":null,"inheritable":true,"inbound_stock":0,"stock_on_hold":0,"sold_today":0,"sales_last_days":0,"reserved_stock":0,"customer_returns":0,"warehouse_damage":0,"lost_in_post":0,"other_logs":0,"out_stock_days":0,"lost_sales":0,"has_location":false,"update_date":"2025-11-13T14:07:07","atum_locations":[],"atum_stock_status":"instock","restock_status":false,"low_stock_amount":"","sales_update_date":"2025-11-13T14:07:07","calc_backorders":null,"yoast_head":"<!-- This site is optimized with the Yoast SEO plugin v27.3 - https:\/\/yoast.com\/product\/yoast-seo-wordpress\/ -->\n<title>Naturehike - Sponge Silent Piep\u016b\u0161ams spilvens<\/title>\n<meta name=\"description\" content=\"Spilvens Naturehike - lielisks aksesu\u0101rs vesel\u012bgam miegam. Spilvenam ir anatomiska forma ar gludiem izliekumiem, kas atbalsta mugurkaula kakla da\u013cu pareiz\u0101 st\u0101vokl\u012b.\" \/>\n<meta name=\"robots\" content=\"index, follow, max-snippet:-1, max-image-preview:large, max-video-preview:-1\" \/>\n<link rel=\"canonical\" href=\"https:\/\/gohike.lv\/ru\/produkts\/naturehike-sponge-silent-piepusams-spilvens\/\" \/>\n<meta property=\"og:locale\" content=\"ru_RU\" \/>\n<meta property=\"og:type\" content=\"article\" \/>\n<meta property=\"og:title\" content=\"Naturehike - Sponge Silent Piep\u016b\u0161amais spilvens\" \/>\n<meta property=\"og:description\" content=\"Spilvens Naturehike - lielisks aksesu\u0101rs vesel\u012bgam miegam. Spilvenam ir anatomiska forma ar gludiem izliekumiem, kas atbalsta mugurkaula kakla da\u013cu pareiz\u0101 st\u0101vokl\u012b.\" \/>\n<meta property=\"og:url\" content=\"https:\/\/gohike.lv\/ru\/produkts\/naturehike-sponge-silent-piepusams-spilvens\/\" \/>\n<meta property=\"og:site_name\" content=\"GoHike\" \/>\n<meta property=\"article:publisher\" content=\"https:\/\/www.facebook.com\/gohike.shop\/\" \/>\n<meta property=\"article:modified_time\" content=\"2025-10-15T20:11:09+00:00\" \/>\n<meta property=\"og:image\" content=\"https:\/\/gohike.lv\/wp-content\/uploads\/2024\/03\/SpongeSilentInflatablePillow_purple-1.webp\" \/>\n\t<meta property=\"og:image:width\" content=\"800\" \/>\n\t<meta property=\"og:image:height\" content=\"800\" \/>\n\t<meta property=\"og:image:type\" content=\"image\/webp\" \/>\n<meta name=\"twitter:card\" content=\"summary_large_image\" \/>\n<meta name=\"twitter:title\" content=\"Naturehike - Sponge Silent Piep\u016b\u0161amais spilvens\" \/>\n<meta name=\"twitter:label1\" content=\"\u041f\u0440\u0438\u043c\u0435\u0440\u043d\u043e\u0435 \u0432\u0440\u0435\u043c\u044f \u0434\u043b\u044f \u0447\u0442\u0435\u043d\u0438\u044f\" \/>\n\t<meta name=\"twitter:data1\" content=\"1 \u043c\u0438\u043d\u0443\u0442\u0430\" \/>\n<script type=\"application\/ld+json\" class=\"yoast-schema-graph\">{\"@context\":\"https:\\\/\\\/schema.org\",\"@graph\":[{\"@type\":[\"WebPage\",\"ItemPage\"],\"@id\":\"https:\\\/\\\/gohike.lv\\\/ru\\\/produkts\\\/naturehike-sponge-silent-piepusams-spilvens\\\/\",\"url\":\"https:\\\/\\\/gohike.lv\\\/ru\\\/produkts\\\/naturehike-sponge-silent-piepusams-spilvens\\\/\",\"name\":\"Naturehike - Sponge Silent Piep\u016b\u0161ams spilvens\",\"isPartOf\":{\"@id\":\"https:\\\/\\\/gohike.lv\\\/ru\\\/#website\"},\"primaryImageOfPage\":{\"@id\":\"https:\\\/\\\/gohike.lv\\\/ru\\\/produkts\\\/naturehike-sponge-silent-piepusams-spilvens\\\/#primaryimage\"},\"image\":{\"@id\":\"https:\\\/\\\/gohike.lv\\\/ru\\\/produkts\\\/naturehike-sponge-silent-piepusams-spilvens\\\/#primaryimage\"},\"thumbnailUrl\":\"https:\\\/\\\/gohike.lv\\\/wp-content\\\/uploads\\\/2024\\\/03\\\/SpongeSilentInflatablePillow_purple-1.webp\",\"datePublished\":\"2024-05-10T08:54:31+00:00\",\"dateModified\":\"2025-10-15T20:11:09+00:00\",\"description\":\"Spilvens Naturehike - lielisks aksesu\u0101rs vesel\u012bgam miegam. Spilvenam ir anatomiska forma ar gludiem izliekumiem, kas atbalsta mugurkaula kakla da\u013cu pareiz\u0101 st\u0101vokl\u012b.\",\"breadcrumb\":{\"@id\":\"https:\\\/\\\/gohike.lv\\\/ru\\\/produkts\\\/naturehike-sponge-silent-piepusams-spilvens\\\/#breadcrumb\"},\"inLanguage\":\"ru-RU\",\"potentialAction\":[{\"@type\":\"ReadAction\",\"target\":[\"https:\\\/\\\/gohike.lv\\\/ru\\\/produkts\\\/naturehike-sponge-silent-piepusams-spilvens\\\/\"]}]},{\"@type\":\"ImageObject\",\"inLanguage\":\"ru-RU\",\"@id\":\"https:\\\/\\\/gohike.lv\\\/ru\\\/produkts\\\/naturehike-sponge-silent-piepusams-spilvens\\\/#primaryimage\",\"url\":\"https:\\\/\\\/gohike.lv\\\/wp-content\\\/uploads\\\/2024\\\/03\\\/SpongeSilentInflatablePillow_purple-1.webp\",\"contentUrl\":\"https:\\\/\\\/gohike.lv\\\/wp-content\\\/uploads\\\/2024\\\/03\\\/SpongeSilentInflatablePillow_purple-1.webp\",\"width\":800,\"height\":800},{\"@type\":\"BreadcrumbList\",\"@id\":\"https:\\\/\\\/gohike.lv\\\/ru\\\/produkts\\\/naturehike-sponge-silent-piepusams-spilvens\\\/#breadcrumb\",\"itemListElement\":[{\"@type\":\"ListItem\",\"position\":1,\"name\":\"\u0413\u043b\u0430\u0432\u043d\u0430\u044f\",\"item\":\"https:\\\/\\\/gohike.lv\\\/ru\\\/\"},{\"@type\":\"ListItem\",\"position\":2,\"name\":\"\u041a\u0430\u0442\u0435\u0433\u043e\u0440\u0438\u0438 \u0442\u043e\u0432\u0430\u0440\u043e\u0432\",\"item\":\"https:\\\/\\\/gohike.lv\\\/%d0%ba%d0%b0%d1%82%d0%b5%d0%b3%d0%be%d1%80%d0%b8%d0%b8-%d1%82%d0%be%d0%b2%d0%b0%d1%80%d0%be%d0%b2\\\/\"},{\"@type\":\"ListItem\",\"position\":3,\"name\":\"Naturehike &#8211; Sponge Silent Piep\u016b\u0161ams spilvens\"}]},{\"@type\":\"WebSite\",\"@id\":\"https:\\\/\\\/gohike.lv\\\/ru\\\/#website\",\"url\":\"https:\\\/\\\/gohike.lv\\\/ru\\\/\",\"name\":\"GoHike\",\"description\":\"\",\"publisher\":{\"@id\":\"https:\\\/\\\/gohike.lv\\\/ru\\\/#organization\"},\"potentialAction\":[{\"@type\":\"SearchAction\",\"target\":{\"@type\":\"EntryPoint\",\"urlTemplate\":\"https:\\\/\\\/gohike.lv\\\/ru\\\/?s={search_term_string}\"},\"query-input\":{\"@type\":\"PropertyValueSpecification\",\"valueRequired\":true,\"valueName\":\"search_term_string\"}}],\"inLanguage\":\"ru-RU\"},{\"@type\":\"Organization\",\"@id\":\"https:\\\/\\\/gohike.lv\\\/ru\\\/#organization\",\"name\":\"GoHike\",\"url\":\"https:\\\/\\\/gohike.lv\\\/ru\\\/\",\"logo\":{\"@type\":\"ImageObject\",\"inLanguage\":\"ru-RU\",\"@id\":\"https:\\\/\\\/gohike.lv\\\/ru\\\/#\\\/schema\\\/logo\\\/image\\\/\",\"url\":\"https:\\\/\\\/gohike.lv\\\/wp-content\\\/uploads\\\/2023\\\/08\\\/Logo_GoHike.webp\",\"contentUrl\":\"https:\\\/\\\/gohike.lv\\\/wp-content\\\/uploads\\\/2023\\\/08\\\/Logo_GoHike.webp\",\"width\":512,\"height\":512,\"caption\":\"GoHike\"},\"image\":{\"@id\":\"https:\\\/\\\/gohike.lv\\\/ru\\\/#\\\/schema\\\/logo\\\/image\\\/\"},\"sameAs\":[\"https:\\\/\\\/www.facebook.com\\\/gohike.shop\\\/\",\"https:\\\/\\\/www.instagram.com\\\/gohike.shop\\\/\"]}]}<\/script>\n<!-- \/ Yoast SEO plugin. -->","yoast_head_json":{"title":"Naturehike - Sponge Silent Piep\u016b\u0161ams spilvens","description":"Spilvens Naturehike - lielisks aksesu\u0101rs vesel\u012bgam miegam. Spilvenam ir anatomiska forma ar gludiem izliekumiem, kas atbalsta mugurkaula kakla da\u013cu pareiz\u0101 st\u0101vokl\u012b.","robots":{"index":"index","follow":"follow","max-snippet":"max-snippet:-1","max-image-preview":"max-image-preview:large","max-video-preview":"max-video-preview:-1"},"canonical":"https:\/\/gohike.lv\/ru\/produkts\/naturehike-sponge-silent-piepusams-spilvens\/","og_locale":"ru_RU","og_type":"article","og_title":"Naturehike - Sponge Silent Piep\u016b\u0161amais spilvens","og_description":"Spilvens Naturehike - lielisks aksesu\u0101rs vesel\u012bgam miegam. Spilvenam ir anatomiska forma ar gludiem izliekumiem, kas atbalsta mugurkaula kakla da\u013cu pareiz\u0101 st\u0101vokl\u012b.","og_url":"https:\/\/gohike.lv\/ru\/produkts\/naturehike-sponge-silent-piepusams-spilvens\/","og_site_name":"GoHike","article_publisher":"https:\/\/www.facebook.com\/gohike.shop\/","article_modified_time":"2025-10-15T20:11:09+00:00","og_image":[{"width":800,"height":800,"url":"https:\/\/gohike.lv\/wp-content\/uploads\/2024\/03\/SpongeSilentInflatablePillow_purple-1.webp","type":"image\/webp"}],"twitter_card":"summary_large_image","twitter_title":"Naturehike - Sponge Silent Piep\u016b\u0161amais spilvens","twitter_misc":{"\u041f\u0440\u0438\u043c\u0435\u0440\u043d\u043e\u0435 \u0432\u0440\u0435\u043c\u044f \u0434\u043b\u044f \u0447\u0442\u0435\u043d\u0438\u044f":"1 \u043c\u0438\u043d\u0443\u0442\u0430"},"schema":{"@context":"https:\/\/schema.org","@graph":[{"@type":["WebPage","ItemPage"],"@id":"https:\/\/gohike.lv\/ru\/produkts\/naturehike-sponge-silent-piepusams-spilvens\/","url":"https:\/\/gohike.lv\/ru\/produkts\/naturehike-sponge-silent-piepusams-spilvens\/","name":"Naturehike - Sponge Silent Piep\u016b\u0161ams spilvens","isPartOf":{"@id":"https:\/\/gohike.lv\/ru\/#website"},"primaryImageOfPage":{"@id":"https:\/\/gohike.lv\/ru\/produkts\/naturehike-sponge-silent-piepusams-spilvens\/#primaryimage"},"image":{"@id":"https:\/\/gohike.lv\/ru\/produkts\/naturehike-sponge-silent-piepusams-spilvens\/#primaryimage"},"thumbnailUrl":"https:\/\/gohike.lv\/wp-content\/uploads\/2024\/03\/SpongeSilentInflatablePillow_purple-1.webp","datePublished":"2024-05-10T08:54:31+00:00","dateModified":"2025-10-15T20:11:09+00:00","description":"Spilvens Naturehike - lielisks aksesu\u0101rs vesel\u012bgam miegam. Spilvenam ir anatomiska forma ar gludiem izliekumiem, kas atbalsta mugurkaula kakla da\u013cu pareiz\u0101 st\u0101vokl\u012b.","breadcrumb":{"@id":"https:\/\/gohike.lv\/ru\/produkts\/naturehike-sponge-silent-piepusams-spilvens\/#breadcrumb"},"inLanguage":"ru-RU","potentialAction":[{"@type":"ReadAction","target":["https:\/\/gohike.lv\/ru\/produkts\/naturehike-sponge-silent-piepusams-spilvens\/"]}]},{"@type":"ImageObject","inLanguage":"ru-RU","@id":"https:\/\/gohike.lv\/ru\/produkts\/naturehike-sponge-silent-piepusams-spilvens\/#primaryimage","url":"https:\/\/gohike.lv\/wp-content\/uploads\/2024\/03\/SpongeSilentInflatablePillow_purple-1.webp","contentUrl":"https:\/\/gohike.lv\/wp-content\/uploads\/2024\/03\/SpongeSilentInflatablePillow_purple-1.webp","width":800,"height":800},{"@type":"BreadcrumbList","@id":"https:\/\/gohike.lv\/ru\/produkts\/naturehike-sponge-silent-piepusams-spilvens\/#breadcrumb","itemListElement":[{"@type":"ListItem","position":1,"name":"\u0413\u043b\u0430\u0432\u043d\u0430\u044f","item":"https:\/\/gohike.lv\/ru\/"},{"@type":"ListItem","position":2,"name":"\u041a\u0430\u0442\u0435\u0433\u043e\u0440\u0438\u0438 \u0442\u043e\u0432\u0430\u0440\u043e\u0432","item":"https:\/\/gohike.lv\/%d0%ba%d0%b0%d1%82%d0%b5%d0%b3%d0%be%d1%80%d0%b8%d0%b8-%d1%82%d0%be%d0%b2%d0%b0%d1%80%d0%be%d0%b2\/"},{"@type":"ListItem","position":3,"name":"Naturehike &#8211; Sponge Silent Piep\u016b\u0161ams spilvens"}]},{"@type":"WebSite","@id":"https:\/\/gohike.lv\/ru\/#website","url":"https:\/\/gohike.lv\/ru\/","name":"GoHike","description":"","publisher":{"@id":"https:\/\/gohike.lv\/ru\/#organization"},"potentialAction":[{"@type":"SearchAction","target":{"@type":"EntryPoint","urlTemplate":"https:\/\/gohike.lv\/ru\/?s={search_term_string}"},"query-input":{"@type":"PropertyValueSpecification","valueRequired":true,"valueName":"search_term_string"}}],"inLanguage":"ru-RU"},{"@type":"Organization","@id":"https:\/\/gohike.lv\/ru\/#organization","name":"GoHike","url":"https:\/\/gohike.lv\/ru\/","logo":{"@type":"ImageObject","inLanguage":"ru-RU","@id":"https:\/\/gohike.lv\/ru\/#\/schema\/logo\/image\/","url":"https:\/\/gohike.lv\/wp-content\/uploads\/2023\/08\/Logo_GoHike.webp","contentUrl":"https:\/\/gohike.lv\/wp-content\/uploads\/2023\/08\/Logo_GoHike.webp","width":512,"height":512,"caption":"GoHike"},"image":{"@id":"https:\/\/gohike.lv\/ru\/#\/schema\/logo\/image\/"},"sameAs":["https:\/\/www.facebook.com\/gohike.shop\/","https:\/\/www.instagram.com\/gohike.shop\/"]}]}},"jetpack_sharing_enabled":true,"_links":{"self":[{"href":"https:\/\/gohike.lv\/ru\/wp-json\/wp\/v2\/product\/54358","targetHints":{"allow":["GET"]}}],"collection":[{"href":"https:\/\/gohike.lv\/ru\/wp-json\/wp\/v2\/product"}],"about":[{"href":"https:\/\/gohike.lv\/ru\/wp-json\/wp\/v2\/types\/product"}],"version-history":[{"count":0,"href":"https:\/\/gohike.lv\/ru\/wp-json\/wp\/v2\/product\/54358\/revisions"}],"wp:featuredmedia":[{"embeddable":true,"href":"https:\/\/gohike.lv\/ru\/wp-json\/wp\/v2\/media\/25083"}],"wp:attachment":[{"href":"https:\/\/gohike.lv\/ru\/wp-json\/wp\/v2\/media?parent=54358"}],"wp:term":[{"taxonomy":"product_brand","embeddable":true,"href":"https:\/\/gohike.lv\/ru\/wp-json\/wp\/v2\/product_brand?post=54358"},{"taxonomy":"product_cat","embeddable":true,"href":"https:\/\/gohike.lv\/ru\/wp-json\/wp\/v2\/product_cat?post=54358"},{"taxonomy":"product_tag","embeddable":true,"href":"https:\/\/gohike.lv\/ru\/wp-json\/wp\/v2\/product_tag?post=54358"}],"curies":[{"name":"wp","href":"https:\/\/api.w.org\/{rel}","templated":true}]}}