{"id":54356,"date":"2024-05-10T11:51:10","date_gmt":"2024-05-10T08:51:10","guid":{"rendered":"https:\/\/gohike.lv\/produkts\/naturehike-3d-pretslides-erts-spilvena-apvalks\/"},"modified":"2025-12-30T17:24:35","modified_gmt":"2025-12-30T14:24:35","slug":"naturehike-3d-pretslides-spilvena-apvalks","status":"publish","type":"product","link":"https:\/\/gohike.lv\/ru\/produkts\/naturehike-3d-pretslides-spilvena-apvalks\/","title":{"rendered":"Naturehike &#8212; 3D nesl\u012bdo\u0161s spilvena apvalks"},"content":{"rendered":"<p>Apvalkam ir gluda virsma, kas nodro\u0161ina pat\u012bkamu kontaktu ar \u0101du.<br \/>\nApvalks izgatavots no iztur\u012bga, bet maiga poliestera auduma, kas nodro\u0161ina komfortu, aizsarg\u0101 spilvenu no boj\u0101jumiem un net\u012brumiem transport\u0113\u0161anas laik\u0101.<br \/>\nTo ir viegli uzvilkt un novilkt pateicoties \u0113rtam r\u0101v\u0113jsl\u0113dz\u0113jam, kas padara t\u0101 lieto\u0161anu vienk\u0101r\u0161u un \u0113rtu.<br \/>\nTurkl\u0101t, apvalku ir \u013coti viegli mazg\u0101t un uztur\u0113t t\u012bru. Tas kompakti iepakojas un neaiz\u0146em daudz vietas p\u0101rg\u0101jienu mugursom\u0101.<br \/>\nApvalku var mazg\u0101t ve\u013cas ma\u0161\u012bn\u0101.<br \/>\nSpecifik\u0101cijas:<br \/>\nAntibakteri\u0101ls un elpojo\u0161s audums;<br \/>\nKr\u0101sa: b\u0113\u0161a un pel\u0113ka;<br \/>\nViegli t\u012br\u0101ms, var mazg\u0101t ma\u0161\u012bn\u0101;<br \/>\nIzm\u0113ri izv\u0113rst\u0101 veid\u0101: 51*36cm.<\/p>\n","protected":false},"excerpt":{"rendered":"<p>Apvalks Naturehike Silent Beige nodro\u0161ina uzticamu aizsardz\u012bbu un komfortu ce\u013cojumu un kempingu laik\u0101.<\/p>\n","protected":false},"featured_media":24854,"template":"","meta":[],"product_brand":[167],"product_cat":[1510],"product_tag":[],"class_list":{"0":"post-54356","1":"product","2":"type-product","3":"status-publish","4":"has-post-thumbnail","6":"product_brand-naturehike-lv","7":"product_cat-paklajini-un-spilveni","8":"pa_izmeriscm-9986","9":"pa_materiali-antibakterials-un-elpojoss-audums","10":"pa_produkta-tips-spilveni","11":"pa_spalva-haki","13":"first","14":"instock","15":"taxable","16":"shipping-taxable","17":"purchasable","18":"product-type-simple"},"raw_content":{"name":"Naturehike - 3D nesl\u012bdo\u0161s spilvena apvalks","description":"Apvalkam ir gluda virsma, kas nodro\u0161ina pat\u012bkamu kontaktu ar \u0101du.\nApvalks izgatavots no iztur\u012bga, bet maiga poliestera auduma, kas nodro\u0161ina komfortu, aizsarg\u0101 spilvenu no boj\u0101jumiem un net\u012brumiem transport\u0113\u0161anas laik\u0101.\nTo ir viegli uzvilkt un novilkt pateicoties \u0113rtam r\u0101v\u0113jsl\u0113dz\u0113jam, kas padara t\u0101 lieto\u0161anu vienk\u0101r\u0161u un \u0113rtu.\nTurkl\u0101t, apvalku ir \u013coti viegli mazg\u0101t un uztur\u0113t t\u012bru. Tas kompakti iepakojas un neaiz\u0146em daudz vietas p\u0101rg\u0101jienu mugursom\u0101.\nApvalku var mazg\u0101t ve\u013cas ma\u0161\u012bn\u0101.\nSpecifik\u0101cijas:\nAntibakteri\u0101ls un elpojo\u0161s audums;\nKr\u0101sa: b\u0113\u0161a un pel\u0113ka;\nViegli t\u012br\u0101ms, var mazg\u0101t ma\u0161\u012bn\u0101;\nIzm\u0113ri izv\u0113rst\u0101 veid\u0101: 51*36cm.","short_description":"Apvalks Naturehike Silent Beige nodro\u0161ina uzticamu aizsardz\u012bbu un komfortu ce\u013cojumu un kempingu laik\u0101.","status":"publish","sku":"6927595709399","original":54356},"wpml":{"translation_type":1,"has_translations":true,"original":54356,"duplicates":[],"translations":{"lv":54356,"en":67324,"ru":null}},"supplier_id":null,"supplier_sku":"","barcode":null,"atum_controlled":true,"out_stock_date":null,"out_stock_threshold":null,"inheritable":false,"inbound_stock":null,"stock_on_hold":0,"sold_today":0,"sales_last_days":0,"reserved_stock":null,"customer_returns":null,"warehouse_damage":null,"lost_in_post":null,"other_logs":null,"out_stock_days":0,"lost_sales":0,"has_location":null,"update_date":"2025-12-30T14:30:34","atum_locations":[],"atum_stock_status":"instock","restock_status":false,"low_stock_amount":"","sales_update_date":"2025-11-13T14:08:20","calc_backorders":null,"yoast_head":"<!-- This site is optimized with the Yoast SEO plugin v27.3 - https:\/\/yoast.com\/product\/yoast-seo-wordpress\/ -->\n<title>Naturehike - 3D nesl\u012bdo\u0161s spilvena apvalks<\/title>\n<meta name=\"description\" content=\"Apvalks Naturehike Silent Beige nodro\u0161ina uzticamu aizsardz\u012bbu un komfortu ce\u013cojumu un kempingu laik\u0101. Antibakteri\u0101ls un elpojo\u0161s audums.\" \/>\n<meta name=\"robots\" content=\"index, follow, max-snippet:-1, max-image-preview:large, max-video-preview:-1\" \/>\n<link rel=\"canonical\" href=\"https:\/\/gohike.lv\/ru\/produkts\/naturehike-3d-pretslides-spilvena-apvalks\/\" \/>\n<meta property=\"og:locale\" content=\"ru_RU\" \/>\n<meta property=\"og:type\" content=\"article\" \/>\n<meta property=\"og:title\" content=\"Naturehike - Spilvens\" \/>\n<meta property=\"og:description\" content=\"Apvalks Naturehike Silent Beige nodro\u0161ina uzticamu aizsardz\u012bbu un komfortu ce\u013cojumu un kempingu laik\u0101. Antibakteri\u0101ls un elpojo\u0161s audums.\" \/>\n<meta property=\"og:url\" content=\"https:\/\/gohike.lv\/ru\/produkts\/naturehike-3d-pretslides-spilvena-apvalks\/\" \/>\n<meta property=\"og:site_name\" content=\"GoHike\" \/>\n<meta property=\"article:publisher\" content=\"https:\/\/www.facebook.com\/gohike.shop\/\" \/>\n<meta property=\"article:modified_time\" content=\"2025-12-30T14:24:35+00:00\" \/>\n<meta property=\"og:image\" content=\"https:\/\/gohike.lv\/wp-content\/uploads\/2024\/03\/3D_pillowCover_.jpg\" \/>\n\t<meta property=\"og:image:width\" content=\"560\" \/>\n\t<meta property=\"og:image:height\" content=\"504\" \/>\n\t<meta property=\"og:image:type\" content=\"image\/jpeg\" \/>\n<meta name=\"twitter:card\" content=\"summary_large_image\" \/>\n<meta name=\"twitter:title\" content=\"Naturehike - Spilvens\" \/>\n<meta name=\"twitter:label1\" content=\"\u041f\u0440\u0438\u043c\u0435\u0440\u043d\u043e\u0435 \u0432\u0440\u0435\u043c\u044f \u0434\u043b\u044f \u0447\u0442\u0435\u043d\u0438\u044f\" \/>\n\t<meta name=\"twitter:data1\" content=\"1 \u043c\u0438\u043d\u0443\u0442\u0430\" \/>\n<script type=\"application\/ld+json\" class=\"yoast-schema-graph\">{\"@context\":\"https:\\\/\\\/schema.org\",\"@graph\":[{\"@type\":[\"WebPage\",\"ItemPage\"],\"@id\":\"https:\\\/\\\/gohike.lv\\\/ru\\\/produkts\\\/naturehike-3d-pretslides-spilvena-apvalks\\\/\",\"url\":\"https:\\\/\\\/gohike.lv\\\/ru\\\/produkts\\\/naturehike-3d-pretslides-spilvena-apvalks\\\/\",\"name\":\"Naturehike - 3D nesl\u012bdo\u0161s spilvena apvalks\",\"isPartOf\":{\"@id\":\"https:\\\/\\\/gohike.lv\\\/ru\\\/#website\"},\"primaryImageOfPage\":{\"@id\":\"https:\\\/\\\/gohike.lv\\\/ru\\\/produkts\\\/naturehike-3d-pretslides-spilvena-apvalks\\\/#primaryimage\"},\"image\":{\"@id\":\"https:\\\/\\\/gohike.lv\\\/ru\\\/produkts\\\/naturehike-3d-pretslides-spilvena-apvalks\\\/#primaryimage\"},\"thumbnailUrl\":\"https:\\\/\\\/gohike.lv\\\/wp-content\\\/uploads\\\/2024\\\/03\\\/3D_pillowCover_.jpg\",\"datePublished\":\"2024-05-10T08:51:10+00:00\",\"dateModified\":\"2025-12-30T14:24:35+00:00\",\"description\":\"Apvalks Naturehike Silent Beige nodro\u0161ina uzticamu aizsardz\u012bbu un komfortu ce\u013cojumu un kempingu laik\u0101. Antibakteri\u0101ls un elpojo\u0161s audums.\",\"breadcrumb\":{\"@id\":\"https:\\\/\\\/gohike.lv\\\/ru\\\/produkts\\\/naturehike-3d-pretslides-spilvena-apvalks\\\/#breadcrumb\"},\"inLanguage\":\"ru-RU\",\"potentialAction\":[{\"@type\":\"ReadAction\",\"target\":[\"https:\\\/\\\/gohike.lv\\\/ru\\\/produkts\\\/naturehike-3d-pretslides-spilvena-apvalks\\\/\"]}]},{\"@type\":\"ImageObject\",\"inLanguage\":\"ru-RU\",\"@id\":\"https:\\\/\\\/gohike.lv\\\/ru\\\/produkts\\\/naturehike-3d-pretslides-spilvena-apvalks\\\/#primaryimage\",\"url\":\"https:\\\/\\\/gohike.lv\\\/wp-content\\\/uploads\\\/2024\\\/03\\\/3D_pillowCover_.jpg\",\"contentUrl\":\"https:\\\/\\\/gohike.lv\\\/wp-content\\\/uploads\\\/2024\\\/03\\\/3D_pillowCover_.jpg\",\"width\":560,\"height\":504},{\"@type\":\"BreadcrumbList\",\"@id\":\"https:\\\/\\\/gohike.lv\\\/ru\\\/produkts\\\/naturehike-3d-pretslides-spilvena-apvalks\\\/#breadcrumb\",\"itemListElement\":[{\"@type\":\"ListItem\",\"position\":1,\"name\":\"\u0413\u043b\u0430\u0432\u043d\u0430\u044f\",\"item\":\"https:\\\/\\\/gohike.lv\\\/ru\\\/\"},{\"@type\":\"ListItem\",\"position\":2,\"name\":\"\u041a\u0430\u0442\u0435\u0433\u043e\u0440\u0438\u0438 \u0442\u043e\u0432\u0430\u0440\u043e\u0432\",\"item\":\"https:\\\/\\\/gohike.lv\\\/%d0%ba%d0%b0%d1%82%d0%b5%d0%b3%d0%be%d1%80%d0%b8%d0%b8-%d1%82%d0%be%d0%b2%d0%b0%d1%80%d0%be%d0%b2\\\/\"},{\"@type\":\"ListItem\",\"position\":3,\"name\":\"Naturehike &#8211; 3D nesl\u012bdo\u0161s spilvena apvalks\"}]},{\"@type\":\"WebSite\",\"@id\":\"https:\\\/\\\/gohike.lv\\\/ru\\\/#website\",\"url\":\"https:\\\/\\\/gohike.lv\\\/ru\\\/\",\"name\":\"GoHike\",\"description\":\"\",\"publisher\":{\"@id\":\"https:\\\/\\\/gohike.lv\\\/ru\\\/#organization\"},\"potentialAction\":[{\"@type\":\"SearchAction\",\"target\":{\"@type\":\"EntryPoint\",\"urlTemplate\":\"https:\\\/\\\/gohike.lv\\\/ru\\\/?s={search_term_string}\"},\"query-input\":{\"@type\":\"PropertyValueSpecification\",\"valueRequired\":true,\"valueName\":\"search_term_string\"}}],\"inLanguage\":\"ru-RU\"},{\"@type\":\"Organization\",\"@id\":\"https:\\\/\\\/gohike.lv\\\/ru\\\/#organization\",\"name\":\"GoHike\",\"url\":\"https:\\\/\\\/gohike.lv\\\/ru\\\/\",\"logo\":{\"@type\":\"ImageObject\",\"inLanguage\":\"ru-RU\",\"@id\":\"https:\\\/\\\/gohike.lv\\\/ru\\\/#\\\/schema\\\/logo\\\/image\\\/\",\"url\":\"https:\\\/\\\/gohike.lv\\\/wp-content\\\/uploads\\\/2023\\\/08\\\/Logo_GoHike.webp\",\"contentUrl\":\"https:\\\/\\\/gohike.lv\\\/wp-content\\\/uploads\\\/2023\\\/08\\\/Logo_GoHike.webp\",\"width\":512,\"height\":512,\"caption\":\"GoHike\"},\"image\":{\"@id\":\"https:\\\/\\\/gohike.lv\\\/ru\\\/#\\\/schema\\\/logo\\\/image\\\/\"},\"sameAs\":[\"https:\\\/\\\/www.facebook.com\\\/gohike.shop\\\/\",\"https:\\\/\\\/www.instagram.com\\\/gohike.shop\\\/\"]}]}<\/script>\n<!-- \/ Yoast SEO plugin. -->","yoast_head_json":{"title":"Naturehike - 3D nesl\u012bdo\u0161s spilvena apvalks","description":"Apvalks Naturehike Silent Beige nodro\u0161ina uzticamu aizsardz\u012bbu un komfortu ce\u013cojumu un kempingu laik\u0101. Antibakteri\u0101ls un elpojo\u0161s audums.","robots":{"index":"index","follow":"follow","max-snippet":"max-snippet:-1","max-image-preview":"max-image-preview:large","max-video-preview":"max-video-preview:-1"},"canonical":"https:\/\/gohike.lv\/ru\/produkts\/naturehike-3d-pretslides-spilvena-apvalks\/","og_locale":"ru_RU","og_type":"article","og_title":"Naturehike - Spilvens","og_description":"Apvalks Naturehike Silent Beige nodro\u0161ina uzticamu aizsardz\u012bbu un komfortu ce\u013cojumu un kempingu laik\u0101. Antibakteri\u0101ls un elpojo\u0161s audums.","og_url":"https:\/\/gohike.lv\/ru\/produkts\/naturehike-3d-pretslides-spilvena-apvalks\/","og_site_name":"GoHike","article_publisher":"https:\/\/www.facebook.com\/gohike.shop\/","article_modified_time":"2025-12-30T14:24:35+00:00","og_image":[{"width":560,"height":504,"url":"https:\/\/gohike.lv\/wp-content\/uploads\/2024\/03\/3D_pillowCover_.jpg","type":"image\/jpeg"}],"twitter_card":"summary_large_image","twitter_title":"Naturehike - Spilvens","twitter_misc":{"\u041f\u0440\u0438\u043c\u0435\u0440\u043d\u043e\u0435 \u0432\u0440\u0435\u043c\u044f \u0434\u043b\u044f \u0447\u0442\u0435\u043d\u0438\u044f":"1 \u043c\u0438\u043d\u0443\u0442\u0430"},"schema":{"@context":"https:\/\/schema.org","@graph":[{"@type":["WebPage","ItemPage"],"@id":"https:\/\/gohike.lv\/ru\/produkts\/naturehike-3d-pretslides-spilvena-apvalks\/","url":"https:\/\/gohike.lv\/ru\/produkts\/naturehike-3d-pretslides-spilvena-apvalks\/","name":"Naturehike - 3D nesl\u012bdo\u0161s spilvena apvalks","isPartOf":{"@id":"https:\/\/gohike.lv\/ru\/#website"},"primaryImageOfPage":{"@id":"https:\/\/gohike.lv\/ru\/produkts\/naturehike-3d-pretslides-spilvena-apvalks\/#primaryimage"},"image":{"@id":"https:\/\/gohike.lv\/ru\/produkts\/naturehike-3d-pretslides-spilvena-apvalks\/#primaryimage"},"thumbnailUrl":"https:\/\/gohike.lv\/wp-content\/uploads\/2024\/03\/3D_pillowCover_.jpg","datePublished":"2024-05-10T08:51:10+00:00","dateModified":"2025-12-30T14:24:35+00:00","description":"Apvalks Naturehike Silent Beige nodro\u0161ina uzticamu aizsardz\u012bbu un komfortu ce\u013cojumu un kempingu laik\u0101. Antibakteri\u0101ls un elpojo\u0161s audums.","breadcrumb":{"@id":"https:\/\/gohike.lv\/ru\/produkts\/naturehike-3d-pretslides-spilvena-apvalks\/#breadcrumb"},"inLanguage":"ru-RU","potentialAction":[{"@type":"ReadAction","target":["https:\/\/gohike.lv\/ru\/produkts\/naturehike-3d-pretslides-spilvena-apvalks\/"]}]},{"@type":"ImageObject","inLanguage":"ru-RU","@id":"https:\/\/gohike.lv\/ru\/produkts\/naturehike-3d-pretslides-spilvena-apvalks\/#primaryimage","url":"https:\/\/gohike.lv\/wp-content\/uploads\/2024\/03\/3D_pillowCover_.jpg","contentUrl":"https:\/\/gohike.lv\/wp-content\/uploads\/2024\/03\/3D_pillowCover_.jpg","width":560,"height":504},{"@type":"BreadcrumbList","@id":"https:\/\/gohike.lv\/ru\/produkts\/naturehike-3d-pretslides-spilvena-apvalks\/#breadcrumb","itemListElement":[{"@type":"ListItem","position":1,"name":"\u0413\u043b\u0430\u0432\u043d\u0430\u044f","item":"https:\/\/gohike.lv\/ru\/"},{"@type":"ListItem","position":2,"name":"\u041a\u0430\u0442\u0435\u0433\u043e\u0440\u0438\u0438 \u0442\u043e\u0432\u0430\u0440\u043e\u0432","item":"https:\/\/gohike.lv\/%d0%ba%d0%b0%d1%82%d0%b5%d0%b3%d0%be%d1%80%d0%b8%d0%b8-%d1%82%d0%be%d0%b2%d0%b0%d1%80%d0%be%d0%b2\/"},{"@type":"ListItem","position":3,"name":"Naturehike &#8211; 3D nesl\u012bdo\u0161s spilvena apvalks"}]},{"@type":"WebSite","@id":"https:\/\/gohike.lv\/ru\/#website","url":"https:\/\/gohike.lv\/ru\/","name":"GoHike","description":"","publisher":{"@id":"https:\/\/gohike.lv\/ru\/#organization"},"potentialAction":[{"@type":"SearchAction","target":{"@type":"EntryPoint","urlTemplate":"https:\/\/gohike.lv\/ru\/?s={search_term_string}"},"query-input":{"@type":"PropertyValueSpecification","valueRequired":true,"valueName":"search_term_string"}}],"inLanguage":"ru-RU"},{"@type":"Organization","@id":"https:\/\/gohike.lv\/ru\/#organization","name":"GoHike","url":"https:\/\/gohike.lv\/ru\/","logo":{"@type":"ImageObject","inLanguage":"ru-RU","@id":"https:\/\/gohike.lv\/ru\/#\/schema\/logo\/image\/","url":"https:\/\/gohike.lv\/wp-content\/uploads\/2023\/08\/Logo_GoHike.webp","contentUrl":"https:\/\/gohike.lv\/wp-content\/uploads\/2023\/08\/Logo_GoHike.webp","width":512,"height":512,"caption":"GoHike"},"image":{"@id":"https:\/\/gohike.lv\/ru\/#\/schema\/logo\/image\/"},"sameAs":["https:\/\/www.facebook.com\/gohike.shop\/","https:\/\/www.instagram.com\/gohike.shop\/"]}]}},"jetpack_sharing_enabled":true,"_links":{"self":[{"href":"https:\/\/gohike.lv\/ru\/wp-json\/wp\/v2\/product\/54356","targetHints":{"allow":["GET"]}}],"collection":[{"href":"https:\/\/gohike.lv\/ru\/wp-json\/wp\/v2\/product"}],"about":[{"href":"https:\/\/gohike.lv\/ru\/wp-json\/wp\/v2\/types\/product"}],"version-history":[{"count":0,"href":"https:\/\/gohike.lv\/ru\/wp-json\/wp\/v2\/product\/54356\/revisions"}],"wp:featuredmedia":[{"embeddable":true,"href":"https:\/\/gohike.lv\/ru\/wp-json\/wp\/v2\/media\/24854"}],"wp:attachment":[{"href":"https:\/\/gohike.lv\/ru\/wp-json\/wp\/v2\/media?parent=54356"}],"wp:term":[{"taxonomy":"product_brand","embeddable":true,"href":"https:\/\/gohike.lv\/ru\/wp-json\/wp\/v2\/product_brand?post=54356"},{"taxonomy":"product_cat","embeddable":true,"href":"https:\/\/gohike.lv\/ru\/wp-json\/wp\/v2\/product_cat?post=54356"},{"taxonomy":"product_tag","embeddable":true,"href":"https:\/\/gohike.lv\/ru\/wp-json\/wp\/v2\/product_tag?post=54356"}],"curies":[{"name":"wp","href":"https:\/\/api.w.org\/{rel}","templated":true}]}}