{"id":54354,"date":"2024-05-10T11:51:10","date_gmt":"2024-05-10T08:51:10","guid":{"rendered":"https:\/\/gohike.lv\/produkts\/naturehike-erts-beztroksnains-penoplasta-spilvens-3d\/"},"modified":"2025-10-15T23:08:01","modified_gmt":"2025-10-15T20:08:01","slug":"naturehike-erts-penoplasta-spilvens-3d","status":"publish","type":"product","link":"https:\/\/gohike.lv\/ru\/produkts\/naturehike-erts-penoplasta-spilvens-3d\/","title":{"rendered":"Naturehike &#8212; \u0112rts penoplasta spilvens 3D"},"content":{"rendered":"<p>Izgatavots no iztur\u012bgiem, \u016bdensnecaurlaid\u012bgiem materi\u0101liem: poliestera un TPU auduma ar m\u012bkstu virsmu, kas nekairina \u0101du.<br \/>\n\u0160ie materi\u0101li neuzs\u016bc sviedrus un e\u013c\u013cu, t\u0101p\u0113c tie prasa minim\u0101lu kop\u0161anu.<br \/>\nLai not\u012br\u012btu spilvenu, ieteicams noslaukt auduma virsmu ar m\u012bkstu s\u016bkli un noskalot zem \u016bdens.<br \/>\nPutu sl\u0101nis padara spilvenu m\u012bkst\u0101ku un \u013cauj regul\u0113t augstumu robe\u017e\u0101s no 10 l\u012bdz 12 centimetriem.<br \/>\n\u0100r\u0113jas virsmas apak\u0161da\u013c\u0101 ir daudz pretsl\u012bdes elementu, kas ne\u013cauj sl\u012bd\u0113t pa matraci.<br \/>\nRaksturlielumi:<br \/>\nKr\u0101sa: persiku;<br \/>\nMateri\u0101ls: poliesters, TPU audums;<br \/>\nPretsl\u012bdes elementi uz apak\u0161\u0113j\u0101s virsmas;<br \/>\nIzm\u0113ri izv\u0113rst\u0101 veid\u0101: 46 x 30 x 12 centimetri;<br \/>\nSvars: 320 grami.<br \/>\nKomplekt\u0101 p\u0101rvalks ar aukl\u0101m.<\/p>\n","protected":false},"excerpt":{"rendered":"<p>Spilvens Naturehike ir pamata aksesu\u0101rs vesel\u012bgam miegam.<\/p>\n","protected":false},"featured_media":24838,"template":"","meta":[],"product_brand":[167],"product_cat":[9447,1510],"product_tag":[],"class_list":{"0":"post-54354","1":"product","2":"type-product","3":"status-publish","4":"has-post-thumbnail","6":"product_brand-naturehike-lv","7":"product_cat-izpardosana","8":"product_cat-paklajini-un-spilveni","9":"pa_izmeriscm-9987","10":"pa_materiali-poliesters","11":"pa_materiali-tpu-audums","12":"pa_produkta-tips-spilveni","13":"pa_saliktas-preces-izmerscm-9038","14":"pa_spalva-persiku","16":"first","17":"instock","18":"sale","19":"taxable","20":"shipping-taxable","21":"purchasable","22":"product-type-simple"},"raw_content":{"name":"Naturehike - \u0112rts penoplasta spilvens 3D","description":"Izgatavots no iztur\u012bgiem, \u016bdensnecaurlaid\u012bgiem materi\u0101liem: poliestera un TPU auduma ar m\u012bkstu virsmu, kas nekairina \u0101du.\n\u0160ie materi\u0101li neuzs\u016bc sviedrus un e\u013c\u013cu, t\u0101p\u0113c tie prasa minim\u0101lu kop\u0161anu.\nLai not\u012br\u012btu spilvenu, ieteicams noslaukt auduma virsmu ar m\u012bkstu s\u016bkli un noskalot zem \u016bdens.\nPutu sl\u0101nis padara spilvenu m\u012bkst\u0101ku un \u013cauj regul\u0113t augstumu robe\u017e\u0101s no 10 l\u012bdz 12 centimetriem.\n\u0100r\u0113jas virsmas apak\u0161da\u013c\u0101 ir daudz pretsl\u012bdes elementu, kas ne\u013cauj sl\u012bd\u0113t pa matraci.\nRaksturlielumi:\nKr\u0101sa: persiku;\nMateri\u0101ls: poliesters, TPU audums;\nPretsl\u012bdes elementi uz apak\u0161\u0113j\u0101s virsmas;\nIzm\u0113ri izv\u0113rst\u0101 veid\u0101: 46 x 30 x 12 centimetri;\nSvars: 320 grami.\nKomplekt\u0101 p\u0101rvalks ar aukl\u0101m.","short_description":"Spilvens Naturehike ir pamata aksesu\u0101rs vesel\u012bgam miegam.","status":"publish","sku":"6927595772874","original":54354},"wpml":{"translation_type":1,"has_translations":true,"original":54354,"duplicates":[],"translations":{"lv":54354,"en":67326,"ru":null}},"supplier_id":null,"supplier_sku":"","barcode":null,"atum_controlled":true,"out_stock_date":null,"out_stock_threshold":null,"inheritable":false,"inbound_stock":null,"stock_on_hold":0,"sold_today":0,"sales_last_days":0,"reserved_stock":null,"customer_returns":null,"warehouse_damage":null,"lost_in_post":null,"other_logs":null,"out_stock_days":0,"lost_sales":0,"has_location":false,"update_date":"2025-11-13T14:08:36","atum_locations":[],"atum_stock_status":"instock","restock_status":false,"low_stock_amount":"","sales_update_date":"2025-11-13T14:08:36","calc_backorders":null,"yoast_head":"<!-- This site is optimized with the Yoast SEO plugin v27.3 - https:\/\/yoast.com\/product\/yoast-seo-wordpress\/ -->\n<title>Naturehike - \u0112rts penoplasta spilvens 3D<\/title>\n<meta name=\"description\" content=\"Spilvens Naturehike ir pamata aksesu\u0101rs vesel\u012bgam miegam. Izgatavots no iztur\u012bgiem, \u016bdensnecaurlaid\u012bgiem materi\u0101liem.\" \/>\n<meta name=\"robots\" content=\"index, follow, max-snippet:-1, max-image-preview:large, max-video-preview:-1\" \/>\n<link rel=\"canonical\" href=\"https:\/\/gohike.lv\/ru\/produkts\/naturehike-erts-penoplasta-spilvens-3d\/\" \/>\n<meta property=\"og:locale\" content=\"ru_RU\" \/>\n<meta property=\"og:type\" content=\"article\" \/>\n<meta property=\"og:title\" content=\"Naturehike - Spilvens\" \/>\n<meta property=\"og:description\" content=\"Spilvens Naturehike ir pamata aksesu\u0101rs vesel\u012bgam miegam. Izgatavots no iztur\u012bgiem, \u016bdensnecaurlaid\u012bgiem materi\u0101liem.\" \/>\n<meta property=\"og:url\" content=\"https:\/\/gohike.lv\/ru\/produkts\/naturehike-erts-penoplasta-spilvens-3d\/\" \/>\n<meta property=\"og:site_name\" content=\"GoHike\" \/>\n<meta property=\"article:publisher\" content=\"https:\/\/www.facebook.com\/gohike.shop\/\" \/>\n<meta property=\"article:modified_time\" content=\"2025-10-15T20:08:01+00:00\" \/>\n<meta property=\"og:image\" content=\"https:\/\/gohike.lv\/wp-content\/uploads\/2024\/03\/3d_comf_pillow_-1.webp\" \/>\n\t<meta property=\"og:image:width\" content=\"630\" \/>\n\t<meta property=\"og:image:height\" content=\"630\" \/>\n\t<meta property=\"og:image:type\" content=\"image\/webp\" \/>\n<meta name=\"twitter:card\" content=\"summary_large_image\" \/>\n<meta name=\"twitter:title\" content=\"Naturehike - Spilvens\" \/>\n<meta name=\"twitter:label1\" content=\"\u041f\u0440\u0438\u043c\u0435\u0440\u043d\u043e\u0435 \u0432\u0440\u0435\u043c\u044f \u0434\u043b\u044f \u0447\u0442\u0435\u043d\u0438\u044f\" \/>\n\t<meta name=\"twitter:data1\" content=\"1 \u043c\u0438\u043d\u0443\u0442\u0430\" \/>\n<script type=\"application\/ld+json\" class=\"yoast-schema-graph\">{\"@context\":\"https:\\\/\\\/schema.org\",\"@graph\":[{\"@type\":[\"WebPage\",\"ItemPage\"],\"@id\":\"https:\\\/\\\/gohike.lv\\\/ru\\\/produkts\\\/naturehike-erts-penoplasta-spilvens-3d\\\/\",\"url\":\"https:\\\/\\\/gohike.lv\\\/ru\\\/produkts\\\/naturehike-erts-penoplasta-spilvens-3d\\\/\",\"name\":\"Naturehike - \u0112rts penoplasta spilvens 3D\",\"isPartOf\":{\"@id\":\"https:\\\/\\\/gohike.lv\\\/ru\\\/#website\"},\"primaryImageOfPage\":{\"@id\":\"https:\\\/\\\/gohike.lv\\\/ru\\\/produkts\\\/naturehike-erts-penoplasta-spilvens-3d\\\/#primaryimage\"},\"image\":{\"@id\":\"https:\\\/\\\/gohike.lv\\\/ru\\\/produkts\\\/naturehike-erts-penoplasta-spilvens-3d\\\/#primaryimage\"},\"thumbnailUrl\":\"https:\\\/\\\/gohike.lv\\\/wp-content\\\/uploads\\\/2024\\\/03\\\/3d_comf_pillow_-1.webp\",\"datePublished\":\"2024-05-10T08:51:10+00:00\",\"dateModified\":\"2025-10-15T20:08:01+00:00\",\"description\":\"Spilvens Naturehike ir pamata aksesu\u0101rs vesel\u012bgam miegam. Izgatavots no iztur\u012bgiem, \u016bdensnecaurlaid\u012bgiem materi\u0101liem.\",\"breadcrumb\":{\"@id\":\"https:\\\/\\\/gohike.lv\\\/ru\\\/produkts\\\/naturehike-erts-penoplasta-spilvens-3d\\\/#breadcrumb\"},\"inLanguage\":\"ru-RU\",\"potentialAction\":[{\"@type\":\"ReadAction\",\"target\":[\"https:\\\/\\\/gohike.lv\\\/ru\\\/produkts\\\/naturehike-erts-penoplasta-spilvens-3d\\\/\"]}]},{\"@type\":\"ImageObject\",\"inLanguage\":\"ru-RU\",\"@id\":\"https:\\\/\\\/gohike.lv\\\/ru\\\/produkts\\\/naturehike-erts-penoplasta-spilvens-3d\\\/#primaryimage\",\"url\":\"https:\\\/\\\/gohike.lv\\\/wp-content\\\/uploads\\\/2024\\\/03\\\/3d_comf_pillow_-1.webp\",\"contentUrl\":\"https:\\\/\\\/gohike.lv\\\/wp-content\\\/uploads\\\/2024\\\/03\\\/3d_comf_pillow_-1.webp\",\"width\":630,\"height\":630},{\"@type\":\"BreadcrumbList\",\"@id\":\"https:\\\/\\\/gohike.lv\\\/ru\\\/produkts\\\/naturehike-erts-penoplasta-spilvens-3d\\\/#breadcrumb\",\"itemListElement\":[{\"@type\":\"ListItem\",\"position\":1,\"name\":\"\u0413\u043b\u0430\u0432\u043d\u0430\u044f\",\"item\":\"https:\\\/\\\/gohike.lv\\\/ru\\\/\"},{\"@type\":\"ListItem\",\"position\":2,\"name\":\"\u041a\u0430\u0442\u0435\u0433\u043e\u0440\u0438\u0438 \u0442\u043e\u0432\u0430\u0440\u043e\u0432\",\"item\":\"https:\\\/\\\/gohike.lv\\\/%d0%ba%d0%b0%d1%82%d0%b5%d0%b3%d0%be%d1%80%d0%b8%d0%b8-%d1%82%d0%be%d0%b2%d0%b0%d1%80%d0%be%d0%b2\\\/\"},{\"@type\":\"ListItem\",\"position\":3,\"name\":\"Naturehike &#8211; \u0112rts penoplasta spilvens 3D\"}]},{\"@type\":\"WebSite\",\"@id\":\"https:\\\/\\\/gohike.lv\\\/ru\\\/#website\",\"url\":\"https:\\\/\\\/gohike.lv\\\/ru\\\/\",\"name\":\"GoHike\",\"description\":\"\",\"publisher\":{\"@id\":\"https:\\\/\\\/gohike.lv\\\/ru\\\/#organization\"},\"potentialAction\":[{\"@type\":\"SearchAction\",\"target\":{\"@type\":\"EntryPoint\",\"urlTemplate\":\"https:\\\/\\\/gohike.lv\\\/ru\\\/?s={search_term_string}\"},\"query-input\":{\"@type\":\"PropertyValueSpecification\",\"valueRequired\":true,\"valueName\":\"search_term_string\"}}],\"inLanguage\":\"ru-RU\"},{\"@type\":\"Organization\",\"@id\":\"https:\\\/\\\/gohike.lv\\\/ru\\\/#organization\",\"name\":\"GoHike\",\"url\":\"https:\\\/\\\/gohike.lv\\\/ru\\\/\",\"logo\":{\"@type\":\"ImageObject\",\"inLanguage\":\"ru-RU\",\"@id\":\"https:\\\/\\\/gohike.lv\\\/ru\\\/#\\\/schema\\\/logo\\\/image\\\/\",\"url\":\"https:\\\/\\\/gohike.lv\\\/wp-content\\\/uploads\\\/2023\\\/08\\\/Logo_GoHike.webp\",\"contentUrl\":\"https:\\\/\\\/gohike.lv\\\/wp-content\\\/uploads\\\/2023\\\/08\\\/Logo_GoHike.webp\",\"width\":512,\"height\":512,\"caption\":\"GoHike\"},\"image\":{\"@id\":\"https:\\\/\\\/gohike.lv\\\/ru\\\/#\\\/schema\\\/logo\\\/image\\\/\"},\"sameAs\":[\"https:\\\/\\\/www.facebook.com\\\/gohike.shop\\\/\",\"https:\\\/\\\/www.instagram.com\\\/gohike.shop\\\/\"]}]}<\/script>\n<!-- \/ Yoast SEO plugin. -->","yoast_head_json":{"title":"Naturehike - \u0112rts penoplasta spilvens 3D","description":"Spilvens Naturehike ir pamata aksesu\u0101rs vesel\u012bgam miegam. Izgatavots no iztur\u012bgiem, \u016bdensnecaurlaid\u012bgiem materi\u0101liem.","robots":{"index":"index","follow":"follow","max-snippet":"max-snippet:-1","max-image-preview":"max-image-preview:large","max-video-preview":"max-video-preview:-1"},"canonical":"https:\/\/gohike.lv\/ru\/produkts\/naturehike-erts-penoplasta-spilvens-3d\/","og_locale":"ru_RU","og_type":"article","og_title":"Naturehike - Spilvens","og_description":"Spilvens Naturehike ir pamata aksesu\u0101rs vesel\u012bgam miegam. Izgatavots no iztur\u012bgiem, \u016bdensnecaurlaid\u012bgiem materi\u0101liem.","og_url":"https:\/\/gohike.lv\/ru\/produkts\/naturehike-erts-penoplasta-spilvens-3d\/","og_site_name":"GoHike","article_publisher":"https:\/\/www.facebook.com\/gohike.shop\/","article_modified_time":"2025-10-15T20:08:01+00:00","og_image":[{"width":630,"height":630,"url":"https:\/\/gohike.lv\/wp-content\/uploads\/2024\/03\/3d_comf_pillow_-1.webp","type":"image\/webp"}],"twitter_card":"summary_large_image","twitter_title":"Naturehike - Spilvens","twitter_misc":{"\u041f\u0440\u0438\u043c\u0435\u0440\u043d\u043e\u0435 \u0432\u0440\u0435\u043c\u044f \u0434\u043b\u044f \u0447\u0442\u0435\u043d\u0438\u044f":"1 \u043c\u0438\u043d\u0443\u0442\u0430"},"schema":{"@context":"https:\/\/schema.org","@graph":[{"@type":["WebPage","ItemPage"],"@id":"https:\/\/gohike.lv\/ru\/produkts\/naturehike-erts-penoplasta-spilvens-3d\/","url":"https:\/\/gohike.lv\/ru\/produkts\/naturehike-erts-penoplasta-spilvens-3d\/","name":"Naturehike - \u0112rts penoplasta spilvens 3D","isPartOf":{"@id":"https:\/\/gohike.lv\/ru\/#website"},"primaryImageOfPage":{"@id":"https:\/\/gohike.lv\/ru\/produkts\/naturehike-erts-penoplasta-spilvens-3d\/#primaryimage"},"image":{"@id":"https:\/\/gohike.lv\/ru\/produkts\/naturehike-erts-penoplasta-spilvens-3d\/#primaryimage"},"thumbnailUrl":"https:\/\/gohike.lv\/wp-content\/uploads\/2024\/03\/3d_comf_pillow_-1.webp","datePublished":"2024-05-10T08:51:10+00:00","dateModified":"2025-10-15T20:08:01+00:00","description":"Spilvens Naturehike ir pamata aksesu\u0101rs vesel\u012bgam miegam. Izgatavots no iztur\u012bgiem, \u016bdensnecaurlaid\u012bgiem materi\u0101liem.","breadcrumb":{"@id":"https:\/\/gohike.lv\/ru\/produkts\/naturehike-erts-penoplasta-spilvens-3d\/#breadcrumb"},"inLanguage":"ru-RU","potentialAction":[{"@type":"ReadAction","target":["https:\/\/gohike.lv\/ru\/produkts\/naturehike-erts-penoplasta-spilvens-3d\/"]}]},{"@type":"ImageObject","inLanguage":"ru-RU","@id":"https:\/\/gohike.lv\/ru\/produkts\/naturehike-erts-penoplasta-spilvens-3d\/#primaryimage","url":"https:\/\/gohike.lv\/wp-content\/uploads\/2024\/03\/3d_comf_pillow_-1.webp","contentUrl":"https:\/\/gohike.lv\/wp-content\/uploads\/2024\/03\/3d_comf_pillow_-1.webp","width":630,"height":630},{"@type":"BreadcrumbList","@id":"https:\/\/gohike.lv\/ru\/produkts\/naturehike-erts-penoplasta-spilvens-3d\/#breadcrumb","itemListElement":[{"@type":"ListItem","position":1,"name":"\u0413\u043b\u0430\u0432\u043d\u0430\u044f","item":"https:\/\/gohike.lv\/ru\/"},{"@type":"ListItem","position":2,"name":"\u041a\u0430\u0442\u0435\u0433\u043e\u0440\u0438\u0438 \u0442\u043e\u0432\u0430\u0440\u043e\u0432","item":"https:\/\/gohike.lv\/%d0%ba%d0%b0%d1%82%d0%b5%d0%b3%d0%be%d1%80%d0%b8%d0%b8-%d1%82%d0%be%d0%b2%d0%b0%d1%80%d0%be%d0%b2\/"},{"@type":"ListItem","position":3,"name":"Naturehike &#8211; \u0112rts penoplasta spilvens 3D"}]},{"@type":"WebSite","@id":"https:\/\/gohike.lv\/ru\/#website","url":"https:\/\/gohike.lv\/ru\/","name":"GoHike","description":"","publisher":{"@id":"https:\/\/gohike.lv\/ru\/#organization"},"potentialAction":[{"@type":"SearchAction","target":{"@type":"EntryPoint","urlTemplate":"https:\/\/gohike.lv\/ru\/?s={search_term_string}"},"query-input":{"@type":"PropertyValueSpecification","valueRequired":true,"valueName":"search_term_string"}}],"inLanguage":"ru-RU"},{"@type":"Organization","@id":"https:\/\/gohike.lv\/ru\/#organization","name":"GoHike","url":"https:\/\/gohike.lv\/ru\/","logo":{"@type":"ImageObject","inLanguage":"ru-RU","@id":"https:\/\/gohike.lv\/ru\/#\/schema\/logo\/image\/","url":"https:\/\/gohike.lv\/wp-content\/uploads\/2023\/08\/Logo_GoHike.webp","contentUrl":"https:\/\/gohike.lv\/wp-content\/uploads\/2023\/08\/Logo_GoHike.webp","width":512,"height":512,"caption":"GoHike"},"image":{"@id":"https:\/\/gohike.lv\/ru\/#\/schema\/logo\/image\/"},"sameAs":["https:\/\/www.facebook.com\/gohike.shop\/","https:\/\/www.instagram.com\/gohike.shop\/"]}]}},"jetpack_sharing_enabled":true,"_links":{"self":[{"href":"https:\/\/gohike.lv\/ru\/wp-json\/wp\/v2\/product\/54354","targetHints":{"allow":["GET"]}}],"collection":[{"href":"https:\/\/gohike.lv\/ru\/wp-json\/wp\/v2\/product"}],"about":[{"href":"https:\/\/gohike.lv\/ru\/wp-json\/wp\/v2\/types\/product"}],"version-history":[{"count":0,"href":"https:\/\/gohike.lv\/ru\/wp-json\/wp\/v2\/product\/54354\/revisions"}],"wp:featuredmedia":[{"embeddable":true,"href":"https:\/\/gohike.lv\/ru\/wp-json\/wp\/v2\/media\/24838"}],"wp:attachment":[{"href":"https:\/\/gohike.lv\/ru\/wp-json\/wp\/v2\/media?parent=54354"}],"wp:term":[{"taxonomy":"product_brand","embeddable":true,"href":"https:\/\/gohike.lv\/ru\/wp-json\/wp\/v2\/product_brand?post=54354"},{"taxonomy":"product_cat","embeddable":true,"href":"https:\/\/gohike.lv\/ru\/wp-json\/wp\/v2\/product_cat?post=54354"},{"taxonomy":"product_tag","embeddable":true,"href":"https:\/\/gohike.lv\/ru\/wp-json\/wp\/v2\/product_tag?post=54354"}],"curies":[{"name":"wp","href":"https:\/\/api.w.org\/{rel}","templated":true}]}}