{"id":54352,"date":"2024-05-10T11:51:10","date_gmt":"2024-05-10T08:51:10","guid":{"rendered":"https:\/\/gohike.lv\/produkts\/naturehike-sponge-automatic-piepusamais-spilvens\/"},"modified":"2025-12-30T17:24:35","modified_gmt":"2025-12-30T14:24:35","slug":"naturehike-sponge-automatic-piepusamais-spilvens","status":"publish","type":"product","link":"https:\/\/gohike.lv\/ru\/produkts\/naturehike-sponge-automatic-piepusamais-spilvens\/","title":{"rendered":"Naturehike &#8212; Sponge automatic piep\u016b\u0161ams spilvens"},"content":{"rendered":"<p>Spilvena anatomisk\u0101 forma ar gludu l\u012bkumu kakla da\u013c\u0101 atbalsta galvu \u0113rt\u0101 st\u0101vokl\u012b, veicinot maksim\u0101lu musku\u013cu atsl\u0101bin\u0101\u0161anu un atbr\u012bvojot no s\u0101p\u0113m kakla mugurkaula da\u013c\u0101.<br \/>\n\u0160\u016bts no augsta bl\u012bvuma 30D neilona ar pievienotu termoplastisk\u0101 poliuret\u0101na p\u0101rkl\u0101jumu (TPU).<br \/>\n\u0160\u012b kombin\u0101cija rada m\u012bkstu un iztur\u012bgu materi\u0101lu, kas ir ar\u012b 100% \u016bdensnecaurlaid\u012bgs.<br \/>\nMateri\u0101la virsma neuzs\u016bc \u016bdens pilienus un atgr\u016b\u017e net\u012brumus, t\u0101p\u0113c izstr\u0101d\u0101jums ilgi saglab\u0101 s\u0101kotn\u0113jo kr\u0101su un neprasa regul\u0101ru kop\u0161anu.<br \/>\nLai not\u012br\u012btu spilvenu, vienk\u0101r\u0161i noslaukiet audumu ar m\u012bkstu s\u016bkli vai izskalojiet \u016bden\u012b.<br \/>\nSpilvens ir apr\u012bkots ar plastmasas v\u0101rstu, t\u0101 atv\u0113r\u0161anas rezult\u0101t\u0101 izstr\u0101d\u0101jums autom\u0101tiski piep\u016b\u0161as.<br \/>\nLietot\u0101js var patst\u0101v\u012bgi regul\u0113t spilvena augstumu robe\u017e\u0101s no 6 l\u012bdz 8 cm.<br \/>\nKomplekt\u0101 ietilpst futl\u0101ris \u0113rtai transport\u0113\u0161anai.<br \/>\nRaksturlielumi:<br \/>\nKr\u0101sa: b\u0113\u0161a;<br \/>\nMateri\u0101li: 30D neilons (80%), TPU (20%);<br \/>\nIzm\u0113ri izv\u0113rst\u0101 veid\u0101: 45 x 30 centimetri;<br \/>\nAugstumu var regul\u0113t robe\u017e\u0101s no 6 l\u012bdz 8 centimetriem;<br \/>\nIzm\u0113ri saloc\u012bt\u0101 veid\u0101: 12 x 26 centimetri;<br \/>\nSvars: 250 gr.<\/p>\n","protected":false},"excerpt":{"rendered":"<p>Pa\u0161piep\u016b\u0161amo spilvenu Naturhike var izmantot atp\u016btai telt\u012b vai ma\u0161\u012bn\u0101.<\/p>\n","protected":false},"featured_media":24822,"template":"","meta":[],"product_brand":[167],"product_cat":[1510],"product_tag":[],"class_list":{"0":"post-54352","1":"product","2":"type-product","3":"status-publish","4":"has-post-thumbnail","6":"product_brand-naturehike-lv","7":"product_cat-paklajini-un-spilveni","8":"pa_izmeriscm-9988","9":"pa_materiali-neilons-30d-80","10":"pa_materiali-tpu-20","11":"pa_produkta-tips-spilveni","12":"pa_saliktas-preces-izmerscm-8832","13":"pa_spalva-haki","15":"first","16":"outofstock","17":"taxable","18":"shipping-taxable","19":"purchasable","20":"product-type-simple"},"raw_content":{"name":"Naturehike - Sponge automatic piep\u016b\u0161ams spilvens","description":"Spilvena anatomisk\u0101 forma ar gludu l\u012bkumu kakla da\u013c\u0101 atbalsta galvu \u0113rt\u0101 st\u0101vokl\u012b, veicinot maksim\u0101lu musku\u013cu atsl\u0101bin\u0101\u0161anu un atbr\u012bvojot no s\u0101p\u0113m kakla mugurkaula da\u013c\u0101.\n\u0160\u016bts no augsta bl\u012bvuma 30D neilona ar pievienotu termoplastisk\u0101 poliuret\u0101na p\u0101rkl\u0101jumu (TPU).\n\u0160\u012b kombin\u0101cija rada m\u012bkstu un iztur\u012bgu materi\u0101lu, kas ir ar\u012b 100% \u016bdensnecaurlaid\u012bgs.\nMateri\u0101la virsma neuzs\u016bc \u016bdens pilienus un atgr\u016b\u017e net\u012brumus, t\u0101p\u0113c izstr\u0101d\u0101jums ilgi saglab\u0101 s\u0101kotn\u0113jo kr\u0101su un neprasa regul\u0101ru kop\u0161anu.\nLai not\u012br\u012btu spilvenu, vienk\u0101r\u0161i noslaukiet audumu ar m\u012bkstu s\u016bkli vai izskalojiet \u016bden\u012b.\nSpilvens ir apr\u012bkots ar plastmasas v\u0101rstu, t\u0101 atv\u0113r\u0161anas rezult\u0101t\u0101 izstr\u0101d\u0101jums autom\u0101tiski piep\u016b\u0161as.\nLietot\u0101js var patst\u0101v\u012bgi regul\u0113t spilvena augstumu robe\u017e\u0101s no 6 l\u012bdz 8 cm.\nKomplekt\u0101 ietilpst futl\u0101ris \u0113rtai transport\u0113\u0161anai.\nRaksturlielumi:\nKr\u0101sa: b\u0113\u0161a;\nMateri\u0101li: 30D neilons (80%), TPU (20%);\nIzm\u0113ri izv\u0113rst\u0101 veid\u0101: 45 x 30 centimetri;\nAugstumu var regul\u0113t robe\u017e\u0101s no 6 l\u012bdz 8 centimetriem;\nIzm\u0113ri saloc\u012bt\u0101 veid\u0101: 12 x 26 centimetri;\nSvars: 250 gr.","short_description":"Pa\u0161piep\u016b\u0161amo spilvenu Naturhike var izmantot atp\u016btai telt\u012b vai ma\u0161\u012bn\u0101.","status":"publish","sku":"6927595773871","original":54352},"wpml":{"translation_type":1,"has_translations":true,"original":54352,"duplicates":[],"translations":{"lv":54352,"en":67328,"ru":null}},"supplier_id":null,"supplier_sku":"","barcode":null,"atum_controlled":true,"out_stock_date":null,"out_stock_threshold":null,"inheritable":false,"inbound_stock":null,"stock_on_hold":0,"sold_today":0,"sales_last_days":0,"reserved_stock":null,"customer_returns":null,"warehouse_damage":null,"lost_in_post":null,"other_logs":null,"out_stock_days":0,"lost_sales":0,"has_location":null,"update_date":"2025-12-30T14:30:34","atum_locations":[],"atum_stock_status":"outofstock","restock_status":false,"low_stock_amount":"","sales_update_date":"2025-11-13T14:07:54","calc_backorders":null,"yoast_head":"<!-- This site is optimized with the Yoast SEO plugin v27.3 - https:\/\/yoast.com\/product\/yoast-seo-wordpress\/ -->\n<title>Naturehike - Sponge automatic piep\u016b\u0161ams spilvens<\/title>\n<meta name=\"description\" content=\"Pa\u0161piep\u016b\u0161amo spilvenu Naturhike var izmantot atp\u016btai telt\u012b vai ma\u0161\u012bn\u0101. Spilvena anatomisk\u0101 forma ar gludu l\u012bkumu kakla da\u013c\u0101 atbalsta galvu \u0113rt\u0101 st\u0101vokl\u012b.\" \/>\n<meta name=\"robots\" content=\"index, follow, max-snippet:-1, max-image-preview:large, max-video-preview:-1\" \/>\n<link rel=\"canonical\" href=\"https:\/\/gohike.lv\/ru\/produkts\/naturehike-sponge-automatic-piepusamais-spilvens\/\" \/>\n<meta property=\"og:locale\" content=\"ru_RU\" \/>\n<meta property=\"og:type\" content=\"article\" \/>\n<meta property=\"og:title\" content=\"Naturehike - Spilvens\" \/>\n<meta property=\"og:description\" content=\"Pa\u0161piep\u016b\u0161amo spilvenu Naturhike var izmantot atp\u016btai telt\u012b vai ma\u0161\u012bn\u0101. Spilvena anatomisk\u0101 forma ar gludu l\u012bkumu kakla da\u013c\u0101 atbalsta galvu \u0113rt\u0101 st\u0101vokl\u012b.\" \/>\n<meta property=\"og:url\" content=\"https:\/\/gohike.lv\/ru\/produkts\/naturehike-sponge-automatic-piepusamais-spilvens\/\" \/>\n<meta property=\"og:site_name\" content=\"GoHike\" \/>\n<meta property=\"article:publisher\" content=\"https:\/\/www.facebook.com\/gohike.shop\/\" \/>\n<meta property=\"article:modified_time\" content=\"2025-12-30T14:24:35+00:00\" \/>\n<meta property=\"og:image\" content=\"https:\/\/gohike.lv\/wp-content\/uploads\/2024\/03\/sponge_pillow_khaki.webp\" \/>\n\t<meta property=\"og:image:width\" content=\"720\" \/>\n\t<meta property=\"og:image:height\" content=\"720\" \/>\n\t<meta property=\"og:image:type\" content=\"image\/webp\" \/>\n<meta name=\"twitter:card\" content=\"summary_large_image\" \/>\n<meta name=\"twitter:title\" content=\"Naturehike - Spilvens\" \/>\n<meta name=\"twitter:label1\" content=\"\u041f\u0440\u0438\u043c\u0435\u0440\u043d\u043e\u0435 \u0432\u0440\u0435\u043c\u044f \u0434\u043b\u044f \u0447\u0442\u0435\u043d\u0438\u044f\" \/>\n\t<meta name=\"twitter:data1\" content=\"1 \u043c\u0438\u043d\u0443\u0442\u0430\" \/>\n<script type=\"application\/ld+json\" class=\"yoast-schema-graph\">{\"@context\":\"https:\\\/\\\/schema.org\",\"@graph\":[{\"@type\":[\"WebPage\",\"ItemPage\"],\"@id\":\"https:\\\/\\\/gohike.lv\\\/ru\\\/produkts\\\/naturehike-sponge-automatic-piepusamais-spilvens\\\/\",\"url\":\"https:\\\/\\\/gohike.lv\\\/ru\\\/produkts\\\/naturehike-sponge-automatic-piepusamais-spilvens\\\/\",\"name\":\"Naturehike - Sponge automatic piep\u016b\u0161ams spilvens\",\"isPartOf\":{\"@id\":\"https:\\\/\\\/gohike.lv\\\/ru\\\/#website\"},\"primaryImageOfPage\":{\"@id\":\"https:\\\/\\\/gohike.lv\\\/ru\\\/produkts\\\/naturehike-sponge-automatic-piepusamais-spilvens\\\/#primaryimage\"},\"image\":{\"@id\":\"https:\\\/\\\/gohike.lv\\\/ru\\\/produkts\\\/naturehike-sponge-automatic-piepusamais-spilvens\\\/#primaryimage\"},\"thumbnailUrl\":\"https:\\\/\\\/gohike.lv\\\/wp-content\\\/uploads\\\/2024\\\/03\\\/sponge_pillow_khaki.webp\",\"datePublished\":\"2024-05-10T08:51:10+00:00\",\"dateModified\":\"2025-12-30T14:24:35+00:00\",\"description\":\"Pa\u0161piep\u016b\u0161amo spilvenu Naturhike var izmantot atp\u016btai telt\u012b vai ma\u0161\u012bn\u0101. Spilvena anatomisk\u0101 forma ar gludu l\u012bkumu kakla da\u013c\u0101 atbalsta galvu \u0113rt\u0101 st\u0101vokl\u012b.\",\"breadcrumb\":{\"@id\":\"https:\\\/\\\/gohike.lv\\\/ru\\\/produkts\\\/naturehike-sponge-automatic-piepusamais-spilvens\\\/#breadcrumb\"},\"inLanguage\":\"ru-RU\",\"potentialAction\":[{\"@type\":\"ReadAction\",\"target\":[\"https:\\\/\\\/gohike.lv\\\/ru\\\/produkts\\\/naturehike-sponge-automatic-piepusamais-spilvens\\\/\"]}]},{\"@type\":\"ImageObject\",\"inLanguage\":\"ru-RU\",\"@id\":\"https:\\\/\\\/gohike.lv\\\/ru\\\/produkts\\\/naturehike-sponge-automatic-piepusamais-spilvens\\\/#primaryimage\",\"url\":\"https:\\\/\\\/gohike.lv\\\/wp-content\\\/uploads\\\/2024\\\/03\\\/sponge_pillow_khaki.webp\",\"contentUrl\":\"https:\\\/\\\/gohike.lv\\\/wp-content\\\/uploads\\\/2024\\\/03\\\/sponge_pillow_khaki.webp\",\"width\":720,\"height\":720},{\"@type\":\"BreadcrumbList\",\"@id\":\"https:\\\/\\\/gohike.lv\\\/ru\\\/produkts\\\/naturehike-sponge-automatic-piepusamais-spilvens\\\/#breadcrumb\",\"itemListElement\":[{\"@type\":\"ListItem\",\"position\":1,\"name\":\"\u0413\u043b\u0430\u0432\u043d\u0430\u044f\",\"item\":\"https:\\\/\\\/gohike.lv\\\/ru\\\/\"},{\"@type\":\"ListItem\",\"position\":2,\"name\":\"\u041a\u0430\u0442\u0435\u0433\u043e\u0440\u0438\u0438 \u0442\u043e\u0432\u0430\u0440\u043e\u0432\",\"item\":\"https:\\\/\\\/gohike.lv\\\/%d0%ba%d0%b0%d1%82%d0%b5%d0%b3%d0%be%d1%80%d0%b8%d0%b8-%d1%82%d0%be%d0%b2%d0%b0%d1%80%d0%be%d0%b2\\\/\"},{\"@type\":\"ListItem\",\"position\":3,\"name\":\"Naturehike &#8211; Sponge automatic piep\u016b\u0161ams spilvens\"}]},{\"@type\":\"WebSite\",\"@id\":\"https:\\\/\\\/gohike.lv\\\/ru\\\/#website\",\"url\":\"https:\\\/\\\/gohike.lv\\\/ru\\\/\",\"name\":\"GoHike\",\"description\":\"\",\"publisher\":{\"@id\":\"https:\\\/\\\/gohike.lv\\\/ru\\\/#organization\"},\"potentialAction\":[{\"@type\":\"SearchAction\",\"target\":{\"@type\":\"EntryPoint\",\"urlTemplate\":\"https:\\\/\\\/gohike.lv\\\/ru\\\/?s={search_term_string}\"},\"query-input\":{\"@type\":\"PropertyValueSpecification\",\"valueRequired\":true,\"valueName\":\"search_term_string\"}}],\"inLanguage\":\"ru-RU\"},{\"@type\":\"Organization\",\"@id\":\"https:\\\/\\\/gohike.lv\\\/ru\\\/#organization\",\"name\":\"GoHike\",\"url\":\"https:\\\/\\\/gohike.lv\\\/ru\\\/\",\"logo\":{\"@type\":\"ImageObject\",\"inLanguage\":\"ru-RU\",\"@id\":\"https:\\\/\\\/gohike.lv\\\/ru\\\/#\\\/schema\\\/logo\\\/image\\\/\",\"url\":\"https:\\\/\\\/gohike.lv\\\/wp-content\\\/uploads\\\/2023\\\/08\\\/Logo_GoHike.webp\",\"contentUrl\":\"https:\\\/\\\/gohike.lv\\\/wp-content\\\/uploads\\\/2023\\\/08\\\/Logo_GoHike.webp\",\"width\":512,\"height\":512,\"caption\":\"GoHike\"},\"image\":{\"@id\":\"https:\\\/\\\/gohike.lv\\\/ru\\\/#\\\/schema\\\/logo\\\/image\\\/\"},\"sameAs\":[\"https:\\\/\\\/www.facebook.com\\\/gohike.shop\\\/\",\"https:\\\/\\\/www.instagram.com\\\/gohike.shop\\\/\"]}]}<\/script>\n<!-- \/ Yoast SEO plugin. -->","yoast_head_json":{"title":"Naturehike - Sponge automatic piep\u016b\u0161ams spilvens","description":"Pa\u0161piep\u016b\u0161amo spilvenu Naturhike var izmantot atp\u016btai telt\u012b vai ma\u0161\u012bn\u0101. Spilvena anatomisk\u0101 forma ar gludu l\u012bkumu kakla da\u013c\u0101 atbalsta galvu \u0113rt\u0101 st\u0101vokl\u012b.","robots":{"index":"index","follow":"follow","max-snippet":"max-snippet:-1","max-image-preview":"max-image-preview:large","max-video-preview":"max-video-preview:-1"},"canonical":"https:\/\/gohike.lv\/ru\/produkts\/naturehike-sponge-automatic-piepusamais-spilvens\/","og_locale":"ru_RU","og_type":"article","og_title":"Naturehike - Spilvens","og_description":"Pa\u0161piep\u016b\u0161amo spilvenu Naturhike var izmantot atp\u016btai telt\u012b vai ma\u0161\u012bn\u0101. Spilvena anatomisk\u0101 forma ar gludu l\u012bkumu kakla da\u013c\u0101 atbalsta galvu \u0113rt\u0101 st\u0101vokl\u012b.","og_url":"https:\/\/gohike.lv\/ru\/produkts\/naturehike-sponge-automatic-piepusamais-spilvens\/","og_site_name":"GoHike","article_publisher":"https:\/\/www.facebook.com\/gohike.shop\/","article_modified_time":"2025-12-30T14:24:35+00:00","og_image":[{"width":720,"height":720,"url":"https:\/\/gohike.lv\/wp-content\/uploads\/2024\/03\/sponge_pillow_khaki.webp","type":"image\/webp"}],"twitter_card":"summary_large_image","twitter_title":"Naturehike - Spilvens","twitter_misc":{"\u041f\u0440\u0438\u043c\u0435\u0440\u043d\u043e\u0435 \u0432\u0440\u0435\u043c\u044f \u0434\u043b\u044f \u0447\u0442\u0435\u043d\u0438\u044f":"1 \u043c\u0438\u043d\u0443\u0442\u0430"},"schema":{"@context":"https:\/\/schema.org","@graph":[{"@type":["WebPage","ItemPage"],"@id":"https:\/\/gohike.lv\/ru\/produkts\/naturehike-sponge-automatic-piepusamais-spilvens\/","url":"https:\/\/gohike.lv\/ru\/produkts\/naturehike-sponge-automatic-piepusamais-spilvens\/","name":"Naturehike - Sponge automatic piep\u016b\u0161ams spilvens","isPartOf":{"@id":"https:\/\/gohike.lv\/ru\/#website"},"primaryImageOfPage":{"@id":"https:\/\/gohike.lv\/ru\/produkts\/naturehike-sponge-automatic-piepusamais-spilvens\/#primaryimage"},"image":{"@id":"https:\/\/gohike.lv\/ru\/produkts\/naturehike-sponge-automatic-piepusamais-spilvens\/#primaryimage"},"thumbnailUrl":"https:\/\/gohike.lv\/wp-content\/uploads\/2024\/03\/sponge_pillow_khaki.webp","datePublished":"2024-05-10T08:51:10+00:00","dateModified":"2025-12-30T14:24:35+00:00","description":"Pa\u0161piep\u016b\u0161amo spilvenu Naturhike var izmantot atp\u016btai telt\u012b vai ma\u0161\u012bn\u0101. Spilvena anatomisk\u0101 forma ar gludu l\u012bkumu kakla da\u013c\u0101 atbalsta galvu \u0113rt\u0101 st\u0101vokl\u012b.","breadcrumb":{"@id":"https:\/\/gohike.lv\/ru\/produkts\/naturehike-sponge-automatic-piepusamais-spilvens\/#breadcrumb"},"inLanguage":"ru-RU","potentialAction":[{"@type":"ReadAction","target":["https:\/\/gohike.lv\/ru\/produkts\/naturehike-sponge-automatic-piepusamais-spilvens\/"]}]},{"@type":"ImageObject","inLanguage":"ru-RU","@id":"https:\/\/gohike.lv\/ru\/produkts\/naturehike-sponge-automatic-piepusamais-spilvens\/#primaryimage","url":"https:\/\/gohike.lv\/wp-content\/uploads\/2024\/03\/sponge_pillow_khaki.webp","contentUrl":"https:\/\/gohike.lv\/wp-content\/uploads\/2024\/03\/sponge_pillow_khaki.webp","width":720,"height":720},{"@type":"BreadcrumbList","@id":"https:\/\/gohike.lv\/ru\/produkts\/naturehike-sponge-automatic-piepusamais-spilvens\/#breadcrumb","itemListElement":[{"@type":"ListItem","position":1,"name":"\u0413\u043b\u0430\u0432\u043d\u0430\u044f","item":"https:\/\/gohike.lv\/ru\/"},{"@type":"ListItem","position":2,"name":"\u041a\u0430\u0442\u0435\u0433\u043e\u0440\u0438\u0438 \u0442\u043e\u0432\u0430\u0440\u043e\u0432","item":"https:\/\/gohike.lv\/%d0%ba%d0%b0%d1%82%d0%b5%d0%b3%d0%be%d1%80%d0%b8%d0%b8-%d1%82%d0%be%d0%b2%d0%b0%d1%80%d0%be%d0%b2\/"},{"@type":"ListItem","position":3,"name":"Naturehike &#8211; Sponge automatic piep\u016b\u0161ams spilvens"}]},{"@type":"WebSite","@id":"https:\/\/gohike.lv\/ru\/#website","url":"https:\/\/gohike.lv\/ru\/","name":"GoHike","description":"","publisher":{"@id":"https:\/\/gohike.lv\/ru\/#organization"},"potentialAction":[{"@type":"SearchAction","target":{"@type":"EntryPoint","urlTemplate":"https:\/\/gohike.lv\/ru\/?s={search_term_string}"},"query-input":{"@type":"PropertyValueSpecification","valueRequired":true,"valueName":"search_term_string"}}],"inLanguage":"ru-RU"},{"@type":"Organization","@id":"https:\/\/gohike.lv\/ru\/#organization","name":"GoHike","url":"https:\/\/gohike.lv\/ru\/","logo":{"@type":"ImageObject","inLanguage":"ru-RU","@id":"https:\/\/gohike.lv\/ru\/#\/schema\/logo\/image\/","url":"https:\/\/gohike.lv\/wp-content\/uploads\/2023\/08\/Logo_GoHike.webp","contentUrl":"https:\/\/gohike.lv\/wp-content\/uploads\/2023\/08\/Logo_GoHike.webp","width":512,"height":512,"caption":"GoHike"},"image":{"@id":"https:\/\/gohike.lv\/ru\/#\/schema\/logo\/image\/"},"sameAs":["https:\/\/www.facebook.com\/gohike.shop\/","https:\/\/www.instagram.com\/gohike.shop\/"]}]}},"jetpack_sharing_enabled":true,"_links":{"self":[{"href":"https:\/\/gohike.lv\/ru\/wp-json\/wp\/v2\/product\/54352","targetHints":{"allow":["GET"]}}],"collection":[{"href":"https:\/\/gohike.lv\/ru\/wp-json\/wp\/v2\/product"}],"about":[{"href":"https:\/\/gohike.lv\/ru\/wp-json\/wp\/v2\/types\/product"}],"version-history":[{"count":0,"href":"https:\/\/gohike.lv\/ru\/wp-json\/wp\/v2\/product\/54352\/revisions"}],"wp:featuredmedia":[{"embeddable":true,"href":"https:\/\/gohike.lv\/ru\/wp-json\/wp\/v2\/media\/24822"}],"wp:attachment":[{"href":"https:\/\/gohike.lv\/ru\/wp-json\/wp\/v2\/media?parent=54352"}],"wp:term":[{"taxonomy":"product_brand","embeddable":true,"href":"https:\/\/gohike.lv\/ru\/wp-json\/wp\/v2\/product_brand?post=54352"},{"taxonomy":"product_cat","embeddable":true,"href":"https:\/\/gohike.lv\/ru\/wp-json\/wp\/v2\/product_cat?post=54352"},{"taxonomy":"product_tag","embeddable":true,"href":"https:\/\/gohike.lv\/ru\/wp-json\/wp\/v2\/product_tag?post=54352"}],"curies":[{"name":"wp","href":"https:\/\/api.w.org\/{rel}","templated":true}]}}