{"id":54321,"date":"2024-05-10T11:27:14","date_gmt":"2024-05-10T08:27:14","guid":{"rendered":"https:\/\/gohike.lv\/produkts\/naturehike-saliekamais-galdins-ar-uzglabasanas-kasti-ar-mikstu-virsmu-haki\/"},"modified":"2025-12-30T17:24:35","modified_gmt":"2025-12-30T14:24:35","slug":"naturehike-saliekamais-galdins-ar-uzglabasanas-kasti-ar-mikstu-virsmu-haki","status":"publish","type":"product","link":"https:\/\/gohike.lv\/ru\/produkts\/naturehike-saliekamais-galdins-ar-uzglabasanas-kasti-ar-mikstu-virsmu-haki\/","title":{"rendered":"Naturehike &#8212; Saliekams galds ar uzglab\u0101\u0161anas kasti un m\u012bkstu\u00a0virsmu &#8212; Haki"},"content":{"rendered":"<p>Tas ir ilgstsp\u0113j\u012bgs un nodilumiztur\u012bgs.<br \/>\nGalds ir \u0113rti lietojams, daudzfunkcion\u0101ls un salikt\u0101 veid\u0101 \u013coti kompakts.<br \/>\n\u012apa\u0161a atvilktne dod iesp\u0113ju glab\u0101t da\u017e\u0101das lietas.<br \/>\nTas ir izgatavots no augstas kvalit\u0101tes Oksforda 1680D auduma un neilona t\u012bkla.<br \/>\nAudums nepiecie\u0161am\u012bbas gad\u012bjum\u0101 ir viegli t\u012br\u0101ms, \u013coti iztur\u012bgs, k\u0101 ar\u012b nodro\u0161ina augstu gaisa caurlaid\u012bbu.<br \/>\nGalda k\u0101jas izgatavotas no \u013coti iztur\u012bga un uzticama alum\u012bnija sakaus\u0113juma.<br \/>\nT\u0101s ir stabilas un nesl\u012bd\u0113s.<br \/>\nSpecifik\u0101cija:<br \/>\nSaliekamais galds t\u016brismam, akt\u012bvai atp\u016btai;<br \/>\nKr\u0101sa \u2013 haki;<br \/>\nKonstrukcij\u0101 ir iek\u013cauta atvilktne lietu glab\u0101\u0161anai;<br \/>\nMateri\u0101li: Oksforda 1680D audums, neilona t\u012bkls, alum\u012bnija sakaus\u0113jums;<br \/>\nMaksim\u0101l\u0101 slodze: 10 \u2013 15 kg;<br \/>\nGalda izm\u0113ri: 56,5 x 45 x 62 cm;<br \/>\nIepakojuma izm\u0113ri: 10 x 12 x 76 cm;<br \/>\nSvars: 1,2kg.<\/p>\n","protected":false},"excerpt":{"rendered":"<p>Saliekams galdi\u0146\u0161 ar uzglab\u0101\u0161anas kasti. \u013boti viegls, portat\u012bvs un \u0113rts.<\/p>\n","protected":false},"featured_media":25282,"template":"","meta":[],"product_brand":[167],"product_cat":[2493],"product_tag":[],"class_list":{"0":"post-54321","1":"product","2":"type-product","3":"status-publish","4":"has-post-thumbnail","6":"product_brand-naturehike-lv","7":"product_cat-kempinga-mebeles","8":"pa_izmeriscm-56-54562","9":"pa_izturiba-10-15kg","10":"pa_materiali-aluminija-sakausejums-atbalsts-aluminija-sakausejums","11":"pa_materiali-neilona-tikls","12":"pa_materiali-oskforda-audums-1680d","13":"pa_produkta-tips-galdi","14":"pa_spalva-haki","16":"first","17":"instock","18":"taxable","19":"shipping-taxable","20":"purchasable","21":"product-type-simple"},"raw_content":{"name":"Naturehike - Saliekams galds ar uzglab\u0101\u0161anas kasti un m\u012bkstu\u00a0virsmu - Haki","description":"Tas ir ilgstsp\u0113j\u012bgs un nodilumiztur\u012bgs.\nGalds ir \u0113rti lietojams, daudzfunkcion\u0101ls un salikt\u0101 veid\u0101 \u013coti kompakts.\n\u012apa\u0161a atvilktne dod iesp\u0113ju glab\u0101t da\u017e\u0101das lietas.\nTas ir izgatavots no augstas kvalit\u0101tes Oksforda 1680D auduma un neilona t\u012bkla.\nAudums nepiecie\u0161am\u012bbas gad\u012bjum\u0101 ir viegli t\u012br\u0101ms, \u013coti iztur\u012bgs, k\u0101 ar\u012b nodro\u0161ina augstu gaisa caurlaid\u012bbu.\nGalda k\u0101jas izgatavotas no \u013coti iztur\u012bga un uzticama alum\u012bnija sakaus\u0113juma.\nT\u0101s ir stabilas un nesl\u012bd\u0113s.\nSpecifik\u0101cija:\nSaliekamais galds t\u016brismam, akt\u012bvai atp\u016btai;\nKr\u0101sa \u2013 haki;\nKonstrukcij\u0101 ir iek\u013cauta atvilktne lietu glab\u0101\u0161anai;\nMateri\u0101li: Oksforda 1680D audums, neilona t\u012bkls, alum\u012bnija sakaus\u0113jums;\nMaksim\u0101l\u0101 slodze: 10 \u2013 15 kg;\nGalda izm\u0113ri: 56,5 x 45 x 62 cm;\nIepakojuma izm\u0113ri: 10 x 12 x 76 cm;\nSvars: 1,2kg.","short_description":"Saliekams galdi\u0146\u0161 ar uzglab\u0101\u0161anas kasti. \u013boti viegls, portat\u012bvs un \u0113rts.","status":"publish","sku":"6927595741955","original":54321},"wpml":{"translation_type":1,"has_translations":true,"original":54321,"duplicates":[],"translations":{"lv":54321,"en":67305,"ru":null}},"supplier_id":null,"supplier_sku":"","barcode":null,"atum_controlled":true,"out_stock_date":null,"out_stock_threshold":null,"inheritable":false,"inbound_stock":0,"stock_on_hold":0,"sold_today":0,"sales_last_days":0,"reserved_stock":0,"customer_returns":0,"warehouse_damage":0,"lost_in_post":0,"other_logs":0,"out_stock_days":0,"lost_sales":0,"has_location":false,"update_date":"2025-12-30T14:30:34","atum_locations":[],"atum_stock_status":"instock","restock_status":false,"low_stock_amount":"","sales_update_date":"2025-11-13T14:07:51","calc_backorders":null,"yoast_head":"<!-- This site is optimized with the Yoast SEO plugin v27.3 - https:\/\/yoast.com\/product\/yoast-seo-wordpress\/ -->\n<title>Naturehike - Saliekams galds ar uzglab\u0101\u0161anas kasti un m\u012bkstu\u00a0virsmu - Haki<\/title>\n<meta name=\"description\" content=\"Saliekams galdi\u0146\u0161 ar uzglab\u0101\u0161anas kasti. \u013boti viegls, portat\u012bvs un \u0113rts. Izgatavots no augstas kvalit\u0101tes Oksforda 1680D auduma un neilona t\u012bkla.\" \/>\n<meta name=\"robots\" content=\"index, follow, max-snippet:-1, max-image-preview:large, max-video-preview:-1\" \/>\n<link rel=\"canonical\" href=\"https:\/\/gohike.lv\/ru\/produkts\/naturehike-saliekamais-galdins-ar-uzglabasanas-kasti-ar-mikstu-virsmu-haki\/\" \/>\n<meta property=\"og:locale\" content=\"ru_RU\" \/>\n<meta property=\"og:type\" content=\"article\" \/>\n<meta property=\"og:title\" content=\"Naturehike - Saliekamais galds\" \/>\n<meta property=\"og:description\" content=\"Saliekams galdi\u0146\u0161 ar uzglab\u0101\u0161anas kasti. \u013boti viegls, portat\u012bvs un \u0113rts. Izgatavots no augstas kvalit\u0101tes Oksforda 1680D auduma un neilona t\u012bkla.\" \/>\n<meta property=\"og:url\" content=\"https:\/\/gohike.lv\/ru\/produkts\/naturehike-saliekamais-galdins-ar-uzglabasanas-kasti-ar-mikstu-virsmu-haki\/\" \/>\n<meta property=\"og:site_name\" content=\"GoHike\" \/>\n<meta property=\"article:publisher\" content=\"https:\/\/www.facebook.com\/gohike.shop\/\" \/>\n<meta property=\"article:modified_time\" content=\"2025-12-30T14:24:35+00:00\" \/>\n<meta property=\"og:image\" content=\"https:\/\/gohike.lv\/wp-content\/uploads\/2024\/03\/TableWithStorageBox_khaki.webp\" \/>\n\t<meta property=\"og:image:width\" content=\"581\" \/>\n\t<meta property=\"og:image:height\" content=\"581\" \/>\n\t<meta property=\"og:image:type\" content=\"image\/webp\" \/>\n<meta name=\"twitter:card\" content=\"summary_large_image\" \/>\n<meta name=\"twitter:title\" content=\"Naturehike - Saliekamais galds\" \/>\n<meta name=\"twitter:label1\" content=\"\u041f\u0440\u0438\u043c\u0435\u0440\u043d\u043e\u0435 \u0432\u0440\u0435\u043c\u044f \u0434\u043b\u044f \u0447\u0442\u0435\u043d\u0438\u044f\" \/>\n\t<meta name=\"twitter:data1\" content=\"1 \u043c\u0438\u043d\u0443\u0442\u0430\" \/>\n<script type=\"application\/ld+json\" class=\"yoast-schema-graph\">{\"@context\":\"https:\\\/\\\/schema.org\",\"@graph\":[{\"@type\":[\"WebPage\",\"ItemPage\"],\"@id\":\"https:\\\/\\\/gohike.lv\\\/ru\\\/produkts\\\/naturehike-saliekamais-galdins-ar-uzglabasanas-kasti-ar-mikstu-virsmu-haki\\\/\",\"url\":\"https:\\\/\\\/gohike.lv\\\/ru\\\/produkts\\\/naturehike-saliekamais-galdins-ar-uzglabasanas-kasti-ar-mikstu-virsmu-haki\\\/\",\"name\":\"Naturehike - Saliekams galds ar uzglab\u0101\u0161anas kasti un m\u012bkstu\u00a0virsmu - Haki\",\"isPartOf\":{\"@id\":\"https:\\\/\\\/gohike.lv\\\/ru\\\/#website\"},\"primaryImageOfPage\":{\"@id\":\"https:\\\/\\\/gohike.lv\\\/ru\\\/produkts\\\/naturehike-saliekamais-galdins-ar-uzglabasanas-kasti-ar-mikstu-virsmu-haki\\\/#primaryimage\"},\"image\":{\"@id\":\"https:\\\/\\\/gohike.lv\\\/ru\\\/produkts\\\/naturehike-saliekamais-galdins-ar-uzglabasanas-kasti-ar-mikstu-virsmu-haki\\\/#primaryimage\"},\"thumbnailUrl\":\"https:\\\/\\\/gohike.lv\\\/wp-content\\\/uploads\\\/2024\\\/03\\\/TableWithStorageBox_khaki.webp\",\"datePublished\":\"2024-05-10T08:27:14+00:00\",\"dateModified\":\"2025-12-30T14:24:35+00:00\",\"description\":\"Saliekams galdi\u0146\u0161 ar uzglab\u0101\u0161anas kasti. \u013boti viegls, portat\u012bvs un \u0113rts. Izgatavots no augstas kvalit\u0101tes Oksforda 1680D auduma un neilona t\u012bkla.\",\"breadcrumb\":{\"@id\":\"https:\\\/\\\/gohike.lv\\\/ru\\\/produkts\\\/naturehike-saliekamais-galdins-ar-uzglabasanas-kasti-ar-mikstu-virsmu-haki\\\/#breadcrumb\"},\"inLanguage\":\"ru-RU\",\"potentialAction\":[{\"@type\":\"ReadAction\",\"target\":[\"https:\\\/\\\/gohike.lv\\\/ru\\\/produkts\\\/naturehike-saliekamais-galdins-ar-uzglabasanas-kasti-ar-mikstu-virsmu-haki\\\/\"]}]},{\"@type\":\"ImageObject\",\"inLanguage\":\"ru-RU\",\"@id\":\"https:\\\/\\\/gohike.lv\\\/ru\\\/produkts\\\/naturehike-saliekamais-galdins-ar-uzglabasanas-kasti-ar-mikstu-virsmu-haki\\\/#primaryimage\",\"url\":\"https:\\\/\\\/gohike.lv\\\/wp-content\\\/uploads\\\/2024\\\/03\\\/TableWithStorageBox_khaki.webp\",\"contentUrl\":\"https:\\\/\\\/gohike.lv\\\/wp-content\\\/uploads\\\/2024\\\/03\\\/TableWithStorageBox_khaki.webp\",\"width\":581,\"height\":581},{\"@type\":\"BreadcrumbList\",\"@id\":\"https:\\\/\\\/gohike.lv\\\/ru\\\/produkts\\\/naturehike-saliekamais-galdins-ar-uzglabasanas-kasti-ar-mikstu-virsmu-haki\\\/#breadcrumb\",\"itemListElement\":[{\"@type\":\"ListItem\",\"position\":1,\"name\":\"\u0413\u043b\u0430\u0432\u043d\u0430\u044f\",\"item\":\"https:\\\/\\\/gohike.lv\\\/ru\\\/\"},{\"@type\":\"ListItem\",\"position\":2,\"name\":\"\u041a\u0430\u0442\u0435\u0433\u043e\u0440\u0438\u0438 \u0442\u043e\u0432\u0430\u0440\u043e\u0432\",\"item\":\"https:\\\/\\\/gohike.lv\\\/%d0%ba%d0%b0%d1%82%d0%b5%d0%b3%d0%be%d1%80%d0%b8%d0%b8-%d1%82%d0%be%d0%b2%d0%b0%d1%80%d0%be%d0%b2\\\/\"},{\"@type\":\"ListItem\",\"position\":3,\"name\":\"Naturehike &#8211; Saliekams galds ar uzglab\u0101\u0161anas kasti un m\u012bkstu\u00a0virsmu &#8211; Haki\"}]},{\"@type\":\"WebSite\",\"@id\":\"https:\\\/\\\/gohike.lv\\\/ru\\\/#website\",\"url\":\"https:\\\/\\\/gohike.lv\\\/ru\\\/\",\"name\":\"GoHike\",\"description\":\"\",\"publisher\":{\"@id\":\"https:\\\/\\\/gohike.lv\\\/ru\\\/#organization\"},\"potentialAction\":[{\"@type\":\"SearchAction\",\"target\":{\"@type\":\"EntryPoint\",\"urlTemplate\":\"https:\\\/\\\/gohike.lv\\\/ru\\\/?s={search_term_string}\"},\"query-input\":{\"@type\":\"PropertyValueSpecification\",\"valueRequired\":true,\"valueName\":\"search_term_string\"}}],\"inLanguage\":\"ru-RU\"},{\"@type\":\"Organization\",\"@id\":\"https:\\\/\\\/gohike.lv\\\/ru\\\/#organization\",\"name\":\"GoHike\",\"url\":\"https:\\\/\\\/gohike.lv\\\/ru\\\/\",\"logo\":{\"@type\":\"ImageObject\",\"inLanguage\":\"ru-RU\",\"@id\":\"https:\\\/\\\/gohike.lv\\\/ru\\\/#\\\/schema\\\/logo\\\/image\\\/\",\"url\":\"https:\\\/\\\/gohike.lv\\\/wp-content\\\/uploads\\\/2023\\\/08\\\/Logo_GoHike.webp\",\"contentUrl\":\"https:\\\/\\\/gohike.lv\\\/wp-content\\\/uploads\\\/2023\\\/08\\\/Logo_GoHike.webp\",\"width\":512,\"height\":512,\"caption\":\"GoHike\"},\"image\":{\"@id\":\"https:\\\/\\\/gohike.lv\\\/ru\\\/#\\\/schema\\\/logo\\\/image\\\/\"},\"sameAs\":[\"https:\\\/\\\/www.facebook.com\\\/gohike.shop\\\/\",\"https:\\\/\\\/www.instagram.com\\\/gohike.shop\\\/\"]}]}<\/script>\n<!-- \/ Yoast SEO plugin. -->","yoast_head_json":{"title":"Naturehike - Saliekams galds ar uzglab\u0101\u0161anas kasti un m\u012bkstu\u00a0virsmu - Haki","description":"Saliekams galdi\u0146\u0161 ar uzglab\u0101\u0161anas kasti. \u013boti viegls, portat\u012bvs un \u0113rts. Izgatavots no augstas kvalit\u0101tes Oksforda 1680D auduma un neilona t\u012bkla.","robots":{"index":"index","follow":"follow","max-snippet":"max-snippet:-1","max-image-preview":"max-image-preview:large","max-video-preview":"max-video-preview:-1"},"canonical":"https:\/\/gohike.lv\/ru\/produkts\/naturehike-saliekamais-galdins-ar-uzglabasanas-kasti-ar-mikstu-virsmu-haki\/","og_locale":"ru_RU","og_type":"article","og_title":"Naturehike - Saliekamais galds","og_description":"Saliekams galdi\u0146\u0161 ar uzglab\u0101\u0161anas kasti. \u013boti viegls, portat\u012bvs un \u0113rts. Izgatavots no augstas kvalit\u0101tes Oksforda 1680D auduma un neilona t\u012bkla.","og_url":"https:\/\/gohike.lv\/ru\/produkts\/naturehike-saliekamais-galdins-ar-uzglabasanas-kasti-ar-mikstu-virsmu-haki\/","og_site_name":"GoHike","article_publisher":"https:\/\/www.facebook.com\/gohike.shop\/","article_modified_time":"2025-12-30T14:24:35+00:00","og_image":[{"width":581,"height":581,"url":"https:\/\/gohike.lv\/wp-content\/uploads\/2024\/03\/TableWithStorageBox_khaki.webp","type":"image\/webp"}],"twitter_card":"summary_large_image","twitter_title":"Naturehike - Saliekamais galds","twitter_misc":{"\u041f\u0440\u0438\u043c\u0435\u0440\u043d\u043e\u0435 \u0432\u0440\u0435\u043c\u044f \u0434\u043b\u044f \u0447\u0442\u0435\u043d\u0438\u044f":"1 \u043c\u0438\u043d\u0443\u0442\u0430"},"schema":{"@context":"https:\/\/schema.org","@graph":[{"@type":["WebPage","ItemPage"],"@id":"https:\/\/gohike.lv\/ru\/produkts\/naturehike-saliekamais-galdins-ar-uzglabasanas-kasti-ar-mikstu-virsmu-haki\/","url":"https:\/\/gohike.lv\/ru\/produkts\/naturehike-saliekamais-galdins-ar-uzglabasanas-kasti-ar-mikstu-virsmu-haki\/","name":"Naturehike - Saliekams galds ar uzglab\u0101\u0161anas kasti un m\u012bkstu\u00a0virsmu - Haki","isPartOf":{"@id":"https:\/\/gohike.lv\/ru\/#website"},"primaryImageOfPage":{"@id":"https:\/\/gohike.lv\/ru\/produkts\/naturehike-saliekamais-galdins-ar-uzglabasanas-kasti-ar-mikstu-virsmu-haki\/#primaryimage"},"image":{"@id":"https:\/\/gohike.lv\/ru\/produkts\/naturehike-saliekamais-galdins-ar-uzglabasanas-kasti-ar-mikstu-virsmu-haki\/#primaryimage"},"thumbnailUrl":"https:\/\/gohike.lv\/wp-content\/uploads\/2024\/03\/TableWithStorageBox_khaki.webp","datePublished":"2024-05-10T08:27:14+00:00","dateModified":"2025-12-30T14:24:35+00:00","description":"Saliekams galdi\u0146\u0161 ar uzglab\u0101\u0161anas kasti. \u013boti viegls, portat\u012bvs un \u0113rts. Izgatavots no augstas kvalit\u0101tes Oksforda 1680D auduma un neilona t\u012bkla.","breadcrumb":{"@id":"https:\/\/gohike.lv\/ru\/produkts\/naturehike-saliekamais-galdins-ar-uzglabasanas-kasti-ar-mikstu-virsmu-haki\/#breadcrumb"},"inLanguage":"ru-RU","potentialAction":[{"@type":"ReadAction","target":["https:\/\/gohike.lv\/ru\/produkts\/naturehike-saliekamais-galdins-ar-uzglabasanas-kasti-ar-mikstu-virsmu-haki\/"]}]},{"@type":"ImageObject","inLanguage":"ru-RU","@id":"https:\/\/gohike.lv\/ru\/produkts\/naturehike-saliekamais-galdins-ar-uzglabasanas-kasti-ar-mikstu-virsmu-haki\/#primaryimage","url":"https:\/\/gohike.lv\/wp-content\/uploads\/2024\/03\/TableWithStorageBox_khaki.webp","contentUrl":"https:\/\/gohike.lv\/wp-content\/uploads\/2024\/03\/TableWithStorageBox_khaki.webp","width":581,"height":581},{"@type":"BreadcrumbList","@id":"https:\/\/gohike.lv\/ru\/produkts\/naturehike-saliekamais-galdins-ar-uzglabasanas-kasti-ar-mikstu-virsmu-haki\/#breadcrumb","itemListElement":[{"@type":"ListItem","position":1,"name":"\u0413\u043b\u0430\u0432\u043d\u0430\u044f","item":"https:\/\/gohike.lv\/ru\/"},{"@type":"ListItem","position":2,"name":"\u041a\u0430\u0442\u0435\u0433\u043e\u0440\u0438\u0438 \u0442\u043e\u0432\u0430\u0440\u043e\u0432","item":"https:\/\/gohike.lv\/%d0%ba%d0%b0%d1%82%d0%b5%d0%b3%d0%be%d1%80%d0%b8%d0%b8-%d1%82%d0%be%d0%b2%d0%b0%d1%80%d0%be%d0%b2\/"},{"@type":"ListItem","position":3,"name":"Naturehike &#8211; Saliekams galds ar uzglab\u0101\u0161anas kasti un m\u012bkstu\u00a0virsmu &#8211; Haki"}]},{"@type":"WebSite","@id":"https:\/\/gohike.lv\/ru\/#website","url":"https:\/\/gohike.lv\/ru\/","name":"GoHike","description":"","publisher":{"@id":"https:\/\/gohike.lv\/ru\/#organization"},"potentialAction":[{"@type":"SearchAction","target":{"@type":"EntryPoint","urlTemplate":"https:\/\/gohike.lv\/ru\/?s={search_term_string}"},"query-input":{"@type":"PropertyValueSpecification","valueRequired":true,"valueName":"search_term_string"}}],"inLanguage":"ru-RU"},{"@type":"Organization","@id":"https:\/\/gohike.lv\/ru\/#organization","name":"GoHike","url":"https:\/\/gohike.lv\/ru\/","logo":{"@type":"ImageObject","inLanguage":"ru-RU","@id":"https:\/\/gohike.lv\/ru\/#\/schema\/logo\/image\/","url":"https:\/\/gohike.lv\/wp-content\/uploads\/2023\/08\/Logo_GoHike.webp","contentUrl":"https:\/\/gohike.lv\/wp-content\/uploads\/2023\/08\/Logo_GoHike.webp","width":512,"height":512,"caption":"GoHike"},"image":{"@id":"https:\/\/gohike.lv\/ru\/#\/schema\/logo\/image\/"},"sameAs":["https:\/\/www.facebook.com\/gohike.shop\/","https:\/\/www.instagram.com\/gohike.shop\/"]}]}},"jetpack_sharing_enabled":true,"_links":{"self":[{"href":"https:\/\/gohike.lv\/ru\/wp-json\/wp\/v2\/product\/54321","targetHints":{"allow":["GET"]}}],"collection":[{"href":"https:\/\/gohike.lv\/ru\/wp-json\/wp\/v2\/product"}],"about":[{"href":"https:\/\/gohike.lv\/ru\/wp-json\/wp\/v2\/types\/product"}],"version-history":[{"count":0,"href":"https:\/\/gohike.lv\/ru\/wp-json\/wp\/v2\/product\/54321\/revisions"}],"wp:featuredmedia":[{"embeddable":true,"href":"https:\/\/gohike.lv\/ru\/wp-json\/wp\/v2\/media\/25282"}],"wp:attachment":[{"href":"https:\/\/gohike.lv\/ru\/wp-json\/wp\/v2\/media?parent=54321"}],"wp:term":[{"taxonomy":"product_brand","embeddable":true,"href":"https:\/\/gohike.lv\/ru\/wp-json\/wp\/v2\/product_brand?post=54321"},{"taxonomy":"product_cat","embeddable":true,"href":"https:\/\/gohike.lv\/ru\/wp-json\/wp\/v2\/product_cat?post=54321"},{"taxonomy":"product_tag","embeddable":true,"href":"https:\/\/gohike.lv\/ru\/wp-json\/wp\/v2\/product_tag?post=54321"}],"curies":[{"name":"wp","href":"https:\/\/api.w.org\/{rel}","templated":true}]}}