{"id":54283,"date":"2024-05-09T16:06:39","date_gmt":"2024-05-09T13:06:39","guid":{"rendered":"https:\/\/gohike.lv\/produkts\/primus-longspoon-feed-zone-karote\/"},"modified":"2025-12-30T17:24:38","modified_gmt":"2025-12-30T14:24:38","slug":"primus-longspoon-feed-zone-karote","status":"publish","type":"product","link":"https:\/\/gohike.lv\/ru\/produkts\/primus-longspoon-feed-zone-karote\/","title":{"rendered":"Primus &#8212; Longspoon feed zone &#8212; karote"},"content":{"rendered":"<p>Karote ir izgatavota no trit\u0101na, kas nesatur BPA, BPS un citus fufl\u0101tus.<br \/>\nRokturis ir izgatavots no cieta anod\u0113ta alum\u012bnija.<br \/>\n\u0160\u012b ir lieliska izv\u0113le tiem, kas mekl\u0113 daudzpus\u012bgu un vienk\u0101r\u0161u \u0113diena gatavo\u0161anas r\u012bku.<br \/>\nPlastmasas karote ar cieti anod\u0113tu alum\u012bnija rokturi.<br \/>\nVar mazg\u0101t trauku mazg\u0101jam\u0101 ma\u0161\u012bn\u0101.<\/p>\n","protected":false},"excerpt":{"rendered":"<p>Long Spoon ir karote ar pagarin\u0101tu rokturi, kas lieliski piem\u0113rota \u0113diena gatavo\u0161anai p\u0101rg\u0101jien\u0101.<\/p>\n","protected":false},"featured_media":22640,"template":"","meta":[],"product_brand":[1753],"product_cat":[1012],"product_tag":[],"class_list":{"0":"post-54283","1":"product","2":"type-product","3":"status-publish","4":"has-post-thumbnail","6":"product_brand-primus-lv","7":"product_cat-virtuves-piederumi","8":"pa_materiali-13192","9":"pa_materiali-plastmasa-bez-bpa","10":"pa_materiali-tritans","11":"pa_produkta-tips-galda-piederumi","12":"pa_produktu-svars-svars","13":"pa_size-32-x-230-x-35mm","15":"first","16":"instock","17":"taxable","18":"shipping-taxable","19":"purchasable","20":"product-type-simple"},"raw_content":{"name":"Primus - Longspoon feed zone - karote","description":"Karote ir izgatavota no trit\u0101na, kas nesatur BPA, BPS un citus fufl\u0101tus.\nRokturis ir izgatavots no cieta anod\u0113ta alum\u012bnija.\n\u0160\u012b ir lieliska izv\u0113le tiem, kas mekl\u0113 daudzpus\u012bgu un vienk\u0101r\u0161u \u0113diena gatavo\u0161anas r\u012bku.\nPlastmasas karote ar cieti anod\u0113tu alum\u012bnija rokturi.\nVar mazg\u0101t trauku mazg\u0101jam\u0101 ma\u0161\u012bn\u0101.","short_description":"Long Spoon ir karote ar pagarin\u0101tu rokturi, kas lieliski piem\u0113rota \u0113diena gatavo\u0161anai p\u0101rg\u0101jien\u0101.","status":"publish","sku":"P741640","original":54283},"wpml":{"translation_type":1,"has_translations":true,"original":54283,"duplicates":[],"translations":{"lv":54283,"en":67519,"ru":null}},"supplier_id":null,"supplier_sku":"","barcode":null,"atum_controlled":true,"out_stock_date":null,"out_stock_threshold":null,"inheritable":false,"inbound_stock":0,"stock_on_hold":0,"sold_today":0,"sales_last_days":0,"reserved_stock":0,"customer_returns":0,"warehouse_damage":0,"lost_in_post":0,"other_logs":0,"out_stock_days":0,"lost_sales":0,"has_location":false,"update_date":"2025-12-30T14:30:35","atum_locations":[],"atum_stock_status":"instock","restock_status":false,"low_stock_amount":"","sales_update_date":"2025-11-13T14:08:59","calc_backorders":null,"yoast_head":"<!-- This site is optimized with the Yoast SEO plugin v27.3 - https:\/\/yoast.com\/product\/yoast-seo-wordpress\/ -->\n<title>Primus - Longspoon feed zone - karote<\/title>\n<meta name=\"description\" content=\"Long Spoon ir karote ar pagarin\u0101tu rokturi, kas lieliski piem\u0113rota \u0113diena gatavo\u0161anai p\u0101rg\u0101jien\u0101.\" \/>\n<meta name=\"robots\" content=\"index, follow, max-snippet:-1, max-image-preview:large, max-video-preview:-1\" \/>\n<link rel=\"canonical\" href=\"https:\/\/gohike.lv\/ru\/produkts\/primus-longspoon-feed-zone-karote\/\" \/>\n<meta property=\"og:locale\" content=\"ru_RU\" \/>\n<meta property=\"og:type\" content=\"article\" \/>\n<meta property=\"og:title\" content=\"Virtuves piederumi - Primus LONGSPOON FEED ZONE -karote\" \/>\n<meta property=\"og:description\" content=\"Long Spoon ir karote ar pagarin\u0101tu rokturi, kas lieliski piem\u0113rota \u0113diena gatavo\u0161anai p\u0101rg\u0101jien\u0101.\" \/>\n<meta property=\"og:url\" content=\"https:\/\/gohike.lv\/ru\/produkts\/primus-longspoon-feed-zone-karote\/\" \/>\n<meta property=\"og:site_name\" content=\"GoHike\" \/>\n<meta property=\"article:publisher\" content=\"https:\/\/www.facebook.com\/gohike.shop\/\" \/>\n<meta property=\"article:modified_time\" content=\"2025-12-30T14:24:38+00:00\" \/>\n<meta property=\"og:image\" content=\"https:\/\/gohike.lv\/wp-content\/uploads\/2024\/03\/LongspoonFeedZone_1.webp\" \/>\n\t<meta property=\"og:image:width\" content=\"1800\" \/>\n\t<meta property=\"og:image:height\" content=\"1800\" \/>\n\t<meta property=\"og:image:type\" content=\"image\/webp\" \/>\n<meta name=\"twitter:card\" content=\"summary_large_image\" \/>\n<meta name=\"twitter:title\" content=\"Virtuves piederumi - Primus LONGSPOON FEED ZONE -karote\" \/>\n<meta name=\"twitter:label1\" content=\"\u041f\u0440\u0438\u043c\u0435\u0440\u043d\u043e\u0435 \u0432\u0440\u0435\u043c\u044f \u0434\u043b\u044f \u0447\u0442\u0435\u043d\u0438\u044f\" \/>\n\t<meta name=\"twitter:data1\" content=\"1 \u043c\u0438\u043d\u0443\u0442\u0430\" \/>\n<script type=\"application\/ld+json\" class=\"yoast-schema-graph\">{\"@context\":\"https:\\\/\\\/schema.org\",\"@graph\":[{\"@type\":[\"WebPage\",\"ItemPage\"],\"@id\":\"https:\\\/\\\/gohike.lv\\\/ru\\\/produkts\\\/primus-longspoon-feed-zone-karote\\\/\",\"url\":\"https:\\\/\\\/gohike.lv\\\/ru\\\/produkts\\\/primus-longspoon-feed-zone-karote\\\/\",\"name\":\"Primus - Longspoon feed zone - karote\",\"isPartOf\":{\"@id\":\"https:\\\/\\\/gohike.lv\\\/ru\\\/#website\"},\"primaryImageOfPage\":{\"@id\":\"https:\\\/\\\/gohike.lv\\\/ru\\\/produkts\\\/primus-longspoon-feed-zone-karote\\\/#primaryimage\"},\"image\":{\"@id\":\"https:\\\/\\\/gohike.lv\\\/ru\\\/produkts\\\/primus-longspoon-feed-zone-karote\\\/#primaryimage\"},\"thumbnailUrl\":\"https:\\\/\\\/gohike.lv\\\/wp-content\\\/uploads\\\/2024\\\/03\\\/LongspoonFeedZone_1.webp\",\"datePublished\":\"2024-05-09T13:06:39+00:00\",\"dateModified\":\"2025-12-30T14:24:38+00:00\",\"description\":\"Long Spoon ir karote ar pagarin\u0101tu rokturi, kas lieliski piem\u0113rota \u0113diena gatavo\u0161anai p\u0101rg\u0101jien\u0101.\",\"breadcrumb\":{\"@id\":\"https:\\\/\\\/gohike.lv\\\/ru\\\/produkts\\\/primus-longspoon-feed-zone-karote\\\/#breadcrumb\"},\"inLanguage\":\"ru-RU\",\"potentialAction\":[{\"@type\":\"ReadAction\",\"target\":[\"https:\\\/\\\/gohike.lv\\\/ru\\\/produkts\\\/primus-longspoon-feed-zone-karote\\\/\"]}]},{\"@type\":\"ImageObject\",\"inLanguage\":\"ru-RU\",\"@id\":\"https:\\\/\\\/gohike.lv\\\/ru\\\/produkts\\\/primus-longspoon-feed-zone-karote\\\/#primaryimage\",\"url\":\"https:\\\/\\\/gohike.lv\\\/wp-content\\\/uploads\\\/2024\\\/03\\\/LongspoonFeedZone_1.webp\",\"contentUrl\":\"https:\\\/\\\/gohike.lv\\\/wp-content\\\/uploads\\\/2024\\\/03\\\/LongspoonFeedZone_1.webp\",\"width\":1800,\"height\":1800},{\"@type\":\"BreadcrumbList\",\"@id\":\"https:\\\/\\\/gohike.lv\\\/ru\\\/produkts\\\/primus-longspoon-feed-zone-karote\\\/#breadcrumb\",\"itemListElement\":[{\"@type\":\"ListItem\",\"position\":1,\"name\":\"\u0413\u043b\u0430\u0432\u043d\u0430\u044f\",\"item\":\"https:\\\/\\\/gohike.lv\\\/ru\\\/\"},{\"@type\":\"ListItem\",\"position\":2,\"name\":\"\u041a\u0430\u0442\u0435\u0433\u043e\u0440\u0438\u0438 \u0442\u043e\u0432\u0430\u0440\u043e\u0432\",\"item\":\"https:\\\/\\\/gohike.lv\\\/%d0%ba%d0%b0%d1%82%d0%b5%d0%b3%d0%be%d1%80%d0%b8%d0%b8-%d1%82%d0%be%d0%b2%d0%b0%d1%80%d0%be%d0%b2\\\/\"},{\"@type\":\"ListItem\",\"position\":3,\"name\":\"Primus &#8211; Longspoon feed zone &#8211; karote\"}]},{\"@type\":\"WebSite\",\"@id\":\"https:\\\/\\\/gohike.lv\\\/ru\\\/#website\",\"url\":\"https:\\\/\\\/gohike.lv\\\/ru\\\/\",\"name\":\"GoHike\",\"description\":\"\",\"publisher\":{\"@id\":\"https:\\\/\\\/gohike.lv\\\/ru\\\/#organization\"},\"potentialAction\":[{\"@type\":\"SearchAction\",\"target\":{\"@type\":\"EntryPoint\",\"urlTemplate\":\"https:\\\/\\\/gohike.lv\\\/ru\\\/?s={search_term_string}\"},\"query-input\":{\"@type\":\"PropertyValueSpecification\",\"valueRequired\":true,\"valueName\":\"search_term_string\"}}],\"inLanguage\":\"ru-RU\"},{\"@type\":\"Organization\",\"@id\":\"https:\\\/\\\/gohike.lv\\\/ru\\\/#organization\",\"name\":\"GoHike\",\"url\":\"https:\\\/\\\/gohike.lv\\\/ru\\\/\",\"logo\":{\"@type\":\"ImageObject\",\"inLanguage\":\"ru-RU\",\"@id\":\"https:\\\/\\\/gohike.lv\\\/ru\\\/#\\\/schema\\\/logo\\\/image\\\/\",\"url\":\"https:\\\/\\\/gohike.lv\\\/wp-content\\\/uploads\\\/2023\\\/08\\\/Logo_GoHike.webp\",\"contentUrl\":\"https:\\\/\\\/gohike.lv\\\/wp-content\\\/uploads\\\/2023\\\/08\\\/Logo_GoHike.webp\",\"width\":512,\"height\":512,\"caption\":\"GoHike\"},\"image\":{\"@id\":\"https:\\\/\\\/gohike.lv\\\/ru\\\/#\\\/schema\\\/logo\\\/image\\\/\"},\"sameAs\":[\"https:\\\/\\\/www.facebook.com\\\/gohike.shop\\\/\",\"https:\\\/\\\/www.instagram.com\\\/gohike.shop\\\/\"]}]}<\/script>\n<!-- \/ Yoast SEO plugin. -->","yoast_head_json":{"title":"Primus - Longspoon feed zone - karote","description":"Long Spoon ir karote ar pagarin\u0101tu rokturi, kas lieliski piem\u0113rota \u0113diena gatavo\u0161anai p\u0101rg\u0101jien\u0101.","robots":{"index":"index","follow":"follow","max-snippet":"max-snippet:-1","max-image-preview":"max-image-preview:large","max-video-preview":"max-video-preview:-1"},"canonical":"https:\/\/gohike.lv\/ru\/produkts\/primus-longspoon-feed-zone-karote\/","og_locale":"ru_RU","og_type":"article","og_title":"Virtuves piederumi - Primus LONGSPOON FEED ZONE -karote","og_description":"Long Spoon ir karote ar pagarin\u0101tu rokturi, kas lieliski piem\u0113rota \u0113diena gatavo\u0161anai p\u0101rg\u0101jien\u0101.","og_url":"https:\/\/gohike.lv\/ru\/produkts\/primus-longspoon-feed-zone-karote\/","og_site_name":"GoHike","article_publisher":"https:\/\/www.facebook.com\/gohike.shop\/","article_modified_time":"2025-12-30T14:24:38+00:00","og_image":[{"width":1800,"height":1800,"url":"https:\/\/gohike.lv\/wp-content\/uploads\/2024\/03\/LongspoonFeedZone_1.webp","type":"image\/webp"}],"twitter_card":"summary_large_image","twitter_title":"Virtuves piederumi - Primus LONGSPOON FEED ZONE -karote","twitter_misc":{"\u041f\u0440\u0438\u043c\u0435\u0440\u043d\u043e\u0435 \u0432\u0440\u0435\u043c\u044f \u0434\u043b\u044f \u0447\u0442\u0435\u043d\u0438\u044f":"1 \u043c\u0438\u043d\u0443\u0442\u0430"},"schema":{"@context":"https:\/\/schema.org","@graph":[{"@type":["WebPage","ItemPage"],"@id":"https:\/\/gohike.lv\/ru\/produkts\/primus-longspoon-feed-zone-karote\/","url":"https:\/\/gohike.lv\/ru\/produkts\/primus-longspoon-feed-zone-karote\/","name":"Primus - Longspoon feed zone - karote","isPartOf":{"@id":"https:\/\/gohike.lv\/ru\/#website"},"primaryImageOfPage":{"@id":"https:\/\/gohike.lv\/ru\/produkts\/primus-longspoon-feed-zone-karote\/#primaryimage"},"image":{"@id":"https:\/\/gohike.lv\/ru\/produkts\/primus-longspoon-feed-zone-karote\/#primaryimage"},"thumbnailUrl":"https:\/\/gohike.lv\/wp-content\/uploads\/2024\/03\/LongspoonFeedZone_1.webp","datePublished":"2024-05-09T13:06:39+00:00","dateModified":"2025-12-30T14:24:38+00:00","description":"Long Spoon ir karote ar pagarin\u0101tu rokturi, kas lieliski piem\u0113rota \u0113diena gatavo\u0161anai p\u0101rg\u0101jien\u0101.","breadcrumb":{"@id":"https:\/\/gohike.lv\/ru\/produkts\/primus-longspoon-feed-zone-karote\/#breadcrumb"},"inLanguage":"ru-RU","potentialAction":[{"@type":"ReadAction","target":["https:\/\/gohike.lv\/ru\/produkts\/primus-longspoon-feed-zone-karote\/"]}]},{"@type":"ImageObject","inLanguage":"ru-RU","@id":"https:\/\/gohike.lv\/ru\/produkts\/primus-longspoon-feed-zone-karote\/#primaryimage","url":"https:\/\/gohike.lv\/wp-content\/uploads\/2024\/03\/LongspoonFeedZone_1.webp","contentUrl":"https:\/\/gohike.lv\/wp-content\/uploads\/2024\/03\/LongspoonFeedZone_1.webp","width":1800,"height":1800},{"@type":"BreadcrumbList","@id":"https:\/\/gohike.lv\/ru\/produkts\/primus-longspoon-feed-zone-karote\/#breadcrumb","itemListElement":[{"@type":"ListItem","position":1,"name":"\u0413\u043b\u0430\u0432\u043d\u0430\u044f","item":"https:\/\/gohike.lv\/ru\/"},{"@type":"ListItem","position":2,"name":"\u041a\u0430\u0442\u0435\u0433\u043e\u0440\u0438\u0438 \u0442\u043e\u0432\u0430\u0440\u043e\u0432","item":"https:\/\/gohike.lv\/%d0%ba%d0%b0%d1%82%d0%b5%d0%b3%d0%be%d1%80%d0%b8%d0%b8-%d1%82%d0%be%d0%b2%d0%b0%d1%80%d0%be%d0%b2\/"},{"@type":"ListItem","position":3,"name":"Primus &#8211; Longspoon feed zone &#8211; karote"}]},{"@type":"WebSite","@id":"https:\/\/gohike.lv\/ru\/#website","url":"https:\/\/gohike.lv\/ru\/","name":"GoHike","description":"","publisher":{"@id":"https:\/\/gohike.lv\/ru\/#organization"},"potentialAction":[{"@type":"SearchAction","target":{"@type":"EntryPoint","urlTemplate":"https:\/\/gohike.lv\/ru\/?s={search_term_string}"},"query-input":{"@type":"PropertyValueSpecification","valueRequired":true,"valueName":"search_term_string"}}],"inLanguage":"ru-RU"},{"@type":"Organization","@id":"https:\/\/gohike.lv\/ru\/#organization","name":"GoHike","url":"https:\/\/gohike.lv\/ru\/","logo":{"@type":"ImageObject","inLanguage":"ru-RU","@id":"https:\/\/gohike.lv\/ru\/#\/schema\/logo\/image\/","url":"https:\/\/gohike.lv\/wp-content\/uploads\/2023\/08\/Logo_GoHike.webp","contentUrl":"https:\/\/gohike.lv\/wp-content\/uploads\/2023\/08\/Logo_GoHike.webp","width":512,"height":512,"caption":"GoHike"},"image":{"@id":"https:\/\/gohike.lv\/ru\/#\/schema\/logo\/image\/"},"sameAs":["https:\/\/www.facebook.com\/gohike.shop\/","https:\/\/www.instagram.com\/gohike.shop\/"]}]}},"jetpack_sharing_enabled":true,"_links":{"self":[{"href":"https:\/\/gohike.lv\/ru\/wp-json\/wp\/v2\/product\/54283","targetHints":{"allow":["GET"]}}],"collection":[{"href":"https:\/\/gohike.lv\/ru\/wp-json\/wp\/v2\/product"}],"about":[{"href":"https:\/\/gohike.lv\/ru\/wp-json\/wp\/v2\/types\/product"}],"version-history":[{"count":1,"href":"https:\/\/gohike.lv\/ru\/wp-json\/wp\/v2\/product\/54283\/revisions"}],"predecessor-version":[{"id":118955,"href":"https:\/\/gohike.lv\/ru\/wp-json\/wp\/v2\/product\/54283\/revisions\/118955"}],"wp:featuredmedia":[{"embeddable":true,"href":"https:\/\/gohike.lv\/ru\/wp-json\/wp\/v2\/media\/22640"}],"wp:attachment":[{"href":"https:\/\/gohike.lv\/ru\/wp-json\/wp\/v2\/media?parent=54283"}],"wp:term":[{"taxonomy":"product_brand","embeddable":true,"href":"https:\/\/gohike.lv\/ru\/wp-json\/wp\/v2\/product_brand?post=54283"},{"taxonomy":"product_cat","embeddable":true,"href":"https:\/\/gohike.lv\/ru\/wp-json\/wp\/v2\/product_cat?post=54283"},{"taxonomy":"product_tag","embeddable":true,"href":"https:\/\/gohike.lv\/ru\/wp-json\/wp\/v2\/product_tag?post=54283"}],"curies":[{"name":"wp","href":"https:\/\/api.w.org\/{rel}","templated":true}]}}