{"id":54277,"date":"2024-05-09T16:05:59","date_gmt":"2024-05-09T13:05:59","guid":{"rendered":"https:\/\/gohike.lv\/produkts\/primus-campfire-cutting-set-virtuves-piederumu-komplekts\/"},"modified":"2025-12-19T15:04:32","modified_gmt":"2025-12-19T12:04:32","slug":"primus-campfire-cutting-set-virtuves-piederumu-komplekts","status":"publish","type":"product","link":"https:\/\/gohike.lv\/ru\/produkts\/primus-campfire-cutting-set-virtuves-piederumu-komplekts\/","title":{"rendered":"Primus &#8212; Campfire cutting set &#8212; virtuves piederumu komplekts"},"content":{"rendered":"<p>Komplekts sast\u0101v no ozolkoka grie\u0161anas d\u0113\u013ca un 15\u00a0cm na\u017ea, kas ir k\u0101rt\u012bgi iepakots ar PU p\u0101rkl\u0101t\u0101 poliam\u012bda un G1000 apvalk\u0101.<br \/>\nOzols ir iztur\u012bgs un nodro\u0161ina labu virsmu \u0113diena pagatavo\u0161anai, un tam ir dabiska pa\u0161dezinfic\u0113jo\u0161a iedarb\u012bba.<br \/>\nNazim ir elast\u012bgs ner\u016bs\u0113jo\u0161\u0101 t\u0113rauda asmens, kas piem\u0113rots smalcin\u0101\u0161anai un grie\u0161anai, k\u0101 ar\u012b fil\u0113\u0161anai.<br \/>\nP\u0101rvalks kalpo k\u0101 pamats \u0113diena pagatavo\u0161anai.<\/p>\n","protected":false},"excerpt":{"rendered":"<p>\u0112rts komplekts, kas padara \u0113diena gatavo\u0161anu br\u012bv\u0101 dab\u0101 vienk\u0101r\u0161u.<\/p>\n","protected":false},"featured_media":22612,"template":"","meta":[],"product_brand":[1753],"product_cat":[9447,1012],"product_tag":[],"class_list":{"0":"post-54277","1":"product","2":"type-product","3":"status-publish","4":"has-post-thumbnail","6":"product_brand-primus-lv","7":"product_cat-izpardosana","8":"product_cat-virtuves-piederumi","9":"pa_materiali-g-1000","10":"pa_materiali-nerusejosais-terauds","11":"pa_materiali-ozols","12":"pa_materiali-poliamids-ar-pu-parklajumu","13":"pa_produkta-tips-galda-piederumi","14":"pa_size-30-x-280-x-150mm","16":"first","17":"outofstock","18":"sale","19":"taxable","20":"shipping-taxable","21":"purchasable","22":"product-type-simple"},"raw_content":{"name":"Primus - Campfire cutting set - virtuves piederumu komplekts","description":"Komplekts sast\u0101v no ozolkoka grie\u0161anas d\u0113\u013ca un 15\u00a0cm na\u017ea, kas ir k\u0101rt\u012bgi iepakots ar PU p\u0101rkl\u0101t\u0101 poliam\u012bda un G1000 apvalk\u0101.\nOzols ir iztur\u012bgs un nodro\u0161ina labu virsmu \u0113diena pagatavo\u0161anai, un tam ir dabiska pa\u0161dezinfic\u0113jo\u0161a iedarb\u012bba.\nNazim ir elast\u012bgs ner\u016bs\u0113jo\u0161\u0101 t\u0113rauda asmens, kas piem\u0113rots smalcin\u0101\u0161anai un grie\u0161anai, k\u0101 ar\u012b fil\u0113\u0161anai.\nP\u0101rvalks kalpo k\u0101 pamats \u0113diena pagatavo\u0161anai.","short_description":"\u0112rts komplekts, kas padara \u0113diena gatavo\u0161anu br\u012bv\u0101 dab\u0101 vienk\u0101r\u0161u.","status":"publish","sku":"P738006","original":54277},"wpml":{"translation_type":1,"has_translations":true,"original":54277,"duplicates":[],"translations":{"lv":54277,"en":67423,"ru":null}},"supplier_id":null,"supplier_sku":"","barcode":null,"atum_controlled":true,"out_stock_date":"2025-12-19 15:04:32","out_stock_threshold":null,"inheritable":false,"inbound_stock":0,"stock_on_hold":0,"sold_today":0,"sales_last_days":1,"reserved_stock":0,"customer_returns":0,"warehouse_damage":0,"lost_in_post":0,"other_logs":0,"out_stock_days":3,"lost_sales":40,"has_location":false,"update_date":"2025-12-22T16:57:42","atum_locations":[],"atum_stock_status":"outofstock","restock_status":false,"low_stock_amount":"","sales_update_date":"2025-12-22T16:57:42","calc_backorders":null,"yoast_head":"<!-- This site is optimized with the Yoast SEO plugin v27.3 - https:\/\/yoast.com\/product\/yoast-seo-wordpress\/ -->\n<title>Primus - Campfire cutting set - virtuves piederumu komplekts<\/title>\n<meta name=\"description\" content=\"\u0112rts komplekts, kas padara \u0113diena gatavo\u0161anu br\u012bv\u0101 dab\u0101 vienk\u0101r\u0161u.\" \/>\n<meta name=\"robots\" content=\"index, follow, max-snippet:-1, max-image-preview:large, max-video-preview:-1\" \/>\n<link rel=\"canonical\" href=\"https:\/\/gohike.lv\/ru\/produkts\/primus-campfire-cutting-set-virtuves-piederumu-komplekts\/\" \/>\n<meta property=\"og:locale\" content=\"ru_RU\" \/>\n<meta property=\"og:type\" content=\"article\" \/>\n<meta property=\"og:title\" content=\"Virtuves piederumi - Primus CAMPFIRE CUTTING SET - virtuves piederumu komplekts\" \/>\n<meta property=\"og:description\" content=\"\u0112rts komplekts, kas padara \u0113diena gatavo\u0161anu br\u012bv\u0101 dab\u0101 vienk\u0101r\u0161u.\" \/>\n<meta property=\"og:url\" content=\"https:\/\/gohike.lv\/ru\/produkts\/primus-campfire-cutting-set-virtuves-piederumu-komplekts\/\" \/>\n<meta property=\"og:site_name\" content=\"GoHike\" \/>\n<meta property=\"article:publisher\" content=\"https:\/\/www.facebook.com\/gohike.shop\/\" \/>\n<meta property=\"article:modified_time\" content=\"2025-12-19T12:04:32+00:00\" \/>\n<meta property=\"og:image\" content=\"https:\/\/gohike.lv\/wp-content\/uploads\/2024\/03\/CampfireCuttingSet_1.webp\" \/>\n\t<meta property=\"og:image:width\" content=\"1800\" \/>\n\t<meta property=\"og:image:height\" content=\"1800\" \/>\n\t<meta property=\"og:image:type\" content=\"image\/webp\" \/>\n<meta name=\"twitter:card\" content=\"summary_large_image\" \/>\n<meta name=\"twitter:title\" content=\"Virtuves piederumi - Primus CAMPFIRE CUTTING SET - virtuves piederumu komplekts\" \/>\n<meta name=\"twitter:label1\" content=\"\u041f\u0440\u0438\u043c\u0435\u0440\u043d\u043e\u0435 \u0432\u0440\u0435\u043c\u044f \u0434\u043b\u044f \u0447\u0442\u0435\u043d\u0438\u044f\" \/>\n\t<meta name=\"twitter:data1\" content=\"1 \u043c\u0438\u043d\u0443\u0442\u0430\" \/>\n<script type=\"application\/ld+json\" class=\"yoast-schema-graph\">{\"@context\":\"https:\\\/\\\/schema.org\",\"@graph\":[{\"@type\":[\"WebPage\",\"ItemPage\"],\"@id\":\"https:\\\/\\\/gohike.lv\\\/ru\\\/produkts\\\/primus-campfire-cutting-set-virtuves-piederumu-komplekts\\\/\",\"url\":\"https:\\\/\\\/gohike.lv\\\/ru\\\/produkts\\\/primus-campfire-cutting-set-virtuves-piederumu-komplekts\\\/\",\"name\":\"Primus - Campfire cutting set - virtuves piederumu komplekts\",\"isPartOf\":{\"@id\":\"https:\\\/\\\/gohike.lv\\\/ru\\\/#website\"},\"primaryImageOfPage\":{\"@id\":\"https:\\\/\\\/gohike.lv\\\/ru\\\/produkts\\\/primus-campfire-cutting-set-virtuves-piederumu-komplekts\\\/#primaryimage\"},\"image\":{\"@id\":\"https:\\\/\\\/gohike.lv\\\/ru\\\/produkts\\\/primus-campfire-cutting-set-virtuves-piederumu-komplekts\\\/#primaryimage\"},\"thumbnailUrl\":\"https:\\\/\\\/gohike.lv\\\/wp-content\\\/uploads\\\/2024\\\/03\\\/CampfireCuttingSet_1.webp\",\"datePublished\":\"2024-05-09T13:05:59+00:00\",\"dateModified\":\"2025-12-19T12:04:32+00:00\",\"description\":\"\u0112rts komplekts, kas padara \u0113diena gatavo\u0161anu br\u012bv\u0101 dab\u0101 vienk\u0101r\u0161u.\",\"breadcrumb\":{\"@id\":\"https:\\\/\\\/gohike.lv\\\/ru\\\/produkts\\\/primus-campfire-cutting-set-virtuves-piederumu-komplekts\\\/#breadcrumb\"},\"inLanguage\":\"ru-RU\",\"potentialAction\":[{\"@type\":\"ReadAction\",\"target\":[\"https:\\\/\\\/gohike.lv\\\/ru\\\/produkts\\\/primus-campfire-cutting-set-virtuves-piederumu-komplekts\\\/\"]}]},{\"@type\":\"ImageObject\",\"inLanguage\":\"ru-RU\",\"@id\":\"https:\\\/\\\/gohike.lv\\\/ru\\\/produkts\\\/primus-campfire-cutting-set-virtuves-piederumu-komplekts\\\/#primaryimage\",\"url\":\"https:\\\/\\\/gohike.lv\\\/wp-content\\\/uploads\\\/2024\\\/03\\\/CampfireCuttingSet_1.webp\",\"contentUrl\":\"https:\\\/\\\/gohike.lv\\\/wp-content\\\/uploads\\\/2024\\\/03\\\/CampfireCuttingSet_1.webp\",\"width\":1800,\"height\":1800},{\"@type\":\"BreadcrumbList\",\"@id\":\"https:\\\/\\\/gohike.lv\\\/ru\\\/produkts\\\/primus-campfire-cutting-set-virtuves-piederumu-komplekts\\\/#breadcrumb\",\"itemListElement\":[{\"@type\":\"ListItem\",\"position\":1,\"name\":\"\u0413\u043b\u0430\u0432\u043d\u0430\u044f\",\"item\":\"https:\\\/\\\/gohike.lv\\\/ru\\\/\"},{\"@type\":\"ListItem\",\"position\":2,\"name\":\"\u041a\u0430\u0442\u0435\u0433\u043e\u0440\u0438\u0438 \u0442\u043e\u0432\u0430\u0440\u043e\u0432\",\"item\":\"https:\\\/\\\/gohike.lv\\\/%d0%ba%d0%b0%d1%82%d0%b5%d0%b3%d0%be%d1%80%d0%b8%d0%b8-%d1%82%d0%be%d0%b2%d0%b0%d1%80%d0%be%d0%b2\\\/\"},{\"@type\":\"ListItem\",\"position\":3,\"name\":\"Primus &#8211; Campfire cutting set &#8211; virtuves piederumu komplekts\"}]},{\"@type\":\"WebSite\",\"@id\":\"https:\\\/\\\/gohike.lv\\\/ru\\\/#website\",\"url\":\"https:\\\/\\\/gohike.lv\\\/ru\\\/\",\"name\":\"GoHike\",\"description\":\"\",\"publisher\":{\"@id\":\"https:\\\/\\\/gohike.lv\\\/ru\\\/#organization\"},\"potentialAction\":[{\"@type\":\"SearchAction\",\"target\":{\"@type\":\"EntryPoint\",\"urlTemplate\":\"https:\\\/\\\/gohike.lv\\\/ru\\\/?s={search_term_string}\"},\"query-input\":{\"@type\":\"PropertyValueSpecification\",\"valueRequired\":true,\"valueName\":\"search_term_string\"}}],\"inLanguage\":\"ru-RU\"},{\"@type\":\"Organization\",\"@id\":\"https:\\\/\\\/gohike.lv\\\/ru\\\/#organization\",\"name\":\"GoHike\",\"url\":\"https:\\\/\\\/gohike.lv\\\/ru\\\/\",\"logo\":{\"@type\":\"ImageObject\",\"inLanguage\":\"ru-RU\",\"@id\":\"https:\\\/\\\/gohike.lv\\\/ru\\\/#\\\/schema\\\/logo\\\/image\\\/\",\"url\":\"https:\\\/\\\/gohike.lv\\\/wp-content\\\/uploads\\\/2023\\\/08\\\/Logo_GoHike.webp\",\"contentUrl\":\"https:\\\/\\\/gohike.lv\\\/wp-content\\\/uploads\\\/2023\\\/08\\\/Logo_GoHike.webp\",\"width\":512,\"height\":512,\"caption\":\"GoHike\"},\"image\":{\"@id\":\"https:\\\/\\\/gohike.lv\\\/ru\\\/#\\\/schema\\\/logo\\\/image\\\/\"},\"sameAs\":[\"https:\\\/\\\/www.facebook.com\\\/gohike.shop\\\/\",\"https:\\\/\\\/www.instagram.com\\\/gohike.shop\\\/\"]}]}<\/script>\n<!-- \/ Yoast SEO plugin. -->","yoast_head_json":{"title":"Primus - Campfire cutting set - virtuves piederumu komplekts","description":"\u0112rts komplekts, kas padara \u0113diena gatavo\u0161anu br\u012bv\u0101 dab\u0101 vienk\u0101r\u0161u.","robots":{"index":"index","follow":"follow","max-snippet":"max-snippet:-1","max-image-preview":"max-image-preview:large","max-video-preview":"max-video-preview:-1"},"canonical":"https:\/\/gohike.lv\/ru\/produkts\/primus-campfire-cutting-set-virtuves-piederumu-komplekts\/","og_locale":"ru_RU","og_type":"article","og_title":"Virtuves piederumi - Primus CAMPFIRE CUTTING SET - virtuves piederumu komplekts","og_description":"\u0112rts komplekts, kas padara \u0113diena gatavo\u0161anu br\u012bv\u0101 dab\u0101 vienk\u0101r\u0161u.","og_url":"https:\/\/gohike.lv\/ru\/produkts\/primus-campfire-cutting-set-virtuves-piederumu-komplekts\/","og_site_name":"GoHike","article_publisher":"https:\/\/www.facebook.com\/gohike.shop\/","article_modified_time":"2025-12-19T12:04:32+00:00","og_image":[{"width":1800,"height":1800,"url":"https:\/\/gohike.lv\/wp-content\/uploads\/2024\/03\/CampfireCuttingSet_1.webp","type":"image\/webp"}],"twitter_card":"summary_large_image","twitter_title":"Virtuves piederumi - Primus CAMPFIRE CUTTING SET - virtuves piederumu komplekts","twitter_misc":{"\u041f\u0440\u0438\u043c\u0435\u0440\u043d\u043e\u0435 \u0432\u0440\u0435\u043c\u044f \u0434\u043b\u044f \u0447\u0442\u0435\u043d\u0438\u044f":"1 \u043c\u0438\u043d\u0443\u0442\u0430"},"schema":{"@context":"https:\/\/schema.org","@graph":[{"@type":["WebPage","ItemPage"],"@id":"https:\/\/gohike.lv\/ru\/produkts\/primus-campfire-cutting-set-virtuves-piederumu-komplekts\/","url":"https:\/\/gohike.lv\/ru\/produkts\/primus-campfire-cutting-set-virtuves-piederumu-komplekts\/","name":"Primus - Campfire cutting set - virtuves piederumu komplekts","isPartOf":{"@id":"https:\/\/gohike.lv\/ru\/#website"},"primaryImageOfPage":{"@id":"https:\/\/gohike.lv\/ru\/produkts\/primus-campfire-cutting-set-virtuves-piederumu-komplekts\/#primaryimage"},"image":{"@id":"https:\/\/gohike.lv\/ru\/produkts\/primus-campfire-cutting-set-virtuves-piederumu-komplekts\/#primaryimage"},"thumbnailUrl":"https:\/\/gohike.lv\/wp-content\/uploads\/2024\/03\/CampfireCuttingSet_1.webp","datePublished":"2024-05-09T13:05:59+00:00","dateModified":"2025-12-19T12:04:32+00:00","description":"\u0112rts komplekts, kas padara \u0113diena gatavo\u0161anu br\u012bv\u0101 dab\u0101 vienk\u0101r\u0161u.","breadcrumb":{"@id":"https:\/\/gohike.lv\/ru\/produkts\/primus-campfire-cutting-set-virtuves-piederumu-komplekts\/#breadcrumb"},"inLanguage":"ru-RU","potentialAction":[{"@type":"ReadAction","target":["https:\/\/gohike.lv\/ru\/produkts\/primus-campfire-cutting-set-virtuves-piederumu-komplekts\/"]}]},{"@type":"ImageObject","inLanguage":"ru-RU","@id":"https:\/\/gohike.lv\/ru\/produkts\/primus-campfire-cutting-set-virtuves-piederumu-komplekts\/#primaryimage","url":"https:\/\/gohike.lv\/wp-content\/uploads\/2024\/03\/CampfireCuttingSet_1.webp","contentUrl":"https:\/\/gohike.lv\/wp-content\/uploads\/2024\/03\/CampfireCuttingSet_1.webp","width":1800,"height":1800},{"@type":"BreadcrumbList","@id":"https:\/\/gohike.lv\/ru\/produkts\/primus-campfire-cutting-set-virtuves-piederumu-komplekts\/#breadcrumb","itemListElement":[{"@type":"ListItem","position":1,"name":"\u0413\u043b\u0430\u0432\u043d\u0430\u044f","item":"https:\/\/gohike.lv\/ru\/"},{"@type":"ListItem","position":2,"name":"\u041a\u0430\u0442\u0435\u0433\u043e\u0440\u0438\u0438 \u0442\u043e\u0432\u0430\u0440\u043e\u0432","item":"https:\/\/gohike.lv\/%d0%ba%d0%b0%d1%82%d0%b5%d0%b3%d0%be%d1%80%d0%b8%d0%b8-%d1%82%d0%be%d0%b2%d0%b0%d1%80%d0%be%d0%b2\/"},{"@type":"ListItem","position":3,"name":"Primus &#8211; Campfire cutting set &#8211; virtuves piederumu komplekts"}]},{"@type":"WebSite","@id":"https:\/\/gohike.lv\/ru\/#website","url":"https:\/\/gohike.lv\/ru\/","name":"GoHike","description":"","publisher":{"@id":"https:\/\/gohike.lv\/ru\/#organization"},"potentialAction":[{"@type":"SearchAction","target":{"@type":"EntryPoint","urlTemplate":"https:\/\/gohike.lv\/ru\/?s={search_term_string}"},"query-input":{"@type":"PropertyValueSpecification","valueRequired":true,"valueName":"search_term_string"}}],"inLanguage":"ru-RU"},{"@type":"Organization","@id":"https:\/\/gohike.lv\/ru\/#organization","name":"GoHike","url":"https:\/\/gohike.lv\/ru\/","logo":{"@type":"ImageObject","inLanguage":"ru-RU","@id":"https:\/\/gohike.lv\/ru\/#\/schema\/logo\/image\/","url":"https:\/\/gohike.lv\/wp-content\/uploads\/2023\/08\/Logo_GoHike.webp","contentUrl":"https:\/\/gohike.lv\/wp-content\/uploads\/2023\/08\/Logo_GoHike.webp","width":512,"height":512,"caption":"GoHike"},"image":{"@id":"https:\/\/gohike.lv\/ru\/#\/schema\/logo\/image\/"},"sameAs":["https:\/\/www.facebook.com\/gohike.shop\/","https:\/\/www.instagram.com\/gohike.shop\/"]}]}},"jetpack_sharing_enabled":true,"_links":{"self":[{"href":"https:\/\/gohike.lv\/ru\/wp-json\/wp\/v2\/product\/54277","targetHints":{"allow":["GET"]}}],"collection":[{"href":"https:\/\/gohike.lv\/ru\/wp-json\/wp\/v2\/product"}],"about":[{"href":"https:\/\/gohike.lv\/ru\/wp-json\/wp\/v2\/types\/product"}],"version-history":[{"count":0,"href":"https:\/\/gohike.lv\/ru\/wp-json\/wp\/v2\/product\/54277\/revisions"}],"wp:featuredmedia":[{"embeddable":true,"href":"https:\/\/gohike.lv\/ru\/wp-json\/wp\/v2\/media\/22612"}],"wp:attachment":[{"href":"https:\/\/gohike.lv\/ru\/wp-json\/wp\/v2\/media?parent=54277"}],"wp:term":[{"taxonomy":"product_brand","embeddable":true,"href":"https:\/\/gohike.lv\/ru\/wp-json\/wp\/v2\/product_brand?post=54277"},{"taxonomy":"product_cat","embeddable":true,"href":"https:\/\/gohike.lv\/ru\/wp-json\/wp\/v2\/product_cat?post=54277"},{"taxonomy":"product_tag","embeddable":true,"href":"https:\/\/gohike.lv\/ru\/wp-json\/wp\/v2\/product_tag?post=54277"}],"curies":[{"name":"wp","href":"https:\/\/api.w.org\/{rel}","templated":true}]}}