{"id":54273,"date":"2024-05-09T16:05:59","date_gmt":"2024-05-09T13:05:59","guid":{"rendered":"https:\/\/gohike.lv\/produkts\/primus-winter-gas-230g-gazes-balons\/"},"modified":"2025-12-30T17:09:59","modified_gmt":"2025-12-30T14:09:59","slug":"primus-winter-gas-230g-gazes-balons","status":"publish","type":"product","link":"https:\/\/gohike.lv\/ru\/produkts\/primus-winter-gas-230g-gazes-balons\/","title":{"rendered":"Primus Winter gas g\u0101zes balons &#8212; 230g"},"content":{"rendered":"<p>Vapour Mesh sast\u0101v no absorb\u0113jo\u0161a pap\u012bra cilindra iek\u0161pus\u0113.<br \/>\nWinter Gas daudz \u0101tr\u0101k main\u0101s no \u0161\u0137idruma uz g\u0101zi, padarot to par perfektu izv\u0113li m\u012bnuss apst\u0101k\u013cos. P\u0113c 60 min\u016b\u0161u gatavo\u0161anas, ziemas g\u0101zes kasetne ir aptuveni par 9% jaud\u012bg\u0101ka nek\u0101 bez Vapor Mesh.<br \/>\nP\u0113c 120 min\u016b\u0161u lieto\u0161anas t\u0101 nodro\u0161ina par aptuveni 15% vair\u0101k jaudas.<br \/>\nSatur 80% izobut\u0101na un 20% prop\u0101na. Piedeva satur ar\u012b 4 ppm terc-butilmerkapt\u0101na.<br \/>\nNesatur 1,3-butadi\u0113nu.<br \/>\nDer\u0113s vis\u0101m Primus un MSR g\u0101zes balonu kr\u0101sn\u012bm.<br \/>\n<iframe title=\"Primus Gas\" width=\"1200\" height=\"675\" src=\"https:\/\/www.youtube.com\/embed\/lwTD3hl24G8?feature=oembed\" frameborder=\"0\" allow=\"accelerometer; autoplay; clipboard-write; encrypted-media; gyroscope; picture-in-picture; web-share\" referrerpolicy=\"strict-origin-when-cross-origin\" allowfullscreen><\/iframe><\/p>\n","protected":false},"excerpt":{"rendered":"<p>Primus Winter Gas g\u0101zes baloni ar skr\u016bv\u0113jamu v\u012btni satur t\u0101du pa\u0161u prop\u0101na un izobut\u0101na mais\u012bjumu k\u0101 Power Gas baloni, un Vapourmesh. Tos var izmantot l\u012bdz \u201322\u00b0C.<\/p>\n","protected":false},"featured_media":22600,"template":"","meta":[],"product_brand":[1753],"product_cat":[951],"product_tag":[],"class_list":{"0":"post-54273","1":"product","2":"type-product","3":"status-publish","4":"has-post-thumbnail","6":"product_brand-primus-lv","7":"product_cat-degli-un-degviela","8":"pa_augstums-94mm","9":"pa_diametrs-110mm","10":"pa_gazes-maisijums-butans-5-propans-25-izobutans-70","11":"pa_materiali-nerusejosais-terauds","12":"pa_produkta-tips-gazes-baloni","13":"pa_produktu-svars-svars","14":"pa_sezona-8952","16":"first","17":"outofstock","18":"taxable","19":"shipping-taxable","20":"purchasable","21":"product-type-simple"},"raw_content":{"name":"Primus Winter gas g\u0101zes balons - 230g","description":"Vapour Mesh sast\u0101v no absorb\u0113jo\u0161a pap\u012bra cilindra iek\u0161pus\u0113.\nWinter Gas daudz \u0101tr\u0101k main\u0101s no \u0161\u0137idruma uz g\u0101zi, padarot to par perfektu izv\u0113li m\u012bnuss apst\u0101k\u013cos. P\u0113c 60 min\u016b\u0161u gatavo\u0161anas, ziemas g\u0101zes kasetne ir aptuveni par 9% jaud\u012bg\u0101ka nek\u0101 bez Vapor Mesh.\nP\u0113c 120 min\u016b\u0161u lieto\u0161anas t\u0101 nodro\u0161ina par aptuveni 15% vair\u0101k jaudas.\nSatur 80% izobut\u0101na un 20% prop\u0101na. Piedeva satur ar\u012b 4 ppm terc-butilmerkapt\u0101na.\nNesatur 1,3-butadi\u0113nu.\nDer\u0113s vis\u0101m Primus un MSR g\u0101zes balonu kr\u0101sn\u012bm.\nhttps:\/\/youtu.be\/lwTD3hl24G8","short_description":"Primus Winter Gas g\u0101zes baloni ar skr\u016bv\u0113jamu v\u012btni satur t\u0101du pa\u0161u prop\u0101na un izobut\u0101na mais\u012bjumu k\u0101 Power Gas baloni, un Vapourmesh. Tos var izmantot l\u012bdz \u201322\u00b0C.","status":"publish","sku":"P220771","original":54273},"wpml":{"translation_type":1,"has_translations":true,"original":54273,"duplicates":[],"translations":{"lv":54273,"en":67512,"ru":null}},"supplier_id":null,"supplier_sku":"","barcode":null,"atum_controlled":true,"out_stock_date":"2025-10-23 15:10:02","out_stock_threshold":null,"inheritable":false,"inbound_stock":null,"stock_on_hold":0,"sold_today":0,"sales_last_days":0,"reserved_stock":null,"customer_returns":null,"warehouse_damage":null,"lost_in_post":null,"other_logs":null,"out_stock_days":20,"lost_sales":0,"has_location":null,"update_date":"2025-12-30T14:13:28","atum_locations":[],"atum_stock_status":"outofstock","restock_status":false,"low_stock_amount":"","sales_update_date":"2025-11-13T14:08:47","calc_backorders":null,"yoast_head":"<!-- This site is optimized with the Yoast SEO plugin v27.3 - https:\/\/yoast.com\/product\/yoast-seo-wordpress\/ -->\n<title>Primus Winter gas g\u0101zes balons - 230g<\/title>\n<meta name=\"description\" content=\"Primus Winter Gas g\u0101zes baloni ar skr\u016bv\u0113jamu v\u012btni satur t\u0101du pa\u0161u prop\u0101na un izobut\u0101na mais\u012bjumu k\u0101 Power Gas baloni, un Vapourmesh. Tos var izmantot l\u012bdz \u201322\u00b0C.\" \/>\n<meta name=\"robots\" content=\"index, follow, max-snippet:-1, max-image-preview:large, max-video-preview:-1\" \/>\n<link rel=\"canonical\" href=\"https:\/\/gohike.lv\/ru\/produkts\/primus-winter-gas-230g-gazes-balons\/\" \/>\n<meta property=\"og:locale\" content=\"ru_RU\" \/>\n<meta property=\"og:type\" content=\"article\" \/>\n<meta property=\"og:title\" content=\"Deg\u013ci un Degviela - Primus Winter gas 230g - g\u0101zes balons\" \/>\n<meta property=\"og:description\" content=\"Primus Winter Gas g\u0101zes baloni ar skr\u016bv\u0113jamu v\u012btni satur t\u0101du pa\u0161u prop\u0101na un izobut\u0101na mais\u012bjumu k\u0101 Power Gas baloni, un Vapourmesh. Tos var izmantot l\u012bdz \u201322\u00b0C.\" \/>\n<meta property=\"og:url\" content=\"https:\/\/gohike.lv\/ru\/produkts\/primus-winter-gas-230g-gazes-balons\/\" \/>\n<meta property=\"og:site_name\" content=\"GoHike\" \/>\n<meta property=\"article:publisher\" content=\"https:\/\/www.facebook.com\/gohike.shop\/\" \/>\n<meta property=\"article:modified_time\" content=\"2025-12-30T14:09:59+00:00\" \/>\n<meta property=\"og:image\" content=\"https:\/\/gohike.lv\/wp-content\/uploads\/2024\/03\/primus-winter-gas-230g.jpg\" \/>\n\t<meta property=\"og:image:width\" content=\"1450\" \/>\n\t<meta property=\"og:image:height\" content=\"1450\" \/>\n\t<meta property=\"og:image:type\" content=\"image\/jpeg\" \/>\n<meta name=\"twitter:card\" content=\"summary_large_image\" \/>\n<meta name=\"twitter:title\" content=\"Deg\u013ci un Degviela - Primus Winter gas 230g - g\u0101zes balons\" \/>\n<meta name=\"twitter:label1\" content=\"\u041f\u0440\u0438\u043c\u0435\u0440\u043d\u043e\u0435 \u0432\u0440\u0435\u043c\u044f \u0434\u043b\u044f \u0447\u0442\u0435\u043d\u0438\u044f\" \/>\n\t<meta name=\"twitter:data1\" content=\"1 \u043c\u0438\u043d\u0443\u0442\u0430\" \/>\n<script type=\"application\/ld+json\" class=\"yoast-schema-graph\">{\"@context\":\"https:\\\/\\\/schema.org\",\"@graph\":[{\"@type\":[\"WebPage\",\"ItemPage\"],\"@id\":\"https:\\\/\\\/gohike.lv\\\/ru\\\/produkts\\\/primus-winter-gas-230g-gazes-balons\\\/\",\"url\":\"https:\\\/\\\/gohike.lv\\\/ru\\\/produkts\\\/primus-winter-gas-230g-gazes-balons\\\/\",\"name\":\"Primus Winter gas g\u0101zes balons - 230g\",\"isPartOf\":{\"@id\":\"https:\\\/\\\/gohike.lv\\\/ru\\\/#website\"},\"primaryImageOfPage\":{\"@id\":\"https:\\\/\\\/gohike.lv\\\/ru\\\/produkts\\\/primus-winter-gas-230g-gazes-balons\\\/#primaryimage\"},\"image\":{\"@id\":\"https:\\\/\\\/gohike.lv\\\/ru\\\/produkts\\\/primus-winter-gas-230g-gazes-balons\\\/#primaryimage\"},\"thumbnailUrl\":\"https:\\\/\\\/gohike.lv\\\/wp-content\\\/uploads\\\/2024\\\/03\\\/primus-winter-gas-230g.jpg\",\"datePublished\":\"2024-05-09T13:05:59+00:00\",\"dateModified\":\"2025-12-30T14:09:59+00:00\",\"description\":\"Primus Winter Gas g\u0101zes baloni ar skr\u016bv\u0113jamu v\u012btni satur t\u0101du pa\u0161u prop\u0101na un izobut\u0101na mais\u012bjumu k\u0101 Power Gas baloni, un Vapourmesh. Tos var izmantot l\u012bdz \u201322\u00b0C.\",\"breadcrumb\":{\"@id\":\"https:\\\/\\\/gohike.lv\\\/ru\\\/produkts\\\/primus-winter-gas-230g-gazes-balons\\\/#breadcrumb\"},\"inLanguage\":\"ru-RU\",\"potentialAction\":[{\"@type\":\"ReadAction\",\"target\":[\"https:\\\/\\\/gohike.lv\\\/ru\\\/produkts\\\/primus-winter-gas-230g-gazes-balons\\\/\"]}]},{\"@type\":\"ImageObject\",\"inLanguage\":\"ru-RU\",\"@id\":\"https:\\\/\\\/gohike.lv\\\/ru\\\/produkts\\\/primus-winter-gas-230g-gazes-balons\\\/#primaryimage\",\"url\":\"https:\\\/\\\/gohike.lv\\\/wp-content\\\/uploads\\\/2024\\\/03\\\/primus-winter-gas-230g.jpg\",\"contentUrl\":\"https:\\\/\\\/gohike.lv\\\/wp-content\\\/uploads\\\/2024\\\/03\\\/primus-winter-gas-230g.jpg\",\"width\":1450,\"height\":1450},{\"@type\":\"BreadcrumbList\",\"@id\":\"https:\\\/\\\/gohike.lv\\\/ru\\\/produkts\\\/primus-winter-gas-230g-gazes-balons\\\/#breadcrumb\",\"itemListElement\":[{\"@type\":\"ListItem\",\"position\":1,\"name\":\"\u0413\u043b\u0430\u0432\u043d\u0430\u044f\",\"item\":\"https:\\\/\\\/gohike.lv\\\/ru\\\/\"},{\"@type\":\"ListItem\",\"position\":2,\"name\":\"\u041a\u0430\u0442\u0435\u0433\u043e\u0440\u0438\u0438 \u0442\u043e\u0432\u0430\u0440\u043e\u0432\",\"item\":\"https:\\\/\\\/gohike.lv\\\/%d0%ba%d0%b0%d1%82%d0%b5%d0%b3%d0%be%d1%80%d0%b8%d0%b8-%d1%82%d0%be%d0%b2%d0%b0%d1%80%d0%be%d0%b2\\\/\"},{\"@type\":\"ListItem\",\"position\":3,\"name\":\"Primus Winter gas g\u0101zes balons &#8211; 230g\"}]},{\"@type\":\"WebSite\",\"@id\":\"https:\\\/\\\/gohike.lv\\\/ru\\\/#website\",\"url\":\"https:\\\/\\\/gohike.lv\\\/ru\\\/\",\"name\":\"GoHike\",\"description\":\"\",\"publisher\":{\"@id\":\"https:\\\/\\\/gohike.lv\\\/ru\\\/#organization\"},\"potentialAction\":[{\"@type\":\"SearchAction\",\"target\":{\"@type\":\"EntryPoint\",\"urlTemplate\":\"https:\\\/\\\/gohike.lv\\\/ru\\\/?s={search_term_string}\"},\"query-input\":{\"@type\":\"PropertyValueSpecification\",\"valueRequired\":true,\"valueName\":\"search_term_string\"}}],\"inLanguage\":\"ru-RU\"},{\"@type\":\"Organization\",\"@id\":\"https:\\\/\\\/gohike.lv\\\/ru\\\/#organization\",\"name\":\"GoHike\",\"url\":\"https:\\\/\\\/gohike.lv\\\/ru\\\/\",\"logo\":{\"@type\":\"ImageObject\",\"inLanguage\":\"ru-RU\",\"@id\":\"https:\\\/\\\/gohike.lv\\\/ru\\\/#\\\/schema\\\/logo\\\/image\\\/\",\"url\":\"https:\\\/\\\/gohike.lv\\\/wp-content\\\/uploads\\\/2023\\\/08\\\/Logo_GoHike.webp\",\"contentUrl\":\"https:\\\/\\\/gohike.lv\\\/wp-content\\\/uploads\\\/2023\\\/08\\\/Logo_GoHike.webp\",\"width\":512,\"height\":512,\"caption\":\"GoHike\"},\"image\":{\"@id\":\"https:\\\/\\\/gohike.lv\\\/ru\\\/#\\\/schema\\\/logo\\\/image\\\/\"},\"sameAs\":[\"https:\\\/\\\/www.facebook.com\\\/gohike.shop\\\/\",\"https:\\\/\\\/www.instagram.com\\\/gohike.shop\\\/\"]}]}<\/script>\n<!-- \/ Yoast SEO plugin. -->","yoast_head_json":{"title":"Primus Winter gas g\u0101zes balons - 230g","description":"Primus Winter Gas g\u0101zes baloni ar skr\u016bv\u0113jamu v\u012btni satur t\u0101du pa\u0161u prop\u0101na un izobut\u0101na mais\u012bjumu k\u0101 Power Gas baloni, un Vapourmesh. Tos var izmantot l\u012bdz \u201322\u00b0C.","robots":{"index":"index","follow":"follow","max-snippet":"max-snippet:-1","max-image-preview":"max-image-preview:large","max-video-preview":"max-video-preview:-1"},"canonical":"https:\/\/gohike.lv\/ru\/produkts\/primus-winter-gas-230g-gazes-balons\/","og_locale":"ru_RU","og_type":"article","og_title":"Deg\u013ci un Degviela - Primus Winter gas 230g - g\u0101zes balons","og_description":"Primus Winter Gas g\u0101zes baloni ar skr\u016bv\u0113jamu v\u012btni satur t\u0101du pa\u0161u prop\u0101na un izobut\u0101na mais\u012bjumu k\u0101 Power Gas baloni, un Vapourmesh. Tos var izmantot l\u012bdz \u201322\u00b0C.","og_url":"https:\/\/gohike.lv\/ru\/produkts\/primus-winter-gas-230g-gazes-balons\/","og_site_name":"GoHike","article_publisher":"https:\/\/www.facebook.com\/gohike.shop\/","article_modified_time":"2025-12-30T14:09:59+00:00","og_image":[{"width":1450,"height":1450,"url":"https:\/\/gohike.lv\/wp-content\/uploads\/2024\/03\/primus-winter-gas-230g.jpg","type":"image\/jpeg"}],"twitter_card":"summary_large_image","twitter_title":"Deg\u013ci un Degviela - Primus Winter gas 230g - g\u0101zes balons","twitter_misc":{"\u041f\u0440\u0438\u043c\u0435\u0440\u043d\u043e\u0435 \u0432\u0440\u0435\u043c\u044f \u0434\u043b\u044f \u0447\u0442\u0435\u043d\u0438\u044f":"1 \u043c\u0438\u043d\u0443\u0442\u0430"},"schema":{"@context":"https:\/\/schema.org","@graph":[{"@type":["WebPage","ItemPage"],"@id":"https:\/\/gohike.lv\/ru\/produkts\/primus-winter-gas-230g-gazes-balons\/","url":"https:\/\/gohike.lv\/ru\/produkts\/primus-winter-gas-230g-gazes-balons\/","name":"Primus Winter gas g\u0101zes balons - 230g","isPartOf":{"@id":"https:\/\/gohike.lv\/ru\/#website"},"primaryImageOfPage":{"@id":"https:\/\/gohike.lv\/ru\/produkts\/primus-winter-gas-230g-gazes-balons\/#primaryimage"},"image":{"@id":"https:\/\/gohike.lv\/ru\/produkts\/primus-winter-gas-230g-gazes-balons\/#primaryimage"},"thumbnailUrl":"https:\/\/gohike.lv\/wp-content\/uploads\/2024\/03\/primus-winter-gas-230g.jpg","datePublished":"2024-05-09T13:05:59+00:00","dateModified":"2025-12-30T14:09:59+00:00","description":"Primus Winter Gas g\u0101zes baloni ar skr\u016bv\u0113jamu v\u012btni satur t\u0101du pa\u0161u prop\u0101na un izobut\u0101na mais\u012bjumu k\u0101 Power Gas baloni, un Vapourmesh. Tos var izmantot l\u012bdz \u201322\u00b0C.","breadcrumb":{"@id":"https:\/\/gohike.lv\/ru\/produkts\/primus-winter-gas-230g-gazes-balons\/#breadcrumb"},"inLanguage":"ru-RU","potentialAction":[{"@type":"ReadAction","target":["https:\/\/gohike.lv\/ru\/produkts\/primus-winter-gas-230g-gazes-balons\/"]}]},{"@type":"ImageObject","inLanguage":"ru-RU","@id":"https:\/\/gohike.lv\/ru\/produkts\/primus-winter-gas-230g-gazes-balons\/#primaryimage","url":"https:\/\/gohike.lv\/wp-content\/uploads\/2024\/03\/primus-winter-gas-230g.jpg","contentUrl":"https:\/\/gohike.lv\/wp-content\/uploads\/2024\/03\/primus-winter-gas-230g.jpg","width":1450,"height":1450},{"@type":"BreadcrumbList","@id":"https:\/\/gohike.lv\/ru\/produkts\/primus-winter-gas-230g-gazes-balons\/#breadcrumb","itemListElement":[{"@type":"ListItem","position":1,"name":"\u0413\u043b\u0430\u0432\u043d\u0430\u044f","item":"https:\/\/gohike.lv\/ru\/"},{"@type":"ListItem","position":2,"name":"\u041a\u0430\u0442\u0435\u0433\u043e\u0440\u0438\u0438 \u0442\u043e\u0432\u0430\u0440\u043e\u0432","item":"https:\/\/gohike.lv\/%d0%ba%d0%b0%d1%82%d0%b5%d0%b3%d0%be%d1%80%d0%b8%d0%b8-%d1%82%d0%be%d0%b2%d0%b0%d1%80%d0%be%d0%b2\/"},{"@type":"ListItem","position":3,"name":"Primus Winter gas g\u0101zes balons &#8211; 230g"}]},{"@type":"WebSite","@id":"https:\/\/gohike.lv\/ru\/#website","url":"https:\/\/gohike.lv\/ru\/","name":"GoHike","description":"","publisher":{"@id":"https:\/\/gohike.lv\/ru\/#organization"},"potentialAction":[{"@type":"SearchAction","target":{"@type":"EntryPoint","urlTemplate":"https:\/\/gohike.lv\/ru\/?s={search_term_string}"},"query-input":{"@type":"PropertyValueSpecification","valueRequired":true,"valueName":"search_term_string"}}],"inLanguage":"ru-RU"},{"@type":"Organization","@id":"https:\/\/gohike.lv\/ru\/#organization","name":"GoHike","url":"https:\/\/gohike.lv\/ru\/","logo":{"@type":"ImageObject","inLanguage":"ru-RU","@id":"https:\/\/gohike.lv\/ru\/#\/schema\/logo\/image\/","url":"https:\/\/gohike.lv\/wp-content\/uploads\/2023\/08\/Logo_GoHike.webp","contentUrl":"https:\/\/gohike.lv\/wp-content\/uploads\/2023\/08\/Logo_GoHike.webp","width":512,"height":512,"caption":"GoHike"},"image":{"@id":"https:\/\/gohike.lv\/ru\/#\/schema\/logo\/image\/"},"sameAs":["https:\/\/www.facebook.com\/gohike.shop\/","https:\/\/www.instagram.com\/gohike.shop\/"]}]}},"jetpack_sharing_enabled":true,"_links":{"self":[{"href":"https:\/\/gohike.lv\/ru\/wp-json\/wp\/v2\/product\/54273","targetHints":{"allow":["GET"]}}],"collection":[{"href":"https:\/\/gohike.lv\/ru\/wp-json\/wp\/v2\/product"}],"about":[{"href":"https:\/\/gohike.lv\/ru\/wp-json\/wp\/v2\/types\/product"}],"version-history":[{"count":0,"href":"https:\/\/gohike.lv\/ru\/wp-json\/wp\/v2\/product\/54273\/revisions"}],"wp:featuredmedia":[{"embeddable":true,"href":"https:\/\/gohike.lv\/ru\/wp-json\/wp\/v2\/media\/22600"}],"wp:attachment":[{"href":"https:\/\/gohike.lv\/ru\/wp-json\/wp\/v2\/media?parent=54273"}],"wp:term":[{"taxonomy":"product_brand","embeddable":true,"href":"https:\/\/gohike.lv\/ru\/wp-json\/wp\/v2\/product_brand?post=54273"},{"taxonomy":"product_cat","embeddable":true,"href":"https:\/\/gohike.lv\/ru\/wp-json\/wp\/v2\/product_cat?post=54273"},{"taxonomy":"product_tag","embeddable":true,"href":"https:\/\/gohike.lv\/ru\/wp-json\/wp\/v2\/product_tag?post=54273"}],"curies":[{"name":"wp","href":"https:\/\/api.w.org\/{rel}","templated":true}]}}