{"id":54255,"date":"2024-05-09T16:16:19","date_gmt":"2024-05-09T13:16:19","guid":{"rendered":"https:\/\/gohike.lv\/produkts\/primus-trailbottle-tritan-1l-pudele\/"},"modified":"2026-01-27T20:43:07","modified_gmt":"2026-01-27T17:43:07","slug":"primus-trailbottle-tritan-1l-pudele","status":"publish","type":"product","link":"https:\/\/gohike.lv\/ru\/produkts\/primus-trailbottle-tritan-1l-pudele\/","title":{"rendered":"Primus &#8212; Trailbottle tritan pudele 1L"},"content":{"rendered":"<p>Caursp\u012bd\u012bga Tritan\u00ae pudele ir izgatavota no viegla Tritan\u00ae materi\u0101la, kas nesatur BPA un neuzs\u016bc un neizdala nek\u0101das gar\u0161as.<br \/>\nViegli uzpild\u0101ma un t\u012brama pateicoties lielam kaklam. Ir siksna, kas savieno pudeli ar v\u0101ku.<br \/>\nPudele der\u0113s automa\u0161\u012bnas gl\u0101\u017eu tur\u0113t\u0101jam, velosip\u0113da pudeles tur\u0113t\u0101jam vai somas s\u0101nu kabatai.<br \/>\nPieejami divi izm\u0113ri;<br \/>\nRa\u017eots Zviedrij\u0101.<\/p>\n","protected":false},"excerpt":{"rendered":"<p>Viegli lietojama, \u0113rta un stil\u012bga pudele.<\/p>\n","protected":false},"featured_media":16761,"template":"","meta":[],"product_brand":[15379],"product_cat":[12743],"product_tag":[],"class_list":{"0":"post-54255","1":"product","2":"type-product","3":"status-publish","4":"has-post-thumbnail","6":"product_brand-primus-ru","7":"product_cat-12743","8":"pa_augstums-245mm","9":"pa_diametrs-90mm","10":"pa_materiali-pp-plastmasa-2","11":"pa_materiali-tritans","12":"pa_produkta-tips-13272","13":"pa_spalva-13311","14":"pa_spalva-sarkans","15":"pa_spalva-13305","17":"first","18":"instock","19":"sale","20":"taxable","21":"shipping-taxable","22":"purchasable","23":"product-type-variable"},"raw_content":{"name":"Primus - Trailbottle tritan pudele 1L","description":"Caursp\u012bd\u012bga Tritan\u00ae pudele ir izgatavota no viegla Tritan\u00ae materi\u0101la, kas nesatur BPA un neuzs\u016bc un neizdala nek\u0101das gar\u0161as.\nViegli uzpild\u0101ma un t\u012brama pateicoties lielam kaklam. Ir siksna, kas savieno pudeli ar v\u0101ku.\nPudele der\u0113s automa\u0161\u012bnas gl\u0101\u017eu tur\u0113t\u0101jam, velosip\u0113da pudeles tur\u0113t\u0101jam vai somas s\u0101nu kabatai.\nPieejami divi izm\u0113ri;\nRa\u017eots Zviedrij\u0101.","short_description":"Viegli lietojama, \u0113rta un stil\u012bga pudele.","status":"publish","sku":"Primm00006","original":54255},"wpml":{"translation_type":1,"has_translations":true,"original":54255,"duplicates":[],"translations":{"lv":54255,"en":67528,"ru":null}},"supplier_id":null,"supplier_sku":"","barcode":null,"atum_controlled":true,"out_stock_date":null,"out_stock_threshold":null,"inheritable":false,"inbound_stock":0,"stock_on_hold":0,"sold_today":0,"sales_last_days":0,"reserved_stock":0,"customer_returns":0,"warehouse_damage":0,"lost_in_post":0,"other_logs":0,"out_stock_days":0,"lost_sales":0,"has_location":false,"update_date":"2026-01-02T17:14:47","atum_locations":[],"atum_stock_status":"instock","restock_status":false,"low_stock_amount":"","sales_update_date":"2025-11-13T14:07:41","calc_backorders":null,"yoast_head":"<!-- This site is optimized with the Yoast SEO plugin v27.3 - https:\/\/yoast.com\/product\/yoast-seo-wordpress\/ -->\n<title>Primus - Trailbottle tritan pudele 1L<\/title>\n<meta name=\"description\" content=\"Viegli lietojama, \u0113rta un stil\u012bga pudele. Viegli uzpild\u0101ma un t\u012brama pateicoties lielam kaklam. Ir siksna, kas savieno pudeli ar v\u0101ku.\" \/>\n<meta name=\"robots\" content=\"index, follow, max-snippet:-1, max-image-preview:large, max-video-preview:-1\" \/>\n<link rel=\"canonical\" href=\"https:\/\/gohike.lv\/ru\/produkts\/primus-trailbottle-tritan-1l-pudele\/\" \/>\n<meta property=\"og:locale\" content=\"ru_RU\" \/>\n<meta property=\"og:type\" content=\"article\" \/>\n<meta property=\"og:title\" content=\"Virtuves piederumi - Primus TRAILBOTTLE TRITAN 1L - pudele\" \/>\n<meta property=\"og:description\" content=\"Viegli lietojama, \u0113rta un stil\u012bga pudele. Viegli uzpild\u0101ma un t\u012brama pateicoties lielam kaklam. Ir siksna, kas savieno pudeli ar v\u0101ku.\" \/>\n<meta property=\"og:url\" content=\"https:\/\/gohike.lv\/ru\/produkts\/primus-trailbottle-tritan-1l-pudele\/\" \/>\n<meta property=\"og:site_name\" content=\"GoHike\" \/>\n<meta property=\"article:publisher\" content=\"https:\/\/www.facebook.com\/gohike.shop\/\" \/>\n<meta property=\"article:modified_time\" content=\"2026-01-27T17:43:07+00:00\" \/>\n<meta property=\"og:image\" content=\"https:\/\/gohike.lv\/wp-content\/uploads\/2024\/02\/TrailBottle_1L-black.webp\" \/>\n\t<meta property=\"og:image:width\" content=\"1800\" \/>\n\t<meta property=\"og:image:height\" content=\"1800\" \/>\n\t<meta property=\"og:image:type\" content=\"image\/webp\" \/>\n<meta name=\"twitter:card\" content=\"summary_large_image\" \/>\n<meta name=\"twitter:title\" content=\"Virtuves piederumi - Primus TRAILBOTTLE TRITAN 1L - pudele\" \/>\n<meta name=\"twitter:label1\" content=\"\u041f\u0440\u0438\u043c\u0435\u0440\u043d\u043e\u0435 \u0432\u0440\u0435\u043c\u044f \u0434\u043b\u044f \u0447\u0442\u0435\u043d\u0438\u044f\" \/>\n\t<meta name=\"twitter:data1\" content=\"1 \u043c\u0438\u043d\u0443\u0442\u0430\" \/>\n<script type=\"application\/ld+json\" class=\"yoast-schema-graph\">{\"@context\":\"https:\\\/\\\/schema.org\",\"@graph\":[{\"@type\":[\"WebPage\",\"ItemPage\"],\"@id\":\"https:\\\/\\\/gohike.lv\\\/ru\\\/produkts\\\/primus-trailbottle-tritan-1l-pudele\\\/\",\"url\":\"https:\\\/\\\/gohike.lv\\\/ru\\\/produkts\\\/primus-trailbottle-tritan-1l-pudele\\\/\",\"name\":\"Primus - Trailbottle tritan pudele 1L\",\"isPartOf\":{\"@id\":\"https:\\\/\\\/gohike.lv\\\/ru\\\/#website\"},\"primaryImageOfPage\":{\"@id\":\"https:\\\/\\\/gohike.lv\\\/ru\\\/produkts\\\/primus-trailbottle-tritan-1l-pudele\\\/#primaryimage\"},\"image\":{\"@id\":\"https:\\\/\\\/gohike.lv\\\/ru\\\/produkts\\\/primus-trailbottle-tritan-1l-pudele\\\/#primaryimage\"},\"thumbnailUrl\":\"https:\\\/\\\/gohike.lv\\\/wp-content\\\/uploads\\\/2024\\\/02\\\/TrailBottle_1L-black.webp\",\"datePublished\":\"2024-05-09T13:16:19+00:00\",\"dateModified\":\"2026-01-27T17:43:07+00:00\",\"description\":\"Viegli lietojama, \u0113rta un stil\u012bga pudele. Viegli uzpild\u0101ma un t\u012brama pateicoties lielam kaklam. Ir siksna, kas savieno pudeli ar v\u0101ku.\",\"breadcrumb\":{\"@id\":\"https:\\\/\\\/gohike.lv\\\/ru\\\/produkts\\\/primus-trailbottle-tritan-1l-pudele\\\/#breadcrumb\"},\"inLanguage\":\"ru-RU\",\"potentialAction\":[{\"@type\":\"ReadAction\",\"target\":[\"https:\\\/\\\/gohike.lv\\\/ru\\\/produkts\\\/primus-trailbottle-tritan-1l-pudele\\\/\"]}]},{\"@type\":\"ImageObject\",\"inLanguage\":\"ru-RU\",\"@id\":\"https:\\\/\\\/gohike.lv\\\/ru\\\/produkts\\\/primus-trailbottle-tritan-1l-pudele\\\/#primaryimage\",\"url\":\"https:\\\/\\\/gohike.lv\\\/wp-content\\\/uploads\\\/2024\\\/02\\\/TrailBottle_1L-black.webp\",\"contentUrl\":\"https:\\\/\\\/gohike.lv\\\/wp-content\\\/uploads\\\/2024\\\/02\\\/TrailBottle_1L-black.webp\",\"width\":1800,\"height\":1800},{\"@type\":\"BreadcrumbList\",\"@id\":\"https:\\\/\\\/gohike.lv\\\/ru\\\/produkts\\\/primus-trailbottle-tritan-1l-pudele\\\/#breadcrumb\",\"itemListElement\":[{\"@type\":\"ListItem\",\"position\":1,\"name\":\"\u0413\u043b\u0430\u0432\u043d\u0430\u044f\",\"item\":\"https:\\\/\\\/gohike.lv\\\/ru\\\/\"},{\"@type\":\"ListItem\",\"position\":2,\"name\":\"\u041a\u0430\u0442\u0435\u0433\u043e\u0440\u0438\u0438 \u0442\u043e\u0432\u0430\u0440\u043e\u0432\",\"item\":\"https:\\\/\\\/gohike.lv\\\/%d0%ba%d0%b0%d1%82%d0%b5%d0%b3%d0%be%d1%80%d0%b8%d0%b8-%d1%82%d0%be%d0%b2%d0%b0%d1%80%d0%be%d0%b2\\\/\"},{\"@type\":\"ListItem\",\"position\":3,\"name\":\"Primus &#8211; Trailbottle tritan pudele 1L\"}]},{\"@type\":\"WebSite\",\"@id\":\"https:\\\/\\\/gohike.lv\\\/ru\\\/#website\",\"url\":\"https:\\\/\\\/gohike.lv\\\/ru\\\/\",\"name\":\"GoHike\",\"description\":\"\",\"publisher\":{\"@id\":\"https:\\\/\\\/gohike.lv\\\/ru\\\/#organization\"},\"potentialAction\":[{\"@type\":\"SearchAction\",\"target\":{\"@type\":\"EntryPoint\",\"urlTemplate\":\"https:\\\/\\\/gohike.lv\\\/ru\\\/?s={search_term_string}\"},\"query-input\":{\"@type\":\"PropertyValueSpecification\",\"valueRequired\":true,\"valueName\":\"search_term_string\"}}],\"inLanguage\":\"ru-RU\"},{\"@type\":\"Organization\",\"@id\":\"https:\\\/\\\/gohike.lv\\\/ru\\\/#organization\",\"name\":\"GoHike\",\"url\":\"https:\\\/\\\/gohike.lv\\\/ru\\\/\",\"logo\":{\"@type\":\"ImageObject\",\"inLanguage\":\"ru-RU\",\"@id\":\"https:\\\/\\\/gohike.lv\\\/ru\\\/#\\\/schema\\\/logo\\\/image\\\/\",\"url\":\"https:\\\/\\\/gohike.lv\\\/wp-content\\\/uploads\\\/2023\\\/08\\\/Logo_GoHike.webp\",\"contentUrl\":\"https:\\\/\\\/gohike.lv\\\/wp-content\\\/uploads\\\/2023\\\/08\\\/Logo_GoHike.webp\",\"width\":512,\"height\":512,\"caption\":\"GoHike\"},\"image\":{\"@id\":\"https:\\\/\\\/gohike.lv\\\/ru\\\/#\\\/schema\\\/logo\\\/image\\\/\"},\"sameAs\":[\"https:\\\/\\\/www.facebook.com\\\/gohike.shop\\\/\",\"https:\\\/\\\/www.instagram.com\\\/gohike.shop\\\/\"]}]}<\/script>\n<!-- \/ Yoast SEO plugin. -->","yoast_head_json":{"title":"Primus - Trailbottle tritan pudele 1L","description":"Viegli lietojama, \u0113rta un stil\u012bga pudele. Viegli uzpild\u0101ma un t\u012brama pateicoties lielam kaklam. Ir siksna, kas savieno pudeli ar v\u0101ku.","robots":{"index":"index","follow":"follow","max-snippet":"max-snippet:-1","max-image-preview":"max-image-preview:large","max-video-preview":"max-video-preview:-1"},"canonical":"https:\/\/gohike.lv\/ru\/produkts\/primus-trailbottle-tritan-1l-pudele\/","og_locale":"ru_RU","og_type":"article","og_title":"Virtuves piederumi - Primus TRAILBOTTLE TRITAN 1L - pudele","og_description":"Viegli lietojama, \u0113rta un stil\u012bga pudele. Viegli uzpild\u0101ma un t\u012brama pateicoties lielam kaklam. Ir siksna, kas savieno pudeli ar v\u0101ku.","og_url":"https:\/\/gohike.lv\/ru\/produkts\/primus-trailbottle-tritan-1l-pudele\/","og_site_name":"GoHike","article_publisher":"https:\/\/www.facebook.com\/gohike.shop\/","article_modified_time":"2026-01-27T17:43:07+00:00","og_image":[{"width":1800,"height":1800,"url":"https:\/\/gohike.lv\/wp-content\/uploads\/2024\/02\/TrailBottle_1L-black.webp","type":"image\/webp"}],"twitter_card":"summary_large_image","twitter_title":"Virtuves piederumi - Primus TRAILBOTTLE TRITAN 1L - pudele","twitter_misc":{"\u041f\u0440\u0438\u043c\u0435\u0440\u043d\u043e\u0435 \u0432\u0440\u0435\u043c\u044f \u0434\u043b\u044f \u0447\u0442\u0435\u043d\u0438\u044f":"1 \u043c\u0438\u043d\u0443\u0442\u0430"},"schema":{"@context":"https:\/\/schema.org","@graph":[{"@type":["WebPage","ItemPage"],"@id":"https:\/\/gohike.lv\/ru\/produkts\/primus-trailbottle-tritan-1l-pudele\/","url":"https:\/\/gohike.lv\/ru\/produkts\/primus-trailbottle-tritan-1l-pudele\/","name":"Primus - Trailbottle tritan pudele 1L","isPartOf":{"@id":"https:\/\/gohike.lv\/ru\/#website"},"primaryImageOfPage":{"@id":"https:\/\/gohike.lv\/ru\/produkts\/primus-trailbottle-tritan-1l-pudele\/#primaryimage"},"image":{"@id":"https:\/\/gohike.lv\/ru\/produkts\/primus-trailbottle-tritan-1l-pudele\/#primaryimage"},"thumbnailUrl":"https:\/\/gohike.lv\/wp-content\/uploads\/2024\/02\/TrailBottle_1L-black.webp","datePublished":"2024-05-09T13:16:19+00:00","dateModified":"2026-01-27T17:43:07+00:00","description":"Viegli lietojama, \u0113rta un stil\u012bga pudele. Viegli uzpild\u0101ma un t\u012brama pateicoties lielam kaklam. Ir siksna, kas savieno pudeli ar v\u0101ku.","breadcrumb":{"@id":"https:\/\/gohike.lv\/ru\/produkts\/primus-trailbottle-tritan-1l-pudele\/#breadcrumb"},"inLanguage":"ru-RU","potentialAction":[{"@type":"ReadAction","target":["https:\/\/gohike.lv\/ru\/produkts\/primus-trailbottle-tritan-1l-pudele\/"]}]},{"@type":"ImageObject","inLanguage":"ru-RU","@id":"https:\/\/gohike.lv\/ru\/produkts\/primus-trailbottle-tritan-1l-pudele\/#primaryimage","url":"https:\/\/gohike.lv\/wp-content\/uploads\/2024\/02\/TrailBottle_1L-black.webp","contentUrl":"https:\/\/gohike.lv\/wp-content\/uploads\/2024\/02\/TrailBottle_1L-black.webp","width":1800,"height":1800},{"@type":"BreadcrumbList","@id":"https:\/\/gohike.lv\/ru\/produkts\/primus-trailbottle-tritan-1l-pudele\/#breadcrumb","itemListElement":[{"@type":"ListItem","position":1,"name":"\u0413\u043b\u0430\u0432\u043d\u0430\u044f","item":"https:\/\/gohike.lv\/ru\/"},{"@type":"ListItem","position":2,"name":"\u041a\u0430\u0442\u0435\u0433\u043e\u0440\u0438\u0438 \u0442\u043e\u0432\u0430\u0440\u043e\u0432","item":"https:\/\/gohike.lv\/%d0%ba%d0%b0%d1%82%d0%b5%d0%b3%d0%be%d1%80%d0%b8%d0%b8-%d1%82%d0%be%d0%b2%d0%b0%d1%80%d0%be%d0%b2\/"},{"@type":"ListItem","position":3,"name":"Primus &#8211; Trailbottle tritan pudele 1L"}]},{"@type":"WebSite","@id":"https:\/\/gohike.lv\/ru\/#website","url":"https:\/\/gohike.lv\/ru\/","name":"GoHike","description":"","publisher":{"@id":"https:\/\/gohike.lv\/ru\/#organization"},"potentialAction":[{"@type":"SearchAction","target":{"@type":"EntryPoint","urlTemplate":"https:\/\/gohike.lv\/ru\/?s={search_term_string}"},"query-input":{"@type":"PropertyValueSpecification","valueRequired":true,"valueName":"search_term_string"}}],"inLanguage":"ru-RU"},{"@type":"Organization","@id":"https:\/\/gohike.lv\/ru\/#organization","name":"GoHike","url":"https:\/\/gohike.lv\/ru\/","logo":{"@type":"ImageObject","inLanguage":"ru-RU","@id":"https:\/\/gohike.lv\/ru\/#\/schema\/logo\/image\/","url":"https:\/\/gohike.lv\/wp-content\/uploads\/2023\/08\/Logo_GoHike.webp","contentUrl":"https:\/\/gohike.lv\/wp-content\/uploads\/2023\/08\/Logo_GoHike.webp","width":512,"height":512,"caption":"GoHike"},"image":{"@id":"https:\/\/gohike.lv\/ru\/#\/schema\/logo\/image\/"},"sameAs":["https:\/\/www.facebook.com\/gohike.shop\/","https:\/\/www.instagram.com\/gohike.shop\/"]}]}},"jetpack_sharing_enabled":true,"_links":{"self":[{"href":"https:\/\/gohike.lv\/ru\/wp-json\/wp\/v2\/product\/54255","targetHints":{"allow":["GET"]}}],"collection":[{"href":"https:\/\/gohike.lv\/ru\/wp-json\/wp\/v2\/product"}],"about":[{"href":"https:\/\/gohike.lv\/ru\/wp-json\/wp\/v2\/types\/product"}],"version-history":[{"count":0,"href":"https:\/\/gohike.lv\/ru\/wp-json\/wp\/v2\/product\/54255\/revisions"}],"wp:featuredmedia":[{"embeddable":true,"href":"https:\/\/gohike.lv\/ru\/wp-json\/wp\/v2\/media\/16761"}],"wp:attachment":[{"href":"https:\/\/gohike.lv\/ru\/wp-json\/wp\/v2\/media?parent=54255"}],"wp:term":[{"taxonomy":"product_brand","embeddable":true,"href":"https:\/\/gohike.lv\/ru\/wp-json\/wp\/v2\/product_brand?post=54255"},{"taxonomy":"product_cat","embeddable":true,"href":"https:\/\/gohike.lv\/ru\/wp-json\/wp\/v2\/product_cat?post=54255"},{"taxonomy":"product_tag","embeddable":true,"href":"https:\/\/gohike.lv\/ru\/wp-json\/wp\/v2\/product_tag?post=54255"}],"curies":[{"name":"wp","href":"https:\/\/api.w.org\/{rel}","templated":true}]}}