{"id":54241,"date":"2024-05-09T16:14:01","date_gmt":"2024-05-09T13:14:01","guid":{"rendered":"https:\/\/gohike.lv\/produkts\/primus-trailbreak-vakuuma-kruze-0-35l\/"},"modified":"2026-01-02T20:12:29","modified_gmt":"2026-01-02T17:12:29","slug":"primus-trailbreak-vakuuma-kruze-0-35l","status":"publish","type":"product","link":"https:\/\/gohike.lv\/ru\/produkts\/primus-trailbreak-vakuuma-kruze-0-35l\/","title":{"rendered":"Primus &#8212; Trailbreak vakuuma kr\u016bze 0.35L"},"content":{"rendered":"<p>P\u0101rtikas kvalit\u0101tes 18\/8 ner\u016bs\u0113jo\u0161\u0101 t\u0113rauda vakuuma kr\u016bze ir iztur\u012bga, t\u0101 var uztur\u0113t dz\u0113rienu karstu vai aukstu.<br \/>\nKonusveida forma padara kr\u016bzi viegli satveramu.<br \/>\nPieejama div\u0101s kr\u0101s\u0101s un 0.35L izm\u0113r\u0101.<br \/>\nVakuumizol\u0101cija ar dubultsienu dizainu saglab\u0101 dz\u0113riena temperat\u016bru.<br \/>\nPiem\u0113rots izm\u0113rs automa\u0161\u012bnas kr\u016bzes tur\u0113t\u0101jam.<br \/>\nNer\u016bs\u0113jo\u0161ais t\u0113rauds nepie\u0161\u0137ir un nesaglab\u0101 gar\u0161u.<br \/>\nVirsma ar pulvera p\u0101rkl\u0101jumu nodro\u0161ina lielisku sa\u0137eri cimdos.<br \/>\nKr\u016bzes kakla aizb\u0101znis atveras un aizveras ar nelielu pagriezienu.<\/p>\n","protected":false},"excerpt":{"rendered":"<p>PRIMUS vakuuma kr\u016bze saglab\u0101 dz\u0113rienus aukstus vai karstus vair\u0101kas stundas.<\/p>\n","protected":false},"featured_media":22674,"template":"","meta":[],"product_brand":[15379],"product_cat":[12743],"product_tag":[],"class_list":{"0":"post-54241","1":"product","2":"type-product","3":"status-publish","4":"has-post-thumbnail","6":"product_brand-primus-ru","7":"product_cat-12743","8":"pa_augstums-202mm","9":"pa_diametrs-79mm","10":"pa_materiali-nerusejosais-terauds","11":"pa_materiali-pp-plastmasa-2","12":"pa_produkta-tips-13272","13":"pa_spalva-13311","14":"pa_spalva-sudrabs","16":"first","17":"instock","18":"taxable","19":"shipping-taxable","20":"purchasable","21":"product-type-variable"},"raw_content":{"name":"Primus - Trailbreak vakuuma kr\u016bze 0.35L","description":"P\u0101rtikas kvalit\u0101tes 18\/8 ner\u016bs\u0113jo\u0161\u0101 t\u0113rauda vakuuma kr\u016bze ir iztur\u012bga, t\u0101 var uztur\u0113t dz\u0113rienu karstu vai aukstu.\nKonusveida forma padara kr\u016bzi viegli satveramu.\nPieejama div\u0101s kr\u0101s\u0101s un 0.35L izm\u0113r\u0101.\nVakuumizol\u0101cija ar dubultsienu dizainu saglab\u0101 dz\u0113riena temperat\u016bru.\nPiem\u0113rots izm\u0113rs automa\u0161\u012bnas kr\u016bzes tur\u0113t\u0101jam.\nNer\u016bs\u0113jo\u0161ais t\u0113rauds nepie\u0161\u0137ir un nesaglab\u0101 gar\u0161u.\nVirsma ar pulvera p\u0101rkl\u0101jumu nodro\u0161ina lielisku sa\u0137eri cimdos.\nKr\u016bzes kakla aizb\u0101znis atveras un aizveras ar nelielu pagriezienu.","short_description":"PRIMUS vakuuma kr\u016bze saglab\u0101 dz\u0113rienus aukstus vai karstus vair\u0101kas stundas.","status":"publish","sku":"Primm00003","original":54241},"wpml":{"translation_type":1,"has_translations":true,"original":54241,"duplicates":[],"translations":{"lv":54241,"en":67513,"ru":null}},"supplier_id":null,"supplier_sku":"","barcode":null,"atum_controlled":true,"out_stock_date":null,"out_stock_threshold":null,"inheritable":false,"inbound_stock":0,"stock_on_hold":0,"sold_today":0,"sales_last_days":0,"reserved_stock":0,"customer_returns":0,"warehouse_damage":0,"lost_in_post":0,"other_logs":0,"out_stock_days":0,"lost_sales":0,"has_location":false,"update_date":"2025-12-30T14:30:35","atum_locations":[],"atum_stock_status":"instock","restock_status":false,"low_stock_amount":"","sales_update_date":"2025-11-13T14:07:35","calc_backorders":null,"yoast_head":"<!-- This site is optimized with the Yoast SEO plugin v27.3 - https:\/\/yoast.com\/product\/yoast-seo-wordpress\/ -->\n<title>Primus - Trailbreak vakuuma kr\u016bze 0.35L<\/title>\n<meta name=\"description\" content=\"PRIMUS vakuuma kr\u016bze saglab\u0101 dz\u0113rienus aukstus vai karstus vair\u0101kas stundas. Konusveida forma padara kr\u016bzi viegli satveramu.\" \/>\n<meta name=\"robots\" content=\"index, follow, max-snippet:-1, max-image-preview:large, max-video-preview:-1\" \/>\n<link rel=\"canonical\" href=\"https:\/\/gohike.lv\/ru\/produkts\/primus-trailbreak-vakuuma-kruze-0-35l\/\" \/>\n<meta property=\"og:locale\" content=\"ru_RU\" \/>\n<meta property=\"og:type\" content=\"article\" \/>\n<meta property=\"og:title\" content=\"Deg\u013ci un Degviela - Primus TRAILBREAK VAKUUMA KR\u016aZE 0.35L\" \/>\n<meta property=\"og:description\" content=\"PRIMUS vakuuma kr\u016bze saglab\u0101 dz\u0113rienus aukstus vai karstus vair\u0101kas stundas. Konusveida forma padara kr\u016bzi viegli satveramu.\" \/>\n<meta property=\"og:url\" content=\"https:\/\/gohike.lv\/ru\/produkts\/primus-trailbreak-vakuuma-kruze-0-35l\/\" \/>\n<meta property=\"og:site_name\" content=\"GoHike\" \/>\n<meta property=\"article:publisher\" content=\"https:\/\/www.facebook.com\/gohike.shop\/\" \/>\n<meta property=\"article:modified_time\" content=\"2026-01-02T17:12:29+00:00\" \/>\n<meta property=\"og:image\" content=\"https:\/\/gohike.lv\/wp-content\/uploads\/2024\/03\/TrailBreakMug_0point35L_Black-6.webp\" \/>\n\t<meta property=\"og:image:width\" content=\"1800\" \/>\n\t<meta property=\"og:image:height\" content=\"1800\" \/>\n\t<meta property=\"og:image:type\" content=\"image\/webp\" \/>\n<meta name=\"twitter:card\" content=\"summary_large_image\" \/>\n<meta name=\"twitter:title\" content=\"Deg\u013ci un Degviela - Primus TRAILBREAK VAKUUMA KR\u016aZE 0.35L\" \/>\n<meta name=\"twitter:label1\" content=\"\u041f\u0440\u0438\u043c\u0435\u0440\u043d\u043e\u0435 \u0432\u0440\u0435\u043c\u044f \u0434\u043b\u044f \u0447\u0442\u0435\u043d\u0438\u044f\" \/>\n\t<meta name=\"twitter:data1\" content=\"1 \u043c\u0438\u043d\u0443\u0442\u0430\" \/>\n<script type=\"application\/ld+json\" class=\"yoast-schema-graph\">{\"@context\":\"https:\\\/\\\/schema.org\",\"@graph\":[{\"@type\":[\"WebPage\",\"ItemPage\"],\"@id\":\"https:\\\/\\\/gohike.lv\\\/ru\\\/produkts\\\/primus-trailbreak-vakuuma-kruze-0-35l\\\/\",\"url\":\"https:\\\/\\\/gohike.lv\\\/ru\\\/produkts\\\/primus-trailbreak-vakuuma-kruze-0-35l\\\/\",\"name\":\"Primus - Trailbreak vakuuma kr\u016bze 0.35L\",\"isPartOf\":{\"@id\":\"https:\\\/\\\/gohike.lv\\\/ru\\\/#website\"},\"primaryImageOfPage\":{\"@id\":\"https:\\\/\\\/gohike.lv\\\/ru\\\/produkts\\\/primus-trailbreak-vakuuma-kruze-0-35l\\\/#primaryimage\"},\"image\":{\"@id\":\"https:\\\/\\\/gohike.lv\\\/ru\\\/produkts\\\/primus-trailbreak-vakuuma-kruze-0-35l\\\/#primaryimage\"},\"thumbnailUrl\":\"https:\\\/\\\/gohike.lv\\\/wp-content\\\/uploads\\\/2024\\\/03\\\/TrailBreakMug_0point35L_Black-6.webp\",\"datePublished\":\"2024-05-09T13:14:01+00:00\",\"dateModified\":\"2026-01-02T17:12:29+00:00\",\"description\":\"PRIMUS vakuuma kr\u016bze saglab\u0101 dz\u0113rienus aukstus vai karstus vair\u0101kas stundas. Konusveida forma padara kr\u016bzi viegli satveramu.\",\"breadcrumb\":{\"@id\":\"https:\\\/\\\/gohike.lv\\\/ru\\\/produkts\\\/primus-trailbreak-vakuuma-kruze-0-35l\\\/#breadcrumb\"},\"inLanguage\":\"ru-RU\",\"potentialAction\":[{\"@type\":\"ReadAction\",\"target\":[\"https:\\\/\\\/gohike.lv\\\/ru\\\/produkts\\\/primus-trailbreak-vakuuma-kruze-0-35l\\\/\"]}]},{\"@type\":\"ImageObject\",\"inLanguage\":\"ru-RU\",\"@id\":\"https:\\\/\\\/gohike.lv\\\/ru\\\/produkts\\\/primus-trailbreak-vakuuma-kruze-0-35l\\\/#primaryimage\",\"url\":\"https:\\\/\\\/gohike.lv\\\/wp-content\\\/uploads\\\/2024\\\/03\\\/TrailBreakMug_0point35L_Black-6.webp\",\"contentUrl\":\"https:\\\/\\\/gohike.lv\\\/wp-content\\\/uploads\\\/2024\\\/03\\\/TrailBreakMug_0point35L_Black-6.webp\",\"width\":1800,\"height\":1800},{\"@type\":\"BreadcrumbList\",\"@id\":\"https:\\\/\\\/gohike.lv\\\/ru\\\/produkts\\\/primus-trailbreak-vakuuma-kruze-0-35l\\\/#breadcrumb\",\"itemListElement\":[{\"@type\":\"ListItem\",\"position\":1,\"name\":\"\u0413\u043b\u0430\u0432\u043d\u0430\u044f\",\"item\":\"https:\\\/\\\/gohike.lv\\\/ru\\\/\"},{\"@type\":\"ListItem\",\"position\":2,\"name\":\"\u041a\u0430\u0442\u0435\u0433\u043e\u0440\u0438\u0438 \u0442\u043e\u0432\u0430\u0440\u043e\u0432\",\"item\":\"https:\\\/\\\/gohike.lv\\\/%d0%ba%d0%b0%d1%82%d0%b5%d0%b3%d0%be%d1%80%d0%b8%d0%b8-%d1%82%d0%be%d0%b2%d0%b0%d1%80%d0%be%d0%b2\\\/\"},{\"@type\":\"ListItem\",\"position\":3,\"name\":\"Primus &#8211; Trailbreak vakuuma kr\u016bze 0.35L\"}]},{\"@type\":\"WebSite\",\"@id\":\"https:\\\/\\\/gohike.lv\\\/ru\\\/#website\",\"url\":\"https:\\\/\\\/gohike.lv\\\/ru\\\/\",\"name\":\"GoHike\",\"description\":\"\",\"publisher\":{\"@id\":\"https:\\\/\\\/gohike.lv\\\/ru\\\/#organization\"},\"potentialAction\":[{\"@type\":\"SearchAction\",\"target\":{\"@type\":\"EntryPoint\",\"urlTemplate\":\"https:\\\/\\\/gohike.lv\\\/ru\\\/?s={search_term_string}\"},\"query-input\":{\"@type\":\"PropertyValueSpecification\",\"valueRequired\":true,\"valueName\":\"search_term_string\"}}],\"inLanguage\":\"ru-RU\"},{\"@type\":\"Organization\",\"@id\":\"https:\\\/\\\/gohike.lv\\\/ru\\\/#organization\",\"name\":\"GoHike\",\"url\":\"https:\\\/\\\/gohike.lv\\\/ru\\\/\",\"logo\":{\"@type\":\"ImageObject\",\"inLanguage\":\"ru-RU\",\"@id\":\"https:\\\/\\\/gohike.lv\\\/ru\\\/#\\\/schema\\\/logo\\\/image\\\/\",\"url\":\"https:\\\/\\\/gohike.lv\\\/wp-content\\\/uploads\\\/2023\\\/08\\\/Logo_GoHike.webp\",\"contentUrl\":\"https:\\\/\\\/gohike.lv\\\/wp-content\\\/uploads\\\/2023\\\/08\\\/Logo_GoHike.webp\",\"width\":512,\"height\":512,\"caption\":\"GoHike\"},\"image\":{\"@id\":\"https:\\\/\\\/gohike.lv\\\/ru\\\/#\\\/schema\\\/logo\\\/image\\\/\"},\"sameAs\":[\"https:\\\/\\\/www.facebook.com\\\/gohike.shop\\\/\",\"https:\\\/\\\/www.instagram.com\\\/gohike.shop\\\/\"]}]}<\/script>\n<!-- \/ Yoast SEO plugin. -->","yoast_head_json":{"title":"Primus - Trailbreak vakuuma kr\u016bze 0.35L","description":"PRIMUS vakuuma kr\u016bze saglab\u0101 dz\u0113rienus aukstus vai karstus vair\u0101kas stundas. Konusveida forma padara kr\u016bzi viegli satveramu.","robots":{"index":"index","follow":"follow","max-snippet":"max-snippet:-1","max-image-preview":"max-image-preview:large","max-video-preview":"max-video-preview:-1"},"canonical":"https:\/\/gohike.lv\/ru\/produkts\/primus-trailbreak-vakuuma-kruze-0-35l\/","og_locale":"ru_RU","og_type":"article","og_title":"Deg\u013ci un Degviela - Primus TRAILBREAK VAKUUMA KR\u016aZE 0.35L","og_description":"PRIMUS vakuuma kr\u016bze saglab\u0101 dz\u0113rienus aukstus vai karstus vair\u0101kas stundas. Konusveida forma padara kr\u016bzi viegli satveramu.","og_url":"https:\/\/gohike.lv\/ru\/produkts\/primus-trailbreak-vakuuma-kruze-0-35l\/","og_site_name":"GoHike","article_publisher":"https:\/\/www.facebook.com\/gohike.shop\/","article_modified_time":"2026-01-02T17:12:29+00:00","og_image":[{"width":1800,"height":1800,"url":"https:\/\/gohike.lv\/wp-content\/uploads\/2024\/03\/TrailBreakMug_0point35L_Black-6.webp","type":"image\/webp"}],"twitter_card":"summary_large_image","twitter_title":"Deg\u013ci un Degviela - Primus TRAILBREAK VAKUUMA KR\u016aZE 0.35L","twitter_misc":{"\u041f\u0440\u0438\u043c\u0435\u0440\u043d\u043e\u0435 \u0432\u0440\u0435\u043c\u044f \u0434\u043b\u044f \u0447\u0442\u0435\u043d\u0438\u044f":"1 \u043c\u0438\u043d\u0443\u0442\u0430"},"schema":{"@context":"https:\/\/schema.org","@graph":[{"@type":["WebPage","ItemPage"],"@id":"https:\/\/gohike.lv\/ru\/produkts\/primus-trailbreak-vakuuma-kruze-0-35l\/","url":"https:\/\/gohike.lv\/ru\/produkts\/primus-trailbreak-vakuuma-kruze-0-35l\/","name":"Primus - Trailbreak vakuuma kr\u016bze 0.35L","isPartOf":{"@id":"https:\/\/gohike.lv\/ru\/#website"},"primaryImageOfPage":{"@id":"https:\/\/gohike.lv\/ru\/produkts\/primus-trailbreak-vakuuma-kruze-0-35l\/#primaryimage"},"image":{"@id":"https:\/\/gohike.lv\/ru\/produkts\/primus-trailbreak-vakuuma-kruze-0-35l\/#primaryimage"},"thumbnailUrl":"https:\/\/gohike.lv\/wp-content\/uploads\/2024\/03\/TrailBreakMug_0point35L_Black-6.webp","datePublished":"2024-05-09T13:14:01+00:00","dateModified":"2026-01-02T17:12:29+00:00","description":"PRIMUS vakuuma kr\u016bze saglab\u0101 dz\u0113rienus aukstus vai karstus vair\u0101kas stundas. Konusveida forma padara kr\u016bzi viegli satveramu.","breadcrumb":{"@id":"https:\/\/gohike.lv\/ru\/produkts\/primus-trailbreak-vakuuma-kruze-0-35l\/#breadcrumb"},"inLanguage":"ru-RU","potentialAction":[{"@type":"ReadAction","target":["https:\/\/gohike.lv\/ru\/produkts\/primus-trailbreak-vakuuma-kruze-0-35l\/"]}]},{"@type":"ImageObject","inLanguage":"ru-RU","@id":"https:\/\/gohike.lv\/ru\/produkts\/primus-trailbreak-vakuuma-kruze-0-35l\/#primaryimage","url":"https:\/\/gohike.lv\/wp-content\/uploads\/2024\/03\/TrailBreakMug_0point35L_Black-6.webp","contentUrl":"https:\/\/gohike.lv\/wp-content\/uploads\/2024\/03\/TrailBreakMug_0point35L_Black-6.webp","width":1800,"height":1800},{"@type":"BreadcrumbList","@id":"https:\/\/gohike.lv\/ru\/produkts\/primus-trailbreak-vakuuma-kruze-0-35l\/#breadcrumb","itemListElement":[{"@type":"ListItem","position":1,"name":"\u0413\u043b\u0430\u0432\u043d\u0430\u044f","item":"https:\/\/gohike.lv\/ru\/"},{"@type":"ListItem","position":2,"name":"\u041a\u0430\u0442\u0435\u0433\u043e\u0440\u0438\u0438 \u0442\u043e\u0432\u0430\u0440\u043e\u0432","item":"https:\/\/gohike.lv\/%d0%ba%d0%b0%d1%82%d0%b5%d0%b3%d0%be%d1%80%d0%b8%d0%b8-%d1%82%d0%be%d0%b2%d0%b0%d1%80%d0%be%d0%b2\/"},{"@type":"ListItem","position":3,"name":"Primus &#8211; Trailbreak vakuuma kr\u016bze 0.35L"}]},{"@type":"WebSite","@id":"https:\/\/gohike.lv\/ru\/#website","url":"https:\/\/gohike.lv\/ru\/","name":"GoHike","description":"","publisher":{"@id":"https:\/\/gohike.lv\/ru\/#organization"},"potentialAction":[{"@type":"SearchAction","target":{"@type":"EntryPoint","urlTemplate":"https:\/\/gohike.lv\/ru\/?s={search_term_string}"},"query-input":{"@type":"PropertyValueSpecification","valueRequired":true,"valueName":"search_term_string"}}],"inLanguage":"ru-RU"},{"@type":"Organization","@id":"https:\/\/gohike.lv\/ru\/#organization","name":"GoHike","url":"https:\/\/gohike.lv\/ru\/","logo":{"@type":"ImageObject","inLanguage":"ru-RU","@id":"https:\/\/gohike.lv\/ru\/#\/schema\/logo\/image\/","url":"https:\/\/gohike.lv\/wp-content\/uploads\/2023\/08\/Logo_GoHike.webp","contentUrl":"https:\/\/gohike.lv\/wp-content\/uploads\/2023\/08\/Logo_GoHike.webp","width":512,"height":512,"caption":"GoHike"},"image":{"@id":"https:\/\/gohike.lv\/ru\/#\/schema\/logo\/image\/"},"sameAs":["https:\/\/www.facebook.com\/gohike.shop\/","https:\/\/www.instagram.com\/gohike.shop\/"]}]}},"jetpack_sharing_enabled":true,"_links":{"self":[{"href":"https:\/\/gohike.lv\/ru\/wp-json\/wp\/v2\/product\/54241","targetHints":{"allow":["GET"]}}],"collection":[{"href":"https:\/\/gohike.lv\/ru\/wp-json\/wp\/v2\/product"}],"about":[{"href":"https:\/\/gohike.lv\/ru\/wp-json\/wp\/v2\/types\/product"}],"version-history":[{"count":0,"href":"https:\/\/gohike.lv\/ru\/wp-json\/wp\/v2\/product\/54241\/revisions"}],"wp:featuredmedia":[{"embeddable":true,"href":"https:\/\/gohike.lv\/ru\/wp-json\/wp\/v2\/media\/22674"}],"wp:attachment":[{"href":"https:\/\/gohike.lv\/ru\/wp-json\/wp\/v2\/media?parent=54241"}],"wp:term":[{"taxonomy":"product_brand","embeddable":true,"href":"https:\/\/gohike.lv\/ru\/wp-json\/wp\/v2\/product_brand?post=54241"},{"taxonomy":"product_cat","embeddable":true,"href":"https:\/\/gohike.lv\/ru\/wp-json\/wp\/v2\/product_cat?post=54241"},{"taxonomy":"product_tag","embeddable":true,"href":"https:\/\/gohike.lv\/ru\/wp-json\/wp\/v2\/product_tag?post=54241"}],"curies":[{"name":"wp","href":"https:\/\/api.w.org\/{rel}","templated":true}]}}