{"id":54224,"date":"2024-05-09T15:18:12","date_gmt":"2024-05-09T12:18:12","guid":{"rendered":"https:\/\/gohike.lv\/produkts\/naturehike-3\/"},"modified":"2025-12-30T17:25:03","modified_gmt":"2025-12-30T14:25:03","slug":"naturehike-mitrumizturigs-paklajs-piknikam","status":"publish","type":"product","link":"https:\/\/gohike.lv\/ru\/produkts\/naturehike-mitrumizturigs-paklajs-piknikam\/","title":{"rendered":"Naturehike &#8212; Mitrumiztur\u012bgs pakl\u0101js piknikam"},"content":{"rendered":"<p>Tas ir \u013coti viegls, 20D divpus\u0113jais silikona t\u012bkls, dubulta \u016bdensnecaurlaid\u012bba, dubultais aizsardz\u012bbas sl\u0101nis.<br \/>\nNodilumiztur\u012bgs un pret pl\u012bsumiem iztur\u012bgs audums.<br \/>\nLiela izm\u0113ra audekls sp\u0113j ier\u012bkot vienk\u0101r\u0161u nojumi, pasarg\u0101t no saules, v\u0113ja un main\u012bgajiem laika apst\u0101k\u013ciem.<br \/>\nSoma pakl\u0101ji\u0146a glab\u0101\u0161anai atvieglo t\u0101 transport\u0113\u0161anu.<\/p>\n","protected":false},"excerpt":{"rendered":"<p>P\u0101rkl\u0101js Naturehike \u013cauj \u0113rti iek\u0101rtot atp\u016btas vietu piknika laik\u0101 br\u012bv\u0101 dab\u0101. Aksesu\u0101ram ir v\u0113l viens pielietojums \u2013 to var izmantot k\u0101 tentu.<\/p>\n","protected":false},"featured_media":26008,"template":"","meta":[],"product_brand":[167],"product_cat":[2964],"product_tag":[],"class_list":{"0":"post-54224","1":"product","2":"type-product","3":"status-publish","4":"has-post-thumbnail","6":"product_brand-naturehike-lv","7":"product_cat-pludmales-un-piknika-paklajini","8":"pa_izmeriscm-10189","9":"pa_izmeriscm-10190","10":"pa_izmeriscm-10191","11":"pa_materiali-20d-rutains-silikona-audums-ar-abpuseju-parklajumu","12":"pa_produkta-tips-pludmales-un-piknika-paklajini","13":"pa_size-l","14":"pa_size-m","15":"pa_size-s","16":"pa_spalva-melns","18":"first","19":"instock","20":"taxable","21":"shipping-taxable","22":"purchasable","23":"product-type-variable"},"raw_content":{"name":"Naturehike - Mitrumiztur\u012bgs pakl\u0101js piknikam","description":"Tas ir \u013coti viegls, 20D divpus\u0113jais silikona t\u012bkls, dubulta \u016bdensnecaurlaid\u012bba, dubultais aizsardz\u012bbas sl\u0101nis.\nNodilumiztur\u012bgs un pret pl\u012bsumiem iztur\u012bgs audums.\nLiela izm\u0113ra audekls sp\u0113j ier\u012bkot vienk\u0101r\u0161u nojumi, pasarg\u0101t no saules, v\u0113ja un main\u012bgajiem laika apst\u0101k\u013ciem.\nSoma pakl\u0101ji\u0146a glab\u0101\u0161anai atvieglo t\u0101 transport\u0113\u0161anu.","short_description":"P\u0101rkl\u0101js Naturehike \u013cauj \u0113rti iek\u0101rtot atp\u016btas vietu piknika laik\u0101 br\u012bv\u0101 dab\u0101. Aksesu\u0101ram ir v\u0113l viens pielietojums \u2013 to var izmantot k\u0101 tentu.","status":"publish","sku":"nat000040","original":54224},"wpml":{"translation_type":1,"has_translations":true,"original":54224,"duplicates":[],"translations":{"lv":54224,"en":67414,"ru":null}},"supplier_id":null,"supplier_sku":"","barcode":null,"atum_controlled":true,"out_stock_date":null,"out_stock_threshold":null,"inheritable":false,"inbound_stock":0,"stock_on_hold":0,"sold_today":0,"sales_last_days":0,"reserved_stock":0,"customer_returns":0,"warehouse_damage":0,"lost_in_post":0,"other_logs":0,"out_stock_days":0,"lost_sales":0,"has_location":null,"update_date":"2025-12-30T14:30:36","atum_locations":[],"atum_stock_status":"instock","restock_status":false,"low_stock_amount":"","sales_update_date":"2025-11-13T14:07:27","calc_backorders":null,"yoast_head":"<!-- This site is optimized with the Yoast SEO plugin v27.3 - https:\/\/yoast.com\/product\/yoast-seo-wordpress\/ -->\n<title>Naturehike - Mitrumiztur\u012bgs pakl\u0101js piknikam<\/title>\n<meta name=\"description\" content=\"P\u0101rkl\u0101js Naturehike \u013cauj \u0113rti iek\u0101rtot atp\u016btas vietu piknika laik\u0101 br\u012bv\u0101 dab\u0101. Aksesu\u0101ram ir v\u0113l viens pielietojums \u2013 to var izmantot k\u0101 tentu.\" \/>\n<meta name=\"robots\" content=\"index, follow, max-snippet:-1, max-image-preview:large, max-video-preview:-1\" \/>\n<link rel=\"canonical\" href=\"https:\/\/gohike.lv\/ru\/produkts\/naturehike-mitrumizturigs-paklajs-piknikam\/\" \/>\n<meta property=\"og:locale\" content=\"ru_RU\" \/>\n<meta property=\"og:type\" content=\"article\" \/>\n<meta property=\"og:title\" content=\"Naturehike - Mitrumiztur\u012bgs pakl\u0101js piknikam\" \/>\n<meta property=\"og:description\" content=\"P\u0101rkl\u0101js Naturehike \u013cauj \u0113rti iek\u0101rtot atp\u016btas vietu piknika laik\u0101 br\u012bv\u0101 dab\u0101. Aksesu\u0101ram ir v\u0113l viens pielietojums \u2013 to var izmantot k\u0101 tentu.\" \/>\n<meta property=\"og:url\" content=\"https:\/\/gohike.lv\/ru\/produkts\/naturehike-mitrumizturigs-paklajs-piknikam\/\" \/>\n<meta property=\"og:site_name\" content=\"GoHike\" \/>\n<meta property=\"article:publisher\" content=\"https:\/\/www.facebook.com\/gohike.shop\/\" \/>\n<meta property=\"article:modified_time\" content=\"2025-12-30T14:25:03+00:00\" \/>\n<meta property=\"og:image\" content=\"https:\/\/gohike.lv\/wp-content\/uploads\/2024\/03\/MoistureProofCampingMat_.jpg\" \/>\n\t<meta property=\"og:image:width\" content=\"800\" \/>\n\t<meta property=\"og:image:height\" content=\"800\" \/>\n\t<meta property=\"og:image:type\" content=\"image\/jpeg\" \/>\n<meta name=\"twitter:card\" content=\"summary_large_image\" \/>\n<meta name=\"twitter:title\" content=\"Naturehike - Mitrumiztur\u012bgs pakl\u0101js piknikam\" \/>\n<meta name=\"twitter:label1\" content=\"\u041f\u0440\u0438\u043c\u0435\u0440\u043d\u043e\u0435 \u0432\u0440\u0435\u043c\u044f \u0434\u043b\u044f \u0447\u0442\u0435\u043d\u0438\u044f\" \/>\n\t<meta name=\"twitter:data1\" content=\"1 \u043c\u0438\u043d\u0443\u0442\u0430\" \/>\n<script type=\"application\/ld+json\" class=\"yoast-schema-graph\">{\"@context\":\"https:\\\/\\\/schema.org\",\"@graph\":[{\"@type\":[\"WebPage\",\"ItemPage\"],\"@id\":\"https:\\\/\\\/gohike.lv\\\/ru\\\/produkts\\\/naturehike-mitrumizturigs-paklajs-piknikam\\\/\",\"url\":\"https:\\\/\\\/gohike.lv\\\/ru\\\/produkts\\\/naturehike-mitrumizturigs-paklajs-piknikam\\\/\",\"name\":\"Naturehike - Mitrumiztur\u012bgs pakl\u0101js piknikam\",\"isPartOf\":{\"@id\":\"https:\\\/\\\/gohike.lv\\\/ru\\\/#website\"},\"primaryImageOfPage\":{\"@id\":\"https:\\\/\\\/gohike.lv\\\/ru\\\/produkts\\\/naturehike-mitrumizturigs-paklajs-piknikam\\\/#primaryimage\"},\"image\":{\"@id\":\"https:\\\/\\\/gohike.lv\\\/ru\\\/produkts\\\/naturehike-mitrumizturigs-paklajs-piknikam\\\/#primaryimage\"},\"thumbnailUrl\":\"https:\\\/\\\/gohike.lv\\\/wp-content\\\/uploads\\\/2024\\\/03\\\/MoistureProofCampingMat_.jpg\",\"datePublished\":\"2024-05-09T12:18:12+00:00\",\"dateModified\":\"2025-12-30T14:25:03+00:00\",\"description\":\"P\u0101rkl\u0101js Naturehike \u013cauj \u0113rti iek\u0101rtot atp\u016btas vietu piknika laik\u0101 br\u012bv\u0101 dab\u0101. Aksesu\u0101ram ir v\u0113l viens pielietojums \u2013 to var izmantot k\u0101 tentu.\",\"breadcrumb\":{\"@id\":\"https:\\\/\\\/gohike.lv\\\/ru\\\/produkts\\\/naturehike-mitrumizturigs-paklajs-piknikam\\\/#breadcrumb\"},\"inLanguage\":\"ru-RU\",\"potentialAction\":[{\"@type\":\"ReadAction\",\"target\":[\"https:\\\/\\\/gohike.lv\\\/ru\\\/produkts\\\/naturehike-mitrumizturigs-paklajs-piknikam\\\/\"]}]},{\"@type\":\"ImageObject\",\"inLanguage\":\"ru-RU\",\"@id\":\"https:\\\/\\\/gohike.lv\\\/ru\\\/produkts\\\/naturehike-mitrumizturigs-paklajs-piknikam\\\/#primaryimage\",\"url\":\"https:\\\/\\\/gohike.lv\\\/wp-content\\\/uploads\\\/2024\\\/03\\\/MoistureProofCampingMat_.jpg\",\"contentUrl\":\"https:\\\/\\\/gohike.lv\\\/wp-content\\\/uploads\\\/2024\\\/03\\\/MoistureProofCampingMat_.jpg\",\"width\":800,\"height\":800},{\"@type\":\"BreadcrumbList\",\"@id\":\"https:\\\/\\\/gohike.lv\\\/ru\\\/produkts\\\/naturehike-mitrumizturigs-paklajs-piknikam\\\/#breadcrumb\",\"itemListElement\":[{\"@type\":\"ListItem\",\"position\":1,\"name\":\"\u0413\u043b\u0430\u0432\u043d\u0430\u044f\",\"item\":\"https:\\\/\\\/gohike.lv\\\/ru\\\/\"},{\"@type\":\"ListItem\",\"position\":2,\"name\":\"\u041a\u0430\u0442\u0435\u0433\u043e\u0440\u0438\u0438 \u0442\u043e\u0432\u0430\u0440\u043e\u0432\",\"item\":\"https:\\\/\\\/gohike.lv\\\/%d0%ba%d0%b0%d1%82%d0%b5%d0%b3%d0%be%d1%80%d0%b8%d0%b8-%d1%82%d0%be%d0%b2%d0%b0%d1%80%d0%be%d0%b2\\\/\"},{\"@type\":\"ListItem\",\"position\":3,\"name\":\"Naturehike &#8211; Mitrumiztur\u012bgs pakl\u0101js piknikam\"}]},{\"@type\":\"WebSite\",\"@id\":\"https:\\\/\\\/gohike.lv\\\/ru\\\/#website\",\"url\":\"https:\\\/\\\/gohike.lv\\\/ru\\\/\",\"name\":\"GoHike\",\"description\":\"\",\"publisher\":{\"@id\":\"https:\\\/\\\/gohike.lv\\\/ru\\\/#organization\"},\"potentialAction\":[{\"@type\":\"SearchAction\",\"target\":{\"@type\":\"EntryPoint\",\"urlTemplate\":\"https:\\\/\\\/gohike.lv\\\/ru\\\/?s={search_term_string}\"},\"query-input\":{\"@type\":\"PropertyValueSpecification\",\"valueRequired\":true,\"valueName\":\"search_term_string\"}}],\"inLanguage\":\"ru-RU\"},{\"@type\":\"Organization\",\"@id\":\"https:\\\/\\\/gohike.lv\\\/ru\\\/#organization\",\"name\":\"GoHike\",\"url\":\"https:\\\/\\\/gohike.lv\\\/ru\\\/\",\"logo\":{\"@type\":\"ImageObject\",\"inLanguage\":\"ru-RU\",\"@id\":\"https:\\\/\\\/gohike.lv\\\/ru\\\/#\\\/schema\\\/logo\\\/image\\\/\",\"url\":\"https:\\\/\\\/gohike.lv\\\/wp-content\\\/uploads\\\/2023\\\/08\\\/Logo_GoHike.webp\",\"contentUrl\":\"https:\\\/\\\/gohike.lv\\\/wp-content\\\/uploads\\\/2023\\\/08\\\/Logo_GoHike.webp\",\"width\":512,\"height\":512,\"caption\":\"GoHike\"},\"image\":{\"@id\":\"https:\\\/\\\/gohike.lv\\\/ru\\\/#\\\/schema\\\/logo\\\/image\\\/\"},\"sameAs\":[\"https:\\\/\\\/www.facebook.com\\\/gohike.shop\\\/\",\"https:\\\/\\\/www.instagram.com\\\/gohike.shop\\\/\"]}]}<\/script>\n<!-- \/ Yoast SEO plugin. -->","yoast_head_json":{"title":"Naturehike - Mitrumiztur\u012bgs pakl\u0101js piknikam","description":"P\u0101rkl\u0101js Naturehike \u013cauj \u0113rti iek\u0101rtot atp\u016btas vietu piknika laik\u0101 br\u012bv\u0101 dab\u0101. Aksesu\u0101ram ir v\u0113l viens pielietojums \u2013 to var izmantot k\u0101 tentu.","robots":{"index":"index","follow":"follow","max-snippet":"max-snippet:-1","max-image-preview":"max-image-preview:large","max-video-preview":"max-video-preview:-1"},"canonical":"https:\/\/gohike.lv\/ru\/produkts\/naturehike-mitrumizturigs-paklajs-piknikam\/","og_locale":"ru_RU","og_type":"article","og_title":"Naturehike - Mitrumiztur\u012bgs pakl\u0101js piknikam","og_description":"P\u0101rkl\u0101js Naturehike \u013cauj \u0113rti iek\u0101rtot atp\u016btas vietu piknika laik\u0101 br\u012bv\u0101 dab\u0101. Aksesu\u0101ram ir v\u0113l viens pielietojums \u2013 to var izmantot k\u0101 tentu.","og_url":"https:\/\/gohike.lv\/ru\/produkts\/naturehike-mitrumizturigs-paklajs-piknikam\/","og_site_name":"GoHike","article_publisher":"https:\/\/www.facebook.com\/gohike.shop\/","article_modified_time":"2025-12-30T14:25:03+00:00","og_image":[{"width":800,"height":800,"url":"https:\/\/gohike.lv\/wp-content\/uploads\/2024\/03\/MoistureProofCampingMat_.jpg","type":"image\/jpeg"}],"twitter_card":"summary_large_image","twitter_title":"Naturehike - Mitrumiztur\u012bgs pakl\u0101js piknikam","twitter_misc":{"\u041f\u0440\u0438\u043c\u0435\u0440\u043d\u043e\u0435 \u0432\u0440\u0435\u043c\u044f \u0434\u043b\u044f \u0447\u0442\u0435\u043d\u0438\u044f":"1 \u043c\u0438\u043d\u0443\u0442\u0430"},"schema":{"@context":"https:\/\/schema.org","@graph":[{"@type":["WebPage","ItemPage"],"@id":"https:\/\/gohike.lv\/ru\/produkts\/naturehike-mitrumizturigs-paklajs-piknikam\/","url":"https:\/\/gohike.lv\/ru\/produkts\/naturehike-mitrumizturigs-paklajs-piknikam\/","name":"Naturehike - Mitrumiztur\u012bgs pakl\u0101js piknikam","isPartOf":{"@id":"https:\/\/gohike.lv\/ru\/#website"},"primaryImageOfPage":{"@id":"https:\/\/gohike.lv\/ru\/produkts\/naturehike-mitrumizturigs-paklajs-piknikam\/#primaryimage"},"image":{"@id":"https:\/\/gohike.lv\/ru\/produkts\/naturehike-mitrumizturigs-paklajs-piknikam\/#primaryimage"},"thumbnailUrl":"https:\/\/gohike.lv\/wp-content\/uploads\/2024\/03\/MoistureProofCampingMat_.jpg","datePublished":"2024-05-09T12:18:12+00:00","dateModified":"2025-12-30T14:25:03+00:00","description":"P\u0101rkl\u0101js Naturehike \u013cauj \u0113rti iek\u0101rtot atp\u016btas vietu piknika laik\u0101 br\u012bv\u0101 dab\u0101. Aksesu\u0101ram ir v\u0113l viens pielietojums \u2013 to var izmantot k\u0101 tentu.","breadcrumb":{"@id":"https:\/\/gohike.lv\/ru\/produkts\/naturehike-mitrumizturigs-paklajs-piknikam\/#breadcrumb"},"inLanguage":"ru-RU","potentialAction":[{"@type":"ReadAction","target":["https:\/\/gohike.lv\/ru\/produkts\/naturehike-mitrumizturigs-paklajs-piknikam\/"]}]},{"@type":"ImageObject","inLanguage":"ru-RU","@id":"https:\/\/gohike.lv\/ru\/produkts\/naturehike-mitrumizturigs-paklajs-piknikam\/#primaryimage","url":"https:\/\/gohike.lv\/wp-content\/uploads\/2024\/03\/MoistureProofCampingMat_.jpg","contentUrl":"https:\/\/gohike.lv\/wp-content\/uploads\/2024\/03\/MoistureProofCampingMat_.jpg","width":800,"height":800},{"@type":"BreadcrumbList","@id":"https:\/\/gohike.lv\/ru\/produkts\/naturehike-mitrumizturigs-paklajs-piknikam\/#breadcrumb","itemListElement":[{"@type":"ListItem","position":1,"name":"\u0413\u043b\u0430\u0432\u043d\u0430\u044f","item":"https:\/\/gohike.lv\/ru\/"},{"@type":"ListItem","position":2,"name":"\u041a\u0430\u0442\u0435\u0433\u043e\u0440\u0438\u0438 \u0442\u043e\u0432\u0430\u0440\u043e\u0432","item":"https:\/\/gohike.lv\/%d0%ba%d0%b0%d1%82%d0%b5%d0%b3%d0%be%d1%80%d0%b8%d0%b8-%d1%82%d0%be%d0%b2%d0%b0%d1%80%d0%be%d0%b2\/"},{"@type":"ListItem","position":3,"name":"Naturehike &#8211; Mitrumiztur\u012bgs pakl\u0101js piknikam"}]},{"@type":"WebSite","@id":"https:\/\/gohike.lv\/ru\/#website","url":"https:\/\/gohike.lv\/ru\/","name":"GoHike","description":"","publisher":{"@id":"https:\/\/gohike.lv\/ru\/#organization"},"potentialAction":[{"@type":"SearchAction","target":{"@type":"EntryPoint","urlTemplate":"https:\/\/gohike.lv\/ru\/?s={search_term_string}"},"query-input":{"@type":"PropertyValueSpecification","valueRequired":true,"valueName":"search_term_string"}}],"inLanguage":"ru-RU"},{"@type":"Organization","@id":"https:\/\/gohike.lv\/ru\/#organization","name":"GoHike","url":"https:\/\/gohike.lv\/ru\/","logo":{"@type":"ImageObject","inLanguage":"ru-RU","@id":"https:\/\/gohike.lv\/ru\/#\/schema\/logo\/image\/","url":"https:\/\/gohike.lv\/wp-content\/uploads\/2023\/08\/Logo_GoHike.webp","contentUrl":"https:\/\/gohike.lv\/wp-content\/uploads\/2023\/08\/Logo_GoHike.webp","width":512,"height":512,"caption":"GoHike"},"image":{"@id":"https:\/\/gohike.lv\/ru\/#\/schema\/logo\/image\/"},"sameAs":["https:\/\/www.facebook.com\/gohike.shop\/","https:\/\/www.instagram.com\/gohike.shop\/"]}]}},"jetpack_sharing_enabled":true,"_links":{"self":[{"href":"https:\/\/gohike.lv\/ru\/wp-json\/wp\/v2\/product\/54224","targetHints":{"allow":["GET"]}}],"collection":[{"href":"https:\/\/gohike.lv\/ru\/wp-json\/wp\/v2\/product"}],"about":[{"href":"https:\/\/gohike.lv\/ru\/wp-json\/wp\/v2\/types\/product"}],"version-history":[{"count":0,"href":"https:\/\/gohike.lv\/ru\/wp-json\/wp\/v2\/product\/54224\/revisions"}],"wp:featuredmedia":[{"embeddable":true,"href":"https:\/\/gohike.lv\/ru\/wp-json\/wp\/v2\/media\/26008"}],"wp:attachment":[{"href":"https:\/\/gohike.lv\/ru\/wp-json\/wp\/v2\/media?parent=54224"}],"wp:term":[{"taxonomy":"product_brand","embeddable":true,"href":"https:\/\/gohike.lv\/ru\/wp-json\/wp\/v2\/product_brand?post=54224"},{"taxonomy":"product_cat","embeddable":true,"href":"https:\/\/gohike.lv\/ru\/wp-json\/wp\/v2\/product_cat?post=54224"},{"taxonomy":"product_tag","embeddable":true,"href":"https:\/\/gohike.lv\/ru\/wp-json\/wp\/v2\/product_tag?post=54224"}],"curies":[{"name":"wp","href":"https:\/\/api.w.org\/{rel}","templated":true}]}}