{"id":54191,"date":"2024-05-09T15:09:56","date_gmt":"2024-05-09T12:09:56","guid":{"rendered":"https:\/\/gohike.lv\/produkts\/naturehike-piepusamais-paklajs-ar-kaju-sukni-fc-12-jaunais-modelis\/"},"modified":"2025-12-30T17:25:04","modified_gmt":"2025-12-30T14:25:04","slug":"naturehike-piepusams-paklajs-ar-kaju-sukni-fc-12-jauns-modelis","status":"publish","type":"product","link":"https:\/\/gohike.lv\/ru\/produkts\/naturehike-piepusams-paklajs-ar-kaju-sukni-fc-12-jauns-modelis\/","title":{"rendered":"Naturehike &#8212; Piep\u016b\u0161ams pakl\u0101js ar s\u016bkni FC-12"},"content":{"rendered":"<p>Mode\u013ca R-Value r\u0101d\u012bt\u0101js (siltumtaupo\u0161as \u012bpa\u0161\u012bbas) ir 1,5 l\u012bmen\u012b.<br \/>\nIzgatavots no daudzsl\u0101\u0146u materi\u0101la. Pamats \u2013 neilons 40D ar termopoliuret\u0101na (TPU) p\u0101rkl\u0101jumu, kas audumu padara iztur\u012bgu.<br \/>\nPapildu TPU, bl\u012bv\u0113juma sl\u0101nis izstr\u0101d\u0101jumam pie\u0161\u0137ir \u016bdensnecaurlaid\u012bgas \u012bpa\u0161\u012bbas.<br \/>\nMatra\u010da konstrukcija sast\u0101v no spilvena un pamatda\u013cas ar rombveida virsmu, kas nodro\u0161ina muguras atbalstu, veicina piln\u012bgu \u0137erme\u0146a atsl\u0101bin\u0101\u0161anos un optim\u0101lu gaisa cirkul\u0101ciju.<br \/>\nKatras matra\u010da da\u013cas pump\u0113\u0161anai ir atsevi\u0161\u0137s v\u0101rsts, kas lietot\u0101jam dod iesp\u0113ju regul\u0113t izstr\u0101d\u0101juma biezumu p\u0113c saviem ieskatiem.<br \/>\nLai matra\u010da materi\u0101ls nenosm\u0113r\u0113tos un neboj\u0101tos transport\u0113jot, ra\u017eot\u0101js komplekt\u0101cij\u0101 pievienojis glab\u0101\u0161anas p\u0101rvalku.<br \/>\nRaksturlielumi:<br \/>\nMateri\u0101ls: TPU neilons 40D + TPU bl\u012bv\u0113jo\u0161ais sl\u0101nis;<br \/>\nProdukta R v\u0113rt\u012bba: 1,5;<br \/>\nPiep\u016b\u0161ana, izmantojot vair\u0101kus v\u0101rstus;<br \/>\nRombveida virsma nodro\u0161ina muguras atbalstu un br\u012bvu gaisa cirkul\u0101ciju;<br \/>\nIzm\u0113rs atloc\u012bt\u0101 veid\u0101: 198 x 59 x 6,5 cm;<br \/>\nIzm\u0113ri saloc\u012bt\u0101 veid\u0101: 30 x 10 cm;<br \/>\nMaksim\u0101lais piep\u016bst\u0101 spilvena biezums: 10 cm;<br \/>\nSvars: 730 g.<\/p>\n","protected":false},"excerpt":{"rendered":"<p>Viegls un kompakts pakl\u0101js Naturehike ir \u0113rts transport\u0113\u0161an\u0101.<\/p>\n","protected":false},"featured_media":25879,"template":"","meta":[],"product_brand":[167],"product_cat":[1510],"product_tag":[],"class_list":{"0":"post-54191","1":"product","2":"type-product","3":"status-publish","4":"has-post-thumbnail","6":"product_brand-naturehike-lv","7":"product_cat-paklajini-un-spilveni","8":"pa_izmeriscm-198596-5","9":"pa_materiali-tpu-neilons-40d-tpu-blivejuma-slanis","10":"pa_produkta-tips-paklajini","11":"pa_r-vertiba-1-5","12":"pa_spalva-13305","13":"pa_spalva-zils","15":"first","16":"instock","17":"taxable","18":"shipping-taxable","19":"purchasable","20":"product-type-variable"},"raw_content":{"name":"Naturehike - Piep\u016b\u0161ams pakl\u0101js ar s\u016bkni FC-12","description":"Mode\u013ca R-Value r\u0101d\u012bt\u0101js (siltumtaupo\u0161as \u012bpa\u0161\u012bbas) ir 1,5 l\u012bmen\u012b.\nIzgatavots no daudzsl\u0101\u0146u materi\u0101la. Pamats \u2013 neilons 40D ar termopoliuret\u0101na (TPU) p\u0101rkl\u0101jumu, kas audumu padara iztur\u012bgu.\nPapildu TPU, bl\u012bv\u0113juma sl\u0101nis izstr\u0101d\u0101jumam pie\u0161\u0137ir \u016bdensnecaurlaid\u012bgas \u012bpa\u0161\u012bbas.\nMatra\u010da konstrukcija sast\u0101v no spilvena un pamatda\u013cas ar rombveida virsmu, kas nodro\u0161ina muguras atbalstu, veicina piln\u012bgu \u0137erme\u0146a atsl\u0101bin\u0101\u0161anos un optim\u0101lu gaisa cirkul\u0101ciju.\nKatras matra\u010da da\u013cas pump\u0113\u0161anai ir atsevi\u0161\u0137s v\u0101rsts, kas lietot\u0101jam dod iesp\u0113ju regul\u0113t izstr\u0101d\u0101juma biezumu p\u0113c saviem ieskatiem.\nLai matra\u010da materi\u0101ls nenosm\u0113r\u0113tos un neboj\u0101tos transport\u0113jot, ra\u017eot\u0101js komplekt\u0101cij\u0101 pievienojis glab\u0101\u0161anas p\u0101rvalku.\nRaksturlielumi:\nMateri\u0101ls: TPU neilons 40D + TPU bl\u012bv\u0113jo\u0161ais sl\u0101nis;\nProdukta R v\u0113rt\u012bba: 1,5;\nPiep\u016b\u0161ana, izmantojot vair\u0101kus v\u0101rstus;\nRombveida virsma nodro\u0161ina muguras atbalstu un br\u012bvu gaisa cirkul\u0101ciju;\nIzm\u0113rs atloc\u012bt\u0101 veid\u0101: 198 x 59 x 6,5 cm;\nIzm\u0113ri saloc\u012bt\u0101 veid\u0101: 30 x 10 cm;\nMaksim\u0101lais piep\u016bst\u0101 spilvena biezums: 10 cm;\nSvars: 730 g.","short_description":"Viegls un kompakts pakl\u0101js Naturehike ir \u0113rts transport\u0113\u0161an\u0101.","status":"publish","sku":"nat000032","original":54191},"wpml":{"translation_type":1,"has_translations":true,"original":54191,"duplicates":[],"translations":{"lv":54191,"en":67401,"ru":null}},"supplier_id":null,"supplier_sku":"","barcode":null,"atum_controlled":true,"out_stock_date":null,"out_stock_threshold":null,"inheritable":false,"inbound_stock":0,"stock_on_hold":0,"sold_today":0,"sales_last_days":0,"reserved_stock":0,"customer_returns":0,"warehouse_damage":0,"lost_in_post":0,"other_logs":0,"out_stock_days":0,"lost_sales":0,"has_location":false,"update_date":"2025-12-30T14:30:36","atum_locations":[],"atum_stock_status":"instock","restock_status":false,"low_stock_amount":"","sales_update_date":"2025-11-13T14:07:40","calc_backorders":null,"yoast_head":"<!-- This site is optimized with the Yoast SEO plugin v27.3 - https:\/\/yoast.com\/product\/yoast-seo-wordpress\/ -->\n<title>Naturehike - Piep\u016b\u0161ams pakl\u0101js ar s\u016bkni FC-12 (jauns modelis)<\/title>\n<meta name=\"description\" content=\"Viegls un kompakts pakl\u0101js Naturehike ir \u0113rts transport\u0113\u0161an\u0101. Izgatavots no daudzsl\u0101\u0146u materi\u0101la.\" \/>\n<meta name=\"robots\" content=\"index, follow, max-snippet:-1, max-image-preview:large, max-video-preview:-1\" \/>\n<link rel=\"canonical\" href=\"https:\/\/gohike.lv\/ru\/produkts\/naturehike-piepusams-paklajs-ar-kaju-sukni-fc-12-jauns-modelis\/\" \/>\n<meta property=\"og:locale\" content=\"ru_RU\" \/>\n<meta property=\"og:type\" content=\"article\" \/>\n<meta property=\"og:title\" content=\"Naturehike - Piep\u016b\u0161amais pakl\u0101js ar k\u0101ju s\u016bkni FC-12 (jaunais modelis)\" \/>\n<meta property=\"og:description\" content=\"Viegls un kompakts pakl\u0101js Naturehike ir \u0113rts transport\u0113\u0161an\u0101. Izgatavots no daudzsl\u0101\u0146u materi\u0101la.\" \/>\n<meta property=\"og:url\" content=\"https:\/\/gohike.lv\/ru\/produkts\/naturehike-piepusams-paklajs-ar-kaju-sukni-fc-12-jauns-modelis\/\" \/>\n<meta property=\"og:site_name\" content=\"GoHike\" \/>\n<meta property=\"article:publisher\" content=\"https:\/\/www.facebook.com\/gohike.shop\/\" \/>\n<meta property=\"article:modified_time\" content=\"2025-12-30T14:25:04+00:00\" \/>\n<meta property=\"og:image\" content=\"https:\/\/gohike.lv\/wp-content\/uploads\/2024\/03\/FC-12FootPump_blue.webp\" \/>\n\t<meta property=\"og:image:width\" content=\"540\" \/>\n\t<meta property=\"og:image:height\" content=\"540\" \/>\n\t<meta property=\"og:image:type\" content=\"image\/webp\" \/>\n<meta name=\"twitter:card\" content=\"summary_large_image\" \/>\n<meta name=\"twitter:title\" content=\"Naturehike - Piep\u016b\u0161amais pakl\u0101js ar k\u0101ju s\u016bkni FC-12 (jaunais modelis)\" \/>\n<meta name=\"twitter:label1\" content=\"\u041f\u0440\u0438\u043c\u0435\u0440\u043d\u043e\u0435 \u0432\u0440\u0435\u043c\u044f \u0434\u043b\u044f \u0447\u0442\u0435\u043d\u0438\u044f\" \/>\n\t<meta name=\"twitter:data1\" content=\"1 \u043c\u0438\u043d\u0443\u0442\u0430\" \/>\n<script type=\"application\/ld+json\" class=\"yoast-schema-graph\">{\"@context\":\"https:\\\/\\\/schema.org\",\"@graph\":[{\"@type\":[\"WebPage\",\"ItemPage\"],\"@id\":\"https:\\\/\\\/gohike.lv\\\/ru\\\/produkts\\\/naturehike-piepusams-paklajs-ar-kaju-sukni-fc-12-jauns-modelis\\\/\",\"url\":\"https:\\\/\\\/gohike.lv\\\/ru\\\/produkts\\\/naturehike-piepusams-paklajs-ar-kaju-sukni-fc-12-jauns-modelis\\\/\",\"name\":\"Naturehike - Piep\u016b\u0161ams pakl\u0101js ar s\u016bkni FC-12 (jauns modelis)\",\"isPartOf\":{\"@id\":\"https:\\\/\\\/gohike.lv\\\/ru\\\/#website\"},\"primaryImageOfPage\":{\"@id\":\"https:\\\/\\\/gohike.lv\\\/ru\\\/produkts\\\/naturehike-piepusams-paklajs-ar-kaju-sukni-fc-12-jauns-modelis\\\/#primaryimage\"},\"image\":{\"@id\":\"https:\\\/\\\/gohike.lv\\\/ru\\\/produkts\\\/naturehike-piepusams-paklajs-ar-kaju-sukni-fc-12-jauns-modelis\\\/#primaryimage\"},\"thumbnailUrl\":\"https:\\\/\\\/gohike.lv\\\/wp-content\\\/uploads\\\/2024\\\/03\\\/FC-12FootPump_blue.webp\",\"datePublished\":\"2024-05-09T12:09:56+00:00\",\"dateModified\":\"2025-12-30T14:25:04+00:00\",\"description\":\"Viegls un kompakts pakl\u0101js Naturehike ir \u0113rts transport\u0113\u0161an\u0101. Izgatavots no daudzsl\u0101\u0146u materi\u0101la.\",\"breadcrumb\":{\"@id\":\"https:\\\/\\\/gohike.lv\\\/ru\\\/produkts\\\/naturehike-piepusams-paklajs-ar-kaju-sukni-fc-12-jauns-modelis\\\/#breadcrumb\"},\"inLanguage\":\"ru-RU\",\"potentialAction\":[{\"@type\":\"ReadAction\",\"target\":[\"https:\\\/\\\/gohike.lv\\\/ru\\\/produkts\\\/naturehike-piepusams-paklajs-ar-kaju-sukni-fc-12-jauns-modelis\\\/\"]}]},{\"@type\":\"ImageObject\",\"inLanguage\":\"ru-RU\",\"@id\":\"https:\\\/\\\/gohike.lv\\\/ru\\\/produkts\\\/naturehike-piepusams-paklajs-ar-kaju-sukni-fc-12-jauns-modelis\\\/#primaryimage\",\"url\":\"https:\\\/\\\/gohike.lv\\\/wp-content\\\/uploads\\\/2024\\\/03\\\/FC-12FootPump_blue.webp\",\"contentUrl\":\"https:\\\/\\\/gohike.lv\\\/wp-content\\\/uploads\\\/2024\\\/03\\\/FC-12FootPump_blue.webp\",\"width\":540,\"height\":540},{\"@type\":\"BreadcrumbList\",\"@id\":\"https:\\\/\\\/gohike.lv\\\/ru\\\/produkts\\\/naturehike-piepusams-paklajs-ar-kaju-sukni-fc-12-jauns-modelis\\\/#breadcrumb\",\"itemListElement\":[{\"@type\":\"ListItem\",\"position\":1,\"name\":\"\u0413\u043b\u0430\u0432\u043d\u0430\u044f\",\"item\":\"https:\\\/\\\/gohike.lv\\\/ru\\\/\"},{\"@type\":\"ListItem\",\"position\":2,\"name\":\"\u041a\u0430\u0442\u0435\u0433\u043e\u0440\u0438\u0438 \u0442\u043e\u0432\u0430\u0440\u043e\u0432\",\"item\":\"https:\\\/\\\/gohike.lv\\\/%d0%ba%d0%b0%d1%82%d0%b5%d0%b3%d0%be%d1%80%d0%b8%d0%b8-%d1%82%d0%be%d0%b2%d0%b0%d1%80%d0%be%d0%b2\\\/\"},{\"@type\":\"ListItem\",\"position\":3,\"name\":\"Naturehike &#8211; Piep\u016b\u0161ams pakl\u0101js ar s\u016bkni FC-12\"}]},{\"@type\":\"WebSite\",\"@id\":\"https:\\\/\\\/gohike.lv\\\/ru\\\/#website\",\"url\":\"https:\\\/\\\/gohike.lv\\\/ru\\\/\",\"name\":\"GoHike\",\"description\":\"\",\"publisher\":{\"@id\":\"https:\\\/\\\/gohike.lv\\\/ru\\\/#organization\"},\"potentialAction\":[{\"@type\":\"SearchAction\",\"target\":{\"@type\":\"EntryPoint\",\"urlTemplate\":\"https:\\\/\\\/gohike.lv\\\/ru\\\/?s={search_term_string}\"},\"query-input\":{\"@type\":\"PropertyValueSpecification\",\"valueRequired\":true,\"valueName\":\"search_term_string\"}}],\"inLanguage\":\"ru-RU\"},{\"@type\":\"Organization\",\"@id\":\"https:\\\/\\\/gohike.lv\\\/ru\\\/#organization\",\"name\":\"GoHike\",\"url\":\"https:\\\/\\\/gohike.lv\\\/ru\\\/\",\"logo\":{\"@type\":\"ImageObject\",\"inLanguage\":\"ru-RU\",\"@id\":\"https:\\\/\\\/gohike.lv\\\/ru\\\/#\\\/schema\\\/logo\\\/image\\\/\",\"url\":\"https:\\\/\\\/gohike.lv\\\/wp-content\\\/uploads\\\/2023\\\/08\\\/Logo_GoHike.webp\",\"contentUrl\":\"https:\\\/\\\/gohike.lv\\\/wp-content\\\/uploads\\\/2023\\\/08\\\/Logo_GoHike.webp\",\"width\":512,\"height\":512,\"caption\":\"GoHike\"},\"image\":{\"@id\":\"https:\\\/\\\/gohike.lv\\\/ru\\\/#\\\/schema\\\/logo\\\/image\\\/\"},\"sameAs\":[\"https:\\\/\\\/www.facebook.com\\\/gohike.shop\\\/\",\"https:\\\/\\\/www.instagram.com\\\/gohike.shop\\\/\"]}]}<\/script>\n<!-- \/ Yoast SEO plugin. -->","yoast_head_json":{"title":"Naturehike - Piep\u016b\u0161ams pakl\u0101js ar s\u016bkni FC-12 (jauns modelis)","description":"Viegls un kompakts pakl\u0101js Naturehike ir \u0113rts transport\u0113\u0161an\u0101. Izgatavots no daudzsl\u0101\u0146u materi\u0101la.","robots":{"index":"index","follow":"follow","max-snippet":"max-snippet:-1","max-image-preview":"max-image-preview:large","max-video-preview":"max-video-preview:-1"},"canonical":"https:\/\/gohike.lv\/ru\/produkts\/naturehike-piepusams-paklajs-ar-kaju-sukni-fc-12-jauns-modelis\/","og_locale":"ru_RU","og_type":"article","og_title":"Naturehike - Piep\u016b\u0161amais pakl\u0101js ar k\u0101ju s\u016bkni FC-12 (jaunais modelis)","og_description":"Viegls un kompakts pakl\u0101js Naturehike ir \u0113rts transport\u0113\u0161an\u0101. Izgatavots no daudzsl\u0101\u0146u materi\u0101la.","og_url":"https:\/\/gohike.lv\/ru\/produkts\/naturehike-piepusams-paklajs-ar-kaju-sukni-fc-12-jauns-modelis\/","og_site_name":"GoHike","article_publisher":"https:\/\/www.facebook.com\/gohike.shop\/","article_modified_time":"2025-12-30T14:25:04+00:00","og_image":[{"width":540,"height":540,"url":"https:\/\/gohike.lv\/wp-content\/uploads\/2024\/03\/FC-12FootPump_blue.webp","type":"image\/webp"}],"twitter_card":"summary_large_image","twitter_title":"Naturehike - Piep\u016b\u0161amais pakl\u0101js ar k\u0101ju s\u016bkni FC-12 (jaunais modelis)","twitter_misc":{"\u041f\u0440\u0438\u043c\u0435\u0440\u043d\u043e\u0435 \u0432\u0440\u0435\u043c\u044f \u0434\u043b\u044f \u0447\u0442\u0435\u043d\u0438\u044f":"1 \u043c\u0438\u043d\u0443\u0442\u0430"},"schema":{"@context":"https:\/\/schema.org","@graph":[{"@type":["WebPage","ItemPage"],"@id":"https:\/\/gohike.lv\/ru\/produkts\/naturehike-piepusams-paklajs-ar-kaju-sukni-fc-12-jauns-modelis\/","url":"https:\/\/gohike.lv\/ru\/produkts\/naturehike-piepusams-paklajs-ar-kaju-sukni-fc-12-jauns-modelis\/","name":"Naturehike - Piep\u016b\u0161ams pakl\u0101js ar s\u016bkni FC-12 (jauns modelis)","isPartOf":{"@id":"https:\/\/gohike.lv\/ru\/#website"},"primaryImageOfPage":{"@id":"https:\/\/gohike.lv\/ru\/produkts\/naturehike-piepusams-paklajs-ar-kaju-sukni-fc-12-jauns-modelis\/#primaryimage"},"image":{"@id":"https:\/\/gohike.lv\/ru\/produkts\/naturehike-piepusams-paklajs-ar-kaju-sukni-fc-12-jauns-modelis\/#primaryimage"},"thumbnailUrl":"https:\/\/gohike.lv\/wp-content\/uploads\/2024\/03\/FC-12FootPump_blue.webp","datePublished":"2024-05-09T12:09:56+00:00","dateModified":"2025-12-30T14:25:04+00:00","description":"Viegls un kompakts pakl\u0101js Naturehike ir \u0113rts transport\u0113\u0161an\u0101. Izgatavots no daudzsl\u0101\u0146u materi\u0101la.","breadcrumb":{"@id":"https:\/\/gohike.lv\/ru\/produkts\/naturehike-piepusams-paklajs-ar-kaju-sukni-fc-12-jauns-modelis\/#breadcrumb"},"inLanguage":"ru-RU","potentialAction":[{"@type":"ReadAction","target":["https:\/\/gohike.lv\/ru\/produkts\/naturehike-piepusams-paklajs-ar-kaju-sukni-fc-12-jauns-modelis\/"]}]},{"@type":"ImageObject","inLanguage":"ru-RU","@id":"https:\/\/gohike.lv\/ru\/produkts\/naturehike-piepusams-paklajs-ar-kaju-sukni-fc-12-jauns-modelis\/#primaryimage","url":"https:\/\/gohike.lv\/wp-content\/uploads\/2024\/03\/FC-12FootPump_blue.webp","contentUrl":"https:\/\/gohike.lv\/wp-content\/uploads\/2024\/03\/FC-12FootPump_blue.webp","width":540,"height":540},{"@type":"BreadcrumbList","@id":"https:\/\/gohike.lv\/ru\/produkts\/naturehike-piepusams-paklajs-ar-kaju-sukni-fc-12-jauns-modelis\/#breadcrumb","itemListElement":[{"@type":"ListItem","position":1,"name":"\u0413\u043b\u0430\u0432\u043d\u0430\u044f","item":"https:\/\/gohike.lv\/ru\/"},{"@type":"ListItem","position":2,"name":"\u041a\u0430\u0442\u0435\u0433\u043e\u0440\u0438\u0438 \u0442\u043e\u0432\u0430\u0440\u043e\u0432","item":"https:\/\/gohike.lv\/%d0%ba%d0%b0%d1%82%d0%b5%d0%b3%d0%be%d1%80%d0%b8%d0%b8-%d1%82%d0%be%d0%b2%d0%b0%d1%80%d0%be%d0%b2\/"},{"@type":"ListItem","position":3,"name":"Naturehike &#8211; Piep\u016b\u0161ams pakl\u0101js ar s\u016bkni FC-12"}]},{"@type":"WebSite","@id":"https:\/\/gohike.lv\/ru\/#website","url":"https:\/\/gohike.lv\/ru\/","name":"GoHike","description":"","publisher":{"@id":"https:\/\/gohike.lv\/ru\/#organization"},"potentialAction":[{"@type":"SearchAction","target":{"@type":"EntryPoint","urlTemplate":"https:\/\/gohike.lv\/ru\/?s={search_term_string}"},"query-input":{"@type":"PropertyValueSpecification","valueRequired":true,"valueName":"search_term_string"}}],"inLanguage":"ru-RU"},{"@type":"Organization","@id":"https:\/\/gohike.lv\/ru\/#organization","name":"GoHike","url":"https:\/\/gohike.lv\/ru\/","logo":{"@type":"ImageObject","inLanguage":"ru-RU","@id":"https:\/\/gohike.lv\/ru\/#\/schema\/logo\/image\/","url":"https:\/\/gohike.lv\/wp-content\/uploads\/2023\/08\/Logo_GoHike.webp","contentUrl":"https:\/\/gohike.lv\/wp-content\/uploads\/2023\/08\/Logo_GoHike.webp","width":512,"height":512,"caption":"GoHike"},"image":{"@id":"https:\/\/gohike.lv\/ru\/#\/schema\/logo\/image\/"},"sameAs":["https:\/\/www.facebook.com\/gohike.shop\/","https:\/\/www.instagram.com\/gohike.shop\/"]}]}},"jetpack_sharing_enabled":true,"_links":{"self":[{"href":"https:\/\/gohike.lv\/ru\/wp-json\/wp\/v2\/product\/54191","targetHints":{"allow":["GET"]}}],"collection":[{"href":"https:\/\/gohike.lv\/ru\/wp-json\/wp\/v2\/product"}],"about":[{"href":"https:\/\/gohike.lv\/ru\/wp-json\/wp\/v2\/types\/product"}],"version-history":[{"count":0,"href":"https:\/\/gohike.lv\/ru\/wp-json\/wp\/v2\/product\/54191\/revisions"}],"wp:featuredmedia":[{"embeddable":true,"href":"https:\/\/gohike.lv\/ru\/wp-json\/wp\/v2\/media\/25879"}],"wp:attachment":[{"href":"https:\/\/gohike.lv\/ru\/wp-json\/wp\/v2\/media?parent=54191"}],"wp:term":[{"taxonomy":"product_brand","embeddable":true,"href":"https:\/\/gohike.lv\/ru\/wp-json\/wp\/v2\/product_brand?post=54191"},{"taxonomy":"product_cat","embeddable":true,"href":"https:\/\/gohike.lv\/ru\/wp-json\/wp\/v2\/product_cat?post=54191"},{"taxonomy":"product_tag","embeddable":true,"href":"https:\/\/gohike.lv\/ru\/wp-json\/wp\/v2\/product_tag?post=54191"}],"curies":[{"name":"wp","href":"https:\/\/api.w.org\/{rel}","templated":true}]}}