{"id":54187,"date":"2024-05-09T15:09:56","date_gmt":"2024-05-09T12:09:56","guid":{"rendered":"https:\/\/gohike.lv\/produkts\/naturehike-biezs-piepusamais-tpu-paklajs-divvietigs\/"},"modified":"2025-12-30T17:25:04","modified_gmt":"2025-12-30T14:25:04","slug":"naturehike-biezs-piepusamais-tpu-paklajs-divvietigs","status":"publish","type":"product","link":"https:\/\/gohike.lv\/ru\/produkts\/naturehike-biezs-piepusamais-tpu-paklajs-divvietigs\/","title":{"rendered":"Naturehike &#8212; Biezs, piep\u016b\u0161ams TPU matracis &#8212; Divviet\u012bgs"},"content":{"rendered":"<p>Matracis ir apr\u012bkots ar Standart v\u0101rstu, pateicoties kuram to var viegli piep\u016bst ar parastu s\u016bkni.<br \/>\nIzgatavots no neilona 40D ar termoplastmasas poliuret\u0101na (TPU) p\u0101rkl\u0101jumu, kas ir 100% \u016bdensnecaurlaid\u012bgs un ilgm\u016b\u017e\u012bgs.<br \/>\nMateri\u0101ls neuzs\u016bc mitrumu, taukus un e\u013c\u013cu, t\u0101p\u0113c tas ir viegli kopjams.<br \/>\nPateicoties materi\u0101la iztur\u012bbai, tas iztur lielu svaru.<br \/>\nPiem\u0113rots divu cilv\u0113ku vienlaic\u012bgai atp\u016btai, gaisa starpsl\u0101nis dro\u0161i pasarg\u0101 no aukstuma un mitruma.<br \/>\nRaksturlielumi:<br \/>\nKr\u0101sa: pel\u0113ka;<br \/>\nMateri\u0101ls: neilons 40D ar TPU p\u0101rkl\u0101jumu;<br \/>\nIzm\u0113rs piep\u016bst\u0101 veid\u0101: 200 x 140 cm;<br \/>\nBiezums piep\u016bst\u0101 veid\u0101: 16 cm;<br \/>\nIzm\u0113ri saloc\u012bt\u0101 veid\u0101: 15 x 37 cm;<br \/>\nSvars: 1,6 kg;<br \/>\nKomplekt\u0101 ietilpst matracis un p\u0101rvalks saloc\u012bta matra\u010da glab\u0101\u0161anai.<\/p>\n","protected":false},"excerpt":{"rendered":"<p>Piep\u016b\u0161amais matracis, kas ide\u0101li papildin\u0101s atp\u016btu pie dabas.<\/p>\n","protected":false},"featured_media":25861,"template":"","meta":[],"product_brand":[13432],"product_cat":[13984],"product_tag":[],"class_list":{"0":"post-54187","1":"product","2":"type-product","3":"status-publish","4":"has-post-thumbnail","6":"product_brand-naturehike-ru","7":"product_cat-13984","8":"pa_izmeriscm-9980","9":"pa_materiali-tpu-neilons-40d","10":"pa_produkta-tips-paklajini","11":"pa_r-vertiba-1-5","12":"pa_spalva-peleks","13":"pa_spalva-sarkans","15":"first","16":"outofstock","17":"taxable","18":"shipping-taxable","19":"purchasable","20":"product-type-variable","21":"has-default-attributes"},"raw_content":{"name":"Naturehike - Biezs, piep\u016b\u0161ams TPU matracis - Divviet\u012bgs","description":"Matracis ir apr\u012bkots ar Standart v\u0101rstu, pateicoties kuram to var viegli piep\u016bst ar parastu s\u016bkni.\nIzgatavots no neilona 40D ar termoplastmasas poliuret\u0101na (TPU) p\u0101rkl\u0101jumu, kas ir 100% \u016bdensnecaurlaid\u012bgs un ilgm\u016b\u017e\u012bgs.\nMateri\u0101ls neuzs\u016bc mitrumu, taukus un e\u013c\u013cu, t\u0101p\u0113c tas ir viegli kopjams.\nPateicoties materi\u0101la iztur\u012bbai, tas iztur lielu svaru.\nPiem\u0113rots divu cilv\u0113ku vienlaic\u012bgai atp\u016btai, gaisa starpsl\u0101nis dro\u0161i pasarg\u0101 no aukstuma un mitruma.\nRaksturlielumi:\nKr\u0101sa: pel\u0113ka;\nMateri\u0101ls: neilons 40D ar TPU p\u0101rkl\u0101jumu;\nIzm\u0113rs piep\u016bst\u0101 veid\u0101: 200 x 140 cm;\nBiezums piep\u016bst\u0101 veid\u0101: 16 cm;\nIzm\u0113ri saloc\u012bt\u0101 veid\u0101: 15 x 37 cm;\nSvars: 1,6 kg;\nKomplekt\u0101 ietilpst matracis un p\u0101rvalks saloc\u012bta matra\u010da glab\u0101\u0161anai.","short_description":"Piep\u016b\u0161amais matracis, kas ide\u0101li papildin\u0101s atp\u016btu pie dabas.","status":"publish","sku":"nat000031","original":54187},"wpml":{"translation_type":1,"has_translations":true,"original":54187,"duplicates":[],"translations":{"lv":54187,"en":67407,"ru":null}},"supplier_id":null,"supplier_sku":"","barcode":null,"atum_controlled":true,"out_stock_date":null,"out_stock_threshold":null,"inheritable":false,"inbound_stock":0,"stock_on_hold":0,"sold_today":0,"sales_last_days":0,"reserved_stock":0,"customer_returns":0,"warehouse_damage":0,"lost_in_post":0,"other_logs":0,"out_stock_days":0,"lost_sales":0,"has_location":null,"update_date":"2025-12-30T14:30:36","atum_locations":[],"atum_stock_status":"outofstock","restock_status":false,"low_stock_amount":"","sales_update_date":"2025-11-13T14:07:40","calc_backorders":null,"yoast_head":"<!-- This site is optimized with the Yoast SEO plugin v27.3 - https:\/\/yoast.com\/product\/yoast-seo-wordpress\/ -->\n<title>Naturehike - Biezs, piep\u016b\u0161ams TPU matracis - Divviet\u012bgs<\/title>\n<meta name=\"description\" content=\"Piep\u016b\u0161amais matracis, kas ide\u0101li papildin\u0101s atp\u016btu pie dabas. Matracis ir apr\u012bkots ar Standart v\u0101rstu, pateicoties kuram to var piep\u016bst ar parastu s\u016bkni.\" \/>\n<meta name=\"robots\" content=\"index, follow, max-snippet:-1, max-image-preview:large, max-video-preview:-1\" \/>\n<link rel=\"canonical\" href=\"https:\/\/gohike.lv\/ru\/produkts\/naturehike-biezs-piepusamais-tpu-paklajs-divvietigs\/\" \/>\n<meta property=\"og:locale\" content=\"ru_RU\" \/>\n<meta property=\"og:type\" content=\"article\" \/>\n<meta property=\"og:title\" content=\"Naturehike - Biezs piep\u016b\u0161amais TPU pakl\u0101js Divviet\u012bgs\" \/>\n<meta property=\"og:description\" content=\"Piep\u016b\u0161amais matracis, kas ide\u0101li papildin\u0101s atp\u016btu pie dabas. Matracis ir apr\u012bkots ar Standart v\u0101rstu, pateicoties kuram to var piep\u016bst ar parastu s\u016bkni.\" \/>\n<meta property=\"og:url\" content=\"https:\/\/gohike.lv\/ru\/produkts\/naturehike-biezs-piepusamais-tpu-paklajs-divvietigs\/\" \/>\n<meta property=\"og:site_name\" content=\"GoHike\" \/>\n<meta property=\"article:publisher\" content=\"https:\/\/www.facebook.com\/gohike.shop\/\" \/>\n<meta property=\"article:modified_time\" content=\"2025-12-30T14:25:04+00:00\" \/>\n<meta property=\"og:image\" content=\"https:\/\/gohike.lv\/wp-content\/uploads\/2024\/03\/TPUdoubleMat_grey.webp\" \/>\n\t<meta property=\"og:image:width\" content=\"720\" \/>\n\t<meta property=\"og:image:height\" content=\"720\" \/>\n\t<meta property=\"og:image:type\" content=\"image\/webp\" \/>\n<meta name=\"twitter:card\" content=\"summary_large_image\" \/>\n<meta name=\"twitter:title\" content=\"Naturehike - Biezs piep\u016b\u0161amais TPU pakl\u0101js Divviet\u012bgs\" \/>\n<meta name=\"twitter:label1\" content=\"\u041f\u0440\u0438\u043c\u0435\u0440\u043d\u043e\u0435 \u0432\u0440\u0435\u043c\u044f \u0434\u043b\u044f \u0447\u0442\u0435\u043d\u0438\u044f\" \/>\n\t<meta name=\"twitter:data1\" content=\"1 \u043c\u0438\u043d\u0443\u0442\u0430\" \/>\n<script type=\"application\/ld+json\" class=\"yoast-schema-graph\">{\"@context\":\"https:\\\/\\\/schema.org\",\"@graph\":[{\"@type\":[\"WebPage\",\"ItemPage\"],\"@id\":\"https:\\\/\\\/gohike.lv\\\/ru\\\/produkts\\\/naturehike-biezs-piepusamais-tpu-paklajs-divvietigs\\\/\",\"url\":\"https:\\\/\\\/gohike.lv\\\/ru\\\/produkts\\\/naturehike-biezs-piepusamais-tpu-paklajs-divvietigs\\\/\",\"name\":\"Naturehike - Biezs, piep\u016b\u0161ams TPU matracis - Divviet\u012bgs\",\"isPartOf\":{\"@id\":\"https:\\\/\\\/gohike.lv\\\/ru\\\/#website\"},\"primaryImageOfPage\":{\"@id\":\"https:\\\/\\\/gohike.lv\\\/ru\\\/produkts\\\/naturehike-biezs-piepusamais-tpu-paklajs-divvietigs\\\/#primaryimage\"},\"image\":{\"@id\":\"https:\\\/\\\/gohike.lv\\\/ru\\\/produkts\\\/naturehike-biezs-piepusamais-tpu-paklajs-divvietigs\\\/#primaryimage\"},\"thumbnailUrl\":\"https:\\\/\\\/gohike.lv\\\/wp-content\\\/uploads\\\/2024\\\/03\\\/TPUdoubleMat_grey.webp\",\"datePublished\":\"2024-05-09T12:09:56+00:00\",\"dateModified\":\"2025-12-30T14:25:04+00:00\",\"description\":\"Piep\u016b\u0161amais matracis, kas ide\u0101li papildin\u0101s atp\u016btu pie dabas. Matracis ir apr\u012bkots ar Standart v\u0101rstu, pateicoties kuram to var piep\u016bst ar parastu s\u016bkni.\",\"breadcrumb\":{\"@id\":\"https:\\\/\\\/gohike.lv\\\/ru\\\/produkts\\\/naturehike-biezs-piepusamais-tpu-paklajs-divvietigs\\\/#breadcrumb\"},\"inLanguage\":\"ru-RU\",\"potentialAction\":[{\"@type\":\"ReadAction\",\"target\":[\"https:\\\/\\\/gohike.lv\\\/ru\\\/produkts\\\/naturehike-biezs-piepusamais-tpu-paklajs-divvietigs\\\/\"]}]},{\"@type\":\"ImageObject\",\"inLanguage\":\"ru-RU\",\"@id\":\"https:\\\/\\\/gohike.lv\\\/ru\\\/produkts\\\/naturehike-biezs-piepusamais-tpu-paklajs-divvietigs\\\/#primaryimage\",\"url\":\"https:\\\/\\\/gohike.lv\\\/wp-content\\\/uploads\\\/2024\\\/03\\\/TPUdoubleMat_grey.webp\",\"contentUrl\":\"https:\\\/\\\/gohike.lv\\\/wp-content\\\/uploads\\\/2024\\\/03\\\/TPUdoubleMat_grey.webp\",\"width\":720,\"height\":720},{\"@type\":\"BreadcrumbList\",\"@id\":\"https:\\\/\\\/gohike.lv\\\/ru\\\/produkts\\\/naturehike-biezs-piepusamais-tpu-paklajs-divvietigs\\\/#breadcrumb\",\"itemListElement\":[{\"@type\":\"ListItem\",\"position\":1,\"name\":\"\u0413\u043b\u0430\u0432\u043d\u0430\u044f\",\"item\":\"https:\\\/\\\/gohike.lv\\\/ru\\\/\"},{\"@type\":\"ListItem\",\"position\":2,\"name\":\"\u041a\u0430\u0442\u0435\u0433\u043e\u0440\u0438\u0438 \u0442\u043e\u0432\u0430\u0440\u043e\u0432\",\"item\":\"https:\\\/\\\/gohike.lv\\\/%d0%ba%d0%b0%d1%82%d0%b5%d0%b3%d0%be%d1%80%d0%b8%d0%b8-%d1%82%d0%be%d0%b2%d0%b0%d1%80%d0%be%d0%b2\\\/\"},{\"@type\":\"ListItem\",\"position\":3,\"name\":\"Naturehike &#8211; Biezs, piep\u016b\u0161ams TPU matracis &#8211; Divviet\u012bgs\"}]},{\"@type\":\"WebSite\",\"@id\":\"https:\\\/\\\/gohike.lv\\\/ru\\\/#website\",\"url\":\"https:\\\/\\\/gohike.lv\\\/ru\\\/\",\"name\":\"GoHike\",\"description\":\"\",\"publisher\":{\"@id\":\"https:\\\/\\\/gohike.lv\\\/ru\\\/#organization\"},\"potentialAction\":[{\"@type\":\"SearchAction\",\"target\":{\"@type\":\"EntryPoint\",\"urlTemplate\":\"https:\\\/\\\/gohike.lv\\\/ru\\\/?s={search_term_string}\"},\"query-input\":{\"@type\":\"PropertyValueSpecification\",\"valueRequired\":true,\"valueName\":\"search_term_string\"}}],\"inLanguage\":\"ru-RU\"},{\"@type\":\"Organization\",\"@id\":\"https:\\\/\\\/gohike.lv\\\/ru\\\/#organization\",\"name\":\"GoHike\",\"url\":\"https:\\\/\\\/gohike.lv\\\/ru\\\/\",\"logo\":{\"@type\":\"ImageObject\",\"inLanguage\":\"ru-RU\",\"@id\":\"https:\\\/\\\/gohike.lv\\\/ru\\\/#\\\/schema\\\/logo\\\/image\\\/\",\"url\":\"https:\\\/\\\/gohike.lv\\\/wp-content\\\/uploads\\\/2023\\\/08\\\/Logo_GoHike.webp\",\"contentUrl\":\"https:\\\/\\\/gohike.lv\\\/wp-content\\\/uploads\\\/2023\\\/08\\\/Logo_GoHike.webp\",\"width\":512,\"height\":512,\"caption\":\"GoHike\"},\"image\":{\"@id\":\"https:\\\/\\\/gohike.lv\\\/ru\\\/#\\\/schema\\\/logo\\\/image\\\/\"},\"sameAs\":[\"https:\\\/\\\/www.facebook.com\\\/gohike.shop\\\/\",\"https:\\\/\\\/www.instagram.com\\\/gohike.shop\\\/\"]}]}<\/script>\n<!-- \/ Yoast SEO plugin. -->","yoast_head_json":{"title":"Naturehike - Biezs, piep\u016b\u0161ams TPU matracis - Divviet\u012bgs","description":"Piep\u016b\u0161amais matracis, kas ide\u0101li papildin\u0101s atp\u016btu pie dabas. Matracis ir apr\u012bkots ar Standart v\u0101rstu, pateicoties kuram to var piep\u016bst ar parastu s\u016bkni.","robots":{"index":"index","follow":"follow","max-snippet":"max-snippet:-1","max-image-preview":"max-image-preview:large","max-video-preview":"max-video-preview:-1"},"canonical":"https:\/\/gohike.lv\/ru\/produkts\/naturehike-biezs-piepusamais-tpu-paklajs-divvietigs\/","og_locale":"ru_RU","og_type":"article","og_title":"Naturehike - Biezs piep\u016b\u0161amais TPU pakl\u0101js Divviet\u012bgs","og_description":"Piep\u016b\u0161amais matracis, kas ide\u0101li papildin\u0101s atp\u016btu pie dabas. Matracis ir apr\u012bkots ar Standart v\u0101rstu, pateicoties kuram to var piep\u016bst ar parastu s\u016bkni.","og_url":"https:\/\/gohike.lv\/ru\/produkts\/naturehike-biezs-piepusamais-tpu-paklajs-divvietigs\/","og_site_name":"GoHike","article_publisher":"https:\/\/www.facebook.com\/gohike.shop\/","article_modified_time":"2025-12-30T14:25:04+00:00","og_image":[{"width":720,"height":720,"url":"https:\/\/gohike.lv\/wp-content\/uploads\/2024\/03\/TPUdoubleMat_grey.webp","type":"image\/webp"}],"twitter_card":"summary_large_image","twitter_title":"Naturehike - Biezs piep\u016b\u0161amais TPU pakl\u0101js Divviet\u012bgs","twitter_misc":{"\u041f\u0440\u0438\u043c\u0435\u0440\u043d\u043e\u0435 \u0432\u0440\u0435\u043c\u044f \u0434\u043b\u044f \u0447\u0442\u0435\u043d\u0438\u044f":"1 \u043c\u0438\u043d\u0443\u0442\u0430"},"schema":{"@context":"https:\/\/schema.org","@graph":[{"@type":["WebPage","ItemPage"],"@id":"https:\/\/gohike.lv\/ru\/produkts\/naturehike-biezs-piepusamais-tpu-paklajs-divvietigs\/","url":"https:\/\/gohike.lv\/ru\/produkts\/naturehike-biezs-piepusamais-tpu-paklajs-divvietigs\/","name":"Naturehike - Biezs, piep\u016b\u0161ams TPU matracis - Divviet\u012bgs","isPartOf":{"@id":"https:\/\/gohike.lv\/ru\/#website"},"primaryImageOfPage":{"@id":"https:\/\/gohike.lv\/ru\/produkts\/naturehike-biezs-piepusamais-tpu-paklajs-divvietigs\/#primaryimage"},"image":{"@id":"https:\/\/gohike.lv\/ru\/produkts\/naturehike-biezs-piepusamais-tpu-paklajs-divvietigs\/#primaryimage"},"thumbnailUrl":"https:\/\/gohike.lv\/wp-content\/uploads\/2024\/03\/TPUdoubleMat_grey.webp","datePublished":"2024-05-09T12:09:56+00:00","dateModified":"2025-12-30T14:25:04+00:00","description":"Piep\u016b\u0161amais matracis, kas ide\u0101li papildin\u0101s atp\u016btu pie dabas. Matracis ir apr\u012bkots ar Standart v\u0101rstu, pateicoties kuram to var piep\u016bst ar parastu s\u016bkni.","breadcrumb":{"@id":"https:\/\/gohike.lv\/ru\/produkts\/naturehike-biezs-piepusamais-tpu-paklajs-divvietigs\/#breadcrumb"},"inLanguage":"ru-RU","potentialAction":[{"@type":"ReadAction","target":["https:\/\/gohike.lv\/ru\/produkts\/naturehike-biezs-piepusamais-tpu-paklajs-divvietigs\/"]}]},{"@type":"ImageObject","inLanguage":"ru-RU","@id":"https:\/\/gohike.lv\/ru\/produkts\/naturehike-biezs-piepusamais-tpu-paklajs-divvietigs\/#primaryimage","url":"https:\/\/gohike.lv\/wp-content\/uploads\/2024\/03\/TPUdoubleMat_grey.webp","contentUrl":"https:\/\/gohike.lv\/wp-content\/uploads\/2024\/03\/TPUdoubleMat_grey.webp","width":720,"height":720},{"@type":"BreadcrumbList","@id":"https:\/\/gohike.lv\/ru\/produkts\/naturehike-biezs-piepusamais-tpu-paklajs-divvietigs\/#breadcrumb","itemListElement":[{"@type":"ListItem","position":1,"name":"\u0413\u043b\u0430\u0432\u043d\u0430\u044f","item":"https:\/\/gohike.lv\/ru\/"},{"@type":"ListItem","position":2,"name":"\u041a\u0430\u0442\u0435\u0433\u043e\u0440\u0438\u0438 \u0442\u043e\u0432\u0430\u0440\u043e\u0432","item":"https:\/\/gohike.lv\/%d0%ba%d0%b0%d1%82%d0%b5%d0%b3%d0%be%d1%80%d0%b8%d0%b8-%d1%82%d0%be%d0%b2%d0%b0%d1%80%d0%be%d0%b2\/"},{"@type":"ListItem","position":3,"name":"Naturehike &#8211; Biezs, piep\u016b\u0161ams TPU matracis &#8211; Divviet\u012bgs"}]},{"@type":"WebSite","@id":"https:\/\/gohike.lv\/ru\/#website","url":"https:\/\/gohike.lv\/ru\/","name":"GoHike","description":"","publisher":{"@id":"https:\/\/gohike.lv\/ru\/#organization"},"potentialAction":[{"@type":"SearchAction","target":{"@type":"EntryPoint","urlTemplate":"https:\/\/gohike.lv\/ru\/?s={search_term_string}"},"query-input":{"@type":"PropertyValueSpecification","valueRequired":true,"valueName":"search_term_string"}}],"inLanguage":"ru-RU"},{"@type":"Organization","@id":"https:\/\/gohike.lv\/ru\/#organization","name":"GoHike","url":"https:\/\/gohike.lv\/ru\/","logo":{"@type":"ImageObject","inLanguage":"ru-RU","@id":"https:\/\/gohike.lv\/ru\/#\/schema\/logo\/image\/","url":"https:\/\/gohike.lv\/wp-content\/uploads\/2023\/08\/Logo_GoHike.webp","contentUrl":"https:\/\/gohike.lv\/wp-content\/uploads\/2023\/08\/Logo_GoHike.webp","width":512,"height":512,"caption":"GoHike"},"image":{"@id":"https:\/\/gohike.lv\/ru\/#\/schema\/logo\/image\/"},"sameAs":["https:\/\/www.facebook.com\/gohike.shop\/","https:\/\/www.instagram.com\/gohike.shop\/"]}]}},"jetpack_sharing_enabled":true,"_links":{"self":[{"href":"https:\/\/gohike.lv\/ru\/wp-json\/wp\/v2\/product\/54187","targetHints":{"allow":["GET"]}}],"collection":[{"href":"https:\/\/gohike.lv\/ru\/wp-json\/wp\/v2\/product"}],"about":[{"href":"https:\/\/gohike.lv\/ru\/wp-json\/wp\/v2\/types\/product"}],"version-history":[{"count":0,"href":"https:\/\/gohike.lv\/ru\/wp-json\/wp\/v2\/product\/54187\/revisions"}],"wp:featuredmedia":[{"embeddable":true,"href":"https:\/\/gohike.lv\/ru\/wp-json\/wp\/v2\/media\/25861"}],"wp:attachment":[{"href":"https:\/\/gohike.lv\/ru\/wp-json\/wp\/v2\/media?parent=54187"}],"wp:term":[{"taxonomy":"product_brand","embeddable":true,"href":"https:\/\/gohike.lv\/ru\/wp-json\/wp\/v2\/product_brand?post=54187"},{"taxonomy":"product_cat","embeddable":true,"href":"https:\/\/gohike.lv\/ru\/wp-json\/wp\/v2\/product_cat?post=54187"},{"taxonomy":"product_tag","embeddable":true,"href":"https:\/\/gohike.lv\/ru\/wp-json\/wp\/v2\/product_tag?post=54187"}],"curies":[{"name":"wp","href":"https:\/\/api.w.org\/{rel}","templated":true}]}}