{"id":54175,"date":"2024-05-09T15:09:33","date_gmt":"2024-05-09T12:09:33","guid":{"rendered":"https:\/\/gohike.lv\/produkts\/naturehike-r3-5-ultraviegls-paklajs-kvadrata-forma-plus\/"},"modified":"2025-12-30T17:25:04","modified_gmt":"2025-12-30T14:25:04","slug":"naturehike-r3-5-ultraviegls-paklajs-kvadrata-forma-plus","status":"publish","type":"product","link":"https:\/\/gohike.lv\/ru\/produkts\/naturehike-r3-5-ultraviegls-paklajs-kvadrata-forma-plus\/","title":{"rendered":"Naturehike &#8212; R3.5 Ultraviegls pakl\u0101js &#8212; Plus"},"content":{"rendered":"<p>Piep\u016b\u0161am\u0101 matra\u010da svars ir tikai 575 g, un saloc\u012bt\u0101 veid\u0101 tas ir kompakts.<br \/>\nSuperviegls, l\u012bdz 7 cm biezs matracis ir apr\u012bkots ar kvadr\u0101tveida kamer\u0101m, kas nodro\u0161ina maksim\u0101li komfortablu miegu, k\u0101 ar\u012b vienm\u0113r\u012bgu slodzes sadal\u012bjumu.<br \/>\n\u0160im modelim ir taisnst\u016brveida forma, kas \u013cauj b\u016btiski samazin\u0101t risku nosl\u012bd\u0113t no matra\u010da miega laik\u0101.<br \/>\nRaksturlielumi:<br \/>\nIzm\u0113ri saloc\u012bt\u0101 veid\u0101: 22 x 13;<br \/>\nMateri\u0101ls: TPU + neilons;<br \/>\nTilpums: 6,98 l;<br \/>\nSoma uzglab\u0101\u0161anai un transport\u0113\u0161anai.<\/p>\n","protected":false},"excerpt":{"rendered":"<p>Matracim ir vienk\u0101r\u0161s dizains, bet tas ir \u0101rk\u0101rt\u012bgi \u0113rts. Tas ir pietiekami biezs, t\u0101p\u0113c nodro\u0161ina labu izol\u0101ciju un dro\u0161i pasarg\u0101 no aukstuma. \u016adensnecaurlaid\u012bgs, t\u0101p\u0113c matraci var novietot pat uz mitras virsmas.<\/p>\n","protected":false},"featured_media":26901,"template":"","meta":[],"product_brand":[167],"product_cat":[1510],"product_tag":[],"class_list":{"0":"post-54175","1":"product","2":"type-product","3":"status-publish","4":"has-post-thumbnail","6":"product_brand-naturehike-lv","7":"product_cat-paklajini-un-spilveni","8":"pa_izmeriscm-9960","9":"pa_materiali-tpu-neilons-20d","10":"pa_produkta-tips-paklajini","11":"pa_r-vertiba-3-5","12":"pa_spalva-tumsi-peleks","13":"pa_spalva-zals","15":"first","16":"instock","17":"taxable","18":"shipping-taxable","19":"purchasable","20":"product-type-variable"},"raw_content":{"name":"Naturehike - R3.5 Ultraviegls pakl\u0101js - Plus","description":"Piep\u016b\u0161am\u0101 matra\u010da svars ir tikai 575 g, un saloc\u012bt\u0101 veid\u0101 tas ir kompakts.\nSuperviegls, l\u012bdz 7 cm biezs matracis ir apr\u012bkots ar kvadr\u0101tveida kamer\u0101m, kas nodro\u0161ina maksim\u0101li komfortablu miegu, k\u0101 ar\u012b vienm\u0113r\u012bgu slodzes sadal\u012bjumu.\n\u0160im modelim ir taisnst\u016brveida forma, kas \u013cauj b\u016btiski samazin\u0101t risku nosl\u012bd\u0113t no matra\u010da miega laik\u0101.\nRaksturlielumi:\nIzm\u0113ri saloc\u012bt\u0101 veid\u0101: 22 x 13;\nMateri\u0101ls: TPU + neilons;\nTilpums: 6,98 l;\nSoma uzglab\u0101\u0161anai un transport\u0113\u0161anai.","short_description":"Matracim ir vienk\u0101r\u0161s dizains, bet tas ir \u0101rk\u0101rt\u012bgi \u0113rts. Tas ir pietiekami biezs, t\u0101p\u0113c nodro\u0161ina labu izol\u0101ciju un dro\u0161i pasarg\u0101 no aukstuma. \u016adensnecaurlaid\u012bgs, t\u0101p\u0113c matraci var novietot pat uz mitras virsmas.","status":"publish","sku":"nat000028","original":54175},"wpml":{"translation_type":1,"has_translations":true,"original":54175,"duplicates":[],"translations":{"lv":54175,"en":67390,"ru":null}},"supplier_id":null,"supplier_sku":"","barcode":null,"atum_controlled":true,"out_stock_date":null,"out_stock_threshold":null,"inheritable":true,"inbound_stock":0,"stock_on_hold":0,"sold_today":0,"sales_last_days":0,"reserved_stock":0,"customer_returns":0,"warehouse_damage":0,"lost_in_post":0,"other_logs":0,"out_stock_days":0,"lost_sales":0,"has_location":false,"update_date":"2025-12-30T14:30:36","atum_locations":[],"atum_stock_status":"instock","restock_status":false,"low_stock_amount":"","sales_update_date":"2025-11-13T14:07:40","calc_backorders":null,"yoast_head":"<!-- This site is optimized with the Yoast SEO plugin v27.3 - https:\/\/yoast.com\/product\/yoast-seo-wordpress\/ -->\n<title>Naturehike - R3.5 Ultraviegls pakl\u0101js - Plus<\/title>\n<meta name=\"description\" content=\"Matracim ir vienk\u0101r\u0161s dizains, bet tas ir \u0101rk\u0101rt\u012bgi \u0113rts. Tas ir pietiekami biezs, t\u0101p\u0113c nodro\u0161ina labu izol\u0101ciju un pasarg\u0101 no aukstuma.\" \/>\n<meta name=\"robots\" content=\"index, follow, max-snippet:-1, max-image-preview:large, max-video-preview:-1\" \/>\n<link rel=\"canonical\" href=\"https:\/\/gohike.lv\/ru\/produkts\/naturehike-r3-5-ultraviegls-paklajs-kvadrata-forma-plus\/\" \/>\n<meta property=\"og:locale\" content=\"ru_RU\" \/>\n<meta property=\"og:type\" content=\"article\" \/>\n<meta property=\"og:title\" content=\"Naturehike - R3.5 Ultraviegls pakl\u0101js - Kvadr\u0101ta forma - Plus\" \/>\n<meta property=\"og:description\" content=\"Matracim ir vienk\u0101r\u0161s dizains, bet tas ir \u0101rk\u0101rt\u012bgi \u0113rts. Tas ir pietiekami biezs, t\u0101p\u0113c nodro\u0161ina labu izol\u0101ciju un pasarg\u0101 no aukstuma.\" \/>\n<meta property=\"og:url\" content=\"https:\/\/gohike.lv\/ru\/produkts\/naturehike-r3-5-ultraviegls-paklajs-kvadrata-forma-plus\/\" \/>\n<meta property=\"og:site_name\" content=\"GoHike\" \/>\n<meta property=\"article:publisher\" content=\"https:\/\/www.facebook.com\/gohike.shop\/\" \/>\n<meta property=\"article:modified_time\" content=\"2025-12-30T14:25:04+00:00\" \/>\n<meta property=\"og:image\" content=\"https:\/\/gohike.lv\/wp-content\/uploads\/2024\/04\/R35Ultralight_plus_square_black.jpeg\" \/>\n\t<meta property=\"og:image:width\" content=\"800\" \/>\n\t<meta property=\"og:image:height\" content=\"800\" \/>\n\t<meta property=\"og:image:type\" content=\"image\/jpeg\" \/>\n<meta name=\"twitter:card\" content=\"summary_large_image\" \/>\n<meta name=\"twitter:title\" content=\"Naturehike - R3.5 Ultraviegls pakl\u0101js - Kvadr\u0101ta forma - Plus\" \/>\n<meta name=\"twitter:label1\" content=\"\u041f\u0440\u0438\u043c\u0435\u0440\u043d\u043e\u0435 \u0432\u0440\u0435\u043c\u044f \u0434\u043b\u044f \u0447\u0442\u0435\u043d\u0438\u044f\" \/>\n\t<meta name=\"twitter:data1\" content=\"1 \u043c\u0438\u043d\u0443\u0442\u0430\" \/>\n<script type=\"application\/ld+json\" class=\"yoast-schema-graph\">{\"@context\":\"https:\\\/\\\/schema.org\",\"@graph\":[{\"@type\":[\"WebPage\",\"ItemPage\"],\"@id\":\"https:\\\/\\\/gohike.lv\\\/ru\\\/produkts\\\/naturehike-r3-5-ultraviegls-paklajs-kvadrata-forma-plus\\\/\",\"url\":\"https:\\\/\\\/gohike.lv\\\/ru\\\/produkts\\\/naturehike-r3-5-ultraviegls-paklajs-kvadrata-forma-plus\\\/\",\"name\":\"Naturehike - R3.5 Ultraviegls pakl\u0101js - Plus\",\"isPartOf\":{\"@id\":\"https:\\\/\\\/gohike.lv\\\/ru\\\/#website\"},\"primaryImageOfPage\":{\"@id\":\"https:\\\/\\\/gohike.lv\\\/ru\\\/produkts\\\/naturehike-r3-5-ultraviegls-paklajs-kvadrata-forma-plus\\\/#primaryimage\"},\"image\":{\"@id\":\"https:\\\/\\\/gohike.lv\\\/ru\\\/produkts\\\/naturehike-r3-5-ultraviegls-paklajs-kvadrata-forma-plus\\\/#primaryimage\"},\"thumbnailUrl\":\"https:\\\/\\\/gohike.lv\\\/wp-content\\\/uploads\\\/2024\\\/04\\\/R35Ultralight_plus_square_black.jpeg\",\"datePublished\":\"2024-05-09T12:09:33+00:00\",\"dateModified\":\"2025-12-30T14:25:04+00:00\",\"description\":\"Matracim ir vienk\u0101r\u0161s dizains, bet tas ir \u0101rk\u0101rt\u012bgi \u0113rts. Tas ir pietiekami biezs, t\u0101p\u0113c nodro\u0161ina labu izol\u0101ciju un pasarg\u0101 no aukstuma.\",\"breadcrumb\":{\"@id\":\"https:\\\/\\\/gohike.lv\\\/ru\\\/produkts\\\/naturehike-r3-5-ultraviegls-paklajs-kvadrata-forma-plus\\\/#breadcrumb\"},\"inLanguage\":\"ru-RU\",\"potentialAction\":[{\"@type\":\"ReadAction\",\"target\":[\"https:\\\/\\\/gohike.lv\\\/ru\\\/produkts\\\/naturehike-r3-5-ultraviegls-paklajs-kvadrata-forma-plus\\\/\"]}]},{\"@type\":\"ImageObject\",\"inLanguage\":\"ru-RU\",\"@id\":\"https:\\\/\\\/gohike.lv\\\/ru\\\/produkts\\\/naturehike-r3-5-ultraviegls-paklajs-kvadrata-forma-plus\\\/#primaryimage\",\"url\":\"https:\\\/\\\/gohike.lv\\\/wp-content\\\/uploads\\\/2024\\\/04\\\/R35Ultralight_plus_square_black.jpeg\",\"contentUrl\":\"https:\\\/\\\/gohike.lv\\\/wp-content\\\/uploads\\\/2024\\\/04\\\/R35Ultralight_plus_square_black.jpeg\",\"width\":800,\"height\":800},{\"@type\":\"BreadcrumbList\",\"@id\":\"https:\\\/\\\/gohike.lv\\\/ru\\\/produkts\\\/naturehike-r3-5-ultraviegls-paklajs-kvadrata-forma-plus\\\/#breadcrumb\",\"itemListElement\":[{\"@type\":\"ListItem\",\"position\":1,\"name\":\"\u0413\u043b\u0430\u0432\u043d\u0430\u044f\",\"item\":\"https:\\\/\\\/gohike.lv\\\/ru\\\/\"},{\"@type\":\"ListItem\",\"position\":2,\"name\":\"\u041a\u0430\u0442\u0435\u0433\u043e\u0440\u0438\u0438 \u0442\u043e\u0432\u0430\u0440\u043e\u0432\",\"item\":\"https:\\\/\\\/gohike.lv\\\/%d0%ba%d0%b0%d1%82%d0%b5%d0%b3%d0%be%d1%80%d0%b8%d0%b8-%d1%82%d0%be%d0%b2%d0%b0%d1%80%d0%be%d0%b2\\\/\"},{\"@type\":\"ListItem\",\"position\":3,\"name\":\"Naturehike &#8211; R3.5 Ultraviegls pakl\u0101js &#8211; Plus\"}]},{\"@type\":\"WebSite\",\"@id\":\"https:\\\/\\\/gohike.lv\\\/ru\\\/#website\",\"url\":\"https:\\\/\\\/gohike.lv\\\/ru\\\/\",\"name\":\"GoHike\",\"description\":\"\",\"publisher\":{\"@id\":\"https:\\\/\\\/gohike.lv\\\/ru\\\/#organization\"},\"potentialAction\":[{\"@type\":\"SearchAction\",\"target\":{\"@type\":\"EntryPoint\",\"urlTemplate\":\"https:\\\/\\\/gohike.lv\\\/ru\\\/?s={search_term_string}\"},\"query-input\":{\"@type\":\"PropertyValueSpecification\",\"valueRequired\":true,\"valueName\":\"search_term_string\"}}],\"inLanguage\":\"ru-RU\"},{\"@type\":\"Organization\",\"@id\":\"https:\\\/\\\/gohike.lv\\\/ru\\\/#organization\",\"name\":\"GoHike\",\"url\":\"https:\\\/\\\/gohike.lv\\\/ru\\\/\",\"logo\":{\"@type\":\"ImageObject\",\"inLanguage\":\"ru-RU\",\"@id\":\"https:\\\/\\\/gohike.lv\\\/ru\\\/#\\\/schema\\\/logo\\\/image\\\/\",\"url\":\"https:\\\/\\\/gohike.lv\\\/wp-content\\\/uploads\\\/2023\\\/08\\\/Logo_GoHike.webp\",\"contentUrl\":\"https:\\\/\\\/gohike.lv\\\/wp-content\\\/uploads\\\/2023\\\/08\\\/Logo_GoHike.webp\",\"width\":512,\"height\":512,\"caption\":\"GoHike\"},\"image\":{\"@id\":\"https:\\\/\\\/gohike.lv\\\/ru\\\/#\\\/schema\\\/logo\\\/image\\\/\"},\"sameAs\":[\"https:\\\/\\\/www.facebook.com\\\/gohike.shop\\\/\",\"https:\\\/\\\/www.instagram.com\\\/gohike.shop\\\/\"]}]}<\/script>\n<!-- \/ Yoast SEO plugin. -->","yoast_head_json":{"title":"Naturehike - R3.5 Ultraviegls pakl\u0101js - Plus","description":"Matracim ir vienk\u0101r\u0161s dizains, bet tas ir \u0101rk\u0101rt\u012bgi \u0113rts. Tas ir pietiekami biezs, t\u0101p\u0113c nodro\u0161ina labu izol\u0101ciju un pasarg\u0101 no aukstuma.","robots":{"index":"index","follow":"follow","max-snippet":"max-snippet:-1","max-image-preview":"max-image-preview:large","max-video-preview":"max-video-preview:-1"},"canonical":"https:\/\/gohike.lv\/ru\/produkts\/naturehike-r3-5-ultraviegls-paklajs-kvadrata-forma-plus\/","og_locale":"ru_RU","og_type":"article","og_title":"Naturehike - R3.5 Ultraviegls pakl\u0101js - Kvadr\u0101ta forma - Plus","og_description":"Matracim ir vienk\u0101r\u0161s dizains, bet tas ir \u0101rk\u0101rt\u012bgi \u0113rts. Tas ir pietiekami biezs, t\u0101p\u0113c nodro\u0161ina labu izol\u0101ciju un pasarg\u0101 no aukstuma.","og_url":"https:\/\/gohike.lv\/ru\/produkts\/naturehike-r3-5-ultraviegls-paklajs-kvadrata-forma-plus\/","og_site_name":"GoHike","article_publisher":"https:\/\/www.facebook.com\/gohike.shop\/","article_modified_time":"2025-12-30T14:25:04+00:00","og_image":[{"width":800,"height":800,"url":"https:\/\/gohike.lv\/wp-content\/uploads\/2024\/04\/R35Ultralight_plus_square_black.jpeg","type":"image\/jpeg"}],"twitter_card":"summary_large_image","twitter_title":"Naturehike - R3.5 Ultraviegls pakl\u0101js - Kvadr\u0101ta forma - Plus","twitter_misc":{"\u041f\u0440\u0438\u043c\u0435\u0440\u043d\u043e\u0435 \u0432\u0440\u0435\u043c\u044f \u0434\u043b\u044f \u0447\u0442\u0435\u043d\u0438\u044f":"1 \u043c\u0438\u043d\u0443\u0442\u0430"},"schema":{"@context":"https:\/\/schema.org","@graph":[{"@type":["WebPage","ItemPage"],"@id":"https:\/\/gohike.lv\/ru\/produkts\/naturehike-r3-5-ultraviegls-paklajs-kvadrata-forma-plus\/","url":"https:\/\/gohike.lv\/ru\/produkts\/naturehike-r3-5-ultraviegls-paklajs-kvadrata-forma-plus\/","name":"Naturehike - R3.5 Ultraviegls pakl\u0101js - Plus","isPartOf":{"@id":"https:\/\/gohike.lv\/ru\/#website"},"primaryImageOfPage":{"@id":"https:\/\/gohike.lv\/ru\/produkts\/naturehike-r3-5-ultraviegls-paklajs-kvadrata-forma-plus\/#primaryimage"},"image":{"@id":"https:\/\/gohike.lv\/ru\/produkts\/naturehike-r3-5-ultraviegls-paklajs-kvadrata-forma-plus\/#primaryimage"},"thumbnailUrl":"https:\/\/gohike.lv\/wp-content\/uploads\/2024\/04\/R35Ultralight_plus_square_black.jpeg","datePublished":"2024-05-09T12:09:33+00:00","dateModified":"2025-12-30T14:25:04+00:00","description":"Matracim ir vienk\u0101r\u0161s dizains, bet tas ir \u0101rk\u0101rt\u012bgi \u0113rts. Tas ir pietiekami biezs, t\u0101p\u0113c nodro\u0161ina labu izol\u0101ciju un pasarg\u0101 no aukstuma.","breadcrumb":{"@id":"https:\/\/gohike.lv\/ru\/produkts\/naturehike-r3-5-ultraviegls-paklajs-kvadrata-forma-plus\/#breadcrumb"},"inLanguage":"ru-RU","potentialAction":[{"@type":"ReadAction","target":["https:\/\/gohike.lv\/ru\/produkts\/naturehike-r3-5-ultraviegls-paklajs-kvadrata-forma-plus\/"]}]},{"@type":"ImageObject","inLanguage":"ru-RU","@id":"https:\/\/gohike.lv\/ru\/produkts\/naturehike-r3-5-ultraviegls-paklajs-kvadrata-forma-plus\/#primaryimage","url":"https:\/\/gohike.lv\/wp-content\/uploads\/2024\/04\/R35Ultralight_plus_square_black.jpeg","contentUrl":"https:\/\/gohike.lv\/wp-content\/uploads\/2024\/04\/R35Ultralight_plus_square_black.jpeg","width":800,"height":800},{"@type":"BreadcrumbList","@id":"https:\/\/gohike.lv\/ru\/produkts\/naturehike-r3-5-ultraviegls-paklajs-kvadrata-forma-plus\/#breadcrumb","itemListElement":[{"@type":"ListItem","position":1,"name":"\u0413\u043b\u0430\u0432\u043d\u0430\u044f","item":"https:\/\/gohike.lv\/ru\/"},{"@type":"ListItem","position":2,"name":"\u041a\u0430\u0442\u0435\u0433\u043e\u0440\u0438\u0438 \u0442\u043e\u0432\u0430\u0440\u043e\u0432","item":"https:\/\/gohike.lv\/%d0%ba%d0%b0%d1%82%d0%b5%d0%b3%d0%be%d1%80%d0%b8%d0%b8-%d1%82%d0%be%d0%b2%d0%b0%d1%80%d0%be%d0%b2\/"},{"@type":"ListItem","position":3,"name":"Naturehike &#8211; R3.5 Ultraviegls pakl\u0101js &#8211; Plus"}]},{"@type":"WebSite","@id":"https:\/\/gohike.lv\/ru\/#website","url":"https:\/\/gohike.lv\/ru\/","name":"GoHike","description":"","publisher":{"@id":"https:\/\/gohike.lv\/ru\/#organization"},"potentialAction":[{"@type":"SearchAction","target":{"@type":"EntryPoint","urlTemplate":"https:\/\/gohike.lv\/ru\/?s={search_term_string}"},"query-input":{"@type":"PropertyValueSpecification","valueRequired":true,"valueName":"search_term_string"}}],"inLanguage":"ru-RU"},{"@type":"Organization","@id":"https:\/\/gohike.lv\/ru\/#organization","name":"GoHike","url":"https:\/\/gohike.lv\/ru\/","logo":{"@type":"ImageObject","inLanguage":"ru-RU","@id":"https:\/\/gohike.lv\/ru\/#\/schema\/logo\/image\/","url":"https:\/\/gohike.lv\/wp-content\/uploads\/2023\/08\/Logo_GoHike.webp","contentUrl":"https:\/\/gohike.lv\/wp-content\/uploads\/2023\/08\/Logo_GoHike.webp","width":512,"height":512,"caption":"GoHike"},"image":{"@id":"https:\/\/gohike.lv\/ru\/#\/schema\/logo\/image\/"},"sameAs":["https:\/\/www.facebook.com\/gohike.shop\/","https:\/\/www.instagram.com\/gohike.shop\/"]}]}},"jetpack_sharing_enabled":true,"_links":{"self":[{"href":"https:\/\/gohike.lv\/ru\/wp-json\/wp\/v2\/product\/54175","targetHints":{"allow":["GET"]}}],"collection":[{"href":"https:\/\/gohike.lv\/ru\/wp-json\/wp\/v2\/product"}],"about":[{"href":"https:\/\/gohike.lv\/ru\/wp-json\/wp\/v2\/types\/product"}],"version-history":[{"count":0,"href":"https:\/\/gohike.lv\/ru\/wp-json\/wp\/v2\/product\/54175\/revisions"}],"wp:featuredmedia":[{"embeddable":true,"href":"https:\/\/gohike.lv\/ru\/wp-json\/wp\/v2\/media\/26901"}],"wp:attachment":[{"href":"https:\/\/gohike.lv\/ru\/wp-json\/wp\/v2\/media?parent=54175"}],"wp:term":[{"taxonomy":"product_brand","embeddable":true,"href":"https:\/\/gohike.lv\/ru\/wp-json\/wp\/v2\/product_brand?post=54175"},{"taxonomy":"product_cat","embeddable":true,"href":"https:\/\/gohike.lv\/ru\/wp-json\/wp\/v2\/product_cat?post=54175"},{"taxonomy":"product_tag","embeddable":true,"href":"https:\/\/gohike.lv\/ru\/wp-json\/wp\/v2\/product_tag?post=54175"}],"curies":[{"name":"wp","href":"https:\/\/api.w.org\/{rel}","templated":true}]}}