{"id":54167,"date":"2024-05-09T15:08:25","date_gmt":"2024-05-09T12:08:25","guid":{"rendered":"https:\/\/gohike.lv\/produkts\/naturehike-yugu-superviegls-automatiskais-piepusamais-paklajs-mumija\/"},"modified":"2025-12-30T17:25:04","modified_gmt":"2025-12-30T14:25:04","slug":"naturehike-yugu-superviegls-automatiskais-piepusamais-paklajs-mummy","status":"publish","type":"product","link":"https:\/\/gohike.lv\/ru\/produkts\/naturehike-yugu-superviegls-automatiskais-piepusamais-paklajs-mummy\/","title":{"rendered":"Naturehike &#8212; (Yugu) Ultraviegls pakl\u0101js &#8212; Mummy"},"content":{"rendered":"<p>\u0160is pakl\u0101js rad\u012bts tiem, kuri nov\u0113rt\u0113 komfortu.<br \/>\nPakl\u0101js sver tikai 540 gramus.<br \/>\nMatracis, kas izgatavots no elast\u012bg\u0101m augsta bl\u012bvuma put\u0101m, nodro\u0161ina m\u012bkstu un ergonomisku virsmu gul\u0113\u0161anai.<br \/>\nTas ir mitrumiztur\u012bgs, nodro\u0161ina komfortablu nakts miegu.<br \/>\nPalikt\u0146a virsmai ir strat\u0113\u0123iski izvietotas gaisa \u0161\u016bnas, kas nodro\u0161ina izcilu gaisa caurlaid\u012bbu, t\u0101d\u0113j\u0101di nov\u0113r\u0161ot sviedru uzkr\u0101\u0161anos.<br \/>\nApr\u012bkots ar dubulto funkcion\u0101lo v\u0101rstu.<\/p>\n","protected":false},"excerpt":{"rendered":"<p>Izbaudiet miegu svaig\u0101 gais\u0101, izmantojot supervieglu pa\u0161piep\u016b\u0161amu Naturehike Fishbone pakl\u0101ju.<\/p>\n","protected":false},"featured_media":25810,"template":"","meta":[],"product_brand":[167],"product_cat":[1510],"product_tag":[],"class_list":{"0":"post-54167","1":"product","2":"type-product","3":"status-publish","4":"has-post-thumbnail","6":"product_brand-naturehike-lv","7":"product_cat-paklajini-un-spilveni","8":"pa_izmeriscm-185553-5","9":"pa_materiali-100-neilons-tpu-poliuretans","10":"pa_produkta-tips-paklajini","11":"pa_spalva-peleks","12":"pa_spalva-zils","14":"first","15":"instock","16":"taxable","17":"shipping-taxable","18":"purchasable","19":"product-type-variable","20":"has-default-attributes"},"raw_content":{"name":"Naturehike - (Yugu) Ultraviegls pakl\u0101js - Mummy","description":"\u0160is pakl\u0101js rad\u012bts tiem, kuri nov\u0113rt\u0113 komfortu.\nPakl\u0101js sver tikai 540 gramus.\nMatracis, kas izgatavots no elast\u012bg\u0101m augsta bl\u012bvuma put\u0101m, nodro\u0161ina m\u012bkstu un ergonomisku virsmu gul\u0113\u0161anai.\nTas ir mitrumiztur\u012bgs, nodro\u0161ina komfortablu nakts miegu.\nPalikt\u0146a virsmai ir strat\u0113\u0123iski izvietotas gaisa \u0161\u016bnas, kas nodro\u0161ina izcilu gaisa caurlaid\u012bbu, t\u0101d\u0113j\u0101di nov\u0113r\u0161ot sviedru uzkr\u0101\u0161anos.\nApr\u012bkots ar dubulto funkcion\u0101lo v\u0101rstu.","short_description":"Izbaudiet miegu svaig\u0101 gais\u0101, izmantojot supervieglu pa\u0161piep\u016b\u0161amu Naturehike Fishbone pakl\u0101ju.","status":"publish","sku":"nat000026","original":54167},"wpml":{"translation_type":1,"has_translations":true,"original":54167,"duplicates":[],"translations":{"lv":54167,"en":67365,"ru":null}},"supplier_id":null,"supplier_sku":"","barcode":null,"atum_controlled":true,"out_stock_date":null,"out_stock_threshold":null,"inheritable":false,"inbound_stock":0,"stock_on_hold":0,"sold_today":0,"sales_last_days":0,"reserved_stock":0,"customer_returns":0,"warehouse_damage":0,"lost_in_post":0,"other_logs":0,"out_stock_days":0,"lost_sales":0,"has_location":null,"update_date":"2025-12-30T14:30:36","atum_locations":[],"atum_stock_status":"outofstock","restock_status":false,"low_stock_amount":"","sales_update_date":"2025-11-13T14:07:41","calc_backorders":null,"yoast_head":"<!-- This site is optimized with the Yoast SEO plugin v27.3 - https:\/\/yoast.com\/product\/yoast-seo-wordpress\/ -->\n<title>Naturehike - (Yugu) Ultraviegls pakl\u0101js - Mummy<\/title>\n<meta name=\"description\" content=\"Izbaudiet miegu svaig\u0101 gais\u0101, izmantojot supervieglu pa\u0161piep\u016b\u0161amu Naturehike Fishbone pakl\u0101ju.\" \/>\n<meta name=\"robots\" content=\"index, follow, max-snippet:-1, max-image-preview:large, max-video-preview:-1\" \/>\n<link rel=\"canonical\" href=\"https:\/\/gohike.lv\/ru\/produkts\/naturehike-yugu-superviegls-automatiskais-piepusamais-paklajs-mummy\/\" \/>\n<meta property=\"og:locale\" content=\"ru_RU\" \/>\n<meta property=\"og:type\" content=\"article\" \/>\n<meta property=\"og:title\" content=\"Naturehike - (Yugu) Superviegls autom\u0101tiskais piep\u016b\u0161amais pakl\u0101js - M\u016bmija\" \/>\n<meta property=\"og:description\" content=\"Izbaudiet miegu svaig\u0101 gais\u0101, izmantojot supervieglu pa\u0161piep\u016b\u0161amu Naturehike Fishbone pakl\u0101ju.\" \/>\n<meta property=\"og:url\" content=\"https:\/\/gohike.lv\/ru\/produkts\/naturehike-yugu-superviegls-automatiskais-piepusamais-paklajs-mummy\/\" \/>\n<meta property=\"og:site_name\" content=\"GoHike\" \/>\n<meta property=\"article:publisher\" content=\"https:\/\/www.facebook.com\/gohike.shop\/\" \/>\n<meta property=\"article:modified_time\" content=\"2025-12-30T14:25:04+00:00\" \/>\n<meta property=\"og:image\" content=\"https:\/\/gohike.lv\/wp-content\/uploads\/2024\/03\/Yugu_mummy_grey.webp\" \/>\n\t<meta property=\"og:image:width\" content=\"800\" \/>\n\t<meta property=\"og:image:height\" content=\"800\" \/>\n\t<meta property=\"og:image:type\" content=\"image\/webp\" \/>\n<meta name=\"twitter:card\" content=\"summary_large_image\" \/>\n<meta name=\"twitter:title\" content=\"Naturehike - (Yugu) Superviegls autom\u0101tiskais piep\u016b\u0161amais pakl\u0101js - M\u016bmija\" \/>\n<meta name=\"twitter:label1\" content=\"\u041f\u0440\u0438\u043c\u0435\u0440\u043d\u043e\u0435 \u0432\u0440\u0435\u043c\u044f \u0434\u043b\u044f \u0447\u0442\u0435\u043d\u0438\u044f\" \/>\n\t<meta name=\"twitter:data1\" content=\"1 \u043c\u0438\u043d\u0443\u0442\u0430\" \/>\n<script type=\"application\/ld+json\" class=\"yoast-schema-graph\">{\"@context\":\"https:\\\/\\\/schema.org\",\"@graph\":[{\"@type\":[\"WebPage\",\"ItemPage\"],\"@id\":\"https:\\\/\\\/gohike.lv\\\/ru\\\/produkts\\\/naturehike-yugu-superviegls-automatiskais-piepusamais-paklajs-mummy\\\/\",\"url\":\"https:\\\/\\\/gohike.lv\\\/ru\\\/produkts\\\/naturehike-yugu-superviegls-automatiskais-piepusamais-paklajs-mummy\\\/\",\"name\":\"Naturehike - (Yugu) Ultraviegls pakl\u0101js - Mummy\",\"isPartOf\":{\"@id\":\"https:\\\/\\\/gohike.lv\\\/ru\\\/#website\"},\"primaryImageOfPage\":{\"@id\":\"https:\\\/\\\/gohike.lv\\\/ru\\\/produkts\\\/naturehike-yugu-superviegls-automatiskais-piepusamais-paklajs-mummy\\\/#primaryimage\"},\"image\":{\"@id\":\"https:\\\/\\\/gohike.lv\\\/ru\\\/produkts\\\/naturehike-yugu-superviegls-automatiskais-piepusamais-paklajs-mummy\\\/#primaryimage\"},\"thumbnailUrl\":\"https:\\\/\\\/gohike.lv\\\/wp-content\\\/uploads\\\/2024\\\/03\\\/Yugu_mummy_grey.webp\",\"datePublished\":\"2024-05-09T12:08:25+00:00\",\"dateModified\":\"2025-12-30T14:25:04+00:00\",\"description\":\"Izbaudiet miegu svaig\u0101 gais\u0101, izmantojot supervieglu pa\u0161piep\u016b\u0161amu Naturehike Fishbone pakl\u0101ju.\",\"breadcrumb\":{\"@id\":\"https:\\\/\\\/gohike.lv\\\/ru\\\/produkts\\\/naturehike-yugu-superviegls-automatiskais-piepusamais-paklajs-mummy\\\/#breadcrumb\"},\"inLanguage\":\"ru-RU\",\"potentialAction\":[{\"@type\":\"ReadAction\",\"target\":[\"https:\\\/\\\/gohike.lv\\\/ru\\\/produkts\\\/naturehike-yugu-superviegls-automatiskais-piepusamais-paklajs-mummy\\\/\"]}]},{\"@type\":\"ImageObject\",\"inLanguage\":\"ru-RU\",\"@id\":\"https:\\\/\\\/gohike.lv\\\/ru\\\/produkts\\\/naturehike-yugu-superviegls-automatiskais-piepusamais-paklajs-mummy\\\/#primaryimage\",\"url\":\"https:\\\/\\\/gohike.lv\\\/wp-content\\\/uploads\\\/2024\\\/03\\\/Yugu_mummy_grey.webp\",\"contentUrl\":\"https:\\\/\\\/gohike.lv\\\/wp-content\\\/uploads\\\/2024\\\/03\\\/Yugu_mummy_grey.webp\",\"width\":800,\"height\":800},{\"@type\":\"BreadcrumbList\",\"@id\":\"https:\\\/\\\/gohike.lv\\\/ru\\\/produkts\\\/naturehike-yugu-superviegls-automatiskais-piepusamais-paklajs-mummy\\\/#breadcrumb\",\"itemListElement\":[{\"@type\":\"ListItem\",\"position\":1,\"name\":\"\u0413\u043b\u0430\u0432\u043d\u0430\u044f\",\"item\":\"https:\\\/\\\/gohike.lv\\\/ru\\\/\"},{\"@type\":\"ListItem\",\"position\":2,\"name\":\"\u041a\u0430\u0442\u0435\u0433\u043e\u0440\u0438\u0438 \u0442\u043e\u0432\u0430\u0440\u043e\u0432\",\"item\":\"https:\\\/\\\/gohike.lv\\\/%d0%ba%d0%b0%d1%82%d0%b5%d0%b3%d0%be%d1%80%d0%b8%d0%b8-%d1%82%d0%be%d0%b2%d0%b0%d1%80%d0%be%d0%b2\\\/\"},{\"@type\":\"ListItem\",\"position\":3,\"name\":\"Naturehike &#8211; (Yugu) Ultraviegls pakl\u0101js &#8211; Mummy\"}]},{\"@type\":\"WebSite\",\"@id\":\"https:\\\/\\\/gohike.lv\\\/ru\\\/#website\",\"url\":\"https:\\\/\\\/gohike.lv\\\/ru\\\/\",\"name\":\"GoHike\",\"description\":\"\",\"publisher\":{\"@id\":\"https:\\\/\\\/gohike.lv\\\/ru\\\/#organization\"},\"potentialAction\":[{\"@type\":\"SearchAction\",\"target\":{\"@type\":\"EntryPoint\",\"urlTemplate\":\"https:\\\/\\\/gohike.lv\\\/ru\\\/?s={search_term_string}\"},\"query-input\":{\"@type\":\"PropertyValueSpecification\",\"valueRequired\":true,\"valueName\":\"search_term_string\"}}],\"inLanguage\":\"ru-RU\"},{\"@type\":\"Organization\",\"@id\":\"https:\\\/\\\/gohike.lv\\\/ru\\\/#organization\",\"name\":\"GoHike\",\"url\":\"https:\\\/\\\/gohike.lv\\\/ru\\\/\",\"logo\":{\"@type\":\"ImageObject\",\"inLanguage\":\"ru-RU\",\"@id\":\"https:\\\/\\\/gohike.lv\\\/ru\\\/#\\\/schema\\\/logo\\\/image\\\/\",\"url\":\"https:\\\/\\\/gohike.lv\\\/wp-content\\\/uploads\\\/2023\\\/08\\\/Logo_GoHike.webp\",\"contentUrl\":\"https:\\\/\\\/gohike.lv\\\/wp-content\\\/uploads\\\/2023\\\/08\\\/Logo_GoHike.webp\",\"width\":512,\"height\":512,\"caption\":\"GoHike\"},\"image\":{\"@id\":\"https:\\\/\\\/gohike.lv\\\/ru\\\/#\\\/schema\\\/logo\\\/image\\\/\"},\"sameAs\":[\"https:\\\/\\\/www.facebook.com\\\/gohike.shop\\\/\",\"https:\\\/\\\/www.instagram.com\\\/gohike.shop\\\/\"]}]}<\/script>\n<!-- \/ Yoast SEO plugin. -->","yoast_head_json":{"title":"Naturehike - (Yugu) Ultraviegls pakl\u0101js - Mummy","description":"Izbaudiet miegu svaig\u0101 gais\u0101, izmantojot supervieglu pa\u0161piep\u016b\u0161amu Naturehike Fishbone pakl\u0101ju.","robots":{"index":"index","follow":"follow","max-snippet":"max-snippet:-1","max-image-preview":"max-image-preview:large","max-video-preview":"max-video-preview:-1"},"canonical":"https:\/\/gohike.lv\/ru\/produkts\/naturehike-yugu-superviegls-automatiskais-piepusamais-paklajs-mummy\/","og_locale":"ru_RU","og_type":"article","og_title":"Naturehike - (Yugu) Superviegls autom\u0101tiskais piep\u016b\u0161amais pakl\u0101js - M\u016bmija","og_description":"Izbaudiet miegu svaig\u0101 gais\u0101, izmantojot supervieglu pa\u0161piep\u016b\u0161amu Naturehike Fishbone pakl\u0101ju.","og_url":"https:\/\/gohike.lv\/ru\/produkts\/naturehike-yugu-superviegls-automatiskais-piepusamais-paklajs-mummy\/","og_site_name":"GoHike","article_publisher":"https:\/\/www.facebook.com\/gohike.shop\/","article_modified_time":"2025-12-30T14:25:04+00:00","og_image":[{"width":800,"height":800,"url":"https:\/\/gohike.lv\/wp-content\/uploads\/2024\/03\/Yugu_mummy_grey.webp","type":"image\/webp"}],"twitter_card":"summary_large_image","twitter_title":"Naturehike - (Yugu) Superviegls autom\u0101tiskais piep\u016b\u0161amais pakl\u0101js - M\u016bmija","twitter_misc":{"\u041f\u0440\u0438\u043c\u0435\u0440\u043d\u043e\u0435 \u0432\u0440\u0435\u043c\u044f \u0434\u043b\u044f \u0447\u0442\u0435\u043d\u0438\u044f":"1 \u043c\u0438\u043d\u0443\u0442\u0430"},"schema":{"@context":"https:\/\/schema.org","@graph":[{"@type":["WebPage","ItemPage"],"@id":"https:\/\/gohike.lv\/ru\/produkts\/naturehike-yugu-superviegls-automatiskais-piepusamais-paklajs-mummy\/","url":"https:\/\/gohike.lv\/ru\/produkts\/naturehike-yugu-superviegls-automatiskais-piepusamais-paklajs-mummy\/","name":"Naturehike - (Yugu) Ultraviegls pakl\u0101js - Mummy","isPartOf":{"@id":"https:\/\/gohike.lv\/ru\/#website"},"primaryImageOfPage":{"@id":"https:\/\/gohike.lv\/ru\/produkts\/naturehike-yugu-superviegls-automatiskais-piepusamais-paklajs-mummy\/#primaryimage"},"image":{"@id":"https:\/\/gohike.lv\/ru\/produkts\/naturehike-yugu-superviegls-automatiskais-piepusamais-paklajs-mummy\/#primaryimage"},"thumbnailUrl":"https:\/\/gohike.lv\/wp-content\/uploads\/2024\/03\/Yugu_mummy_grey.webp","datePublished":"2024-05-09T12:08:25+00:00","dateModified":"2025-12-30T14:25:04+00:00","description":"Izbaudiet miegu svaig\u0101 gais\u0101, izmantojot supervieglu pa\u0161piep\u016b\u0161amu Naturehike Fishbone pakl\u0101ju.","breadcrumb":{"@id":"https:\/\/gohike.lv\/ru\/produkts\/naturehike-yugu-superviegls-automatiskais-piepusamais-paklajs-mummy\/#breadcrumb"},"inLanguage":"ru-RU","potentialAction":[{"@type":"ReadAction","target":["https:\/\/gohike.lv\/ru\/produkts\/naturehike-yugu-superviegls-automatiskais-piepusamais-paklajs-mummy\/"]}]},{"@type":"ImageObject","inLanguage":"ru-RU","@id":"https:\/\/gohike.lv\/ru\/produkts\/naturehike-yugu-superviegls-automatiskais-piepusamais-paklajs-mummy\/#primaryimage","url":"https:\/\/gohike.lv\/wp-content\/uploads\/2024\/03\/Yugu_mummy_grey.webp","contentUrl":"https:\/\/gohike.lv\/wp-content\/uploads\/2024\/03\/Yugu_mummy_grey.webp","width":800,"height":800},{"@type":"BreadcrumbList","@id":"https:\/\/gohike.lv\/ru\/produkts\/naturehike-yugu-superviegls-automatiskais-piepusamais-paklajs-mummy\/#breadcrumb","itemListElement":[{"@type":"ListItem","position":1,"name":"\u0413\u043b\u0430\u0432\u043d\u0430\u044f","item":"https:\/\/gohike.lv\/ru\/"},{"@type":"ListItem","position":2,"name":"\u041a\u0430\u0442\u0435\u0433\u043e\u0440\u0438\u0438 \u0442\u043e\u0432\u0430\u0440\u043e\u0432","item":"https:\/\/gohike.lv\/%d0%ba%d0%b0%d1%82%d0%b5%d0%b3%d0%be%d1%80%d0%b8%d0%b8-%d1%82%d0%be%d0%b2%d0%b0%d1%80%d0%be%d0%b2\/"},{"@type":"ListItem","position":3,"name":"Naturehike &#8211; (Yugu) Ultraviegls pakl\u0101js &#8211; Mummy"}]},{"@type":"WebSite","@id":"https:\/\/gohike.lv\/ru\/#website","url":"https:\/\/gohike.lv\/ru\/","name":"GoHike","description":"","publisher":{"@id":"https:\/\/gohike.lv\/ru\/#organization"},"potentialAction":[{"@type":"SearchAction","target":{"@type":"EntryPoint","urlTemplate":"https:\/\/gohike.lv\/ru\/?s={search_term_string}"},"query-input":{"@type":"PropertyValueSpecification","valueRequired":true,"valueName":"search_term_string"}}],"inLanguage":"ru-RU"},{"@type":"Organization","@id":"https:\/\/gohike.lv\/ru\/#organization","name":"GoHike","url":"https:\/\/gohike.lv\/ru\/","logo":{"@type":"ImageObject","inLanguage":"ru-RU","@id":"https:\/\/gohike.lv\/ru\/#\/schema\/logo\/image\/","url":"https:\/\/gohike.lv\/wp-content\/uploads\/2023\/08\/Logo_GoHike.webp","contentUrl":"https:\/\/gohike.lv\/wp-content\/uploads\/2023\/08\/Logo_GoHike.webp","width":512,"height":512,"caption":"GoHike"},"image":{"@id":"https:\/\/gohike.lv\/ru\/#\/schema\/logo\/image\/"},"sameAs":["https:\/\/www.facebook.com\/gohike.shop\/","https:\/\/www.instagram.com\/gohike.shop\/"]}]}},"jetpack_sharing_enabled":true,"_links":{"self":[{"href":"https:\/\/gohike.lv\/ru\/wp-json\/wp\/v2\/product\/54167","targetHints":{"allow":["GET"]}}],"collection":[{"href":"https:\/\/gohike.lv\/ru\/wp-json\/wp\/v2\/product"}],"about":[{"href":"https:\/\/gohike.lv\/ru\/wp-json\/wp\/v2\/types\/product"}],"version-history":[{"count":0,"href":"https:\/\/gohike.lv\/ru\/wp-json\/wp\/v2\/product\/54167\/revisions"}],"wp:featuredmedia":[{"embeddable":true,"href":"https:\/\/gohike.lv\/ru\/wp-json\/wp\/v2\/media\/25810"}],"wp:attachment":[{"href":"https:\/\/gohike.lv\/ru\/wp-json\/wp\/v2\/media?parent=54167"}],"wp:term":[{"taxonomy":"product_brand","embeddable":true,"href":"https:\/\/gohike.lv\/ru\/wp-json\/wp\/v2\/product_brand?post=54167"},{"taxonomy":"product_cat","embeddable":true,"href":"https:\/\/gohike.lv\/ru\/wp-json\/wp\/v2\/product_cat?post=54167"},{"taxonomy":"product_tag","embeddable":true,"href":"https:\/\/gohike.lv\/ru\/wp-json\/wp\/v2\/product_tag?post=54167"}],"curies":[{"name":"wp","href":"https:\/\/api.w.org\/{rel}","templated":true}]}}