{"id":54159,"date":"2024-05-09T15:01:21","date_gmt":"2024-05-09T12:01:21","guid":{"rendered":"https:\/\/gohike.lv\/produkts\/naturehike-divvietigais-paklajs-ar-spilvenu\/"},"modified":"2025-12-30T17:25:04","modified_gmt":"2025-12-30T14:25:04","slug":"naturehike-divvietigais-paklajs-ar-spilvenu","status":"publish","type":"product","link":"https:\/\/gohike.lv\/ru\/produkts\/naturehike-divvietigais-paklajs-ar-spilvenu\/","title":{"rendered":"Naturehike &#8212; Divviet\u012bgs pakl\u0101js ar spilvenu"},"content":{"rendered":"<p>\u0160\u012b pakl\u0101ja biezums ir tikai 3 cm, ta\u010du tas nodro\u0161ina komfortablu atp\u016btu br\u012bv\u0101 dab\u0101.<br \/>\nVirsma ir pat\u012bkam\u0101 dzelten\u0101 kr\u0101s\u0101, iztur\u012bga pret mitrumu, kas \u013cauj matraci izmantot maksim\u0101li ilgi.<br \/>\nPakl\u0101js ir apr\u012bkots ar pa\u0161piep\u016b\u0161an\u0101s tehnolo\u0123iju.<br \/>\nSaloc\u012bt\u0101 veid\u0101 tas ir kompakts un plakans.<br \/>\nRaksturlielumi:<br \/>\nMateri\u0101ls: PVC 190T un s\u016bk\u013cveida sl\u0101nis ar augstu elast\u012bbu;<br \/>\nIzm\u0113ri atloc\u012bt\u0101 veid\u0101: 185 x 132 x 3 cm;<br \/>\nIzm\u0113ri saloc\u012bt\u0101 veid\u0101: 24 x 65 cm;<br \/>\nKr\u0101sa: dzeltena;<br \/>\nSvars: 2300 g.<\/p>\n","protected":false},"excerpt":{"rendered":"<p>Naturehike pa\u0161piep\u016b\u0161amais pakl\u0101js paredz\u0113ts diviem cilv\u0113kiem.<\/p>\n","protected":false},"featured_media":25763,"template":"","meta":[],"product_brand":[167],"product_cat":[1510],"product_tag":[],"class_list":{"0":"post-54159","1":"product","2":"type-product","3":"status-publish","4":"has-post-thumbnail","6":"product_brand-naturehike-lv","7":"product_cat-paklajini-un-spilveni","8":"pa_izmeriscm-9966","9":"pa_materiali-190t-pvc-un-suklslanis","10":"pa_produkta-tips-paklajini","11":"pa_r-vertiba-8780","12":"pa_spalva-dzeltens","13":"pa_spalva-zils","15":"first","16":"instock","17":"taxable","18":"shipping-taxable","19":"purchasable","20":"product-type-variable","21":"has-default-attributes"},"raw_content":{"name":"Naturehike - Divviet\u012bgs pakl\u0101js ar spilvenu","description":"\u0160\u012b pakl\u0101ja biezums ir tikai 3 cm, ta\u010du tas nodro\u0161ina komfortablu atp\u016btu br\u012bv\u0101 dab\u0101.\nVirsma ir pat\u012bkam\u0101 dzelten\u0101 kr\u0101s\u0101, iztur\u012bga pret mitrumu, kas \u013cauj matraci izmantot maksim\u0101li ilgi.\nPakl\u0101js ir apr\u012bkots ar pa\u0161piep\u016b\u0161an\u0101s tehnolo\u0123iju.\nSaloc\u012bt\u0101 veid\u0101 tas ir kompakts un plakans.\nRaksturlielumi:\nMateri\u0101ls: PVC 190T un s\u016bk\u013cveida sl\u0101nis ar augstu elast\u012bbu;\nIzm\u0113ri atloc\u012bt\u0101 veid\u0101: 185 x 132 x 3 cm;\nIzm\u0113ri saloc\u012bt\u0101 veid\u0101: 24 x 65 cm;\nKr\u0101sa: dzeltena;\nSvars: 2300 g.","short_description":"Naturehike pa\u0161piep\u016b\u0161amais pakl\u0101js paredz\u0113ts diviem cilv\u0113kiem.","status":"publish","sku":"nat000024","original":54159},"wpml":{"translation_type":1,"has_translations":true,"original":54159,"duplicates":[],"translations":{"lv":54159,"en":67364,"ru":null}},"supplier_id":null,"supplier_sku":"","barcode":null,"atum_controlled":true,"out_stock_date":null,"out_stock_threshold":null,"inheritable":false,"inbound_stock":0,"stock_on_hold":0,"sold_today":0,"sales_last_days":0,"reserved_stock":0,"customer_returns":0,"warehouse_damage":0,"lost_in_post":0,"other_logs":0,"out_stock_days":0,"lost_sales":0,"has_location":null,"update_date":"2025-12-30T14:30:36","atum_locations":[],"atum_stock_status":"instock","restock_status":false,"low_stock_amount":"","sales_update_date":"2025-11-13T14:07:56","calc_backorders":null,"yoast_head":"<!-- This site is optimized with the Yoast SEO plugin v27.3 - https:\/\/yoast.com\/product\/yoast-seo-wordpress\/ -->\n<title>Naturehike - Divviet\u012bgs pakl\u0101js ar spilvenu<\/title>\n<meta name=\"description\" content=\"Naturehike pa\u0161piep\u016b\u0161amais pakl\u0101js paredz\u0113ts diviem cilv\u0113kiem. Virsma ir pat\u012bkam\u0101 dzelten\u0101 kr\u0101s\u0101, iztur\u012bga pret mitrumu.\" \/>\n<meta name=\"robots\" content=\"index, follow, max-snippet:-1, max-image-preview:large, max-video-preview:-1\" \/>\n<link rel=\"canonical\" href=\"https:\/\/gohike.lv\/ru\/produkts\/naturehike-divvietigais-paklajs-ar-spilvenu\/\" \/>\n<meta property=\"og:locale\" content=\"ru_RU\" \/>\n<meta property=\"og:type\" content=\"article\" \/>\n<meta property=\"og:title\" content=\"Naturehike - Divviet\u012bgais pakl\u0101js ar spilvenu\" \/>\n<meta property=\"og:description\" content=\"Naturehike pa\u0161piep\u016b\u0161amais pakl\u0101js paredz\u0113ts diviem cilv\u0113kiem. Virsma ir pat\u012bkam\u0101 dzelten\u0101 kr\u0101s\u0101, iztur\u012bga pret mitrumu.\" \/>\n<meta property=\"og:url\" content=\"https:\/\/gohike.lv\/ru\/produkts\/naturehike-divvietigais-paklajs-ar-spilvenu\/\" \/>\n<meta property=\"og:site_name\" content=\"GoHike\" \/>\n<meta property=\"article:publisher\" content=\"https:\/\/www.facebook.com\/gohike.shop\/\" \/>\n<meta property=\"article:modified_time\" content=\"2025-12-30T14:25:04+00:00\" \/>\n<meta property=\"og:image\" content=\"https:\/\/gohike.lv\/wp-content\/uploads\/2024\/03\/DoubleWithPillow_yellow.webp\" \/>\n\t<meta property=\"og:image:width\" content=\"720\" \/>\n\t<meta property=\"og:image:height\" content=\"720\" \/>\n\t<meta property=\"og:image:type\" content=\"image\/webp\" \/>\n<meta name=\"twitter:card\" content=\"summary_large_image\" \/>\n<meta name=\"twitter:title\" content=\"Naturehike - Divviet\u012bgais pakl\u0101js ar spilvenu\" \/>\n<meta name=\"twitter:label1\" content=\"\u041f\u0440\u0438\u043c\u0435\u0440\u043d\u043e\u0435 \u0432\u0440\u0435\u043c\u044f \u0434\u043b\u044f \u0447\u0442\u0435\u043d\u0438\u044f\" \/>\n\t<meta name=\"twitter:data1\" content=\"1 \u043c\u0438\u043d\u0443\u0442\u0430\" \/>\n<script type=\"application\/ld+json\" class=\"yoast-schema-graph\">{\"@context\":\"https:\\\/\\\/schema.org\",\"@graph\":[{\"@type\":[\"WebPage\",\"ItemPage\"],\"@id\":\"https:\\\/\\\/gohike.lv\\\/ru\\\/produkts\\\/naturehike-divvietigais-paklajs-ar-spilvenu\\\/\",\"url\":\"https:\\\/\\\/gohike.lv\\\/ru\\\/produkts\\\/naturehike-divvietigais-paklajs-ar-spilvenu\\\/\",\"name\":\"Naturehike - Divviet\u012bgs pakl\u0101js ar spilvenu\",\"isPartOf\":{\"@id\":\"https:\\\/\\\/gohike.lv\\\/ru\\\/#website\"},\"primaryImageOfPage\":{\"@id\":\"https:\\\/\\\/gohike.lv\\\/ru\\\/produkts\\\/naturehike-divvietigais-paklajs-ar-spilvenu\\\/#primaryimage\"},\"image\":{\"@id\":\"https:\\\/\\\/gohike.lv\\\/ru\\\/produkts\\\/naturehike-divvietigais-paklajs-ar-spilvenu\\\/#primaryimage\"},\"thumbnailUrl\":\"https:\\\/\\\/gohike.lv\\\/wp-content\\\/uploads\\\/2024\\\/03\\\/DoubleWithPillow_yellow.webp\",\"datePublished\":\"2024-05-09T12:01:21+00:00\",\"dateModified\":\"2025-12-30T14:25:04+00:00\",\"description\":\"Naturehike pa\u0161piep\u016b\u0161amais pakl\u0101js paredz\u0113ts diviem cilv\u0113kiem. Virsma ir pat\u012bkam\u0101 dzelten\u0101 kr\u0101s\u0101, iztur\u012bga pret mitrumu.\",\"breadcrumb\":{\"@id\":\"https:\\\/\\\/gohike.lv\\\/ru\\\/produkts\\\/naturehike-divvietigais-paklajs-ar-spilvenu\\\/#breadcrumb\"},\"inLanguage\":\"ru-RU\",\"potentialAction\":[{\"@type\":\"ReadAction\",\"target\":[\"https:\\\/\\\/gohike.lv\\\/ru\\\/produkts\\\/naturehike-divvietigais-paklajs-ar-spilvenu\\\/\"]}]},{\"@type\":\"ImageObject\",\"inLanguage\":\"ru-RU\",\"@id\":\"https:\\\/\\\/gohike.lv\\\/ru\\\/produkts\\\/naturehike-divvietigais-paklajs-ar-spilvenu\\\/#primaryimage\",\"url\":\"https:\\\/\\\/gohike.lv\\\/wp-content\\\/uploads\\\/2024\\\/03\\\/DoubleWithPillow_yellow.webp\",\"contentUrl\":\"https:\\\/\\\/gohike.lv\\\/wp-content\\\/uploads\\\/2024\\\/03\\\/DoubleWithPillow_yellow.webp\",\"width\":720,\"height\":720},{\"@type\":\"BreadcrumbList\",\"@id\":\"https:\\\/\\\/gohike.lv\\\/ru\\\/produkts\\\/naturehike-divvietigais-paklajs-ar-spilvenu\\\/#breadcrumb\",\"itemListElement\":[{\"@type\":\"ListItem\",\"position\":1,\"name\":\"\u0413\u043b\u0430\u0432\u043d\u0430\u044f\",\"item\":\"https:\\\/\\\/gohike.lv\\\/ru\\\/\"},{\"@type\":\"ListItem\",\"position\":2,\"name\":\"\u041a\u0430\u0442\u0435\u0433\u043e\u0440\u0438\u0438 \u0442\u043e\u0432\u0430\u0440\u043e\u0432\",\"item\":\"https:\\\/\\\/gohike.lv\\\/%d0%ba%d0%b0%d1%82%d0%b5%d0%b3%d0%be%d1%80%d0%b8%d0%b8-%d1%82%d0%be%d0%b2%d0%b0%d1%80%d0%be%d0%b2\\\/\"},{\"@type\":\"ListItem\",\"position\":3,\"name\":\"Naturehike &#8211; Divviet\u012bgs pakl\u0101js ar spilvenu\"}]},{\"@type\":\"WebSite\",\"@id\":\"https:\\\/\\\/gohike.lv\\\/ru\\\/#website\",\"url\":\"https:\\\/\\\/gohike.lv\\\/ru\\\/\",\"name\":\"GoHike\",\"description\":\"\",\"publisher\":{\"@id\":\"https:\\\/\\\/gohike.lv\\\/ru\\\/#organization\"},\"potentialAction\":[{\"@type\":\"SearchAction\",\"target\":{\"@type\":\"EntryPoint\",\"urlTemplate\":\"https:\\\/\\\/gohike.lv\\\/ru\\\/?s={search_term_string}\"},\"query-input\":{\"@type\":\"PropertyValueSpecification\",\"valueRequired\":true,\"valueName\":\"search_term_string\"}}],\"inLanguage\":\"ru-RU\"},{\"@type\":\"Organization\",\"@id\":\"https:\\\/\\\/gohike.lv\\\/ru\\\/#organization\",\"name\":\"GoHike\",\"url\":\"https:\\\/\\\/gohike.lv\\\/ru\\\/\",\"logo\":{\"@type\":\"ImageObject\",\"inLanguage\":\"ru-RU\",\"@id\":\"https:\\\/\\\/gohike.lv\\\/ru\\\/#\\\/schema\\\/logo\\\/image\\\/\",\"url\":\"https:\\\/\\\/gohike.lv\\\/wp-content\\\/uploads\\\/2023\\\/08\\\/Logo_GoHike.webp\",\"contentUrl\":\"https:\\\/\\\/gohike.lv\\\/wp-content\\\/uploads\\\/2023\\\/08\\\/Logo_GoHike.webp\",\"width\":512,\"height\":512,\"caption\":\"GoHike\"},\"image\":{\"@id\":\"https:\\\/\\\/gohike.lv\\\/ru\\\/#\\\/schema\\\/logo\\\/image\\\/\"},\"sameAs\":[\"https:\\\/\\\/www.facebook.com\\\/gohike.shop\\\/\",\"https:\\\/\\\/www.instagram.com\\\/gohike.shop\\\/\"]}]}<\/script>\n<!-- \/ Yoast SEO plugin. -->","yoast_head_json":{"title":"Naturehike - Divviet\u012bgs pakl\u0101js ar spilvenu","description":"Naturehike pa\u0161piep\u016b\u0161amais pakl\u0101js paredz\u0113ts diviem cilv\u0113kiem. Virsma ir pat\u012bkam\u0101 dzelten\u0101 kr\u0101s\u0101, iztur\u012bga pret mitrumu.","robots":{"index":"index","follow":"follow","max-snippet":"max-snippet:-1","max-image-preview":"max-image-preview:large","max-video-preview":"max-video-preview:-1"},"canonical":"https:\/\/gohike.lv\/ru\/produkts\/naturehike-divvietigais-paklajs-ar-spilvenu\/","og_locale":"ru_RU","og_type":"article","og_title":"Naturehike - Divviet\u012bgais pakl\u0101js ar spilvenu","og_description":"Naturehike pa\u0161piep\u016b\u0161amais pakl\u0101js paredz\u0113ts diviem cilv\u0113kiem. Virsma ir pat\u012bkam\u0101 dzelten\u0101 kr\u0101s\u0101, iztur\u012bga pret mitrumu.","og_url":"https:\/\/gohike.lv\/ru\/produkts\/naturehike-divvietigais-paklajs-ar-spilvenu\/","og_site_name":"GoHike","article_publisher":"https:\/\/www.facebook.com\/gohike.shop\/","article_modified_time":"2025-12-30T14:25:04+00:00","og_image":[{"width":720,"height":720,"url":"https:\/\/gohike.lv\/wp-content\/uploads\/2024\/03\/DoubleWithPillow_yellow.webp","type":"image\/webp"}],"twitter_card":"summary_large_image","twitter_title":"Naturehike - Divviet\u012bgais pakl\u0101js ar spilvenu","twitter_misc":{"\u041f\u0440\u0438\u043c\u0435\u0440\u043d\u043e\u0435 \u0432\u0440\u0435\u043c\u044f \u0434\u043b\u044f \u0447\u0442\u0435\u043d\u0438\u044f":"1 \u043c\u0438\u043d\u0443\u0442\u0430"},"schema":{"@context":"https:\/\/schema.org","@graph":[{"@type":["WebPage","ItemPage"],"@id":"https:\/\/gohike.lv\/ru\/produkts\/naturehike-divvietigais-paklajs-ar-spilvenu\/","url":"https:\/\/gohike.lv\/ru\/produkts\/naturehike-divvietigais-paklajs-ar-spilvenu\/","name":"Naturehike - Divviet\u012bgs pakl\u0101js ar spilvenu","isPartOf":{"@id":"https:\/\/gohike.lv\/ru\/#website"},"primaryImageOfPage":{"@id":"https:\/\/gohike.lv\/ru\/produkts\/naturehike-divvietigais-paklajs-ar-spilvenu\/#primaryimage"},"image":{"@id":"https:\/\/gohike.lv\/ru\/produkts\/naturehike-divvietigais-paklajs-ar-spilvenu\/#primaryimage"},"thumbnailUrl":"https:\/\/gohike.lv\/wp-content\/uploads\/2024\/03\/DoubleWithPillow_yellow.webp","datePublished":"2024-05-09T12:01:21+00:00","dateModified":"2025-12-30T14:25:04+00:00","description":"Naturehike pa\u0161piep\u016b\u0161amais pakl\u0101js paredz\u0113ts diviem cilv\u0113kiem. Virsma ir pat\u012bkam\u0101 dzelten\u0101 kr\u0101s\u0101, iztur\u012bga pret mitrumu.","breadcrumb":{"@id":"https:\/\/gohike.lv\/ru\/produkts\/naturehike-divvietigais-paklajs-ar-spilvenu\/#breadcrumb"},"inLanguage":"ru-RU","potentialAction":[{"@type":"ReadAction","target":["https:\/\/gohike.lv\/ru\/produkts\/naturehike-divvietigais-paklajs-ar-spilvenu\/"]}]},{"@type":"ImageObject","inLanguage":"ru-RU","@id":"https:\/\/gohike.lv\/ru\/produkts\/naturehike-divvietigais-paklajs-ar-spilvenu\/#primaryimage","url":"https:\/\/gohike.lv\/wp-content\/uploads\/2024\/03\/DoubleWithPillow_yellow.webp","contentUrl":"https:\/\/gohike.lv\/wp-content\/uploads\/2024\/03\/DoubleWithPillow_yellow.webp","width":720,"height":720},{"@type":"BreadcrumbList","@id":"https:\/\/gohike.lv\/ru\/produkts\/naturehike-divvietigais-paklajs-ar-spilvenu\/#breadcrumb","itemListElement":[{"@type":"ListItem","position":1,"name":"\u0413\u043b\u0430\u0432\u043d\u0430\u044f","item":"https:\/\/gohike.lv\/ru\/"},{"@type":"ListItem","position":2,"name":"\u041a\u0430\u0442\u0435\u0433\u043e\u0440\u0438\u0438 \u0442\u043e\u0432\u0430\u0440\u043e\u0432","item":"https:\/\/gohike.lv\/%d0%ba%d0%b0%d1%82%d0%b5%d0%b3%d0%be%d1%80%d0%b8%d0%b8-%d1%82%d0%be%d0%b2%d0%b0%d1%80%d0%be%d0%b2\/"},{"@type":"ListItem","position":3,"name":"Naturehike &#8211; Divviet\u012bgs pakl\u0101js ar spilvenu"}]},{"@type":"WebSite","@id":"https:\/\/gohike.lv\/ru\/#website","url":"https:\/\/gohike.lv\/ru\/","name":"GoHike","description":"","publisher":{"@id":"https:\/\/gohike.lv\/ru\/#organization"},"potentialAction":[{"@type":"SearchAction","target":{"@type":"EntryPoint","urlTemplate":"https:\/\/gohike.lv\/ru\/?s={search_term_string}"},"query-input":{"@type":"PropertyValueSpecification","valueRequired":true,"valueName":"search_term_string"}}],"inLanguage":"ru-RU"},{"@type":"Organization","@id":"https:\/\/gohike.lv\/ru\/#organization","name":"GoHike","url":"https:\/\/gohike.lv\/ru\/","logo":{"@type":"ImageObject","inLanguage":"ru-RU","@id":"https:\/\/gohike.lv\/ru\/#\/schema\/logo\/image\/","url":"https:\/\/gohike.lv\/wp-content\/uploads\/2023\/08\/Logo_GoHike.webp","contentUrl":"https:\/\/gohike.lv\/wp-content\/uploads\/2023\/08\/Logo_GoHike.webp","width":512,"height":512,"caption":"GoHike"},"image":{"@id":"https:\/\/gohike.lv\/ru\/#\/schema\/logo\/image\/"},"sameAs":["https:\/\/www.facebook.com\/gohike.shop\/","https:\/\/www.instagram.com\/gohike.shop\/"]}]}},"jetpack_sharing_enabled":true,"_links":{"self":[{"href":"https:\/\/gohike.lv\/ru\/wp-json\/wp\/v2\/product\/54159","targetHints":{"allow":["GET"]}}],"collection":[{"href":"https:\/\/gohike.lv\/ru\/wp-json\/wp\/v2\/product"}],"about":[{"href":"https:\/\/gohike.lv\/ru\/wp-json\/wp\/v2\/types\/product"}],"version-history":[{"count":0,"href":"https:\/\/gohike.lv\/ru\/wp-json\/wp\/v2\/product\/54159\/revisions"}],"wp:featuredmedia":[{"embeddable":true,"href":"https:\/\/gohike.lv\/ru\/wp-json\/wp\/v2\/media\/25763"}],"wp:attachment":[{"href":"https:\/\/gohike.lv\/ru\/wp-json\/wp\/v2\/media?parent=54159"}],"wp:term":[{"taxonomy":"product_brand","embeddable":true,"href":"https:\/\/gohike.lv\/ru\/wp-json\/wp\/v2\/product_brand?post=54159"},{"taxonomy":"product_cat","embeddable":true,"href":"https:\/\/gohike.lv\/ru\/wp-json\/wp\/v2\/product_cat?post=54159"},{"taxonomy":"product_tag","embeddable":true,"href":"https:\/\/gohike.lv\/ru\/wp-json\/wp\/v2\/product_tag?post=54159"}],"curies":[{"name":"wp","href":"https:\/\/api.w.org\/{rel}","templated":true}]}}