{"id":54150,"date":"2024-05-09T15:01:21","date_gmt":"2024-05-09T12:01:21","guid":{"rendered":"https:\/\/gohike.lv\/produkts\/naturehike-paspiepusamais-paklajs\/"},"modified":"2026-02-02T19:55:16","modified_gmt":"2026-02-02T16:55:16","slug":"naturehike-paspiepusams-paklajs","status":"publish","type":"product","link":"https:\/\/gohike.lv\/ru\/produkts\/naturehike-paspiepusams-paklajs\/","title":{"rendered":"Naturehike &#8212; D03 Pa\u0161piep\u016b\u0161ams pakl\u0101js (50mm)"},"content":{"rendered":"<p>Matracis ir pietiekami vienk\u0101r\u0161i transport\u0113jams un viegli atritin\u0101ms.<br \/>\nNaturehike matrac\u012b izmanto speci\u0101las putas, kas atk\u0101rto \u0137erme\u0146a formu.<br \/>\nTas pal\u012bdz\u0113s \u0101tri atsl\u0101bin\u0101ties un aizmigt.<br \/>\nMatracis ir izgatavots no neilona 190T un s\u016bk\u013ca, kas ir hidrofobs un viegls.<br \/>\nLiela priek\u0161roc\u012bba ir iesp\u0113ja to kompakti saloc\u012bt.<br \/>\nLai sagatavotu matraci nav nepiecie\u0161ams s\u016bknis, vienk\u0101r\u0161i j\u0101pagrie\u017e rot\u0113jo\u0161\u0101 ier\u012bce, un matracis autom\u0101tiski piep\u016bt\u012bsies tikai 3-5 min\u016b\u0161u laik\u0101.<br \/>\nKomplekt\u0101 p\u0101rvalks \u0113rtai uzglab\u0101\u0161anai.<br \/>\nRaksturlielumi:<br \/>\nMatra\u010da izm\u0113ri: 200 x 63 x 5 cm;<br \/>\nDubultv\u0101rsta konstrukcija;<br \/>\nSvars: 1,85 kg;<br \/>\nKr\u0101sa: b\u0113\u0161a;<br \/>\nIzgatavots no neilona un spon\u017ea 190T;<br \/>\nIzm\u0113ri saloc\u012bt\u0101 veid\u0101: 34 x 24 cm;<br \/>\nTilpums: 6,92 l.<\/p>\n","protected":false},"excerpt":{"rendered":"<p>Naturehike kempinga matracis.<\/p>\n","protected":false},"featured_media":27372,"template":"","meta":[],"product_brand":[167],"product_cat":[1510],"product_tag":[],"class_list":{"0":"post-54150","1":"product","2":"type-product","3":"status-publish","4":"has-post-thumbnail","6":"product_brand-naturehike-lv","7":"product_cat-paklajini-un-spilveni","8":"pa_izmeriscm-9968","9":"pa_materiali-neilons","10":"pa_materiali-suklis-190t","11":"pa_produkta-tips-paklajini","12":"pa_r-vertiba-3-5","13":"pa_spalva-armijas-zals","14":"pa_spalva-haki","15":"pa_spalva-tumsi-peleks","17":"first","18":"instock","19":"taxable","20":"shipping-taxable","21":"purchasable","22":"product-type-variable"},"raw_content":{"name":"Naturehike - D03 Pa\u0161piep\u016b\u0161ams pakl\u0101js (50mm)","description":"Matracis ir pietiekami vienk\u0101r\u0161i transport\u0113jams un viegli atritin\u0101ms.\nNaturehike matrac\u012b izmanto speci\u0101las putas, kas atk\u0101rto \u0137erme\u0146a formu.\nTas pal\u012bdz\u0113s \u0101tri atsl\u0101bin\u0101ties un aizmigt.\nMatracis ir izgatavots no neilona 190T un s\u016bk\u013ca, kas ir hidrofobs un viegls.\nLiela priek\u0161roc\u012bba ir iesp\u0113ja to kompakti saloc\u012bt.\nLai sagatavotu matraci nav nepiecie\u0161ams s\u016bknis, vienk\u0101r\u0161i j\u0101pagrie\u017e rot\u0113jo\u0161\u0101 ier\u012bce, un matracis autom\u0101tiski piep\u016bt\u012bsies tikai 3-5 min\u016b\u0161u laik\u0101.\nKomplekt\u0101 p\u0101rvalks \u0113rtai uzglab\u0101\u0161anai.\nRaksturlielumi:\nMatra\u010da izm\u0113ri: 200 x 63 x 5 cm;\nDubultv\u0101rsta konstrukcija;\nSvars: 1,85 kg;\nKr\u0101sa: b\u0113\u0161a;\nIzgatavots no neilona un spon\u017ea 190T;\nIzm\u0113ri saloc\u012bt\u0101 veid\u0101: 34 x 24 cm;\nTilpums: 6,92 l.","short_description":"Naturehike kempinga matracis.","status":"publish","sku":"nat000022","original":54150},"wpml":{"translation_type":1,"has_translations":true,"original":54150,"duplicates":[],"translations":{"lv":54150,"en":67376,"ru":null}},"supplier_id":null,"supplier_sku":"","barcode":null,"atum_controlled":true,"out_stock_date":null,"out_stock_threshold":null,"inheritable":false,"inbound_stock":0,"stock_on_hold":0,"sold_today":0,"sales_last_days":0,"reserved_stock":0,"customer_returns":0,"warehouse_damage":0,"lost_in_post":0,"other_logs":0,"out_stock_days":0,"lost_sales":0,"has_location":null,"update_date":"2025-12-30T14:30:36","atum_locations":[],"atum_stock_status":"instock","restock_status":false,"low_stock_amount":"","sales_update_date":"2025-11-13T14:07:40","calc_backorders":null,"yoast_head":"<!-- This site is optimized with the Yoast SEO plugin v27.3 - https:\/\/yoast.com\/product\/yoast-seo-wordpress\/ -->\n<title>Naturehike - D03 Pa\u0161piep\u016b\u0161ams pakl\u0101js<\/title>\n<meta name=\"description\" content=\"Naturehike kempinga matracis. Matracis ir izgatavots no neilona 190T un s\u016bk\u013ca, kas ir hidrofobs un viegls.\" \/>\n<meta name=\"robots\" content=\"index, follow, max-snippet:-1, max-image-preview:large, max-video-preview:-1\" \/>\n<link rel=\"canonical\" href=\"https:\/\/gohike.lv\/ru\/produkts\/naturehike-paspiepusams-paklajs\/\" \/>\n<meta property=\"og:locale\" content=\"ru_RU\" \/>\n<meta property=\"og:type\" content=\"article\" \/>\n<meta property=\"og:title\" content=\"Naturehike - Pa\u0161piep\u016b\u0161amais pakl\u0101js\" \/>\n<meta property=\"og:description\" content=\"Naturehike kempinga matracis. Matracis ir izgatavots no neilona 190T un s\u016bk\u013ca, kas ir hidrofobs un viegls.\" \/>\n<meta property=\"og:url\" content=\"https:\/\/gohike.lv\/ru\/produkts\/naturehike-paspiepusams-paklajs\/\" \/>\n<meta property=\"og:site_name\" content=\"GoHike\" \/>\n<meta property=\"article:publisher\" content=\"https:\/\/www.facebook.com\/gohike.shop\/\" \/>\n<meta property=\"article:modified_time\" content=\"2026-02-02T16:55:16+00:00\" \/>\n<meta property=\"og:image\" content=\"https:\/\/gohike.lv\/wp-content\/uploads\/2024\/04\/Spliced_Self_mat_green-1.webp\" \/>\n\t<meta property=\"og:image:width\" content=\"720\" \/>\n\t<meta property=\"og:image:height\" content=\"720\" \/>\n\t<meta property=\"og:image:type\" content=\"image\/webp\" \/>\n<meta name=\"twitter:card\" content=\"summary_large_image\" \/>\n<meta name=\"twitter:title\" content=\"Naturehike - Pa\u0161piep\u016b\u0161amais pakl\u0101js\" \/>\n<meta name=\"twitter:label1\" content=\"\u041f\u0440\u0438\u043c\u0435\u0440\u043d\u043e\u0435 \u0432\u0440\u0435\u043c\u044f \u0434\u043b\u044f \u0447\u0442\u0435\u043d\u0438\u044f\" \/>\n\t<meta name=\"twitter:data1\" content=\"1 \u043c\u0438\u043d\u0443\u0442\u0430\" \/>\n<script type=\"application\/ld+json\" class=\"yoast-schema-graph\">{\"@context\":\"https:\\\/\\\/schema.org\",\"@graph\":[{\"@type\":[\"WebPage\",\"ItemPage\"],\"@id\":\"https:\\\/\\\/gohike.lv\\\/ru\\\/produkts\\\/naturehike-paspiepusams-paklajs\\\/\",\"url\":\"https:\\\/\\\/gohike.lv\\\/ru\\\/produkts\\\/naturehike-paspiepusams-paklajs\\\/\",\"name\":\"Naturehike - D03 Pa\u0161piep\u016b\u0161ams pakl\u0101js\",\"isPartOf\":{\"@id\":\"https:\\\/\\\/gohike.lv\\\/ru\\\/#website\"},\"primaryImageOfPage\":{\"@id\":\"https:\\\/\\\/gohike.lv\\\/ru\\\/produkts\\\/naturehike-paspiepusams-paklajs\\\/#primaryimage\"},\"image\":{\"@id\":\"https:\\\/\\\/gohike.lv\\\/ru\\\/produkts\\\/naturehike-paspiepusams-paklajs\\\/#primaryimage\"},\"thumbnailUrl\":\"https:\\\/\\\/gohike.lv\\\/wp-content\\\/uploads\\\/2024\\\/04\\\/Spliced_Self_mat_green-1.webp\",\"datePublished\":\"2024-05-09T12:01:21+00:00\",\"dateModified\":\"2026-02-02T16:55:16+00:00\",\"description\":\"Naturehike kempinga matracis. Matracis ir izgatavots no neilona 190T un s\u016bk\u013ca, kas ir hidrofobs un viegls.\",\"breadcrumb\":{\"@id\":\"https:\\\/\\\/gohike.lv\\\/ru\\\/produkts\\\/naturehike-paspiepusams-paklajs\\\/#breadcrumb\"},\"inLanguage\":\"ru-RU\",\"potentialAction\":[{\"@type\":\"ReadAction\",\"target\":[\"https:\\\/\\\/gohike.lv\\\/ru\\\/produkts\\\/naturehike-paspiepusams-paklajs\\\/\"]}]},{\"@type\":\"ImageObject\",\"inLanguage\":\"ru-RU\",\"@id\":\"https:\\\/\\\/gohike.lv\\\/ru\\\/produkts\\\/naturehike-paspiepusams-paklajs\\\/#primaryimage\",\"url\":\"https:\\\/\\\/gohike.lv\\\/wp-content\\\/uploads\\\/2024\\\/04\\\/Spliced_Self_mat_green-1.webp\",\"contentUrl\":\"https:\\\/\\\/gohike.lv\\\/wp-content\\\/uploads\\\/2024\\\/04\\\/Spliced_Self_mat_green-1.webp\",\"width\":720,\"height\":720},{\"@type\":\"BreadcrumbList\",\"@id\":\"https:\\\/\\\/gohike.lv\\\/ru\\\/produkts\\\/naturehike-paspiepusams-paklajs\\\/#breadcrumb\",\"itemListElement\":[{\"@type\":\"ListItem\",\"position\":1,\"name\":\"\u0413\u043b\u0430\u0432\u043d\u0430\u044f\",\"item\":\"https:\\\/\\\/gohike.lv\\\/ru\\\/\"},{\"@type\":\"ListItem\",\"position\":2,\"name\":\"\u041a\u0430\u0442\u0435\u0433\u043e\u0440\u0438\u0438 \u0442\u043e\u0432\u0430\u0440\u043e\u0432\",\"item\":\"https:\\\/\\\/gohike.lv\\\/%d0%ba%d0%b0%d1%82%d0%b5%d0%b3%d0%be%d1%80%d0%b8%d0%b8-%d1%82%d0%be%d0%b2%d0%b0%d1%80%d0%be%d0%b2\\\/\"},{\"@type\":\"ListItem\",\"position\":3,\"name\":\"Naturehike &#8211; D03 Pa\u0161piep\u016b\u0161ams pakl\u0101js (50mm)\"}]},{\"@type\":\"WebSite\",\"@id\":\"https:\\\/\\\/gohike.lv\\\/ru\\\/#website\",\"url\":\"https:\\\/\\\/gohike.lv\\\/ru\\\/\",\"name\":\"GoHike\",\"description\":\"\",\"publisher\":{\"@id\":\"https:\\\/\\\/gohike.lv\\\/ru\\\/#organization\"},\"potentialAction\":[{\"@type\":\"SearchAction\",\"target\":{\"@type\":\"EntryPoint\",\"urlTemplate\":\"https:\\\/\\\/gohike.lv\\\/ru\\\/?s={search_term_string}\"},\"query-input\":{\"@type\":\"PropertyValueSpecification\",\"valueRequired\":true,\"valueName\":\"search_term_string\"}}],\"inLanguage\":\"ru-RU\"},{\"@type\":\"Organization\",\"@id\":\"https:\\\/\\\/gohike.lv\\\/ru\\\/#organization\",\"name\":\"GoHike\",\"url\":\"https:\\\/\\\/gohike.lv\\\/ru\\\/\",\"logo\":{\"@type\":\"ImageObject\",\"inLanguage\":\"ru-RU\",\"@id\":\"https:\\\/\\\/gohike.lv\\\/ru\\\/#\\\/schema\\\/logo\\\/image\\\/\",\"url\":\"https:\\\/\\\/gohike.lv\\\/wp-content\\\/uploads\\\/2023\\\/08\\\/Logo_GoHike.webp\",\"contentUrl\":\"https:\\\/\\\/gohike.lv\\\/wp-content\\\/uploads\\\/2023\\\/08\\\/Logo_GoHike.webp\",\"width\":512,\"height\":512,\"caption\":\"GoHike\"},\"image\":{\"@id\":\"https:\\\/\\\/gohike.lv\\\/ru\\\/#\\\/schema\\\/logo\\\/image\\\/\"},\"sameAs\":[\"https:\\\/\\\/www.facebook.com\\\/gohike.shop\\\/\",\"https:\\\/\\\/www.instagram.com\\\/gohike.shop\\\/\"]}]}<\/script>\n<!-- \/ Yoast SEO plugin. -->","yoast_head_json":{"title":"Naturehike - D03 Pa\u0161piep\u016b\u0161ams pakl\u0101js","description":"Naturehike kempinga matracis. Matracis ir izgatavots no neilona 190T un s\u016bk\u013ca, kas ir hidrofobs un viegls.","robots":{"index":"index","follow":"follow","max-snippet":"max-snippet:-1","max-image-preview":"max-image-preview:large","max-video-preview":"max-video-preview:-1"},"canonical":"https:\/\/gohike.lv\/ru\/produkts\/naturehike-paspiepusams-paklajs\/","og_locale":"ru_RU","og_type":"article","og_title":"Naturehike - Pa\u0161piep\u016b\u0161amais pakl\u0101js","og_description":"Naturehike kempinga matracis. Matracis ir izgatavots no neilona 190T un s\u016bk\u013ca, kas ir hidrofobs un viegls.","og_url":"https:\/\/gohike.lv\/ru\/produkts\/naturehike-paspiepusams-paklajs\/","og_site_name":"GoHike","article_publisher":"https:\/\/www.facebook.com\/gohike.shop\/","article_modified_time":"2026-02-02T16:55:16+00:00","og_image":[{"width":720,"height":720,"url":"https:\/\/gohike.lv\/wp-content\/uploads\/2024\/04\/Spliced_Self_mat_green-1.webp","type":"image\/webp"}],"twitter_card":"summary_large_image","twitter_title":"Naturehike - Pa\u0161piep\u016b\u0161amais pakl\u0101js","twitter_misc":{"\u041f\u0440\u0438\u043c\u0435\u0440\u043d\u043e\u0435 \u0432\u0440\u0435\u043c\u044f \u0434\u043b\u044f \u0447\u0442\u0435\u043d\u0438\u044f":"1 \u043c\u0438\u043d\u0443\u0442\u0430"},"schema":{"@context":"https:\/\/schema.org","@graph":[{"@type":["WebPage","ItemPage"],"@id":"https:\/\/gohike.lv\/ru\/produkts\/naturehike-paspiepusams-paklajs\/","url":"https:\/\/gohike.lv\/ru\/produkts\/naturehike-paspiepusams-paklajs\/","name":"Naturehike - D03 Pa\u0161piep\u016b\u0161ams pakl\u0101js","isPartOf":{"@id":"https:\/\/gohike.lv\/ru\/#website"},"primaryImageOfPage":{"@id":"https:\/\/gohike.lv\/ru\/produkts\/naturehike-paspiepusams-paklajs\/#primaryimage"},"image":{"@id":"https:\/\/gohike.lv\/ru\/produkts\/naturehike-paspiepusams-paklajs\/#primaryimage"},"thumbnailUrl":"https:\/\/gohike.lv\/wp-content\/uploads\/2024\/04\/Spliced_Self_mat_green-1.webp","datePublished":"2024-05-09T12:01:21+00:00","dateModified":"2026-02-02T16:55:16+00:00","description":"Naturehike kempinga matracis. Matracis ir izgatavots no neilona 190T un s\u016bk\u013ca, kas ir hidrofobs un viegls.","breadcrumb":{"@id":"https:\/\/gohike.lv\/ru\/produkts\/naturehike-paspiepusams-paklajs\/#breadcrumb"},"inLanguage":"ru-RU","potentialAction":[{"@type":"ReadAction","target":["https:\/\/gohike.lv\/ru\/produkts\/naturehike-paspiepusams-paklajs\/"]}]},{"@type":"ImageObject","inLanguage":"ru-RU","@id":"https:\/\/gohike.lv\/ru\/produkts\/naturehike-paspiepusams-paklajs\/#primaryimage","url":"https:\/\/gohike.lv\/wp-content\/uploads\/2024\/04\/Spliced_Self_mat_green-1.webp","contentUrl":"https:\/\/gohike.lv\/wp-content\/uploads\/2024\/04\/Spliced_Self_mat_green-1.webp","width":720,"height":720},{"@type":"BreadcrumbList","@id":"https:\/\/gohike.lv\/ru\/produkts\/naturehike-paspiepusams-paklajs\/#breadcrumb","itemListElement":[{"@type":"ListItem","position":1,"name":"\u0413\u043b\u0430\u0432\u043d\u0430\u044f","item":"https:\/\/gohike.lv\/ru\/"},{"@type":"ListItem","position":2,"name":"\u041a\u0430\u0442\u0435\u0433\u043e\u0440\u0438\u0438 \u0442\u043e\u0432\u0430\u0440\u043e\u0432","item":"https:\/\/gohike.lv\/%d0%ba%d0%b0%d1%82%d0%b5%d0%b3%d0%be%d1%80%d0%b8%d0%b8-%d1%82%d0%be%d0%b2%d0%b0%d1%80%d0%be%d0%b2\/"},{"@type":"ListItem","position":3,"name":"Naturehike &#8211; D03 Pa\u0161piep\u016b\u0161ams pakl\u0101js (50mm)"}]},{"@type":"WebSite","@id":"https:\/\/gohike.lv\/ru\/#website","url":"https:\/\/gohike.lv\/ru\/","name":"GoHike","description":"","publisher":{"@id":"https:\/\/gohike.lv\/ru\/#organization"},"potentialAction":[{"@type":"SearchAction","target":{"@type":"EntryPoint","urlTemplate":"https:\/\/gohike.lv\/ru\/?s={search_term_string}"},"query-input":{"@type":"PropertyValueSpecification","valueRequired":true,"valueName":"search_term_string"}}],"inLanguage":"ru-RU"},{"@type":"Organization","@id":"https:\/\/gohike.lv\/ru\/#organization","name":"GoHike","url":"https:\/\/gohike.lv\/ru\/","logo":{"@type":"ImageObject","inLanguage":"ru-RU","@id":"https:\/\/gohike.lv\/ru\/#\/schema\/logo\/image\/","url":"https:\/\/gohike.lv\/wp-content\/uploads\/2023\/08\/Logo_GoHike.webp","contentUrl":"https:\/\/gohike.lv\/wp-content\/uploads\/2023\/08\/Logo_GoHike.webp","width":512,"height":512,"caption":"GoHike"},"image":{"@id":"https:\/\/gohike.lv\/ru\/#\/schema\/logo\/image\/"},"sameAs":["https:\/\/www.facebook.com\/gohike.shop\/","https:\/\/www.instagram.com\/gohike.shop\/"]}]}},"jetpack_sharing_enabled":true,"_links":{"self":[{"href":"https:\/\/gohike.lv\/ru\/wp-json\/wp\/v2\/product\/54150","targetHints":{"allow":["GET"]}}],"collection":[{"href":"https:\/\/gohike.lv\/ru\/wp-json\/wp\/v2\/product"}],"about":[{"href":"https:\/\/gohike.lv\/ru\/wp-json\/wp\/v2\/types\/product"}],"version-history":[{"count":0,"href":"https:\/\/gohike.lv\/ru\/wp-json\/wp\/v2\/product\/54150\/revisions"}],"wp:featuredmedia":[{"embeddable":true,"href":"https:\/\/gohike.lv\/ru\/wp-json\/wp\/v2\/media\/27372"}],"wp:attachment":[{"href":"https:\/\/gohike.lv\/ru\/wp-json\/wp\/v2\/media?parent=54150"}],"wp:term":[{"taxonomy":"product_brand","embeddable":true,"href":"https:\/\/gohike.lv\/ru\/wp-json\/wp\/v2\/product_brand?post=54150"},{"taxonomy":"product_cat","embeddable":true,"href":"https:\/\/gohike.lv\/ru\/wp-json\/wp\/v2\/product_cat?post=54150"},{"taxonomy":"product_tag","embeddable":true,"href":"https:\/\/gohike.lv\/ru\/wp-json\/wp\/v2\/product_tag?post=54150"}],"curies":[{"name":"wp","href":"https:\/\/api.w.org\/{rel}","templated":true}]}}