{"id":54146,"date":"2024-05-09T15:01:21","date_gmt":"2024-05-09T12:01:21","guid":{"rendered":"https:\/\/gohike.lv\/produkts\/naturehike-piepusamais-divans\/"},"modified":"2025-12-30T17:25:04","modified_gmt":"2025-12-30T14:25:04","slug":"naturehike-piepusamais-divans","status":"publish","type":"product","link":"https:\/\/gohike.lv\/ru\/produkts\/naturehike-piepusamais-divans\/","title":{"rendered":"Naturehike &#8212; Piep\u016b\u0161amais d\u012bv\u0101ns"},"content":{"rendered":"<p>Piep\u016b\u0161amais d\u012bv\u0101ns akt\u012bvai atp\u016btai vasar\u0101, ko var izmantot pludmal\u0113 vai kemping\u0101.<br \/>\nTas izgatavots no iztur\u012bga, bet \u013coti viegla poliestera 210 T.<br \/>\nD\u012bv\u0101nam ir viena atvere piep\u016b\u0161anai ar gaisu.<br \/>\nSaloc\u012bt\u0101 veid\u0101 d\u012bv\u0101nu var ievietot komplekt\u0101 eso\u0161aj\u0101 Little som\u0101.<br \/>\nPiep\u016b\u0161amajam d\u012bv\u0101nam nav nepiecie\u0161ama s\u016bk\u0146a izmanto\u0161ana.<br \/>\nT\u0101 piep\u016b\u0161anas process ir sam\u0113r\u0101 vienk\u0101r\u0161s un \u0101trs: lai to izdar\u012btu, j\u0101atver soma un j\u0101p\u0101rvietojas ar to pret v\u0113ja virzienu.<br \/>\nD\u012bv\u0101ns ir \u0113rta atp\u016btas vieta, tas var kalpot k\u0101 alternat\u012bva kr\u0113sliem vai matra\u010diem.<br \/>\nD\u012bv\u0101ns ir izgatavots no materi\u0101la, kas ir iztur\u012bgs pret boj\u0101jumiem un nedeform\u0113jas.<\/p>\n","protected":false},"excerpt":{"rendered":"<p>B\u0113\u0161as kr\u0101sas poliestera d\u012bv\u0101ns. Ide\u0101li piem\u0113rots vasaras atp\u016btai br\u012bv\u0101 dab\u0101.<\/p>\n","protected":false},"featured_media":27358,"template":"","meta":[],"product_brand":[167],"product_cat":[2826],"product_tag":[],"class_list":{"0":"post-54146","1":"product","2":"type-product","3":"status-publish","4":"has-post-thumbnail","6":"product_brand-naturehike-lv","7":"product_cat-piepusamie-matraci","8":"pa_izmeriscm-9975","9":"pa_materiali-audums-no-poliestera-210t","10":"pa_produkta-tips-piepusamie-matraci","11":"pa_spalva-haki","12":"pa_spalva-zals","14":"first","15":"instock","16":"taxable","17":"shipping-taxable","18":"purchasable","19":"product-type-variable"},"raw_content":{"name":"Naturehike - Piep\u016b\u0161amais d\u012bv\u0101ns","description":"Piep\u016b\u0161amais d\u012bv\u0101ns akt\u012bvai atp\u016btai vasar\u0101, ko var izmantot pludmal\u0113 vai kemping\u0101.\nTas izgatavots no iztur\u012bga, bet \u013coti viegla poliestera 210 T.\nD\u012bv\u0101nam ir viena atvere piep\u016b\u0161anai ar gaisu.\nSaloc\u012bt\u0101 veid\u0101 d\u012bv\u0101nu var ievietot komplekt\u0101 eso\u0161aj\u0101 Little som\u0101.\nPiep\u016b\u0161amajam d\u012bv\u0101nam nav nepiecie\u0161ama s\u016bk\u0146a izmanto\u0161ana.\nT\u0101 piep\u016b\u0161anas process ir sam\u0113r\u0101 vienk\u0101r\u0161s un \u0101trs: lai to izdar\u012btu, j\u0101atver soma un j\u0101p\u0101rvietojas ar to pret v\u0113ja virzienu.\nD\u012bv\u0101ns ir \u0113rta atp\u016btas vieta, tas var kalpot k\u0101 alternat\u012bva kr\u0113sliem vai matra\u010diem.\nD\u012bv\u0101ns ir izgatavots no materi\u0101la, kas ir iztur\u012bgs pret boj\u0101jumiem un nedeform\u0113jas.","short_description":"B\u0113\u0161as kr\u0101sas poliestera d\u012bv\u0101ns. Ide\u0101li piem\u0113rots vasaras atp\u016btai br\u012bv\u0101 dab\u0101.","status":"publish","sku":"nat000021","original":54146},"wpml":{"translation_type":1,"has_translations":true,"original":54146,"duplicates":[],"translations":{"lv":54146,"en":67357,"ru":null}},"supplier_id":null,"supplier_sku":"","barcode":null,"atum_controlled":true,"out_stock_date":null,"out_stock_threshold":null,"inheritable":false,"inbound_stock":0,"stock_on_hold":0,"sold_today":0,"sales_last_days":0,"reserved_stock":0,"customer_returns":0,"warehouse_damage":0,"lost_in_post":0,"other_logs":0,"out_stock_days":0,"lost_sales":0,"has_location":null,"update_date":"2025-12-30T14:30:36","atum_locations":[],"atum_stock_status":"instock","restock_status":false,"low_stock_amount":"","sales_update_date":"2025-11-13T14:07:40","calc_backorders":null,"yoast_head":"<!-- This site is optimized with the Yoast SEO plugin v27.3 - https:\/\/yoast.com\/product\/yoast-seo-wordpress\/ -->\n<title>Naturehike - Piep\u016b\u0161amais d\u012bv\u0101ns<\/title>\n<meta name=\"description\" content=\"B\u0113\u0161as kr\u0101sas poliestera d\u012bv\u0101ns. Ide\u0101li piem\u0113rots vasaras atp\u016btai br\u012bv\u0101 dab\u0101.\" \/>\n<meta name=\"robots\" content=\"index, follow, max-snippet:-1, max-image-preview:large, max-video-preview:-1\" \/>\n<link rel=\"canonical\" href=\"https:\/\/gohike.lv\/ru\/produkts\/naturehike-piepusamais-divans\/\" \/>\n<meta property=\"og:locale\" content=\"ru_RU\" \/>\n<meta property=\"og:type\" content=\"article\" \/>\n<meta property=\"og:title\" content=\"Naturehike - Piep\u016b\u0161amais d\u012bv\u0101ns\" \/>\n<meta property=\"og:description\" content=\"B\u0113\u0161as kr\u0101sas poliestera d\u012bv\u0101ns. Ide\u0101li piem\u0113rots vasaras atp\u016btai br\u012bv\u0101 dab\u0101.\" \/>\n<meta property=\"og:url\" content=\"https:\/\/gohike.lv\/ru\/produkts\/naturehike-piepusamais-divans\/\" \/>\n<meta property=\"og:site_name\" content=\"GoHike\" \/>\n<meta property=\"article:publisher\" content=\"https:\/\/www.facebook.com\/gohike.shop\/\" \/>\n<meta property=\"article:modified_time\" content=\"2025-12-30T14:25:04+00:00\" \/>\n<meta property=\"og:image\" content=\"https:\/\/gohike.lv\/wp-content\/uploads\/2024\/04\/PrintingInflatableSofa_beige-1.webp\" \/>\n\t<meta property=\"og:image:width\" content=\"800\" \/>\n\t<meta property=\"og:image:height\" content=\"800\" \/>\n\t<meta property=\"og:image:type\" content=\"image\/webp\" \/>\n<meta name=\"twitter:card\" content=\"summary_large_image\" \/>\n<meta name=\"twitter:title\" content=\"Naturehike - Piep\u016b\u0161amais d\u012bv\u0101ns\" \/>\n<meta name=\"twitter:label1\" content=\"\u041f\u0440\u0438\u043c\u0435\u0440\u043d\u043e\u0435 \u0432\u0440\u0435\u043c\u044f \u0434\u043b\u044f \u0447\u0442\u0435\u043d\u0438\u044f\" \/>\n\t<meta name=\"twitter:data1\" content=\"1 \u043c\u0438\u043d\u0443\u0442\u0430\" \/>\n<script type=\"application\/ld+json\" class=\"yoast-schema-graph\">{\"@context\":\"https:\\\/\\\/schema.org\",\"@graph\":[{\"@type\":[\"WebPage\",\"ItemPage\"],\"@id\":\"https:\\\/\\\/gohike.lv\\\/ru\\\/produkts\\\/naturehike-piepusamais-divans\\\/\",\"url\":\"https:\\\/\\\/gohike.lv\\\/ru\\\/produkts\\\/naturehike-piepusamais-divans\\\/\",\"name\":\"Naturehike - Piep\u016b\u0161amais d\u012bv\u0101ns\",\"isPartOf\":{\"@id\":\"https:\\\/\\\/gohike.lv\\\/ru\\\/#website\"},\"primaryImageOfPage\":{\"@id\":\"https:\\\/\\\/gohike.lv\\\/ru\\\/produkts\\\/naturehike-piepusamais-divans\\\/#primaryimage\"},\"image\":{\"@id\":\"https:\\\/\\\/gohike.lv\\\/ru\\\/produkts\\\/naturehike-piepusamais-divans\\\/#primaryimage\"},\"thumbnailUrl\":\"https:\\\/\\\/gohike.lv\\\/wp-content\\\/uploads\\\/2024\\\/04\\\/PrintingInflatableSofa_beige-1.webp\",\"datePublished\":\"2024-05-09T12:01:21+00:00\",\"dateModified\":\"2025-12-30T14:25:04+00:00\",\"description\":\"B\u0113\u0161as kr\u0101sas poliestera d\u012bv\u0101ns. Ide\u0101li piem\u0113rots vasaras atp\u016btai br\u012bv\u0101 dab\u0101.\",\"breadcrumb\":{\"@id\":\"https:\\\/\\\/gohike.lv\\\/ru\\\/produkts\\\/naturehike-piepusamais-divans\\\/#breadcrumb\"},\"inLanguage\":\"ru-RU\",\"potentialAction\":[{\"@type\":\"ReadAction\",\"target\":[\"https:\\\/\\\/gohike.lv\\\/ru\\\/produkts\\\/naturehike-piepusamais-divans\\\/\"]}]},{\"@type\":\"ImageObject\",\"inLanguage\":\"ru-RU\",\"@id\":\"https:\\\/\\\/gohike.lv\\\/ru\\\/produkts\\\/naturehike-piepusamais-divans\\\/#primaryimage\",\"url\":\"https:\\\/\\\/gohike.lv\\\/wp-content\\\/uploads\\\/2024\\\/04\\\/PrintingInflatableSofa_beige-1.webp\",\"contentUrl\":\"https:\\\/\\\/gohike.lv\\\/wp-content\\\/uploads\\\/2024\\\/04\\\/PrintingInflatableSofa_beige-1.webp\",\"width\":800,\"height\":800},{\"@type\":\"BreadcrumbList\",\"@id\":\"https:\\\/\\\/gohike.lv\\\/ru\\\/produkts\\\/naturehike-piepusamais-divans\\\/#breadcrumb\",\"itemListElement\":[{\"@type\":\"ListItem\",\"position\":1,\"name\":\"\u0413\u043b\u0430\u0432\u043d\u0430\u044f\",\"item\":\"https:\\\/\\\/gohike.lv\\\/ru\\\/\"},{\"@type\":\"ListItem\",\"position\":2,\"name\":\"\u041a\u0430\u0442\u0435\u0433\u043e\u0440\u0438\u0438 \u0442\u043e\u0432\u0430\u0440\u043e\u0432\",\"item\":\"https:\\\/\\\/gohike.lv\\\/%d0%ba%d0%b0%d1%82%d0%b5%d0%b3%d0%be%d1%80%d0%b8%d0%b8-%d1%82%d0%be%d0%b2%d0%b0%d1%80%d0%be%d0%b2\\\/\"},{\"@type\":\"ListItem\",\"position\":3,\"name\":\"Naturehike &#8211; Piep\u016b\u0161amais d\u012bv\u0101ns\"}]},{\"@type\":\"WebSite\",\"@id\":\"https:\\\/\\\/gohike.lv\\\/ru\\\/#website\",\"url\":\"https:\\\/\\\/gohike.lv\\\/ru\\\/\",\"name\":\"GoHike\",\"description\":\"\",\"publisher\":{\"@id\":\"https:\\\/\\\/gohike.lv\\\/ru\\\/#organization\"},\"potentialAction\":[{\"@type\":\"SearchAction\",\"target\":{\"@type\":\"EntryPoint\",\"urlTemplate\":\"https:\\\/\\\/gohike.lv\\\/ru\\\/?s={search_term_string}\"},\"query-input\":{\"@type\":\"PropertyValueSpecification\",\"valueRequired\":true,\"valueName\":\"search_term_string\"}}],\"inLanguage\":\"ru-RU\"},{\"@type\":\"Organization\",\"@id\":\"https:\\\/\\\/gohike.lv\\\/ru\\\/#organization\",\"name\":\"GoHike\",\"url\":\"https:\\\/\\\/gohike.lv\\\/ru\\\/\",\"logo\":{\"@type\":\"ImageObject\",\"inLanguage\":\"ru-RU\",\"@id\":\"https:\\\/\\\/gohike.lv\\\/ru\\\/#\\\/schema\\\/logo\\\/image\\\/\",\"url\":\"https:\\\/\\\/gohike.lv\\\/wp-content\\\/uploads\\\/2023\\\/08\\\/Logo_GoHike.webp\",\"contentUrl\":\"https:\\\/\\\/gohike.lv\\\/wp-content\\\/uploads\\\/2023\\\/08\\\/Logo_GoHike.webp\",\"width\":512,\"height\":512,\"caption\":\"GoHike\"},\"image\":{\"@id\":\"https:\\\/\\\/gohike.lv\\\/ru\\\/#\\\/schema\\\/logo\\\/image\\\/\"},\"sameAs\":[\"https:\\\/\\\/www.facebook.com\\\/gohike.shop\\\/\",\"https:\\\/\\\/www.instagram.com\\\/gohike.shop\\\/\"]}]}<\/script>\n<!-- \/ Yoast SEO plugin. -->","yoast_head_json":{"title":"Naturehike - Piep\u016b\u0161amais d\u012bv\u0101ns","description":"B\u0113\u0161as kr\u0101sas poliestera d\u012bv\u0101ns. Ide\u0101li piem\u0113rots vasaras atp\u016btai br\u012bv\u0101 dab\u0101.","robots":{"index":"index","follow":"follow","max-snippet":"max-snippet:-1","max-image-preview":"max-image-preview:large","max-video-preview":"max-video-preview:-1"},"canonical":"https:\/\/gohike.lv\/ru\/produkts\/naturehike-piepusamais-divans\/","og_locale":"ru_RU","og_type":"article","og_title":"Naturehike - Piep\u016b\u0161amais d\u012bv\u0101ns","og_description":"B\u0113\u0161as kr\u0101sas poliestera d\u012bv\u0101ns. Ide\u0101li piem\u0113rots vasaras atp\u016btai br\u012bv\u0101 dab\u0101.","og_url":"https:\/\/gohike.lv\/ru\/produkts\/naturehike-piepusamais-divans\/","og_site_name":"GoHike","article_publisher":"https:\/\/www.facebook.com\/gohike.shop\/","article_modified_time":"2025-12-30T14:25:04+00:00","og_image":[{"width":800,"height":800,"url":"https:\/\/gohike.lv\/wp-content\/uploads\/2024\/04\/PrintingInflatableSofa_beige-1.webp","type":"image\/webp"}],"twitter_card":"summary_large_image","twitter_title":"Naturehike - Piep\u016b\u0161amais d\u012bv\u0101ns","twitter_misc":{"\u041f\u0440\u0438\u043c\u0435\u0440\u043d\u043e\u0435 \u0432\u0440\u0435\u043c\u044f \u0434\u043b\u044f \u0447\u0442\u0435\u043d\u0438\u044f":"1 \u043c\u0438\u043d\u0443\u0442\u0430"},"schema":{"@context":"https:\/\/schema.org","@graph":[{"@type":["WebPage","ItemPage"],"@id":"https:\/\/gohike.lv\/ru\/produkts\/naturehike-piepusamais-divans\/","url":"https:\/\/gohike.lv\/ru\/produkts\/naturehike-piepusamais-divans\/","name":"Naturehike - Piep\u016b\u0161amais d\u012bv\u0101ns","isPartOf":{"@id":"https:\/\/gohike.lv\/ru\/#website"},"primaryImageOfPage":{"@id":"https:\/\/gohike.lv\/ru\/produkts\/naturehike-piepusamais-divans\/#primaryimage"},"image":{"@id":"https:\/\/gohike.lv\/ru\/produkts\/naturehike-piepusamais-divans\/#primaryimage"},"thumbnailUrl":"https:\/\/gohike.lv\/wp-content\/uploads\/2024\/04\/PrintingInflatableSofa_beige-1.webp","datePublished":"2024-05-09T12:01:21+00:00","dateModified":"2025-12-30T14:25:04+00:00","description":"B\u0113\u0161as kr\u0101sas poliestera d\u012bv\u0101ns. Ide\u0101li piem\u0113rots vasaras atp\u016btai br\u012bv\u0101 dab\u0101.","breadcrumb":{"@id":"https:\/\/gohike.lv\/ru\/produkts\/naturehike-piepusamais-divans\/#breadcrumb"},"inLanguage":"ru-RU","potentialAction":[{"@type":"ReadAction","target":["https:\/\/gohike.lv\/ru\/produkts\/naturehike-piepusamais-divans\/"]}]},{"@type":"ImageObject","inLanguage":"ru-RU","@id":"https:\/\/gohike.lv\/ru\/produkts\/naturehike-piepusamais-divans\/#primaryimage","url":"https:\/\/gohike.lv\/wp-content\/uploads\/2024\/04\/PrintingInflatableSofa_beige-1.webp","contentUrl":"https:\/\/gohike.lv\/wp-content\/uploads\/2024\/04\/PrintingInflatableSofa_beige-1.webp","width":800,"height":800},{"@type":"BreadcrumbList","@id":"https:\/\/gohike.lv\/ru\/produkts\/naturehike-piepusamais-divans\/#breadcrumb","itemListElement":[{"@type":"ListItem","position":1,"name":"\u0413\u043b\u0430\u0432\u043d\u0430\u044f","item":"https:\/\/gohike.lv\/ru\/"},{"@type":"ListItem","position":2,"name":"\u041a\u0430\u0442\u0435\u0433\u043e\u0440\u0438\u0438 \u0442\u043e\u0432\u0430\u0440\u043e\u0432","item":"https:\/\/gohike.lv\/%d0%ba%d0%b0%d1%82%d0%b5%d0%b3%d0%be%d1%80%d0%b8%d0%b8-%d1%82%d0%be%d0%b2%d0%b0%d1%80%d0%be%d0%b2\/"},{"@type":"ListItem","position":3,"name":"Naturehike &#8211; Piep\u016b\u0161amais d\u012bv\u0101ns"}]},{"@type":"WebSite","@id":"https:\/\/gohike.lv\/ru\/#website","url":"https:\/\/gohike.lv\/ru\/","name":"GoHike","description":"","publisher":{"@id":"https:\/\/gohike.lv\/ru\/#organization"},"potentialAction":[{"@type":"SearchAction","target":{"@type":"EntryPoint","urlTemplate":"https:\/\/gohike.lv\/ru\/?s={search_term_string}"},"query-input":{"@type":"PropertyValueSpecification","valueRequired":true,"valueName":"search_term_string"}}],"inLanguage":"ru-RU"},{"@type":"Organization","@id":"https:\/\/gohike.lv\/ru\/#organization","name":"GoHike","url":"https:\/\/gohike.lv\/ru\/","logo":{"@type":"ImageObject","inLanguage":"ru-RU","@id":"https:\/\/gohike.lv\/ru\/#\/schema\/logo\/image\/","url":"https:\/\/gohike.lv\/wp-content\/uploads\/2023\/08\/Logo_GoHike.webp","contentUrl":"https:\/\/gohike.lv\/wp-content\/uploads\/2023\/08\/Logo_GoHike.webp","width":512,"height":512,"caption":"GoHike"},"image":{"@id":"https:\/\/gohike.lv\/ru\/#\/schema\/logo\/image\/"},"sameAs":["https:\/\/www.facebook.com\/gohike.shop\/","https:\/\/www.instagram.com\/gohike.shop\/"]}]}},"jetpack_sharing_enabled":true,"_links":{"self":[{"href":"https:\/\/gohike.lv\/ru\/wp-json\/wp\/v2\/product\/54146","targetHints":{"allow":["GET"]}}],"collection":[{"href":"https:\/\/gohike.lv\/ru\/wp-json\/wp\/v2\/product"}],"about":[{"href":"https:\/\/gohike.lv\/ru\/wp-json\/wp\/v2\/types\/product"}],"version-history":[{"count":0,"href":"https:\/\/gohike.lv\/ru\/wp-json\/wp\/v2\/product\/54146\/revisions"}],"wp:featuredmedia":[{"embeddable":true,"href":"https:\/\/gohike.lv\/ru\/wp-json\/wp\/v2\/media\/27358"}],"wp:attachment":[{"href":"https:\/\/gohike.lv\/ru\/wp-json\/wp\/v2\/media?parent=54146"}],"wp:term":[{"taxonomy":"product_brand","embeddable":true,"href":"https:\/\/gohike.lv\/ru\/wp-json\/wp\/v2\/product_brand?post=54146"},{"taxonomy":"product_cat","embeddable":true,"href":"https:\/\/gohike.lv\/ru\/wp-json\/wp\/v2\/product_cat?post=54146"},{"taxonomy":"product_tag","embeddable":true,"href":"https:\/\/gohike.lv\/ru\/wp-json\/wp\/v2\/product_tag?post=54146"}],"curies":[{"name":"wp","href":"https:\/\/api.w.org\/{rel}","templated":true}]}}