{"id":54049,"date":"2024-05-09T13:35:01","date_gmt":"2024-05-09T10:35:01","guid":{"rendered":"https:\/\/gohike.lv\/produkts\/naturehike-paklajs-piknikam\/"},"modified":"2025-12-30T17:24:40","modified_gmt":"2025-12-30T14:24:40","slug":"naturehike-paklajs-piknikam","status":"publish","type":"product","link":"https:\/\/gohike.lv\/ru\/produkts\/naturehike-paklajs-piknikam\/","title":{"rendered":"Naturehike &#8212; Pakl\u0101js piknikam"},"content":{"rendered":"<p>Pakl\u0101js ir \u016bdensnecaurlaid\u012bgs no ab\u0101m pus\u0113m, t\u0101p\u0113c tas nesamirkst.<br \/>\nTo var kompakti salikt un nostiprin\u0101t ar siksni\u0146u, aiz kuras pakl\u0101ju var nest.<br \/>\nMateri\u0101ls ir m\u012bksts, pat\u012bkams \u0101dai un neizraisa kairin\u0101jumu.<br \/>\nSavienot\u0101jspaile \u013cauj savienot 2 matra\u010dus.<br \/>\nM\u012bksts poliesters kombin\u0101cij\u0101 ar m\u012bkstu z\u012bda kokvilnu auduma iek\u0161pus\u0113.<br \/>\n\u016adensnecaurlaid\u012bba no ab\u0101m pus\u0113m, jo tas ir p\u0101rkl\u0101ts ar \u016bdensnecaurlaid\u012bgu p\u0101rkl\u0101jumu.<br \/>\nViegli t\u012br\u0101ms, var mazg\u0101t ve\u013casma\u0161\u012bn\u0101.<br \/>\nPiem\u0113rots piknikiem, kempingam, ce\u013cojumiem un ikdienas lieto\u0161anai.<br \/>\nNav ieteicams lietot mitr\u0101s viet\u0101s.<\/p>\n","protected":false},"excerpt":{"rendered":"<p>Piknika pakl\u0101jam Naturehike ir unik\u0101ls z\u012bm\u0113jums, tas ir izgatavots no m\u012bksta materi\u0101la.<\/p>\n","protected":false},"featured_media":27696,"template":"","meta":[],"product_brand":[167],"product_cat":[2964],"product_tag":[],"class_list":{"0":"post-54049","1":"product","2":"type-product","3":"status-publish","4":"has-post-thumbnail","6":"product_brand-naturehike-lv","7":"product_cat-pludmales-un-piknika-paklajini","8":"pa_izmeriscm-10187","9":"pa_materiali-audums-oksforda","10":"pa_materiali-sponzs","11":"pa_materiali-zida-kokvilna","12":"pa_produkta-tips-pludmales-un-piknika-paklajini","13":"pa_saliktas-preces-izmerscm-8852","15":"first","16":"instock","17":"taxable","18":"shipping-taxable","19":"purchasable","20":"product-type-simple"},"raw_content":{"name":"Naturehike - Pakl\u0101js piknikam","description":"Pakl\u0101js ir \u016bdensnecaurlaid\u012bgs no ab\u0101m pus\u0113m, t\u0101p\u0113c tas nesamirkst.\nTo var kompakti salikt un nostiprin\u0101t ar siksni\u0146u, aiz kuras pakl\u0101ju var nest.\nMateri\u0101ls ir m\u012bksts, pat\u012bkams \u0101dai un neizraisa kairin\u0101jumu.\nSavienot\u0101jspaile \u013cauj savienot 2 matra\u010dus.\nM\u012bksts poliesters kombin\u0101cij\u0101 ar m\u012bkstu z\u012bda kokvilnu auduma iek\u0161pus\u0113.\n\u016adensnecaurlaid\u012bba no ab\u0101m pus\u0113m, jo tas ir p\u0101rkl\u0101ts ar \u016bdensnecaurlaid\u012bgu p\u0101rkl\u0101jumu.\nViegli t\u012br\u0101ms, var mazg\u0101t ve\u013casma\u0161\u012bn\u0101.\nPiem\u0113rots piknikiem, kempingam, ce\u013cojumiem un ikdienas lieto\u0161anai.\nNav ieteicams lietot mitr\u0101s viet\u0101s.","short_description":"Piknika pakl\u0101jam Naturehike ir unik\u0101ls z\u012bm\u0113jums, tas ir izgatavots no m\u012bksta materi\u0101la.","status":"publish","sku":"6927595799390","original":54049},"wpml":{"translation_type":1,"has_translations":true,"original":54049,"duplicates":[],"translations":{"lv":54049,"en":67871,"ru":null}},"supplier_id":null,"supplier_sku":"","barcode":null,"atum_controlled":true,"out_stock_date":null,"out_stock_threshold":null,"inheritable":false,"inbound_stock":null,"stock_on_hold":0,"sold_today":0,"sales_last_days":0,"reserved_stock":null,"customer_returns":null,"warehouse_damage":null,"lost_in_post":null,"other_logs":null,"out_stock_days":0,"lost_sales":0,"has_location":null,"update_date":"2025-12-30T14:30:36","atum_locations":[],"atum_stock_status":"instock","restock_status":false,"low_stock_amount":"","sales_update_date":"2025-11-13T14:08:15","calc_backorders":null,"yoast_head":"<!-- This site is optimized with the Yoast SEO plugin v27.3 - https:\/\/yoast.com\/product\/yoast-seo-wordpress\/ -->\n<title>Naturehike - Pakl\u0101js piknikam<\/title>\n<meta name=\"description\" content=\"Piknika pakl\u0101jam Naturehike ir unik\u0101ls z\u012bm\u0113jums, tas ir izgatavots no m\u012bksta materi\u0101la.\" \/>\n<meta name=\"robots\" content=\"index, follow, max-snippet:-1, max-image-preview:large, max-video-preview:-1\" \/>\n<link rel=\"canonical\" href=\"https:\/\/gohike.lv\/ru\/produkts\/naturehike-paklajs-piknikam\/\" \/>\n<meta property=\"og:locale\" content=\"ru_RU\" \/>\n<meta property=\"og:type\" content=\"article\" \/>\n<meta property=\"og:title\" content=\"Naturehike - P\u0101rkl\u0101js piknikam\" \/>\n<meta property=\"og:description\" content=\"Piknika pakl\u0101jam Naturehike ir unik\u0101ls z\u012bm\u0113jums, tas ir izgatavots no m\u012bksta materi\u0101la.\" \/>\n<meta property=\"og:url\" content=\"https:\/\/gohike.lv\/ru\/produkts\/naturehike-paklajs-piknikam\/\" \/>\n<meta property=\"og:site_name\" content=\"GoHike\" \/>\n<meta property=\"article:publisher\" content=\"https:\/\/www.facebook.com\/gohike.shop\/\" \/>\n<meta property=\"article:modified_time\" content=\"2025-12-30T14:24:40+00:00\" \/>\n<meta property=\"og:image\" content=\"https:\/\/gohike.lv\/wp-content\/uploads\/2024\/04\/UltrasonicPicnicMat_-1.webp\" \/>\n\t<meta property=\"og:image:width\" content=\"720\" \/>\n\t<meta property=\"og:image:height\" content=\"720\" \/>\n\t<meta property=\"og:image:type\" content=\"image\/webp\" \/>\n<meta name=\"twitter:card\" content=\"summary_large_image\" \/>\n<meta name=\"twitter:title\" content=\"Naturehike - P\u0101rkl\u0101js piknikam\" \/>\n<meta name=\"twitter:label1\" content=\"\u041f\u0440\u0438\u043c\u0435\u0440\u043d\u043e\u0435 \u0432\u0440\u0435\u043c\u044f \u0434\u043b\u044f \u0447\u0442\u0435\u043d\u0438\u044f\" \/>\n\t<meta name=\"twitter:data1\" content=\"1 \u043c\u0438\u043d\u0443\u0442\u0430\" \/>\n<script type=\"application\/ld+json\" class=\"yoast-schema-graph\">{\"@context\":\"https:\\\/\\\/schema.org\",\"@graph\":[{\"@type\":[\"WebPage\",\"ItemPage\"],\"@id\":\"https:\\\/\\\/gohike.lv\\\/ru\\\/produkts\\\/naturehike-paklajs-piknikam\\\/\",\"url\":\"https:\\\/\\\/gohike.lv\\\/ru\\\/produkts\\\/naturehike-paklajs-piknikam\\\/\",\"name\":\"Naturehike - Pakl\u0101js piknikam\",\"isPartOf\":{\"@id\":\"https:\\\/\\\/gohike.lv\\\/ru\\\/#website\"},\"primaryImageOfPage\":{\"@id\":\"https:\\\/\\\/gohike.lv\\\/ru\\\/produkts\\\/naturehike-paklajs-piknikam\\\/#primaryimage\"},\"image\":{\"@id\":\"https:\\\/\\\/gohike.lv\\\/ru\\\/produkts\\\/naturehike-paklajs-piknikam\\\/#primaryimage\"},\"thumbnailUrl\":\"https:\\\/\\\/gohike.lv\\\/wp-content\\\/uploads\\\/2024\\\/04\\\/UltrasonicPicnicMat_-1.webp\",\"datePublished\":\"2024-05-09T10:35:01+00:00\",\"dateModified\":\"2025-12-30T14:24:40+00:00\",\"description\":\"Piknika pakl\u0101jam Naturehike ir unik\u0101ls z\u012bm\u0113jums, tas ir izgatavots no m\u012bksta materi\u0101la.\",\"breadcrumb\":{\"@id\":\"https:\\\/\\\/gohike.lv\\\/ru\\\/produkts\\\/naturehike-paklajs-piknikam\\\/#breadcrumb\"},\"inLanguage\":\"ru-RU\",\"potentialAction\":[{\"@type\":\"ReadAction\",\"target\":[\"https:\\\/\\\/gohike.lv\\\/ru\\\/produkts\\\/naturehike-paklajs-piknikam\\\/\"]}]},{\"@type\":\"ImageObject\",\"inLanguage\":\"ru-RU\",\"@id\":\"https:\\\/\\\/gohike.lv\\\/ru\\\/produkts\\\/naturehike-paklajs-piknikam\\\/#primaryimage\",\"url\":\"https:\\\/\\\/gohike.lv\\\/wp-content\\\/uploads\\\/2024\\\/04\\\/UltrasonicPicnicMat_-1.webp\",\"contentUrl\":\"https:\\\/\\\/gohike.lv\\\/wp-content\\\/uploads\\\/2024\\\/04\\\/UltrasonicPicnicMat_-1.webp\",\"width\":720,\"height\":720},{\"@type\":\"BreadcrumbList\",\"@id\":\"https:\\\/\\\/gohike.lv\\\/ru\\\/produkts\\\/naturehike-paklajs-piknikam\\\/#breadcrumb\",\"itemListElement\":[{\"@type\":\"ListItem\",\"position\":1,\"name\":\"\u0413\u043b\u0430\u0432\u043d\u0430\u044f\",\"item\":\"https:\\\/\\\/gohike.lv\\\/ru\\\/\"},{\"@type\":\"ListItem\",\"position\":2,\"name\":\"\u041a\u0430\u0442\u0435\u0433\u043e\u0440\u0438\u0438 \u0442\u043e\u0432\u0430\u0440\u043e\u0432\",\"item\":\"https:\\\/\\\/gohike.lv\\\/%d0%ba%d0%b0%d1%82%d0%b5%d0%b3%d0%be%d1%80%d0%b8%d0%b8-%d1%82%d0%be%d0%b2%d0%b0%d1%80%d0%be%d0%b2\\\/\"},{\"@type\":\"ListItem\",\"position\":3,\"name\":\"Naturehike &#8211; Pakl\u0101js piknikam\"}]},{\"@type\":\"WebSite\",\"@id\":\"https:\\\/\\\/gohike.lv\\\/ru\\\/#website\",\"url\":\"https:\\\/\\\/gohike.lv\\\/ru\\\/\",\"name\":\"GoHike\",\"description\":\"\",\"publisher\":{\"@id\":\"https:\\\/\\\/gohike.lv\\\/ru\\\/#organization\"},\"potentialAction\":[{\"@type\":\"SearchAction\",\"target\":{\"@type\":\"EntryPoint\",\"urlTemplate\":\"https:\\\/\\\/gohike.lv\\\/ru\\\/?s={search_term_string}\"},\"query-input\":{\"@type\":\"PropertyValueSpecification\",\"valueRequired\":true,\"valueName\":\"search_term_string\"}}],\"inLanguage\":\"ru-RU\"},{\"@type\":\"Organization\",\"@id\":\"https:\\\/\\\/gohike.lv\\\/ru\\\/#organization\",\"name\":\"GoHike\",\"url\":\"https:\\\/\\\/gohike.lv\\\/ru\\\/\",\"logo\":{\"@type\":\"ImageObject\",\"inLanguage\":\"ru-RU\",\"@id\":\"https:\\\/\\\/gohike.lv\\\/ru\\\/#\\\/schema\\\/logo\\\/image\\\/\",\"url\":\"https:\\\/\\\/gohike.lv\\\/wp-content\\\/uploads\\\/2023\\\/08\\\/Logo_GoHike.webp\",\"contentUrl\":\"https:\\\/\\\/gohike.lv\\\/wp-content\\\/uploads\\\/2023\\\/08\\\/Logo_GoHike.webp\",\"width\":512,\"height\":512,\"caption\":\"GoHike\"},\"image\":{\"@id\":\"https:\\\/\\\/gohike.lv\\\/ru\\\/#\\\/schema\\\/logo\\\/image\\\/\"},\"sameAs\":[\"https:\\\/\\\/www.facebook.com\\\/gohike.shop\\\/\",\"https:\\\/\\\/www.instagram.com\\\/gohike.shop\\\/\"]}]}<\/script>\n<!-- \/ Yoast SEO plugin. -->","yoast_head_json":{"title":"Naturehike - Pakl\u0101js piknikam","description":"Piknika pakl\u0101jam Naturehike ir unik\u0101ls z\u012bm\u0113jums, tas ir izgatavots no m\u012bksta materi\u0101la.","robots":{"index":"index","follow":"follow","max-snippet":"max-snippet:-1","max-image-preview":"max-image-preview:large","max-video-preview":"max-video-preview:-1"},"canonical":"https:\/\/gohike.lv\/ru\/produkts\/naturehike-paklajs-piknikam\/","og_locale":"ru_RU","og_type":"article","og_title":"Naturehike - P\u0101rkl\u0101js piknikam","og_description":"Piknika pakl\u0101jam Naturehike ir unik\u0101ls z\u012bm\u0113jums, tas ir izgatavots no m\u012bksta materi\u0101la.","og_url":"https:\/\/gohike.lv\/ru\/produkts\/naturehike-paklajs-piknikam\/","og_site_name":"GoHike","article_publisher":"https:\/\/www.facebook.com\/gohike.shop\/","article_modified_time":"2025-12-30T14:24:40+00:00","og_image":[{"width":720,"height":720,"url":"https:\/\/gohike.lv\/wp-content\/uploads\/2024\/04\/UltrasonicPicnicMat_-1.webp","type":"image\/webp"}],"twitter_card":"summary_large_image","twitter_title":"Naturehike - P\u0101rkl\u0101js piknikam","twitter_misc":{"\u041f\u0440\u0438\u043c\u0435\u0440\u043d\u043e\u0435 \u0432\u0440\u0435\u043c\u044f \u0434\u043b\u044f \u0447\u0442\u0435\u043d\u0438\u044f":"1 \u043c\u0438\u043d\u0443\u0442\u0430"},"schema":{"@context":"https:\/\/schema.org","@graph":[{"@type":["WebPage","ItemPage"],"@id":"https:\/\/gohike.lv\/ru\/produkts\/naturehike-paklajs-piknikam\/","url":"https:\/\/gohike.lv\/ru\/produkts\/naturehike-paklajs-piknikam\/","name":"Naturehike - Pakl\u0101js piknikam","isPartOf":{"@id":"https:\/\/gohike.lv\/ru\/#website"},"primaryImageOfPage":{"@id":"https:\/\/gohike.lv\/ru\/produkts\/naturehike-paklajs-piknikam\/#primaryimage"},"image":{"@id":"https:\/\/gohike.lv\/ru\/produkts\/naturehike-paklajs-piknikam\/#primaryimage"},"thumbnailUrl":"https:\/\/gohike.lv\/wp-content\/uploads\/2024\/04\/UltrasonicPicnicMat_-1.webp","datePublished":"2024-05-09T10:35:01+00:00","dateModified":"2025-12-30T14:24:40+00:00","description":"Piknika pakl\u0101jam Naturehike ir unik\u0101ls z\u012bm\u0113jums, tas ir izgatavots no m\u012bksta materi\u0101la.","breadcrumb":{"@id":"https:\/\/gohike.lv\/ru\/produkts\/naturehike-paklajs-piknikam\/#breadcrumb"},"inLanguage":"ru-RU","potentialAction":[{"@type":"ReadAction","target":["https:\/\/gohike.lv\/ru\/produkts\/naturehike-paklajs-piknikam\/"]}]},{"@type":"ImageObject","inLanguage":"ru-RU","@id":"https:\/\/gohike.lv\/ru\/produkts\/naturehike-paklajs-piknikam\/#primaryimage","url":"https:\/\/gohike.lv\/wp-content\/uploads\/2024\/04\/UltrasonicPicnicMat_-1.webp","contentUrl":"https:\/\/gohike.lv\/wp-content\/uploads\/2024\/04\/UltrasonicPicnicMat_-1.webp","width":720,"height":720},{"@type":"BreadcrumbList","@id":"https:\/\/gohike.lv\/ru\/produkts\/naturehike-paklajs-piknikam\/#breadcrumb","itemListElement":[{"@type":"ListItem","position":1,"name":"\u0413\u043b\u0430\u0432\u043d\u0430\u044f","item":"https:\/\/gohike.lv\/ru\/"},{"@type":"ListItem","position":2,"name":"\u041a\u0430\u0442\u0435\u0433\u043e\u0440\u0438\u0438 \u0442\u043e\u0432\u0430\u0440\u043e\u0432","item":"https:\/\/gohike.lv\/%d0%ba%d0%b0%d1%82%d0%b5%d0%b3%d0%be%d1%80%d0%b8%d0%b8-%d1%82%d0%be%d0%b2%d0%b0%d1%80%d0%be%d0%b2\/"},{"@type":"ListItem","position":3,"name":"Naturehike &#8211; Pakl\u0101js piknikam"}]},{"@type":"WebSite","@id":"https:\/\/gohike.lv\/ru\/#website","url":"https:\/\/gohike.lv\/ru\/","name":"GoHike","description":"","publisher":{"@id":"https:\/\/gohike.lv\/ru\/#organization"},"potentialAction":[{"@type":"SearchAction","target":{"@type":"EntryPoint","urlTemplate":"https:\/\/gohike.lv\/ru\/?s={search_term_string}"},"query-input":{"@type":"PropertyValueSpecification","valueRequired":true,"valueName":"search_term_string"}}],"inLanguage":"ru-RU"},{"@type":"Organization","@id":"https:\/\/gohike.lv\/ru\/#organization","name":"GoHike","url":"https:\/\/gohike.lv\/ru\/","logo":{"@type":"ImageObject","inLanguage":"ru-RU","@id":"https:\/\/gohike.lv\/ru\/#\/schema\/logo\/image\/","url":"https:\/\/gohike.lv\/wp-content\/uploads\/2023\/08\/Logo_GoHike.webp","contentUrl":"https:\/\/gohike.lv\/wp-content\/uploads\/2023\/08\/Logo_GoHike.webp","width":512,"height":512,"caption":"GoHike"},"image":{"@id":"https:\/\/gohike.lv\/ru\/#\/schema\/logo\/image\/"},"sameAs":["https:\/\/www.facebook.com\/gohike.shop\/","https:\/\/www.instagram.com\/gohike.shop\/"]}]}},"jetpack_sharing_enabled":true,"_links":{"self":[{"href":"https:\/\/gohike.lv\/ru\/wp-json\/wp\/v2\/product\/54049","targetHints":{"allow":["GET"]}}],"collection":[{"href":"https:\/\/gohike.lv\/ru\/wp-json\/wp\/v2\/product"}],"about":[{"href":"https:\/\/gohike.lv\/ru\/wp-json\/wp\/v2\/types\/product"}],"version-history":[{"count":0,"href":"https:\/\/gohike.lv\/ru\/wp-json\/wp\/v2\/product\/54049\/revisions"}],"wp:featuredmedia":[{"embeddable":true,"href":"https:\/\/gohike.lv\/ru\/wp-json\/wp\/v2\/media\/27696"}],"wp:attachment":[{"href":"https:\/\/gohike.lv\/ru\/wp-json\/wp\/v2\/media?parent=54049"}],"wp:term":[{"taxonomy":"product_brand","embeddable":true,"href":"https:\/\/gohike.lv\/ru\/wp-json\/wp\/v2\/product_brand?post=54049"},{"taxonomy":"product_cat","embeddable":true,"href":"https:\/\/gohike.lv\/ru\/wp-json\/wp\/v2\/product_cat?post=54049"},{"taxonomy":"product_tag","embeddable":true,"href":"https:\/\/gohike.lv\/ru\/wp-json\/wp\/v2\/product_tag?post=54049"}],"curies":[{"name":"wp","href":"https:\/\/api.w.org\/{rel}","templated":true}]}}