{"id":54047,"date":"2024-05-09T13:35:01","date_gmt":"2024-05-09T10:35:01","guid":{"rendered":"https:\/\/gohike.lv\/produkts\/naturehike-audekla-paklajs-piknikam\/"},"modified":"2026-01-09T19:53:18","modified_gmt":"2026-01-09T16:53:18","slug":"naturehike-audekla-paklajs-piknikam","status":"publish","type":"product","link":"https:\/\/gohike.lv\/ru\/produkts\/naturehike-audekla-paklajs-piknikam\/","title":{"rendered":"Naturehike &#8212; Audekla pakl\u0101js piknikam"},"content":{"rendered":"<p>Pakl\u0101ju var sarull\u0113t kompakt\u0101 form\u0101 un saloc\u012bt\u0101 st\u0101vokl\u012b ar rokturi viegli p\u0101rn\u0113s\u0101t.<br \/>\nMateri\u0101ls, kas ir \u0113rti lietojams un neuzsilst.<br \/>\n\u016adensnecaurlaid\u012bgs, aizsarg\u0101ts pret \u016bdeni un mitru augsni.<br \/>\nIztur\u012bga siksni\u0146a, var regul\u0113t p\u0113c vajadz\u012bbas.<br \/>\nVar t\u012br\u012bt, ber\u017eot ar mitru dr\u0101nu vai mazg\u0101jot ar rok\u0101m.<br \/>\nPiem\u0113rots piknikiem, kempingiem, ce\u013cojumiem un ikdienas lieto\u0161anai.<br \/>\nNav ieteicams lietot mitr\u0101s viet\u0101s.<\/p>\n","protected":false},"excerpt":{"rendered":"<p>Piknika pakl\u0101js Naturehike ir izgatavots no \u016bdensnecaurlaid\u012bga audekla auduma.<\/p>\n","protected":false},"featured_media":27682,"template":"","meta":[],"product_brand":[167],"product_cat":[2964],"product_tag":[],"class_list":{"0":"post-54047","1":"product","2":"type-product","3":"status-publish","4":"has-post-thumbnail","6":"product_brand-naturehike-lv","7":"product_cat-pludmales-un-piknika-paklajini","8":"pa_izmeriscm-10188","9":"pa_materiali-100-kokvilna","10":"pa_produkta-tips-pludmales-un-piknika-paklajini","11":"pa_saliktas-preces-izmerscm-8849","12":"pa_spalva-balts","14":"first","15":"instock","16":"taxable","17":"shipping-taxable","18":"purchasable","19":"product-type-simple"},"raw_content":{"name":"Naturehike - Audekla pakl\u0101js piknikam","description":"Pakl\u0101ju var sarull\u0113t kompakt\u0101 form\u0101 un saloc\u012bt\u0101 st\u0101vokl\u012b ar rokturi viegli p\u0101rn\u0113s\u0101t.\nMateri\u0101ls, kas ir \u0113rti lietojams un neuzsilst.\n\u016adensnecaurlaid\u012bgs, aizsarg\u0101ts pret \u016bdeni un mitru augsni.\nIztur\u012bga siksni\u0146a, var regul\u0113t p\u0113c vajadz\u012bbas.\nVar t\u012br\u012bt, ber\u017eot ar mitru dr\u0101nu vai mazg\u0101jot ar rok\u0101m.\nPiem\u0113rots piknikiem, kempingiem, ce\u013cojumiem un ikdienas lieto\u0161anai.\nNav ieteicams lietot mitr\u0101s viet\u0101s.","short_description":"Piknika pakl\u0101js Naturehike ir izgatavots no \u016bdensnecaurlaid\u012bga audekla auduma.","status":"publish","sku":"6927595753965","original":54047},"wpml":{"translation_type":1,"has_translations":true,"original":54047,"duplicates":[],"translations":{"lv":54047,"en":67873,"ru":null}},"supplier_id":null,"supplier_sku":"","barcode":null,"atum_controlled":true,"out_stock_date":null,"out_stock_threshold":null,"inheritable":false,"inbound_stock":null,"stock_on_hold":0,"sold_today":0,"sales_last_days":0,"reserved_stock":null,"customer_returns":null,"warehouse_damage":null,"lost_in_post":null,"other_logs":null,"out_stock_days":0,"lost_sales":0,"has_location":null,"update_date":"2026-01-09T16:53:19","atum_locations":[],"atum_stock_status":"instock","restock_status":false,"low_stock_amount":"","sales_update_date":"2025-11-13T14:08:15","calc_backorders":null,"yoast_head":"<!-- This site is optimized with the Yoast SEO plugin v27.3 - https:\/\/yoast.com\/product\/yoast-seo-wordpress\/ -->\n<title>Naturehike - Audekla pakl\u0101js piknikam<\/title>\n<meta name=\"description\" content=\"Piknika pakl\u0101js Naturehike ir izgatavots no \u016bdensnecaurlaid\u012bga audekla auduma.\" \/>\n<meta name=\"robots\" content=\"index, follow, max-snippet:-1, max-image-preview:large, max-video-preview:-1\" \/>\n<link rel=\"canonical\" href=\"https:\/\/gohike.lv\/ru\/produkts\/naturehike-audekla-paklajs-piknikam\/\" \/>\n<meta property=\"og:locale\" content=\"ru_RU\" \/>\n<meta property=\"og:type\" content=\"article\" \/>\n<meta property=\"og:title\" content=\"Naturehike - P\u0101rkl\u0101js piknikam\" \/>\n<meta property=\"og:description\" content=\"Piknika pakl\u0101js Naturehike ir izgatavots no \u016bdensnecaurlaid\u012bga audekla auduma.\" \/>\n<meta property=\"og:url\" content=\"https:\/\/gohike.lv\/ru\/produkts\/naturehike-audekla-paklajs-piknikam\/\" \/>\n<meta property=\"og:site_name\" content=\"GoHike\" \/>\n<meta property=\"article:publisher\" content=\"https:\/\/www.facebook.com\/gohike.shop\/\" \/>\n<meta property=\"article:modified_time\" content=\"2026-01-09T16:53:18+00:00\" \/>\n<meta property=\"og:image\" content=\"https:\/\/gohike.lv\/wp-content\/uploads\/2024\/04\/PicnicMat_white-1.jpg\" \/>\n\t<meta property=\"og:image:width\" content=\"616\" \/>\n\t<meta property=\"og:image:height\" content=\"717\" \/>\n\t<meta property=\"og:image:type\" content=\"image\/jpeg\" \/>\n<meta name=\"twitter:card\" content=\"summary_large_image\" \/>\n<meta name=\"twitter:title\" content=\"Naturehike - P\u0101rkl\u0101js piknikam\" \/>\n<meta name=\"twitter:label1\" content=\"\u041f\u0440\u0438\u043c\u0435\u0440\u043d\u043e\u0435 \u0432\u0440\u0435\u043c\u044f \u0434\u043b\u044f \u0447\u0442\u0435\u043d\u0438\u044f\" \/>\n\t<meta name=\"twitter:data1\" content=\"1 \u043c\u0438\u043d\u0443\u0442\u0430\" \/>\n<script type=\"application\/ld+json\" class=\"yoast-schema-graph\">{\"@context\":\"https:\\\/\\\/schema.org\",\"@graph\":[{\"@type\":[\"WebPage\",\"ItemPage\"],\"@id\":\"https:\\\/\\\/gohike.lv\\\/ru\\\/produkts\\\/naturehike-audekla-paklajs-piknikam\\\/\",\"url\":\"https:\\\/\\\/gohike.lv\\\/ru\\\/produkts\\\/naturehike-audekla-paklajs-piknikam\\\/\",\"name\":\"Naturehike - Audekla pakl\u0101js piknikam\",\"isPartOf\":{\"@id\":\"https:\\\/\\\/gohike.lv\\\/ru\\\/#website\"},\"primaryImageOfPage\":{\"@id\":\"https:\\\/\\\/gohike.lv\\\/ru\\\/produkts\\\/naturehike-audekla-paklajs-piknikam\\\/#primaryimage\"},\"image\":{\"@id\":\"https:\\\/\\\/gohike.lv\\\/ru\\\/produkts\\\/naturehike-audekla-paklajs-piknikam\\\/#primaryimage\"},\"thumbnailUrl\":\"https:\\\/\\\/gohike.lv\\\/wp-content\\\/uploads\\\/2024\\\/04\\\/PicnicMat_white-1.jpg\",\"datePublished\":\"2024-05-09T10:35:01+00:00\",\"dateModified\":\"2026-01-09T16:53:18+00:00\",\"description\":\"Piknika pakl\u0101js Naturehike ir izgatavots no \u016bdensnecaurlaid\u012bga audekla auduma.\",\"breadcrumb\":{\"@id\":\"https:\\\/\\\/gohike.lv\\\/ru\\\/produkts\\\/naturehike-audekla-paklajs-piknikam\\\/#breadcrumb\"},\"inLanguage\":\"ru-RU\",\"potentialAction\":[{\"@type\":\"ReadAction\",\"target\":[\"https:\\\/\\\/gohike.lv\\\/ru\\\/produkts\\\/naturehike-audekla-paklajs-piknikam\\\/\"]}]},{\"@type\":\"ImageObject\",\"inLanguage\":\"ru-RU\",\"@id\":\"https:\\\/\\\/gohike.lv\\\/ru\\\/produkts\\\/naturehike-audekla-paklajs-piknikam\\\/#primaryimage\",\"url\":\"https:\\\/\\\/gohike.lv\\\/wp-content\\\/uploads\\\/2024\\\/04\\\/PicnicMat_white-1.jpg\",\"contentUrl\":\"https:\\\/\\\/gohike.lv\\\/wp-content\\\/uploads\\\/2024\\\/04\\\/PicnicMat_white-1.jpg\",\"width\":616,\"height\":717},{\"@type\":\"BreadcrumbList\",\"@id\":\"https:\\\/\\\/gohike.lv\\\/ru\\\/produkts\\\/naturehike-audekla-paklajs-piknikam\\\/#breadcrumb\",\"itemListElement\":[{\"@type\":\"ListItem\",\"position\":1,\"name\":\"\u0413\u043b\u0430\u0432\u043d\u0430\u044f\",\"item\":\"https:\\\/\\\/gohike.lv\\\/ru\\\/\"},{\"@type\":\"ListItem\",\"position\":2,\"name\":\"\u041a\u0430\u0442\u0435\u0433\u043e\u0440\u0438\u0438 \u0442\u043e\u0432\u0430\u0440\u043e\u0432\",\"item\":\"https:\\\/\\\/gohike.lv\\\/%d0%ba%d0%b0%d1%82%d0%b5%d0%b3%d0%be%d1%80%d0%b8%d0%b8-%d1%82%d0%be%d0%b2%d0%b0%d1%80%d0%be%d0%b2\\\/\"},{\"@type\":\"ListItem\",\"position\":3,\"name\":\"Naturehike &#8211; Audekla pakl\u0101js piknikam\"}]},{\"@type\":\"WebSite\",\"@id\":\"https:\\\/\\\/gohike.lv\\\/ru\\\/#website\",\"url\":\"https:\\\/\\\/gohike.lv\\\/ru\\\/\",\"name\":\"GoHike\",\"description\":\"\",\"publisher\":{\"@id\":\"https:\\\/\\\/gohike.lv\\\/ru\\\/#organization\"},\"potentialAction\":[{\"@type\":\"SearchAction\",\"target\":{\"@type\":\"EntryPoint\",\"urlTemplate\":\"https:\\\/\\\/gohike.lv\\\/ru\\\/?s={search_term_string}\"},\"query-input\":{\"@type\":\"PropertyValueSpecification\",\"valueRequired\":true,\"valueName\":\"search_term_string\"}}],\"inLanguage\":\"ru-RU\"},{\"@type\":\"Organization\",\"@id\":\"https:\\\/\\\/gohike.lv\\\/ru\\\/#organization\",\"name\":\"GoHike\",\"url\":\"https:\\\/\\\/gohike.lv\\\/ru\\\/\",\"logo\":{\"@type\":\"ImageObject\",\"inLanguage\":\"ru-RU\",\"@id\":\"https:\\\/\\\/gohike.lv\\\/ru\\\/#\\\/schema\\\/logo\\\/image\\\/\",\"url\":\"https:\\\/\\\/gohike.lv\\\/wp-content\\\/uploads\\\/2023\\\/08\\\/Logo_GoHike.webp\",\"contentUrl\":\"https:\\\/\\\/gohike.lv\\\/wp-content\\\/uploads\\\/2023\\\/08\\\/Logo_GoHike.webp\",\"width\":512,\"height\":512,\"caption\":\"GoHike\"},\"image\":{\"@id\":\"https:\\\/\\\/gohike.lv\\\/ru\\\/#\\\/schema\\\/logo\\\/image\\\/\"},\"sameAs\":[\"https:\\\/\\\/www.facebook.com\\\/gohike.shop\\\/\",\"https:\\\/\\\/www.instagram.com\\\/gohike.shop\\\/\"]}]}<\/script>\n<!-- \/ Yoast SEO plugin. -->","yoast_head_json":{"title":"Naturehike - Audekla pakl\u0101js piknikam","description":"Piknika pakl\u0101js Naturehike ir izgatavots no \u016bdensnecaurlaid\u012bga audekla auduma.","robots":{"index":"index","follow":"follow","max-snippet":"max-snippet:-1","max-image-preview":"max-image-preview:large","max-video-preview":"max-video-preview:-1"},"canonical":"https:\/\/gohike.lv\/ru\/produkts\/naturehike-audekla-paklajs-piknikam\/","og_locale":"ru_RU","og_type":"article","og_title":"Naturehike - P\u0101rkl\u0101js piknikam","og_description":"Piknika pakl\u0101js Naturehike ir izgatavots no \u016bdensnecaurlaid\u012bga audekla auduma.","og_url":"https:\/\/gohike.lv\/ru\/produkts\/naturehike-audekla-paklajs-piknikam\/","og_site_name":"GoHike","article_publisher":"https:\/\/www.facebook.com\/gohike.shop\/","article_modified_time":"2026-01-09T16:53:18+00:00","og_image":[{"width":616,"height":717,"url":"https:\/\/gohike.lv\/wp-content\/uploads\/2024\/04\/PicnicMat_white-1.jpg","type":"image\/jpeg"}],"twitter_card":"summary_large_image","twitter_title":"Naturehike - P\u0101rkl\u0101js piknikam","twitter_misc":{"\u041f\u0440\u0438\u043c\u0435\u0440\u043d\u043e\u0435 \u0432\u0440\u0435\u043c\u044f \u0434\u043b\u044f \u0447\u0442\u0435\u043d\u0438\u044f":"1 \u043c\u0438\u043d\u0443\u0442\u0430"},"schema":{"@context":"https:\/\/schema.org","@graph":[{"@type":["WebPage","ItemPage"],"@id":"https:\/\/gohike.lv\/ru\/produkts\/naturehike-audekla-paklajs-piknikam\/","url":"https:\/\/gohike.lv\/ru\/produkts\/naturehike-audekla-paklajs-piknikam\/","name":"Naturehike - Audekla pakl\u0101js piknikam","isPartOf":{"@id":"https:\/\/gohike.lv\/ru\/#website"},"primaryImageOfPage":{"@id":"https:\/\/gohike.lv\/ru\/produkts\/naturehike-audekla-paklajs-piknikam\/#primaryimage"},"image":{"@id":"https:\/\/gohike.lv\/ru\/produkts\/naturehike-audekla-paklajs-piknikam\/#primaryimage"},"thumbnailUrl":"https:\/\/gohike.lv\/wp-content\/uploads\/2024\/04\/PicnicMat_white-1.jpg","datePublished":"2024-05-09T10:35:01+00:00","dateModified":"2026-01-09T16:53:18+00:00","description":"Piknika pakl\u0101js Naturehike ir izgatavots no \u016bdensnecaurlaid\u012bga audekla auduma.","breadcrumb":{"@id":"https:\/\/gohike.lv\/ru\/produkts\/naturehike-audekla-paklajs-piknikam\/#breadcrumb"},"inLanguage":"ru-RU","potentialAction":[{"@type":"ReadAction","target":["https:\/\/gohike.lv\/ru\/produkts\/naturehike-audekla-paklajs-piknikam\/"]}]},{"@type":"ImageObject","inLanguage":"ru-RU","@id":"https:\/\/gohike.lv\/ru\/produkts\/naturehike-audekla-paklajs-piknikam\/#primaryimage","url":"https:\/\/gohike.lv\/wp-content\/uploads\/2024\/04\/PicnicMat_white-1.jpg","contentUrl":"https:\/\/gohike.lv\/wp-content\/uploads\/2024\/04\/PicnicMat_white-1.jpg","width":616,"height":717},{"@type":"BreadcrumbList","@id":"https:\/\/gohike.lv\/ru\/produkts\/naturehike-audekla-paklajs-piknikam\/#breadcrumb","itemListElement":[{"@type":"ListItem","position":1,"name":"\u0413\u043b\u0430\u0432\u043d\u0430\u044f","item":"https:\/\/gohike.lv\/ru\/"},{"@type":"ListItem","position":2,"name":"\u041a\u0430\u0442\u0435\u0433\u043e\u0440\u0438\u0438 \u0442\u043e\u0432\u0430\u0440\u043e\u0432","item":"https:\/\/gohike.lv\/%d0%ba%d0%b0%d1%82%d0%b5%d0%b3%d0%be%d1%80%d0%b8%d0%b8-%d1%82%d0%be%d0%b2%d0%b0%d1%80%d0%be%d0%b2\/"},{"@type":"ListItem","position":3,"name":"Naturehike &#8211; Audekla pakl\u0101js piknikam"}]},{"@type":"WebSite","@id":"https:\/\/gohike.lv\/ru\/#website","url":"https:\/\/gohike.lv\/ru\/","name":"GoHike","description":"","publisher":{"@id":"https:\/\/gohike.lv\/ru\/#organization"},"potentialAction":[{"@type":"SearchAction","target":{"@type":"EntryPoint","urlTemplate":"https:\/\/gohike.lv\/ru\/?s={search_term_string}"},"query-input":{"@type":"PropertyValueSpecification","valueRequired":true,"valueName":"search_term_string"}}],"inLanguage":"ru-RU"},{"@type":"Organization","@id":"https:\/\/gohike.lv\/ru\/#organization","name":"GoHike","url":"https:\/\/gohike.lv\/ru\/","logo":{"@type":"ImageObject","inLanguage":"ru-RU","@id":"https:\/\/gohike.lv\/ru\/#\/schema\/logo\/image\/","url":"https:\/\/gohike.lv\/wp-content\/uploads\/2023\/08\/Logo_GoHike.webp","contentUrl":"https:\/\/gohike.lv\/wp-content\/uploads\/2023\/08\/Logo_GoHike.webp","width":512,"height":512,"caption":"GoHike"},"image":{"@id":"https:\/\/gohike.lv\/ru\/#\/schema\/logo\/image\/"},"sameAs":["https:\/\/www.facebook.com\/gohike.shop\/","https:\/\/www.instagram.com\/gohike.shop\/"]}]}},"jetpack_sharing_enabled":true,"_links":{"self":[{"href":"https:\/\/gohike.lv\/ru\/wp-json\/wp\/v2\/product\/54047","targetHints":{"allow":["GET"]}}],"collection":[{"href":"https:\/\/gohike.lv\/ru\/wp-json\/wp\/v2\/product"}],"about":[{"href":"https:\/\/gohike.lv\/ru\/wp-json\/wp\/v2\/types\/product"}],"version-history":[{"count":0,"href":"https:\/\/gohike.lv\/ru\/wp-json\/wp\/v2\/product\/54047\/revisions"}],"wp:featuredmedia":[{"embeddable":true,"href":"https:\/\/gohike.lv\/ru\/wp-json\/wp\/v2\/media\/27682"}],"wp:attachment":[{"href":"https:\/\/gohike.lv\/ru\/wp-json\/wp\/v2\/media?parent=54047"}],"wp:term":[{"taxonomy":"product_brand","embeddable":true,"href":"https:\/\/gohike.lv\/ru\/wp-json\/wp\/v2\/product_brand?post=54047"},{"taxonomy":"product_cat","embeddable":true,"href":"https:\/\/gohike.lv\/ru\/wp-json\/wp\/v2\/product_cat?post=54047"},{"taxonomy":"product_tag","embeddable":true,"href":"https:\/\/gohike.lv\/ru\/wp-json\/wp\/v2\/product_tag?post=54047"}],"curies":[{"name":"wp","href":"https:\/\/api.w.org\/{rel}","templated":true}]}}