{"id":54045,"date":"2024-05-09T13:35:01","date_gmt":"2024-05-09T10:35:01","guid":{"rendered":"https:\/\/gohike.lv\/produkts\/naturehike-ixpe-paplasinats-un-sabiezinats-paklajs\/"},"modified":"2026-03-23T07:26:30","modified_gmt":"2026-03-23T04:26:30","slug":"naturehike-ixpe-paplasinats-un-sabiezinats-paklajs","status":"publish","type":"product","link":"https:\/\/gohike.lv\/ru\/produkts\/naturehike-ixpe-paplasinats-un-sabiezinats-paklajs\/","title":{"rendered":"Naturehike &#8212; IXPE papla\u0161in\u0101ts un sabiezin\u0101ts pakl\u0101js"},"content":{"rendered":"<p>IXPE ir tehnisks materi\u0101ls ar labu izol\u0101ciju, kas nelai\u017e cauri mitrumu un aukstumu.<br \/>\nAlum\u012bnija pl\u0113ve nodro\u0161ina v\u0113l liel\u0101ku izol\u0101ciju un aizsardz\u012bbu pret aukstumu.<br \/>\nKomplekt\u0101 ietilpst p\u0101rvalks, pateicoties tam pakl\u0101ju var \u0113rti glab\u0101t som\u0101 ce\u013cojuma laik\u0101.<br \/>\n\u013boti praktisks un \u0113rts pakl\u0101js akt\u012bv\u0101s atp\u016btas cien\u012bt\u0101jiem.<br \/>\nRaksturlielumi:<br \/>\nMateri\u0101ls: IXPE, alum\u012bnija pl\u0113ve;<br \/>\nIzm\u0113ri atloc\u012bt\u0101 veid\u0101: 193 x 65 x 1,8 cm;<br \/>\nIzm\u0113ri saloc\u012bt\u0101 veid\u0101: 65 x 20 cm;<br \/>\nSvars: 740 g.<\/p>\n","protected":false},"excerpt":{"rendered":"<p>Salok\u0101mais pakl\u0101js Naturehike IXPE Rolled ir \u013coti \u0113rts lieto\u0161anai br\u012bv\u0101 dab\u0101.<\/p>\n","protected":false},"featured_media":27670,"template":"","meta":[],"product_brand":[167],"product_cat":[9447,1510],"product_tag":[],"class_list":{"0":"post-54045","1":"product","2":"type-product","3":"status-publish","4":"has-post-thumbnail","6":"product_brand-naturehike-lv","7":"product_cat-izpardosana","8":"product_cat-paklajini-un-spilveni","9":"pa_izmeriscm-193651-8","10":"pa_materiali-ixpe-aluminija-parklajums","11":"pa_produkta-tips-paklajini","12":"pa_r-vertiba-1-8","13":"pa_saliktas-preces-izmerscm-8846","15":"first","16":"outofstock","17":"sale","18":"taxable","19":"shipping-taxable","20":"purchasable","21":"product-type-simple"},"raw_content":{"name":"Naturehike - IXPE papla\u0161in\u0101ts un sabiezin\u0101ts pakl\u0101js","description":"IXPE ir tehnisks materi\u0101ls ar labu izol\u0101ciju, kas nelai\u017e cauri mitrumu un aukstumu.\nAlum\u012bnija pl\u0113ve nodro\u0161ina v\u0113l liel\u0101ku izol\u0101ciju un aizsardz\u012bbu pret aukstumu.\nKomplekt\u0101 ietilpst p\u0101rvalks, pateicoties tam pakl\u0101ju var \u0113rti glab\u0101t som\u0101 ce\u013cojuma laik\u0101.\n\u013boti praktisks un \u0113rts pakl\u0101js akt\u012bv\u0101s atp\u016btas cien\u012bt\u0101jiem.\nRaksturlielumi:\nMateri\u0101ls: IXPE, alum\u012bnija pl\u0113ve;\nIzm\u0113ri atloc\u012bt\u0101 veid\u0101: 193 x 65 x 1,8 cm;\nIzm\u0113ri saloc\u012bt\u0101 veid\u0101: 65 x 20 cm;\nSvars: 740 g.","short_description":"Salok\u0101mais pakl\u0101js Naturehike IXPE Rolled ir \u013coti \u0113rts lieto\u0161anai br\u012bv\u0101 dab\u0101.","status":"publish","sku":"6927595718483","original":54045},"wpml":{"translation_type":1,"has_translations":true,"original":54045,"duplicates":[],"translations":{"lv":54045,"en":67875,"ru":null}},"supplier_id":null,"supplier_sku":"","barcode":null,"atum_controlled":true,"out_stock_date":"2026-03-23 01:33:04","out_stock_threshold":null,"inheritable":false,"inbound_stock":0,"stock_on_hold":0,"sold_today":0,"sales_last_days":1,"reserved_stock":0,"customer_returns":0,"warehouse_damage":0,"lost_in_post":0,"other_logs":0,"out_stock_days":3,"lost_sales":17,"has_location":false,"update_date":"2026-03-26T16:27:26","atum_locations":[],"atum_stock_status":"outofstock","restock_status":false,"low_stock_amount":"","sales_update_date":"2026-03-26T16:27:26","calc_backorders":null,"yoast_head":"<!-- This site is optimized with the Yoast SEO plugin v27.3 - https:\/\/yoast.com\/product\/yoast-seo-wordpress\/ -->\n<title>Naturehike - IXPE papla\u0161in\u0101ts un sabiezin\u0101ts pakl\u0101js<\/title>\n<meta name=\"description\" content=\"Salok\u0101mais pakl\u0101js Naturehike IXPE Rolled ir \u013coti \u0113rts lieto\u0161anai br\u012bv\u0101 dab\u0101. \u013boti praktisks un \u0113rts pakl\u0101js akt\u012bv\u0101s atp\u016btas cien\u012bt\u0101jiem.\" \/>\n<meta name=\"robots\" content=\"index, follow, max-snippet:-1, max-image-preview:large, max-video-preview:-1\" \/>\n<link rel=\"canonical\" href=\"https:\/\/gohike.lv\/ru\/produkts\/naturehike-ixpe-paplasinats-un-sabiezinats-paklajs\/\" \/>\n<meta property=\"og:locale\" content=\"ru_RU\" \/>\n<meta property=\"og:type\" content=\"article\" \/>\n<meta property=\"og:title\" content=\"Naturehike - Saliekamais pakl\u0101js\" \/>\n<meta property=\"og:description\" content=\"Salok\u0101mais pakl\u0101js Naturehike IXPE Rolled ir \u013coti \u0113rts lieto\u0161anai br\u012bv\u0101 dab\u0101. \u013boti praktisks un \u0113rts pakl\u0101js akt\u012bv\u0101s atp\u016btas cien\u012bt\u0101jiem.\" \/>\n<meta property=\"og:url\" content=\"https:\/\/gohike.lv\/ru\/produkts\/naturehike-ixpe-paplasinats-un-sabiezinats-paklajs\/\" \/>\n<meta property=\"og:site_name\" content=\"GoHike\" \/>\n<meta property=\"article:publisher\" content=\"https:\/\/www.facebook.com\/gohike.shop\/\" \/>\n<meta property=\"article:modified_time\" content=\"2026-03-23T04:26:30+00:00\" \/>\n<meta property=\"og:image\" content=\"https:\/\/gohike.lv\/wp-content\/uploads\/2024\/04\/IXPErolledMat_-1.webp\" \/>\n\t<meta property=\"og:image:width\" content=\"630\" \/>\n\t<meta property=\"og:image:height\" content=\"630\" \/>\n\t<meta property=\"og:image:type\" content=\"image\/webp\" \/>\n<meta name=\"twitter:card\" content=\"summary_large_image\" \/>\n<meta name=\"twitter:title\" content=\"Naturehike - Saliekamais pakl\u0101js\" \/>\n<meta name=\"twitter:label1\" content=\"\u041f\u0440\u0438\u043c\u0435\u0440\u043d\u043e\u0435 \u0432\u0440\u0435\u043c\u044f \u0434\u043b\u044f \u0447\u0442\u0435\u043d\u0438\u044f\" \/>\n\t<meta name=\"twitter:data1\" content=\"1 \u043c\u0438\u043d\u0443\u0442\u0430\" \/>\n<script type=\"application\/ld+json\" class=\"yoast-schema-graph\">{\"@context\":\"https:\\\/\\\/schema.org\",\"@graph\":[{\"@type\":[\"WebPage\",\"ItemPage\"],\"@id\":\"https:\\\/\\\/gohike.lv\\\/ru\\\/produkts\\\/naturehike-ixpe-paplasinats-un-sabiezinats-paklajs\\\/\",\"url\":\"https:\\\/\\\/gohike.lv\\\/ru\\\/produkts\\\/naturehike-ixpe-paplasinats-un-sabiezinats-paklajs\\\/\",\"name\":\"Naturehike - IXPE papla\u0161in\u0101ts un sabiezin\u0101ts pakl\u0101js\",\"isPartOf\":{\"@id\":\"https:\\\/\\\/gohike.lv\\\/ru\\\/#website\"},\"primaryImageOfPage\":{\"@id\":\"https:\\\/\\\/gohike.lv\\\/ru\\\/produkts\\\/naturehike-ixpe-paplasinats-un-sabiezinats-paklajs\\\/#primaryimage\"},\"image\":{\"@id\":\"https:\\\/\\\/gohike.lv\\\/ru\\\/produkts\\\/naturehike-ixpe-paplasinats-un-sabiezinats-paklajs\\\/#primaryimage\"},\"thumbnailUrl\":\"https:\\\/\\\/gohike.lv\\\/wp-content\\\/uploads\\\/2024\\\/04\\\/IXPErolledMat_-1.webp\",\"datePublished\":\"2024-05-09T10:35:01+00:00\",\"dateModified\":\"2026-03-23T04:26:30+00:00\",\"description\":\"Salok\u0101mais pakl\u0101js Naturehike IXPE Rolled ir \u013coti \u0113rts lieto\u0161anai br\u012bv\u0101 dab\u0101. \u013boti praktisks un \u0113rts pakl\u0101js akt\u012bv\u0101s atp\u016btas cien\u012bt\u0101jiem.\",\"breadcrumb\":{\"@id\":\"https:\\\/\\\/gohike.lv\\\/ru\\\/produkts\\\/naturehike-ixpe-paplasinats-un-sabiezinats-paklajs\\\/#breadcrumb\"},\"inLanguage\":\"ru-RU\",\"potentialAction\":[{\"@type\":\"ReadAction\",\"target\":[\"https:\\\/\\\/gohike.lv\\\/ru\\\/produkts\\\/naturehike-ixpe-paplasinats-un-sabiezinats-paklajs\\\/\"]}]},{\"@type\":\"ImageObject\",\"inLanguage\":\"ru-RU\",\"@id\":\"https:\\\/\\\/gohike.lv\\\/ru\\\/produkts\\\/naturehike-ixpe-paplasinats-un-sabiezinats-paklajs\\\/#primaryimage\",\"url\":\"https:\\\/\\\/gohike.lv\\\/wp-content\\\/uploads\\\/2024\\\/04\\\/IXPErolledMat_-1.webp\",\"contentUrl\":\"https:\\\/\\\/gohike.lv\\\/wp-content\\\/uploads\\\/2024\\\/04\\\/IXPErolledMat_-1.webp\",\"width\":630,\"height\":630},{\"@type\":\"BreadcrumbList\",\"@id\":\"https:\\\/\\\/gohike.lv\\\/ru\\\/produkts\\\/naturehike-ixpe-paplasinats-un-sabiezinats-paklajs\\\/#breadcrumb\",\"itemListElement\":[{\"@type\":\"ListItem\",\"position\":1,\"name\":\"\u0413\u043b\u0430\u0432\u043d\u0430\u044f\",\"item\":\"https:\\\/\\\/gohike.lv\\\/ru\\\/\"},{\"@type\":\"ListItem\",\"position\":2,\"name\":\"\u041a\u0430\u0442\u0435\u0433\u043e\u0440\u0438\u0438 \u0442\u043e\u0432\u0430\u0440\u043e\u0432\",\"item\":\"https:\\\/\\\/gohike.lv\\\/%d0%ba%d0%b0%d1%82%d0%b5%d0%b3%d0%be%d1%80%d0%b8%d0%b8-%d1%82%d0%be%d0%b2%d0%b0%d1%80%d0%be%d0%b2\\\/\"},{\"@type\":\"ListItem\",\"position\":3,\"name\":\"Naturehike &#8211; IXPE papla\u0161in\u0101ts un sabiezin\u0101ts pakl\u0101js\"}]},{\"@type\":\"WebSite\",\"@id\":\"https:\\\/\\\/gohike.lv\\\/ru\\\/#website\",\"url\":\"https:\\\/\\\/gohike.lv\\\/ru\\\/\",\"name\":\"GoHike\",\"description\":\"\",\"publisher\":{\"@id\":\"https:\\\/\\\/gohike.lv\\\/ru\\\/#organization\"},\"potentialAction\":[{\"@type\":\"SearchAction\",\"target\":{\"@type\":\"EntryPoint\",\"urlTemplate\":\"https:\\\/\\\/gohike.lv\\\/ru\\\/?s={search_term_string}\"},\"query-input\":{\"@type\":\"PropertyValueSpecification\",\"valueRequired\":true,\"valueName\":\"search_term_string\"}}],\"inLanguage\":\"ru-RU\"},{\"@type\":\"Organization\",\"@id\":\"https:\\\/\\\/gohike.lv\\\/ru\\\/#organization\",\"name\":\"GoHike\",\"url\":\"https:\\\/\\\/gohike.lv\\\/ru\\\/\",\"logo\":{\"@type\":\"ImageObject\",\"inLanguage\":\"ru-RU\",\"@id\":\"https:\\\/\\\/gohike.lv\\\/ru\\\/#\\\/schema\\\/logo\\\/image\\\/\",\"url\":\"https:\\\/\\\/gohike.lv\\\/wp-content\\\/uploads\\\/2023\\\/08\\\/Logo_GoHike.webp\",\"contentUrl\":\"https:\\\/\\\/gohike.lv\\\/wp-content\\\/uploads\\\/2023\\\/08\\\/Logo_GoHike.webp\",\"width\":512,\"height\":512,\"caption\":\"GoHike\"},\"image\":{\"@id\":\"https:\\\/\\\/gohike.lv\\\/ru\\\/#\\\/schema\\\/logo\\\/image\\\/\"},\"sameAs\":[\"https:\\\/\\\/www.facebook.com\\\/gohike.shop\\\/\",\"https:\\\/\\\/www.instagram.com\\\/gohike.shop\\\/\"]}]}<\/script>\n<!-- \/ Yoast SEO plugin. -->","yoast_head_json":{"title":"Naturehike - IXPE papla\u0161in\u0101ts un sabiezin\u0101ts pakl\u0101js","description":"Salok\u0101mais pakl\u0101js Naturehike IXPE Rolled ir \u013coti \u0113rts lieto\u0161anai br\u012bv\u0101 dab\u0101. \u013boti praktisks un \u0113rts pakl\u0101js akt\u012bv\u0101s atp\u016btas cien\u012bt\u0101jiem.","robots":{"index":"index","follow":"follow","max-snippet":"max-snippet:-1","max-image-preview":"max-image-preview:large","max-video-preview":"max-video-preview:-1"},"canonical":"https:\/\/gohike.lv\/ru\/produkts\/naturehike-ixpe-paplasinats-un-sabiezinats-paklajs\/","og_locale":"ru_RU","og_type":"article","og_title":"Naturehike - Saliekamais pakl\u0101js","og_description":"Salok\u0101mais pakl\u0101js Naturehike IXPE Rolled ir \u013coti \u0113rts lieto\u0161anai br\u012bv\u0101 dab\u0101. \u013boti praktisks un \u0113rts pakl\u0101js akt\u012bv\u0101s atp\u016btas cien\u012bt\u0101jiem.","og_url":"https:\/\/gohike.lv\/ru\/produkts\/naturehike-ixpe-paplasinats-un-sabiezinats-paklajs\/","og_site_name":"GoHike","article_publisher":"https:\/\/www.facebook.com\/gohike.shop\/","article_modified_time":"2026-03-23T04:26:30+00:00","og_image":[{"width":630,"height":630,"url":"https:\/\/gohike.lv\/wp-content\/uploads\/2024\/04\/IXPErolledMat_-1.webp","type":"image\/webp"}],"twitter_card":"summary_large_image","twitter_title":"Naturehike - Saliekamais pakl\u0101js","twitter_misc":{"\u041f\u0440\u0438\u043c\u0435\u0440\u043d\u043e\u0435 \u0432\u0440\u0435\u043c\u044f \u0434\u043b\u044f \u0447\u0442\u0435\u043d\u0438\u044f":"1 \u043c\u0438\u043d\u0443\u0442\u0430"},"schema":{"@context":"https:\/\/schema.org","@graph":[{"@type":["WebPage","ItemPage"],"@id":"https:\/\/gohike.lv\/ru\/produkts\/naturehike-ixpe-paplasinats-un-sabiezinats-paklajs\/","url":"https:\/\/gohike.lv\/ru\/produkts\/naturehike-ixpe-paplasinats-un-sabiezinats-paklajs\/","name":"Naturehike - IXPE papla\u0161in\u0101ts un sabiezin\u0101ts pakl\u0101js","isPartOf":{"@id":"https:\/\/gohike.lv\/ru\/#website"},"primaryImageOfPage":{"@id":"https:\/\/gohike.lv\/ru\/produkts\/naturehike-ixpe-paplasinats-un-sabiezinats-paklajs\/#primaryimage"},"image":{"@id":"https:\/\/gohike.lv\/ru\/produkts\/naturehike-ixpe-paplasinats-un-sabiezinats-paklajs\/#primaryimage"},"thumbnailUrl":"https:\/\/gohike.lv\/wp-content\/uploads\/2024\/04\/IXPErolledMat_-1.webp","datePublished":"2024-05-09T10:35:01+00:00","dateModified":"2026-03-23T04:26:30+00:00","description":"Salok\u0101mais pakl\u0101js Naturehike IXPE Rolled ir \u013coti \u0113rts lieto\u0161anai br\u012bv\u0101 dab\u0101. \u013boti praktisks un \u0113rts pakl\u0101js akt\u012bv\u0101s atp\u016btas cien\u012bt\u0101jiem.","breadcrumb":{"@id":"https:\/\/gohike.lv\/ru\/produkts\/naturehike-ixpe-paplasinats-un-sabiezinats-paklajs\/#breadcrumb"},"inLanguage":"ru-RU","potentialAction":[{"@type":"ReadAction","target":["https:\/\/gohike.lv\/ru\/produkts\/naturehike-ixpe-paplasinats-un-sabiezinats-paklajs\/"]}]},{"@type":"ImageObject","inLanguage":"ru-RU","@id":"https:\/\/gohike.lv\/ru\/produkts\/naturehike-ixpe-paplasinats-un-sabiezinats-paklajs\/#primaryimage","url":"https:\/\/gohike.lv\/wp-content\/uploads\/2024\/04\/IXPErolledMat_-1.webp","contentUrl":"https:\/\/gohike.lv\/wp-content\/uploads\/2024\/04\/IXPErolledMat_-1.webp","width":630,"height":630},{"@type":"BreadcrumbList","@id":"https:\/\/gohike.lv\/ru\/produkts\/naturehike-ixpe-paplasinats-un-sabiezinats-paklajs\/#breadcrumb","itemListElement":[{"@type":"ListItem","position":1,"name":"\u0413\u043b\u0430\u0432\u043d\u0430\u044f","item":"https:\/\/gohike.lv\/ru\/"},{"@type":"ListItem","position":2,"name":"\u041a\u0430\u0442\u0435\u0433\u043e\u0440\u0438\u0438 \u0442\u043e\u0432\u0430\u0440\u043e\u0432","item":"https:\/\/gohike.lv\/%d0%ba%d0%b0%d1%82%d0%b5%d0%b3%d0%be%d1%80%d0%b8%d0%b8-%d1%82%d0%be%d0%b2%d0%b0%d1%80%d0%be%d0%b2\/"},{"@type":"ListItem","position":3,"name":"Naturehike &#8211; IXPE papla\u0161in\u0101ts un sabiezin\u0101ts pakl\u0101js"}]},{"@type":"WebSite","@id":"https:\/\/gohike.lv\/ru\/#website","url":"https:\/\/gohike.lv\/ru\/","name":"GoHike","description":"","publisher":{"@id":"https:\/\/gohike.lv\/ru\/#organization"},"potentialAction":[{"@type":"SearchAction","target":{"@type":"EntryPoint","urlTemplate":"https:\/\/gohike.lv\/ru\/?s={search_term_string}"},"query-input":{"@type":"PropertyValueSpecification","valueRequired":true,"valueName":"search_term_string"}}],"inLanguage":"ru-RU"},{"@type":"Organization","@id":"https:\/\/gohike.lv\/ru\/#organization","name":"GoHike","url":"https:\/\/gohike.lv\/ru\/","logo":{"@type":"ImageObject","inLanguage":"ru-RU","@id":"https:\/\/gohike.lv\/ru\/#\/schema\/logo\/image\/","url":"https:\/\/gohike.lv\/wp-content\/uploads\/2023\/08\/Logo_GoHike.webp","contentUrl":"https:\/\/gohike.lv\/wp-content\/uploads\/2023\/08\/Logo_GoHike.webp","width":512,"height":512,"caption":"GoHike"},"image":{"@id":"https:\/\/gohike.lv\/ru\/#\/schema\/logo\/image\/"},"sameAs":["https:\/\/www.facebook.com\/gohike.shop\/","https:\/\/www.instagram.com\/gohike.shop\/"]}]}},"jetpack_sharing_enabled":true,"_links":{"self":[{"href":"https:\/\/gohike.lv\/ru\/wp-json\/wp\/v2\/product\/54045","targetHints":{"allow":["GET"]}}],"collection":[{"href":"https:\/\/gohike.lv\/ru\/wp-json\/wp\/v2\/product"}],"about":[{"href":"https:\/\/gohike.lv\/ru\/wp-json\/wp\/v2\/types\/product"}],"version-history":[{"count":0,"href":"https:\/\/gohike.lv\/ru\/wp-json\/wp\/v2\/product\/54045\/revisions"}],"wp:featuredmedia":[{"embeddable":true,"href":"https:\/\/gohike.lv\/ru\/wp-json\/wp\/v2\/media\/27670"}],"wp:attachment":[{"href":"https:\/\/gohike.lv\/ru\/wp-json\/wp\/v2\/media?parent=54045"}],"wp:term":[{"taxonomy":"product_brand","embeddable":true,"href":"https:\/\/gohike.lv\/ru\/wp-json\/wp\/v2\/product_brand?post=54045"},{"taxonomy":"product_cat","embeddable":true,"href":"https:\/\/gohike.lv\/ru\/wp-json\/wp\/v2\/product_cat?post=54045"},{"taxonomy":"product_tag","embeddable":true,"href":"https:\/\/gohike.lv\/ru\/wp-json\/wp\/v2\/product_tag?post=54045"}],"curies":[{"name":"wp","href":"https:\/\/api.w.org\/{rel}","templated":true}]}}