{"id":54041,"date":"2024-05-09T13:35:01","date_gmt":"2024-05-09T10:35:01","guid":{"rendered":"https:\/\/gohike.lv\/produkts\/naturehike-tpu-remonta-komplekts\/"},"modified":"2026-01-22T20:23:11","modified_gmt":"2026-01-22T17:23:11","slug":"naturehike-tpu-remonta-komplekts","status":"publish","type":"product","link":"https:\/\/gohike.lv\/ru\/produkts\/naturehike-tpu-remonta-komplekts\/","title":{"rendered":"Naturehike &#8212; TPU remonta komplekts"},"content":{"rendered":"<p>Pat\u010dam nav nepiecie\u0161ams izmantot papildu l\u012bmi vai adatu no\u0161uvi.<br \/>\nRaksturlielumi:<br \/>\nSvars: 2 g<br \/>\nMateri\u0101ls: TPU;<br \/>\nIzm\u0113rs: 7 cm x 7 cm;<br \/>\nKr\u0101sa: caursp\u012bd\u012bga.<\/p>\n","protected":false},"excerpt":{"rendered":"<p>Naturehike GR iel\u0101pu komplekts. Komplekt\u0101 3 \u016bdensnecaurlaid\u012bgi iel\u0101pi \u0101trai tentu, tel\u0161u, ap\u0123\u0113rbu un akt\u012bv\u0101s atp\u016btas aksesu\u0101ru remontam.<\/p>\n","protected":false},"featured_media":27642,"template":"","meta":[],"product_brand":[167],"product_cat":[1510],"product_tag":[],"class_list":{"0":"post-54041","1":"product","2":"type-product","3":"status-publish","4":"has-post-thumbnail","6":"product_brand-naturehike-lv","7":"product_cat-paklajini-un-spilveni","8":"pa_izmeriscm-9964","9":"pa_materiali-caurspidiga-tpu-pleve-3-gab-maisa","10":"pa_produkta-tips-paklajini","11":"pa_saliktas-preces-izmerscm-8839","13":"first","14":"instock","15":"taxable","16":"shipping-taxable","17":"purchasable","18":"product-type-simple"},"raw_content":{"name":"Naturehike - TPU remonta komplekts","description":"Pat\u010dam nav nepiecie\u0161ams izmantot papildu l\u012bmi vai adatu no\u0161uvi.\nRaksturlielumi:\nSvars: 2 g\nMateri\u0101ls: TPU;\nIzm\u0113rs: 7 cm x 7 cm;\nKr\u0101sa: caursp\u012bd\u012bga.","short_description":"Naturehike GR iel\u0101pu komplekts. Komplekt\u0101 3 \u016bdensnecaurlaid\u012bgi iel\u0101pi \u0101trai tentu, tel\u0161u, ap\u0123\u0113rbu un akt\u012bv\u0101s atp\u016btas aksesu\u0101ru remontam.","status":"publish","sku":"6927595741078","original":54041},"wpml":{"translation_type":1,"has_translations":true,"original":54041,"duplicates":[],"translations":{"lv":54041,"en":67356,"ru":null}},"supplier_id":null,"supplier_sku":"","barcode":null,"atum_controlled":true,"out_stock_date":null,"out_stock_threshold":null,"inheritable":false,"inbound_stock":null,"stock_on_hold":0,"sold_today":0,"sales_last_days":0,"reserved_stock":null,"customer_returns":null,"warehouse_damage":null,"lost_in_post":null,"other_logs":null,"out_stock_days":0,"lost_sales":0,"has_location":null,"update_date":"2026-01-22T17:23:13","atum_locations":[],"atum_stock_status":"instock","restock_status":false,"low_stock_amount":"","sales_update_date":"2025-11-13T14:08:04","calc_backorders":null,"yoast_head":"<!-- This site is optimized with the Yoast SEO plugin v27.3 - https:\/\/yoast.com\/product\/yoast-seo-wordpress\/ -->\n<title>Naturehike - TPU remonta komplekts<\/title>\n<meta name=\"description\" content=\"Naturehike GR iel\u0101pu komplekts. Komplekt\u0101 3 \u016bdensnecaurlaid\u012bgi iel\u0101pi \u0101trai tentu, tel\u0161u, ap\u0123\u0113rbu un akt\u012bv\u0101s atp\u016btas aksesu\u0101ru remontam.\" \/>\n<meta name=\"robots\" content=\"index, follow, max-snippet:-1, max-image-preview:large, max-video-preview:-1\" \/>\n<link rel=\"canonical\" href=\"https:\/\/gohike.lv\/ru\/produkts\/naturehike-tpu-remonta-komplekts\/\" \/>\n<meta property=\"og:locale\" content=\"ru_RU\" \/>\n<meta property=\"og:type\" content=\"article\" \/>\n<meta property=\"og:title\" content=\"Naturehike - TPU remonta komplekts\" \/>\n<meta property=\"og:description\" content=\"Naturehike GR iel\u0101pu komplekts. Komplekt\u0101 3 \u016bdensnecaurlaid\u012bgi iel\u0101pi \u0101trai tentu, tel\u0161u, ap\u0123\u0113rbu un akt\u012bv\u0101s atp\u016btas aksesu\u0101ru remontam.\" \/>\n<meta property=\"og:url\" content=\"https:\/\/gohike.lv\/ru\/produkts\/naturehike-tpu-remonta-komplekts\/\" \/>\n<meta property=\"og:site_name\" content=\"GoHike\" \/>\n<meta property=\"article:publisher\" content=\"https:\/\/www.facebook.com\/gohike.shop\/\" \/>\n<meta property=\"article:modified_time\" content=\"2026-01-22T17:23:11+00:00\" \/>\n<meta property=\"og:image\" content=\"https:\/\/gohike.lv\/wp-content\/uploads\/2024\/04\/TPUrepairKit_-1.webp\" \/>\n\t<meta property=\"og:image:width\" content=\"800\" \/>\n\t<meta property=\"og:image:height\" content=\"800\" \/>\n\t<meta property=\"og:image:type\" content=\"image\/webp\" \/>\n<meta name=\"twitter:card\" content=\"summary_large_image\" \/>\n<meta name=\"twitter:title\" content=\"Naturehike - TPU remonta komplekts\" \/>\n<meta name=\"twitter:label1\" content=\"\u041f\u0440\u0438\u043c\u0435\u0440\u043d\u043e\u0435 \u0432\u0440\u0435\u043c\u044f \u0434\u043b\u044f \u0447\u0442\u0435\u043d\u0438\u044f\" \/>\n\t<meta name=\"twitter:data1\" content=\"1 \u043c\u0438\u043d\u0443\u0442\u0430\" \/>\n<script type=\"application\/ld+json\" class=\"yoast-schema-graph\">{\"@context\":\"https:\\\/\\\/schema.org\",\"@graph\":[{\"@type\":[\"WebPage\",\"ItemPage\"],\"@id\":\"https:\\\/\\\/gohike.lv\\\/ru\\\/produkts\\\/naturehike-tpu-remonta-komplekts\\\/\",\"url\":\"https:\\\/\\\/gohike.lv\\\/ru\\\/produkts\\\/naturehike-tpu-remonta-komplekts\\\/\",\"name\":\"Naturehike - TPU remonta komplekts\",\"isPartOf\":{\"@id\":\"https:\\\/\\\/gohike.lv\\\/ru\\\/#website\"},\"primaryImageOfPage\":{\"@id\":\"https:\\\/\\\/gohike.lv\\\/ru\\\/produkts\\\/naturehike-tpu-remonta-komplekts\\\/#primaryimage\"},\"image\":{\"@id\":\"https:\\\/\\\/gohike.lv\\\/ru\\\/produkts\\\/naturehike-tpu-remonta-komplekts\\\/#primaryimage\"},\"thumbnailUrl\":\"https:\\\/\\\/gohike.lv\\\/wp-content\\\/uploads\\\/2024\\\/04\\\/TPUrepairKit_-1.webp\",\"datePublished\":\"2024-05-09T10:35:01+00:00\",\"dateModified\":\"2026-01-22T17:23:11+00:00\",\"description\":\"Naturehike GR iel\u0101pu komplekts. Komplekt\u0101 3 \u016bdensnecaurlaid\u012bgi iel\u0101pi \u0101trai tentu, tel\u0161u, ap\u0123\u0113rbu un akt\u012bv\u0101s atp\u016btas aksesu\u0101ru remontam.\",\"breadcrumb\":{\"@id\":\"https:\\\/\\\/gohike.lv\\\/ru\\\/produkts\\\/naturehike-tpu-remonta-komplekts\\\/#breadcrumb\"},\"inLanguage\":\"ru-RU\",\"potentialAction\":[{\"@type\":\"ReadAction\",\"target\":[\"https:\\\/\\\/gohike.lv\\\/ru\\\/produkts\\\/naturehike-tpu-remonta-komplekts\\\/\"]}]},{\"@type\":\"ImageObject\",\"inLanguage\":\"ru-RU\",\"@id\":\"https:\\\/\\\/gohike.lv\\\/ru\\\/produkts\\\/naturehike-tpu-remonta-komplekts\\\/#primaryimage\",\"url\":\"https:\\\/\\\/gohike.lv\\\/wp-content\\\/uploads\\\/2024\\\/04\\\/TPUrepairKit_-1.webp\",\"contentUrl\":\"https:\\\/\\\/gohike.lv\\\/wp-content\\\/uploads\\\/2024\\\/04\\\/TPUrepairKit_-1.webp\",\"width\":800,\"height\":800},{\"@type\":\"BreadcrumbList\",\"@id\":\"https:\\\/\\\/gohike.lv\\\/ru\\\/produkts\\\/naturehike-tpu-remonta-komplekts\\\/#breadcrumb\",\"itemListElement\":[{\"@type\":\"ListItem\",\"position\":1,\"name\":\"\u0413\u043b\u0430\u0432\u043d\u0430\u044f\",\"item\":\"https:\\\/\\\/gohike.lv\\\/ru\\\/\"},{\"@type\":\"ListItem\",\"position\":2,\"name\":\"\u041a\u0430\u0442\u0435\u0433\u043e\u0440\u0438\u0438 \u0442\u043e\u0432\u0430\u0440\u043e\u0432\",\"item\":\"https:\\\/\\\/gohike.lv\\\/%d0%ba%d0%b0%d1%82%d0%b5%d0%b3%d0%be%d1%80%d0%b8%d0%b8-%d1%82%d0%be%d0%b2%d0%b0%d1%80%d0%be%d0%b2\\\/\"},{\"@type\":\"ListItem\",\"position\":3,\"name\":\"Naturehike &#8211; TPU remonta komplekts\"}]},{\"@type\":\"WebSite\",\"@id\":\"https:\\\/\\\/gohike.lv\\\/ru\\\/#website\",\"url\":\"https:\\\/\\\/gohike.lv\\\/ru\\\/\",\"name\":\"GoHike\",\"description\":\"\",\"publisher\":{\"@id\":\"https:\\\/\\\/gohike.lv\\\/ru\\\/#organization\"},\"potentialAction\":[{\"@type\":\"SearchAction\",\"target\":{\"@type\":\"EntryPoint\",\"urlTemplate\":\"https:\\\/\\\/gohike.lv\\\/ru\\\/?s={search_term_string}\"},\"query-input\":{\"@type\":\"PropertyValueSpecification\",\"valueRequired\":true,\"valueName\":\"search_term_string\"}}],\"inLanguage\":\"ru-RU\"},{\"@type\":\"Organization\",\"@id\":\"https:\\\/\\\/gohike.lv\\\/ru\\\/#organization\",\"name\":\"GoHike\",\"url\":\"https:\\\/\\\/gohike.lv\\\/ru\\\/\",\"logo\":{\"@type\":\"ImageObject\",\"inLanguage\":\"ru-RU\",\"@id\":\"https:\\\/\\\/gohike.lv\\\/ru\\\/#\\\/schema\\\/logo\\\/image\\\/\",\"url\":\"https:\\\/\\\/gohike.lv\\\/wp-content\\\/uploads\\\/2023\\\/08\\\/Logo_GoHike.webp\",\"contentUrl\":\"https:\\\/\\\/gohike.lv\\\/wp-content\\\/uploads\\\/2023\\\/08\\\/Logo_GoHike.webp\",\"width\":512,\"height\":512,\"caption\":\"GoHike\"},\"image\":{\"@id\":\"https:\\\/\\\/gohike.lv\\\/ru\\\/#\\\/schema\\\/logo\\\/image\\\/\"},\"sameAs\":[\"https:\\\/\\\/www.facebook.com\\\/gohike.shop\\\/\",\"https:\\\/\\\/www.instagram.com\\\/gohike.shop\\\/\"]}]}<\/script>\n<!-- \/ Yoast SEO plugin. -->","yoast_head_json":{"title":"Naturehike - TPU remonta komplekts","description":"Naturehike GR iel\u0101pu komplekts. Komplekt\u0101 3 \u016bdensnecaurlaid\u012bgi iel\u0101pi \u0101trai tentu, tel\u0161u, ap\u0123\u0113rbu un akt\u012bv\u0101s atp\u016btas aksesu\u0101ru remontam.","robots":{"index":"index","follow":"follow","max-snippet":"max-snippet:-1","max-image-preview":"max-image-preview:large","max-video-preview":"max-video-preview:-1"},"canonical":"https:\/\/gohike.lv\/ru\/produkts\/naturehike-tpu-remonta-komplekts\/","og_locale":"ru_RU","og_type":"article","og_title":"Naturehike - TPU remonta komplekts","og_description":"Naturehike GR iel\u0101pu komplekts. Komplekt\u0101 3 \u016bdensnecaurlaid\u012bgi iel\u0101pi \u0101trai tentu, tel\u0161u, ap\u0123\u0113rbu un akt\u012bv\u0101s atp\u016btas aksesu\u0101ru remontam.","og_url":"https:\/\/gohike.lv\/ru\/produkts\/naturehike-tpu-remonta-komplekts\/","og_site_name":"GoHike","article_publisher":"https:\/\/www.facebook.com\/gohike.shop\/","article_modified_time":"2026-01-22T17:23:11+00:00","og_image":[{"width":800,"height":800,"url":"https:\/\/gohike.lv\/wp-content\/uploads\/2024\/04\/TPUrepairKit_-1.webp","type":"image\/webp"}],"twitter_card":"summary_large_image","twitter_title":"Naturehike - TPU remonta komplekts","twitter_misc":{"\u041f\u0440\u0438\u043c\u0435\u0440\u043d\u043e\u0435 \u0432\u0440\u0435\u043c\u044f \u0434\u043b\u044f \u0447\u0442\u0435\u043d\u0438\u044f":"1 \u043c\u0438\u043d\u0443\u0442\u0430"},"schema":{"@context":"https:\/\/schema.org","@graph":[{"@type":["WebPage","ItemPage"],"@id":"https:\/\/gohike.lv\/ru\/produkts\/naturehike-tpu-remonta-komplekts\/","url":"https:\/\/gohike.lv\/ru\/produkts\/naturehike-tpu-remonta-komplekts\/","name":"Naturehike - TPU remonta komplekts","isPartOf":{"@id":"https:\/\/gohike.lv\/ru\/#website"},"primaryImageOfPage":{"@id":"https:\/\/gohike.lv\/ru\/produkts\/naturehike-tpu-remonta-komplekts\/#primaryimage"},"image":{"@id":"https:\/\/gohike.lv\/ru\/produkts\/naturehike-tpu-remonta-komplekts\/#primaryimage"},"thumbnailUrl":"https:\/\/gohike.lv\/wp-content\/uploads\/2024\/04\/TPUrepairKit_-1.webp","datePublished":"2024-05-09T10:35:01+00:00","dateModified":"2026-01-22T17:23:11+00:00","description":"Naturehike GR iel\u0101pu komplekts. Komplekt\u0101 3 \u016bdensnecaurlaid\u012bgi iel\u0101pi \u0101trai tentu, tel\u0161u, ap\u0123\u0113rbu un akt\u012bv\u0101s atp\u016btas aksesu\u0101ru remontam.","breadcrumb":{"@id":"https:\/\/gohike.lv\/ru\/produkts\/naturehike-tpu-remonta-komplekts\/#breadcrumb"},"inLanguage":"ru-RU","potentialAction":[{"@type":"ReadAction","target":["https:\/\/gohike.lv\/ru\/produkts\/naturehike-tpu-remonta-komplekts\/"]}]},{"@type":"ImageObject","inLanguage":"ru-RU","@id":"https:\/\/gohike.lv\/ru\/produkts\/naturehike-tpu-remonta-komplekts\/#primaryimage","url":"https:\/\/gohike.lv\/wp-content\/uploads\/2024\/04\/TPUrepairKit_-1.webp","contentUrl":"https:\/\/gohike.lv\/wp-content\/uploads\/2024\/04\/TPUrepairKit_-1.webp","width":800,"height":800},{"@type":"BreadcrumbList","@id":"https:\/\/gohike.lv\/ru\/produkts\/naturehike-tpu-remonta-komplekts\/#breadcrumb","itemListElement":[{"@type":"ListItem","position":1,"name":"\u0413\u043b\u0430\u0432\u043d\u0430\u044f","item":"https:\/\/gohike.lv\/ru\/"},{"@type":"ListItem","position":2,"name":"\u041a\u0430\u0442\u0435\u0433\u043e\u0440\u0438\u0438 \u0442\u043e\u0432\u0430\u0440\u043e\u0432","item":"https:\/\/gohike.lv\/%d0%ba%d0%b0%d1%82%d0%b5%d0%b3%d0%be%d1%80%d0%b8%d0%b8-%d1%82%d0%be%d0%b2%d0%b0%d1%80%d0%be%d0%b2\/"},{"@type":"ListItem","position":3,"name":"Naturehike &#8211; TPU remonta komplekts"}]},{"@type":"WebSite","@id":"https:\/\/gohike.lv\/ru\/#website","url":"https:\/\/gohike.lv\/ru\/","name":"GoHike","description":"","publisher":{"@id":"https:\/\/gohike.lv\/ru\/#organization"},"potentialAction":[{"@type":"SearchAction","target":{"@type":"EntryPoint","urlTemplate":"https:\/\/gohike.lv\/ru\/?s={search_term_string}"},"query-input":{"@type":"PropertyValueSpecification","valueRequired":true,"valueName":"search_term_string"}}],"inLanguage":"ru-RU"},{"@type":"Organization","@id":"https:\/\/gohike.lv\/ru\/#organization","name":"GoHike","url":"https:\/\/gohike.lv\/ru\/","logo":{"@type":"ImageObject","inLanguage":"ru-RU","@id":"https:\/\/gohike.lv\/ru\/#\/schema\/logo\/image\/","url":"https:\/\/gohike.lv\/wp-content\/uploads\/2023\/08\/Logo_GoHike.webp","contentUrl":"https:\/\/gohike.lv\/wp-content\/uploads\/2023\/08\/Logo_GoHike.webp","width":512,"height":512,"caption":"GoHike"},"image":{"@id":"https:\/\/gohike.lv\/ru\/#\/schema\/logo\/image\/"},"sameAs":["https:\/\/www.facebook.com\/gohike.shop\/","https:\/\/www.instagram.com\/gohike.shop\/"]}]}},"jetpack_sharing_enabled":true,"_links":{"self":[{"href":"https:\/\/gohike.lv\/ru\/wp-json\/wp\/v2\/product\/54041","targetHints":{"allow":["GET"]}}],"collection":[{"href":"https:\/\/gohike.lv\/ru\/wp-json\/wp\/v2\/product"}],"about":[{"href":"https:\/\/gohike.lv\/ru\/wp-json\/wp\/v2\/types\/product"}],"version-history":[{"count":0,"href":"https:\/\/gohike.lv\/ru\/wp-json\/wp\/v2\/product\/54041\/revisions"}],"wp:featuredmedia":[{"embeddable":true,"href":"https:\/\/gohike.lv\/ru\/wp-json\/wp\/v2\/media\/27642"}],"wp:attachment":[{"href":"https:\/\/gohike.lv\/ru\/wp-json\/wp\/v2\/media?parent=54041"}],"wp:term":[{"taxonomy":"product_brand","embeddable":true,"href":"https:\/\/gohike.lv\/ru\/wp-json\/wp\/v2\/product_brand?post=54041"},{"taxonomy":"product_cat","embeddable":true,"href":"https:\/\/gohike.lv\/ru\/wp-json\/wp\/v2\/product_cat?post=54041"},{"taxonomy":"product_tag","embeddable":true,"href":"https:\/\/gohike.lv\/ru\/wp-json\/wp\/v2\/product_tag?post=54041"}],"curies":[{"name":"wp","href":"https:\/\/api.w.org\/{rel}","templated":true}]}}