{"id":54039,"date":"2024-05-09T13:35:01","date_gmt":"2024-05-09T10:35:01","guid":{"rendered":"https:\/\/gohike.lv\/produkts\/naturehike-r4-8-divvietigs-superviegls-paklajsdivvietigs\/"},"modified":"2025-12-30T17:24:40","modified_gmt":"2025-12-30T14:24:40","slug":"naturehike-r4-8-divvietigs-superviegls-paklajsdivvietigs","status":"publish","type":"product","link":"https:\/\/gohike.lv\/ru\/produkts\/naturehike-r4-8-divvietigs-superviegls-paklajsdivvietigs\/","title":{"rendered":"Naturehike &#8212; R4.8 Divviet\u012bgs, superviegls pakl\u0101js"},"content":{"rendered":"<p>Biezais pa\u0161piep\u016b\u0161amais pakl\u0101js ar augstu v\u0113rt\u012bbu R 4,8 apvieno sev\u012b siltumu un komfortu.<br \/>\nTas piem\u0113rots stipram salam l\u012bdz -10 \u00b0C.<br \/>\nTam ir tr\u012bssl\u0101\u0146u tr\u012bsdimensiju siltumu un gaismu atstarojo\u0161a strukt\u016bra, neatkar\u012bga gaisa kamera, p\u0101rvalks ar siltumizol\u0101cijas alum\u012bnija pl\u0113vi.<br \/>\nTas ir viegls un \u0113rti glab\u0101jams, maza izm\u0113ra un nav mas\u012bvs, no elast\u012bga auduma.<br \/>\nKonstrukcija no perfor\u0113tas alum\u012bnija pl\u0113ves, zems trok\u0161\u0146u l\u012bmenis un komfortabl\u0101ks miegs, biez\u0101ks spilvena korpuss.<\/p>\n","protected":false},"excerpt":{"rendered":"<p>Viegls, divviet\u012bgs pakl\u0101js.<\/p>\n","protected":false},"featured_media":27632,"template":"","meta":[],"product_brand":[167],"product_cat":[1510],"product_tag":[],"class_list":{"0":"post-54039","1":"product","2":"type-product","3":"status-publish","4":"has-post-thumbnail","6":"product_brand-naturehike-lv","7":"product_cat-paklajini-un-spilveni","8":"pa_izmeriscm-9965","9":"pa_materiali-elastigs-audums-tpu","10":"pa_produkta-tips-paklajini","11":"pa_r-vertiba-4-8","12":"pa_saliktas-preces-izmerscm-8835","13":"pa_spalva-haki","15":"first","16":"instock","17":"taxable","18":"shipping-taxable","19":"purchasable","20":"product-type-simple"},"raw_content":{"name":"Naturehike - R4.8 Divviet\u012bgs, superviegls pakl\u0101js","description":"Biezais pa\u0161piep\u016b\u0161amais pakl\u0101js ar augstu v\u0113rt\u012bbu R 4,8 apvieno sev\u012b siltumu un komfortu.\nTas piem\u0113rots stipram salam l\u012bdz -10 \u00b0C.\nTam ir tr\u012bssl\u0101\u0146u tr\u012bsdimensiju siltumu un gaismu atstarojo\u0161a strukt\u016bra, neatkar\u012bga gaisa kamera, p\u0101rvalks ar siltumizol\u0101cijas alum\u012bnija pl\u0113vi.\nTas ir viegls un \u0113rti glab\u0101jams, maza izm\u0113ra un nav mas\u012bvs, no elast\u012bga auduma.\nKonstrukcija no perfor\u0113tas alum\u012bnija pl\u0113ves, zems trok\u0161\u0146u l\u012bmenis un komfortabl\u0101ks miegs, biez\u0101ks spilvena korpuss.","short_description":"Viegls, divviet\u012bgs pakl\u0101js.","status":"publish","sku":"6976023927799","original":54039},"wpml":{"translation_type":1,"has_translations":true,"original":54039,"duplicates":[],"translations":{"lv":54039,"en":67360,"ru":null}},"supplier_id":null,"supplier_sku":"","barcode":null,"atum_controlled":true,"out_stock_date":null,"out_stock_threshold":null,"inheritable":false,"inbound_stock":0,"stock_on_hold":0,"sold_today":0,"sales_last_days":0,"reserved_stock":0,"customer_returns":0,"warehouse_damage":0,"lost_in_post":0,"other_logs":0,"out_stock_days":0,"lost_sales":0,"has_location":false,"update_date":"2025-12-30T14:30:36","atum_locations":[],"atum_stock_status":"instock","restock_status":false,"low_stock_amount":"","sales_update_date":"2025-11-13T14:07:51","calc_backorders":null,"yoast_head":"<!-- This site is optimized with the Yoast SEO plugin v27.3 - https:\/\/yoast.com\/product\/yoast-seo-wordpress\/ -->\n<title>Naturehike - R4.8 Divviet\u012bgs, superviegls pakl\u0101js<\/title>\n<meta name=\"description\" content=\"Viegls, divviet\u012bgs pakl\u0101js. Konstrukcija no perfor\u0113tas alum\u012bnija pl\u0113ves, zems trok\u0161\u0146u l\u012bmenis un komfortabl\u0101ks miegs, biez\u0101ks spilvena korpuss.\" \/>\n<meta name=\"robots\" content=\"index, follow, max-snippet:-1, max-image-preview:large, max-video-preview:-1\" \/>\n<link rel=\"canonical\" href=\"https:\/\/gohike.lv\/ru\/produkts\/naturehike-r4-8-divvietigs-superviegls-paklajsdivvietigs\/\" \/>\n<meta property=\"og:locale\" content=\"ru_RU\" \/>\n<meta property=\"og:type\" content=\"article\" \/>\n<meta property=\"og:title\" content=\"Naturehike - Divviet\u012bgais gu\u013campakl\u0101js\" \/>\n<meta property=\"og:description\" content=\"Viegls, divviet\u012bgs pakl\u0101js. Konstrukcija no perfor\u0113tas alum\u012bnija pl\u0113ves, zems trok\u0161\u0146u l\u012bmenis un komfortabl\u0101ks miegs, biez\u0101ks spilvena korpuss.\" \/>\n<meta property=\"og:url\" content=\"https:\/\/gohike.lv\/ru\/produkts\/naturehike-r4-8-divvietigs-superviegls-paklajsdivvietigs\/\" \/>\n<meta property=\"og:site_name\" content=\"GoHike\" \/>\n<meta property=\"article:publisher\" content=\"https:\/\/www.facebook.com\/gohike.shop\/\" \/>\n<meta property=\"article:modified_time\" content=\"2025-12-30T14:24:40+00:00\" \/>\n<meta property=\"og:image\" content=\"https:\/\/gohike.lv\/wp-content\/uploads\/2024\/04\/R48mat_khaki_-1.webp\" \/>\n\t<meta property=\"og:image:width\" content=\"800\" \/>\n\t<meta property=\"og:image:height\" content=\"800\" \/>\n\t<meta property=\"og:image:type\" content=\"image\/webp\" \/>\n<meta name=\"twitter:card\" content=\"summary_large_image\" \/>\n<meta name=\"twitter:title\" content=\"Naturehike - Divviet\u012bgais gu\u013campakl\u0101js\" \/>\n<meta name=\"twitter:label1\" content=\"\u041f\u0440\u0438\u043c\u0435\u0440\u043d\u043e\u0435 \u0432\u0440\u0435\u043c\u044f \u0434\u043b\u044f \u0447\u0442\u0435\u043d\u0438\u044f\" \/>\n\t<meta name=\"twitter:data1\" content=\"1 \u043c\u0438\u043d\u0443\u0442\u0430\" \/>\n<script type=\"application\/ld+json\" class=\"yoast-schema-graph\">{\"@context\":\"https:\\\/\\\/schema.org\",\"@graph\":[{\"@type\":[\"WebPage\",\"ItemPage\"],\"@id\":\"https:\\\/\\\/gohike.lv\\\/ru\\\/produkts\\\/naturehike-r4-8-divvietigs-superviegls-paklajsdivvietigs\\\/\",\"url\":\"https:\\\/\\\/gohike.lv\\\/ru\\\/produkts\\\/naturehike-r4-8-divvietigs-superviegls-paklajsdivvietigs\\\/\",\"name\":\"Naturehike - R4.8 Divviet\u012bgs, superviegls pakl\u0101js\",\"isPartOf\":{\"@id\":\"https:\\\/\\\/gohike.lv\\\/ru\\\/#website\"},\"primaryImageOfPage\":{\"@id\":\"https:\\\/\\\/gohike.lv\\\/ru\\\/produkts\\\/naturehike-r4-8-divvietigs-superviegls-paklajsdivvietigs\\\/#primaryimage\"},\"image\":{\"@id\":\"https:\\\/\\\/gohike.lv\\\/ru\\\/produkts\\\/naturehike-r4-8-divvietigs-superviegls-paklajsdivvietigs\\\/#primaryimage\"},\"thumbnailUrl\":\"https:\\\/\\\/gohike.lv\\\/wp-content\\\/uploads\\\/2024\\\/04\\\/R48mat_khaki_-1.webp\",\"datePublished\":\"2024-05-09T10:35:01+00:00\",\"dateModified\":\"2025-12-30T14:24:40+00:00\",\"description\":\"Viegls, divviet\u012bgs pakl\u0101js. Konstrukcija no perfor\u0113tas alum\u012bnija pl\u0113ves, zems trok\u0161\u0146u l\u012bmenis un komfortabl\u0101ks miegs, biez\u0101ks spilvena korpuss.\",\"breadcrumb\":{\"@id\":\"https:\\\/\\\/gohike.lv\\\/ru\\\/produkts\\\/naturehike-r4-8-divvietigs-superviegls-paklajsdivvietigs\\\/#breadcrumb\"},\"inLanguage\":\"ru-RU\",\"potentialAction\":[{\"@type\":\"ReadAction\",\"target\":[\"https:\\\/\\\/gohike.lv\\\/ru\\\/produkts\\\/naturehike-r4-8-divvietigs-superviegls-paklajsdivvietigs\\\/\"]}]},{\"@type\":\"ImageObject\",\"inLanguage\":\"ru-RU\",\"@id\":\"https:\\\/\\\/gohike.lv\\\/ru\\\/produkts\\\/naturehike-r4-8-divvietigs-superviegls-paklajsdivvietigs\\\/#primaryimage\",\"url\":\"https:\\\/\\\/gohike.lv\\\/wp-content\\\/uploads\\\/2024\\\/04\\\/R48mat_khaki_-1.webp\",\"contentUrl\":\"https:\\\/\\\/gohike.lv\\\/wp-content\\\/uploads\\\/2024\\\/04\\\/R48mat_khaki_-1.webp\",\"width\":800,\"height\":800},{\"@type\":\"BreadcrumbList\",\"@id\":\"https:\\\/\\\/gohike.lv\\\/ru\\\/produkts\\\/naturehike-r4-8-divvietigs-superviegls-paklajsdivvietigs\\\/#breadcrumb\",\"itemListElement\":[{\"@type\":\"ListItem\",\"position\":1,\"name\":\"\u0413\u043b\u0430\u0432\u043d\u0430\u044f\",\"item\":\"https:\\\/\\\/gohike.lv\\\/ru\\\/\"},{\"@type\":\"ListItem\",\"position\":2,\"name\":\"\u041a\u0430\u0442\u0435\u0433\u043e\u0440\u0438\u0438 \u0442\u043e\u0432\u0430\u0440\u043e\u0432\",\"item\":\"https:\\\/\\\/gohike.lv\\\/%d0%ba%d0%b0%d1%82%d0%b5%d0%b3%d0%be%d1%80%d0%b8%d0%b8-%d1%82%d0%be%d0%b2%d0%b0%d1%80%d0%be%d0%b2\\\/\"},{\"@type\":\"ListItem\",\"position\":3,\"name\":\"Naturehike &#8211; R4.8 Divviet\u012bgs, superviegls pakl\u0101js\"}]},{\"@type\":\"WebSite\",\"@id\":\"https:\\\/\\\/gohike.lv\\\/ru\\\/#website\",\"url\":\"https:\\\/\\\/gohike.lv\\\/ru\\\/\",\"name\":\"GoHike\",\"description\":\"\",\"publisher\":{\"@id\":\"https:\\\/\\\/gohike.lv\\\/ru\\\/#organization\"},\"potentialAction\":[{\"@type\":\"SearchAction\",\"target\":{\"@type\":\"EntryPoint\",\"urlTemplate\":\"https:\\\/\\\/gohike.lv\\\/ru\\\/?s={search_term_string}\"},\"query-input\":{\"@type\":\"PropertyValueSpecification\",\"valueRequired\":true,\"valueName\":\"search_term_string\"}}],\"inLanguage\":\"ru-RU\"},{\"@type\":\"Organization\",\"@id\":\"https:\\\/\\\/gohike.lv\\\/ru\\\/#organization\",\"name\":\"GoHike\",\"url\":\"https:\\\/\\\/gohike.lv\\\/ru\\\/\",\"logo\":{\"@type\":\"ImageObject\",\"inLanguage\":\"ru-RU\",\"@id\":\"https:\\\/\\\/gohike.lv\\\/ru\\\/#\\\/schema\\\/logo\\\/image\\\/\",\"url\":\"https:\\\/\\\/gohike.lv\\\/wp-content\\\/uploads\\\/2023\\\/08\\\/Logo_GoHike.webp\",\"contentUrl\":\"https:\\\/\\\/gohike.lv\\\/wp-content\\\/uploads\\\/2023\\\/08\\\/Logo_GoHike.webp\",\"width\":512,\"height\":512,\"caption\":\"GoHike\"},\"image\":{\"@id\":\"https:\\\/\\\/gohike.lv\\\/ru\\\/#\\\/schema\\\/logo\\\/image\\\/\"},\"sameAs\":[\"https:\\\/\\\/www.facebook.com\\\/gohike.shop\\\/\",\"https:\\\/\\\/www.instagram.com\\\/gohike.shop\\\/\"]}]}<\/script>\n<!-- \/ Yoast SEO plugin. -->","yoast_head_json":{"title":"Naturehike - R4.8 Divviet\u012bgs, superviegls pakl\u0101js","description":"Viegls, divviet\u012bgs pakl\u0101js. Konstrukcija no perfor\u0113tas alum\u012bnija pl\u0113ves, zems trok\u0161\u0146u l\u012bmenis un komfortabl\u0101ks miegs, biez\u0101ks spilvena korpuss.","robots":{"index":"index","follow":"follow","max-snippet":"max-snippet:-1","max-image-preview":"max-image-preview:large","max-video-preview":"max-video-preview:-1"},"canonical":"https:\/\/gohike.lv\/ru\/produkts\/naturehike-r4-8-divvietigs-superviegls-paklajsdivvietigs\/","og_locale":"ru_RU","og_type":"article","og_title":"Naturehike - Divviet\u012bgais gu\u013campakl\u0101js","og_description":"Viegls, divviet\u012bgs pakl\u0101js. Konstrukcija no perfor\u0113tas alum\u012bnija pl\u0113ves, zems trok\u0161\u0146u l\u012bmenis un komfortabl\u0101ks miegs, biez\u0101ks spilvena korpuss.","og_url":"https:\/\/gohike.lv\/ru\/produkts\/naturehike-r4-8-divvietigs-superviegls-paklajsdivvietigs\/","og_site_name":"GoHike","article_publisher":"https:\/\/www.facebook.com\/gohike.shop\/","article_modified_time":"2025-12-30T14:24:40+00:00","og_image":[{"width":800,"height":800,"url":"https:\/\/gohike.lv\/wp-content\/uploads\/2024\/04\/R48mat_khaki_-1.webp","type":"image\/webp"}],"twitter_card":"summary_large_image","twitter_title":"Naturehike - Divviet\u012bgais gu\u013campakl\u0101js","twitter_misc":{"\u041f\u0440\u0438\u043c\u0435\u0440\u043d\u043e\u0435 \u0432\u0440\u0435\u043c\u044f \u0434\u043b\u044f \u0447\u0442\u0435\u043d\u0438\u044f":"1 \u043c\u0438\u043d\u0443\u0442\u0430"},"schema":{"@context":"https:\/\/schema.org","@graph":[{"@type":["WebPage","ItemPage"],"@id":"https:\/\/gohike.lv\/ru\/produkts\/naturehike-r4-8-divvietigs-superviegls-paklajsdivvietigs\/","url":"https:\/\/gohike.lv\/ru\/produkts\/naturehike-r4-8-divvietigs-superviegls-paklajsdivvietigs\/","name":"Naturehike - R4.8 Divviet\u012bgs, superviegls pakl\u0101js","isPartOf":{"@id":"https:\/\/gohike.lv\/ru\/#website"},"primaryImageOfPage":{"@id":"https:\/\/gohike.lv\/ru\/produkts\/naturehike-r4-8-divvietigs-superviegls-paklajsdivvietigs\/#primaryimage"},"image":{"@id":"https:\/\/gohike.lv\/ru\/produkts\/naturehike-r4-8-divvietigs-superviegls-paklajsdivvietigs\/#primaryimage"},"thumbnailUrl":"https:\/\/gohike.lv\/wp-content\/uploads\/2024\/04\/R48mat_khaki_-1.webp","datePublished":"2024-05-09T10:35:01+00:00","dateModified":"2025-12-30T14:24:40+00:00","description":"Viegls, divviet\u012bgs pakl\u0101js. Konstrukcija no perfor\u0113tas alum\u012bnija pl\u0113ves, zems trok\u0161\u0146u l\u012bmenis un komfortabl\u0101ks miegs, biez\u0101ks spilvena korpuss.","breadcrumb":{"@id":"https:\/\/gohike.lv\/ru\/produkts\/naturehike-r4-8-divvietigs-superviegls-paklajsdivvietigs\/#breadcrumb"},"inLanguage":"ru-RU","potentialAction":[{"@type":"ReadAction","target":["https:\/\/gohike.lv\/ru\/produkts\/naturehike-r4-8-divvietigs-superviegls-paklajsdivvietigs\/"]}]},{"@type":"ImageObject","inLanguage":"ru-RU","@id":"https:\/\/gohike.lv\/ru\/produkts\/naturehike-r4-8-divvietigs-superviegls-paklajsdivvietigs\/#primaryimage","url":"https:\/\/gohike.lv\/wp-content\/uploads\/2024\/04\/R48mat_khaki_-1.webp","contentUrl":"https:\/\/gohike.lv\/wp-content\/uploads\/2024\/04\/R48mat_khaki_-1.webp","width":800,"height":800},{"@type":"BreadcrumbList","@id":"https:\/\/gohike.lv\/ru\/produkts\/naturehike-r4-8-divvietigs-superviegls-paklajsdivvietigs\/#breadcrumb","itemListElement":[{"@type":"ListItem","position":1,"name":"\u0413\u043b\u0430\u0432\u043d\u0430\u044f","item":"https:\/\/gohike.lv\/ru\/"},{"@type":"ListItem","position":2,"name":"\u041a\u0430\u0442\u0435\u0433\u043e\u0440\u0438\u0438 \u0442\u043e\u0432\u0430\u0440\u043e\u0432","item":"https:\/\/gohike.lv\/%d0%ba%d0%b0%d1%82%d0%b5%d0%b3%d0%be%d1%80%d0%b8%d0%b8-%d1%82%d0%be%d0%b2%d0%b0%d1%80%d0%be%d0%b2\/"},{"@type":"ListItem","position":3,"name":"Naturehike &#8211; R4.8 Divviet\u012bgs, superviegls pakl\u0101js"}]},{"@type":"WebSite","@id":"https:\/\/gohike.lv\/ru\/#website","url":"https:\/\/gohike.lv\/ru\/","name":"GoHike","description":"","publisher":{"@id":"https:\/\/gohike.lv\/ru\/#organization"},"potentialAction":[{"@type":"SearchAction","target":{"@type":"EntryPoint","urlTemplate":"https:\/\/gohike.lv\/ru\/?s={search_term_string}"},"query-input":{"@type":"PropertyValueSpecification","valueRequired":true,"valueName":"search_term_string"}}],"inLanguage":"ru-RU"},{"@type":"Organization","@id":"https:\/\/gohike.lv\/ru\/#organization","name":"GoHike","url":"https:\/\/gohike.lv\/ru\/","logo":{"@type":"ImageObject","inLanguage":"ru-RU","@id":"https:\/\/gohike.lv\/ru\/#\/schema\/logo\/image\/","url":"https:\/\/gohike.lv\/wp-content\/uploads\/2023\/08\/Logo_GoHike.webp","contentUrl":"https:\/\/gohike.lv\/wp-content\/uploads\/2023\/08\/Logo_GoHike.webp","width":512,"height":512,"caption":"GoHike"},"image":{"@id":"https:\/\/gohike.lv\/ru\/#\/schema\/logo\/image\/"},"sameAs":["https:\/\/www.facebook.com\/gohike.shop\/","https:\/\/www.instagram.com\/gohike.shop\/"]}]}},"jetpack_sharing_enabled":true,"_links":{"self":[{"href":"https:\/\/gohike.lv\/ru\/wp-json\/wp\/v2\/product\/54039","targetHints":{"allow":["GET"]}}],"collection":[{"href":"https:\/\/gohike.lv\/ru\/wp-json\/wp\/v2\/product"}],"about":[{"href":"https:\/\/gohike.lv\/ru\/wp-json\/wp\/v2\/types\/product"}],"version-history":[{"count":0,"href":"https:\/\/gohike.lv\/ru\/wp-json\/wp\/v2\/product\/54039\/revisions"}],"wp:featuredmedia":[{"embeddable":true,"href":"https:\/\/gohike.lv\/ru\/wp-json\/wp\/v2\/media\/27632"}],"wp:attachment":[{"href":"https:\/\/gohike.lv\/ru\/wp-json\/wp\/v2\/media?parent=54039"}],"wp:term":[{"taxonomy":"product_brand","embeddable":true,"href":"https:\/\/gohike.lv\/ru\/wp-json\/wp\/v2\/product_brand?post=54039"},{"taxonomy":"product_cat","embeddable":true,"href":"https:\/\/gohike.lv\/ru\/wp-json\/wp\/v2\/product_cat?post=54039"},{"taxonomy":"product_tag","embeddable":true,"href":"https:\/\/gohike.lv\/ru\/wp-json\/wp\/v2\/product_tag?post=54039"}],"curies":[{"name":"wp","href":"https:\/\/api.w.org\/{rel}","templated":true}]}}