{"id":54035,"date":"2024-05-09T13:33:50","date_gmt":"2024-05-09T10:33:50","guid":{"rendered":"https:\/\/gohike.lv\/produkts\/naturehike-r3-5-ultraviegls-paklajs-divvietigais-standarts\/"},"modified":"2025-12-30T17:24:40","modified_gmt":"2025-12-30T14:24:40","slug":"naturehike-r3-5-ultraviegls-paklajs-divvietigais-standarts","status":"publish","type":"product","link":"https:\/\/gohike.lv\/ru\/produkts\/naturehike-r3-5-ultraviegls-paklajs-divvietigais-standarts\/","title":{"rendered":"Naturehike &#8212; R3.5 Ultraviegls pakl\u0101js &#8212; Divviet\u012bgs &#8212; Standarts"},"content":{"rendered":"<p>Piep\u016b\u0161am\u0101 matra\u010da svars ir tikai 1.18 kg, un saloc\u012bt\u0101 veid\u0101 tas ir kompakts.<br \/>\nTas ir ide\u0101ls variants 2 cilv\u0113kidm, b\u016bs pietiekami daudz vietas komfortablai gul\u0113\u0161anai.<br \/>\nL\u012bdz 7 cm biezs, superviegls matracis ir apr\u012bkots ar kvadr\u0101tveida kamer\u0101m, kas nodro\u0161ina maksim\u0101li komfortablu miegu, k\u0101 ar\u012b vienm\u0113r\u012bgu slodzes sadal\u012bjumu.<br \/>\n\u0160im modelim ir taisnst\u016brveida forma, kas \u013cauj iev\u0113rojami samazin\u0101t risku miega laik\u0101 nosl\u012bd\u0113t no matra\u010da.<br \/>\nRaksturlielumi:<br \/>\nIzm\u0113rs: 196 \u0445 120 \u0445 7;<br \/>\nIzm\u0113rs salikt\u0101 veid\u0101: 26 \u0445 12:<br \/>\nMateri\u0101ls: TPU + neilons;<br \/>\nSoma uzglab\u0101\u0161anai un transport\u0113\u0161anai;<br \/>\nTilpums: 6.93 l.<\/p>\n","protected":false},"excerpt":{"rendered":"<p>Matracim Naturehike za\u013c\u0101 kr\u0101s\u0101 ir vienk\u0101r\u0161s dizains, bet tas ir \u0101rk\u0101rt\u012bgi \u0113rts. Pateicoties tam, ikviens var\u0113s justies \u0113rti ce\u013cojumu un atp\u016btas laik\u0101 pie dabas. Tas ir pietiekami biezs, t\u0101p\u0113c nodro\u0161ina labu izol\u0101ciju un dro\u0161i pasarg\u0101 no aukstuma. Matracis ir \u016bdensnecaurlaid\u012bgs, t\u0101p\u0113c matraci var novietot pat uz mitras virsmas<\/p>\n","protected":false},"featured_media":54037,"template":"","meta":[],"product_brand":[167],"product_cat":[1510],"product_tag":[],"class_list":{"0":"post-54035","1":"product","2":"type-product","3":"status-publish","4":"has-post-thumbnail","6":"product_brand-naturehike-lv","7":"product_cat-paklajini-un-spilveni","8":"pa_izmeriscm-9959","9":"pa_materiali-tpu-neilons-20d","10":"pa_produkta-tips-paklajini","11":"pa_r-vertiba-3-5","12":"pa_saliktas-preces-izmerscm-8832","13":"pa_spalva-zals","15":"first","16":"outofstock","17":"taxable","18":"shipping-taxable","19":"purchasable","20":"product-type-simple"},"raw_content":{"name":"Naturehike - R3.5 Ultraviegls pakl\u0101js - Divviet\u012bgs - Standarts","description":"Piep\u016b\u0161am\u0101 matra\u010da svars ir tikai 1.18 kg, un saloc\u012bt\u0101 veid\u0101 tas ir kompakts.\nTas ir ide\u0101ls variants 2 cilv\u0113kidm, b\u016bs pietiekami daudz vietas komfortablai gul\u0113\u0161anai.\nL\u012bdz 7 cm biezs, superviegls matracis ir apr\u012bkots ar kvadr\u0101tveida kamer\u0101m, kas nodro\u0161ina maksim\u0101li komfortablu miegu, k\u0101 ar\u012b vienm\u0113r\u012bgu slodzes sadal\u012bjumu.\n\u0160im modelim ir taisnst\u016brveida forma, kas \u013cauj iev\u0113rojami samazin\u0101t risku miega laik\u0101 nosl\u012bd\u0113t no matra\u010da.\nRaksturlielumi:\nIzm\u0113rs: 196 \u0445 120 \u0445 7;\nIzm\u0113rs salikt\u0101 veid\u0101: 26 \u0445 12:\nMateri\u0101ls: TPU + neilons;\nSoma uzglab\u0101\u0161anai un transport\u0113\u0161anai;\nTilpums: 6.93 l.","short_description":"Matracim Naturehike za\u013c\u0101 kr\u0101s\u0101 ir vienk\u0101r\u0161s dizains, bet tas ir \u0101rk\u0101rt\u012bgi \u0113rts. Pateicoties tam, ikviens var\u0113s justies \u0113rti ce\u013cojumu un atp\u016btas laik\u0101 pie dabas. Tas ir pietiekami biezs, t\u0101p\u0113c nodro\u0161ina labu izol\u0101ciju un dro\u0161i pasarg\u0101 no aukstuma. Matracis ir \u016bdensnecaurlaid\u012bgs, t\u0101p\u0113c matraci var novietot pat uz mitras virsmas","status":"publish","sku":"6927595712221","original":54035},"wpml":{"translation_type":1,"has_translations":true,"original":54035,"duplicates":[],"translations":{"lv":54035,"en":67860,"ru":null}},"supplier_id":null,"supplier_sku":"","barcode":null,"atum_controlled":true,"out_stock_date":null,"out_stock_threshold":null,"inheritable":false,"inbound_stock":0,"stock_on_hold":0,"sold_today":0,"sales_last_days":0,"reserved_stock":0,"customer_returns":0,"warehouse_damage":0,"lost_in_post":0,"other_logs":0,"out_stock_days":0,"lost_sales":0,"has_location":false,"update_date":"2025-12-30T14:30:36","atum_locations":[],"atum_stock_status":"outofstock","restock_status":false,"low_stock_amount":"","sales_update_date":"2025-11-13T14:09:05","calc_backorders":null,"yoast_head":"<!-- This site is optimized with the Yoast SEO plugin v27.3 - https:\/\/yoast.com\/product\/yoast-seo-wordpress\/ -->\n<title>Naturehike - R3.5 Ultraviegls pakl\u0101js - Divviet\u012bgs - Standarts<\/title>\n<meta name=\"description\" content=\"Matracim Naturehike za\u013c\u0101 kr\u0101s\u0101 ir vienk\u0101r\u0161s dizains, bet tas ir \u0101rk\u0101rt\u012bgi \u0113rts. Pateicoties tam, ikviens var\u0113s justies \u0113rti ce\u013cojumu un atp\u016btas laik\u0101 pie dabas. Tas ir pietiekami biezs, t\u0101p\u0113c nodro\u0161ina labu izol\u0101ciju un dro\u0161i pasarg\u0101 no aukstuma. Matracis ir \u016bdensnecaurlaid\u012bgs, t\u0101p\u0113c matraci var novietot pat uz mitras virsmas\" \/>\n<meta name=\"robots\" content=\"index, follow, max-snippet:-1, max-image-preview:large, max-video-preview:-1\" \/>\n<link rel=\"canonical\" href=\"https:\/\/gohike.lv\/ru\/produkts\/naturehike-r3-5-ultraviegls-paklajs-divvietigais-standarts\/\" \/>\n<meta property=\"og:locale\" content=\"ru_RU\" \/>\n<meta property=\"og:type\" content=\"article\" \/>\n<meta property=\"og:title\" content=\"Naturehike - T\u016brisma pakl\u0101ji\u0146\u0161\" \/>\n<meta property=\"og:description\" content=\"Matracim Naturehike za\u013c\u0101 kr\u0101s\u0101 ir vienk\u0101r\u0161s dizains, bet tas ir \u0101rk\u0101rt\u012bgi \u0113rts. Pateicoties tam, ikviens var\u0113s justies \u0113rti ce\u013cojumu un atp\u016btas laik\u0101 pie dabas. Tas ir pietiekami biezs, t\u0101p\u0113c nodro\u0161ina labu izol\u0101ciju un dro\u0161i pasarg\u0101 no aukstuma. Matracis ir \u016bdensnecaurlaid\u012bgs, t\u0101p\u0113c matraci var novietot pat uz mitras virsmas\" \/>\n<meta property=\"og:url\" content=\"https:\/\/gohike.lv\/ru\/produkts\/naturehike-r3-5-ultraviegls-paklajs-divvietigais-standarts\/\" \/>\n<meta property=\"og:site_name\" content=\"GoHike\" \/>\n<meta property=\"article:publisher\" content=\"https:\/\/www.facebook.com\/gohike.shop\/\" \/>\n<meta property=\"article:modified_time\" content=\"2025-12-30T14:24:40+00:00\" \/>\n<meta property=\"og:image\" content=\"https:\/\/gohike.lv\/wp-content\/uploads\/2024\/05\/R35Ultralight_double__green.jpeg\" \/>\n\t<meta property=\"og:image:width\" content=\"800\" \/>\n\t<meta property=\"og:image:height\" content=\"800\" \/>\n\t<meta property=\"og:image:type\" content=\"image\/jpeg\" \/>\n<meta name=\"twitter:card\" content=\"summary_large_image\" \/>\n<meta name=\"twitter:title\" content=\"Naturehike - T\u016brisma pakl\u0101ji\u0146\u0161\" \/>\n<meta name=\"twitter:label1\" content=\"\u041f\u0440\u0438\u043c\u0435\u0440\u043d\u043e\u0435 \u0432\u0440\u0435\u043c\u044f \u0434\u043b\u044f \u0447\u0442\u0435\u043d\u0438\u044f\" \/>\n\t<meta name=\"twitter:data1\" content=\"1 \u043c\u0438\u043d\u0443\u0442\u0430\" \/>\n<script type=\"application\/ld+json\" class=\"yoast-schema-graph\">{\"@context\":\"https:\\\/\\\/schema.org\",\"@graph\":[{\"@type\":[\"WebPage\",\"ItemPage\"],\"@id\":\"https:\\\/\\\/gohike.lv\\\/ru\\\/produkts\\\/naturehike-r3-5-ultraviegls-paklajs-divvietigais-standarts\\\/\",\"url\":\"https:\\\/\\\/gohike.lv\\\/ru\\\/produkts\\\/naturehike-r3-5-ultraviegls-paklajs-divvietigais-standarts\\\/\",\"name\":\"Naturehike - R3.5 Ultraviegls pakl\u0101js - Divviet\u012bgs - Standarts\",\"isPartOf\":{\"@id\":\"https:\\\/\\\/gohike.lv\\\/ru\\\/#website\"},\"primaryImageOfPage\":{\"@id\":\"https:\\\/\\\/gohike.lv\\\/ru\\\/produkts\\\/naturehike-r3-5-ultraviegls-paklajs-divvietigais-standarts\\\/#primaryimage\"},\"image\":{\"@id\":\"https:\\\/\\\/gohike.lv\\\/ru\\\/produkts\\\/naturehike-r3-5-ultraviegls-paklajs-divvietigais-standarts\\\/#primaryimage\"},\"thumbnailUrl\":\"https:\\\/\\\/gohike.lv\\\/wp-content\\\/uploads\\\/2024\\\/05\\\/R35Ultralight_double__green.jpeg\",\"datePublished\":\"2024-05-09T10:33:50+00:00\",\"dateModified\":\"2025-12-30T14:24:40+00:00\",\"description\":\"Matracim Naturehike za\u013c\u0101 kr\u0101s\u0101 ir vienk\u0101r\u0161s dizains, bet tas ir \u0101rk\u0101rt\u012bgi \u0113rts. Pateicoties tam, ikviens var\u0113s justies \u0113rti ce\u013cojumu un atp\u016btas laik\u0101 pie dabas. Tas ir pietiekami biezs, t\u0101p\u0113c nodro\u0161ina labu izol\u0101ciju un dro\u0161i pasarg\u0101 no aukstuma. Matracis ir \u016bdensnecaurlaid\u012bgs, t\u0101p\u0113c matraci var novietot pat uz mitras virsmas\",\"breadcrumb\":{\"@id\":\"https:\\\/\\\/gohike.lv\\\/ru\\\/produkts\\\/naturehike-r3-5-ultraviegls-paklajs-divvietigais-standarts\\\/#breadcrumb\"},\"inLanguage\":\"ru-RU\",\"potentialAction\":[{\"@type\":\"ReadAction\",\"target\":[\"https:\\\/\\\/gohike.lv\\\/ru\\\/produkts\\\/naturehike-r3-5-ultraviegls-paklajs-divvietigais-standarts\\\/\"]}]},{\"@type\":\"ImageObject\",\"inLanguage\":\"ru-RU\",\"@id\":\"https:\\\/\\\/gohike.lv\\\/ru\\\/produkts\\\/naturehike-r3-5-ultraviegls-paklajs-divvietigais-standarts\\\/#primaryimage\",\"url\":\"https:\\\/\\\/gohike.lv\\\/wp-content\\\/uploads\\\/2024\\\/05\\\/R35Ultralight_double__green.jpeg\",\"contentUrl\":\"https:\\\/\\\/gohike.lv\\\/wp-content\\\/uploads\\\/2024\\\/05\\\/R35Ultralight_double__green.jpeg\",\"width\":800,\"height\":800},{\"@type\":\"BreadcrumbList\",\"@id\":\"https:\\\/\\\/gohike.lv\\\/ru\\\/produkts\\\/naturehike-r3-5-ultraviegls-paklajs-divvietigais-standarts\\\/#breadcrumb\",\"itemListElement\":[{\"@type\":\"ListItem\",\"position\":1,\"name\":\"\u0413\u043b\u0430\u0432\u043d\u0430\u044f\",\"item\":\"https:\\\/\\\/gohike.lv\\\/ru\\\/\"},{\"@type\":\"ListItem\",\"position\":2,\"name\":\"\u041a\u0430\u0442\u0435\u0433\u043e\u0440\u0438\u0438 \u0442\u043e\u0432\u0430\u0440\u043e\u0432\",\"item\":\"https:\\\/\\\/gohike.lv\\\/%d0%ba%d0%b0%d1%82%d0%b5%d0%b3%d0%be%d1%80%d0%b8%d0%b8-%d1%82%d0%be%d0%b2%d0%b0%d1%80%d0%be%d0%b2\\\/\"},{\"@type\":\"ListItem\",\"position\":3,\"name\":\"Naturehike &#8211; R3.5 Ultraviegls pakl\u0101js &#8211; Divviet\u012bgs &#8211; Standarts\"}]},{\"@type\":\"WebSite\",\"@id\":\"https:\\\/\\\/gohike.lv\\\/ru\\\/#website\",\"url\":\"https:\\\/\\\/gohike.lv\\\/ru\\\/\",\"name\":\"GoHike\",\"description\":\"\",\"publisher\":{\"@id\":\"https:\\\/\\\/gohike.lv\\\/ru\\\/#organization\"},\"potentialAction\":[{\"@type\":\"SearchAction\",\"target\":{\"@type\":\"EntryPoint\",\"urlTemplate\":\"https:\\\/\\\/gohike.lv\\\/ru\\\/?s={search_term_string}\"},\"query-input\":{\"@type\":\"PropertyValueSpecification\",\"valueRequired\":true,\"valueName\":\"search_term_string\"}}],\"inLanguage\":\"ru-RU\"},{\"@type\":\"Organization\",\"@id\":\"https:\\\/\\\/gohike.lv\\\/ru\\\/#organization\",\"name\":\"GoHike\",\"url\":\"https:\\\/\\\/gohike.lv\\\/ru\\\/\",\"logo\":{\"@type\":\"ImageObject\",\"inLanguage\":\"ru-RU\",\"@id\":\"https:\\\/\\\/gohike.lv\\\/ru\\\/#\\\/schema\\\/logo\\\/image\\\/\",\"url\":\"https:\\\/\\\/gohike.lv\\\/wp-content\\\/uploads\\\/2023\\\/08\\\/Logo_GoHike.webp\",\"contentUrl\":\"https:\\\/\\\/gohike.lv\\\/wp-content\\\/uploads\\\/2023\\\/08\\\/Logo_GoHike.webp\",\"width\":512,\"height\":512,\"caption\":\"GoHike\"},\"image\":{\"@id\":\"https:\\\/\\\/gohike.lv\\\/ru\\\/#\\\/schema\\\/logo\\\/image\\\/\"},\"sameAs\":[\"https:\\\/\\\/www.facebook.com\\\/gohike.shop\\\/\",\"https:\\\/\\\/www.instagram.com\\\/gohike.shop\\\/\"]}]}<\/script>\n<!-- \/ Yoast SEO plugin. -->","yoast_head_json":{"title":"Naturehike - R3.5 Ultraviegls pakl\u0101js - Divviet\u012bgs - Standarts","description":"Matracim Naturehike za\u013c\u0101 kr\u0101s\u0101 ir vienk\u0101r\u0161s dizains, bet tas ir \u0101rk\u0101rt\u012bgi \u0113rts. Pateicoties tam, ikviens var\u0113s justies \u0113rti ce\u013cojumu un atp\u016btas laik\u0101 pie dabas. Tas ir pietiekami biezs, t\u0101p\u0113c nodro\u0161ina labu izol\u0101ciju un dro\u0161i pasarg\u0101 no aukstuma. Matracis ir \u016bdensnecaurlaid\u012bgs, t\u0101p\u0113c matraci var novietot pat uz mitras virsmas","robots":{"index":"index","follow":"follow","max-snippet":"max-snippet:-1","max-image-preview":"max-image-preview:large","max-video-preview":"max-video-preview:-1"},"canonical":"https:\/\/gohike.lv\/ru\/produkts\/naturehike-r3-5-ultraviegls-paklajs-divvietigais-standarts\/","og_locale":"ru_RU","og_type":"article","og_title":"Naturehike - T\u016brisma pakl\u0101ji\u0146\u0161","og_description":"Matracim Naturehike za\u013c\u0101 kr\u0101s\u0101 ir vienk\u0101r\u0161s dizains, bet tas ir \u0101rk\u0101rt\u012bgi \u0113rts. Pateicoties tam, ikviens var\u0113s justies \u0113rti ce\u013cojumu un atp\u016btas laik\u0101 pie dabas. Tas ir pietiekami biezs, t\u0101p\u0113c nodro\u0161ina labu izol\u0101ciju un dro\u0161i pasarg\u0101 no aukstuma. Matracis ir \u016bdensnecaurlaid\u012bgs, t\u0101p\u0113c matraci var novietot pat uz mitras virsmas","og_url":"https:\/\/gohike.lv\/ru\/produkts\/naturehike-r3-5-ultraviegls-paklajs-divvietigais-standarts\/","og_site_name":"GoHike","article_publisher":"https:\/\/www.facebook.com\/gohike.shop\/","article_modified_time":"2025-12-30T14:24:40+00:00","og_image":[{"width":800,"height":800,"url":"https:\/\/gohike.lv\/wp-content\/uploads\/2024\/05\/R35Ultralight_double__green.jpeg","type":"image\/jpeg"}],"twitter_card":"summary_large_image","twitter_title":"Naturehike - T\u016brisma pakl\u0101ji\u0146\u0161","twitter_misc":{"\u041f\u0440\u0438\u043c\u0435\u0440\u043d\u043e\u0435 \u0432\u0440\u0435\u043c\u044f \u0434\u043b\u044f \u0447\u0442\u0435\u043d\u0438\u044f":"1 \u043c\u0438\u043d\u0443\u0442\u0430"},"schema":{"@context":"https:\/\/schema.org","@graph":[{"@type":["WebPage","ItemPage"],"@id":"https:\/\/gohike.lv\/ru\/produkts\/naturehike-r3-5-ultraviegls-paklajs-divvietigais-standarts\/","url":"https:\/\/gohike.lv\/ru\/produkts\/naturehike-r3-5-ultraviegls-paklajs-divvietigais-standarts\/","name":"Naturehike - R3.5 Ultraviegls pakl\u0101js - Divviet\u012bgs - Standarts","isPartOf":{"@id":"https:\/\/gohike.lv\/ru\/#website"},"primaryImageOfPage":{"@id":"https:\/\/gohike.lv\/ru\/produkts\/naturehike-r3-5-ultraviegls-paklajs-divvietigais-standarts\/#primaryimage"},"image":{"@id":"https:\/\/gohike.lv\/ru\/produkts\/naturehike-r3-5-ultraviegls-paklajs-divvietigais-standarts\/#primaryimage"},"thumbnailUrl":"https:\/\/gohike.lv\/wp-content\/uploads\/2024\/05\/R35Ultralight_double__green.jpeg","datePublished":"2024-05-09T10:33:50+00:00","dateModified":"2025-12-30T14:24:40+00:00","description":"Matracim Naturehike za\u013c\u0101 kr\u0101s\u0101 ir vienk\u0101r\u0161s dizains, bet tas ir \u0101rk\u0101rt\u012bgi \u0113rts. Pateicoties tam, ikviens var\u0113s justies \u0113rti ce\u013cojumu un atp\u016btas laik\u0101 pie dabas. Tas ir pietiekami biezs, t\u0101p\u0113c nodro\u0161ina labu izol\u0101ciju un dro\u0161i pasarg\u0101 no aukstuma. Matracis ir \u016bdensnecaurlaid\u012bgs, t\u0101p\u0113c matraci var novietot pat uz mitras virsmas","breadcrumb":{"@id":"https:\/\/gohike.lv\/ru\/produkts\/naturehike-r3-5-ultraviegls-paklajs-divvietigais-standarts\/#breadcrumb"},"inLanguage":"ru-RU","potentialAction":[{"@type":"ReadAction","target":["https:\/\/gohike.lv\/ru\/produkts\/naturehike-r3-5-ultraviegls-paklajs-divvietigais-standarts\/"]}]},{"@type":"ImageObject","inLanguage":"ru-RU","@id":"https:\/\/gohike.lv\/ru\/produkts\/naturehike-r3-5-ultraviegls-paklajs-divvietigais-standarts\/#primaryimage","url":"https:\/\/gohike.lv\/wp-content\/uploads\/2024\/05\/R35Ultralight_double__green.jpeg","contentUrl":"https:\/\/gohike.lv\/wp-content\/uploads\/2024\/05\/R35Ultralight_double__green.jpeg","width":800,"height":800},{"@type":"BreadcrumbList","@id":"https:\/\/gohike.lv\/ru\/produkts\/naturehike-r3-5-ultraviegls-paklajs-divvietigais-standarts\/#breadcrumb","itemListElement":[{"@type":"ListItem","position":1,"name":"\u0413\u043b\u0430\u0432\u043d\u0430\u044f","item":"https:\/\/gohike.lv\/ru\/"},{"@type":"ListItem","position":2,"name":"\u041a\u0430\u0442\u0435\u0433\u043e\u0440\u0438\u0438 \u0442\u043e\u0432\u0430\u0440\u043e\u0432","item":"https:\/\/gohike.lv\/%d0%ba%d0%b0%d1%82%d0%b5%d0%b3%d0%be%d1%80%d0%b8%d0%b8-%d1%82%d0%be%d0%b2%d0%b0%d1%80%d0%be%d0%b2\/"},{"@type":"ListItem","position":3,"name":"Naturehike &#8211; R3.5 Ultraviegls pakl\u0101js &#8211; Divviet\u012bgs &#8211; Standarts"}]},{"@type":"WebSite","@id":"https:\/\/gohike.lv\/ru\/#website","url":"https:\/\/gohike.lv\/ru\/","name":"GoHike","description":"","publisher":{"@id":"https:\/\/gohike.lv\/ru\/#organization"},"potentialAction":[{"@type":"SearchAction","target":{"@type":"EntryPoint","urlTemplate":"https:\/\/gohike.lv\/ru\/?s={search_term_string}"},"query-input":{"@type":"PropertyValueSpecification","valueRequired":true,"valueName":"search_term_string"}}],"inLanguage":"ru-RU"},{"@type":"Organization","@id":"https:\/\/gohike.lv\/ru\/#organization","name":"GoHike","url":"https:\/\/gohike.lv\/ru\/","logo":{"@type":"ImageObject","inLanguage":"ru-RU","@id":"https:\/\/gohike.lv\/ru\/#\/schema\/logo\/image\/","url":"https:\/\/gohike.lv\/wp-content\/uploads\/2023\/08\/Logo_GoHike.webp","contentUrl":"https:\/\/gohike.lv\/wp-content\/uploads\/2023\/08\/Logo_GoHike.webp","width":512,"height":512,"caption":"GoHike"},"image":{"@id":"https:\/\/gohike.lv\/ru\/#\/schema\/logo\/image\/"},"sameAs":["https:\/\/www.facebook.com\/gohike.shop\/","https:\/\/www.instagram.com\/gohike.shop\/"]}]}},"jetpack_sharing_enabled":true,"_links":{"self":[{"href":"https:\/\/gohike.lv\/ru\/wp-json\/wp\/v2\/product\/54035","targetHints":{"allow":["GET"]}}],"collection":[{"href":"https:\/\/gohike.lv\/ru\/wp-json\/wp\/v2\/product"}],"about":[{"href":"https:\/\/gohike.lv\/ru\/wp-json\/wp\/v2\/types\/product"}],"version-history":[{"count":1,"href":"https:\/\/gohike.lv\/ru\/wp-json\/wp\/v2\/product\/54035\/revisions"}],"predecessor-version":[{"id":118764,"href":"https:\/\/gohike.lv\/ru\/wp-json\/wp\/v2\/product\/54035\/revisions\/118764"}],"wp:featuredmedia":[{"embeddable":true,"href":"https:\/\/gohike.lv\/ru\/wp-json\/wp\/v2\/media\/54037"}],"wp:attachment":[{"href":"https:\/\/gohike.lv\/ru\/wp-json\/wp\/v2\/media?parent=54035"}],"wp:term":[{"taxonomy":"product_brand","embeddable":true,"href":"https:\/\/gohike.lv\/ru\/wp-json\/wp\/v2\/product_brand?post=54035"},{"taxonomy":"product_cat","embeddable":true,"href":"https:\/\/gohike.lv\/ru\/wp-json\/wp\/v2\/product_cat?post=54035"},{"taxonomy":"product_tag","embeddable":true,"href":"https:\/\/gohike.lv\/ru\/wp-json\/wp\/v2\/product_tag?post=54035"}],"curies":[{"name":"wp","href":"https:\/\/api.w.org\/{rel}","templated":true}]}}