{"id":54023,"date":"2024-05-09T13:33:50","date_gmt":"2024-05-09T10:33:50","guid":{"rendered":"https:\/\/gohike.lv\/produkts\/naturehike-pvc-piepusamais-matracis-25-cm-ar-iebuvetu-suknidivvietigais\/"},"modified":"2025-12-30T17:24:40","modified_gmt":"2025-12-30T14:24:40","slug":"naturehike-pvc-piepusamais-matracis-25-cm-ar-iebuvetu-suknidivvietigais","status":"publish","type":"product","link":"https:\/\/gohike.lv\/ru\/produkts\/naturehike-pvc-piepusamais-matracis-25-cm-ar-iebuvetu-suknidivvietigais\/","title":{"rendered":"Naturehike &#8212; Divviet\u012bgs PVC piep\u016b\u0161amais matracis ar ieb\u016bv\u0113tu s\u016bkni"},"content":{"rendered":"<p>Uz matra\u010da virsmas ir \u012bpa\u0161as rievas pareizai \u0137erme\u0146a piegul\u0161anai miega laik\u0101, t\u0101p\u0113c p\u0113c miega noteikti jut\u012bsiet mundruma un ener\u0123ijas piepl\u016bdumu.<br \/>\nTas ir izgatavots no pat\u012bkama auduma.<br \/>\nMatraci piep\u016b\u0161 un nop\u016b\u0161 ar speci\u0101lu s\u016bkni, sagatavo\u0161ana lieto\u0161anai aiz\u0146em tikai 3-5 min\u016btes.<br \/>\n\u0160is matracis iztur slodzi l\u012bdz 450 kg un l\u012bdz ar to der\u0113s piln\u012bgi visiem.<br \/>\nIepakots p\u0101rvalk\u0101 un saloc\u012bt\u0101 veid\u0101.<\/p>\n","protected":false},"excerpt":{"rendered":"<p>Naturehike PVC piep\u016b\u0161amais matracis ar ieb\u016bv\u0113tu s\u016bkni.<\/p>\n","protected":false},"featured_media":27586,"template":"","meta":[],"product_brand":[167],"product_cat":[2826],"product_tag":[],"class_list":{"0":"post-54023","1":"product","2":"type-product","3":"status-publish","4":"has-post-thumbnail","6":"product_brand-naturehike-lv","7":"product_cat-piepusamie-matraci","8":"pa_izmeriscm-9974","9":"pa_izturiba-300kg","10":"pa_materiali-iebuvets-gaisa-suknis","11":"pa_materiali-materials-flokets-audums","12":"pa_materiali-poliestera-skiedra","13":"pa_materiali-pvc","14":"pa_produkta-tips-piepusamie-matraci","15":"pa_saliktas-preces-izmerscm-8815","16":"pa_spalva-haki","18":"first","19":"outofstock","20":"taxable","21":"shipping-taxable","22":"purchasable","23":"product-type-simple"},"raw_content":{"name":"Naturehike - Divviet\u012bgs PVC piep\u016b\u0161amais matracis ar ieb\u016bv\u0113tu s\u016bkni","description":"Uz matra\u010da virsmas ir \u012bpa\u0161as rievas pareizai \u0137erme\u0146a piegul\u0161anai miega laik\u0101, t\u0101p\u0113c p\u0113c miega noteikti jut\u012bsiet mundruma un ener\u0123ijas piepl\u016bdumu.\nTas ir izgatavots no pat\u012bkama auduma.\nMatraci piep\u016b\u0161 un nop\u016b\u0161 ar speci\u0101lu s\u016bkni, sagatavo\u0161ana lieto\u0161anai aiz\u0146em tikai 3-5 min\u016btes.\n\u0160is matracis iztur slodzi l\u012bdz 450 kg un l\u012bdz ar to der\u0113s piln\u012bgi visiem.\nIepakots p\u0101rvalk\u0101 un saloc\u012bt\u0101 veid\u0101.","short_description":"Naturehike PVC piep\u016b\u0161amais matracis ar ieb\u016bv\u0113tu s\u016bkni.","status":"publish","sku":"6976023929823","original":54023},"wpml":{"translation_type":1,"has_translations":true,"original":54023,"duplicates":[],"translations":{"lv":54023,"en":67872,"ru":null}},"supplier_id":null,"supplier_sku":"","barcode":null,"atum_controlled":true,"out_stock_date":null,"out_stock_threshold":null,"inheritable":false,"inbound_stock":null,"stock_on_hold":0,"sold_today":0,"sales_last_days":0,"reserved_stock":null,"customer_returns":null,"warehouse_damage":null,"lost_in_post":null,"other_logs":null,"out_stock_days":0,"lost_sales":0,"has_location":null,"update_date":"2025-12-30T14:30:37","atum_locations":[],"atum_stock_status":"outofstock","restock_status":false,"low_stock_amount":"","sales_update_date":"2025-11-13T14:07:51","calc_backorders":null,"yoast_head":"<!-- This site is optimized with the Yoast SEO plugin v27.3 - https:\/\/yoast.com\/product\/yoast-seo-wordpress\/ -->\n<title>Naturehike - Piep\u016b\u0161amais matracis<\/title>\n<meta name=\"description\" content=\"Naturehike PVC piep\u016b\u0161amais matracis ar ieb\u016bv\u0113tu s\u016bkni.\" \/>\n<meta name=\"robots\" content=\"index, follow, max-snippet:-1, max-image-preview:large, max-video-preview:-1\" \/>\n<link rel=\"canonical\" href=\"https:\/\/gohike.lv\/ru\/produkts\/naturehike-pvc-piepusamais-matracis-25-cm-ar-iebuvetu-suknidivvietigais\/\" \/>\n<meta property=\"og:locale\" content=\"ru_RU\" \/>\n<meta property=\"og:type\" content=\"article\" \/>\n<meta property=\"og:title\" content=\"Naturehike - Piep\u016b\u0161amais matracis\" \/>\n<meta property=\"og:description\" content=\"Naturehike PVC piep\u016b\u0161amais matracis ar ieb\u016bv\u0113tu s\u016bkni.\" \/>\n<meta property=\"og:url\" content=\"https:\/\/gohike.lv\/ru\/produkts\/naturehike-pvc-piepusamais-matracis-25-cm-ar-iebuvetu-suknidivvietigais\/\" \/>\n<meta property=\"og:site_name\" content=\"GoHike\" \/>\n<meta property=\"article:publisher\" content=\"https:\/\/www.facebook.com\/gohike.shop\/\" \/>\n<meta property=\"article:modified_time\" content=\"2025-12-30T14:24:40+00:00\" \/>\n<meta property=\"og:image\" content=\"https:\/\/gohike.lv\/wp-content\/uploads\/2024\/04\/C25_double_-1.webp\" \/>\n\t<meta property=\"og:image:width\" content=\"800\" \/>\n\t<meta property=\"og:image:height\" content=\"800\" \/>\n\t<meta property=\"og:image:type\" content=\"image\/webp\" \/>\n<meta name=\"twitter:card\" content=\"summary_large_image\" \/>\n<meta name=\"twitter:title\" content=\"Naturehike - Piep\u016b\u0161amais matracis\" \/>\n<meta name=\"twitter:label1\" content=\"\u041f\u0440\u0438\u043c\u0435\u0440\u043d\u043e\u0435 \u0432\u0440\u0435\u043c\u044f \u0434\u043b\u044f \u0447\u0442\u0435\u043d\u0438\u044f\" \/>\n\t<meta name=\"twitter:data1\" content=\"1 \u043c\u0438\u043d\u0443\u0442\u0430\" \/>\n<script type=\"application\/ld+json\" class=\"yoast-schema-graph\">{\"@context\":\"https:\\\/\\\/schema.org\",\"@graph\":[{\"@type\":[\"WebPage\",\"ItemPage\"],\"@id\":\"https:\\\/\\\/gohike.lv\\\/ru\\\/produkts\\\/naturehike-pvc-piepusamais-matracis-25-cm-ar-iebuvetu-suknidivvietigais\\\/\",\"url\":\"https:\\\/\\\/gohike.lv\\\/ru\\\/produkts\\\/naturehike-pvc-piepusamais-matracis-25-cm-ar-iebuvetu-suknidivvietigais\\\/\",\"name\":\"Naturehike - Piep\u016b\u0161amais matracis\",\"isPartOf\":{\"@id\":\"https:\\\/\\\/gohike.lv\\\/ru\\\/#website\"},\"primaryImageOfPage\":{\"@id\":\"https:\\\/\\\/gohike.lv\\\/ru\\\/produkts\\\/naturehike-pvc-piepusamais-matracis-25-cm-ar-iebuvetu-suknidivvietigais\\\/#primaryimage\"},\"image\":{\"@id\":\"https:\\\/\\\/gohike.lv\\\/ru\\\/produkts\\\/naturehike-pvc-piepusamais-matracis-25-cm-ar-iebuvetu-suknidivvietigais\\\/#primaryimage\"},\"thumbnailUrl\":\"https:\\\/\\\/gohike.lv\\\/wp-content\\\/uploads\\\/2024\\\/04\\\/C25_double_-1.webp\",\"datePublished\":\"2024-05-09T10:33:50+00:00\",\"dateModified\":\"2025-12-30T14:24:40+00:00\",\"description\":\"Naturehike PVC piep\u016b\u0161amais matracis ar ieb\u016bv\u0113tu s\u016bkni.\",\"breadcrumb\":{\"@id\":\"https:\\\/\\\/gohike.lv\\\/ru\\\/produkts\\\/naturehike-pvc-piepusamais-matracis-25-cm-ar-iebuvetu-suknidivvietigais\\\/#breadcrumb\"},\"inLanguage\":\"ru-RU\",\"potentialAction\":[{\"@type\":\"ReadAction\",\"target\":[\"https:\\\/\\\/gohike.lv\\\/ru\\\/produkts\\\/naturehike-pvc-piepusamais-matracis-25-cm-ar-iebuvetu-suknidivvietigais\\\/\"]}]},{\"@type\":\"ImageObject\",\"inLanguage\":\"ru-RU\",\"@id\":\"https:\\\/\\\/gohike.lv\\\/ru\\\/produkts\\\/naturehike-pvc-piepusamais-matracis-25-cm-ar-iebuvetu-suknidivvietigais\\\/#primaryimage\",\"url\":\"https:\\\/\\\/gohike.lv\\\/wp-content\\\/uploads\\\/2024\\\/04\\\/C25_double_-1.webp\",\"contentUrl\":\"https:\\\/\\\/gohike.lv\\\/wp-content\\\/uploads\\\/2024\\\/04\\\/C25_double_-1.webp\",\"width\":800,\"height\":800},{\"@type\":\"BreadcrumbList\",\"@id\":\"https:\\\/\\\/gohike.lv\\\/ru\\\/produkts\\\/naturehike-pvc-piepusamais-matracis-25-cm-ar-iebuvetu-suknidivvietigais\\\/#breadcrumb\",\"itemListElement\":[{\"@type\":\"ListItem\",\"position\":1,\"name\":\"\u0413\u043b\u0430\u0432\u043d\u0430\u044f\",\"item\":\"https:\\\/\\\/gohike.lv\\\/ru\\\/\"},{\"@type\":\"ListItem\",\"position\":2,\"name\":\"\u041a\u0430\u0442\u0435\u0433\u043e\u0440\u0438\u0438 \u0442\u043e\u0432\u0430\u0440\u043e\u0432\",\"item\":\"https:\\\/\\\/gohike.lv\\\/%d0%ba%d0%b0%d1%82%d0%b5%d0%b3%d0%be%d1%80%d0%b8%d0%b8-%d1%82%d0%be%d0%b2%d0%b0%d1%80%d0%be%d0%b2\\\/\"},{\"@type\":\"ListItem\",\"position\":3,\"name\":\"Naturehike &#8211; Divviet\u012bgs PVC piep\u016b\u0161amais matracis ar ieb\u016bv\u0113tu s\u016bkni\"}]},{\"@type\":\"WebSite\",\"@id\":\"https:\\\/\\\/gohike.lv\\\/ru\\\/#website\",\"url\":\"https:\\\/\\\/gohike.lv\\\/ru\\\/\",\"name\":\"GoHike\",\"description\":\"\",\"publisher\":{\"@id\":\"https:\\\/\\\/gohike.lv\\\/ru\\\/#organization\"},\"potentialAction\":[{\"@type\":\"SearchAction\",\"target\":{\"@type\":\"EntryPoint\",\"urlTemplate\":\"https:\\\/\\\/gohike.lv\\\/ru\\\/?s={search_term_string}\"},\"query-input\":{\"@type\":\"PropertyValueSpecification\",\"valueRequired\":true,\"valueName\":\"search_term_string\"}}],\"inLanguage\":\"ru-RU\"},{\"@type\":\"Organization\",\"@id\":\"https:\\\/\\\/gohike.lv\\\/ru\\\/#organization\",\"name\":\"GoHike\",\"url\":\"https:\\\/\\\/gohike.lv\\\/ru\\\/\",\"logo\":{\"@type\":\"ImageObject\",\"inLanguage\":\"ru-RU\",\"@id\":\"https:\\\/\\\/gohike.lv\\\/ru\\\/#\\\/schema\\\/logo\\\/image\\\/\",\"url\":\"https:\\\/\\\/gohike.lv\\\/wp-content\\\/uploads\\\/2023\\\/08\\\/Logo_GoHike.webp\",\"contentUrl\":\"https:\\\/\\\/gohike.lv\\\/wp-content\\\/uploads\\\/2023\\\/08\\\/Logo_GoHike.webp\",\"width\":512,\"height\":512,\"caption\":\"GoHike\"},\"image\":{\"@id\":\"https:\\\/\\\/gohike.lv\\\/ru\\\/#\\\/schema\\\/logo\\\/image\\\/\"},\"sameAs\":[\"https:\\\/\\\/www.facebook.com\\\/gohike.shop\\\/\",\"https:\\\/\\\/www.instagram.com\\\/gohike.shop\\\/\"]}]}<\/script>\n<!-- \/ Yoast SEO plugin. -->","yoast_head_json":{"title":"Naturehike - Piep\u016b\u0161amais matracis","description":"Naturehike PVC piep\u016b\u0161amais matracis ar ieb\u016bv\u0113tu s\u016bkni.","robots":{"index":"index","follow":"follow","max-snippet":"max-snippet:-1","max-image-preview":"max-image-preview:large","max-video-preview":"max-video-preview:-1"},"canonical":"https:\/\/gohike.lv\/ru\/produkts\/naturehike-pvc-piepusamais-matracis-25-cm-ar-iebuvetu-suknidivvietigais\/","og_locale":"ru_RU","og_type":"article","og_title":"Naturehike - Piep\u016b\u0161amais matracis","og_description":"Naturehike PVC piep\u016b\u0161amais matracis ar ieb\u016bv\u0113tu s\u016bkni.","og_url":"https:\/\/gohike.lv\/ru\/produkts\/naturehike-pvc-piepusamais-matracis-25-cm-ar-iebuvetu-suknidivvietigais\/","og_site_name":"GoHike","article_publisher":"https:\/\/www.facebook.com\/gohike.shop\/","article_modified_time":"2025-12-30T14:24:40+00:00","og_image":[{"width":800,"height":800,"url":"https:\/\/gohike.lv\/wp-content\/uploads\/2024\/04\/C25_double_-1.webp","type":"image\/webp"}],"twitter_card":"summary_large_image","twitter_title":"Naturehike - Piep\u016b\u0161amais matracis","twitter_misc":{"\u041f\u0440\u0438\u043c\u0435\u0440\u043d\u043e\u0435 \u0432\u0440\u0435\u043c\u044f \u0434\u043b\u044f \u0447\u0442\u0435\u043d\u0438\u044f":"1 \u043c\u0438\u043d\u0443\u0442\u0430"},"schema":{"@context":"https:\/\/schema.org","@graph":[{"@type":["WebPage","ItemPage"],"@id":"https:\/\/gohike.lv\/ru\/produkts\/naturehike-pvc-piepusamais-matracis-25-cm-ar-iebuvetu-suknidivvietigais\/","url":"https:\/\/gohike.lv\/ru\/produkts\/naturehike-pvc-piepusamais-matracis-25-cm-ar-iebuvetu-suknidivvietigais\/","name":"Naturehike - Piep\u016b\u0161amais matracis","isPartOf":{"@id":"https:\/\/gohike.lv\/ru\/#website"},"primaryImageOfPage":{"@id":"https:\/\/gohike.lv\/ru\/produkts\/naturehike-pvc-piepusamais-matracis-25-cm-ar-iebuvetu-suknidivvietigais\/#primaryimage"},"image":{"@id":"https:\/\/gohike.lv\/ru\/produkts\/naturehike-pvc-piepusamais-matracis-25-cm-ar-iebuvetu-suknidivvietigais\/#primaryimage"},"thumbnailUrl":"https:\/\/gohike.lv\/wp-content\/uploads\/2024\/04\/C25_double_-1.webp","datePublished":"2024-05-09T10:33:50+00:00","dateModified":"2025-12-30T14:24:40+00:00","description":"Naturehike PVC piep\u016b\u0161amais matracis ar ieb\u016bv\u0113tu s\u016bkni.","breadcrumb":{"@id":"https:\/\/gohike.lv\/ru\/produkts\/naturehike-pvc-piepusamais-matracis-25-cm-ar-iebuvetu-suknidivvietigais\/#breadcrumb"},"inLanguage":"ru-RU","potentialAction":[{"@type":"ReadAction","target":["https:\/\/gohike.lv\/ru\/produkts\/naturehike-pvc-piepusamais-matracis-25-cm-ar-iebuvetu-suknidivvietigais\/"]}]},{"@type":"ImageObject","inLanguage":"ru-RU","@id":"https:\/\/gohike.lv\/ru\/produkts\/naturehike-pvc-piepusamais-matracis-25-cm-ar-iebuvetu-suknidivvietigais\/#primaryimage","url":"https:\/\/gohike.lv\/wp-content\/uploads\/2024\/04\/C25_double_-1.webp","contentUrl":"https:\/\/gohike.lv\/wp-content\/uploads\/2024\/04\/C25_double_-1.webp","width":800,"height":800},{"@type":"BreadcrumbList","@id":"https:\/\/gohike.lv\/ru\/produkts\/naturehike-pvc-piepusamais-matracis-25-cm-ar-iebuvetu-suknidivvietigais\/#breadcrumb","itemListElement":[{"@type":"ListItem","position":1,"name":"\u0413\u043b\u0430\u0432\u043d\u0430\u044f","item":"https:\/\/gohike.lv\/ru\/"},{"@type":"ListItem","position":2,"name":"\u041a\u0430\u0442\u0435\u0433\u043e\u0440\u0438\u0438 \u0442\u043e\u0432\u0430\u0440\u043e\u0432","item":"https:\/\/gohike.lv\/%d0%ba%d0%b0%d1%82%d0%b5%d0%b3%d0%be%d1%80%d0%b8%d0%b8-%d1%82%d0%be%d0%b2%d0%b0%d1%80%d0%be%d0%b2\/"},{"@type":"ListItem","position":3,"name":"Naturehike &#8211; Divviet\u012bgs PVC piep\u016b\u0161amais matracis ar ieb\u016bv\u0113tu s\u016bkni"}]},{"@type":"WebSite","@id":"https:\/\/gohike.lv\/ru\/#website","url":"https:\/\/gohike.lv\/ru\/","name":"GoHike","description":"","publisher":{"@id":"https:\/\/gohike.lv\/ru\/#organization"},"potentialAction":[{"@type":"SearchAction","target":{"@type":"EntryPoint","urlTemplate":"https:\/\/gohike.lv\/ru\/?s={search_term_string}"},"query-input":{"@type":"PropertyValueSpecification","valueRequired":true,"valueName":"search_term_string"}}],"inLanguage":"ru-RU"},{"@type":"Organization","@id":"https:\/\/gohike.lv\/ru\/#organization","name":"GoHike","url":"https:\/\/gohike.lv\/ru\/","logo":{"@type":"ImageObject","inLanguage":"ru-RU","@id":"https:\/\/gohike.lv\/ru\/#\/schema\/logo\/image\/","url":"https:\/\/gohike.lv\/wp-content\/uploads\/2023\/08\/Logo_GoHike.webp","contentUrl":"https:\/\/gohike.lv\/wp-content\/uploads\/2023\/08\/Logo_GoHike.webp","width":512,"height":512,"caption":"GoHike"},"image":{"@id":"https:\/\/gohike.lv\/ru\/#\/schema\/logo\/image\/"},"sameAs":["https:\/\/www.facebook.com\/gohike.shop\/","https:\/\/www.instagram.com\/gohike.shop\/"]}]}},"jetpack_sharing_enabled":true,"_links":{"self":[{"href":"https:\/\/gohike.lv\/ru\/wp-json\/wp\/v2\/product\/54023","targetHints":{"allow":["GET"]}}],"collection":[{"href":"https:\/\/gohike.lv\/ru\/wp-json\/wp\/v2\/product"}],"about":[{"href":"https:\/\/gohike.lv\/ru\/wp-json\/wp\/v2\/types\/product"}],"version-history":[{"count":0,"href":"https:\/\/gohike.lv\/ru\/wp-json\/wp\/v2\/product\/54023\/revisions"}],"wp:featuredmedia":[{"embeddable":true,"href":"https:\/\/gohike.lv\/ru\/wp-json\/wp\/v2\/media\/27586"}],"wp:attachment":[{"href":"https:\/\/gohike.lv\/ru\/wp-json\/wp\/v2\/media?parent=54023"}],"wp:term":[{"taxonomy":"product_brand","embeddable":true,"href":"https:\/\/gohike.lv\/ru\/wp-json\/wp\/v2\/product_brand?post=54023"},{"taxonomy":"product_cat","embeddable":true,"href":"https:\/\/gohike.lv\/ru\/wp-json\/wp\/v2\/product_cat?post=54023"},{"taxonomy":"product_tag","embeddable":true,"href":"https:\/\/gohike.lv\/ru\/wp-json\/wp\/v2\/product_tag?post=54023"}],"curies":[{"name":"wp","href":"https:\/\/api.w.org\/{rel}","templated":true}]}}