{"id":54021,"date":"2024-05-09T13:33:50","date_gmt":"2024-05-09T10:33:50","guid":{"rendered":"https:\/\/gohike.lv\/produkts\/naturehike-piepusamais-matracis-20-cm-ar-iebuvetu-suknidivvietigais\/"},"modified":"2025-12-30T17:24:40","modified_gmt":"2025-12-30T14:24:40","slug":"naturehike-piepusamais-matracis-20-cm-ar-iebuvetu-suknidivvietigais","status":"publish","type":"product","link":"https:\/\/gohike.lv\/ru\/produkts\/naturehike-piepusamais-matracis-20-cm-ar-iebuvetu-suknidivvietigais\/","title":{"rendered":"Naturehike &#8212;  Divviet\u012bgs piep\u016b\u0161amais matracis ar ieb\u016bv\u0113tu s\u016bkni"},"content":{"rendered":"<p>\u0160im matracim piem\u012bt liela elast\u012bba un tas ir \u013coti gluds.<br \/>\nMatracis ir izgatavots no augstas kvalit\u0101tes materi\u0101la. Virsma ir \u016bdensnecaurlaid\u012bga.<br \/>\nPateicoties \u012bpa\u0161ai konstrukcijai, uz matra\u010da b\u016bs \u0113rti jebkur\u0101 gadalaik\u0101.<br \/>\nZiem\u0101 tas saglab\u0101 siltumu, bet vasar\u0101 v\u0113sumu.<br \/>\nMatracis apr\u012bkots ar akumulatora s\u016bkni.<br \/>\nRaksturlielumi:<br \/>\nElpojo\u0161a un taustei t\u012bkama virsma;<br \/>\nTr\u012bssl\u0101\u0146u p\u0101rkl\u0101jums 36 cm augstum\u0101;<br \/>\nIeb\u016bv\u0113ts gaisa s\u016bknis, kas nov\u0113r\u0161 piep\u016b\u0161anas probl\u0113mas;<br \/>\nIzm\u0113ri: 198 x 150 x 36;<br \/>\nizm\u0113ri saloc\u012bt\u0101 veid\u0101: 40 x 35 x 20;<br \/>\nMaksim\u0101l\u0101 slodze l\u012bdz 300 kg.<br \/>\nSvars: 5,07 kg.<\/p>\n","protected":false},"excerpt":{"rendered":"<p>Divviet\u012bgais matracis ar p\u0101rdom\u0101tu konstrukciju, kas nodro\u0161ina komfortablu miegu.<\/p>\n","protected":false},"featured_media":27572,"template":"","meta":[],"product_brand":[167],"product_cat":[2826],"product_tag":[],"class_list":{"0":"post-54021","1":"product","2":"type-product","3":"status-publish","4":"has-post-thumbnail","6":"product_brand-naturehike-lv","7":"product_cat-piepusamie-matraci","8":"pa_izmeriscm-9970","9":"pa_materiali-samta-audums-no-persiku-krasas-adas-pvc","10":"pa_produkta-tips-piepusamie-matraci","11":"pa_saliktas-preces-izmerscm-8812","13":"first","14":"outofstock","15":"taxable","16":"shipping-taxable","17":"purchasable","18":"product-type-simple"},"raw_content":{"name":"Naturehike -  Divviet\u012bgs piep\u016b\u0161amais matracis ar ieb\u016bv\u0113tu s\u016bkni","description":"\u0160im matracim piem\u012bt liela elast\u012bba un tas ir \u013coti gluds.\nMatracis ir izgatavots no augstas kvalit\u0101tes materi\u0101la. Virsma ir \u016bdensnecaurlaid\u012bga.\nPateicoties \u012bpa\u0161ai konstrukcijai, uz matra\u010da b\u016bs \u0113rti jebkur\u0101 gadalaik\u0101.\nZiem\u0101 tas saglab\u0101 siltumu, bet vasar\u0101 v\u0113sumu.\nMatracis apr\u012bkots ar akumulatora s\u016bkni.\nRaksturlielumi:\nElpojo\u0161a un taustei t\u012bkama virsma;\nTr\u012bssl\u0101\u0146u p\u0101rkl\u0101jums 36 cm augstum\u0101;\nIeb\u016bv\u0113ts gaisa s\u016bknis, kas nov\u0113r\u0161 piep\u016b\u0161anas probl\u0113mas;\nIzm\u0113ri: 198 x 150 x 36;\nizm\u0113ri saloc\u012bt\u0101 veid\u0101: 40 x 35 x 20;\nMaksim\u0101l\u0101 slodze l\u012bdz 300 kg.\nSvars: 5,07 kg.","short_description":"Divviet\u012bgais matracis ar p\u0101rdom\u0101tu konstrukciju, kas nodro\u0161ina komfortablu miegu.","status":"publish","sku":"6927595713488","original":54021},"wpml":{"translation_type":1,"has_translations":true,"original":54021,"duplicates":[],"translations":{"lv":54021,"en":67874,"ru":null}},"supplier_id":null,"supplier_sku":"","barcode":null,"atum_controlled":true,"out_stock_date":null,"out_stock_threshold":null,"inheritable":false,"inbound_stock":null,"stock_on_hold":0,"sold_today":0,"sales_last_days":0,"reserved_stock":null,"customer_returns":null,"warehouse_damage":null,"lost_in_post":null,"other_logs":null,"out_stock_days":0,"lost_sales":0,"has_location":null,"update_date":"2025-12-30T14:30:37","atum_locations":[],"atum_stock_status":"outofstock","restock_status":false,"low_stock_amount":"","sales_update_date":"2025-11-13T14:07:51","calc_backorders":null,"yoast_head":"<!-- This site is optimized with the Yoast SEO plugin v27.3 - https:\/\/yoast.com\/product\/yoast-seo-wordpress\/ -->\n<title>Naturehike - Piep\u016b\u0161amais matracis<\/title>\n<meta name=\"description\" content=\"Divviet\u012bgais matracis ar p\u0101rdom\u0101tu konstrukciju, kas nodro\u0161ina komfortablu miegu.\" \/>\n<meta name=\"robots\" content=\"index, follow, max-snippet:-1, max-image-preview:large, max-video-preview:-1\" \/>\n<link rel=\"canonical\" href=\"https:\/\/gohike.lv\/ru\/produkts\/naturehike-piepusamais-matracis-20-cm-ar-iebuvetu-suknidivvietigais\/\" \/>\n<meta property=\"og:locale\" content=\"ru_RU\" \/>\n<meta property=\"og:type\" content=\"article\" \/>\n<meta property=\"og:title\" content=\"Naturehike - Piep\u016b\u0161amais matracis\" \/>\n<meta property=\"og:description\" content=\"Divviet\u012bgais matracis ar p\u0101rdom\u0101tu konstrukciju, kas nodro\u0161ina komfortablu miegu.\" \/>\n<meta property=\"og:url\" content=\"https:\/\/gohike.lv\/ru\/produkts\/naturehike-piepusamais-matracis-20-cm-ar-iebuvetu-suknidivvietigais\/\" \/>\n<meta property=\"og:site_name\" content=\"GoHike\" \/>\n<meta property=\"article:publisher\" content=\"https:\/\/www.facebook.com\/gohike.shop\/\" \/>\n<meta property=\"article:modified_time\" content=\"2025-12-30T14:24:40+00:00\" \/>\n<meta property=\"og:image\" content=\"https:\/\/gohike.lv\/wp-content\/uploads\/2024\/04\/C20Mat_double-1.webp\" \/>\n\t<meta property=\"og:image:width\" content=\"800\" \/>\n\t<meta property=\"og:image:height\" content=\"800\" \/>\n\t<meta property=\"og:image:type\" content=\"image\/webp\" \/>\n<meta name=\"twitter:card\" content=\"summary_large_image\" \/>\n<meta name=\"twitter:title\" content=\"Naturehike - Piep\u016b\u0161amais matracis\" \/>\n<meta name=\"twitter:label1\" content=\"\u041f\u0440\u0438\u043c\u0435\u0440\u043d\u043e\u0435 \u0432\u0440\u0435\u043c\u044f \u0434\u043b\u044f \u0447\u0442\u0435\u043d\u0438\u044f\" \/>\n\t<meta name=\"twitter:data1\" content=\"1 \u043c\u0438\u043d\u0443\u0442\u0430\" \/>\n<script type=\"application\/ld+json\" class=\"yoast-schema-graph\">{\"@context\":\"https:\\\/\\\/schema.org\",\"@graph\":[{\"@type\":[\"WebPage\",\"ItemPage\"],\"@id\":\"https:\\\/\\\/gohike.lv\\\/ru\\\/produkts\\\/naturehike-piepusamais-matracis-20-cm-ar-iebuvetu-suknidivvietigais\\\/\",\"url\":\"https:\\\/\\\/gohike.lv\\\/ru\\\/produkts\\\/naturehike-piepusamais-matracis-20-cm-ar-iebuvetu-suknidivvietigais\\\/\",\"name\":\"Naturehike - Piep\u016b\u0161amais matracis\",\"isPartOf\":{\"@id\":\"https:\\\/\\\/gohike.lv\\\/ru\\\/#website\"},\"primaryImageOfPage\":{\"@id\":\"https:\\\/\\\/gohike.lv\\\/ru\\\/produkts\\\/naturehike-piepusamais-matracis-20-cm-ar-iebuvetu-suknidivvietigais\\\/#primaryimage\"},\"image\":{\"@id\":\"https:\\\/\\\/gohike.lv\\\/ru\\\/produkts\\\/naturehike-piepusamais-matracis-20-cm-ar-iebuvetu-suknidivvietigais\\\/#primaryimage\"},\"thumbnailUrl\":\"https:\\\/\\\/gohike.lv\\\/wp-content\\\/uploads\\\/2024\\\/04\\\/C20Mat_double-1.webp\",\"datePublished\":\"2024-05-09T10:33:50+00:00\",\"dateModified\":\"2025-12-30T14:24:40+00:00\",\"description\":\"Divviet\u012bgais matracis ar p\u0101rdom\u0101tu konstrukciju, kas nodro\u0161ina komfortablu miegu.\",\"breadcrumb\":{\"@id\":\"https:\\\/\\\/gohike.lv\\\/ru\\\/produkts\\\/naturehike-piepusamais-matracis-20-cm-ar-iebuvetu-suknidivvietigais\\\/#breadcrumb\"},\"inLanguage\":\"ru-RU\",\"potentialAction\":[{\"@type\":\"ReadAction\",\"target\":[\"https:\\\/\\\/gohike.lv\\\/ru\\\/produkts\\\/naturehike-piepusamais-matracis-20-cm-ar-iebuvetu-suknidivvietigais\\\/\"]}]},{\"@type\":\"ImageObject\",\"inLanguage\":\"ru-RU\",\"@id\":\"https:\\\/\\\/gohike.lv\\\/ru\\\/produkts\\\/naturehike-piepusamais-matracis-20-cm-ar-iebuvetu-suknidivvietigais\\\/#primaryimage\",\"url\":\"https:\\\/\\\/gohike.lv\\\/wp-content\\\/uploads\\\/2024\\\/04\\\/C20Mat_double-1.webp\",\"contentUrl\":\"https:\\\/\\\/gohike.lv\\\/wp-content\\\/uploads\\\/2024\\\/04\\\/C20Mat_double-1.webp\",\"width\":800,\"height\":800},{\"@type\":\"BreadcrumbList\",\"@id\":\"https:\\\/\\\/gohike.lv\\\/ru\\\/produkts\\\/naturehike-piepusamais-matracis-20-cm-ar-iebuvetu-suknidivvietigais\\\/#breadcrumb\",\"itemListElement\":[{\"@type\":\"ListItem\",\"position\":1,\"name\":\"\u0413\u043b\u0430\u0432\u043d\u0430\u044f\",\"item\":\"https:\\\/\\\/gohike.lv\\\/ru\\\/\"},{\"@type\":\"ListItem\",\"position\":2,\"name\":\"\u041a\u0430\u0442\u0435\u0433\u043e\u0440\u0438\u0438 \u0442\u043e\u0432\u0430\u0440\u043e\u0432\",\"item\":\"https:\\\/\\\/gohike.lv\\\/%d0%ba%d0%b0%d1%82%d0%b5%d0%b3%d0%be%d1%80%d0%b8%d0%b8-%d1%82%d0%be%d0%b2%d0%b0%d1%80%d0%be%d0%b2\\\/\"},{\"@type\":\"ListItem\",\"position\":3,\"name\":\"Naturehike &#8211; Divviet\u012bgs piep\u016b\u0161amais matracis ar ieb\u016bv\u0113tu s\u016bkni\"}]},{\"@type\":\"WebSite\",\"@id\":\"https:\\\/\\\/gohike.lv\\\/ru\\\/#website\",\"url\":\"https:\\\/\\\/gohike.lv\\\/ru\\\/\",\"name\":\"GoHike\",\"description\":\"\",\"publisher\":{\"@id\":\"https:\\\/\\\/gohike.lv\\\/ru\\\/#organization\"},\"potentialAction\":[{\"@type\":\"SearchAction\",\"target\":{\"@type\":\"EntryPoint\",\"urlTemplate\":\"https:\\\/\\\/gohike.lv\\\/ru\\\/?s={search_term_string}\"},\"query-input\":{\"@type\":\"PropertyValueSpecification\",\"valueRequired\":true,\"valueName\":\"search_term_string\"}}],\"inLanguage\":\"ru-RU\"},{\"@type\":\"Organization\",\"@id\":\"https:\\\/\\\/gohike.lv\\\/ru\\\/#organization\",\"name\":\"GoHike\",\"url\":\"https:\\\/\\\/gohike.lv\\\/ru\\\/\",\"logo\":{\"@type\":\"ImageObject\",\"inLanguage\":\"ru-RU\",\"@id\":\"https:\\\/\\\/gohike.lv\\\/ru\\\/#\\\/schema\\\/logo\\\/image\\\/\",\"url\":\"https:\\\/\\\/gohike.lv\\\/wp-content\\\/uploads\\\/2023\\\/08\\\/Logo_GoHike.webp\",\"contentUrl\":\"https:\\\/\\\/gohike.lv\\\/wp-content\\\/uploads\\\/2023\\\/08\\\/Logo_GoHike.webp\",\"width\":512,\"height\":512,\"caption\":\"GoHike\"},\"image\":{\"@id\":\"https:\\\/\\\/gohike.lv\\\/ru\\\/#\\\/schema\\\/logo\\\/image\\\/\"},\"sameAs\":[\"https:\\\/\\\/www.facebook.com\\\/gohike.shop\\\/\",\"https:\\\/\\\/www.instagram.com\\\/gohike.shop\\\/\"]}]}<\/script>\n<!-- \/ Yoast SEO plugin. -->","yoast_head_json":{"title":"Naturehike - Piep\u016b\u0161amais matracis","description":"Divviet\u012bgais matracis ar p\u0101rdom\u0101tu konstrukciju, kas nodro\u0161ina komfortablu miegu.","robots":{"index":"index","follow":"follow","max-snippet":"max-snippet:-1","max-image-preview":"max-image-preview:large","max-video-preview":"max-video-preview:-1"},"canonical":"https:\/\/gohike.lv\/ru\/produkts\/naturehike-piepusamais-matracis-20-cm-ar-iebuvetu-suknidivvietigais\/","og_locale":"ru_RU","og_type":"article","og_title":"Naturehike - Piep\u016b\u0161amais matracis","og_description":"Divviet\u012bgais matracis ar p\u0101rdom\u0101tu konstrukciju, kas nodro\u0161ina komfortablu miegu.","og_url":"https:\/\/gohike.lv\/ru\/produkts\/naturehike-piepusamais-matracis-20-cm-ar-iebuvetu-suknidivvietigais\/","og_site_name":"GoHike","article_publisher":"https:\/\/www.facebook.com\/gohike.shop\/","article_modified_time":"2025-12-30T14:24:40+00:00","og_image":[{"width":800,"height":800,"url":"https:\/\/gohike.lv\/wp-content\/uploads\/2024\/04\/C20Mat_double-1.webp","type":"image\/webp"}],"twitter_card":"summary_large_image","twitter_title":"Naturehike - Piep\u016b\u0161amais matracis","twitter_misc":{"\u041f\u0440\u0438\u043c\u0435\u0440\u043d\u043e\u0435 \u0432\u0440\u0435\u043c\u044f \u0434\u043b\u044f \u0447\u0442\u0435\u043d\u0438\u044f":"1 \u043c\u0438\u043d\u0443\u0442\u0430"},"schema":{"@context":"https:\/\/schema.org","@graph":[{"@type":["WebPage","ItemPage"],"@id":"https:\/\/gohike.lv\/ru\/produkts\/naturehike-piepusamais-matracis-20-cm-ar-iebuvetu-suknidivvietigais\/","url":"https:\/\/gohike.lv\/ru\/produkts\/naturehike-piepusamais-matracis-20-cm-ar-iebuvetu-suknidivvietigais\/","name":"Naturehike - Piep\u016b\u0161amais matracis","isPartOf":{"@id":"https:\/\/gohike.lv\/ru\/#website"},"primaryImageOfPage":{"@id":"https:\/\/gohike.lv\/ru\/produkts\/naturehike-piepusamais-matracis-20-cm-ar-iebuvetu-suknidivvietigais\/#primaryimage"},"image":{"@id":"https:\/\/gohike.lv\/ru\/produkts\/naturehike-piepusamais-matracis-20-cm-ar-iebuvetu-suknidivvietigais\/#primaryimage"},"thumbnailUrl":"https:\/\/gohike.lv\/wp-content\/uploads\/2024\/04\/C20Mat_double-1.webp","datePublished":"2024-05-09T10:33:50+00:00","dateModified":"2025-12-30T14:24:40+00:00","description":"Divviet\u012bgais matracis ar p\u0101rdom\u0101tu konstrukciju, kas nodro\u0161ina komfortablu miegu.","breadcrumb":{"@id":"https:\/\/gohike.lv\/ru\/produkts\/naturehike-piepusamais-matracis-20-cm-ar-iebuvetu-suknidivvietigais\/#breadcrumb"},"inLanguage":"ru-RU","potentialAction":[{"@type":"ReadAction","target":["https:\/\/gohike.lv\/ru\/produkts\/naturehike-piepusamais-matracis-20-cm-ar-iebuvetu-suknidivvietigais\/"]}]},{"@type":"ImageObject","inLanguage":"ru-RU","@id":"https:\/\/gohike.lv\/ru\/produkts\/naturehike-piepusamais-matracis-20-cm-ar-iebuvetu-suknidivvietigais\/#primaryimage","url":"https:\/\/gohike.lv\/wp-content\/uploads\/2024\/04\/C20Mat_double-1.webp","contentUrl":"https:\/\/gohike.lv\/wp-content\/uploads\/2024\/04\/C20Mat_double-1.webp","width":800,"height":800},{"@type":"BreadcrumbList","@id":"https:\/\/gohike.lv\/ru\/produkts\/naturehike-piepusamais-matracis-20-cm-ar-iebuvetu-suknidivvietigais\/#breadcrumb","itemListElement":[{"@type":"ListItem","position":1,"name":"\u0413\u043b\u0430\u0432\u043d\u0430\u044f","item":"https:\/\/gohike.lv\/ru\/"},{"@type":"ListItem","position":2,"name":"\u041a\u0430\u0442\u0435\u0433\u043e\u0440\u0438\u0438 \u0442\u043e\u0432\u0430\u0440\u043e\u0432","item":"https:\/\/gohike.lv\/%d0%ba%d0%b0%d1%82%d0%b5%d0%b3%d0%be%d1%80%d0%b8%d0%b8-%d1%82%d0%be%d0%b2%d0%b0%d1%80%d0%be%d0%b2\/"},{"@type":"ListItem","position":3,"name":"Naturehike &#8211; Divviet\u012bgs piep\u016b\u0161amais matracis ar ieb\u016bv\u0113tu s\u016bkni"}]},{"@type":"WebSite","@id":"https:\/\/gohike.lv\/ru\/#website","url":"https:\/\/gohike.lv\/ru\/","name":"GoHike","description":"","publisher":{"@id":"https:\/\/gohike.lv\/ru\/#organization"},"potentialAction":[{"@type":"SearchAction","target":{"@type":"EntryPoint","urlTemplate":"https:\/\/gohike.lv\/ru\/?s={search_term_string}"},"query-input":{"@type":"PropertyValueSpecification","valueRequired":true,"valueName":"search_term_string"}}],"inLanguage":"ru-RU"},{"@type":"Organization","@id":"https:\/\/gohike.lv\/ru\/#organization","name":"GoHike","url":"https:\/\/gohike.lv\/ru\/","logo":{"@type":"ImageObject","inLanguage":"ru-RU","@id":"https:\/\/gohike.lv\/ru\/#\/schema\/logo\/image\/","url":"https:\/\/gohike.lv\/wp-content\/uploads\/2023\/08\/Logo_GoHike.webp","contentUrl":"https:\/\/gohike.lv\/wp-content\/uploads\/2023\/08\/Logo_GoHike.webp","width":512,"height":512,"caption":"GoHike"},"image":{"@id":"https:\/\/gohike.lv\/ru\/#\/schema\/logo\/image\/"},"sameAs":["https:\/\/www.facebook.com\/gohike.shop\/","https:\/\/www.instagram.com\/gohike.shop\/"]}]}},"jetpack_sharing_enabled":true,"_links":{"self":[{"href":"https:\/\/gohike.lv\/ru\/wp-json\/wp\/v2\/product\/54021","targetHints":{"allow":["GET"]}}],"collection":[{"href":"https:\/\/gohike.lv\/ru\/wp-json\/wp\/v2\/product"}],"about":[{"href":"https:\/\/gohike.lv\/ru\/wp-json\/wp\/v2\/types\/product"}],"version-history":[{"count":0,"href":"https:\/\/gohike.lv\/ru\/wp-json\/wp\/v2\/product\/54021\/revisions"}],"wp:featuredmedia":[{"embeddable":true,"href":"https:\/\/gohike.lv\/ru\/wp-json\/wp\/v2\/media\/27572"}],"wp:attachment":[{"href":"https:\/\/gohike.lv\/ru\/wp-json\/wp\/v2\/media?parent=54021"}],"wp:term":[{"taxonomy":"product_brand","embeddable":true,"href":"https:\/\/gohike.lv\/ru\/wp-json\/wp\/v2\/product_brand?post=54021"},{"taxonomy":"product_cat","embeddable":true,"href":"https:\/\/gohike.lv\/ru\/wp-json\/wp\/v2\/product_cat?post=54021"},{"taxonomy":"product_tag","embeddable":true,"href":"https:\/\/gohike.lv\/ru\/wp-json\/wp\/v2\/product_tag?post=54021"}],"curies":[{"name":"wp","href":"https:\/\/api.w.org\/{rel}","templated":true}]}}