{"id":54019,"date":"2024-05-09T13:33:50","date_gmt":"2024-05-09T10:33:50","guid":{"rendered":"https:\/\/gohike.lv\/produkts\/naturehike-daudzfunkcionals-automobilu-piepusamais-matracisar-gaisa-sukni\/"},"modified":"2025-12-30T17:24:40","modified_gmt":"2025-12-30T14:24:40","slug":"naturehike-daudzfunkcionals-automobilu-piepusamais-matracisar-gaisa-sukni","status":"publish","type":"product","link":"https:\/\/gohike.lv\/ru\/produkts\/naturehike-daudzfunkcionals-automobilu-piepusamais-matracisar-gaisa-sukni\/","title":{"rendered":"Naturehike &#8212; Daudzfunkcion\u0101ls automobi\u013cu piep\u016b\u0161amais matracis ar gaisa s\u016bkni"},"content":{"rendered":"<p>T\u0101 konstrukcija, kas sast\u0101v no asto\u0146\u0101m sekcij\u0101m, \u013cauj lietot\u0101jam piel\u0101got mode\u013ca izm\u0113rus atp\u016btai atv\u0113l\u0113t\u0101s telpas lielumam.<br \/>\n\u0160\u012b \u012bpatn\u012bba padara matraci savietojamu ar 95% m\u016bsdienu auto marku \u2013 s\u0101kot ar miniat\u016briem elektrokariem un beidzot ar lieliem apvidus automobi\u013ciem.<br \/>\nMatracis piln\u012bb\u0101 izgatavots no PVC auduma &#8212; sint\u0113tiska materi\u0101la uz poliestera un lavs\u0101na \u0161\u0137iedru b\u0101zes, p\u0101rkl\u0101ts ar polivinilhlor\u012bdu.<br \/>\nAudums ir elast\u012bgs, \u016bdensnecaurlaid\u012bgs un iztur\u012bgs gan pret meh\u0101nisko iedarb\u012bbu, gan pret temperat\u016bras sv\u0101rst\u012bb\u0101m, t\u0101p\u0113c materi\u0101lam ir ilgsto\u0161s kalpo\u0161anas laiks (no 5 l\u012bdz 15 gadiem) un tas garant\u0113 lietot\u0101jam optim\u0101lu komforta l\u012bmeni.<br \/>\nMatra\u010da aug\u0161da\u013cas virsma papildus apstr\u0101d\u0101ta ar flok\u0113\u0161anas metodi, kas audumu padara samtainu un pat\u012bkamu.<br \/>\nKatrs matra\u010da nodal\u012bjums ir apr\u012bkots ar plastmasas uzp\u016b\u0161anas v\u0101rstu.<br \/>\nKomplekt\u0101 ietilpst elektros\u016bknis ar jaudu 40 W \u00b1 10%.<br \/>\nMatra\u010da maksim\u0101lie izm\u0113ri ir 182 x 130 x 13 centimetri, ta\u010du skait\u013ci var vari\u0113t atkar\u012bb\u0101 no t\u0101, kuras sekcijas ir piep\u016bstas. P\u0113c lieto\u0161anas matraci nop\u016b\u0161 un saloka.<br \/>\nVisu sekciju nop\u016b\u0161anas process aiz\u0146em 3 l\u012bdz 5 min\u016btes.<br \/>\nMatra\u010da uzglab\u0101\u0161anai un transport\u0113\u0161anai paredz\u0113ts sint\u0113tiskais p\u0101rvalks, kas ietilpst komplekt\u0101.<br \/>\nRakaturlielumi:<br \/>\nKr\u0101sa: b\u0113\u0161a;<br \/>\nMateri\u0101ls: PVC audums ar flok\u0113tu p\u0101rkl\u0101jumu;<br \/>\nMaksim\u0101l\u0101 slodze: 150 kilogrami;<br \/>\nIzm\u0113ri piep\u016bst\u0101 st\u0101vokl\u012b: 182 x 130 x 13 centimetri;<br \/>\nIzm\u0113ri saloc\u012bt\u0101 veid\u0101: 35 x 35 x 10 centimetri;<br \/>\nSvars; 4,3 kilogrami (ieskaitot s\u016bkni);<br \/>\nKomplekt\u0101 ietilpst s\u016bknis ar jaudu 40 W \u00b1 10%;<br \/>\nMatracis sast\u0101v no asto\u0146\u0101m da\u017e\u0101da izm\u0113ra sekcij\u0101m;<br \/>\nMaksim\u0101l\u0101 slodze: 150 kg.<\/p>\n","protected":false},"excerpt":{"rendered":"<p>Daudzfunkcion\u0101ls matracis paredz\u0113ts atp\u016btai, ce\u013cojot ar auto.<\/p>\n","protected":false},"featured_media":27558,"template":"","meta":[],"product_brand":[167],"product_cat":[2826],"product_tag":[],"class_list":{"0":"post-54019","1":"product","2":"type-product","3":"status-publish","4":"has-post-thumbnail","6":"product_brand-naturehike-lv","7":"product_cat-piepusamie-matraci","8":"pa_izmeriscm-9971","9":"pa_izturiba-150-kg","10":"pa_materiali-abs","11":"pa_materiali-flokets","12":"pa_materiali-pvc","13":"pa_produkta-tips-piepusamie-matraci","14":"pa_saliktas-preces-izmerscm-8808","16":"first","17":"outofstock","18":"taxable","19":"shipping-taxable","20":"purchasable","21":"product-type-simple"},"raw_content":{"name":"Naturehike - Daudzfunkcion\u0101ls automobi\u013cu piep\u016b\u0161amais matracis ar gaisa s\u016bkni","description":"T\u0101 konstrukcija, kas sast\u0101v no asto\u0146\u0101m sekcij\u0101m, \u013cauj lietot\u0101jam piel\u0101got mode\u013ca izm\u0113rus atp\u016btai atv\u0113l\u0113t\u0101s telpas lielumam.\n\u0160\u012b \u012bpatn\u012bba padara matraci savietojamu ar 95% m\u016bsdienu auto marku \u2013 s\u0101kot ar miniat\u016briem elektrokariem un beidzot ar lieliem apvidus automobi\u013ciem.\nMatracis piln\u012bb\u0101 izgatavots no PVC auduma - sint\u0113tiska materi\u0101la uz poliestera un lavs\u0101na \u0161\u0137iedru b\u0101zes, p\u0101rkl\u0101ts ar polivinilhlor\u012bdu.\nAudums ir elast\u012bgs, \u016bdensnecaurlaid\u012bgs un iztur\u012bgs gan pret meh\u0101nisko iedarb\u012bbu, gan pret temperat\u016bras sv\u0101rst\u012bb\u0101m, t\u0101p\u0113c materi\u0101lam ir ilgsto\u0161s kalpo\u0161anas laiks (no 5 l\u012bdz 15 gadiem) un tas garant\u0113 lietot\u0101jam optim\u0101lu komforta l\u012bmeni.\nMatra\u010da aug\u0161da\u013cas virsma papildus apstr\u0101d\u0101ta ar flok\u0113\u0161anas metodi, kas audumu padara samtainu un pat\u012bkamu.\nKatrs matra\u010da nodal\u012bjums ir apr\u012bkots ar plastmasas uzp\u016b\u0161anas v\u0101rstu.\nKomplekt\u0101 ietilpst elektros\u016bknis ar jaudu 40 W \u00b1 10%.\nMatra\u010da maksim\u0101lie izm\u0113ri ir 182 x 130 x 13 centimetri, ta\u010du skait\u013ci var vari\u0113t atkar\u012bb\u0101 no t\u0101, kuras sekcijas ir piep\u016bstas. P\u0113c lieto\u0161anas matraci nop\u016b\u0161 un saloka.\nVisu sekciju nop\u016b\u0161anas process aiz\u0146em 3 l\u012bdz 5 min\u016btes.\nMatra\u010da uzglab\u0101\u0161anai un transport\u0113\u0161anai paredz\u0113ts sint\u0113tiskais p\u0101rvalks, kas ietilpst komplekt\u0101.\nRakaturlielumi:\nKr\u0101sa: b\u0113\u0161a;\nMateri\u0101ls: PVC audums ar flok\u0113tu p\u0101rkl\u0101jumu;\nMaksim\u0101l\u0101 slodze: 150 kilogrami;\nIzm\u0113ri piep\u016bst\u0101 st\u0101vokl\u012b: 182 x 130 x 13 centimetri;\nIzm\u0113ri saloc\u012bt\u0101 veid\u0101: 35 x 35 x 10 centimetri;\nSvars; 4,3 kilogrami (ieskaitot s\u016bkni);\nKomplekt\u0101 ietilpst s\u016bknis ar jaudu 40 W \u00b1 10%;\nMatracis sast\u0101v no asto\u0146\u0101m da\u017e\u0101da izm\u0113ra sekcij\u0101m;\nMaksim\u0101l\u0101 slodze: 150 kg.","short_description":"Daudzfunkcion\u0101ls matracis paredz\u0113ts atp\u016btai, ce\u013cojot ar auto.","status":"publish","sku":"6927595799789","original":54019},"wpml":{"translation_type":1,"has_translations":true,"original":54019,"duplicates":[],"translations":{"lv":54019,"en":67876,"ru":null}},"supplier_id":null,"supplier_sku":"","barcode":null,"atum_controlled":true,"out_stock_date":null,"out_stock_threshold":null,"inheritable":false,"inbound_stock":null,"stock_on_hold":0,"sold_today":0,"sales_last_days":0,"reserved_stock":null,"customer_returns":null,"warehouse_damage":null,"lost_in_post":null,"other_logs":null,"out_stock_days":0,"lost_sales":0,"has_location":null,"update_date":"2025-12-30T14:30:37","atum_locations":[],"atum_stock_status":"outofstock","restock_status":false,"low_stock_amount":"","sales_update_date":"2025-11-13T14:07:51","calc_backorders":null,"yoast_head":"<!-- This site is optimized with the Yoast SEO plugin v27.3 - https:\/\/yoast.com\/product\/yoast-seo-wordpress\/ -->\n<title>Naturehike - Piep\u016b\u0161amais matracis<\/title>\n<meta name=\"description\" content=\"Daudzfunkcion\u0101ls matracis paredz\u0113ts atp\u016btai, ce\u013cojot ar auto.\" \/>\n<meta name=\"robots\" content=\"index, follow, max-snippet:-1, max-image-preview:large, max-video-preview:-1\" \/>\n<link rel=\"canonical\" href=\"https:\/\/gohike.lv\/ru\/produkts\/naturehike-daudzfunkcionals-automobilu-piepusamais-matracisar-gaisa-sukni\/\" \/>\n<meta property=\"og:locale\" content=\"ru_RU\" \/>\n<meta property=\"og:type\" content=\"article\" \/>\n<meta property=\"og:title\" content=\"Naturehike - Piep\u016b\u0161amais matracis\" \/>\n<meta property=\"og:description\" content=\"Daudzfunkcion\u0101ls matracis paredz\u0113ts atp\u016btai, ce\u013cojot ar auto.\" \/>\n<meta property=\"og:url\" content=\"https:\/\/gohike.lv\/ru\/produkts\/naturehike-daudzfunkcionals-automobilu-piepusamais-matracisar-gaisa-sukni\/\" \/>\n<meta property=\"og:site_name\" content=\"GoHike\" \/>\n<meta property=\"article:publisher\" content=\"https:\/\/www.facebook.com\/gohike.shop\/\" \/>\n<meta property=\"article:modified_time\" content=\"2025-12-30T14:24:40+00:00\" \/>\n<meta property=\"og:image\" content=\"https:\/\/gohike.lv\/wp-content\/uploads\/2024\/04\/CarMatress_-1.webp\" \/>\n\t<meta property=\"og:image:width\" content=\"640\" \/>\n\t<meta property=\"og:image:height\" content=\"640\" \/>\n\t<meta property=\"og:image:type\" content=\"image\/webp\" \/>\n<meta name=\"twitter:card\" content=\"summary_large_image\" \/>\n<meta name=\"twitter:title\" content=\"Naturehike - Piep\u016b\u0161amais matracis\" \/>\n<meta name=\"twitter:label1\" content=\"\u041f\u0440\u0438\u043c\u0435\u0440\u043d\u043e\u0435 \u0432\u0440\u0435\u043c\u044f \u0434\u043b\u044f \u0447\u0442\u0435\u043d\u0438\u044f\" \/>\n\t<meta name=\"twitter:data1\" content=\"2 \u043c\u0438\u043d\u0443\u0442\u0430\" \/>\n<script type=\"application\/ld+json\" class=\"yoast-schema-graph\">{\"@context\":\"https:\\\/\\\/schema.org\",\"@graph\":[{\"@type\":[\"WebPage\",\"ItemPage\"],\"@id\":\"https:\\\/\\\/gohike.lv\\\/ru\\\/produkts\\\/naturehike-daudzfunkcionals-automobilu-piepusamais-matracisar-gaisa-sukni\\\/\",\"url\":\"https:\\\/\\\/gohike.lv\\\/ru\\\/produkts\\\/naturehike-daudzfunkcionals-automobilu-piepusamais-matracisar-gaisa-sukni\\\/\",\"name\":\"Naturehike - Piep\u016b\u0161amais matracis\",\"isPartOf\":{\"@id\":\"https:\\\/\\\/gohike.lv\\\/ru\\\/#website\"},\"primaryImageOfPage\":{\"@id\":\"https:\\\/\\\/gohike.lv\\\/ru\\\/produkts\\\/naturehike-daudzfunkcionals-automobilu-piepusamais-matracisar-gaisa-sukni\\\/#primaryimage\"},\"image\":{\"@id\":\"https:\\\/\\\/gohike.lv\\\/ru\\\/produkts\\\/naturehike-daudzfunkcionals-automobilu-piepusamais-matracisar-gaisa-sukni\\\/#primaryimage\"},\"thumbnailUrl\":\"https:\\\/\\\/gohike.lv\\\/wp-content\\\/uploads\\\/2024\\\/04\\\/CarMatress_-1.webp\",\"datePublished\":\"2024-05-09T10:33:50+00:00\",\"dateModified\":\"2025-12-30T14:24:40+00:00\",\"description\":\"Daudzfunkcion\u0101ls matracis paredz\u0113ts atp\u016btai, ce\u013cojot ar auto.\",\"breadcrumb\":{\"@id\":\"https:\\\/\\\/gohike.lv\\\/ru\\\/produkts\\\/naturehike-daudzfunkcionals-automobilu-piepusamais-matracisar-gaisa-sukni\\\/#breadcrumb\"},\"inLanguage\":\"ru-RU\",\"potentialAction\":[{\"@type\":\"ReadAction\",\"target\":[\"https:\\\/\\\/gohike.lv\\\/ru\\\/produkts\\\/naturehike-daudzfunkcionals-automobilu-piepusamais-matracisar-gaisa-sukni\\\/\"]}]},{\"@type\":\"ImageObject\",\"inLanguage\":\"ru-RU\",\"@id\":\"https:\\\/\\\/gohike.lv\\\/ru\\\/produkts\\\/naturehike-daudzfunkcionals-automobilu-piepusamais-matracisar-gaisa-sukni\\\/#primaryimage\",\"url\":\"https:\\\/\\\/gohike.lv\\\/wp-content\\\/uploads\\\/2024\\\/04\\\/CarMatress_-1.webp\",\"contentUrl\":\"https:\\\/\\\/gohike.lv\\\/wp-content\\\/uploads\\\/2024\\\/04\\\/CarMatress_-1.webp\",\"width\":640,\"height\":640},{\"@type\":\"BreadcrumbList\",\"@id\":\"https:\\\/\\\/gohike.lv\\\/ru\\\/produkts\\\/naturehike-daudzfunkcionals-automobilu-piepusamais-matracisar-gaisa-sukni\\\/#breadcrumb\",\"itemListElement\":[{\"@type\":\"ListItem\",\"position\":1,\"name\":\"\u0413\u043b\u0430\u0432\u043d\u0430\u044f\",\"item\":\"https:\\\/\\\/gohike.lv\\\/ru\\\/\"},{\"@type\":\"ListItem\",\"position\":2,\"name\":\"\u041a\u0430\u0442\u0435\u0433\u043e\u0440\u0438\u0438 \u0442\u043e\u0432\u0430\u0440\u043e\u0432\",\"item\":\"https:\\\/\\\/gohike.lv\\\/%d0%ba%d0%b0%d1%82%d0%b5%d0%b3%d0%be%d1%80%d0%b8%d0%b8-%d1%82%d0%be%d0%b2%d0%b0%d1%80%d0%be%d0%b2\\\/\"},{\"@type\":\"ListItem\",\"position\":3,\"name\":\"Naturehike &#8211; Daudzfunkcion\u0101ls automobi\u013cu piep\u016b\u0161amais matracis ar gaisa s\u016bkni\"}]},{\"@type\":\"WebSite\",\"@id\":\"https:\\\/\\\/gohike.lv\\\/ru\\\/#website\",\"url\":\"https:\\\/\\\/gohike.lv\\\/ru\\\/\",\"name\":\"GoHike\",\"description\":\"\",\"publisher\":{\"@id\":\"https:\\\/\\\/gohike.lv\\\/ru\\\/#organization\"},\"potentialAction\":[{\"@type\":\"SearchAction\",\"target\":{\"@type\":\"EntryPoint\",\"urlTemplate\":\"https:\\\/\\\/gohike.lv\\\/ru\\\/?s={search_term_string}\"},\"query-input\":{\"@type\":\"PropertyValueSpecification\",\"valueRequired\":true,\"valueName\":\"search_term_string\"}}],\"inLanguage\":\"ru-RU\"},{\"@type\":\"Organization\",\"@id\":\"https:\\\/\\\/gohike.lv\\\/ru\\\/#organization\",\"name\":\"GoHike\",\"url\":\"https:\\\/\\\/gohike.lv\\\/ru\\\/\",\"logo\":{\"@type\":\"ImageObject\",\"inLanguage\":\"ru-RU\",\"@id\":\"https:\\\/\\\/gohike.lv\\\/ru\\\/#\\\/schema\\\/logo\\\/image\\\/\",\"url\":\"https:\\\/\\\/gohike.lv\\\/wp-content\\\/uploads\\\/2023\\\/08\\\/Logo_GoHike.webp\",\"contentUrl\":\"https:\\\/\\\/gohike.lv\\\/wp-content\\\/uploads\\\/2023\\\/08\\\/Logo_GoHike.webp\",\"width\":512,\"height\":512,\"caption\":\"GoHike\"},\"image\":{\"@id\":\"https:\\\/\\\/gohike.lv\\\/ru\\\/#\\\/schema\\\/logo\\\/image\\\/\"},\"sameAs\":[\"https:\\\/\\\/www.facebook.com\\\/gohike.shop\\\/\",\"https:\\\/\\\/www.instagram.com\\\/gohike.shop\\\/\"]}]}<\/script>\n<!-- \/ Yoast SEO plugin. -->","yoast_head_json":{"title":"Naturehike - Piep\u016b\u0161amais matracis","description":"Daudzfunkcion\u0101ls matracis paredz\u0113ts atp\u016btai, ce\u013cojot ar auto.","robots":{"index":"index","follow":"follow","max-snippet":"max-snippet:-1","max-image-preview":"max-image-preview:large","max-video-preview":"max-video-preview:-1"},"canonical":"https:\/\/gohike.lv\/ru\/produkts\/naturehike-daudzfunkcionals-automobilu-piepusamais-matracisar-gaisa-sukni\/","og_locale":"ru_RU","og_type":"article","og_title":"Naturehike - Piep\u016b\u0161amais matracis","og_description":"Daudzfunkcion\u0101ls matracis paredz\u0113ts atp\u016btai, ce\u013cojot ar auto.","og_url":"https:\/\/gohike.lv\/ru\/produkts\/naturehike-daudzfunkcionals-automobilu-piepusamais-matracisar-gaisa-sukni\/","og_site_name":"GoHike","article_publisher":"https:\/\/www.facebook.com\/gohike.shop\/","article_modified_time":"2025-12-30T14:24:40+00:00","og_image":[{"width":640,"height":640,"url":"https:\/\/gohike.lv\/wp-content\/uploads\/2024\/04\/CarMatress_-1.webp","type":"image\/webp"}],"twitter_card":"summary_large_image","twitter_title":"Naturehike - Piep\u016b\u0161amais matracis","twitter_misc":{"\u041f\u0440\u0438\u043c\u0435\u0440\u043d\u043e\u0435 \u0432\u0440\u0435\u043c\u044f \u0434\u043b\u044f \u0447\u0442\u0435\u043d\u0438\u044f":"2 \u043c\u0438\u043d\u0443\u0442\u0430"},"schema":{"@context":"https:\/\/schema.org","@graph":[{"@type":["WebPage","ItemPage"],"@id":"https:\/\/gohike.lv\/ru\/produkts\/naturehike-daudzfunkcionals-automobilu-piepusamais-matracisar-gaisa-sukni\/","url":"https:\/\/gohike.lv\/ru\/produkts\/naturehike-daudzfunkcionals-automobilu-piepusamais-matracisar-gaisa-sukni\/","name":"Naturehike - Piep\u016b\u0161amais matracis","isPartOf":{"@id":"https:\/\/gohike.lv\/ru\/#website"},"primaryImageOfPage":{"@id":"https:\/\/gohike.lv\/ru\/produkts\/naturehike-daudzfunkcionals-automobilu-piepusamais-matracisar-gaisa-sukni\/#primaryimage"},"image":{"@id":"https:\/\/gohike.lv\/ru\/produkts\/naturehike-daudzfunkcionals-automobilu-piepusamais-matracisar-gaisa-sukni\/#primaryimage"},"thumbnailUrl":"https:\/\/gohike.lv\/wp-content\/uploads\/2024\/04\/CarMatress_-1.webp","datePublished":"2024-05-09T10:33:50+00:00","dateModified":"2025-12-30T14:24:40+00:00","description":"Daudzfunkcion\u0101ls matracis paredz\u0113ts atp\u016btai, ce\u013cojot ar auto.","breadcrumb":{"@id":"https:\/\/gohike.lv\/ru\/produkts\/naturehike-daudzfunkcionals-automobilu-piepusamais-matracisar-gaisa-sukni\/#breadcrumb"},"inLanguage":"ru-RU","potentialAction":[{"@type":"ReadAction","target":["https:\/\/gohike.lv\/ru\/produkts\/naturehike-daudzfunkcionals-automobilu-piepusamais-matracisar-gaisa-sukni\/"]}]},{"@type":"ImageObject","inLanguage":"ru-RU","@id":"https:\/\/gohike.lv\/ru\/produkts\/naturehike-daudzfunkcionals-automobilu-piepusamais-matracisar-gaisa-sukni\/#primaryimage","url":"https:\/\/gohike.lv\/wp-content\/uploads\/2024\/04\/CarMatress_-1.webp","contentUrl":"https:\/\/gohike.lv\/wp-content\/uploads\/2024\/04\/CarMatress_-1.webp","width":640,"height":640},{"@type":"BreadcrumbList","@id":"https:\/\/gohike.lv\/ru\/produkts\/naturehike-daudzfunkcionals-automobilu-piepusamais-matracisar-gaisa-sukni\/#breadcrumb","itemListElement":[{"@type":"ListItem","position":1,"name":"\u0413\u043b\u0430\u0432\u043d\u0430\u044f","item":"https:\/\/gohike.lv\/ru\/"},{"@type":"ListItem","position":2,"name":"\u041a\u0430\u0442\u0435\u0433\u043e\u0440\u0438\u0438 \u0442\u043e\u0432\u0430\u0440\u043e\u0432","item":"https:\/\/gohike.lv\/%d0%ba%d0%b0%d1%82%d0%b5%d0%b3%d0%be%d1%80%d0%b8%d0%b8-%d1%82%d0%be%d0%b2%d0%b0%d1%80%d0%be%d0%b2\/"},{"@type":"ListItem","position":3,"name":"Naturehike &#8211; Daudzfunkcion\u0101ls automobi\u013cu piep\u016b\u0161amais matracis ar gaisa s\u016bkni"}]},{"@type":"WebSite","@id":"https:\/\/gohike.lv\/ru\/#website","url":"https:\/\/gohike.lv\/ru\/","name":"GoHike","description":"","publisher":{"@id":"https:\/\/gohike.lv\/ru\/#organization"},"potentialAction":[{"@type":"SearchAction","target":{"@type":"EntryPoint","urlTemplate":"https:\/\/gohike.lv\/ru\/?s={search_term_string}"},"query-input":{"@type":"PropertyValueSpecification","valueRequired":true,"valueName":"search_term_string"}}],"inLanguage":"ru-RU"},{"@type":"Organization","@id":"https:\/\/gohike.lv\/ru\/#organization","name":"GoHike","url":"https:\/\/gohike.lv\/ru\/","logo":{"@type":"ImageObject","inLanguage":"ru-RU","@id":"https:\/\/gohike.lv\/ru\/#\/schema\/logo\/image\/","url":"https:\/\/gohike.lv\/wp-content\/uploads\/2023\/08\/Logo_GoHike.webp","contentUrl":"https:\/\/gohike.lv\/wp-content\/uploads\/2023\/08\/Logo_GoHike.webp","width":512,"height":512,"caption":"GoHike"},"image":{"@id":"https:\/\/gohike.lv\/ru\/#\/schema\/logo\/image\/"},"sameAs":["https:\/\/www.facebook.com\/gohike.shop\/","https:\/\/www.instagram.com\/gohike.shop\/"]}]}},"jetpack_sharing_enabled":true,"_links":{"self":[{"href":"https:\/\/gohike.lv\/ru\/wp-json\/wp\/v2\/product\/54019","targetHints":{"allow":["GET"]}}],"collection":[{"href":"https:\/\/gohike.lv\/ru\/wp-json\/wp\/v2\/product"}],"about":[{"href":"https:\/\/gohike.lv\/ru\/wp-json\/wp\/v2\/types\/product"}],"version-history":[{"count":0,"href":"https:\/\/gohike.lv\/ru\/wp-json\/wp\/v2\/product\/54019\/revisions"}],"wp:featuredmedia":[{"embeddable":true,"href":"https:\/\/gohike.lv\/ru\/wp-json\/wp\/v2\/media\/27558"}],"wp:attachment":[{"href":"https:\/\/gohike.lv\/ru\/wp-json\/wp\/v2\/media?parent=54019"}],"wp:term":[{"taxonomy":"product_brand","embeddable":true,"href":"https:\/\/gohike.lv\/ru\/wp-json\/wp\/v2\/product_brand?post=54019"},{"taxonomy":"product_cat","embeddable":true,"href":"https:\/\/gohike.lv\/ru\/wp-json\/wp\/v2\/product_cat?post=54019"},{"taxonomy":"product_tag","embeddable":true,"href":"https:\/\/gohike.lv\/ru\/wp-json\/wp\/v2\/product_tag?post=54019"}],"curies":[{"name":"wp","href":"https:\/\/api.w.org\/{rel}","templated":true}]}}