{"id":54011,"date":"2024-05-09T13:33:50","date_gmt":"2024-05-09T10:33:50","guid":{"rendered":"https:\/\/gohike.lv\/produkts\/naturehike-paspiepusams-elastiga-auduma-paklajs-vienvietigs\/"},"modified":"2025-12-30T17:24:40","modified_gmt":"2025-12-30T14:24:40","slug":"naturehike-paspiepusams-elastiga-auduma-paklajs-vienvietigs","status":"publish","type":"product","link":"https:\/\/gohike.lv\/ru\/produkts\/naturehike-paspiepusams-elastiga-auduma-paklajs-vienvietigs\/","title":{"rendered":"Naturehike &#8212; Vienviet\u012bgs, pa\u0161piep\u016b\u0161ams elast\u012bga auduma pakl\u0101js"},"content":{"rendered":"<p>Pateicoties savam m\u012bkstumam, k\u0101 ar\u012b gaisa un \u016bdens necaurlaid\u012bbai, matracis \u013cauj maksim\u0101li atsl\u0101bin\u0101ties miega laik\u0101.<br \/>\nAug\u0161\u0113j\u0101 puse izgatavota no elast\u012bga sint\u0113tiska auduma ar bl\u012bvumu 30D, nodilumiztur\u012bga un tai ir m\u012bksta virsma.<br \/>\nPirm\u0101 \u012bpa\u0161\u012bba \u013cauj materi\u0101lam iztur\u0113t meh\u0101nisko iedarb\u012bbu, bet otr\u0101 \u2013 minimiz\u0113t atp\u016btnieka sl\u012bd\u0113\u0161anu atp\u016btas laik\u0101.<br \/>\nTurkl\u0101t, lietot\u0101jam apgrie\u017eoties no viena s\u0101na uz otru, materi\u0101ls neizdod nepat\u012bkamas ska\u0146as.<br \/>\nKomplekt\u0101 iek\u013cauts futl\u0101ris uzglab\u0101\u0161anai.<br \/>\nRaksturlielumi:<br \/>\nKr\u0101sa: b\u0113\u0161a;<br \/>\nMateri\u0101li: elast\u012bgs audums 30D, poliesters 190T;<br \/>\nStarpsl\u0101nis: s\u016bk\u013cveida materi\u0101ls;<br \/>\nBiezums: 6 centimetri;<br \/>\nIzm\u0113ri atloc\u012bt\u0101 veid\u0101: 200 x 65 centimetri;<br \/>\nIzm\u0113ri saloc\u012bt\u0101 veid\u0101: 32 x 22 centimetri;<br \/>\nSvars: 1800 grami.<\/p>\n","protected":false},"excerpt":{"rendered":"<p>Matracis Naturehike pal\u012bdz\u0113s izbaud\u012bt atp\u016btu br\u012bv\u0101 dab\u0101.<\/p>\n","protected":false},"featured_media":27526,"template":"","meta":[],"product_brand":[167],"product_cat":[1510],"product_tag":[],"class_list":{"0":"post-54011","1":"product","2":"type-product","3":"status-publish","4":"has-post-thumbnail","6":"product_brand-naturehike-lv","7":"product_cat-paklajini-un-spilveni","8":"pa_izmeriscm-9953","9":"pa_materiali-elastigs-audums-30d","10":"pa_materiali-poliesters-190t","11":"pa_produkta-tips-paklajini","12":"pa_r-vertiba-8858","13":"pa_saliktas-preces-izmerscm-8798","14":"pa_spalva-haki","16":"first","17":"outofstock","18":"taxable","19":"shipping-taxable","20":"purchasable","21":"product-type-simple"},"raw_content":{"name":"Naturehike - Vienviet\u012bgs, pa\u0161piep\u016b\u0161ams elast\u012bga auduma pakl\u0101js","description":"Pateicoties savam m\u012bkstumam, k\u0101 ar\u012b gaisa un \u016bdens necaurlaid\u012bbai, matracis \u013cauj maksim\u0101li atsl\u0101bin\u0101ties miega laik\u0101.\nAug\u0161\u0113j\u0101 puse izgatavota no elast\u012bga sint\u0113tiska auduma ar bl\u012bvumu 30D, nodilumiztur\u012bga un tai ir m\u012bksta virsma.\nPirm\u0101 \u012bpa\u0161\u012bba \u013cauj materi\u0101lam iztur\u0113t meh\u0101nisko iedarb\u012bbu, bet otr\u0101 \u2013 minimiz\u0113t atp\u016btnieka sl\u012bd\u0113\u0161anu atp\u016btas laik\u0101.\nTurkl\u0101t, lietot\u0101jam apgrie\u017eoties no viena s\u0101na uz otru, materi\u0101ls neizdod nepat\u012bkamas ska\u0146as.\nKomplekt\u0101 iek\u013cauts futl\u0101ris uzglab\u0101\u0161anai.\nRaksturlielumi:\nKr\u0101sa: b\u0113\u0161a;\nMateri\u0101li: elast\u012bgs audums 30D, poliesters 190T;\nStarpsl\u0101nis: s\u016bk\u013cveida materi\u0101ls;\nBiezums: 6 centimetri;\nIzm\u0113ri atloc\u012bt\u0101 veid\u0101: 200 x 65 centimetri;\nIzm\u0113ri saloc\u012bt\u0101 veid\u0101: 32 x 22 centimetri;\nSvars: 1800 grami.","short_description":"Matracis Naturehike pal\u012bdz\u0113s izbaud\u012bt atp\u016btu br\u012bv\u0101 dab\u0101.","status":"publish","sku":"6927595793312","original":54011},"wpml":{"translation_type":1,"has_translations":true,"original":54011,"duplicates":[],"translations":{"lv":54011,"en":67856,"ru":null}},"supplier_id":null,"supplier_sku":"","barcode":null,"atum_controlled":true,"out_stock_date":null,"out_stock_threshold":null,"inheritable":false,"inbound_stock":null,"stock_on_hold":0,"sold_today":0,"sales_last_days":0,"reserved_stock":null,"customer_returns":null,"warehouse_damage":null,"lost_in_post":null,"other_logs":null,"out_stock_days":0,"lost_sales":0,"has_location":null,"update_date":"2025-12-30T14:30:36","atum_locations":[],"atum_stock_status":"outofstock","restock_status":false,"low_stock_amount":"","sales_update_date":"2025-11-13T14:07:51","calc_backorders":null,"yoast_head":"<!-- This site is optimized with the Yoast SEO plugin v27.3 - https:\/\/yoast.com\/product\/yoast-seo-wordpress\/ -->\n<title>Naturehike - Vienviet\u012bgs, pa\u0161piep\u016b\u0161ams elast\u012bga auduma pakl\u0101js<\/title>\n<meta name=\"description\" content=\"Matracis Naturehike pal\u012bdz\u0113s izbaud\u012bt atp\u016btu br\u012bv\u0101 dab\u0101.\" \/>\n<meta name=\"robots\" content=\"index, follow, max-snippet:-1, max-image-preview:large, max-video-preview:-1\" \/>\n<link rel=\"canonical\" href=\"https:\/\/gohike.lv\/ru\/produkts\/naturehike-paspiepusams-elastiga-auduma-paklajs-vienvietigs\/\" \/>\n<meta property=\"og:locale\" content=\"ru_RU\" \/>\n<meta property=\"og:type\" content=\"article\" \/>\n<meta property=\"og:title\" content=\"Naturehike - T\u016brisma pakl\u0101ji\u0146\u0161\" \/>\n<meta property=\"og:description\" content=\"Matracis Naturehike pal\u012bdz\u0113s izbaud\u012bt atp\u016btu br\u012bv\u0101 dab\u0101.\" \/>\n<meta property=\"og:url\" content=\"https:\/\/gohike.lv\/ru\/produkts\/naturehike-paspiepusams-elastiga-auduma-paklajs-vienvietigs\/\" \/>\n<meta property=\"og:site_name\" content=\"GoHike\" \/>\n<meta property=\"article:publisher\" content=\"https:\/\/www.facebook.com\/gohike.shop\/\" \/>\n<meta property=\"article:modified_time\" content=\"2025-12-30T14:24:40+00:00\" \/>\n<meta property=\"og:image\" content=\"https:\/\/gohike.lv\/wp-content\/uploads\/2024\/04\/ElasticClothPad_single_khaki-1.webp\" \/>\n\t<meta property=\"og:image:width\" content=\"800\" \/>\n\t<meta property=\"og:image:height\" content=\"800\" \/>\n\t<meta property=\"og:image:type\" content=\"image\/webp\" \/>\n<meta name=\"twitter:card\" content=\"summary_large_image\" \/>\n<meta name=\"twitter:title\" content=\"Naturehike - T\u016brisma pakl\u0101ji\u0146\u0161\" \/>\n<meta name=\"twitter:label1\" content=\"\u041f\u0440\u0438\u043c\u0435\u0440\u043d\u043e\u0435 \u0432\u0440\u0435\u043c\u044f \u0434\u043b\u044f \u0447\u0442\u0435\u043d\u0438\u044f\" \/>\n\t<meta name=\"twitter:data1\" content=\"1 \u043c\u0438\u043d\u0443\u0442\u0430\" \/>\n<script type=\"application\/ld+json\" class=\"yoast-schema-graph\">{\"@context\":\"https:\\\/\\\/schema.org\",\"@graph\":[{\"@type\":[\"WebPage\",\"ItemPage\"],\"@id\":\"https:\\\/\\\/gohike.lv\\\/ru\\\/produkts\\\/naturehike-paspiepusams-elastiga-auduma-paklajs-vienvietigs\\\/\",\"url\":\"https:\\\/\\\/gohike.lv\\\/ru\\\/produkts\\\/naturehike-paspiepusams-elastiga-auduma-paklajs-vienvietigs\\\/\",\"name\":\"Naturehike - Vienviet\u012bgs, pa\u0161piep\u016b\u0161ams elast\u012bga auduma pakl\u0101js\",\"isPartOf\":{\"@id\":\"https:\\\/\\\/gohike.lv\\\/ru\\\/#website\"},\"primaryImageOfPage\":{\"@id\":\"https:\\\/\\\/gohike.lv\\\/ru\\\/produkts\\\/naturehike-paspiepusams-elastiga-auduma-paklajs-vienvietigs\\\/#primaryimage\"},\"image\":{\"@id\":\"https:\\\/\\\/gohike.lv\\\/ru\\\/produkts\\\/naturehike-paspiepusams-elastiga-auduma-paklajs-vienvietigs\\\/#primaryimage\"},\"thumbnailUrl\":\"https:\\\/\\\/gohike.lv\\\/wp-content\\\/uploads\\\/2024\\\/04\\\/ElasticClothPad_single_khaki-1.webp\",\"datePublished\":\"2024-05-09T10:33:50+00:00\",\"dateModified\":\"2025-12-30T14:24:40+00:00\",\"description\":\"Matracis Naturehike pal\u012bdz\u0113s izbaud\u012bt atp\u016btu br\u012bv\u0101 dab\u0101.\",\"breadcrumb\":{\"@id\":\"https:\\\/\\\/gohike.lv\\\/ru\\\/produkts\\\/naturehike-paspiepusams-elastiga-auduma-paklajs-vienvietigs\\\/#breadcrumb\"},\"inLanguage\":\"ru-RU\",\"potentialAction\":[{\"@type\":\"ReadAction\",\"target\":[\"https:\\\/\\\/gohike.lv\\\/ru\\\/produkts\\\/naturehike-paspiepusams-elastiga-auduma-paklajs-vienvietigs\\\/\"]}]},{\"@type\":\"ImageObject\",\"inLanguage\":\"ru-RU\",\"@id\":\"https:\\\/\\\/gohike.lv\\\/ru\\\/produkts\\\/naturehike-paspiepusams-elastiga-auduma-paklajs-vienvietigs\\\/#primaryimage\",\"url\":\"https:\\\/\\\/gohike.lv\\\/wp-content\\\/uploads\\\/2024\\\/04\\\/ElasticClothPad_single_khaki-1.webp\",\"contentUrl\":\"https:\\\/\\\/gohike.lv\\\/wp-content\\\/uploads\\\/2024\\\/04\\\/ElasticClothPad_single_khaki-1.webp\",\"width\":800,\"height\":800},{\"@type\":\"BreadcrumbList\",\"@id\":\"https:\\\/\\\/gohike.lv\\\/ru\\\/produkts\\\/naturehike-paspiepusams-elastiga-auduma-paklajs-vienvietigs\\\/#breadcrumb\",\"itemListElement\":[{\"@type\":\"ListItem\",\"position\":1,\"name\":\"\u0413\u043b\u0430\u0432\u043d\u0430\u044f\",\"item\":\"https:\\\/\\\/gohike.lv\\\/ru\\\/\"},{\"@type\":\"ListItem\",\"position\":2,\"name\":\"\u041a\u0430\u0442\u0435\u0433\u043e\u0440\u0438\u0438 \u0442\u043e\u0432\u0430\u0440\u043e\u0432\",\"item\":\"https:\\\/\\\/gohike.lv\\\/%d0%ba%d0%b0%d1%82%d0%b5%d0%b3%d0%be%d1%80%d0%b8%d0%b8-%d1%82%d0%be%d0%b2%d0%b0%d1%80%d0%be%d0%b2\\\/\"},{\"@type\":\"ListItem\",\"position\":3,\"name\":\"Naturehike &#8211; Vienviet\u012bgs, pa\u0161piep\u016b\u0161ams elast\u012bga auduma pakl\u0101js\"}]},{\"@type\":\"WebSite\",\"@id\":\"https:\\\/\\\/gohike.lv\\\/ru\\\/#website\",\"url\":\"https:\\\/\\\/gohike.lv\\\/ru\\\/\",\"name\":\"GoHike\",\"description\":\"\",\"publisher\":{\"@id\":\"https:\\\/\\\/gohike.lv\\\/ru\\\/#organization\"},\"potentialAction\":[{\"@type\":\"SearchAction\",\"target\":{\"@type\":\"EntryPoint\",\"urlTemplate\":\"https:\\\/\\\/gohike.lv\\\/ru\\\/?s={search_term_string}\"},\"query-input\":{\"@type\":\"PropertyValueSpecification\",\"valueRequired\":true,\"valueName\":\"search_term_string\"}}],\"inLanguage\":\"ru-RU\"},{\"@type\":\"Organization\",\"@id\":\"https:\\\/\\\/gohike.lv\\\/ru\\\/#organization\",\"name\":\"GoHike\",\"url\":\"https:\\\/\\\/gohike.lv\\\/ru\\\/\",\"logo\":{\"@type\":\"ImageObject\",\"inLanguage\":\"ru-RU\",\"@id\":\"https:\\\/\\\/gohike.lv\\\/ru\\\/#\\\/schema\\\/logo\\\/image\\\/\",\"url\":\"https:\\\/\\\/gohike.lv\\\/wp-content\\\/uploads\\\/2023\\\/08\\\/Logo_GoHike.webp\",\"contentUrl\":\"https:\\\/\\\/gohike.lv\\\/wp-content\\\/uploads\\\/2023\\\/08\\\/Logo_GoHike.webp\",\"width\":512,\"height\":512,\"caption\":\"GoHike\"},\"image\":{\"@id\":\"https:\\\/\\\/gohike.lv\\\/ru\\\/#\\\/schema\\\/logo\\\/image\\\/\"},\"sameAs\":[\"https:\\\/\\\/www.facebook.com\\\/gohike.shop\\\/\",\"https:\\\/\\\/www.instagram.com\\\/gohike.shop\\\/\"]}]}<\/script>\n<!-- \/ Yoast SEO plugin. -->","yoast_head_json":{"title":"Naturehike - Vienviet\u012bgs, pa\u0161piep\u016b\u0161ams elast\u012bga auduma pakl\u0101js","description":"Matracis Naturehike pal\u012bdz\u0113s izbaud\u012bt atp\u016btu br\u012bv\u0101 dab\u0101.","robots":{"index":"index","follow":"follow","max-snippet":"max-snippet:-1","max-image-preview":"max-image-preview:large","max-video-preview":"max-video-preview:-1"},"canonical":"https:\/\/gohike.lv\/ru\/produkts\/naturehike-paspiepusams-elastiga-auduma-paklajs-vienvietigs\/","og_locale":"ru_RU","og_type":"article","og_title":"Naturehike - T\u016brisma pakl\u0101ji\u0146\u0161","og_description":"Matracis Naturehike pal\u012bdz\u0113s izbaud\u012bt atp\u016btu br\u012bv\u0101 dab\u0101.","og_url":"https:\/\/gohike.lv\/ru\/produkts\/naturehike-paspiepusams-elastiga-auduma-paklajs-vienvietigs\/","og_site_name":"GoHike","article_publisher":"https:\/\/www.facebook.com\/gohike.shop\/","article_modified_time":"2025-12-30T14:24:40+00:00","og_image":[{"width":800,"height":800,"url":"https:\/\/gohike.lv\/wp-content\/uploads\/2024\/04\/ElasticClothPad_single_khaki-1.webp","type":"image\/webp"}],"twitter_card":"summary_large_image","twitter_title":"Naturehike - T\u016brisma pakl\u0101ji\u0146\u0161","twitter_misc":{"\u041f\u0440\u0438\u043c\u0435\u0440\u043d\u043e\u0435 \u0432\u0440\u0435\u043c\u044f \u0434\u043b\u044f \u0447\u0442\u0435\u043d\u0438\u044f":"1 \u043c\u0438\u043d\u0443\u0442\u0430"},"schema":{"@context":"https:\/\/schema.org","@graph":[{"@type":["WebPage","ItemPage"],"@id":"https:\/\/gohike.lv\/ru\/produkts\/naturehike-paspiepusams-elastiga-auduma-paklajs-vienvietigs\/","url":"https:\/\/gohike.lv\/ru\/produkts\/naturehike-paspiepusams-elastiga-auduma-paklajs-vienvietigs\/","name":"Naturehike - Vienviet\u012bgs, pa\u0161piep\u016b\u0161ams elast\u012bga auduma pakl\u0101js","isPartOf":{"@id":"https:\/\/gohike.lv\/ru\/#website"},"primaryImageOfPage":{"@id":"https:\/\/gohike.lv\/ru\/produkts\/naturehike-paspiepusams-elastiga-auduma-paklajs-vienvietigs\/#primaryimage"},"image":{"@id":"https:\/\/gohike.lv\/ru\/produkts\/naturehike-paspiepusams-elastiga-auduma-paklajs-vienvietigs\/#primaryimage"},"thumbnailUrl":"https:\/\/gohike.lv\/wp-content\/uploads\/2024\/04\/ElasticClothPad_single_khaki-1.webp","datePublished":"2024-05-09T10:33:50+00:00","dateModified":"2025-12-30T14:24:40+00:00","description":"Matracis Naturehike pal\u012bdz\u0113s izbaud\u012bt atp\u016btu br\u012bv\u0101 dab\u0101.","breadcrumb":{"@id":"https:\/\/gohike.lv\/ru\/produkts\/naturehike-paspiepusams-elastiga-auduma-paklajs-vienvietigs\/#breadcrumb"},"inLanguage":"ru-RU","potentialAction":[{"@type":"ReadAction","target":["https:\/\/gohike.lv\/ru\/produkts\/naturehike-paspiepusams-elastiga-auduma-paklajs-vienvietigs\/"]}]},{"@type":"ImageObject","inLanguage":"ru-RU","@id":"https:\/\/gohike.lv\/ru\/produkts\/naturehike-paspiepusams-elastiga-auduma-paklajs-vienvietigs\/#primaryimage","url":"https:\/\/gohike.lv\/wp-content\/uploads\/2024\/04\/ElasticClothPad_single_khaki-1.webp","contentUrl":"https:\/\/gohike.lv\/wp-content\/uploads\/2024\/04\/ElasticClothPad_single_khaki-1.webp","width":800,"height":800},{"@type":"BreadcrumbList","@id":"https:\/\/gohike.lv\/ru\/produkts\/naturehike-paspiepusams-elastiga-auduma-paklajs-vienvietigs\/#breadcrumb","itemListElement":[{"@type":"ListItem","position":1,"name":"\u0413\u043b\u0430\u0432\u043d\u0430\u044f","item":"https:\/\/gohike.lv\/ru\/"},{"@type":"ListItem","position":2,"name":"\u041a\u0430\u0442\u0435\u0433\u043e\u0440\u0438\u0438 \u0442\u043e\u0432\u0430\u0440\u043e\u0432","item":"https:\/\/gohike.lv\/%d0%ba%d0%b0%d1%82%d0%b5%d0%b3%d0%be%d1%80%d0%b8%d0%b8-%d1%82%d0%be%d0%b2%d0%b0%d1%80%d0%be%d0%b2\/"},{"@type":"ListItem","position":3,"name":"Naturehike &#8211; Vienviet\u012bgs, pa\u0161piep\u016b\u0161ams elast\u012bga auduma pakl\u0101js"}]},{"@type":"WebSite","@id":"https:\/\/gohike.lv\/ru\/#website","url":"https:\/\/gohike.lv\/ru\/","name":"GoHike","description":"","publisher":{"@id":"https:\/\/gohike.lv\/ru\/#organization"},"potentialAction":[{"@type":"SearchAction","target":{"@type":"EntryPoint","urlTemplate":"https:\/\/gohike.lv\/ru\/?s={search_term_string}"},"query-input":{"@type":"PropertyValueSpecification","valueRequired":true,"valueName":"search_term_string"}}],"inLanguage":"ru-RU"},{"@type":"Organization","@id":"https:\/\/gohike.lv\/ru\/#organization","name":"GoHike","url":"https:\/\/gohike.lv\/ru\/","logo":{"@type":"ImageObject","inLanguage":"ru-RU","@id":"https:\/\/gohike.lv\/ru\/#\/schema\/logo\/image\/","url":"https:\/\/gohike.lv\/wp-content\/uploads\/2023\/08\/Logo_GoHike.webp","contentUrl":"https:\/\/gohike.lv\/wp-content\/uploads\/2023\/08\/Logo_GoHike.webp","width":512,"height":512,"caption":"GoHike"},"image":{"@id":"https:\/\/gohike.lv\/ru\/#\/schema\/logo\/image\/"},"sameAs":["https:\/\/www.facebook.com\/gohike.shop\/","https:\/\/www.instagram.com\/gohike.shop\/"]}]}},"jetpack_sharing_enabled":true,"_links":{"self":[{"href":"https:\/\/gohike.lv\/ru\/wp-json\/wp\/v2\/product\/54011","targetHints":{"allow":["GET"]}}],"collection":[{"href":"https:\/\/gohike.lv\/ru\/wp-json\/wp\/v2\/product"}],"about":[{"href":"https:\/\/gohike.lv\/ru\/wp-json\/wp\/v2\/types\/product"}],"version-history":[{"count":0,"href":"https:\/\/gohike.lv\/ru\/wp-json\/wp\/v2\/product\/54011\/revisions"}],"wp:featuredmedia":[{"embeddable":true,"href":"https:\/\/gohike.lv\/ru\/wp-json\/wp\/v2\/media\/27526"}],"wp:attachment":[{"href":"https:\/\/gohike.lv\/ru\/wp-json\/wp\/v2\/media?parent=54011"}],"wp:term":[{"taxonomy":"product_brand","embeddable":true,"href":"https:\/\/gohike.lv\/ru\/wp-json\/wp\/v2\/product_brand?post=54011"},{"taxonomy":"product_cat","embeddable":true,"href":"https:\/\/gohike.lv\/ru\/wp-json\/wp\/v2\/product_cat?post=54011"},{"taxonomy":"product_tag","embeddable":true,"href":"https:\/\/gohike.lv\/ru\/wp-json\/wp\/v2\/product_tag?post=54011"}],"curies":[{"name":"wp","href":"https:\/\/api.w.org\/{rel}","templated":true}]}}