{"id":54009,"date":"2024-05-09T13:33:50","date_gmt":"2024-05-09T10:33:50","guid":{"rendered":"https:\/\/gohike.lv\/produkts\/naturehike-kvadrata-formas-paspiepusamais-paklajs-vienvietigs\/"},"modified":"2025-11-01T05:12:14","modified_gmt":"2025-11-01T02:12:14","slug":"naturehike-kvadrata-formas-paspiepusamais-paklajs-vienvietigs","status":"publish","type":"product","link":"https:\/\/gohike.lv\/ru\/produkts\/naturehike-kvadrata-formas-paspiepusamais-paklajs-vienvietigs\/","title":{"rendered":"Naturehike &#8212; Vienviet\u012bgs, pa\u0161piep\u016b\u0161ams pakl\u0101js"},"content":{"rendered":"<p>Pakl\u0101ju var izmantot gan br\u012bv\u0101 dab\u0101, gan telt\u012b.<br \/>\nIr apr\u012bkots ar autom\u0101tisk\u0101s piep\u016b\u0161anas funkciju.<br \/>\nMatra\u010da virsk\u0101rta veidota no spon\u017eas.<br \/>\n\u0160is audums lieliski tur formu un nenokar\u0101jas, t\u0101p\u0113c pat p\u0113c ilgsto\u0161as lieto\u0161anas matracis nezaud\u0113s izskatu.<br \/>\nMateri\u0101ls ir pat\u012bkams \u0137ermenim un nerada diskomfortu.<br \/>\nRaksturlielumi:<br \/>\nModelis: Naturehike NH20DZ002, 60 mm;<br \/>\nKr\u0101sa: b\u0113\u0161a;<br \/>\nMateri\u0101ls:<br \/>\nVirs\u0113j\u0101 k\u0101rta &#8212; spon\u017es;<br \/>\nIek\u0161pus\u0113 &#8212; apa\u013c\u0161 perfor\u0113ts s\u016bklis;<br \/>\nIzm\u0113ri atv\u0113rt\u0101 veid\u0101: 200 x 76 x 6 cm;<br \/>\nIzm\u0113ri saloc\u012bt\u0101 veid\u0101: 26 x 39 cm;<br \/>\nSvars: 2,3 kg;<br \/>\nKomplekt\u0101 \u0113rts futl\u0101ris.<\/p>\n","protected":false},"excerpt":{"rendered":"<p>Vienviet\u012bgs pa\u0161piep\u016b\u0161amais pakl\u0101js.<\/p>\n","protected":false},"featured_media":27512,"template":"","meta":[],"product_brand":[167],"product_cat":[9447,1510],"product_tag":[],"class_list":{"0":"post-54009","1":"product","2":"type-product","3":"status-publish","4":"has-post-thumbnail","6":"product_brand-naturehike-lv","7":"product_cat-izpardosana","8":"product_cat-paklajini-un-spilveni","9":"pa_izmeriscm-9954","10":"pa_materiali-poliesters-sponzs-suklis","11":"pa_produkta-tips-paklajini","12":"pa_r-vertiba-8857","13":"pa_r-vertiba-8858","14":"pa_saliktas-preces-izmerscm-8794","15":"pa_spalva-bess","17":"first","18":"outofstock","19":"taxable","20":"shipping-taxable","21":"purchasable","22":"product-type-simple"},"raw_content":{"name":"Naturehike - Vienviet\u012bgs, pa\u0161piep\u016b\u0161ams pakl\u0101js","description":"Pakl\u0101ju var izmantot gan br\u012bv\u0101 dab\u0101, gan telt\u012b.\nIr apr\u012bkots ar autom\u0101tisk\u0101s piep\u016b\u0161anas funkciju.\nMatra\u010da virsk\u0101rta veidota no spon\u017eas.\n\u0160is audums lieliski tur formu un nenokar\u0101jas, t\u0101p\u0113c pat p\u0113c ilgsto\u0161as lieto\u0161anas matracis nezaud\u0113s izskatu.\nMateri\u0101ls ir pat\u012bkams \u0137ermenim un nerada diskomfortu.\nRaksturlielumi:\nModelis: Naturehike NH20DZ002, 60 mm;\nKr\u0101sa: b\u0113\u0161a;\nMateri\u0101ls:\nVirs\u0113j\u0101 k\u0101rta - spon\u017es;\nIek\u0161pus\u0113 - apa\u013c\u0161 perfor\u0113ts s\u016bklis;\nIzm\u0113ri atv\u0113rt\u0101 veid\u0101: 200 x 76 x 6 cm;\nIzm\u0113ri saloc\u012bt\u0101 veid\u0101: 26 x 39 cm;\nSvars: 2,3 kg;\nKomplekt\u0101 \u0113rts futl\u0101ris.","short_description":"Vienviet\u012bgs pa\u0161piep\u016b\u0161amais pakl\u0101js.","status":"publish","sku":"6927595795248","original":54009},"wpml":{"translation_type":1,"has_translations":true,"original":54009,"duplicates":[],"translations":{"lv":54009,"en":67858,"ru":null}},"supplier_id":null,"supplier_sku":"","barcode":null,"atum_controlled":true,"out_stock_date":"2025-09-04 15:20:53","out_stock_threshold":null,"inheritable":false,"inbound_stock":null,"stock_on_hold":0,"sold_today":0,"sales_last_days":0,"reserved_stock":null,"customer_returns":null,"warehouse_damage":null,"lost_in_post":null,"other_logs":null,"out_stock_days":69,"lost_sales":0,"has_location":false,"update_date":"2025-11-13T14:09:02","atum_locations":[],"atum_stock_status":"outofstock","restock_status":false,"low_stock_amount":"","sales_update_date":"2025-11-13T14:09:02","calc_backorders":null,"yoast_head":"<!-- This site is optimized with the Yoast SEO plugin v27.3 - https:\/\/yoast.com\/product\/yoast-seo-wordpress\/ -->\n<title>Naturehike - Vienviet\u012bgs, pa\u0161piep\u016b\u0161ams pakl\u0101js<\/title>\n<meta name=\"description\" content=\"Vienviet\u012bgs, pa\u0161piep\u016b\u0161ams pakl\u0101js. Apr\u012bkots ar autom\u0101tisk\u0101s piep\u016b\u0161anas funkciju.\" \/>\n<meta name=\"robots\" content=\"index, follow, max-snippet:-1, max-image-preview:large, max-video-preview:-1\" \/>\n<link rel=\"canonical\" href=\"https:\/\/gohike.lv\/ru\/produkts\/naturehike-kvadrata-formas-paspiepusamais-paklajs-vienvietigs\/\" \/>\n<meta property=\"og:locale\" content=\"ru_RU\" \/>\n<meta property=\"og:type\" content=\"article\" \/>\n<meta property=\"og:title\" content=\"Naturehike - T\u016brisma pakl\u0101ji\u0146\u0161\" \/>\n<meta property=\"og:description\" content=\"Vienviet\u012bgs, pa\u0161piep\u016b\u0161ams pakl\u0101js. Apr\u012bkots ar autom\u0101tisk\u0101s piep\u016b\u0161anas funkciju.\" \/>\n<meta property=\"og:url\" content=\"https:\/\/gohike.lv\/ru\/produkts\/naturehike-kvadrata-formas-paspiepusamais-paklajs-vienvietigs\/\" \/>\n<meta property=\"og:site_name\" content=\"GoHike\" \/>\n<meta property=\"article:publisher\" content=\"https:\/\/www.facebook.com\/gohike.shop\/\" \/>\n<meta property=\"article:modified_time\" content=\"2025-11-01T02:12:14+00:00\" \/>\n<meta property=\"og:image\" content=\"https:\/\/gohike.lv\/wp-content\/uploads\/2024\/04\/SquareSelf_single6_beige-1.webp\" \/>\n\t<meta property=\"og:image:width\" content=\"1080\" \/>\n\t<meta property=\"og:image:height\" content=\"1080\" \/>\n\t<meta property=\"og:image:type\" content=\"image\/webp\" \/>\n<meta name=\"twitter:card\" content=\"summary_large_image\" \/>\n<meta name=\"twitter:title\" content=\"Naturehike - T\u016brisma pakl\u0101ji\u0146\u0161\" \/>\n<meta name=\"twitter:label1\" content=\"\u041f\u0440\u0438\u043c\u0435\u0440\u043d\u043e\u0435 \u0432\u0440\u0435\u043c\u044f \u0434\u043b\u044f \u0447\u0442\u0435\u043d\u0438\u044f\" \/>\n\t<meta name=\"twitter:data1\" content=\"1 \u043c\u0438\u043d\u0443\u0442\u0430\" \/>\n<script type=\"application\/ld+json\" class=\"yoast-schema-graph\">{\"@context\":\"https:\\\/\\\/schema.org\",\"@graph\":[{\"@type\":[\"WebPage\",\"ItemPage\"],\"@id\":\"https:\\\/\\\/gohike.lv\\\/ru\\\/produkts\\\/naturehike-kvadrata-formas-paspiepusamais-paklajs-vienvietigs\\\/\",\"url\":\"https:\\\/\\\/gohike.lv\\\/ru\\\/produkts\\\/naturehike-kvadrata-formas-paspiepusamais-paklajs-vienvietigs\\\/\",\"name\":\"Naturehike - Vienviet\u012bgs, pa\u0161piep\u016b\u0161ams pakl\u0101js\",\"isPartOf\":{\"@id\":\"https:\\\/\\\/gohike.lv\\\/ru\\\/#website\"},\"primaryImageOfPage\":{\"@id\":\"https:\\\/\\\/gohike.lv\\\/ru\\\/produkts\\\/naturehike-kvadrata-formas-paspiepusamais-paklajs-vienvietigs\\\/#primaryimage\"},\"image\":{\"@id\":\"https:\\\/\\\/gohike.lv\\\/ru\\\/produkts\\\/naturehike-kvadrata-formas-paspiepusamais-paklajs-vienvietigs\\\/#primaryimage\"},\"thumbnailUrl\":\"https:\\\/\\\/gohike.lv\\\/wp-content\\\/uploads\\\/2024\\\/04\\\/SquareSelf_single6_beige-1.webp\",\"datePublished\":\"2024-05-09T10:33:50+00:00\",\"dateModified\":\"2025-11-01T02:12:14+00:00\",\"description\":\"Vienviet\u012bgs, pa\u0161piep\u016b\u0161ams pakl\u0101js. Apr\u012bkots ar autom\u0101tisk\u0101s piep\u016b\u0161anas funkciju.\",\"breadcrumb\":{\"@id\":\"https:\\\/\\\/gohike.lv\\\/ru\\\/produkts\\\/naturehike-kvadrata-formas-paspiepusamais-paklajs-vienvietigs\\\/#breadcrumb\"},\"inLanguage\":\"ru-RU\",\"potentialAction\":[{\"@type\":\"ReadAction\",\"target\":[\"https:\\\/\\\/gohike.lv\\\/ru\\\/produkts\\\/naturehike-kvadrata-formas-paspiepusamais-paklajs-vienvietigs\\\/\"]}]},{\"@type\":\"ImageObject\",\"inLanguage\":\"ru-RU\",\"@id\":\"https:\\\/\\\/gohike.lv\\\/ru\\\/produkts\\\/naturehike-kvadrata-formas-paspiepusamais-paklajs-vienvietigs\\\/#primaryimage\",\"url\":\"https:\\\/\\\/gohike.lv\\\/wp-content\\\/uploads\\\/2024\\\/04\\\/SquareSelf_single6_beige-1.webp\",\"contentUrl\":\"https:\\\/\\\/gohike.lv\\\/wp-content\\\/uploads\\\/2024\\\/04\\\/SquareSelf_single6_beige-1.webp\",\"width\":1080,\"height\":1080},{\"@type\":\"BreadcrumbList\",\"@id\":\"https:\\\/\\\/gohike.lv\\\/ru\\\/produkts\\\/naturehike-kvadrata-formas-paspiepusamais-paklajs-vienvietigs\\\/#breadcrumb\",\"itemListElement\":[{\"@type\":\"ListItem\",\"position\":1,\"name\":\"\u0413\u043b\u0430\u0432\u043d\u0430\u044f\",\"item\":\"https:\\\/\\\/gohike.lv\\\/ru\\\/\"},{\"@type\":\"ListItem\",\"position\":2,\"name\":\"\u041a\u0430\u0442\u0435\u0433\u043e\u0440\u0438\u0438 \u0442\u043e\u0432\u0430\u0440\u043e\u0432\",\"item\":\"https:\\\/\\\/gohike.lv\\\/%d0%ba%d0%b0%d1%82%d0%b5%d0%b3%d0%be%d1%80%d0%b8%d0%b8-%d1%82%d0%be%d0%b2%d0%b0%d1%80%d0%be%d0%b2\\\/\"},{\"@type\":\"ListItem\",\"position\":3,\"name\":\"Naturehike &#8211; Vienviet\u012bgs, pa\u0161piep\u016b\u0161ams pakl\u0101js\"}]},{\"@type\":\"WebSite\",\"@id\":\"https:\\\/\\\/gohike.lv\\\/ru\\\/#website\",\"url\":\"https:\\\/\\\/gohike.lv\\\/ru\\\/\",\"name\":\"GoHike\",\"description\":\"\",\"publisher\":{\"@id\":\"https:\\\/\\\/gohike.lv\\\/ru\\\/#organization\"},\"potentialAction\":[{\"@type\":\"SearchAction\",\"target\":{\"@type\":\"EntryPoint\",\"urlTemplate\":\"https:\\\/\\\/gohike.lv\\\/ru\\\/?s={search_term_string}\"},\"query-input\":{\"@type\":\"PropertyValueSpecification\",\"valueRequired\":true,\"valueName\":\"search_term_string\"}}],\"inLanguage\":\"ru-RU\"},{\"@type\":\"Organization\",\"@id\":\"https:\\\/\\\/gohike.lv\\\/ru\\\/#organization\",\"name\":\"GoHike\",\"url\":\"https:\\\/\\\/gohike.lv\\\/ru\\\/\",\"logo\":{\"@type\":\"ImageObject\",\"inLanguage\":\"ru-RU\",\"@id\":\"https:\\\/\\\/gohike.lv\\\/ru\\\/#\\\/schema\\\/logo\\\/image\\\/\",\"url\":\"https:\\\/\\\/gohike.lv\\\/wp-content\\\/uploads\\\/2023\\\/08\\\/Logo_GoHike.webp\",\"contentUrl\":\"https:\\\/\\\/gohike.lv\\\/wp-content\\\/uploads\\\/2023\\\/08\\\/Logo_GoHike.webp\",\"width\":512,\"height\":512,\"caption\":\"GoHike\"},\"image\":{\"@id\":\"https:\\\/\\\/gohike.lv\\\/ru\\\/#\\\/schema\\\/logo\\\/image\\\/\"},\"sameAs\":[\"https:\\\/\\\/www.facebook.com\\\/gohike.shop\\\/\",\"https:\\\/\\\/www.instagram.com\\\/gohike.shop\\\/\"]}]}<\/script>\n<!-- \/ Yoast SEO plugin. -->","yoast_head_json":{"title":"Naturehike - Vienviet\u012bgs, pa\u0161piep\u016b\u0161ams pakl\u0101js","description":"Vienviet\u012bgs, pa\u0161piep\u016b\u0161ams pakl\u0101js. Apr\u012bkots ar autom\u0101tisk\u0101s piep\u016b\u0161anas funkciju.","robots":{"index":"index","follow":"follow","max-snippet":"max-snippet:-1","max-image-preview":"max-image-preview:large","max-video-preview":"max-video-preview:-1"},"canonical":"https:\/\/gohike.lv\/ru\/produkts\/naturehike-kvadrata-formas-paspiepusamais-paklajs-vienvietigs\/","og_locale":"ru_RU","og_type":"article","og_title":"Naturehike - T\u016brisma pakl\u0101ji\u0146\u0161","og_description":"Vienviet\u012bgs, pa\u0161piep\u016b\u0161ams pakl\u0101js. Apr\u012bkots ar autom\u0101tisk\u0101s piep\u016b\u0161anas funkciju.","og_url":"https:\/\/gohike.lv\/ru\/produkts\/naturehike-kvadrata-formas-paspiepusamais-paklajs-vienvietigs\/","og_site_name":"GoHike","article_publisher":"https:\/\/www.facebook.com\/gohike.shop\/","article_modified_time":"2025-11-01T02:12:14+00:00","og_image":[{"width":1080,"height":1080,"url":"https:\/\/gohike.lv\/wp-content\/uploads\/2024\/04\/SquareSelf_single6_beige-1.webp","type":"image\/webp"}],"twitter_card":"summary_large_image","twitter_title":"Naturehike - T\u016brisma pakl\u0101ji\u0146\u0161","twitter_misc":{"\u041f\u0440\u0438\u043c\u0435\u0440\u043d\u043e\u0435 \u0432\u0440\u0435\u043c\u044f \u0434\u043b\u044f \u0447\u0442\u0435\u043d\u0438\u044f":"1 \u043c\u0438\u043d\u0443\u0442\u0430"},"schema":{"@context":"https:\/\/schema.org","@graph":[{"@type":["WebPage","ItemPage"],"@id":"https:\/\/gohike.lv\/ru\/produkts\/naturehike-kvadrata-formas-paspiepusamais-paklajs-vienvietigs\/","url":"https:\/\/gohike.lv\/ru\/produkts\/naturehike-kvadrata-formas-paspiepusamais-paklajs-vienvietigs\/","name":"Naturehike - Vienviet\u012bgs, pa\u0161piep\u016b\u0161ams pakl\u0101js","isPartOf":{"@id":"https:\/\/gohike.lv\/ru\/#website"},"primaryImageOfPage":{"@id":"https:\/\/gohike.lv\/ru\/produkts\/naturehike-kvadrata-formas-paspiepusamais-paklajs-vienvietigs\/#primaryimage"},"image":{"@id":"https:\/\/gohike.lv\/ru\/produkts\/naturehike-kvadrata-formas-paspiepusamais-paklajs-vienvietigs\/#primaryimage"},"thumbnailUrl":"https:\/\/gohike.lv\/wp-content\/uploads\/2024\/04\/SquareSelf_single6_beige-1.webp","datePublished":"2024-05-09T10:33:50+00:00","dateModified":"2025-11-01T02:12:14+00:00","description":"Vienviet\u012bgs, pa\u0161piep\u016b\u0161ams pakl\u0101js. Apr\u012bkots ar autom\u0101tisk\u0101s piep\u016b\u0161anas funkciju.","breadcrumb":{"@id":"https:\/\/gohike.lv\/ru\/produkts\/naturehike-kvadrata-formas-paspiepusamais-paklajs-vienvietigs\/#breadcrumb"},"inLanguage":"ru-RU","potentialAction":[{"@type":"ReadAction","target":["https:\/\/gohike.lv\/ru\/produkts\/naturehike-kvadrata-formas-paspiepusamais-paklajs-vienvietigs\/"]}]},{"@type":"ImageObject","inLanguage":"ru-RU","@id":"https:\/\/gohike.lv\/ru\/produkts\/naturehike-kvadrata-formas-paspiepusamais-paklajs-vienvietigs\/#primaryimage","url":"https:\/\/gohike.lv\/wp-content\/uploads\/2024\/04\/SquareSelf_single6_beige-1.webp","contentUrl":"https:\/\/gohike.lv\/wp-content\/uploads\/2024\/04\/SquareSelf_single6_beige-1.webp","width":1080,"height":1080},{"@type":"BreadcrumbList","@id":"https:\/\/gohike.lv\/ru\/produkts\/naturehike-kvadrata-formas-paspiepusamais-paklajs-vienvietigs\/#breadcrumb","itemListElement":[{"@type":"ListItem","position":1,"name":"\u0413\u043b\u0430\u0432\u043d\u0430\u044f","item":"https:\/\/gohike.lv\/ru\/"},{"@type":"ListItem","position":2,"name":"\u041a\u0430\u0442\u0435\u0433\u043e\u0440\u0438\u0438 \u0442\u043e\u0432\u0430\u0440\u043e\u0432","item":"https:\/\/gohike.lv\/%d0%ba%d0%b0%d1%82%d0%b5%d0%b3%d0%be%d1%80%d0%b8%d0%b8-%d1%82%d0%be%d0%b2%d0%b0%d1%80%d0%be%d0%b2\/"},{"@type":"ListItem","position":3,"name":"Naturehike &#8211; Vienviet\u012bgs, pa\u0161piep\u016b\u0161ams pakl\u0101js"}]},{"@type":"WebSite","@id":"https:\/\/gohike.lv\/ru\/#website","url":"https:\/\/gohike.lv\/ru\/","name":"GoHike","description":"","publisher":{"@id":"https:\/\/gohike.lv\/ru\/#organization"},"potentialAction":[{"@type":"SearchAction","target":{"@type":"EntryPoint","urlTemplate":"https:\/\/gohike.lv\/ru\/?s={search_term_string}"},"query-input":{"@type":"PropertyValueSpecification","valueRequired":true,"valueName":"search_term_string"}}],"inLanguage":"ru-RU"},{"@type":"Organization","@id":"https:\/\/gohike.lv\/ru\/#organization","name":"GoHike","url":"https:\/\/gohike.lv\/ru\/","logo":{"@type":"ImageObject","inLanguage":"ru-RU","@id":"https:\/\/gohike.lv\/ru\/#\/schema\/logo\/image\/","url":"https:\/\/gohike.lv\/wp-content\/uploads\/2023\/08\/Logo_GoHike.webp","contentUrl":"https:\/\/gohike.lv\/wp-content\/uploads\/2023\/08\/Logo_GoHike.webp","width":512,"height":512,"caption":"GoHike"},"image":{"@id":"https:\/\/gohike.lv\/ru\/#\/schema\/logo\/image\/"},"sameAs":["https:\/\/www.facebook.com\/gohike.shop\/","https:\/\/www.instagram.com\/gohike.shop\/"]}]}},"jetpack_sharing_enabled":true,"_links":{"self":[{"href":"https:\/\/gohike.lv\/ru\/wp-json\/wp\/v2\/product\/54009","targetHints":{"allow":["GET"]}}],"collection":[{"href":"https:\/\/gohike.lv\/ru\/wp-json\/wp\/v2\/product"}],"about":[{"href":"https:\/\/gohike.lv\/ru\/wp-json\/wp\/v2\/types\/product"}],"version-history":[{"count":1,"href":"https:\/\/gohike.lv\/ru\/wp-json\/wp\/v2\/product\/54009\/revisions"}],"predecessor-version":[{"id":118853,"href":"https:\/\/gohike.lv\/ru\/wp-json\/wp\/v2\/product\/54009\/revisions\/118853"}],"wp:featuredmedia":[{"embeddable":true,"href":"https:\/\/gohike.lv\/ru\/wp-json\/wp\/v2\/media\/27512"}],"wp:attachment":[{"href":"https:\/\/gohike.lv\/ru\/wp-json\/wp\/v2\/media?parent=54009"}],"wp:term":[{"taxonomy":"product_brand","embeddable":true,"href":"https:\/\/gohike.lv\/ru\/wp-json\/wp\/v2\/product_brand?post=54009"},{"taxonomy":"product_cat","embeddable":true,"href":"https:\/\/gohike.lv\/ru\/wp-json\/wp\/v2\/product_cat?post=54009"},{"taxonomy":"product_tag","embeddable":true,"href":"https:\/\/gohike.lv\/ru\/wp-json\/wp\/v2\/product_tag?post=54009"}],"curies":[{"name":"wp","href":"https:\/\/api.w.org\/{rel}","templated":true}]}}