{"id":54003,"date":"2024-05-09T13:33:50","date_gmt":"2024-05-09T10:33:50","guid":{"rendered":"https:\/\/gohike.lv\/produkts\/naturehike-paspiepusamais-paklajs-ar-spilvenu-2023-vienvietigs30mm\/"},"modified":"2025-12-30T17:24:40","modified_gmt":"2025-12-30T14:24:40","slug":"naturehike-paspiepusamais-paklajs-ar-spilvenu-2023-vienvietigs30mm","status":"publish","type":"product","link":"https:\/\/gohike.lv\/ru\/produkts\/naturehike-paspiepusamais-paklajs-ar-spilvenu-2023-vienvietigs30mm\/","title":{"rendered":"Naturehike &#8212; Vienviet\u012bgs, pa\u0161piep\u016b\u0161ams pakl\u0101js ar spilvenu (30mm)"},"content":{"rendered":"<p>Pakl\u0101jam ir ieb\u016bv\u0113ts spilvens, kas apr\u012bkots ar atsevi\u0161\u0137u s\u016bkni.<br \/>\nSpilvena izliekums un st\u0101voklis piln\u012bb\u0101 atbilst mugurkaula kakla da\u013cas izliekumam.<br \/>\nViegli piep\u016b\u0161ams,\u00a0var izmantot s\u016bkni, lai palielin\u0101tu piep\u016b\u0161anas \u0101trumu un produkta bl\u012bvumu.<br \/>\n\u0160is pakl\u0101js paredz iesp\u0113ju apvienot l\u012bdz\u012bgus mode\u013cus sav\u0101 starp\u0101, lai palielin\u0101tu gu\u013camvietu.<br \/>\nPakl\u0101ju ir viegli glab\u0101t. Saloc\u012bt\u0101 veid\u0101 tas aiz\u0146em \u013coti maz vietas un tiek pieg\u0101d\u0101ts speci\u0101l\u0101 p\u0101rvalk\u0101.<br \/>\nRaksturlielumi<br \/>\nModelis &#8212; Naturehike CNK2300DZ014;<br \/>\nSvars: 1,2 kg;<br \/>\nIzm\u0113ri atloc\u012bt\u0101 veid\u0101: 192 * 65 * 3 cm;<br \/>\nIzm\u0113ri saloc\u012bt\u0101 veid\u0101: 17 * 65 cm;<br \/>\nKr\u0101sa: b\u0113\u0161a;<br \/>\nIetilp\u012bba: vienviet\u012bgs.<\/p>\n","protected":false},"excerpt":{"rendered":"<p>Pa\u0161piep\u016b\u0161amais pakl\u0101js ar spilvenu.<\/p>\n","protected":false},"featured_media":27061,"template":"","meta":[],"product_brand":[167],"product_cat":[1510],"product_tag":[],"class_list":{"0":"post-54003","1":"product","2":"type-product","3":"status-publish","4":"has-post-thumbnail","6":"product_brand-naturehike-lv","7":"product_cat-paklajini-un-spilveni","8":"pa_izmeriscm-9956","9":"pa_materiali-pvc-190t-un-suklslanis","10":"pa_produkta-tips-paklajini","11":"pa_r-vertiba-8780","12":"pa_saliktas-preces-izmerscm-8785","14":"first","15":"outofstock","16":"taxable","17":"shipping-taxable","18":"purchasable","19":"product-type-simple"},"raw_content":{"name":"Naturehike - Vienviet\u012bgs, pa\u0161piep\u016b\u0161ams pakl\u0101js ar spilvenu (30mm)","description":"Pakl\u0101jam ir ieb\u016bv\u0113ts spilvens, kas apr\u012bkots ar atsevi\u0161\u0137u s\u016bkni.\nSpilvena izliekums un st\u0101voklis piln\u012bb\u0101 atbilst mugurkaula kakla da\u013cas izliekumam.\nViegli piep\u016b\u0161ams,\u00a0var izmantot s\u016bkni, lai palielin\u0101tu piep\u016b\u0161anas \u0101trumu un produkta bl\u012bvumu.\n\u0160is pakl\u0101js paredz iesp\u0113ju apvienot l\u012bdz\u012bgus mode\u013cus sav\u0101 starp\u0101, lai palielin\u0101tu gu\u013camvietu.\nPakl\u0101ju ir viegli glab\u0101t. Saloc\u012bt\u0101 veid\u0101 tas aiz\u0146em \u013coti maz vietas un tiek pieg\u0101d\u0101ts speci\u0101l\u0101 p\u0101rvalk\u0101.\nRaksturlielumi\nModelis - Naturehike CNK2300DZ014;\nSvars: 1,2 kg;\nIzm\u0113ri atloc\u012bt\u0101 veid\u0101: 192 * 65 * 3 cm;\nIzm\u0113ri saloc\u012bt\u0101 veid\u0101: 17 * 65 cm;\nKr\u0101sa: b\u0113\u0161a;\nIetilp\u012bba: vienviet\u012bgs.","short_description":"Pa\u0161piep\u016b\u0161amais pakl\u0101js ar spilvenu.","status":"publish","sku":"6976023927027","original":54003},"wpml":{"translation_type":1,"has_translations":true,"original":54003,"duplicates":[],"translations":{"lv":54003,"en":67862,"ru":null}},"supplier_id":null,"supplier_sku":"","barcode":null,"atum_controlled":true,"out_stock_date":null,"out_stock_threshold":null,"inheritable":false,"inbound_stock":null,"stock_on_hold":0,"sold_today":0,"sales_last_days":0,"reserved_stock":null,"customer_returns":null,"warehouse_damage":null,"lost_in_post":null,"other_logs":null,"out_stock_days":0,"lost_sales":0,"has_location":null,"update_date":"2025-12-30T14:30:36","atum_locations":[],"atum_stock_status":"outofstock","restock_status":false,"low_stock_amount":"","sales_update_date":"2025-11-13T14:07:51","calc_backorders":null,"yoast_head":"<!-- This site is optimized with the Yoast SEO plugin v27.3 - https:\/\/yoast.com\/product\/yoast-seo-wordpress\/ -->\n<title>Naturehike - Vienviet\u012bgs, pa\u0161piep\u016b\u0161ams pakl\u0101js ar spilvenu (30mm)<\/title>\n<meta name=\"description\" content=\"Pa\u0161piep\u016b\u0161amais pakl\u0101js ar spilvenu. Pakl\u0101jam ir ieb\u016bv\u0113ts spilvens, kas apr\u012bkots ar atsevi\u0161\u0137u s\u016bkni.\" \/>\n<meta name=\"robots\" content=\"index, follow, max-snippet:-1, max-image-preview:large, max-video-preview:-1\" \/>\n<link rel=\"canonical\" href=\"https:\/\/gohike.lv\/ru\/produkts\/naturehike-paspiepusamais-paklajs-ar-spilvenu-2023-vienvietigs30mm\/\" \/>\n<meta property=\"og:locale\" content=\"ru_RU\" \/>\n<meta property=\"og:type\" content=\"article\" \/>\n<meta property=\"og:title\" content=\"Naturehike - T\u016brisma pakl\u0101ji\u0146\u0161\" \/>\n<meta property=\"og:description\" content=\"Pa\u0161piep\u016b\u0161amais pakl\u0101js ar spilvenu. Pakl\u0101jam ir ieb\u016bv\u0113ts spilvens, kas apr\u012bkots ar atsevi\u0161\u0137u s\u016bkni.\" \/>\n<meta property=\"og:url\" content=\"https:\/\/gohike.lv\/ru\/produkts\/naturehike-paspiepusamais-paklajs-ar-spilvenu-2023-vienvietigs30mm\/\" \/>\n<meta property=\"og:site_name\" content=\"GoHike\" \/>\n<meta property=\"article:publisher\" content=\"https:\/\/www.facebook.com\/gohike.shop\/\" \/>\n<meta property=\"article:modified_time\" content=\"2025-12-30T14:24:40+00:00\" \/>\n<meta property=\"og:image\" content=\"https:\/\/gohike.lv\/wp-content\/uploads\/2024\/04\/AutoCushionWithPillow_single30-1.jpeg\" \/>\n\t<meta property=\"og:image:width\" content=\"800\" \/>\n\t<meta property=\"og:image:height\" content=\"800\" \/>\n\t<meta property=\"og:image:type\" content=\"image\/jpeg\" \/>\n<meta name=\"twitter:card\" content=\"summary_large_image\" \/>\n<meta name=\"twitter:title\" content=\"Naturehike - T\u016brisma pakl\u0101ji\u0146\u0161\" \/>\n<meta name=\"twitter:label1\" content=\"\u041f\u0440\u0438\u043c\u0435\u0440\u043d\u043e\u0435 \u0432\u0440\u0435\u043c\u044f \u0434\u043b\u044f \u0447\u0442\u0435\u043d\u0438\u044f\" \/>\n\t<meta name=\"twitter:data1\" content=\"1 \u043c\u0438\u043d\u0443\u0442\u0430\" \/>\n<script type=\"application\/ld+json\" class=\"yoast-schema-graph\">{\"@context\":\"https:\\\/\\\/schema.org\",\"@graph\":[{\"@type\":[\"WebPage\",\"ItemPage\"],\"@id\":\"https:\\\/\\\/gohike.lv\\\/ru\\\/produkts\\\/naturehike-paspiepusamais-paklajs-ar-spilvenu-2023-vienvietigs30mm\\\/\",\"url\":\"https:\\\/\\\/gohike.lv\\\/ru\\\/produkts\\\/naturehike-paspiepusamais-paklajs-ar-spilvenu-2023-vienvietigs30mm\\\/\",\"name\":\"Naturehike - Vienviet\u012bgs, pa\u0161piep\u016b\u0161ams pakl\u0101js ar spilvenu (30mm)\",\"isPartOf\":{\"@id\":\"https:\\\/\\\/gohike.lv\\\/ru\\\/#website\"},\"primaryImageOfPage\":{\"@id\":\"https:\\\/\\\/gohike.lv\\\/ru\\\/produkts\\\/naturehike-paspiepusamais-paklajs-ar-spilvenu-2023-vienvietigs30mm\\\/#primaryimage\"},\"image\":{\"@id\":\"https:\\\/\\\/gohike.lv\\\/ru\\\/produkts\\\/naturehike-paspiepusamais-paklajs-ar-spilvenu-2023-vienvietigs30mm\\\/#primaryimage\"},\"thumbnailUrl\":\"https:\\\/\\\/gohike.lv\\\/wp-content\\\/uploads\\\/2024\\\/04\\\/AutoCushionWithPillow_single30-1.jpeg\",\"datePublished\":\"2024-05-09T10:33:50+00:00\",\"dateModified\":\"2025-12-30T14:24:40+00:00\",\"description\":\"Pa\u0161piep\u016b\u0161amais pakl\u0101js ar spilvenu. Pakl\u0101jam ir ieb\u016bv\u0113ts spilvens, kas apr\u012bkots ar atsevi\u0161\u0137u s\u016bkni.\",\"breadcrumb\":{\"@id\":\"https:\\\/\\\/gohike.lv\\\/ru\\\/produkts\\\/naturehike-paspiepusamais-paklajs-ar-spilvenu-2023-vienvietigs30mm\\\/#breadcrumb\"},\"inLanguage\":\"ru-RU\",\"potentialAction\":[{\"@type\":\"ReadAction\",\"target\":[\"https:\\\/\\\/gohike.lv\\\/ru\\\/produkts\\\/naturehike-paspiepusamais-paklajs-ar-spilvenu-2023-vienvietigs30mm\\\/\"]}]},{\"@type\":\"ImageObject\",\"inLanguage\":\"ru-RU\",\"@id\":\"https:\\\/\\\/gohike.lv\\\/ru\\\/produkts\\\/naturehike-paspiepusamais-paklajs-ar-spilvenu-2023-vienvietigs30mm\\\/#primaryimage\",\"url\":\"https:\\\/\\\/gohike.lv\\\/wp-content\\\/uploads\\\/2024\\\/04\\\/AutoCushionWithPillow_single30-1.jpeg\",\"contentUrl\":\"https:\\\/\\\/gohike.lv\\\/wp-content\\\/uploads\\\/2024\\\/04\\\/AutoCushionWithPillow_single30-1.jpeg\",\"width\":800,\"height\":800},{\"@type\":\"BreadcrumbList\",\"@id\":\"https:\\\/\\\/gohike.lv\\\/ru\\\/produkts\\\/naturehike-paspiepusamais-paklajs-ar-spilvenu-2023-vienvietigs30mm\\\/#breadcrumb\",\"itemListElement\":[{\"@type\":\"ListItem\",\"position\":1,\"name\":\"\u0413\u043b\u0430\u0432\u043d\u0430\u044f\",\"item\":\"https:\\\/\\\/gohike.lv\\\/ru\\\/\"},{\"@type\":\"ListItem\",\"position\":2,\"name\":\"\u041a\u0430\u0442\u0435\u0433\u043e\u0440\u0438\u0438 \u0442\u043e\u0432\u0430\u0440\u043e\u0432\",\"item\":\"https:\\\/\\\/gohike.lv\\\/%d0%ba%d0%b0%d1%82%d0%b5%d0%b3%d0%be%d1%80%d0%b8%d0%b8-%d1%82%d0%be%d0%b2%d0%b0%d1%80%d0%be%d0%b2\\\/\"},{\"@type\":\"ListItem\",\"position\":3,\"name\":\"Naturehike &#8211; Vienviet\u012bgs, pa\u0161piep\u016b\u0161ams pakl\u0101js ar spilvenu (30mm)\"}]},{\"@type\":\"WebSite\",\"@id\":\"https:\\\/\\\/gohike.lv\\\/ru\\\/#website\",\"url\":\"https:\\\/\\\/gohike.lv\\\/ru\\\/\",\"name\":\"GoHike\",\"description\":\"\",\"publisher\":{\"@id\":\"https:\\\/\\\/gohike.lv\\\/ru\\\/#organization\"},\"potentialAction\":[{\"@type\":\"SearchAction\",\"target\":{\"@type\":\"EntryPoint\",\"urlTemplate\":\"https:\\\/\\\/gohike.lv\\\/ru\\\/?s={search_term_string}\"},\"query-input\":{\"@type\":\"PropertyValueSpecification\",\"valueRequired\":true,\"valueName\":\"search_term_string\"}}],\"inLanguage\":\"ru-RU\"},{\"@type\":\"Organization\",\"@id\":\"https:\\\/\\\/gohike.lv\\\/ru\\\/#organization\",\"name\":\"GoHike\",\"url\":\"https:\\\/\\\/gohike.lv\\\/ru\\\/\",\"logo\":{\"@type\":\"ImageObject\",\"inLanguage\":\"ru-RU\",\"@id\":\"https:\\\/\\\/gohike.lv\\\/ru\\\/#\\\/schema\\\/logo\\\/image\\\/\",\"url\":\"https:\\\/\\\/gohike.lv\\\/wp-content\\\/uploads\\\/2023\\\/08\\\/Logo_GoHike.webp\",\"contentUrl\":\"https:\\\/\\\/gohike.lv\\\/wp-content\\\/uploads\\\/2023\\\/08\\\/Logo_GoHike.webp\",\"width\":512,\"height\":512,\"caption\":\"GoHike\"},\"image\":{\"@id\":\"https:\\\/\\\/gohike.lv\\\/ru\\\/#\\\/schema\\\/logo\\\/image\\\/\"},\"sameAs\":[\"https:\\\/\\\/www.facebook.com\\\/gohike.shop\\\/\",\"https:\\\/\\\/www.instagram.com\\\/gohike.shop\\\/\"]}]}<\/script>\n<!-- \/ Yoast SEO plugin. -->","yoast_head_json":{"title":"Naturehike - Vienviet\u012bgs, pa\u0161piep\u016b\u0161ams pakl\u0101js ar spilvenu (30mm)","description":"Pa\u0161piep\u016b\u0161amais pakl\u0101js ar spilvenu. Pakl\u0101jam ir ieb\u016bv\u0113ts spilvens, kas apr\u012bkots ar atsevi\u0161\u0137u s\u016bkni.","robots":{"index":"index","follow":"follow","max-snippet":"max-snippet:-1","max-image-preview":"max-image-preview:large","max-video-preview":"max-video-preview:-1"},"canonical":"https:\/\/gohike.lv\/ru\/produkts\/naturehike-paspiepusamais-paklajs-ar-spilvenu-2023-vienvietigs30mm\/","og_locale":"ru_RU","og_type":"article","og_title":"Naturehike - T\u016brisma pakl\u0101ji\u0146\u0161","og_description":"Pa\u0161piep\u016b\u0161amais pakl\u0101js ar spilvenu. Pakl\u0101jam ir ieb\u016bv\u0113ts spilvens, kas apr\u012bkots ar atsevi\u0161\u0137u s\u016bkni.","og_url":"https:\/\/gohike.lv\/ru\/produkts\/naturehike-paspiepusamais-paklajs-ar-spilvenu-2023-vienvietigs30mm\/","og_site_name":"GoHike","article_publisher":"https:\/\/www.facebook.com\/gohike.shop\/","article_modified_time":"2025-12-30T14:24:40+00:00","og_image":[{"width":800,"height":800,"url":"https:\/\/gohike.lv\/wp-content\/uploads\/2024\/04\/AutoCushionWithPillow_single30-1.jpeg","type":"image\/jpeg"}],"twitter_card":"summary_large_image","twitter_title":"Naturehike - T\u016brisma pakl\u0101ji\u0146\u0161","twitter_misc":{"\u041f\u0440\u0438\u043c\u0435\u0440\u043d\u043e\u0435 \u0432\u0440\u0435\u043c\u044f \u0434\u043b\u044f \u0447\u0442\u0435\u043d\u0438\u044f":"1 \u043c\u0438\u043d\u0443\u0442\u0430"},"schema":{"@context":"https:\/\/schema.org","@graph":[{"@type":["WebPage","ItemPage"],"@id":"https:\/\/gohike.lv\/ru\/produkts\/naturehike-paspiepusamais-paklajs-ar-spilvenu-2023-vienvietigs30mm\/","url":"https:\/\/gohike.lv\/ru\/produkts\/naturehike-paspiepusamais-paklajs-ar-spilvenu-2023-vienvietigs30mm\/","name":"Naturehike - Vienviet\u012bgs, pa\u0161piep\u016b\u0161ams pakl\u0101js ar spilvenu (30mm)","isPartOf":{"@id":"https:\/\/gohike.lv\/ru\/#website"},"primaryImageOfPage":{"@id":"https:\/\/gohike.lv\/ru\/produkts\/naturehike-paspiepusamais-paklajs-ar-spilvenu-2023-vienvietigs30mm\/#primaryimage"},"image":{"@id":"https:\/\/gohike.lv\/ru\/produkts\/naturehike-paspiepusamais-paklajs-ar-spilvenu-2023-vienvietigs30mm\/#primaryimage"},"thumbnailUrl":"https:\/\/gohike.lv\/wp-content\/uploads\/2024\/04\/AutoCushionWithPillow_single30-1.jpeg","datePublished":"2024-05-09T10:33:50+00:00","dateModified":"2025-12-30T14:24:40+00:00","description":"Pa\u0161piep\u016b\u0161amais pakl\u0101js ar spilvenu. Pakl\u0101jam ir ieb\u016bv\u0113ts spilvens, kas apr\u012bkots ar atsevi\u0161\u0137u s\u016bkni.","breadcrumb":{"@id":"https:\/\/gohike.lv\/ru\/produkts\/naturehike-paspiepusamais-paklajs-ar-spilvenu-2023-vienvietigs30mm\/#breadcrumb"},"inLanguage":"ru-RU","potentialAction":[{"@type":"ReadAction","target":["https:\/\/gohike.lv\/ru\/produkts\/naturehike-paspiepusamais-paklajs-ar-spilvenu-2023-vienvietigs30mm\/"]}]},{"@type":"ImageObject","inLanguage":"ru-RU","@id":"https:\/\/gohike.lv\/ru\/produkts\/naturehike-paspiepusamais-paklajs-ar-spilvenu-2023-vienvietigs30mm\/#primaryimage","url":"https:\/\/gohike.lv\/wp-content\/uploads\/2024\/04\/AutoCushionWithPillow_single30-1.jpeg","contentUrl":"https:\/\/gohike.lv\/wp-content\/uploads\/2024\/04\/AutoCushionWithPillow_single30-1.jpeg","width":800,"height":800},{"@type":"BreadcrumbList","@id":"https:\/\/gohike.lv\/ru\/produkts\/naturehike-paspiepusamais-paklajs-ar-spilvenu-2023-vienvietigs30mm\/#breadcrumb","itemListElement":[{"@type":"ListItem","position":1,"name":"\u0413\u043b\u0430\u0432\u043d\u0430\u044f","item":"https:\/\/gohike.lv\/ru\/"},{"@type":"ListItem","position":2,"name":"\u041a\u0430\u0442\u0435\u0433\u043e\u0440\u0438\u0438 \u0442\u043e\u0432\u0430\u0440\u043e\u0432","item":"https:\/\/gohike.lv\/%d0%ba%d0%b0%d1%82%d0%b5%d0%b3%d0%be%d1%80%d0%b8%d0%b8-%d1%82%d0%be%d0%b2%d0%b0%d1%80%d0%be%d0%b2\/"},{"@type":"ListItem","position":3,"name":"Naturehike &#8211; Vienviet\u012bgs, pa\u0161piep\u016b\u0161ams pakl\u0101js ar spilvenu (30mm)"}]},{"@type":"WebSite","@id":"https:\/\/gohike.lv\/ru\/#website","url":"https:\/\/gohike.lv\/ru\/","name":"GoHike","description":"","publisher":{"@id":"https:\/\/gohike.lv\/ru\/#organization"},"potentialAction":[{"@type":"SearchAction","target":{"@type":"EntryPoint","urlTemplate":"https:\/\/gohike.lv\/ru\/?s={search_term_string}"},"query-input":{"@type":"PropertyValueSpecification","valueRequired":true,"valueName":"search_term_string"}}],"inLanguage":"ru-RU"},{"@type":"Organization","@id":"https:\/\/gohike.lv\/ru\/#organization","name":"GoHike","url":"https:\/\/gohike.lv\/ru\/","logo":{"@type":"ImageObject","inLanguage":"ru-RU","@id":"https:\/\/gohike.lv\/ru\/#\/schema\/logo\/image\/","url":"https:\/\/gohike.lv\/wp-content\/uploads\/2023\/08\/Logo_GoHike.webp","contentUrl":"https:\/\/gohike.lv\/wp-content\/uploads\/2023\/08\/Logo_GoHike.webp","width":512,"height":512,"caption":"GoHike"},"image":{"@id":"https:\/\/gohike.lv\/ru\/#\/schema\/logo\/image\/"},"sameAs":["https:\/\/www.facebook.com\/gohike.shop\/","https:\/\/www.instagram.com\/gohike.shop\/"]}]}},"jetpack_sharing_enabled":true,"_links":{"self":[{"href":"https:\/\/gohike.lv\/ru\/wp-json\/wp\/v2\/product\/54003","targetHints":{"allow":["GET"]}}],"collection":[{"href":"https:\/\/gohike.lv\/ru\/wp-json\/wp\/v2\/product"}],"about":[{"href":"https:\/\/gohike.lv\/ru\/wp-json\/wp\/v2\/types\/product"}],"version-history":[{"count":0,"href":"https:\/\/gohike.lv\/ru\/wp-json\/wp\/v2\/product\/54003\/revisions"}],"wp:featuredmedia":[{"embeddable":true,"href":"https:\/\/gohike.lv\/ru\/wp-json\/wp\/v2\/media\/27061"}],"wp:attachment":[{"href":"https:\/\/gohike.lv\/ru\/wp-json\/wp\/v2\/media?parent=54003"}],"wp:term":[{"taxonomy":"product_brand","embeddable":true,"href":"https:\/\/gohike.lv\/ru\/wp-json\/wp\/v2\/product_brand?post=54003"},{"taxonomy":"product_cat","embeddable":true,"href":"https:\/\/gohike.lv\/ru\/wp-json\/wp\/v2\/product_cat?post=54003"},{"taxonomy":"product_tag","embeddable":true,"href":"https:\/\/gohike.lv\/ru\/wp-json\/wp\/v2\/product_tag?post=54003"}],"curies":[{"name":"wp","href":"https:\/\/api.w.org\/{rel}","templated":true}]}}