{"id":54001,"date":"2024-05-09T13:33:50","date_gmt":"2024-05-09T10:33:50","guid":{"rendered":"https:\/\/gohike.lv\/produkts\/naturehike-vienvietigs-paklajs-ar-spilvenu\/"},"modified":"2025-12-30T17:24:40","modified_gmt":"2025-12-30T14:24:40","slug":"naturehike-vienvietigs-paklajs-ar-spilvenu","status":"publish","type":"product","link":"https:\/\/gohike.lv\/ru\/produkts\/naturehike-vienvietigs-paklajs-ar-spilvenu\/","title":{"rendered":"Naturehike &#8212; Vienviet\u012bgs pakl\u0101js ar spilvenu"},"content":{"rendered":"<p>Liel\u0101kam komfortam ir piep\u016b\u0161amais spilvens.<br \/>\n\u0160\u012b pakl\u0101ja biezums ir tikai 3 cm, ta\u010du tas nodro\u0161ina komfortablu atp\u016btu br\u012bv\u0101 dab\u0101.<br \/>\nVirsma ir dzelten\u0101 kr\u0101s\u0101, iztur\u012bga pret mitrumu, kas \u013cauj matraci izmantot maksim\u0101li ilgi.<br \/>\nPakl\u0101js ir apr\u012bkots ar pa\u0161piep\u016b\u0161an\u0101s tehnolo\u0123iju.<br \/>\nVispirms j\u0101atver gaisa v\u0101rsts, lai matracis uzs\u016bktu gaisu un tad pakl\u0101js j\u0101piep\u016b\u0161.<br \/>\nMatracim saloc\u012bt\u0101 veid\u0101 ir \u013coti mazi izm\u0113ri, t\u0101p\u0113c to ir \u0113rti uzglab\u0101t un transport\u0113t.<br \/>\nRaksturlielumi:<br \/>\nMateri\u0101ls: PVC 190T un s\u016bk\u013cveida sl\u0101nis ar augstu elast\u012bbu;<br \/>\nIzm\u0113ri atloc\u012bt\u0101 veid\u0101: 196 x 65 x 3 cm;<br \/>\nIzm\u0113ri saloc\u012bt\u0101 veid\u0101: 18 x 33 cm;<br \/>\nPakl\u0101ja svars: 1100 g.<\/p>\n","protected":false},"excerpt":{"rendered":"<p>Naturehike pa\u0161piep\u016b\u0161amais pakl\u0101js, paredz\u0113ts vienai personai.<\/p>\n","protected":false},"featured_media":55286,"template":"","meta":[],"product_brand":[167],"product_cat":[1510],"product_tag":[],"class_list":{"0":"post-54001","1":"product","2":"type-product","3":"status-publish","4":"has-post-thumbnail","6":"product_brand-naturehike-lv","7":"product_cat-paklajini-un-spilveni","8":"pa_izmeriscm-9957","9":"pa_materiali-pvc-190t-un-suklslanis","10":"pa_produkta-tips-paklajini","11":"pa_r-vertiba-8780","12":"pa_saliktas-preces-izmerscm-8782","13":"pa_spalva-dzeltens","15":"first","16":"outofstock","17":"taxable","18":"shipping-taxable","19":"purchasable","20":"product-type-simple"},"raw_content":{"name":"Naturehike - Vienviet\u012bgs pakl\u0101js ar spilvenu","description":"Liel\u0101kam komfortam ir piep\u016b\u0161amais spilvens.\n\u0160\u012b pakl\u0101ja biezums ir tikai 3 cm, ta\u010du tas nodro\u0161ina komfortablu atp\u016btu br\u012bv\u0101 dab\u0101.\nVirsma ir dzelten\u0101 kr\u0101s\u0101, iztur\u012bga pret mitrumu, kas \u013cauj matraci izmantot maksim\u0101li ilgi.\nPakl\u0101js ir apr\u012bkots ar pa\u0161piep\u016b\u0161an\u0101s tehnolo\u0123iju.\nVispirms j\u0101atver gaisa v\u0101rsts, lai matracis uzs\u016bktu gaisu un tad pakl\u0101js j\u0101piep\u016b\u0161.\nMatracim saloc\u012bt\u0101 veid\u0101 ir \u013coti mazi izm\u0113ri, t\u0101p\u0113c to ir \u0113rti uzglab\u0101t un transport\u0113t.\nRaksturlielumi:\nMateri\u0101ls: PVC 190T un s\u016bk\u013cveida sl\u0101nis ar augstu elast\u012bbu;\nIzm\u0113ri atloc\u012bt\u0101 veid\u0101: 196 x 65 x 3 cm;\nIzm\u0113ri saloc\u012bt\u0101 veid\u0101: 18 x 33 cm;\nPakl\u0101ja svars: 1100 g.","short_description":"Naturehike pa\u0161piep\u016b\u0161amais pakl\u0101js, paredz\u0113ts vienai personai.","status":"publish","sku":"6927595714416","original":54001},"wpml":{"translation_type":1,"has_translations":true,"original":54001,"duplicates":[],"translations":{"lv":54001,"en":67863,"ru":null}},"supplier_id":null,"supplier_sku":"","barcode":null,"atum_controlled":true,"out_stock_date":null,"out_stock_threshold":null,"inheritable":false,"inbound_stock":null,"stock_on_hold":0,"sold_today":0,"sales_last_days":0,"reserved_stock":null,"customer_returns":null,"warehouse_damage":null,"lost_in_post":null,"other_logs":null,"out_stock_days":0,"lost_sales":0,"has_location":null,"update_date":"2025-12-30T14:30:36","atum_locations":[],"atum_stock_status":"outofstock","restock_status":false,"low_stock_amount":"","sales_update_date":"2025-11-13T14:07:51","calc_backorders":null,"yoast_head":"<!-- This site is optimized with the Yoast SEO plugin v27.3 - https:\/\/yoast.com\/product\/yoast-seo-wordpress\/ -->\n<title>Naturehike - Vienviet\u012bgs pakl\u0101js ar spilvenu<\/title>\n<meta name=\"description\" content=\"Naturehike pa\u0161piep\u016b\u0161amais pakl\u0101js, paredz\u0113ts vienai personai. Matracim saloc\u012bt\u0101 veid\u0101 ir \u013coti mazi izm\u0113ri, t\u0101p\u0113c to ir \u0113rti uzglab\u0101t un transport\u0113t.\" \/>\n<meta name=\"robots\" content=\"index, follow, max-snippet:-1, max-image-preview:large, max-video-preview:-1\" \/>\n<link rel=\"canonical\" href=\"https:\/\/gohike.lv\/ru\/produkts\/naturehike-vienvietigs-paklajs-ar-spilvenu\/\" \/>\n<meta property=\"og:locale\" content=\"ru_RU\" \/>\n<meta property=\"og:type\" content=\"article\" \/>\n<meta property=\"og:title\" content=\"Naturehike - T\u016brisma pakl\u0101ji\u0146\u0161\" \/>\n<meta property=\"og:description\" content=\"Naturehike pa\u0161piep\u016b\u0161amais pakl\u0101js, paredz\u0113ts vienai personai. Matracim saloc\u012bt\u0101 veid\u0101 ir \u013coti mazi izm\u0113ri, t\u0101p\u0113c to ir \u0113rti uzglab\u0101t un transport\u0113t.\" \/>\n<meta property=\"og:url\" content=\"https:\/\/gohike.lv\/ru\/produkts\/naturehike-vienvietigs-paklajs-ar-spilvenu\/\" \/>\n<meta property=\"og:site_name\" content=\"GoHike\" \/>\n<meta property=\"article:publisher\" content=\"https:\/\/www.facebook.com\/gohike.shop\/\" \/>\n<meta property=\"article:modified_time\" content=\"2025-12-30T14:24:40+00:00\" \/>\n<meta property=\"og:image\" content=\"https:\/\/gohike.lv\/wp-content\/uploads\/2024\/06\/bvpf48fkjr4yaboj3zqpkuyzm0wayitx.jpg\" \/>\n\t<meta property=\"og:image:width\" content=\"700\" \/>\n\t<meta property=\"og:image:height\" content=\"700\" \/>\n\t<meta property=\"og:image:type\" content=\"image\/jpeg\" \/>\n<meta name=\"twitter:card\" content=\"summary_large_image\" \/>\n<meta name=\"twitter:title\" content=\"Naturehike - T\u016brisma pakl\u0101ji\u0146\u0161\" \/>\n<meta name=\"twitter:label1\" content=\"\u041f\u0440\u0438\u043c\u0435\u0440\u043d\u043e\u0435 \u0432\u0440\u0435\u043c\u044f \u0434\u043b\u044f \u0447\u0442\u0435\u043d\u0438\u044f\" \/>\n\t<meta name=\"twitter:data1\" content=\"1 \u043c\u0438\u043d\u0443\u0442\u0430\" \/>\n<script type=\"application\/ld+json\" class=\"yoast-schema-graph\">{\"@context\":\"https:\\\/\\\/schema.org\",\"@graph\":[{\"@type\":[\"WebPage\",\"ItemPage\"],\"@id\":\"https:\\\/\\\/gohike.lv\\\/ru\\\/produkts\\\/naturehike-vienvietigs-paklajs-ar-spilvenu\\\/\",\"url\":\"https:\\\/\\\/gohike.lv\\\/ru\\\/produkts\\\/naturehike-vienvietigs-paklajs-ar-spilvenu\\\/\",\"name\":\"Naturehike - Vienviet\u012bgs pakl\u0101js ar spilvenu\",\"isPartOf\":{\"@id\":\"https:\\\/\\\/gohike.lv\\\/ru\\\/#website\"},\"primaryImageOfPage\":{\"@id\":\"https:\\\/\\\/gohike.lv\\\/ru\\\/produkts\\\/naturehike-vienvietigs-paklajs-ar-spilvenu\\\/#primaryimage\"},\"image\":{\"@id\":\"https:\\\/\\\/gohike.lv\\\/ru\\\/produkts\\\/naturehike-vienvietigs-paklajs-ar-spilvenu\\\/#primaryimage\"},\"thumbnailUrl\":\"https:\\\/\\\/gohike.lv\\\/wp-content\\\/uploads\\\/2024\\\/06\\\/bvpf48fkjr4yaboj3zqpkuyzm0wayitx.jpg\",\"datePublished\":\"2024-05-09T10:33:50+00:00\",\"dateModified\":\"2025-12-30T14:24:40+00:00\",\"description\":\"Naturehike pa\u0161piep\u016b\u0161amais pakl\u0101js, paredz\u0113ts vienai personai. Matracim saloc\u012bt\u0101 veid\u0101 ir \u013coti mazi izm\u0113ri, t\u0101p\u0113c to ir \u0113rti uzglab\u0101t un transport\u0113t.\",\"breadcrumb\":{\"@id\":\"https:\\\/\\\/gohike.lv\\\/ru\\\/produkts\\\/naturehike-vienvietigs-paklajs-ar-spilvenu\\\/#breadcrumb\"},\"inLanguage\":\"ru-RU\",\"potentialAction\":[{\"@type\":\"ReadAction\",\"target\":[\"https:\\\/\\\/gohike.lv\\\/ru\\\/produkts\\\/naturehike-vienvietigs-paklajs-ar-spilvenu\\\/\"]}]},{\"@type\":\"ImageObject\",\"inLanguage\":\"ru-RU\",\"@id\":\"https:\\\/\\\/gohike.lv\\\/ru\\\/produkts\\\/naturehike-vienvietigs-paklajs-ar-spilvenu\\\/#primaryimage\",\"url\":\"https:\\\/\\\/gohike.lv\\\/wp-content\\\/uploads\\\/2024\\\/06\\\/bvpf48fkjr4yaboj3zqpkuyzm0wayitx.jpg\",\"contentUrl\":\"https:\\\/\\\/gohike.lv\\\/wp-content\\\/uploads\\\/2024\\\/06\\\/bvpf48fkjr4yaboj3zqpkuyzm0wayitx.jpg\",\"width\":700,\"height\":700},{\"@type\":\"BreadcrumbList\",\"@id\":\"https:\\\/\\\/gohike.lv\\\/ru\\\/produkts\\\/naturehike-vienvietigs-paklajs-ar-spilvenu\\\/#breadcrumb\",\"itemListElement\":[{\"@type\":\"ListItem\",\"position\":1,\"name\":\"\u0413\u043b\u0430\u0432\u043d\u0430\u044f\",\"item\":\"https:\\\/\\\/gohike.lv\\\/ru\\\/\"},{\"@type\":\"ListItem\",\"position\":2,\"name\":\"\u041a\u0430\u0442\u0435\u0433\u043e\u0440\u0438\u0438 \u0442\u043e\u0432\u0430\u0440\u043e\u0432\",\"item\":\"https:\\\/\\\/gohike.lv\\\/%d0%ba%d0%b0%d1%82%d0%b5%d0%b3%d0%be%d1%80%d0%b8%d0%b8-%d1%82%d0%be%d0%b2%d0%b0%d1%80%d0%be%d0%b2\\\/\"},{\"@type\":\"ListItem\",\"position\":3,\"name\":\"Naturehike &#8211; Vienviet\u012bgs pakl\u0101js ar spilvenu\"}]},{\"@type\":\"WebSite\",\"@id\":\"https:\\\/\\\/gohike.lv\\\/ru\\\/#website\",\"url\":\"https:\\\/\\\/gohike.lv\\\/ru\\\/\",\"name\":\"GoHike\",\"description\":\"\",\"publisher\":{\"@id\":\"https:\\\/\\\/gohike.lv\\\/ru\\\/#organization\"},\"potentialAction\":[{\"@type\":\"SearchAction\",\"target\":{\"@type\":\"EntryPoint\",\"urlTemplate\":\"https:\\\/\\\/gohike.lv\\\/ru\\\/?s={search_term_string}\"},\"query-input\":{\"@type\":\"PropertyValueSpecification\",\"valueRequired\":true,\"valueName\":\"search_term_string\"}}],\"inLanguage\":\"ru-RU\"},{\"@type\":\"Organization\",\"@id\":\"https:\\\/\\\/gohike.lv\\\/ru\\\/#organization\",\"name\":\"GoHike\",\"url\":\"https:\\\/\\\/gohike.lv\\\/ru\\\/\",\"logo\":{\"@type\":\"ImageObject\",\"inLanguage\":\"ru-RU\",\"@id\":\"https:\\\/\\\/gohike.lv\\\/ru\\\/#\\\/schema\\\/logo\\\/image\\\/\",\"url\":\"https:\\\/\\\/gohike.lv\\\/wp-content\\\/uploads\\\/2023\\\/08\\\/Logo_GoHike.webp\",\"contentUrl\":\"https:\\\/\\\/gohike.lv\\\/wp-content\\\/uploads\\\/2023\\\/08\\\/Logo_GoHike.webp\",\"width\":512,\"height\":512,\"caption\":\"GoHike\"},\"image\":{\"@id\":\"https:\\\/\\\/gohike.lv\\\/ru\\\/#\\\/schema\\\/logo\\\/image\\\/\"},\"sameAs\":[\"https:\\\/\\\/www.facebook.com\\\/gohike.shop\\\/\",\"https:\\\/\\\/www.instagram.com\\\/gohike.shop\\\/\"]}]}<\/script>\n<!-- \/ Yoast SEO plugin. -->","yoast_head_json":{"title":"Naturehike - Vienviet\u012bgs pakl\u0101js ar spilvenu","description":"Naturehike pa\u0161piep\u016b\u0161amais pakl\u0101js, paredz\u0113ts vienai personai. Matracim saloc\u012bt\u0101 veid\u0101 ir \u013coti mazi izm\u0113ri, t\u0101p\u0113c to ir \u0113rti uzglab\u0101t un transport\u0113t.","robots":{"index":"index","follow":"follow","max-snippet":"max-snippet:-1","max-image-preview":"max-image-preview:large","max-video-preview":"max-video-preview:-1"},"canonical":"https:\/\/gohike.lv\/ru\/produkts\/naturehike-vienvietigs-paklajs-ar-spilvenu\/","og_locale":"ru_RU","og_type":"article","og_title":"Naturehike - T\u016brisma pakl\u0101ji\u0146\u0161","og_description":"Naturehike pa\u0161piep\u016b\u0161amais pakl\u0101js, paredz\u0113ts vienai personai. Matracim saloc\u012bt\u0101 veid\u0101 ir \u013coti mazi izm\u0113ri, t\u0101p\u0113c to ir \u0113rti uzglab\u0101t un transport\u0113t.","og_url":"https:\/\/gohike.lv\/ru\/produkts\/naturehike-vienvietigs-paklajs-ar-spilvenu\/","og_site_name":"GoHike","article_publisher":"https:\/\/www.facebook.com\/gohike.shop\/","article_modified_time":"2025-12-30T14:24:40+00:00","og_image":[{"width":700,"height":700,"url":"https:\/\/gohike.lv\/wp-content\/uploads\/2024\/06\/bvpf48fkjr4yaboj3zqpkuyzm0wayitx.jpg","type":"image\/jpeg"}],"twitter_card":"summary_large_image","twitter_title":"Naturehike - T\u016brisma pakl\u0101ji\u0146\u0161","twitter_misc":{"\u041f\u0440\u0438\u043c\u0435\u0440\u043d\u043e\u0435 \u0432\u0440\u0435\u043c\u044f \u0434\u043b\u044f \u0447\u0442\u0435\u043d\u0438\u044f":"1 \u043c\u0438\u043d\u0443\u0442\u0430"},"schema":{"@context":"https:\/\/schema.org","@graph":[{"@type":["WebPage","ItemPage"],"@id":"https:\/\/gohike.lv\/ru\/produkts\/naturehike-vienvietigs-paklajs-ar-spilvenu\/","url":"https:\/\/gohike.lv\/ru\/produkts\/naturehike-vienvietigs-paklajs-ar-spilvenu\/","name":"Naturehike - Vienviet\u012bgs pakl\u0101js ar spilvenu","isPartOf":{"@id":"https:\/\/gohike.lv\/ru\/#website"},"primaryImageOfPage":{"@id":"https:\/\/gohike.lv\/ru\/produkts\/naturehike-vienvietigs-paklajs-ar-spilvenu\/#primaryimage"},"image":{"@id":"https:\/\/gohike.lv\/ru\/produkts\/naturehike-vienvietigs-paklajs-ar-spilvenu\/#primaryimage"},"thumbnailUrl":"https:\/\/gohike.lv\/wp-content\/uploads\/2024\/06\/bvpf48fkjr4yaboj3zqpkuyzm0wayitx.jpg","datePublished":"2024-05-09T10:33:50+00:00","dateModified":"2025-12-30T14:24:40+00:00","description":"Naturehike pa\u0161piep\u016b\u0161amais pakl\u0101js, paredz\u0113ts vienai personai. Matracim saloc\u012bt\u0101 veid\u0101 ir \u013coti mazi izm\u0113ri, t\u0101p\u0113c to ir \u0113rti uzglab\u0101t un transport\u0113t.","breadcrumb":{"@id":"https:\/\/gohike.lv\/ru\/produkts\/naturehike-vienvietigs-paklajs-ar-spilvenu\/#breadcrumb"},"inLanguage":"ru-RU","potentialAction":[{"@type":"ReadAction","target":["https:\/\/gohike.lv\/ru\/produkts\/naturehike-vienvietigs-paklajs-ar-spilvenu\/"]}]},{"@type":"ImageObject","inLanguage":"ru-RU","@id":"https:\/\/gohike.lv\/ru\/produkts\/naturehike-vienvietigs-paklajs-ar-spilvenu\/#primaryimage","url":"https:\/\/gohike.lv\/wp-content\/uploads\/2024\/06\/bvpf48fkjr4yaboj3zqpkuyzm0wayitx.jpg","contentUrl":"https:\/\/gohike.lv\/wp-content\/uploads\/2024\/06\/bvpf48fkjr4yaboj3zqpkuyzm0wayitx.jpg","width":700,"height":700},{"@type":"BreadcrumbList","@id":"https:\/\/gohike.lv\/ru\/produkts\/naturehike-vienvietigs-paklajs-ar-spilvenu\/#breadcrumb","itemListElement":[{"@type":"ListItem","position":1,"name":"\u0413\u043b\u0430\u0432\u043d\u0430\u044f","item":"https:\/\/gohike.lv\/ru\/"},{"@type":"ListItem","position":2,"name":"\u041a\u0430\u0442\u0435\u0433\u043e\u0440\u0438\u0438 \u0442\u043e\u0432\u0430\u0440\u043e\u0432","item":"https:\/\/gohike.lv\/%d0%ba%d0%b0%d1%82%d0%b5%d0%b3%d0%be%d1%80%d0%b8%d0%b8-%d1%82%d0%be%d0%b2%d0%b0%d1%80%d0%be%d0%b2\/"},{"@type":"ListItem","position":3,"name":"Naturehike &#8211; Vienviet\u012bgs pakl\u0101js ar spilvenu"}]},{"@type":"WebSite","@id":"https:\/\/gohike.lv\/ru\/#website","url":"https:\/\/gohike.lv\/ru\/","name":"GoHike","description":"","publisher":{"@id":"https:\/\/gohike.lv\/ru\/#organization"},"potentialAction":[{"@type":"SearchAction","target":{"@type":"EntryPoint","urlTemplate":"https:\/\/gohike.lv\/ru\/?s={search_term_string}"},"query-input":{"@type":"PropertyValueSpecification","valueRequired":true,"valueName":"search_term_string"}}],"inLanguage":"ru-RU"},{"@type":"Organization","@id":"https:\/\/gohike.lv\/ru\/#organization","name":"GoHike","url":"https:\/\/gohike.lv\/ru\/","logo":{"@type":"ImageObject","inLanguage":"ru-RU","@id":"https:\/\/gohike.lv\/ru\/#\/schema\/logo\/image\/","url":"https:\/\/gohike.lv\/wp-content\/uploads\/2023\/08\/Logo_GoHike.webp","contentUrl":"https:\/\/gohike.lv\/wp-content\/uploads\/2023\/08\/Logo_GoHike.webp","width":512,"height":512,"caption":"GoHike"},"image":{"@id":"https:\/\/gohike.lv\/ru\/#\/schema\/logo\/image\/"},"sameAs":["https:\/\/www.facebook.com\/gohike.shop\/","https:\/\/www.instagram.com\/gohike.shop\/"]}]}},"jetpack_sharing_enabled":true,"_links":{"self":[{"href":"https:\/\/gohike.lv\/ru\/wp-json\/wp\/v2\/product\/54001","targetHints":{"allow":["GET"]}}],"collection":[{"href":"https:\/\/gohike.lv\/ru\/wp-json\/wp\/v2\/product"}],"about":[{"href":"https:\/\/gohike.lv\/ru\/wp-json\/wp\/v2\/types\/product"}],"version-history":[{"count":0,"href":"https:\/\/gohike.lv\/ru\/wp-json\/wp\/v2\/product\/54001\/revisions"}],"wp:featuredmedia":[{"embeddable":true,"href":"https:\/\/gohike.lv\/ru\/wp-json\/wp\/v2\/media\/55286"}],"wp:attachment":[{"href":"https:\/\/gohike.lv\/ru\/wp-json\/wp\/v2\/media?parent=54001"}],"wp:term":[{"taxonomy":"product_brand","embeddable":true,"href":"https:\/\/gohike.lv\/ru\/wp-json\/wp\/v2\/product_brand?post=54001"},{"taxonomy":"product_cat","embeddable":true,"href":"https:\/\/gohike.lv\/ru\/wp-json\/wp\/v2\/product_cat?post=54001"},{"taxonomy":"product_tag","embeddable":true,"href":"https:\/\/gohike.lv\/ru\/wp-json\/wp\/v2\/product_tag?post=54001"}],"curies":[{"name":"wp","href":"https:\/\/api.w.org\/{rel}","templated":true}]}}